{"id":7063,"date":"2013-01-22T12:48:58","date_gmt":"2013-01-22T17:48:58","guid":{"rendered":"https:\/\/ostadelahi.com\/le-opere\/pubblicazioni\/commento-del-libro-dei-re-della-verita\/"},"modified":"2023-03-19T14:23:03","modified_gmt":"2023-03-19T19:23:03","slug":"commento-del-libro-dei-re-della-verita","status":"publish","type":"page","link":"https:\/\/ostadelahi.com\/it\/le-opere\/pubblicazioni\/commento-del-libro-dei-re-della-verita\/","title":{"rendered":"Commento del Libro dei Re della Verit\u00e0"},"content":{"rendered":"<div class=\"fusion-fullwidth fullwidth-box fusion-builder-row-1 nonhundred-percent-fullwidth non-hundred-percent-height-scrolling\" style=\"--awb-border-radius-top-left:0px;--awb-border-radius-top-right:0px;--awb-border-radius-bottom-right:0px;--awb-border-radius-bottom-left:0px;\" ><div class=\"fusion-builder-row fusion-row\"><div class=\"fusion-layout-column fusion_builder_column fusion-builder-column-0 fusion_builder_column_2_3 2_3 fusion-two-third fusion-column-first\" style=\"--awb-bg-size:cover;--awb-margin-bottom:0px;width:65.3333%; margin-right: 4%;\"><div class=\"fusion-column-wrapper fusion-flex-column-wrapper-legacy\"><div class=\"fusion-text fusion-text-1\"><p>Il <i>Commento del Libro dei Re della Verit\u00e0<\/i> (Hashieh bar Haqq-ol Haqqaieq, 1967) contiene la spiegazione di alcuni termini ed espressioni presenti nel poema epico <i>Il Libro dei Re della Verit\u00e0<\/i> (Shahnameh-ye Haqqiqat), scritto da Hadj Nematollah Mokri Jeyhunabadi, il padre di Ostad Elahi, nel 1919.<i> Il Libro dei Re della Verit\u00e0<\/i> fu composto nell\u2019arco di quaranta giorni: Ostad Elahi racconta come suo padre camminasse avanti e indietro per la stanza dettando i quindicimila versi che costituiscono il poema, mentre lui stesso li trascriveva rapidamente.<\/p>\n<p>Il <i>Libro dei Re della Verit\u00e0<\/i> riporta la storia delle religioni da una prospettiva spirituale, le biografie e il rango di profeti e santi, nonch\u00e9 di figure importanti della storia dell\u2019umanit\u00e0, il tutto nella prospettiva unica di Haji Nematollah, che mette in evidenza lo scopo dell\u2019universo e il processo di perfezionamento spirituale degli esseri. L\u2019opera descrive, soprattutto attraverso il racconto del succedersi delle manifestazioni dell\u2019Essenza divina e dei Suoi rappresentanti, come questi siano venuti sulla Terra in ogni epoca con lo scopo di guidare l\u2019umanit\u00e0. Nell\u2019ultima parte dell\u2019opera, Hadj Nematollah fa cenno anche alla sua vocazione spirituale.<\/p>\n<\/div><div class=\"fusion-clearfix\"><\/div><\/div><\/div><div class=\"fusion-layout-column fusion_builder_column fusion-builder-column-1 fusion_builder_column_1_3 1_3 fusion-one-third fusion-column-last book-cover\" style=\"--awb-padding-top:20px;--awb-padding-right:20px;--awb-padding-bottom:10px;--awb-padding-left:20px;--awb-bg-size:cover;--awb-border-color:#d60000;--awb-border-top:0;--awb-border-right:0;--awb-border-bottom:0;--awb-border-left:0;--awb-border-style:solid;--awb-margin-bottom:10px;width:30.6666%;\"><div class=\"fusion-column-wrapper fusion-flex-column-wrapper-legacy\"><div class=\"fusion-image-element fusion-image-align-center in-legacy-container\" style=\"text-align:center;--awb-bottom-shadow-color:rgba(0,0,0,0.4);--awb-caption-title-size:var(--h2_typography-font-size);--awb-caption-title-transform:var(--h2_typography-text-transform);--awb-caption-title-line-height:var(--h2_typography-line-height);--awb-caption-title-letter-spacing:var(--h2_typography-letter-spacing);\"><div class=\"imageframe-align-center\"><div class=\"awb-image-frame awb-image-frame-1 fusion-image-frame-bottomshadow image-frame-shadow-1\"><span class=\" fusion-imageframe imageframe-bottomshadow imageframe-1 element-bottomshadow hover-type-none\"><img decoding=\"async\" width=\"300\" height=\"454\" title=\"hashieh-bar-haqq-ol-haqqayeq-300\" src=\"https:\/\/ostadelahi.com\/wp-content\/uploads\/Hashieh-bar-Haqq-ol-Haqqayeq-300.jpg\" alt class=\"img-responsive wp-image-4725\" srcset=\"https:\/\/ostadelahi.com\/wp-content\/uploads\/Hashieh-bar-Haqq-ol-Haqqayeq-300-200x303.jpg 200w, https:\/\/ostadelahi.com\/wp-content\/uploads\/Hashieh-bar-Haqq-ol-Haqqayeq-300.jpg 300w\" sizes=\"(max-width: 640px) 100vw, 300px\" \/><\/span><\/div><\/div><\/div><div class=\"fusion-sep-clear\"><\/div><div class=\"fusion-separator fusion-full-width-sep\" style=\"margin-left: auto;margin-right: auto;margin-top:20px;width:100%;\"><\/div><div class=\"fusion-sep-clear\"><\/div><div class=\"fusion-text fusion-text-2\"><div class=\"book-print\">\n<h5 style=\"text-align: center;\">Edizione a stampa<br \/>\n<a href=\"http:\/\/www.karoon.com\/books\/religion-spirituality\/shahnameh-haghighat-haj-ne-mat\">Karoon<\/a><\/h5>\n<\/div>\n<\/div><div class=\"fusion-sep-clear\"><\/div><div class=\"fusion-separator fusion-full-width-sep\" style=\"margin-left: auto;margin-right: auto;margin-top:20px;width:100%;\"><\/div><div class=\"fusion-sep-clear\"><\/div><div class=\"fusion-aligncenter\"><a class=\"fusion-button button-flat button-large button-lightgray fusion-button-lightgray button-1 fusion-button-default-span fusion-button-default-type book-button\" target=\"_blank\" rel=\"noopener noreferrer\" href=\"\/media\/book-downloads\/Shahnameh-Haqqiqat.pdf\"><i class=\"fa-book fas button-icon-left\" aria-hidden=\"true\"><\/i><span class=\"fusion-button-text\">Download Libro\u00a0Formato PDF \u2022 Gratuito<\/span><\/a><\/div><div class=\"fusion-clearfix\"><\/div><\/div><\/div><div class=\"fusion-layout-column fusion_builder_column fusion-builder-column-2 fusion_builder_column_1_1 1_1 fusion-one-full fusion-column-first fusion-column-last\" style=\"--awb-bg-size:cover;--awb-margin-bottom:0px;\"><div class=\"fusion-column-wrapper fusion-flex-column-wrapper-legacy\"><div class=\"fusion-text fusion-text-3\"><p>Ostad Elahi spiega e chiarisce anche\u00a0 il significato di alcuni elementi della complessa terminologia, e delle interpretazioni poetiche contenute nell\u2019opera di suo padre, comprese alcune apparenti ambiguit\u00e0 riguardanti gli eventi storici, il concetto di manifestazione divina e, in generale, i paradossi che potrebbero essere colti nel testo. Il Commento tende a dimostrare soprattutto che <i>Il Libro dei Re della Verit\u00e0<\/i> non \u00e8 una raccolta di leggende ma fa piuttosto riferimento a realt\u00e0 spirituali in forma allegorica.<\/p>\n<\/div><div class=\"fusion-sep-clear\"><\/div><div class=\"fusion-separator fusion-full-width-sep\" style=\"margin-left: auto;margin-right: auto;margin-top:40px;margin-bottom:40px;width:100%;\"><div class=\"fusion-separator-border sep-shadow\" style=\"--awb-height:20px;--awb-amount:20px;background:radial-gradient(ellipse at 50% -50% , #e0dede 0px, rgba(255, 255, 255, 0) 80%) repeat scroll 0 0 rgba(0, 0, 0, 0);background:-webkit-radial-gradient(ellipse at 50% -50% , #e0dede 0px, rgba(255, 255, 255, 0) 80%) repeat scroll 0 0 rgba(0, 0, 0, 0);background:-moz-radial-gradient(ellipse at 50% -50% , #e0dede 0px, rgba(255, 255, 255, 0) 80%) repeat scroll 0 0 rgba(0, 0, 0, 0);background:-o-radial-gradient(ellipse at 50% -50% , #e0dede 0px, rgba(255, 255, 255, 0) 80%) repeat scroll 0 0 rgba(0, 0, 0, 0);\"><\/div><\/div><div class=\"fusion-sep-clear\"><\/div><div class=\"fusion-text fusion-text-4\"><h2>Estratti<\/h2>\n<blockquote>\n<p><b>Il concetto di uguaglianza nella Creazione dal punto di vista del Creatore<\/b><\/p>\n<p>[I versi dal 1129 al 1149 del Libro dei Re della Verit\u00e0, descrivono la creazione dei diversi generi di anime, definite luminose, tenebrose ed ignee. Ostad Elahi confuta qui l\u2019interpretazione deterministica di questo passaggio:]In generale, dal punto di vista del Creatore, i diversi livelli della creazione divina assomigliano ai diversi colori (che si tratti di bianco, di nero, di verde, di rosso, di blu, di giallo, ecc.) e ognuno esiste allo stesso livello e occupa lo stesso grado. La combinazione di questi colori, tuttavia, d\u00e0 luogo alla formazione di una variet\u00e0 di disegni e dipinti colorati che avranno ognuno una loro qualit\u00e0 e un effetto specifico su chi li osserva&#8230;<\/p>\n<p>Allo stesso modo, se una medicina pu\u00f2 sembrare amara e sgradevole per un malato mentre un veleno mortale pu\u00f2 ipoteticamente apparirgli dolce, non ci si potr\u00e0 basare sul senso del gusto del malato per effettuare una diagnosi affidabile e precisa. Inoltre, se anche vi sono disparit\u00e0 nel valore delle cose, dovute ai gusti e alle convenzioni umane, (l\u2019oro, l\u2019argento, il rame, il ferro, le pietre preziose, una roccia comune, ecc.), si tratta tuttavia di valutazioni che non hanno nulla di essenziale, dal momento che tali cose sono intrinsecamente uguali dal punto di vista della loro natura e delle loro propriet\u00e0. Ecco perch\u00e9 vi sono oggetti che si possono realizzare con il ferro, il rame o la pietra, per esempio, e che non si possono fare con l\u2019oro, l\u2019argento o le gemme. Lo stesso vale per tutto il resto del creato.<\/p>\n<p>Allo stesso modo, se certi fattori \u2013\u00a0come l\u2019ereditariet\u00e0, l\u2019alimentazione, l\u2019ambiente, le pulsioni dell\u2019io imperioso, le circostanze che caratterizzano una certa epoca o un certo luogo, ecc.\u00a0\u2013 possono spingere qualcuno a commettere un atto o degli atti contrari alle prescrizioni religiose ed etiche, agli imperativi della propria coscienza, alle norme sociali o anche alle considerazioni razionali, tali atti non hanno alcun rapporto con l\u2019essenza originale della propria sostanza o natura primordiale, e non dovrebbero portare ad errate conclusioni che implicano la questione del determinismo e del libero arbitrio. In termini pi\u00f9 chiari, Dio Onnipotente, Creatore di tutte le creature, Artigiano e Signore di tutti gli esseri, non ha mai creato il male in nessuna delle sue creature, tanto che non \u00e8 possibile attribuire le azioni negative alla natura intrinseca di esse. Sulla base di tale principio, la causa di ogni atto negativo o degli atti compiuti da un \u201cagente\u201d, non andrebbe ricercata nella divina provvidenza o nell\u2019origine della creazione, ma piuttosto nei fattori sopra menzionati e nell\u2019assecondare le pulsioni dell\u2019io imperioso.<\/p>\n<p>Pertanto, se le predette anime tenebrose e ignee &#8230; agiranno in conformit\u00e0 allo scopo per il quale sono state create, non daranno mai luogo ad alcuna conseguenza negativa o indesiderabile. Infatti, come si pu\u00f2 usare uno strumento tagliente per fini leciti \u2013\u00a0per esempio, per operare l\u2019organo malato di un paziente o per rimuovere un tessuto incancrenito\u00a0\u2013 si pu\u00f2 usare quello stesso strumento per commettere intenzionalmente degli atti riprovevoli, come assassinare un essere innocente. In entrambi i casi, l\u2019azione della persona-agente non ha niente a che vedere con quella dell\u2019Artigiano Divino.<\/p>\n<p><b>La creazione degli esseri umani a partire <\/b><b>dall\u2019argilla<\/b><\/p>\n<p>[I versi che vanno dal 1533 al 1627 de Il Libro dei Re della Verit\u00e0 trattano della creazione dell\u2019uomo a partire dall\u2019\u201cargilla gialla\u201d e dall\u2019\u201cargilla nera\u201d. Ostad Elahi chiarisce questi concetti nel modo seguente]:Abbiamo spesso ricordato che l\u2019intero universo e la creazione di tutti gli esseri si basano sul principio di causalit\u00e0. Allo stesso tempo, anche la scienza ci dimostra che gli oggetti e gli esseri vengono all\u2019esistenza attraverso l\u2019interazione di due nature opposte, o di un polo negativo e di un polo positivo &#8230; Conformemente alle provvidenziali leggi della natura, gli esseri umani sono stati formati da due poli, positivo e negativo: luce e oscurit\u00e0, o in altre parole, rispettivamente \u201cargilla gialla\u201d e \u201cargilla nera\u201d. Ora, allo stesso modo in cui \u00e8 necessario il contrasto di due colori opposti (per esempio il bianco e il nero) perch\u00e9 un disegno sia visibile sulla carta, o \u00e8 necessaria l\u2019interazione di un filo metallico negativo e di uno positivo per generare elettricit\u00e0, ugualmente, finch\u00e9 l\u2019anima trasparente e sottile non si unisce al corpo denso e opaco, non vi sar\u00e0 n\u00e9 vita n\u00e9 percezione. Di conseguenza, la metafora dell\u2019\u201cargilla gialla\u201d \u00e8 simile per analogia all\u2019anima celeste immateriale che proviene dal mondo spirituale, mentre la metafora dell\u2019\u201cargilla nera\u201d \u00e8 simile per analogia all\u2019io imperioso con le sue passioni, che origina dalla materia del mondo fisico. La loro unione non soltanto genera la vita e la percezione, ma \u00e8 anche all\u2019origine delle azioni positive o negative dell\u2019umanit\u00e0.<\/p>\n<\/blockquote>\n<\/div><div class=\"fusion-clearfix\"><\/div><\/div><\/div><\/div><\/div>\n","protected":false},"excerpt":{"rendered":"","protected":false},"author":1,"featured_media":0,"parent":6997,"menu_order":3,"comment_status":"closed","ping_status":"closed","template":"side-navigation.php","meta":{"footnotes":""},"class_list":["post-7063","page","type-page","status-publish","hentry"],"yoast_head":"<!-- This site is optimized with the Yoast SEO plugin v20.3 - https:\/\/yoast.com\/wordpress\/plugins\/seo\/ -->\n<title>Commento del Libro dei Re della Verit\u00e0 - Ostad Elahi<\/title>\n<meta name=\"robots\" content=\"index, follow, max-snippet:-1, max-image-preview:large, max-video-preview:-1\" \/>\n<link rel=\"canonical\" href=\"https:\/\/ostadelahi.com\/works\/publications\/commentary-on-the-book-of-the-kings-of-truth\/\" \/>\n<meta property=\"og:locale\" content=\"it_IT\" \/>\n<meta property=\"og:type\" content=\"article\" \/>\n<meta property=\"og:title\" content=\"Commento del Libro dei Re della Verit\u00e0 - Ostad Elahi\" \/>\n<meta property=\"og:url\" content=\"https:\/\/ostadelahi.com\/works\/publications\/commentary-on-the-book-of-the-kings-of-truth\/\" \/>\n<meta property=\"og:site_name\" content=\"Ostad Elahi\" \/>\n<meta property=\"article:modified_time\" content=\"2023-03-19T19:23:03+00:00\" \/>\n<meta name=\"twitter:card\" content=\"summary_large_image\" \/>\n<meta name=\"twitter:label1\" content=\"Tempo di lettura stimato\" \/>\n\t<meta name=\"twitter:data1\" content=\"6 minuti\" \/>\n<script type=\"application\/ld+json\" class=\"yoast-schema-graph\">{\"@context\":\"https:\/\/schema.org\",\"@graph\":[{\"@type\":\"WebPage\",\"@id\":\"https:\/\/ostadelahi.com\/works\/publications\/commentary-on-the-book-of-the-kings-of-truth\/\",\"url\":\"https:\/\/ostadelahi.com\/works\/publications\/commentary-on-the-book-of-the-kings-of-truth\/\",\"name\":\"Commento del Libro dei Re della Verit\u00e0 - Ostad Elahi\",\"isPartOf\":{\"@id\":\"https:\/\/ostadelahi.com\/#website\"},\"datePublished\":\"2013-01-22T17:48:58+00:00\",\"dateModified\":\"2023-03-19T19:23:03+00:00\",\"breadcrumb\":{\"@id\":\"https:\/\/ostadelahi.com\/works\/publications\/commentary-on-the-book-of-the-kings-of-truth\/#breadcrumb\"},\"inLanguage\":\"it-IT\",\"potentialAction\":[{\"@type\":\"ReadAction\",\"target\":[\"https:\/\/ostadelahi.com\/works\/publications\/commentary-on-the-book-of-the-kings-of-truth\/\"]}]},{\"@type\":\"BreadcrumbList\",\"@id\":\"https:\/\/ostadelahi.com\/works\/publications\/commentary-on-the-book-of-the-kings-of-truth\/#breadcrumb\",\"itemListElement\":[{\"@type\":\"ListItem\",\"position\":1,\"name\":\"Home\",\"item\":\"https:\/\/ostadelahi.com\/it\/\"},{\"@type\":\"ListItem\",\"position\":2,\"name\":\"Le opere\",\"item\":\"https:\/\/ostadelahi.com\/works\/\"},{\"@type\":\"ListItem\",\"position\":3,\"name\":\"Pubblicazioni\",\"item\":\"https:\/\/ostadelahi.com\/works\/publications\/\"},{\"@type\":\"ListItem\",\"position\":4,\"name\":\"Commento del Libro dei Re della Verit\u00e0\"}]},{\"@type\":\"WebSite\",\"@id\":\"https:\/\/ostadelahi.com\/#website\",\"url\":\"https:\/\/ostadelahi.com\/\",\"name\":\"Ostad Elahi\",\"description\":\"The official website on the life, work, and music of Ostad Elahi (1895-1974).\",\"potentialAction\":[{\"@type\":\"SearchAction\",\"target\":{\"@type\":\"EntryPoint\",\"urlTemplate\":\"https:\/\/ostadelahi.com\/?s={search_term_string}\"},\"query-input\":\"required name=search_term_string\"}],\"inLanguage\":\"it-IT\"}]}<\/script>\n<!-- \/ Yoast SEO plugin. -->","yoast_head_json":{"title":"Commento del Libro dei Re della Verit\u00e0 - Ostad Elahi","robots":{"index":"index","follow":"follow","max-snippet":"max-snippet:-1","max-image-preview":"max-image-preview:large","max-video-preview":"max-video-preview:-1"},"canonical":"https:\/\/ostadelahi.com\/works\/publications\/commentary-on-the-book-of-the-kings-of-truth\/","og_locale":"it_IT","og_type":"article","og_title":"Commento del Libro dei Re della Verit\u00e0 - Ostad Elahi","og_url":"https:\/\/ostadelahi.com\/works\/publications\/commentary-on-the-book-of-the-kings-of-truth\/","og_site_name":"Ostad Elahi","article_modified_time":"2023-03-19T19:23:03+00:00","twitter_card":"summary_large_image","twitter_misc":{"Tempo di lettura stimato":"6 minuti"},"schema":{"@context":"https:\/\/schema.org","@graph":[{"@type":"WebPage","@id":"https:\/\/ostadelahi.com\/works\/publications\/commentary-on-the-book-of-the-kings-of-truth\/","url":"https:\/\/ostadelahi.com\/works\/publications\/commentary-on-the-book-of-the-kings-of-truth\/","name":"Commento del Libro dei Re della Verit\u00e0 - Ostad Elahi","isPartOf":{"@id":"https:\/\/ostadelahi.com\/#website"},"datePublished":"2013-01-22T17:48:58+00:00","dateModified":"2023-03-19T19:23:03+00:00","breadcrumb":{"@id":"https:\/\/ostadelahi.com\/works\/publications\/commentary-on-the-book-of-the-kings-of-truth\/#breadcrumb"},"inLanguage":"it-IT","potentialAction":[{"@type":"ReadAction","target":["https:\/\/ostadelahi.com\/works\/publications\/commentary-on-the-book-of-the-kings-of-truth\/"]}]},{"@type":"BreadcrumbList","@id":"https:\/\/ostadelahi.com\/works\/publications\/commentary-on-the-book-of-the-kings-of-truth\/#breadcrumb","itemListElement":[{"@type":"ListItem","position":1,"name":"Home","item":"https:\/\/ostadelahi.com\/it\/"},{"@type":"ListItem","position":2,"name":"Le opere","item":"https:\/\/ostadelahi.com\/works\/"},{"@type":"ListItem","position":3,"name":"Pubblicazioni","item":"https:\/\/ostadelahi.com\/works\/publications\/"},{"@type":"ListItem","position":4,"name":"Commento del Libro dei Re della Verit\u00e0"}]},{"@type":"WebSite","@id":"https:\/\/ostadelahi.com\/#website","url":"https:\/\/ostadelahi.com\/","name":"Ostad Elahi","description":"The official website on the life, work, and music of Ostad Elahi (1895-1974).","potentialAction":[{"@type":"SearchAction","target":{"@type":"EntryPoint","urlTemplate":"https:\/\/ostadelahi.com\/?s={search_term_string}"},"query-input":"required name=search_term_string"}],"inLanguage":"it-IT"}]}},"_links":{"self":[{"href":"https:\/\/ostadelahi.com\/it\/wp-json\/wp\/v2\/pages\/7063","targetHints":{"allow":["GET"]}}],"collection":[{"href":"https:\/\/ostadelahi.com\/it\/wp-json\/wp\/v2\/pages"}],"about":[{"href":"https:\/\/ostadelahi.com\/it\/wp-json\/wp\/v2\/types\/page"}],"author":[{"embeddable":true,"href":"https:\/\/ostadelahi.com\/it\/wp-json\/wp\/v2\/users\/1"}],"replies":[{"embeddable":true,"href":"https:\/\/ostadelahi.com\/it\/wp-json\/wp\/v2\/comments?post=7063"}],"version-history":[{"count":3,"href":"https:\/\/ostadelahi.com\/it\/wp-json\/wp\/v2\/pages\/7063\/revisions"}],"predecessor-version":[{"id":12466,"href":"https:\/\/ostadelahi.com\/it\/wp-json\/wp\/v2\/pages\/7063\/revisions\/12466"}],"up":[{"embeddable":true,"href":"https:\/\/ostadelahi.com\/it\/wp-json\/wp\/v2\/pages\/6997"}],"wp:attachment":[{"href":"https:\/\/ostadelahi.com\/it\/wp-json\/wp\/v2\/media?parent=7063"}],"curies":[{"name":"wp","href":"https:\/\/api.w.org\/{rel}","templated":true}]}}