{"id":7027,"date":"2013-01-22T12:44:30","date_gmt":"2013-01-22T17:44:30","guid":{"rendered":"https:\/\/ostadelahi.com\/le-opere\/pubblicazioni\/dimostrazione-della-verita\/"},"modified":"2023-03-19T14:16:54","modified_gmt":"2023-03-19T19:16:54","slug":"dimostrazione-della-verita","status":"publish","type":"page","link":"https:\/\/ostadelahi.com\/it\/le-opere\/pubblicazioni\/dimostrazione-della-verita\/","title":{"rendered":"Dimostrazione della Verit\u00e0"},"content":{"rendered":"<div class=\"fusion-fullwidth fullwidth-box fusion-builder-row-1 nonhundred-percent-fullwidth non-hundred-percent-height-scrolling\" style=\"--awb-border-radius-top-left:0px;--awb-border-radius-top-right:0px;--awb-border-radius-bottom-right:0px;--awb-border-radius-bottom-left:0px;\" ><div class=\"fusion-builder-row fusion-row\"><div class=\"fusion-layout-column fusion_builder_column fusion-builder-column-0 fusion_builder_column_1_1 1_1 fusion-one-full fusion-column-first fusion-column-last\" style=\"--awb-bg-size:cover;--awb-margin-bottom:0px;\"><div class=\"fusion-column-wrapper fusion-flex-column-wrapper-legacy\"><div class=\"fusion-text fusion-text-1\"><p>Le opere scritte da Ostad Elahi ad oggi pubblicate sono: <i>Dimostrazione della Verit\u00e0<\/i> (Borhan ol-Haqq, 1963), <i>Commento al Libro dei Re della Verit\u00e0<\/i> (Hashieh bar Haqq ol-Haqqayeq, 1967) e <i>Conoscenza dell\u2019anima<\/i> (Marefat ol-Ruh, 1969).<\/p>\n<p>Due volumi dei suoi insegnamenti orali, intitolati <i>Tracce<\/i> <i>di Verit\u00e0<\/i> (Asar ol-Haqq) sono stati raccolti e pubblicati grazie a suo figlio, il Prof. Bahram Elahi.<\/p>\n<h2>Dimostrazione della Verit\u00e0<\/h2>\n<\/div><div class=\"fusion-clearfix\"><\/div><\/div><\/div><div class=\"fusion-layout-column fusion_builder_column fusion-builder-column-1 fusion_builder_column_2_3 2_3 fusion-two-third fusion-column-first\" style=\"--awb-bg-size:cover;--awb-margin-bottom:0px;width:65.3333%; margin-right: 4%;\"><div class=\"fusion-column-wrapper fusion-flex-column-wrapper-legacy\"><div class=\"fusion-text fusion-text-2\"><p>Pubblicato nel 1963, <i>Dimostrazione della Verit\u00e0<\/i> rappresenta il primo trattato autorevole ed esaustivo sulla storia, le origini, le credenze, i principi, i rituali e la dottrina dell\u2019ordine mistico degli <em><span class=\"fusion-popover popover-1\" data-animation=\"1\" data-class=\"popover-1\" data-container=\"popover-1\" data-html-content=\"Letteralmente &#039;Ferventi della Verit\u00e0&#039;. Il padre di Ostad Elahi, Hadj Nematollah, fu una delle figure di spicco di questo ordine mistico e religioso.\" data-delay=\"50\" data-placement=\"top\" data-toggle=\"popover\" data-trigger=\"click\">Ahl-e Haqq<\/span><\/em>.<\/p>\n<p>Quest\u2019opera significativa costituisce non solo un punto di riferimento per i ricercatori e gli orientalisti che desiderano studiare la dottrina della comunit\u00e0 <i>Ahl-e Haqq<\/i>, ma anche una guida per i membri della stessa comunit\u00e0 <i>Ahl-e Haqq<\/i> perch\u00e9 possano comprendere correttamente la fonte e l\u2019origine del proprio ordine.<\/p>\n<p>In tal senso, la pubblicazione di quest\u2019opera \u00e8 considerata una pietra miliare nella storia degli <i>Ahl-e Haqq<\/i>, in quanto, fino ad allora, le dottrine e i principi di quest\u2019ordine non erano mai stati raccolti e codificati. Nel tempo, i principi della comunit\u00e0 <i>Ahl-e Haqq<\/i>, geograficamente dispersa fra Iraq, Siria, Turchia, Azerbaijan e Iran, hanno sub\u00ecto numerose trasformazioni, come testimoniano le diverse varianti delle pratiche rituali tradizionali e la diversit\u00e0 tra i principi fondamentali del loro credo. Queste differenze hanno portato alla separazione della comunit\u00e0 in singoli gruppi, spesso in opposizione tra loro, e ognuno di essi si considera come il gruppo dei veri seguaci, nonostante i disaccordi al loro interno. Al contempo, il carattere segreto dei loro rituali e costumi ha reso estremamente difficile qualsiasi tentativo di unificazione della dottrina.<\/p>\n<\/div><div class=\"fusion-clearfix\"><\/div><\/div><\/div><div class=\"fusion-layout-column fusion_builder_column fusion-builder-column-2 fusion_builder_column_1_3 1_3 fusion-one-third fusion-column-last book-cover\" style=\"--awb-padding-top:20px;--awb-padding-right:20px;--awb-padding-bottom:10px;--awb-padding-left:20px;--awb-bg-size:cover;--awb-border-color:#d60000;--awb-border-top:0;--awb-border-right:0;--awb-border-bottom:0;--awb-border-left:0;--awb-border-style:solid;--awb-margin-bottom:10px;width:30.6666%;\"><div class=\"fusion-column-wrapper fusion-flex-column-wrapper-legacy\"><div class=\"fusion-image-element fusion-image-align-center in-legacy-container\" style=\"text-align:center;--awb-bottom-shadow-color:rgba(0,0,0,0.4);--awb-caption-title-size:var(--h2_typography-font-size);--awb-caption-title-transform:var(--h2_typography-text-transform);--awb-caption-title-line-height:var(--h2_typography-line-height);--awb-caption-title-letter-spacing:var(--h2_typography-letter-spacing);\"><div class=\"imageframe-align-center\"><div class=\"awb-image-frame awb-image-frame-1 fusion-image-frame-bottomshadow image-frame-shadow-1\"><span class=\" fusion-imageframe imageframe-bottomshadow imageframe-1 element-bottomshadow hover-type-none\"><img decoding=\"async\" width=\"300\" height=\"467\" title=\"borhan-ol-haqq-300\" src=\"https:\/\/ostadelahi.com\/wp-content\/uploads\/Borhan-ol-Haqq-300.jpg\" alt class=\"img-responsive wp-image-4780\" srcset=\"https:\/\/ostadelahi.com\/wp-content\/uploads\/Borhan-ol-Haqq-300-200x311.jpg 200w, https:\/\/ostadelahi.com\/wp-content\/uploads\/Borhan-ol-Haqq-300.jpg 300w\" sizes=\"(max-width: 640px) 100vw, 300px\" \/><\/span><\/div><\/div><\/div><div class=\"fusion-sep-clear\"><\/div><div class=\"fusion-separator fusion-full-width-sep\" style=\"margin-left: auto;margin-right: auto;margin-top:20px;width:100%;\"><\/div><div class=\"fusion-sep-clear\"><\/div><div class=\"fusion-text fusion-text-3\"><div class=\"book-electronic\">\n<h5 style=\"text-align: center;\">Edizioni elettroniche<br \/>\n<a href=\"https:\/\/itunes.apple.com\/us\/book\/\u0628\u0631\u0647\u0627\u0646-\u0627\u0644\u062d\u0642\/id1384266718?mt=11\">Apple Books<\/a><\/h5>\n<\/div>\n<\/div><div class=\"fusion-text fusion-text-4\"><div class=\"book-print\">\n<h5 style=\"text-align: center;\">Edizione a stampa<br \/>\n<a href=\"http:\/\/www.karoon.com\/borhan-ol-haqq-ostad-elahi\">Karoon<\/a><\/h5>\n<\/div>\n<\/div><div class=\"fusion-sep-clear\"><\/div><div class=\"fusion-separator fusion-full-width-sep\" style=\"margin-left: auto;margin-right: auto;margin-top:20px;width:100%;\"><\/div><div class=\"fusion-sep-clear\"><\/div><div class=\"fusion-aligncenter\"><a class=\"fusion-button button-flat button-large button-lightgray fusion-button-lightgray button-1 fusion-button-default-span fusion-button-default-type book-button\" target=\"_blank\" rel=\"noopener noreferrer\" href=\"\/media\/book-downloads\/Borhan-ol-Haqq.pdf\"><i class=\"fa-book fas button-icon-left\" aria-hidden=\"true\"><\/i><span class=\"fusion-button-text\">Download Libro\u00a0Formato PDF\u00a0\u2022\u00a0Gratuito<\/span><\/a><\/div><div class=\"fusion-clearfix\"><\/div><\/div><\/div><div class=\"fusion-layout-column fusion_builder_column fusion-builder-column-3 fusion_builder_column_1_1 1_1 fusion-one-full fusion-column-first fusion-column-last\" style=\"--awb-bg-size:cover;--awb-margin-bottom:0px;\"><div class=\"fusion-column-wrapper fusion-flex-column-wrapper-legacy\"><div class=\"fusion-text fusion-text-5\"><p>Di fronte a queste divergenze interne alla comunit\u00e0 <i>Ahl-e Haqq<\/i>, e vista la mancanza di consapevolezza dei membri della comunit\u00e0 riguardo ai principi fondamentali e ai pilastri del loro ordine, era essenziale intraprendere uno studio rigoroso volto a chiarire i principi degli <i>Ahl-e Haqq<\/i>, tanto pi\u00f9 che le opere di alcuni ricercatori stranieri avevano accresciuto la confusione: come scrive Ostad, \u00abCi\u00f2 che [gli <i>Ahl-e Haqq<\/i>] hanno nascosto o tenuto segreto, o che non sono stati capaci di far comprendere agli altri in quanto ignoranti o analfabeti, \u00e8 stato divulgato con toni di sufficienza e in maniera umiliante da studiosi stranieri, che al contempo hanno rivolto accuse infondate\u00bb.<\/p>\n<p>Ostad Elahi ha condotto la sua ricerca sulla base di una profonda comprensione delle sacre scritture (<i>Kalam<\/i>) degli <i>Ahl-e Haqq<\/i> e delle altre religioni, in particolare dell\u2019Islam, e attraverso la conoscenza dell\u2019ermeneutica. Pertanto, nei vari capitoli del libro sono esposti in maniera dettagliata gli argomenti che riguardano le credenze degli <i>Ahl-e Haqq<\/i>, tra cui la loro cosmogonia, la spiegazione della loro terminologia, il principio della teofania, l\u2019escatologia e i diversi livelli della Verit\u00e0. In questi capitoli l\u2019autore descrive le varie tappe della religione, concentrandosi in particolare sulla sua dimensione spirituale e interiore. Nell\u2019appendice Ostad Elahi risponde ai numerosi quesiti sollevati dai lettori dopo la pubblicazione della prima edizione.<\/p>\n<p>Lo stile di <i>Dimostrazione della Verit\u00e0<\/i> \u00e8 unico e dettagliato. La stesura \u00e8 stata condotta con cura scrupolosa, sulla base di un riscontro critico e meticoloso di tutte le fonti disponibili. Inoltre, il libro offre il profilo e la catalogazione delle credenze dei diversi gruppi dell\u2019ordine <i>Ahl-e haqq<\/i>.<\/p>\n<p><i>Dimostrazione della Verit\u00e0<\/i> costituisce dunque una documentazione critica e affidabile di una tradizione, i cui fondamenti e principi nel tempo sarebbero andati gradualmente dispersi, senza un lavoro cos\u00ec scrupoloso per documentarli e preservarli accuratamente. Questo libro, inoltre, rivela aspetti pratici autentici della spiritualit\u00e0, tanto che, oltre a costituire una chiarificazione delle questioni interne [alla comunit\u00e0] <i>Ahl-e Haqq<\/i>, vi si possono trovare anche indicazioni e raccomandazioni per acquisire una corretta comprensione della pratica spirituale, basata su una spiritualit\u00e0 autentica, prescindendo da una qualsiasi particolare dottrina o ideologia nel praticarla.<\/p>\n<p>Ad oggi, <i>Dimostrazione della Verit\u00e0<\/i> \u00e8 stato ristampato numerose volte.<\/p>\n<\/div><div class=\"fusion-sep-clear\"><\/div><div class=\"fusion-separator fusion-full-width-sep\" style=\"margin-left: auto;margin-right: auto;margin-top:40px;margin-bottom:40px;width:100%;\"><div class=\"fusion-separator-border sep-shadow\" style=\"--awb-height:20px;--awb-amount:20px;background:radial-gradient(ellipse at 50% -50% , #e0dede 0px, rgba(255, 255, 255, 0) 80%) repeat scroll 0 0 rgba(0, 0, 0, 0);background:-webkit-radial-gradient(ellipse at 50% -50% , #e0dede 0px, rgba(255, 255, 255, 0) 80%) repeat scroll 0 0 rgba(0, 0, 0, 0);background:-moz-radial-gradient(ellipse at 50% -50% , #e0dede 0px, rgba(255, 255, 255, 0) 80%) repeat scroll 0 0 rgba(0, 0, 0, 0);background:-o-radial-gradient(ellipse at 50% -50% , #e0dede 0px, rgba(255, 255, 255, 0) 80%) repeat scroll 0 0 rgba(0, 0, 0, 0);\"><\/div><\/div><div class=\"fusion-sep-clear\"><\/div><div class=\"fusion-text fusion-text-6\"><h3>Estratti<\/h3>\n<blockquote>\n<p><strong>Capitolo 5<\/strong><\/p>\n<p>Il credo degli <i>Ahl-e Haqq<\/i> si fonda su quattro pilastri: la purezza, la rettitudine, l\u2019annullamento di s\u00e9 e l\u2019altruismo e abnegazione, che sono descritti come segue:<\/p>\n<ul>\n<li>La purezza, qui, \u00e8 da considerare nel senso pi\u00f9 ampio del termine e si applica a tutto ci\u00f2 che \u00e8 suscettibile di purezza. Pertanto un <i>Ahl-e Haqq<\/i> deve essere puro sia interiormente sia esteriormente. Nell\u2019aspetto esteriore, il suo corpo, gli abiti, la sua dimora, i suoi mezzi di sussistenza e il cibo e, interiormente, i suoi pensieri, le sue parole, il suo comportamento e i suoi atti devono essere tutti assolutamente puri, puliti e sinceri.<\/li>\n<li>La rettitudine, vuol dire seguire il retto cammino, ossia osservare le prescrizioni divine ed evitare ci\u00f2 che \u00e8 stato proscritto da Dio; in sintesi, la retta via \u00e8 servire Dio e guardarsi dalle menzogne e dalle trasgressioni&#8230;<\/li>\n<li>L\u2019annullamento di s\u00e9, vuol dire purificarsi da qualsiasi forma di orgoglio, arroganza, presunzione, egoismo, dalle pulsioni dell\u2019io imperioso, dall\u2019insorgere delle passioni e dai vizi morali; vuole anche dire sottomettersi completamente al destino e non cercare altro che la contentezza divina. In altre parole, vuol dire liberarsi di se stessi e annullarsi in Dio, o come affermano i mistici e i filosofi, aver completato la tappa della contentezza e aver raggiunto il livello della rassegnazione, che \u00e8 l\u2019ultima tappa del misticismo.<\/li>\n<li>L\u2019altruismo vuol dire servire, essere di aiuto e dedicare se stessi alle creature di Dio, senza alcuna aspettativa, seguendo il principio: \u00abPrendiamo su di noi la pena, per sollevare gli altri\u00bb. [Ostad Elahi ha poi elaborato un\u2019accezione pi\u00f9 specifica di questo quarto pilastro, e cio\u00e8 che uno studente spirituale deve arrivare al livello in cui diventa \u00abla personificazione della volont\u00e0 e dell\u2019azione divine\u00bb].<\/li>\n<\/ul>\n<\/blockquote>\n<\/div><div class=\"fusion-clearfix\"><\/div><\/div><\/div><\/div><\/div>\n","protected":false},"excerpt":{"rendered":"","protected":false},"author":1,"featured_media":0,"parent":6997,"menu_order":1,"comment_status":"closed","ping_status":"closed","template":"side-navigation.php","meta":{"footnotes":""},"class_list":["post-7027","page","type-page","status-publish","hentry"],"yoast_head":"<!-- This site is optimized with the Yoast SEO plugin v20.3 - https:\/\/yoast.com\/wordpress\/plugins\/seo\/ -->\n<title>Dimostrazione della Verit\u00e0 - Ostad Elahi<\/title>\n<meta name=\"robots\" content=\"index, follow, max-snippet:-1, max-image-preview:large, max-video-preview:-1\" \/>\n<link rel=\"canonical\" href=\"https:\/\/ostadelahi.com\/works\/publications\/demonstration-of-the-truth\/\" \/>\n<meta property=\"og:locale\" content=\"it_IT\" \/>\n<meta property=\"og:type\" content=\"article\" \/>\n<meta property=\"og:title\" content=\"Dimostrazione della Verit\u00e0 - Ostad Elahi\" \/>\n<meta property=\"og:url\" content=\"https:\/\/ostadelahi.com\/works\/publications\/demonstration-of-the-truth\/\" \/>\n<meta property=\"og:site_name\" content=\"Ostad Elahi\" \/>\n<meta property=\"article:modified_time\" content=\"2023-03-19T19:16:54+00:00\" \/>\n<meta name=\"twitter:card\" content=\"summary_large_image\" \/>\n<meta name=\"twitter:label1\" content=\"Tempo di lettura stimato\" \/>\n\t<meta name=\"twitter:data1\" content=\"6 minuti\" \/>\n<script type=\"application\/ld+json\" class=\"yoast-schema-graph\">{\"@context\":\"https:\/\/schema.org\",\"@graph\":[{\"@type\":\"WebPage\",\"@id\":\"https:\/\/ostadelahi.com\/works\/publications\/demonstration-of-the-truth\/\",\"url\":\"https:\/\/ostadelahi.com\/works\/publications\/demonstration-of-the-truth\/\",\"name\":\"Dimostrazione della Verit\u00e0 - Ostad Elahi\",\"isPartOf\":{\"@id\":\"https:\/\/ostadelahi.com\/#website\"},\"datePublished\":\"2013-01-22T17:44:30+00:00\",\"dateModified\":\"2023-03-19T19:16:54+00:00\",\"breadcrumb\":{\"@id\":\"https:\/\/ostadelahi.com\/works\/publications\/demonstration-of-the-truth\/#breadcrumb\"},\"inLanguage\":\"it-IT\",\"potentialAction\":[{\"@type\":\"ReadAction\",\"target\":[\"https:\/\/ostadelahi.com\/works\/publications\/demonstration-of-the-truth\/\"]}]},{\"@type\":\"BreadcrumbList\",\"@id\":\"https:\/\/ostadelahi.com\/works\/publications\/demonstration-of-the-truth\/#breadcrumb\",\"itemListElement\":[{\"@type\":\"ListItem\",\"position\":1,\"name\":\"Home\",\"item\":\"https:\/\/ostadelahi.com\/it\/\"},{\"@type\":\"ListItem\",\"position\":2,\"name\":\"Le opere\",\"item\":\"https:\/\/ostadelahi.com\/works\/\"},{\"@type\":\"ListItem\",\"position\":3,\"name\":\"Pubblicazioni\",\"item\":\"https:\/\/ostadelahi.com\/works\/publications\/\"},{\"@type\":\"ListItem\",\"position\":4,\"name\":\"Dimostrazione della Verit\u00e0\"}]},{\"@type\":\"WebSite\",\"@id\":\"https:\/\/ostadelahi.com\/#website\",\"url\":\"https:\/\/ostadelahi.com\/\",\"name\":\"Ostad Elahi\",\"description\":\"The official website on the life, work, and music of Ostad Elahi (1895-1974).\",\"potentialAction\":[{\"@type\":\"SearchAction\",\"target\":{\"@type\":\"EntryPoint\",\"urlTemplate\":\"https:\/\/ostadelahi.com\/?s={search_term_string}\"},\"query-input\":\"required name=search_term_string\"}],\"inLanguage\":\"it-IT\"}]}<\/script>\n<!-- \/ Yoast SEO plugin. -->","yoast_head_json":{"title":"Dimostrazione della Verit\u00e0 - Ostad Elahi","robots":{"index":"index","follow":"follow","max-snippet":"max-snippet:-1","max-image-preview":"max-image-preview:large","max-video-preview":"max-video-preview:-1"},"canonical":"https:\/\/ostadelahi.com\/works\/publications\/demonstration-of-the-truth\/","og_locale":"it_IT","og_type":"article","og_title":"Dimostrazione della Verit\u00e0 - Ostad Elahi","og_url":"https:\/\/ostadelahi.com\/works\/publications\/demonstration-of-the-truth\/","og_site_name":"Ostad Elahi","article_modified_time":"2023-03-19T19:16:54+00:00","twitter_card":"summary_large_image","twitter_misc":{"Tempo di lettura stimato":"6 minuti"},"schema":{"@context":"https:\/\/schema.org","@graph":[{"@type":"WebPage","@id":"https:\/\/ostadelahi.com\/works\/publications\/demonstration-of-the-truth\/","url":"https:\/\/ostadelahi.com\/works\/publications\/demonstration-of-the-truth\/","name":"Dimostrazione della Verit\u00e0 - Ostad Elahi","isPartOf":{"@id":"https:\/\/ostadelahi.com\/#website"},"datePublished":"2013-01-22T17:44:30+00:00","dateModified":"2023-03-19T19:16:54+00:00","breadcrumb":{"@id":"https:\/\/ostadelahi.com\/works\/publications\/demonstration-of-the-truth\/#breadcrumb"},"inLanguage":"it-IT","potentialAction":[{"@type":"ReadAction","target":["https:\/\/ostadelahi.com\/works\/publications\/demonstration-of-the-truth\/"]}]},{"@type":"BreadcrumbList","@id":"https:\/\/ostadelahi.com\/works\/publications\/demonstration-of-the-truth\/#breadcrumb","itemListElement":[{"@type":"ListItem","position":1,"name":"Home","item":"https:\/\/ostadelahi.com\/it\/"},{"@type":"ListItem","position":2,"name":"Le opere","item":"https:\/\/ostadelahi.com\/works\/"},{"@type":"ListItem","position":3,"name":"Pubblicazioni","item":"https:\/\/ostadelahi.com\/works\/publications\/"},{"@type":"ListItem","position":4,"name":"Dimostrazione della Verit\u00e0"}]},{"@type":"WebSite","@id":"https:\/\/ostadelahi.com\/#website","url":"https:\/\/ostadelahi.com\/","name":"Ostad Elahi","description":"The official website on the life, work, and music of Ostad Elahi (1895-1974).","potentialAction":[{"@type":"SearchAction","target":{"@type":"EntryPoint","urlTemplate":"https:\/\/ostadelahi.com\/?s={search_term_string}"},"query-input":"required name=search_term_string"}],"inLanguage":"it-IT"}]}},"_links":{"self":[{"href":"https:\/\/ostadelahi.com\/it\/wp-json\/wp\/v2\/pages\/7027","targetHints":{"allow":["GET"]}}],"collection":[{"href":"https:\/\/ostadelahi.com\/it\/wp-json\/wp\/v2\/pages"}],"about":[{"href":"https:\/\/ostadelahi.com\/it\/wp-json\/wp\/v2\/types\/page"}],"author":[{"embeddable":true,"href":"https:\/\/ostadelahi.com\/it\/wp-json\/wp\/v2\/users\/1"}],"replies":[{"embeddable":true,"href":"https:\/\/ostadelahi.com\/it\/wp-json\/wp\/v2\/comments?post=7027"}],"version-history":[{"count":2,"href":"https:\/\/ostadelahi.com\/it\/wp-json\/wp\/v2\/pages\/7027\/revisions"}],"predecessor-version":[{"id":12456,"href":"https:\/\/ostadelahi.com\/it\/wp-json\/wp\/v2\/pages\/7027\/revisions\/12456"}],"up":[{"embeddable":true,"href":"https:\/\/ostadelahi.com\/it\/wp-json\/wp\/v2\/pages\/6997"}],"wp:attachment":[{"href":"https:\/\/ostadelahi.com\/it\/wp-json\/wp\/v2\/media?parent=7027"}],"curies":[{"name":"wp","href":"https:\/\/api.w.org\/{rel}","templated":true}]}}