{"id":7019,"date":"2013-01-22T12:51:12","date_gmt":"2013-01-22T17:51:12","guid":{"rendered":"https:\/\/ostadelahi.com\/le-opere\/risorse\/bibliografia\/"},"modified":"2026-01-01T22:56:42","modified_gmt":"2026-01-02T03:56:42","slug":"bibliografia","status":"publish","type":"page","link":"https:\/\/ostadelahi.com\/it\/le-opere\/risorse\/bibliografia\/","title":{"rendered":"Bibliografia"},"content":{"rendered":"<div class=\"fusion-fullwidth fullwidth-box fusion-builder-row-1 nonhundred-percent-fullwidth non-hundred-percent-height-scrolling\" style=\"--awb-border-radius-top-left:0px;--awb-border-radius-top-right:0px;--awb-border-radius-bottom-right:0px;--awb-border-radius-bottom-left:0px;\" ><div class=\"fusion-builder-row fusion-row\"><div class=\"fusion-layout-column fusion_builder_column fusion-builder-column-0 fusion_builder_column_1_1 1_1 fusion-one-full fusion-column-first fusion-column-last\" style=\"--awb-bg-size:cover;--awb-margin-bottom:0px;\"><div class=\"fusion-column-wrapper fusion-flex-column-wrapper-legacy\"><div class=\"fusion-text fusion-text-1\"><h2>Opere di Ostad Elahi<\/h2>\n<h4>Inglese<\/h4>\n<ul>\n<li><i>Knowing the Spirit<\/i>. Traduzione e introduzione di James Winston Morris. (SUNY Press, Albany 2007) ISBN 978-0-7914-6858-6<\/li>\n<li><i>Words of Faith: Prayers of Ostad Elahi<\/i> (Robert Laffont, Parigi 1995) 978-2-911331-02-2<\/li>\n<li><i>100 Maxims of Guidance<\/i>. Introduzione di Bahram Elahi (Robert Laffont, Parigi 1995) ISBN 978-2-911331-00-8<\/li>\n<\/ul>\n<h4>Francese<\/h4>\n<ul>\n<li><em>Maximes de Guidance: Principes de sagesse universelle<\/em>. (Pocket Agora, 2015)\u00a0ISBN 978-2266227773<\/li>\n<li><i>Paroles de V\u00e9rit\u00e9<\/i>. Tradotto da Leili Anvar. (Albin Michel, 2014) ISBN 978-2-226-253910<\/li>\n<li><i>Connaissance de l\u2019\u00e2me<\/i>. Tradotto da Clara Deville. (L\u2019Harmattan, 2001) ISBN 2-7475-0452-2<\/li>\n<li><i>100 Maximes de Guidance<\/i>. (Robert Laffont, 1995) ISBN 978-2-221-08206-5<\/li>\n<li><i>Confidences: Pri\u00e8res d\u2019Ostad Elahi<\/i> (Robert Laffont, 1995) ISBN 978-2-221-08205-8<\/li>\n<\/ul>\n<h4>Italiano<\/h4>\n<ul>\n<li><em>Parole di Verit\u00e0<\/em>. Traduzione di Antonella Anedda e Daniela Attanasio (Mondadori, 2014) ISBN 978-88-918-0910-0<\/li>\n<li><em>Pensieri di Luce<\/em>. Traduzione di Mario Luzi (Mondadori, 2000) ISBN 978-88-04-44810-5<\/li>\n<\/ul>\n<h4>Persiano<\/h4>\n<ul>\n<li><i>Borhan-ol Haqq<\/i> (Persiano: <span class=\"persian\">\u0628\u0631\u0647\u0627\u0646 \u0627\u0644\u062d\u0642\u200e<\/span>) [<i>Dimostrazione di verit\u00e0<\/i>] I edizione (Tahuri, 1963)<\/li>\n<li><i>Haqq-ol Haqqayeq<\/i> (Persiano: <span class=\"persian\">\u062d\u0642 \u0627\u0644\u062d\u0642\u0627\u064a\u0642\u200e<\/span>) [<i>Commento a Shahnameh Haqqiqat <\/i>(<i>Il libro dei Re della Verit\u00e0<\/i>)] (Husseini, 1967)<\/li>\n<li><i>Ma\u2019refat-ol Ruh<\/i> (Persiano: <span class=\"persian\">\u0645\u0639\u0631\u0641\u062a \u0627\u0644\u0631\u0648\u062d\u200e<\/span>) [<i>Conoscenza dell\u2019Anima<\/i>] I edizione (Tahuri, 1968)<\/li>\n<li><i>Asar-ol Haqq<\/i> (Persiano: <span class=\"persian\">\u0622\u062b\u0627\u0631\u0627\u0644\u062d\u0642\u200e<\/span>) [<i>Tracce di Verit\u00e0<\/i>] a cura di B. Elahi. Volume 1 (Jeyhoun, 1978)<\/li>\n<li><i>Asar-ol Haqq<\/i> (Persian: <span class=\"persian\">\u0622\u062b\u0627\u0631\u0627\u0644\u062d\u0642\u200e<\/span>) [<i>Tracce di Verit\u00e0<\/i>] a cura di B. Elahi. Volume 2 (Jeyhoun, 1991)<\/li>\n<li><i>Bargozideh<\/i> (Persian: <span class=\"persian\">\u0628\u0631\u06af\u0632\u06cc\u062f\u0647\u200e<\/span>) [<i>Parole di Verit\u00e0<\/i>] a cura di Bahram Elahi. (Nashr-e Panj, 2009)<\/li>\n<\/ul>\n<\/div><div class=\"fusion-sep-clear\"><\/div><div class=\"fusion-separator fusion-full-width-sep\" style=\"margin-left: auto;margin-right: auto;margin-top:40px;margin-bottom:40px;width:100%;\"><div class=\"fusion-separator-border sep-shadow\" style=\"--awb-height:20px;--awb-amount:20px;background:radial-gradient(ellipse at 50% -50% , #e0dede 0px, rgba(255, 255, 255, 0) 80%) repeat scroll 0 0 rgba(0, 0, 0, 0);background:-webkit-radial-gradient(ellipse at 50% -50% , #e0dede 0px, rgba(255, 255, 255, 0) 80%) repeat scroll 0 0 rgba(0, 0, 0, 0);background:-moz-radial-gradient(ellipse at 50% -50% , #e0dede 0px, rgba(255, 255, 255, 0) 80%) repeat scroll 0 0 rgba(0, 0, 0, 0);background:-o-radial-gradient(ellipse at 50% -50% , #e0dede 0px, rgba(255, 255, 255, 0) 80%) repeat scroll 0 0 rgba(0, 0, 0, 0);\"><\/div><\/div><div class=\"fusion-sep-clear\"><\/div><div class=\"fusion-text fusion-text-2\"><h2>Selezione di opere sulla Vita e il Pensiero di Ostad Elahi<\/h2>\n<h4>Inglese<\/h4>\n<ul>\n<li><i>Fundamentals of the Process of Spiritual Perfection: A Practical Guide<\/i>. Di Bahram Elahi, MD. (New York: Monkfish Book Publishing Company, 2022). ISBN 978-1-948626-61-3<\/li>\n<li><i>Malak Jan Nemati: Life Isn\u2019t Short, but <\/i><i>Time Is Limited<\/i>. Di Leili Anvar. (Arpeggio Press, New York 2012). ISBN 978-0-9834320-2-9<\/li>\n<li><i>Self-knowledge and the practice of ethics: Ostad Elahi\u2019s concept of the \u201cimperious self\u201d<\/i>. During, E. (2011). \u00abAnnals of the New York Academy of Sciences\u00bb, 1234: 149-157. doi: 10.1111\/j.1749-6632.2011.06203.x<\/li>\n<li><i>Shifting Perspectives: Changing Your Outlook for Positive Results<\/i>. Di Olivier Brizevac and Emmanuel Comte, tradotto da Benjamin Ivry. (Paraview, New York 2007) ISBN 978-0-9764986-5-0<\/li>\n<li><i>Ostad Elahi on Spirituality in Everyday Life<\/i>. Di James W. Morris. (Conferenza tenuta all\u2019Universit\u00e0 della California di Santa Barbara, Dipartimento di Religione, 2 maggio 2007)<\/li>\n<li><i>Overcoming Jealousy<\/i>. Di Beatrice Guernier e Agnes Rousseau, tradotto da Benjamin Ivry. (Paraview, New York 2006) ISBN 978-0-9764986-4-3<\/li>\n<li><i>The Path of Perfection<\/i>. Di Bahram Elahi. (Paraview, New York 2005) ISBN 978-0-9764986-0-5<\/li>\n<li><i>Orientations: Islamic Thought in a World Civilization<\/i>. Di James Winston Morris. (Archetype, 2004) ISBN 978-1-901383-10-2<\/li>\n<li><i>The Spirit of Sounds: The Unique Art of Ostad <\/i><i>Elahi<\/i>. Di Jean During. (Cornwall Books, New York 2003) ISBN 978-0-8453-4884-0<\/li>\n<li><i>Medicine of the Soul: Foundations of Natural Spirituality<\/i>. Di Bahram Elahi. (Cornwall Books, New York 2001) ISBN 978-0-8453-4875-8<\/li>\n<li><i>Spirituality is a Science: Foundations of Natural Spirituality<\/i>. Di Bahram Elahi. (Cornwall Books, New York 1999) ISBN 978-0-8453-4868-0<\/li>\n<li><i>Foundations of Natural Spirituality: A Scientific Approach to the Nature of the Spiritual Self<\/i>. Di Bahram Elahi (Element Books, Dorset 1998) ISBN 978-1-86204-238-4<\/li>\n<li>\u201cSymposium on Spirituality Celebrates the Centennial of Ostad Elahi\u201d. In \u00abUNESCO News\u00bb, vol. 2, n. 6, (10 Novembre 1995)<\/li>\n<li><i>The Life and Work of Ostad <\/i><i>Elahi<\/i>. Regia di Marion Sarraut. (Un video pubblicato in occasione del Centenario della sua nascita, nel 1995)<\/li>\n<li><i>\u201cUnicity\u201d A Collection of Photographs of <\/i><i>Ostad Elahi 1895-1974<\/i>. [Volume per la Commemorazione del Centenario] (Robert Laffont, Parigi 1995) ISBN 978-2-911331-01-5<\/li>\n<li><i>The Way of Light<\/i>. Di Bahram Elahi. (Element Books, Dorset 1993) ISBN 978-1-85230-381-5<\/li>\n<\/ul>\n<h4>Francese<\/h4>\n<ul>\n<li>\n<div><i>Fondamentaux du perfectionnement spirituel: Le guide pratique<\/i>. Bahram Elahi (Paris: \u00c9ditions Dervy, 2019) ISBN 979-10-242-0544-1<\/div>\n<\/li>\n<li><em>La Voie de la Perfection: Introduction \u00e1 la pens\u00e9e d\u2019Ostad Elahi<\/em>. Bahram Elahi (Paris: Albin Michel, 2018) ISBN 978-2-226-40050-5<\/li>\n<li><i>Ostad Elahi et la Tradition: Droit, philosophie et mystique en Iran \u2013 Vol I.<\/i> Di S. Marin (\u00e9ditions Safran, Bruxelles 2011) ISBN 978-2-87457-037-7<\/li>\n<li><i>Ostad Elahi et la modernit\u00e9. Droit, philosophie et magistrature en Iran \u2013 Vol II<\/i>. Di S. Marin (\u00e9ditions Safran, Bruxelles 2011) ISBN 978-2-87457-038-4<\/li>\n<li><i>V\u00e9rit\u00e9 et jugement: Ostad Elahi, juge et philosophe iranien (1895-1974)<\/i>. Di S. Marin. Th\u00e8se de l\u2019Universit\u00e9 de Paris-X, Nanterre (2006)<\/li>\n<li><i>Ostad Elahi et les droits de l\u2019homme: Ethique et modernit\u00e9<\/i>, in <i>Le Code civil et les droits de l\u2019homme<\/i>, AA:VV: a cura di Jean-Luc Chabot, Philippe Didier, J\u00e9r\u00f4me Ferrand, (L\u2019Harmattan, Parigi 2005) pp. 418-434. ISBN 2-7475-8893-9<\/li>\n<li><i>Une philosophie du droit en Islam? Un exemple iranien<\/i>, Journ\u00e9es de la recherche en th\u00e9orie et philosophie juridiques et politiques, p. 23<\/li>\n<li><i>La Voie de la Perfection<\/i>. Di Bahram Elahi. (Albin Michel, Parigi 2002) ISBN 978-2-226-13260-4<\/li>\n<li><i>L\u2019\u00e9veil de l\u2019intelligence spirituelle et les dimensions du processus \u00e9thique selon Ostad Elahi<\/i>. Di James Winston Morris. In <i>Dieu a-t-il sa place dans la ethique?<\/i>, a cura di E. During, 86-99. (L\u2019Harmattan, Parigi 2002) ISBN 2-7475-2168-0<\/li>\n<li><i>L\u2019\u00e2me des sons<\/i>. Di Jean During. (Editions du Reli\u00e9, Gordes 2001) ISBN 978-2-909698-71-7<\/li>\n<li><i>Le r\u00f4le de la traduction et de l\u2019interpr\u00e9tation du droit en Iran dans la premi\u00e8re moiti\u00e9 du XX\u00e8me si\u00e8cle: l\u2019exemple d\u2019Ostad Elahi (1895-1974)<\/i>, Di S. Marin e F. Ameli. \u00abDroit et Cultures, Revue trimestrielle d\u2019anthropologie et d\u2019histoire\u00bb, publi\u00e9e avec le concours du CNRS, 44\/2001, pp. 183-201.<\/li>\n<li><i>M\u00e9decine de l\u2019\u00e2me<\/i>. Di Bahram Elahi. (Editions Dervy, Parigi 2000) ISBN 978-2-84454-023-2<\/li>\n<li><i>La spiritualit\u00e9 est une science<\/i>. Di Bahram Elahi. (Editions Dervy, Parigi 1997) ISBN 978-2-85076-927-6<\/li>\n<li><i>Fondements de la Spiritualit\u00e9 Naturelle<\/i>. Di Bahram Elahi. (Editions Dervy, Parigi 1996) ISBN 978-2-85076-860-6<\/li>\n<li><i>Le Spirituel: Pluralit\u00e9 et Unit\u00e9<\/i> [Atti del Simposio \u201cSpiritualit\u00e0: Pluralit\u00e0 e Unit\u00e0] (Presses de l\u2019Universit\u00e9 de Paris-Sorbonne, 1996)<\/li>\n<li><i>La Pens\u00e9e d\u2019Ostad Elahi<\/i>. In <i>Le Spirituel: pluralit\u00e9 et unit\u00e9<\/i>, Atti del Simposio (Cahiers d\u2019Anthropologie Religieuse, ed. M. Meslin, volume 5), 137-147 (Presses de l\u2019Univesit\u00e9, 1996)<\/li>\n<li><i>De l\u2019unit\u00e9 des religions et Conclusion<\/i>. Andrei Chouraqui. \u00abCahiers d\u2019Anthropologie Religieuse\u00bb, n. 5, con la supervisione del Professor Michel Meslin, University of Paris-Sorbonne Press, 1996, pp. 25-33, 187-88<\/li>\n<li><i>Ethique et droit<\/i>. F. Terre, Simposio alla Corte Suprema Francese (Settembre 1995), in \u00abCahiers d\u2019Anthropologie Religieuse\u00bb, n. 5, con la supervisione del Professor Michel Meslin, Universit\u00e0 di Parigi-Sorbonne Press, 1996, pp. 179-186.<\/li>\n<li><i>Musique Et Mystique Dans Les Traditions de L\u2019Iran<\/i>. Di Jean During. (Institut fran\u00e7ais de recherche en Iran, Parigi 1989) ISBN 978-90-6831-191-4<\/li>\n<li><i>Le Chemin de la Lumi\u00e8re<\/i>. Di Bahram Elahi. (Albin Michel, Parigi 1985) ISBN 978-2-226-02467-1<\/li>\n<\/ul>\n<h4>Tedesco<\/h4>\n<ul>\n<li><em>Malek Jan Nemati, Das Leben ist nicht kurz, nur unsere Tage sind gez\u00e4hlt<\/em>. Leili Anvar. (Ibera, Wien, 2007)\u00a0ISBN 978-3850523011<\/li>\n<li><i>Spiritualit\u00e4t ist eine Wissenschaft<\/i>. Di Bahram Elahi. (Ibera Verlag, Vienna 2001) ISBN 978-3-85052-112-3<\/li>\n<li><i>Grundlagen Nat\u00fcrlicher Spiritualit\u00e4t<\/i>. Di Bahram Elahi. (Ibera Verlag, Vienna 1999) ISBN 978-3-900436-85-8<\/li>\n<\/ul>\n<h4>Italiano<\/h4>\n<ul>\n<li><i>La Via della Perfezione.\u00a0Introduzione al pensiero di Ostad Elahi.<\/i>\u00a0Di Bahram Elahi. (Mondadori, 2020) ISBN 978-88-91829-01-6<\/li>\n<li><em>Malek Jan Ne\u2019mati: La vita non \u00e8 breve ma il nostro tempo \u00e8 limitato<\/em>. Di Leili Anvar. (Empir\u00eca, Roma 2010). ISBN 978-88-96218-09-9<\/li>\n<li><em>L\u2019anima dei suoni<\/em>. Di Jean During. (Chemins de tr@verse, 2011) ISBN 978-2-313-00297-1<\/li>\n<li><i>La Via della Perfezione<\/i>. Di Bahram Elahi. (Astrolabio Ubaldini, 2004) ISBN 978-88-340-0699-3<\/li>\n<\/ul>\n<h4>Polacco<\/h4>\n<ul>\n<li><i>Droga do doskona\u0142o\u015bci<\/i>. Di Bahram Elahi. (Nowe Wydawnictwo Polskie, Varsavia 1991) ISBN 978-83-85135-07-4<\/li>\n<\/ul>\n<h4>Greco<\/h4>\n<ul>\n<li><i>\u0389 \u1f41\u03b4\u1f78\u03c2 \u03c4\u1fc6\u03c2 \u03c4\u03b5\u03bb\u03b5\u03b9\u03cc\u03c4\u03b7\u03c4\u03b1\u03c2<\/i>. Di Bahram Elahi. (\u0395\u03ba\u03ac\u03c4\u03b7, 1994)<\/li>\n<\/ul>\n<\/div><div class=\"fusion-clearfix\"><\/div><\/div><\/div><\/div><\/div>\n","protected":false},"excerpt":{"rendered":"","protected":false},"author":1,"featured_media":0,"parent":7002,"menu_order":2,"comment_status":"closed","ping_status":"closed","template":"side-navigation.php","meta":{"footnotes":""},"class_list":["post-7019","page","type-page","status-publish","hentry"],"yoast_head":"<!-- This site is optimized with the Yoast SEO plugin v20.3 - https:\/\/yoast.com\/wordpress\/plugins\/seo\/ -->\n<title>Bibliografia - Ostad Elahi<\/title>\n<meta name=\"robots\" content=\"index, follow, max-snippet:-1, max-image-preview:large, max-video-preview:-1\" \/>\n<link rel=\"canonical\" href=\"https:\/\/ostadelahi.com\/it\/le-opere\/risorse\/bibliografia\/\" \/>\n<meta property=\"og:locale\" content=\"it_IT\" \/>\n<meta property=\"og:type\" content=\"article\" \/>\n<meta property=\"og:title\" content=\"Bibliografia - Ostad Elahi\" \/>\n<meta property=\"og:url\" content=\"https:\/\/ostadelahi.com\/it\/le-opere\/risorse\/bibliografia\/\" \/>\n<meta property=\"og:site_name\" content=\"Ostad Elahi\" \/>\n<meta property=\"article:modified_time\" content=\"2026-01-02T03:56:42+00:00\" \/>\n<meta name=\"twitter:card\" content=\"summary_large_image\" \/>\n<meta name=\"twitter:label1\" content=\"Tempo di lettura stimato\" \/>\n\t<meta name=\"twitter:data1\" content=\"6 minuti\" \/>\n<script type=\"application\/ld+json\" class=\"yoast-schema-graph\">{\"@context\":\"https:\/\/schema.org\",\"@graph\":[{\"@type\":\"WebPage\",\"@id\":\"https:\/\/ostadelahi.com\/it\/le-opere\/risorse\/bibliografia\/\",\"url\":\"https:\/\/ostadelahi.com\/it\/le-opere\/risorse\/bibliografia\/\",\"name\":\"Bibliografia - Ostad Elahi\",\"isPartOf\":{\"@id\":\"https:\/\/ostadelahi.com\/#website\"},\"datePublished\":\"2013-01-22T17:51:12+00:00\",\"dateModified\":\"2026-01-02T03:56:42+00:00\",\"breadcrumb\":{\"@id\":\"https:\/\/ostadelahi.com\/it\/le-opere\/risorse\/bibliografia\/#breadcrumb\"},\"inLanguage\":\"it-IT\",\"potentialAction\":[{\"@type\":\"ReadAction\",\"target\":[\"https:\/\/ostadelahi.com\/it\/le-opere\/risorse\/bibliografia\/\"]}]},{\"@type\":\"BreadcrumbList\",\"@id\":\"https:\/\/ostadelahi.com\/it\/le-opere\/risorse\/bibliografia\/#breadcrumb\",\"itemListElement\":[{\"@type\":\"ListItem\",\"position\":1,\"name\":\"Home\",\"item\":\"https:\/\/ostadelahi.com\/it\/\"},{\"@type\":\"ListItem\",\"position\":2,\"name\":\"Le opere\",\"item\":\"https:\/\/ostadelahi.com\/works\/\"},{\"@type\":\"ListItem\",\"position\":3,\"name\":\"Risorse\",\"item\":\"https:\/\/ostadelahi.com\/works\/resources\/\"},{\"@type\":\"ListItem\",\"position\":4,\"name\":\"Bibliografia\"}]},{\"@type\":\"WebSite\",\"@id\":\"https:\/\/ostadelahi.com\/#website\",\"url\":\"https:\/\/ostadelahi.com\/\",\"name\":\"Ostad Elahi\",\"description\":\"The official website on the life, work, and music of Ostad Elahi (1895-1974).\",\"potentialAction\":[{\"@type\":\"SearchAction\",\"target\":{\"@type\":\"EntryPoint\",\"urlTemplate\":\"https:\/\/ostadelahi.com\/?s={search_term_string}\"},\"query-input\":\"required name=search_term_string\"}],\"inLanguage\":\"it-IT\"}]}<\/script>\n<!-- \/ Yoast SEO plugin. -->","yoast_head_json":{"title":"Bibliografia - Ostad Elahi","robots":{"index":"index","follow":"follow","max-snippet":"max-snippet:-1","max-image-preview":"max-image-preview:large","max-video-preview":"max-video-preview:-1"},"canonical":"https:\/\/ostadelahi.com\/it\/le-opere\/risorse\/bibliografia\/","og_locale":"it_IT","og_type":"article","og_title":"Bibliografia - Ostad Elahi","og_url":"https:\/\/ostadelahi.com\/it\/le-opere\/risorse\/bibliografia\/","og_site_name":"Ostad Elahi","article_modified_time":"2026-01-02T03:56:42+00:00","twitter_card":"summary_large_image","twitter_misc":{"Tempo di lettura stimato":"6 minuti"},"schema":{"@context":"https:\/\/schema.org","@graph":[{"@type":"WebPage","@id":"https:\/\/ostadelahi.com\/it\/le-opere\/risorse\/bibliografia\/","url":"https:\/\/ostadelahi.com\/it\/le-opere\/risorse\/bibliografia\/","name":"Bibliografia - Ostad Elahi","isPartOf":{"@id":"https:\/\/ostadelahi.com\/#website"},"datePublished":"2013-01-22T17:51:12+00:00","dateModified":"2026-01-02T03:56:42+00:00","breadcrumb":{"@id":"https:\/\/ostadelahi.com\/it\/le-opere\/risorse\/bibliografia\/#breadcrumb"},"inLanguage":"it-IT","potentialAction":[{"@type":"ReadAction","target":["https:\/\/ostadelahi.com\/it\/le-opere\/risorse\/bibliografia\/"]}]},{"@type":"BreadcrumbList","@id":"https:\/\/ostadelahi.com\/it\/le-opere\/risorse\/bibliografia\/#breadcrumb","itemListElement":[{"@type":"ListItem","position":1,"name":"Home","item":"https:\/\/ostadelahi.com\/it\/"},{"@type":"ListItem","position":2,"name":"Le opere","item":"https:\/\/ostadelahi.com\/works\/"},{"@type":"ListItem","position":3,"name":"Risorse","item":"https:\/\/ostadelahi.com\/works\/resources\/"},{"@type":"ListItem","position":4,"name":"Bibliografia"}]},{"@type":"WebSite","@id":"https:\/\/ostadelahi.com\/#website","url":"https:\/\/ostadelahi.com\/","name":"Ostad Elahi","description":"The official website on the life, work, and music of Ostad Elahi (1895-1974).","potentialAction":[{"@type":"SearchAction","target":{"@type":"EntryPoint","urlTemplate":"https:\/\/ostadelahi.com\/?s={search_term_string}"},"query-input":"required name=search_term_string"}],"inLanguage":"it-IT"}]}},"_links":{"self":[{"href":"https:\/\/ostadelahi.com\/it\/wp-json\/wp\/v2\/pages\/7019","targetHints":{"allow":["GET"]}}],"collection":[{"href":"https:\/\/ostadelahi.com\/it\/wp-json\/wp\/v2\/pages"}],"about":[{"href":"https:\/\/ostadelahi.com\/it\/wp-json\/wp\/v2\/types\/page"}],"author":[{"embeddable":true,"href":"https:\/\/ostadelahi.com\/it\/wp-json\/wp\/v2\/users\/1"}],"replies":[{"embeddable":true,"href":"https:\/\/ostadelahi.com\/it\/wp-json\/wp\/v2\/comments?post=7019"}],"version-history":[{"count":7,"href":"https:\/\/ostadelahi.com\/it\/wp-json\/wp\/v2\/pages\/7019\/revisions"}],"predecessor-version":[{"id":17570,"href":"https:\/\/ostadelahi.com\/it\/wp-json\/wp\/v2\/pages\/7019\/revisions\/17570"}],"up":[{"embeddable":true,"href":"https:\/\/ostadelahi.com\/it\/wp-json\/wp\/v2\/pages\/7002"}],"wp:attachment":[{"href":"https:\/\/ostadelahi.com\/it\/wp-json\/wp\/v2\/media?parent=7019"}],"curies":[{"name":"wp","href":"https:\/\/api.w.org\/{rel}","templated":true}]}}