{"id":6973,"date":"2013-01-22T12:54:22","date_gmt":"2013-01-22T17:54:22","guid":{"rendered":"https:\/\/ostadelahi.com\/galleria\/massime\/"},"modified":"2018-03-30T12:33:09","modified_gmt":"2018-03-30T17:33:09","slug":"massime","status":"publish","type":"page","link":"https:\/\/ostadelahi.com\/it\/galleria\/massime\/","title":{"rendered":"Massime"},"content":{"rendered":"<div class=\"fusion-fullwidth fullwidth-box fusion-builder-row-1 hundred-percent-fullwidth non-hundred-percent-height-scrolling\" style=\"--awb-border-radius-top-left:0px;--awb-border-radius-top-right:0px;--awb-border-radius-bottom-right:0px;--awb-border-radius-bottom-left:0px;--awb-overflow:visible;\" ><div class=\"fusion-builder-row fusion-row\"><div class=\"fusion-layout-column fusion_builder_column fusion-builder-column-0 fusion_builder_column_1_1 1_1 fusion-one-full fusion-column-first fusion-column-last\" style=\"--awb-bg-size:cover;\"><div class=\"fusion-column-wrapper fusion-flex-column-wrapper-legacy\"><div class=\"fusion-text fusion-text-1\"><p>Contrariamente ai suoi testi eruditi, gli insegnamenti orali di Ostad Elahi erano sempre espressi in maniera semplice e diretta, tale da renderli accessibili a tutti. Due volumi di questi insegnamenti, trascritti e curati da suo figlio, il Prof.\u00a0Bahram Elahi, sono stati pubblicati postumi con il titolo <em>Asar ol-Haqq<\/em> (<em>Tracce di Verit\u00e0<\/em>). Rispondendo alle domande dei suoi familiari, degli amici e di visitatori di ogni ceto e professione, Ostad tratt\u00f2 gli argomenti pi\u00f9 vari, dall\u2019anelito alla trascendenza e dai diversi livelli della conoscenza di s\u00e9 al ruolo delle pratiche meditative e al processo del perfezionamento spirituale. Una breve selezione tratta da questi due volumi \u00e8 stata pubblicata di recente in Francia con il titolo <em>Paroles de V\u00e9rit\u00e9<\/em> e successivamente in Italia con il titolo <em>Parole di Verit\u00e0<\/em>. Qui di seguito, alcuni di questi detti sono stati raggruppati per argomento.<\/p>\n<\/div><div class=\"fusion-clearfix\"><\/div><\/div><\/div><div class=\"fusion-layout-column fusion_builder_column fusion-builder-column-1 fusion_builder_column_2_3 2_3 fusion-two-third fusion-column-first\" style=\"--awb-bg-size:cover;width:65.3333%; margin-right: 4%;\"><div class=\"fusion-column-wrapper fusion-flex-column-wrapper-legacy\"><div class=\"fusion-text fusion-text-2\"><h2>Sull\u2019etica<\/h2>\n<blockquote>\n<p>La chiave di volta della vita in questo mondo \u00e8 il rispetto dei diritti altrui.<\/p>\n<p>Un vero essere umano \u00e8 chi gioisce della felicit\u00e0 degli altri e condivide le loro pene.<\/p>\n<p>Laddove la naturale tendenza degli esseri umani \u00e8 pensare prima di tutto al loro interesse e tener conto dell\u2019interesse degli altri solo quando se ne presenta l\u2019occasione, un vero essere umano antepone sempre l\u2019interesse degli altri al proprio.<\/p>\n<p>Il bene deve essere compiuto per dovere e con l\u2019intenzione di cercare la soddisfazione divina. Quando volete fare del bene, non guardate la persona, ma abbiate in mente solo il vostro dovere e la soddisfazione divina. \u00c8 in queste condizioni che conserverete tutto il beneficio delle vostre buone azioni.<\/p>\n<p>Essere veramente umani e conoscere Dio significa avere tenerezza di cuore, essere compassionevoli e rattristarsi per le disgrazie altrui. Questi sono coloro il cui cuore \u00e8 illuminato da Dio. Al contrario, coloro che hanno il cuore duro e mancano di compassione sono privi di questa luce.<\/p>\n<\/blockquote>\n<\/div><div class=\"fusion-clearfix\"><\/div><\/div><\/div><div class=\"fusion-layout-column fusion_builder_column fusion-builder-column-2 fusion_builder_column_1_3 1_3 fusion-one-third fusion-column-last\" style=\"--awb-bg-size:cover;width:30.6666%;\"><div class=\"fusion-column-wrapper fusion-flex-column-wrapper-legacy\"><div class=\"fusion-image-element fusion-image-align-center in-legacy-container\" style=\"text-align:center;--awb-caption-title-size:var(--h2_typography-font-size);--awb-caption-title-transform:var(--h2_typography-text-transform);--awb-caption-title-line-height:var(--h2_typography-line-height);--awb-caption-title-letter-spacing:var(--h2_typography-letter-spacing);\"><div class=\"imageframe-align-center\"><span class=\" fusion-imageframe imageframe-none imageframe-1 hover-type-none\" style=\"border-radius:500px;\"><img decoding=\"async\" width=\"250\" height=\"250\" src=\"https:\/\/ostadelahi.com\/wp-content\/uploads\/maxims-1.jpg\" alt class=\"img-responsive wp-image-8379\" srcset=\"https:\/\/ostadelahi.com\/wp-content\/uploads\/maxims-1-200x200.jpg 200w, https:\/\/ostadelahi.com\/wp-content\/uploads\/maxims-1.jpg 250w\" sizes=\"(max-width: 640px) 100vw, 250px\" \/><\/span><\/div><\/div><div class=\"fusion-clearfix\"><\/div><\/div><\/div><div class=\"fusion-layout-column fusion_builder_column fusion-builder-column-3 fusion_builder_column_1_1 1_1 fusion-one-full fusion-column-first fusion-column-last\" style=\"--awb-bg-size:cover;\"><div class=\"fusion-column-wrapper fusion-flex-column-wrapper-legacy\"><div class=\"fusion-sep-clear\"><\/div><div class=\"fusion-separator fusion-full-width-sep\" style=\"margin-left: auto;margin-right: auto;margin-top:40px;margin-bottom:40px;width:100%;\"><div class=\"fusion-separator-border sep-shadow\" style=\"--awb-height:20px;--awb-amount:20px;background:radial-gradient(ellipse at 50% -50% , #e0dede 0px, rgba(255, 255, 255, 0) 80%) repeat scroll 0 0 rgba(0, 0, 0, 0);background:-webkit-radial-gradient(ellipse at 50% -50% , #e0dede 0px, rgba(255, 255, 255, 0) 80%) repeat scroll 0 0 rgba(0, 0, 0, 0);background:-moz-radial-gradient(ellipse at 50% -50% , #e0dede 0px, rgba(255, 255, 255, 0) 80%) repeat scroll 0 0 rgba(0, 0, 0, 0);background:-o-radial-gradient(ellipse at 50% -50% , #e0dede 0px, rgba(255, 255, 255, 0) 80%) repeat scroll 0 0 rgba(0, 0, 0, 0);\"><\/div><\/div><div class=\"fusion-sep-clear\"><\/div><div class=\"fusion-clearfix\"><\/div><\/div><\/div><div class=\"fusion-layout-column fusion_builder_column fusion-builder-column-4 fusion_builder_column_1_3 1_3 fusion-one-third fusion-column-first\" style=\"--awb-bg-size:cover;width:30.6666%; margin-right: 4%;\"><div class=\"fusion-column-wrapper fusion-flex-column-wrapper-legacy\"><div class=\"fusion-image-element fusion-image-align-center in-legacy-container\" style=\"text-align:center;--awb-caption-title-size:var(--h2_typography-font-size);--awb-caption-title-transform:var(--h2_typography-text-transform);--awb-caption-title-line-height:var(--h2_typography-line-height);--awb-caption-title-letter-spacing:var(--h2_typography-letter-spacing);\"><div class=\"imageframe-align-center\"><span class=\" fusion-imageframe imageframe-none imageframe-2 hover-type-none\" style=\"border-radius:500px;\"><img decoding=\"async\" width=\"250\" height=\"250\" src=\"https:\/\/ostadelahi.com\/wp-content\/uploads\/maxims-2.jpg\" alt class=\"img-responsive wp-image-8378\" srcset=\"https:\/\/ostadelahi.com\/wp-content\/uploads\/maxims-2-200x200.jpg 200w, https:\/\/ostadelahi.com\/wp-content\/uploads\/maxims-2.jpg 250w\" sizes=\"(max-width: 640px) 100vw, 250px\" \/><\/span><\/div><\/div><div class=\"fusion-clearfix\"><\/div><\/div><\/div><div class=\"fusion-layout-column fusion_builder_column fusion-builder-column-5 fusion_builder_column_2_3 2_3 fusion-two-third fusion-column-last\" style=\"--awb-bg-size:cover;width:65.3333%;\"><div class=\"fusion-column-wrapper fusion-flex-column-wrapper-legacy\"><div class=\"fusion-text fusion-text-3\"><h2>Sulla Conoscenza di S\u00e9<\/h2>\n<blockquote>\n<p>Ogni persona che voglia intraprendere la via della Perfezione deve prima di tutto orientare la propria intenzione. Se la sua intenzione \u00e8 la soddisfazione divina e la Sua prossimit\u00e0, arriver\u00e0 al Fine. Altrimenti mancher\u00e0 l\u2019essenziale.<\/p>\n<p>La Verit\u00e0 consiste nel sapere chi siamo, da dove veniamo, quali siano i nostri doveri qui sulla terra e dove sia la nostra destinazione finale. Per raggiungere la Verit\u00e0, bisogna fare di queste domande l\u2019oggetto della propria ricerca, e provare a comprenderle attraverso la pratica.<\/p>\n<p>La chiave dell\u2019enigma della conoscenza di s\u00e9 \u00e8 penetrare in se stessi, vale a dire cercare Dio dentro di s\u00e9. La disposizione alla conoscenza di s\u00e9 esiste in ogni uomo, ma prima occorre imparare come attivarla.<\/p>\n<p>L\u2019uomo, finch\u00e9 non si conosce, non pu\u00f2 conoscere Dio. Il primo passo da compiere nella conoscenza di s\u00e9 \u00e8 la lotta contro l\u2019egoismo e l\u2019egocentrismo.<\/p>\n<p>La chiave che apre tutte le porte spirituali \u00e8 la \u201cvolont\u00e0\u201d. Quando, attraverso la forza di volont\u00e0, l\u2019uomo padroneggia il suo ego, pu\u00f2 entrare in comunicazione con il mondo spirituale.<\/p>\n<\/blockquote>\n<\/div><div class=\"fusion-clearfix\"><\/div><\/div><\/div><div class=\"fusion-layout-column fusion_builder_column fusion-builder-column-6 fusion_builder_column_1_1 1_1 fusion-one-full fusion-column-first fusion-column-last\" style=\"--awb-bg-size:cover;\"><div class=\"fusion-column-wrapper fusion-flex-column-wrapper-legacy\"><div class=\"fusion-sep-clear\"><\/div><div class=\"fusion-separator fusion-full-width-sep\" style=\"margin-left: auto;margin-right: auto;margin-top:40px;margin-bottom:40px;width:100%;\"><div class=\"fusion-separator-border sep-shadow\" style=\"--awb-height:20px;--awb-amount:20px;background:radial-gradient(ellipse at 50% -50% , #e0dede 0px, rgba(255, 255, 255, 0) 80%) repeat scroll 0 0 rgba(0, 0, 0, 0);background:-webkit-radial-gradient(ellipse at 50% -50% , #e0dede 0px, rgba(255, 255, 255, 0) 80%) repeat scroll 0 0 rgba(0, 0, 0, 0);background:-moz-radial-gradient(ellipse at 50% -50% , #e0dede 0px, rgba(255, 255, 255, 0) 80%) repeat scroll 0 0 rgba(0, 0, 0, 0);background:-o-radial-gradient(ellipse at 50% -50% , #e0dede 0px, rgba(255, 255, 255, 0) 80%) repeat scroll 0 0 rgba(0, 0, 0, 0);\"><\/div><\/div><div class=\"fusion-sep-clear\"><\/div><div class=\"fusion-clearfix\"><\/div><\/div><\/div><div class=\"fusion-layout-column fusion_builder_column fusion-builder-column-7 fusion_builder_column_2_3 2_3 fusion-two-third fusion-column-first\" style=\"--awb-bg-size:cover;width:65.3333%; margin-right: 4%;\"><div class=\"fusion-column-wrapper fusion-flex-column-wrapper-legacy\"><div class=\"fusion-text fusion-text-4\"><h2>Sulla vita in societ\u00e0<\/h2>\n<blockquote>\n<p>La mia Scuola \u00e8 come una nuova medicina [dell\u2019anima] che ho messo a punto dopo numerosi anni di ascesi, di esperienze e di ricerche. Di fatto, si tratta di esperienze che ho vissuto personalmente.<\/p>\n<p>Finch\u00e9 non sono entrato nella pubblica amministrazione, non ho realizzato che i dodici anni passati in ascesi e meditazioni rispettando le regole equivalevano ad un solo anno di lavoro in ufficio. La mia professione, e le situazioni delicate in cui mi sono trovato, mi hanno messo di fronte a ogni sorta di tentazioni, ma non ho fallito, ed \u00e8 per questo che ciascuno di quegli anni ha avuto lo stesso valore dei miei dodici anni di ascesi.<\/p>\n<p>Questa Via\u2026 non \u00e8 la via delle parole, \u00e8 la via dell\u2019azione e vi si progredisce unicamente attraverso l\u2019azione.<\/p>\n<p>Non bisogna allontanarsi dalla societ\u00e0 per vivere ritirati e in preghiera, come facevano i mistici del passato. Voi dovete vivere nella societ\u00e0, continuando a prestare attenzione alla Fonte.<\/p>\n<p>Non vi \u00e8 niente di meglio per un viator che avere sempre presente il proprio Fine. \u00c8 come qualcuno che voglia raggiungere una destinazione: \u00e8 meglio che non si attardi a guardare le vetrine dei negozi e che non si lasci prendere da altre distrazioni ma che vada avanti a grandi passi verso la sua meta.<\/p>\n<\/blockquote>\n<\/div><div class=\"fusion-clearfix\"><\/div><\/div><\/div><div class=\"fusion-layout-column fusion_builder_column fusion-builder-column-8 fusion_builder_column_1_3 1_3 fusion-one-third fusion-column-last\" style=\"--awb-bg-size:cover;width:30.6666%;\"><div class=\"fusion-column-wrapper fusion-flex-column-wrapper-legacy\"><div class=\"fusion-image-element fusion-image-align-center in-legacy-container\" style=\"text-align:center;--awb-caption-title-size:var(--h2_typography-font-size);--awb-caption-title-transform:var(--h2_typography-text-transform);--awb-caption-title-line-height:var(--h2_typography-line-height);--awb-caption-title-letter-spacing:var(--h2_typography-letter-spacing);\"><div class=\"imageframe-align-center\"><span class=\" fusion-imageframe imageframe-none imageframe-3 hover-type-none\" style=\"border-radius:500px;\"><img decoding=\"async\" width=\"250\" height=\"250\" src=\"https:\/\/ostadelahi.com\/wp-content\/uploads\/maxims-3.jpg\" alt class=\"img-responsive wp-image-8377\" srcset=\"https:\/\/ostadelahi.com\/wp-content\/uploads\/maxims-3-200x200.jpg 200w, https:\/\/ostadelahi.com\/wp-content\/uploads\/maxims-3.jpg 250w\" sizes=\"(max-width: 640px) 100vw, 250px\" \/><\/span><\/div><\/div><div class=\"fusion-clearfix\"><\/div><\/div><\/div><div class=\"fusion-layout-column fusion_builder_column fusion-builder-column-9 fusion_builder_column_1_1 1_1 fusion-one-full fusion-column-first fusion-column-last\" style=\"--awb-bg-size:cover;\"><div class=\"fusion-column-wrapper fusion-flex-column-wrapper-legacy\"><div class=\"fusion-sep-clear\"><\/div><div class=\"fusion-separator fusion-full-width-sep\" style=\"margin-left: auto;margin-right: auto;margin-top:40px;margin-bottom:40px;width:100%;\"><div class=\"fusion-separator-border sep-shadow\" style=\"--awb-height:20px;--awb-amount:20px;background:radial-gradient(ellipse at 50% -50% , #e0dede 0px, rgba(255, 255, 255, 0) 80%) repeat scroll 0 0 rgba(0, 0, 0, 0);background:-webkit-radial-gradient(ellipse at 50% -50% , #e0dede 0px, rgba(255, 255, 255, 0) 80%) repeat scroll 0 0 rgba(0, 0, 0, 0);background:-moz-radial-gradient(ellipse at 50% -50% , #e0dede 0px, rgba(255, 255, 255, 0) 80%) repeat scroll 0 0 rgba(0, 0, 0, 0);background:-o-radial-gradient(ellipse at 50% -50% , #e0dede 0px, rgba(255, 255, 255, 0) 80%) repeat scroll 0 0 rgba(0, 0, 0, 0);\"><\/div><\/div><div class=\"fusion-sep-clear\"><\/div><div class=\"fusion-clearfix\"><\/div><\/div><\/div><div class=\"fusion-layout-column fusion_builder_column fusion-builder-column-10 fusion_builder_column_1_3 1_3 fusion-one-third fusion-column-first\" style=\"--awb-bg-size:cover;width:30.6666%; margin-right: 4%;\"><div class=\"fusion-column-wrapper fusion-flex-column-wrapper-legacy\"><div class=\"fusion-image-element fusion-image-align-center in-legacy-container\" style=\"text-align:center;--awb-caption-title-size:var(--h2_typography-font-size);--awb-caption-title-transform:var(--h2_typography-text-transform);--awb-caption-title-line-height:var(--h2_typography-line-height);--awb-caption-title-letter-spacing:var(--h2_typography-letter-spacing);\"><div class=\"imageframe-align-center\"><span class=\" fusion-imageframe imageframe-none imageframe-4 hover-type-none\" style=\"border-radius:500px;\"><img decoding=\"async\" width=\"250\" height=\"250\" src=\"https:\/\/ostadelahi.com\/wp-content\/uploads\/maxims-4.jpg\" alt class=\"img-responsive wp-image-8376\" srcset=\"https:\/\/ostadelahi.com\/wp-content\/uploads\/maxims-4-200x200.jpg 200w, https:\/\/ostadelahi.com\/wp-content\/uploads\/maxims-4.jpg 250w\" sizes=\"(max-width: 640px) 100vw, 250px\" \/><\/span><\/div><\/div><div class=\"fusion-clearfix\"><\/div><\/div><\/div><div class=\"fusion-layout-column fusion_builder_column fusion-builder-column-11 fusion_builder_column_2_3 2_3 fusion-two-third fusion-column-last\" style=\"--awb-bg-size:cover;width:65.3333%;\"><div class=\"fusion-column-wrapper fusion-flex-column-wrapper-legacy\"><div class=\"fusion-text fusion-text-5\"><h2>Sulla religione e la preghiera<\/h2>\n<blockquote>\n<p>Religione significa conoscere Dio e agire come vuole Lui. E ci\u00f2 che Egli ci richiede, ha lo scopo di assicurare la pace e il benessere per tutti.<\/p>\n<p>\u00c8 nei loro accessori che le religioni differiscono le une dalle altre, altrimenti, per ci\u00f2 che concerne i principi fondamentali e il Fine, non sono che una.<\/p>\n<p>Qualunque sia la nostra religione, ci\u00f2 che ci si aspetta da noi \u00e8 di essere veramente umani, vale a dire avere un fondo di bont\u00e0, integrit\u00e0 morale e una buona intenzione.<\/p>\n<p>Dio tiene conto del cuore, non della lingua. Potete parlare qualsiasi lingua, potete perfino non dire niente, Egli guarda solo il cuore.<\/p>\n<p>Dio accetta tutte le preghiere intime e individuali, qualunque sia il momento, il luogo, la situazione, la forma\u2026 a condizione che l\u2019attenzione sia rivolta verso la Fonte.<\/p>\n<\/blockquote>\n<\/div><div class=\"fusion-clearfix\"><\/div><\/div><\/div><\/div><\/div>\n","protected":false},"excerpt":{"rendered":"","protected":false},"author":1,"featured_media":0,"parent":6818,"menu_order":3,"comment_status":"closed","ping_status":"closed","template":"side-navigation.php","meta":{"footnotes":""},"class_list":["post-6973","page","type-page","status-publish","hentry"],"yoast_head":"<!-- This site is optimized with the Yoast SEO plugin v20.3 - https:\/\/yoast.com\/wordpress\/plugins\/seo\/ -->\n<title>Massime - Ostad Elahi<\/title>\n<meta name=\"robots\" content=\"index, follow, max-snippet:-1, max-image-preview:large, max-video-preview:-1\" \/>\n<link rel=\"canonical\" href=\"https:\/\/ostadelahi.com\/gallery\/maxims\/\" \/>\n<meta property=\"og:locale\" content=\"it_IT\" \/>\n<meta property=\"og:type\" content=\"article\" \/>\n<meta property=\"og:title\" content=\"Massime - Ostad Elahi\" \/>\n<meta property=\"og:url\" content=\"https:\/\/ostadelahi.com\/gallery\/maxims\/\" \/>\n<meta property=\"og:site_name\" content=\"Ostad Elahi\" \/>\n<meta property=\"article:modified_time\" content=\"2018-03-30T17:33:09+00:00\" \/>\n<meta name=\"twitter:card\" content=\"summary_large_image\" \/>\n<meta name=\"twitter:label1\" content=\"Tempo di lettura stimato\" \/>\n\t<meta name=\"twitter:data1\" content=\"10 minuti\" \/>\n<script type=\"application\/ld+json\" class=\"yoast-schema-graph\">{\"@context\":\"https:\/\/schema.org\",\"@graph\":[{\"@type\":\"WebPage\",\"@id\":\"https:\/\/ostadelahi.com\/gallery\/maxims\/\",\"url\":\"https:\/\/ostadelahi.com\/gallery\/maxims\/\",\"name\":\"Massime - Ostad Elahi\",\"isPartOf\":{\"@id\":\"https:\/\/ostadelahi.com\/#website\"},\"datePublished\":\"2013-01-22T17:54:22+00:00\",\"dateModified\":\"2018-03-30T17:33:09+00:00\",\"breadcrumb\":{\"@id\":\"https:\/\/ostadelahi.com\/gallery\/maxims\/#breadcrumb\"},\"inLanguage\":\"it-IT\",\"potentialAction\":[{\"@type\":\"ReadAction\",\"target\":[\"https:\/\/ostadelahi.com\/gallery\/maxims\/\"]}]},{\"@type\":\"BreadcrumbList\",\"@id\":\"https:\/\/ostadelahi.com\/gallery\/maxims\/#breadcrumb\",\"itemListElement\":[{\"@type\":\"ListItem\",\"position\":1,\"name\":\"Home\",\"item\":\"https:\/\/ostadelahi.com\/it\/\"},{\"@type\":\"ListItem\",\"position\":2,\"name\":\"Galleria\",\"item\":\"https:\/\/ostadelahi.com\/gallery\/\"},{\"@type\":\"ListItem\",\"position\":3,\"name\":\"Massime\"}]},{\"@type\":\"WebSite\",\"@id\":\"https:\/\/ostadelahi.com\/#website\",\"url\":\"https:\/\/ostadelahi.com\/\",\"name\":\"Ostad Elahi\",\"description\":\"The official website on the life, work, and music of Ostad Elahi (1895-1974).\",\"potentialAction\":[{\"@type\":\"SearchAction\",\"target\":{\"@type\":\"EntryPoint\",\"urlTemplate\":\"https:\/\/ostadelahi.com\/?s={search_term_string}\"},\"query-input\":\"required name=search_term_string\"}],\"inLanguage\":\"it-IT\"}]}<\/script>\n<!-- \/ Yoast SEO plugin. -->","yoast_head_json":{"title":"Massime - Ostad Elahi","robots":{"index":"index","follow":"follow","max-snippet":"max-snippet:-1","max-image-preview":"max-image-preview:large","max-video-preview":"max-video-preview:-1"},"canonical":"https:\/\/ostadelahi.com\/gallery\/maxims\/","og_locale":"it_IT","og_type":"article","og_title":"Massime - Ostad Elahi","og_url":"https:\/\/ostadelahi.com\/gallery\/maxims\/","og_site_name":"Ostad Elahi","article_modified_time":"2018-03-30T17:33:09+00:00","twitter_card":"summary_large_image","twitter_misc":{"Tempo di lettura stimato":"10 minuti"},"schema":{"@context":"https:\/\/schema.org","@graph":[{"@type":"WebPage","@id":"https:\/\/ostadelahi.com\/gallery\/maxims\/","url":"https:\/\/ostadelahi.com\/gallery\/maxims\/","name":"Massime - Ostad Elahi","isPartOf":{"@id":"https:\/\/ostadelahi.com\/#website"},"datePublished":"2013-01-22T17:54:22+00:00","dateModified":"2018-03-30T17:33:09+00:00","breadcrumb":{"@id":"https:\/\/ostadelahi.com\/gallery\/maxims\/#breadcrumb"},"inLanguage":"it-IT","potentialAction":[{"@type":"ReadAction","target":["https:\/\/ostadelahi.com\/gallery\/maxims\/"]}]},{"@type":"BreadcrumbList","@id":"https:\/\/ostadelahi.com\/gallery\/maxims\/#breadcrumb","itemListElement":[{"@type":"ListItem","position":1,"name":"Home","item":"https:\/\/ostadelahi.com\/it\/"},{"@type":"ListItem","position":2,"name":"Galleria","item":"https:\/\/ostadelahi.com\/gallery\/"},{"@type":"ListItem","position":3,"name":"Massime"}]},{"@type":"WebSite","@id":"https:\/\/ostadelahi.com\/#website","url":"https:\/\/ostadelahi.com\/","name":"Ostad Elahi","description":"The official website on the life, work, and music of Ostad Elahi (1895-1974).","potentialAction":[{"@type":"SearchAction","target":{"@type":"EntryPoint","urlTemplate":"https:\/\/ostadelahi.com\/?s={search_term_string}"},"query-input":"required name=search_term_string"}],"inLanguage":"it-IT"}]}},"_links":{"self":[{"href":"https:\/\/ostadelahi.com\/it\/wp-json\/wp\/v2\/pages\/6973","targetHints":{"allow":["GET"]}}],"collection":[{"href":"https:\/\/ostadelahi.com\/it\/wp-json\/wp\/v2\/pages"}],"about":[{"href":"https:\/\/ostadelahi.com\/it\/wp-json\/wp\/v2\/types\/page"}],"author":[{"embeddable":true,"href":"https:\/\/ostadelahi.com\/it\/wp-json\/wp\/v2\/users\/1"}],"replies":[{"embeddable":true,"href":"https:\/\/ostadelahi.com\/it\/wp-json\/wp\/v2\/comments?post=6973"}],"version-history":[{"count":0,"href":"https:\/\/ostadelahi.com\/it\/wp-json\/wp\/v2\/pages\/6973\/revisions"}],"up":[{"embeddable":true,"href":"https:\/\/ostadelahi.com\/it\/wp-json\/wp\/v2\/pages\/6818"}],"wp:attachment":[{"href":"https:\/\/ostadelahi.com\/it\/wp-json\/wp\/v2\/media?parent=6973"}],"curies":[{"name":"wp","href":"https:\/\/api.w.org\/{rel}","templated":true}]}}