{"id":6969,"date":"2013-01-22T12:58:28","date_gmt":"2013-01-22T17:58:28","guid":{"rendered":"https:\/\/ostadelahi.com\/la-musica\/larte-del-tanbur\/"},"modified":"2020-10-18T12:54:02","modified_gmt":"2020-10-18T17:54:02","slug":"larte-del-tanbur","status":"publish","type":"page","link":"https:\/\/ostadelahi.com\/it\/la-musica\/larte-del-tanbur\/","title":{"rendered":"L\u2019arte del tanbur"},"content":{"rendered":"<div class=\"fusion-fullwidth fullwidth-box fusion-builder-row-1 nonhundred-percent-fullwidth non-hundred-percent-height-scrolling\" style=\"--awb-border-radius-top-left:0px;--awb-border-radius-top-right:0px;--awb-border-radius-bottom-right:0px;--awb-border-radius-bottom-left:0px;\" ><div class=\"fusion-builder-row fusion-row\"><div class=\"fusion-layout-column fusion_builder_column fusion-builder-column-0 fusion_builder_column_1_1 1_1 fusion-one-full fusion-column-first fusion-column-last\" style=\"--awb-bg-size:cover;--awb-margin-bottom:0px;\"><div class=\"fusion-column-wrapper fusion-flex-column-wrapper-legacy\"><div class=\"fusion-text fusion-text-1\"><p>Il tanbur \u00e8 uno strumento antico che ha assunto varie forme e suoni, attraverso i secoli. La semplice sonorit\u00e0 di questo strumento, a volte pi\u00f9 secca, a volte pi\u00f9 dolce, ha qualcosa di immateriale, di astratto e addirittura di ascetico, che lo rende adatto per la musica spirituale. In Iran, il tanbur era tra gli strumenti che venivano suonati presso la corte sassanide. Pi\u00f9 tardi, alcuni gruppi religiosi curdi lo adottarono come strumento sacro e, da allora in poi, lo hanno usato per accompagnare i loro inni sacri e danze cerimoniali.<\/p>\n<blockquote>\n<p>Il suono del tanbur e di altri strumenti simili porta in s\u00e9 l\u2019eco delle arie celesti.<\/p>\n<p>Corde secche, legno secco, pelle secca<br \/><span class=\"indent-1\">Da dove viene questo suono che risuona dal Beneamato?<\/span><\/p>\n<p>Se l\u2019orecchio dell\u2019anima \u00e8 risvegliato, scopre nel suono di questi strumenti dei segreti che rimangono nascosti a chi cerca solo questo mondo.<\/p>\n<\/blockquote>\n<p>Ostad Elahi ha imparato a suonare il tanbur da bambino. Nel suo ambiente di origine, e in particolare nella sua famiglia, il tanbur era utilizzato per accompagnare gli inni spirituali secondo un\u2019antica tradizione. Grazie alla sua eccezionale predisposizione, durante l\u2019infanzia aveva memorizzato l\u2019intero repertorio di queste melodie e anche di quelle delle regioni circostanti. In seguito, ampli\u00f2 le possibilit\u00e0 tecniche e l\u2019estensione di questo strumento. Aggiunse, infatti, una terza corda alle due esistenti, e introdusse anche nuove tecniche nel modo di suonare, la pi\u00f9 importante delle quali\u00a0 fu l\u2019uso di tutte e cinque le dita della mano destra. Questo movimento fluido delle dita della mano destra culmin\u00f2 in una tecnica chiamata <i>shor<\/i>, che \u00e8 stata ampiamente adottata dai musicisti di oggi.<\/p>\n<p>Un altro contributo significativo di Ostad Elahi all\u2019arte del tanbur \u00e8 stato quello di aver messo insieme un repertorio di oltre un centinaio di pezzi brevi e lunghi per lo strumento. Grazie alla ricchezza del suo contenuto, alla struttura musicale e agli abbellimenti, questa raccolta non \u00e8 paragonabile alle semplici arie e ai modi che compongono il suo nucleo originario. Ostad Elahi ha utilizzato i fondamenti di base di questo repertorio vecchio e limitato, come punto di partenza per costruire le sue straordinarie improvvisazioni e composizioni.<\/p>\n<p>Queste innovazioni ridiedero vita e nobilitarono un\u2019antica tradizione musicale, tanto che il tanbur, oggi, occupa un posto speciale tra gli altri strumenti. Non sarebbe un\u2019esagerazione considerare Ostad Elahi come il vero salvatore di quest\u2019arte, perch\u00e9 \u00e8 grazie ai suoi sforzi che una vecchia tradizione musicale, trascurata per secoli, \u00e8 stata trasformata in una musica colta.<\/p>\n<p>Uno degli aspetti che suscita l\u2019ammirazione dei musicologi sono le improvvisazioni che Ostad esegue sul tanbur, che rendono la sua musica inimitabile. \u00c8 come se ognuna di esse fosse un nuovo brano in uno spazio nuovo. Ed \u00e8 per questo che il suo stile musicale pu\u00f2 essere appreso solo per trasmissione osmotica &#8211;\u00a0 secondo una definizione suggerita da Chahrokh Elahi, figlio di Ostad Elahi e unico erede della sua musica. Non si pu\u00f2, quindi, biasimare coloro che non sono riusciti a trascriverla.<\/p>\n<p>Anche se questo breve testo non permette un\u2019analisi delle dimensioni tecniche e spirituali della musica di Ostad Elahi, pu\u00f2 forse essere d\u2019aiuto mettere a fuoco un aspetto della sua musica che ha ricevuto minor attenzione: i preludi o i motivi introduttivi eseguiti all\u2019inizio di ogni brano. Nella tradizione musicale di Ostad Elahi, egli apre ogni brano con un motivo introduttivo che differisce ogni volta che \u00e8 suonato, e che dipende dall\u2019atmosfera e dallo stato spirituale del momento; quindi, non \u00e8 mai prestabilito. Questi preludi esprimono essenzialmente la condizione spirituale e lo stato d\u2019animo del momento attraverso il linguaggio musicale. Ognuno di questi motivi introduttivi \u00e8 un mistero non molto dissimile dalle lettere isolate che precedono l\u2019inizio di alcuni capitoli delle sacre scritture, come se le note mettessero in risonanza alcuni stati in una maniera sottile e misteriosa. Pertanto, la decodifica di questi preludi potrebbe avere una qualche relazione con il grado di comprensione musicale di chi ascolta.<\/p>\n<p>Per quanto riguarda gli elementi tecnici, spesso descritti in termini di potenza interpretativa, velocit\u00e0 della mano, concentrazione ecc., anch\u2019essi si manifestano nell\u2019opera musicale di Ostad Elahi in maniera eccezionale. Vi sono storie e aneddoti su Ostad Elahi, simili a leggende musicali, che sono realmente accaduti ma che potrebbero sembrare dei miti per qualcuno che li trovasse difficili da comprendere. Diversi racconti a proposito del suo tanbur riportati in <i>Tracce di Verit\u00e0<\/i> e in <i>L\u2019anima dei suoni<\/i>, forniscono ai lettori l\u2019opportunit\u00e0 di ulteriori riflessioni a tale proposito.<\/p>\n<p>Le innovative modifiche strutturali che Ostad Elahi ha apportato al tanbur hanno incontrato un tale apprezzamento da parte di altri musicisti, da essere poi universalmente adottate. Per esempio, in precedenza il tanbur aveva solo due corde: la terza, che raddoppia la corda principale, \u00e8 una delle innovazioni attribuite a Ostad Elahi. Oggi, di fatto, tutti i tanbur hanno tre corde, anche se in pochi sanno come la terza corda sia stata aggiunta all\u2019antico strumento a due corde. Infine, oltre a specificare quali fossero le dimensioni ottimali per la distribuzione e l\u2019esecuzione del suono, Ostad Elahi ha aggiunto anche i tasti e altre caratteristiche dello strumento.<\/p>\n<p>Tra le altre sue innovazioni vi \u00e8 anche l\u2019introduzione di una nuova accordatura (nota come accordatura <i>Farangi<\/i>) in cui le corde doppie sono a un intervallo di seconda rispetto alla corda pi\u00f9 bassa, conferendo un nuovo effetto al suono dello strumento e aprendo nuovi orizzonti agli interpreti. Allo stesso tempo, non va dimenticato anche l\u2019altro strumento che Ostad ha inventato, il tanbur a cinque corde, che costituisce una sintesi fra il tanbur e il setar persiano. Questo strumento offre la possibilit\u00e0 a chi suona di introdurre la musica persiana all\u2019interno della musica curda in qualsiasi momento. Dei CD di Ostad Elahi fino a oggi pubblicati, uno \u00e8 dedicato alla musica eseguita con il tanbur a cinque corde.<\/p>\n<p>Al di l\u00e0 degli aspetti artistici e tecnici della musica di Ostad Elahi, anche i suoi effetti spirituali sono stati oggetto di una recente ricerca, che ha preso in considerazione anche i resoconti di coloro che hanno ascoltato questa musica in prima persona. Il frutto di tale ricerca \u00e8 stato pubblicato dal Prof. Jean During nel volume <i>L\u2019anima dei suoni<\/i>, che \u00e8 corredato da testimonianze e da dettagliate analisi musicali. Forse ulteriori indagini come questa aiuteranno a scoprire la reale profondit\u00e0 e l\u2019impatto della musica di Ostad Elahi.<\/p>\n<\/div><div class=\"fusion-clearfix\"><\/div><\/div><\/div><\/div><\/div>\n","protected":false},"excerpt":{"rendered":"","protected":false},"author":1,"featured_media":0,"parent":6817,"menu_order":53,"comment_status":"closed","ping_status":"closed","template":"side-navigation.php","meta":{"footnotes":""},"class_list":["post-6969","page","type-page","status-publish","hentry"],"yoast_head":"<!-- This site is optimized with the Yoast SEO plugin v20.3 - https:\/\/yoast.com\/wordpress\/plugins\/seo\/ -->\n<title>L\u2019arte del tanbur - Ostad Elahi<\/title>\n<meta name=\"robots\" content=\"index, follow, max-snippet:-1, max-image-preview:large, max-video-preview:-1\" \/>\n<link rel=\"canonical\" href=\"https:\/\/ostadelahi.com\/music\/the-art-of-tanbur\/\" \/>\n<meta property=\"og:locale\" content=\"it_IT\" \/>\n<meta property=\"og:type\" content=\"article\" \/>\n<meta property=\"og:title\" content=\"L\u2019arte del tanbur - Ostad Elahi\" \/>\n<meta property=\"og:url\" content=\"https:\/\/ostadelahi.com\/music\/the-art-of-tanbur\/\" \/>\n<meta property=\"og:site_name\" content=\"Ostad Elahi\" \/>\n<meta property=\"article:modified_time\" content=\"2020-10-18T17:54:02+00:00\" \/>\n<meta name=\"twitter:card\" content=\"summary_large_image\" \/>\n<meta name=\"twitter:label1\" content=\"Tempo di lettura stimato\" \/>\n\t<meta name=\"twitter:data1\" content=\"6 minuti\" \/>\n<script type=\"application\/ld+json\" class=\"yoast-schema-graph\">{\"@context\":\"https:\/\/schema.org\",\"@graph\":[{\"@type\":\"WebPage\",\"@id\":\"https:\/\/ostadelahi.com\/music\/the-art-of-tanbur\/\",\"url\":\"https:\/\/ostadelahi.com\/music\/the-art-of-tanbur\/\",\"name\":\"L\u2019arte del tanbur - Ostad Elahi\",\"isPartOf\":{\"@id\":\"https:\/\/ostadelahi.com\/#website\"},\"datePublished\":\"2013-01-22T17:58:28+00:00\",\"dateModified\":\"2020-10-18T17:54:02+00:00\",\"breadcrumb\":{\"@id\":\"https:\/\/ostadelahi.com\/music\/the-art-of-tanbur\/#breadcrumb\"},\"inLanguage\":\"it-IT\",\"potentialAction\":[{\"@type\":\"ReadAction\",\"target\":[\"https:\/\/ostadelahi.com\/music\/the-art-of-tanbur\/\"]}]},{\"@type\":\"BreadcrumbList\",\"@id\":\"https:\/\/ostadelahi.com\/music\/the-art-of-tanbur\/#breadcrumb\",\"itemListElement\":[{\"@type\":\"ListItem\",\"position\":1,\"name\":\"Home\",\"item\":\"https:\/\/ostadelahi.com\/it\/\"},{\"@type\":\"ListItem\",\"position\":2,\"name\":\"La musica\",\"item\":\"https:\/\/ostadelahi.com\/music\/\"},{\"@type\":\"ListItem\",\"position\":3,\"name\":\"L\u2019arte del tanbur\"}]},{\"@type\":\"WebSite\",\"@id\":\"https:\/\/ostadelahi.com\/#website\",\"url\":\"https:\/\/ostadelahi.com\/\",\"name\":\"Ostad Elahi\",\"description\":\"The official website on the life, work, and music of Ostad Elahi (1895-1974).\",\"potentialAction\":[{\"@type\":\"SearchAction\",\"target\":{\"@type\":\"EntryPoint\",\"urlTemplate\":\"https:\/\/ostadelahi.com\/?s={search_term_string}\"},\"query-input\":\"required name=search_term_string\"}],\"inLanguage\":\"it-IT\"}]}<\/script>\n<!-- \/ Yoast SEO plugin. -->","yoast_head_json":{"title":"L\u2019arte del tanbur - Ostad Elahi","robots":{"index":"index","follow":"follow","max-snippet":"max-snippet:-1","max-image-preview":"max-image-preview:large","max-video-preview":"max-video-preview:-1"},"canonical":"https:\/\/ostadelahi.com\/music\/the-art-of-tanbur\/","og_locale":"it_IT","og_type":"article","og_title":"L\u2019arte del tanbur - Ostad Elahi","og_url":"https:\/\/ostadelahi.com\/music\/the-art-of-tanbur\/","og_site_name":"Ostad Elahi","article_modified_time":"2020-10-18T17:54:02+00:00","twitter_card":"summary_large_image","twitter_misc":{"Tempo di lettura stimato":"6 minuti"},"schema":{"@context":"https:\/\/schema.org","@graph":[{"@type":"WebPage","@id":"https:\/\/ostadelahi.com\/music\/the-art-of-tanbur\/","url":"https:\/\/ostadelahi.com\/music\/the-art-of-tanbur\/","name":"L\u2019arte del tanbur - Ostad Elahi","isPartOf":{"@id":"https:\/\/ostadelahi.com\/#website"},"datePublished":"2013-01-22T17:58:28+00:00","dateModified":"2020-10-18T17:54:02+00:00","breadcrumb":{"@id":"https:\/\/ostadelahi.com\/music\/the-art-of-tanbur\/#breadcrumb"},"inLanguage":"it-IT","potentialAction":[{"@type":"ReadAction","target":["https:\/\/ostadelahi.com\/music\/the-art-of-tanbur\/"]}]},{"@type":"BreadcrumbList","@id":"https:\/\/ostadelahi.com\/music\/the-art-of-tanbur\/#breadcrumb","itemListElement":[{"@type":"ListItem","position":1,"name":"Home","item":"https:\/\/ostadelahi.com\/it\/"},{"@type":"ListItem","position":2,"name":"La musica","item":"https:\/\/ostadelahi.com\/music\/"},{"@type":"ListItem","position":3,"name":"L\u2019arte del tanbur"}]},{"@type":"WebSite","@id":"https:\/\/ostadelahi.com\/#website","url":"https:\/\/ostadelahi.com\/","name":"Ostad Elahi","description":"The official website on the life, work, and music of Ostad Elahi (1895-1974).","potentialAction":[{"@type":"SearchAction","target":{"@type":"EntryPoint","urlTemplate":"https:\/\/ostadelahi.com\/?s={search_term_string}"},"query-input":"required name=search_term_string"}],"inLanguage":"it-IT"}]}},"_links":{"self":[{"href":"https:\/\/ostadelahi.com\/it\/wp-json\/wp\/v2\/pages\/6969","targetHints":{"allow":["GET"]}}],"collection":[{"href":"https:\/\/ostadelahi.com\/it\/wp-json\/wp\/v2\/pages"}],"about":[{"href":"https:\/\/ostadelahi.com\/it\/wp-json\/wp\/v2\/types\/page"}],"author":[{"embeddable":true,"href":"https:\/\/ostadelahi.com\/it\/wp-json\/wp\/v2\/users\/1"}],"replies":[{"embeddable":true,"href":"https:\/\/ostadelahi.com\/it\/wp-json\/wp\/v2\/comments?post=6969"}],"version-history":[{"count":1,"href":"https:\/\/ostadelahi.com\/it\/wp-json\/wp\/v2\/pages\/6969\/revisions"}],"predecessor-version":[{"id":10302,"href":"https:\/\/ostadelahi.com\/it\/wp-json\/wp\/v2\/pages\/6969\/revisions\/10302"}],"up":[{"embeddable":true,"href":"https:\/\/ostadelahi.com\/it\/wp-json\/wp\/v2\/pages\/6817"}],"wp:attachment":[{"href":"https:\/\/ostadelahi.com\/it\/wp-json\/wp\/v2\/media?parent=6969"}],"curies":[{"name":"wp","href":"https:\/\/api.w.org\/{rel}","templated":true}]}}