{"id":6925,"date":"2013-01-21T03:47:35","date_gmt":"2013-01-21T08:47:35","guid":{"rendered":"https:\/\/ostadelahi.com\/intervista-al-professor-bahram-elahi\/"},"modified":"2018-01-20T18:50:32","modified_gmt":"2018-01-20T23:50:32","slug":"intervista-a-bahram-elahi","status":"publish","type":"page","link":"https:\/\/ostadelahi.com\/it\/il-pensiero\/articoli-e-interviste\/intervista-a-bahram-elahi\/","title":{"rendered":"Intervista a Bahram Elahi, MD"},"content":{"rendered":"<div class=\"fusion-fullwidth fullwidth-box fusion-builder-row-1 nonhundred-percent-fullwidth non-hundred-percent-height-scrolling\" style=\"--awb-border-radius-top-left:0px;--awb-border-radius-top-right:0px;--awb-border-radius-bottom-right:0px;--awb-border-radius-bottom-left:0px;\" ><div class=\"fusion-builder-row fusion-row\"><div class=\"fusion-layout-column fusion_builder_column fusion-builder-column-0 fusion_builder_column_1_1 1_1 fusion-one-full fusion-column-first fusion-column-last\" style=\"--awb-bg-size:cover;--awb-margin-bottom:0px;\"><div class=\"fusion-column-wrapper fusion-flex-column-wrapper-legacy\"><div class=\"fusion-text fusion-text-1\"><p>Intervista al Professor Bahram Elahi, MD, figlio di Ostad Elahi, in occasione della pubblicazione del suo libro intitolato <i>Fondements de la Spiritualit\u00e9 Naturelle <\/i>(apparsa nel <i>L\u2019Etre et l\u2019esprit, <\/i>dicembre 1997).<\/p>\n<p><i>Bahram Elahi, nella sua opera <\/i>Fondements de la spiritualit\u00e9 naturelle<i>, lei descrive un approccio alla spiritualit\u00e0 rivoluzionario in rapporto al modo in cui questa \u00e8 spesso percepita al giorno d\u2019oggi. Potrebbe riassumerci che cos\u2019\u00e8 per lei la spiritualit\u00e0?<\/i><\/p>\n<p>La spiritualit\u00e0 \u00e8 la conoscenza che permette all\u2019uomo di raggiungere la propria perfezione, vale a dire, quello stato in cui \u00e8 realizzata la sua natura primordiale. In qualche modo, la si pu\u00f2 considerare una scienza sperimentale completa che ci pu\u00f2 condurre alla giusta conoscenza dei nostri diritti e dei nostri doveri, e che, a mio parere, \u00e8 la chiave di ogni autentica spiritualit\u00e0. In quest\u2019ottica, la spiritualit\u00e0 dovrebbe essere affrontata con spirito scientifico. Come in qualsiasi scienza sperimentale, si tratta quindi di imparare passo dopo passo, di comprendere, di praticare, di affrontare delle prove, di \u201cassorbire\u201d e di \u201cassimilare\u201d e, cos\u00ec, di progredire sino alla conoscenza totale del proprio \u201cs\u00e9\u201d e delle leggi che ne determinano il divenire. Beninteso questo processo non si ferma alla morte del corpo fisico, che \u00e8 solo uno strumento provvisorio, anche se del tutto necessario, per costruire le basi del nostro sviluppo.<\/p>\n<p>Se parliamo di \u201cspiritualit\u00e0 naturale\u201d, \u00e8 perch\u00e9 la spiritualit\u00e0 pu\u00f2 portare l\u2019essere umano al suo ultimo fine solo se questa \u00e8 adattata alla sua natura reale e alle sue vere necessit\u00e0 spirituali. Come il corpo, anche l\u2019anima umana ha bisogno di nutrimento. Ma, cos\u00ec come esistono dei cibi che sono nocivi per il corpo, vi sono anche dei nutrimenti spirituali che sono velenosi. Per esempio, se mettiamo in pratica un principio divino falsificato o se crediamo in un principio che non \u00e8 di origine divina, avveleniamo il nostro io metafisico. Quindi, ci\u00f2 che conta \u00e8 conoscere una spiritualit\u00e0 atta a nutrire in modo sano lo spirito degli uomini in modo tale da assicurare a quello spirito una maturazione progressiva e una crescita naturale. \u00c8 a questo bisogno che risponde la spiritualit\u00e0 naturale insegnandoci i principi divini originali adatti alla natura del nostro io reale.<\/p>\n<p>Questi principi, si riassumono in alcune regole apparentemente molto semplici che non implicano alcuna adesione ad una particolare dottrina spirituale o religiosa. Lottare contro i propri punti deboli fino ad arrivare a stabilire un equilibrio perfetto fra eccesso e difetto (la perfezione). Avere costantemente presente nello spirito il Creatore (benevolo ed educatore) e in ogni cosa volere essere in accordo con Lui. Decidere di dire e di agire bene con gli altri, il che implica il rispetto del diritto altrui. Applicare i principi fondamentali dell\u2019etica e della religione perch\u00e9 sono questi a generare l\u2019ordine e la pace nelle societ\u00e0. Stabilire un equilibrio fra la nostra vita spirituale e la nostra vita materiale, il che significa vivere in societ\u00e0 e con la societ\u00e0 facendoci noi stessi carico, con il nostro lavoro, della nostra vita materiale.<\/p>\n<p><i>In questo processo di perfezionamento, qual \u00e8 l\u2019utilit\u00e0 della fede in Dio?<\/i><\/p>\n<p>Abbiamo appena detto che la spiritualit\u00e0 ha la funzione di sviluppare armoniosamente lo spirito dell\u2019uomo perch\u00e9 possa realizzare la sua natura primordiale e arrivare alla sua perfezione.<\/p>\n<p>In questo processo, la fede, innanzitutto, \u00e8 indispensabile per darci la motivazione a svilupparci. La fede, infatti, pu\u00f2 essere definita come un\u2019attrazione verso la trascendenza, verso il divino. Di conseguenza, pi\u00f9 abbiamo fede, pi\u00f9 siamo attratti da questa trascendenza e pi\u00f9 vogliamo svilupparci. Tuttavia, essendo di origine metafisica, solo l\u2019energia metafisica che emana dal Dio vero pu\u00f2 favorire questo sviluppo. E per captare questa energia metafisica, dobbiamo praticare la meditazione naturale, vale a dire considerare in ogni istante che Dio \u00e8 presente e sforzarci in permanenza di agire conformemente alla Sua contentezza. \u00c8 la conoscenza dei principi di base e poi la loro applicazione nelle innumerevoli situazioni e nei casi complessi nei quali la vita ci mette a confronto che ci dar\u00e0, a poco a poco, l\u2019esperienza di quello che, ogni volta, accontenta Dio.<\/p>\n<p>Nella spiritualit\u00e0 la fede \u00e8 ugualmente necessaria per farci trovare l\u2019insegnamento adatto a uno sviluppo armonioso della nostra dimensione spirituale. Infatti, nonostante il Creatore si sia imposto il dovere di tendere sempre la fune della Guida sulla terra, allo stesso modo esistono delle forze tentatrici che anch\u2019esse tendono la loro fune. In che modo possiamo distinguere la vera fune dalle altre? Qua, di nuovo, solo la fede pu\u00f2 permetterci di afferrare la fune buona, quella che ci permetter\u00e0 di uscire dal \u201cbaratro\u201d nel quale ci troviamo attualmente, per condurci alla perfezione.<\/p>\n<p>Attenzione, per\u00f2, quando parliamo di fede, intendiamo una fede pura e sincera nel Dio vero \u2013 vale a dire, in Dio cos\u00ec com\u2019\u00e8 veramente e non come Lo immaginiamo noi. In effetti, se la nostra fede non \u00e8 sincera, o se abbiamo fede in un Dio falso, in realt\u00e0 perdiamo i benefici della fede.<\/p>\n<p>Gli esseri umani, per crescere e svilupparsi, hanno bisogno di ci\u00f2 che definiamo la luce e il calore divini. La luce divina corrisponde al sapere divino, vale a dire alle prescrizioni di origine divina la cui comprensione e assimilazione, tramite la loro messa in pratica nella vita quotidiana, sono indispensabili allo sviluppo dell\u2019uomo. Il calore \u00e8 l\u2019amore che proviamo per il nostro Creatore, che genera in noi la motivazione necessaria per praticare quei principi fino a nutrircene. Ora, per captare naturalmente la luce e il calore divini, nelle giuste proporzioni, ovvero n\u00e9 troppo n\u00e9 poco, \u00e8 indispensabile avere fede in Dio.<\/p>\n<p>In realt\u00e0, la fede in Dio \u00e8 indispensabile in tutte le tappe del cammino e del lavoro spirituale. Essa costituisce una solida barriera contro gli elementi patogeni che minacciano in ogni momento di attaccare l\u2019anima e di indebolirla. Essa interviene anche in modo massiccio nel processo che porta l\u2019uomo a dominare i propri punti deboli. Permette, infatti, di neutralizzare gli effetti secondari (quali, ad esempio, la creazione di complessi) generati dalla lotta contro un punto debole; inoltre \u00e8 sempre lei ad attirare l\u2019aiuto divino senza il quale \u00e8 impossibile dominare in modo duraturo un punto debole, o di cancellarlo definitivamente. Pertanto, la fede sincera nel Dio vero si presenta come il vero pilastro del perfezionamento spirituale.<\/p>\n<p><i>Lei sembra attribuire un\u2019importanza particolare alla pratica della spiritualit\u00e0 nel quotidiano. Concretamente che cosa significa?\u00a0<\/i><\/p>\n<p>Tradizionalmente la spiritualit\u00e0 \u00e8 stata spesso percepita come un\u2019attivit\u00e0 ai margini della societ\u00e0. Di fatto, al contrario, non vi \u00e8 contraddizione fra spiritualit\u00e0 e vita sociale. Se la spiritualit\u00e0 ha per scopo il perfezionamento dell\u2019anima, dov\u2019\u00e8 che si possono sviluppare meglio dentro di s\u00e9 le qualit\u00e0 positive della umanit\u00e0 se non nel confronto continuo con i propri simili, ovvero, conducendo una vita attiva nella e con la societ\u00e0? Da questo punto di vista tutto diventa spirituale e non si ha pi\u00f9 bisogno di dedicare alla spiritualit\u00e0 un luogo e un tempo particolari, a condizione che in tutte le cose e in tutti i luoghi si tenga conto del punto di vista spirituale e ci si sforzi nel quotidiano di pensare e di agire secondo i principi spirituali naturali.<\/p>\n<p>La spiritualit\u00e0 nel quotidiano vuol dire, innanzitutto, non sentirsi mai soli, non sentirsi mai abbandonati a noi stessi, avere costantemente il Creatore presente nello spirito e in ogni cosa volere essere in accordo con Lui.<\/p>\n<p>La meditazione naturale, che dovrebbe accompagnare tutti gli atti della nostra vita, crea dentro di noi una energia positiva, che ci motiva e ci mobilita. Essa sviluppa una attenzione su di noi e sugli altri, una fiducia in noi stessi e in Dio e ci procura sicurezza e serenit\u00e0 interiori. Essa amplia e approfondisce il nostro campo percettivo e a poco a poco ci porta alla comprensione dei nostri interrogativi.<\/p>\n<p>La spiritualit\u00e0 nel quotidiano \u00e8 anche sforzarsi di continuo, sia nel lavoro, che in famiglia, e comunque con chiunque, a rispettare i diritti dell\u2019altro, vale a dire volere per l\u2019altro ci\u00f2 che si vuole per s\u00e9, ma saper anche difendere i propri diritti se e quando \u00e8 necessario.<\/p>\n<p>La spiritualit\u00e0 nel quotidiano significa comprendere che il male non \u00e8 tale per creazione e che la sua esistenza dipende dalle disfunzioni degli esseri responsabili come l\u2019uomo. A partire da questo, si capisce che \u00e8 nostro dovere lottare contro il male, ma che non \u00e8 giusto guardare gli uomini nel male e volere per loro il male. \u00c8 allora che il perdono pu\u00f2 avere senso e che si imparano la tolleranza e la compassione.<\/p>\n<p>La spiritualit\u00e0 nel quotidiano in realt\u00e0 \u00e8 tutta la spiritualit\u00e0, perch\u00e9 \u00e8 nella quotidianit\u00e0 che la si pu\u00f2 praticare e assimilare, avendo una attenzione costante su se stessi, sugli altri e sul Creatore.<\/p>\n<\/div><div class=\"fusion-clearfix\"><\/div><\/div><\/div><\/div><\/div>\n","protected":false},"excerpt":{"rendered":"","protected":false},"author":1,"featured_media":0,"parent":6929,"menu_order":1,"comment_status":"open","ping_status":"closed","template":"side-navigation.php","meta":{"footnotes":""},"class_list":["post-6925","page","type-page","status-publish","hentry"],"yoast_head":"<!-- This site is optimized with the Yoast SEO plugin v20.3 - https:\/\/yoast.com\/wordpress\/plugins\/seo\/ -->\n<title>Intervista a Bahram Elahi, MD - Ostad Elahi<\/title>\n<meta name=\"robots\" content=\"index, follow, max-snippet:-1, max-image-preview:large, max-video-preview:-1\" \/>\n<link rel=\"canonical\" href=\"https:\/\/ostadelahi.com\/philosophy\/articles-interviews\/interview-with-bahram-elahi-md\/\" \/>\n<meta property=\"og:locale\" content=\"it_IT\" \/>\n<meta property=\"og:type\" content=\"article\" \/>\n<meta property=\"og:title\" content=\"Intervista a Bahram Elahi, MD - Ostad Elahi\" \/>\n<meta property=\"og:url\" content=\"https:\/\/ostadelahi.com\/philosophy\/articles-interviews\/interview-with-bahram-elahi-md\/\" \/>\n<meta property=\"og:site_name\" content=\"Ostad Elahi\" \/>\n<meta property=\"article:modified_time\" content=\"2018-01-20T23:50:32+00:00\" \/>\n<meta name=\"twitter:card\" content=\"summary_large_image\" \/>\n<meta name=\"twitter:label1\" content=\"Tempo di lettura stimato\" \/>\n\t<meta name=\"twitter:data1\" content=\"8 minuti\" \/>\n<script type=\"application\/ld+json\" class=\"yoast-schema-graph\">{\"@context\":\"https:\/\/schema.org\",\"@graph\":[{\"@type\":\"WebPage\",\"@id\":\"https:\/\/ostadelahi.com\/philosophy\/articles-interviews\/interview-with-bahram-elahi-md\/\",\"url\":\"https:\/\/ostadelahi.com\/philosophy\/articles-interviews\/interview-with-bahram-elahi-md\/\",\"name\":\"Intervista a Bahram Elahi, MD - Ostad Elahi\",\"isPartOf\":{\"@id\":\"https:\/\/ostadelahi.com\/#website\"},\"datePublished\":\"2013-01-21T08:47:35+00:00\",\"dateModified\":\"2018-01-20T23:50:32+00:00\",\"breadcrumb\":{\"@id\":\"https:\/\/ostadelahi.com\/philosophy\/articles-interviews\/interview-with-bahram-elahi-md\/#breadcrumb\"},\"inLanguage\":\"it-IT\",\"potentialAction\":[{\"@type\":\"ReadAction\",\"target\":[\"https:\/\/ostadelahi.com\/philosophy\/articles-interviews\/interview-with-bahram-elahi-md\/\"]}]},{\"@type\":\"BreadcrumbList\",\"@id\":\"https:\/\/ostadelahi.com\/philosophy\/articles-interviews\/interview-with-bahram-elahi-md\/#breadcrumb\",\"itemListElement\":[{\"@type\":\"ListItem\",\"position\":1,\"name\":\"Home\",\"item\":\"https:\/\/ostadelahi.com\/it\/\"},{\"@type\":\"ListItem\",\"position\":2,\"name\":\"Il pensiero\",\"item\":\"https:\/\/ostadelahi.com\/philosophy\/\"},{\"@type\":\"ListItem\",\"position\":3,\"name\":\"Articoli e interviste\",\"item\":\"https:\/\/ostadelahi.com\/philosophy\/articles-interviews\/\"},{\"@type\":\"ListItem\",\"position\":4,\"name\":\"Intervista a Bahram Elahi, MD\"}]},{\"@type\":\"WebSite\",\"@id\":\"https:\/\/ostadelahi.com\/#website\",\"url\":\"https:\/\/ostadelahi.com\/\",\"name\":\"Ostad Elahi\",\"description\":\"The official website on the life, work, and music of Ostad Elahi (1895-1974).\",\"potentialAction\":[{\"@type\":\"SearchAction\",\"target\":{\"@type\":\"EntryPoint\",\"urlTemplate\":\"https:\/\/ostadelahi.com\/?s={search_term_string}\"},\"query-input\":\"required name=search_term_string\"}],\"inLanguage\":\"it-IT\"}]}<\/script>\n<!-- \/ Yoast SEO plugin. -->","yoast_head_json":{"title":"Intervista a Bahram Elahi, MD - Ostad Elahi","robots":{"index":"index","follow":"follow","max-snippet":"max-snippet:-1","max-image-preview":"max-image-preview:large","max-video-preview":"max-video-preview:-1"},"canonical":"https:\/\/ostadelahi.com\/philosophy\/articles-interviews\/interview-with-bahram-elahi-md\/","og_locale":"it_IT","og_type":"article","og_title":"Intervista a Bahram Elahi, MD - Ostad Elahi","og_url":"https:\/\/ostadelahi.com\/philosophy\/articles-interviews\/interview-with-bahram-elahi-md\/","og_site_name":"Ostad Elahi","article_modified_time":"2018-01-20T23:50:32+00:00","twitter_card":"summary_large_image","twitter_misc":{"Tempo di lettura stimato":"8 minuti"},"schema":{"@context":"https:\/\/schema.org","@graph":[{"@type":"WebPage","@id":"https:\/\/ostadelahi.com\/philosophy\/articles-interviews\/interview-with-bahram-elahi-md\/","url":"https:\/\/ostadelahi.com\/philosophy\/articles-interviews\/interview-with-bahram-elahi-md\/","name":"Intervista a Bahram Elahi, MD - Ostad Elahi","isPartOf":{"@id":"https:\/\/ostadelahi.com\/#website"},"datePublished":"2013-01-21T08:47:35+00:00","dateModified":"2018-01-20T23:50:32+00:00","breadcrumb":{"@id":"https:\/\/ostadelahi.com\/philosophy\/articles-interviews\/interview-with-bahram-elahi-md\/#breadcrumb"},"inLanguage":"it-IT","potentialAction":[{"@type":"ReadAction","target":["https:\/\/ostadelahi.com\/philosophy\/articles-interviews\/interview-with-bahram-elahi-md\/"]}]},{"@type":"BreadcrumbList","@id":"https:\/\/ostadelahi.com\/philosophy\/articles-interviews\/interview-with-bahram-elahi-md\/#breadcrumb","itemListElement":[{"@type":"ListItem","position":1,"name":"Home","item":"https:\/\/ostadelahi.com\/it\/"},{"@type":"ListItem","position":2,"name":"Il pensiero","item":"https:\/\/ostadelahi.com\/philosophy\/"},{"@type":"ListItem","position":3,"name":"Articoli e interviste","item":"https:\/\/ostadelahi.com\/philosophy\/articles-interviews\/"},{"@type":"ListItem","position":4,"name":"Intervista a Bahram Elahi, MD"}]},{"@type":"WebSite","@id":"https:\/\/ostadelahi.com\/#website","url":"https:\/\/ostadelahi.com\/","name":"Ostad Elahi","description":"The official website on the life, work, and music of Ostad Elahi (1895-1974).","potentialAction":[{"@type":"SearchAction","target":{"@type":"EntryPoint","urlTemplate":"https:\/\/ostadelahi.com\/?s={search_term_string}"},"query-input":"required name=search_term_string"}],"inLanguage":"it-IT"}]}},"_links":{"self":[{"href":"https:\/\/ostadelahi.com\/it\/wp-json\/wp\/v2\/pages\/6925","targetHints":{"allow":["GET"]}}],"collection":[{"href":"https:\/\/ostadelahi.com\/it\/wp-json\/wp\/v2\/pages"}],"about":[{"href":"https:\/\/ostadelahi.com\/it\/wp-json\/wp\/v2\/types\/page"}],"author":[{"embeddable":true,"href":"https:\/\/ostadelahi.com\/it\/wp-json\/wp\/v2\/users\/1"}],"replies":[{"embeddable":true,"href":"https:\/\/ostadelahi.com\/it\/wp-json\/wp\/v2\/comments?post=6925"}],"version-history":[{"count":0,"href":"https:\/\/ostadelahi.com\/it\/wp-json\/wp\/v2\/pages\/6925\/revisions"}],"up":[{"embeddable":true,"href":"https:\/\/ostadelahi.com\/it\/wp-json\/wp\/v2\/pages\/6929"}],"wp:attachment":[{"href":"https:\/\/ostadelahi.com\/it\/wp-json\/wp\/v2\/media?parent=6925"}],"curies":[{"name":"wp","href":"https:\/\/api.w.org\/{rel}","templated":true}]}}