{"id":6921,"date":"2013-01-21T03:46:38","date_gmt":"2013-01-21T08:46:38","guid":{"rendered":"https:\/\/ostadelahi.com\/il-pensiero\/gli-insegnamenti-orali\/"},"modified":"2018-04-29T14:56:21","modified_gmt":"2018-04-29T19:56:21","slug":"gli-insegnamenti-orali","status":"publish","type":"page","link":"https:\/\/ostadelahi.com\/it\/il-pensiero\/gli-insegnamenti-orali\/","title":{"rendered":"Insegnamenti orali"},"content":{"rendered":"<div class=\"fusion-fullwidth fullwidth-box fusion-builder-row-1 nonhundred-percent-fullwidth non-hundred-percent-height-scrolling\" style=\"--awb-border-radius-top-left:0px;--awb-border-radius-top-right:0px;--awb-border-radius-bottom-right:0px;--awb-border-radius-bottom-left:0px;\" ><div class=\"fusion-builder-row fusion-row\"><div class=\"fusion-layout-column fusion_builder_column fusion-builder-column-0 fusion_builder_column_1_1 1_1 fusion-one-full fusion-column-first fusion-column-last\" style=\"--awb-bg-size:cover;--awb-margin-bottom:0px;\"><div class=\"fusion-column-wrapper fusion-flex-column-wrapper-legacy\"><div class=\"fusion-text fusion-text-1\"><p>Per penetrare meglio la profondit\u00e0 degli insegnamenti di Ostad Elahi e il suo approccio pragmatico alla spiritualit\u00e0, oltre a studiare le sue opere scritte, \u00e8 necessario prendere in esame anche la sua vita personale. La vita quotidiana di Ostad Elahi \u00e8 ricca di lezioni pratiche, e la sua pratica spirituale era naturalmente integrata con la sua vita in societ\u00e0. Questo risulta con particolare evidenza dai suoi insegnamenti orali, raccolti e pubblicati in due volumi di massime. Nel loro insieme, questi insegnamenti evidenziano l\u2019importanza che Ostad Elahi attribuiva allo sviluppo della propria ragione sana e del proprio discernimento attraverso l\u2019applicazione dei principi etici e divini giusti, e mostrano anche l\u2019impatto del suo comportamento e dei suoi consigli sulla sua famiglia, sugli amici, sui colleghi e persino sui conoscenti.<\/p>\n<p>Dopo essere andato in pensione, Ostad Elahi si stabil\u00ec a Teheran, e nella sua casa accoglieva una gran variet\u00e0 di persone; alcune, non solo avevano per lui un gran rispetto, ma gli chiedevano anche le sue benedizioni e le sue preghiere. Altre lo consideravano una persona saggia ed esperta, con la quale potevano discutere delle loro difficolt\u00e0 e cercare soluzioni ai loro problemi. Altre ancora venivano per ascoltare la sua musica o per ricevere risposte alle loro domande sul misticismo, sulla filosofia, ecc. A questi diversi gruppi si potrebbero aggiungere anche gli orientalisti, che continuamente andavano a trovarlo per approfondire i misteri e i segreti del misticismo orientale.<\/p>\n<p>Tuttavia, oltre agli amici e a coloro che nutrivano per lui un grande rispetto, gradualmente cominci\u00f2 a formarsi un piccolo gruppo di veri e propri allievi che, con fervore, cercavano di incontrarlo e di ricevere i suoi insegnamenti con l\u2019intento di elevare la propria anima e avanzare nel cammino del perfezionamento spirituale. Nel riferirsi a coloro che venivano a trovarlo, Ostad li definiva sempre come suoi amici o figli spirituali. Al giorno d\u2019oggi, chi rievoca quelle riunioni, prova ancora nel profondo del cuore il calore della sua gentilezza.<\/p>\n<p>Ostad Elahi rispondeva alle diverse domande che gli venivano poste in base alla natura e alla mentalit\u00e0 di ognuno. Cos\u00ec facendo, rispondeva alle domande dei laici con la stessa pazienza con cui rispondeva alle domande tecniche di un entusiasta orientalista. Quelle risposte colmavano le anime dei suoi appassionati interlocutori; a volte prendevano la forma di aneddoti o raccomandazioni, a volte erano trasmesse attraverso le sue esperienze personali o le sue spiegazioni filosofiche. Particolarmente degno di nota era il suo modo di analizzare complessi problemi filosofici ed etici trasmettendoli in maniera comprensibile e diretta. Attraverso il linguaggio semplice con il quale era solito comunicare, affrontava nel dettaglio problemi filosofici e teologici, in una maniera tale che l\u2019ascoltatore non si rendeva conto della loro ampiezza e della loro complessit\u00e0: un\u2019impresa che sarebbe stata impossibile senza anni di ricerca e di esperienza personale sul cammino dell\u2019etica e della spiritualit\u00e0. Gli insegnamenti di Ostad Elahi erano spesso accompagnati da esempi tratti dalla sua vita. Per le persone ricettive, la trasmissione di quelle esperienze era di gran lunga pi\u00f9 efficace di cento lezioni teoriche o prescrizioni scritte.<\/p>\n<p>L\u2019intento principale di Ostad Elahi era sempre quello stimolare l\u2019entusiasmo dei suoi visitatori per la spiritualit\u00e0 e di focalizzare la loro attenzione sulla Fonte, al fine di guidarli verso il raggiungimento della conoscenza di s\u00e9 e, di conseguenza, della conoscenza divina. Il fondamento del pensiero di Ostad Elahi poggia sull\u2019essenza e sui principi di tutte religioni divine; di conseguenza non si pu\u00f2 associare il suo pensiero a nessuna particolare religione, ideologia o convinzione. La visione di Ostad Elahi sull\u2019umanit\u00e0 va al di l\u00e0 delle considerazioni di genere, cultura, o nazionalit\u00e0. Egli rispettava tutte le credenze e tutti i precetti, e considerava ogni persona libera di scegliere il proprio percorso, anche se per raggiungere la perfezione spirituale raccomandava una religione divina che non contraddicesse i principi basilari delle religioni divine stesse. Dal suo punto di vista, intraprendere il processo spirituale di perfezionamento \u00e8 una decisione che innanzitutto\u00a0ogni individuo dovrebbe prendere per libera scelta, e poi sforzarsi di raggiungere l\u2019obiettivo finale con la stessa seriet\u00e0 e la stessa diligenza di uno studente attivo. Ostad Elahi sottolineava continuamente che la spiritualit\u00e0 \u00e8 soprattutto una disciplina pratica e non solamente un argomento teorico:<\/p>\n<blockquote>\n<p>Questa Via\u2026 non \u00e8 la via delle parole, \u00e8 la via dell\u2019azione e vi si progredisce unicamente attraverso l\u2019azione.<\/p>\n<\/blockquote>\n<p>Tra i suoi allievi, sua sorella Malek Jan (1906 \u2013 1993) \u00e8 stata una delle prime ad acquisire la consapevolezza della sua personalit\u00e0 spirituale e a beneficiare pienamente della sua guida spirituale. \u00c8 stata proprio questa donna eccezionale che, in seguito, ha diffuso gli insegnamenti di Ostad Elahi dopo la sua scomparsa e ne ha perpetuato il cammino spirituale.<\/p>\n<\/div><div class=\"fusion-clearfix\"><\/div><\/div><\/div><\/div><\/div>\n","protected":false},"excerpt":{"rendered":"","protected":false},"author":1,"featured_media":0,"parent":6815,"menu_order":3,"comment_status":"open","ping_status":"closed","template":"side-navigation.php","meta":{"footnotes":""},"class_list":["post-6921","page","type-page","status-publish","hentry"],"yoast_head":"<!-- This site is optimized with the Yoast SEO plugin v20.3 - https:\/\/yoast.com\/wordpress\/plugins\/seo\/ -->\n<title>Insegnamenti orali - Ostad Elahi<\/title>\n<meta name=\"robots\" content=\"index, follow, max-snippet:-1, max-image-preview:large, max-video-preview:-1\" \/>\n<link rel=\"canonical\" href=\"https:\/\/ostadelahi.com\/philosophy\/oral-teachings\/\" \/>\n<meta property=\"og:locale\" content=\"it_IT\" \/>\n<meta property=\"og:type\" content=\"article\" \/>\n<meta property=\"og:title\" content=\"Insegnamenti orali - Ostad Elahi\" \/>\n<meta property=\"og:url\" content=\"https:\/\/ostadelahi.com\/philosophy\/oral-teachings\/\" \/>\n<meta property=\"og:site_name\" content=\"Ostad Elahi\" \/>\n<meta property=\"article:modified_time\" content=\"2018-04-29T19:56:21+00:00\" \/>\n<meta name=\"twitter:card\" content=\"summary_large_image\" \/>\n<meta name=\"twitter:label1\" content=\"Tempo di lettura stimato\" \/>\n\t<meta name=\"twitter:data1\" content=\"5 minuti\" \/>\n<script type=\"application\/ld+json\" class=\"yoast-schema-graph\">{\"@context\":\"https:\/\/schema.org\",\"@graph\":[{\"@type\":\"WebPage\",\"@id\":\"https:\/\/ostadelahi.com\/philosophy\/oral-teachings\/\",\"url\":\"https:\/\/ostadelahi.com\/philosophy\/oral-teachings\/\",\"name\":\"Insegnamenti orali - Ostad Elahi\",\"isPartOf\":{\"@id\":\"https:\/\/ostadelahi.com\/#website\"},\"datePublished\":\"2013-01-21T08:46:38+00:00\",\"dateModified\":\"2018-04-29T19:56:21+00:00\",\"breadcrumb\":{\"@id\":\"https:\/\/ostadelahi.com\/philosophy\/oral-teachings\/#breadcrumb\"},\"inLanguage\":\"it-IT\",\"potentialAction\":[{\"@type\":\"ReadAction\",\"target\":[\"https:\/\/ostadelahi.com\/philosophy\/oral-teachings\/\"]}]},{\"@type\":\"BreadcrumbList\",\"@id\":\"https:\/\/ostadelahi.com\/philosophy\/oral-teachings\/#breadcrumb\",\"itemListElement\":[{\"@type\":\"ListItem\",\"position\":1,\"name\":\"Home\",\"item\":\"https:\/\/ostadelahi.com\/it\/\"},{\"@type\":\"ListItem\",\"position\":2,\"name\":\"Il pensiero\",\"item\":\"https:\/\/ostadelahi.com\/philosophy\/\"},{\"@type\":\"ListItem\",\"position\":3,\"name\":\"Insegnamenti orali\"}]},{\"@type\":\"WebSite\",\"@id\":\"https:\/\/ostadelahi.com\/#website\",\"url\":\"https:\/\/ostadelahi.com\/\",\"name\":\"Ostad Elahi\",\"description\":\"The official website on the life, work, and music of Ostad Elahi (1895-1974).\",\"potentialAction\":[{\"@type\":\"SearchAction\",\"target\":{\"@type\":\"EntryPoint\",\"urlTemplate\":\"https:\/\/ostadelahi.com\/?s={search_term_string}\"},\"query-input\":\"required name=search_term_string\"}],\"inLanguage\":\"it-IT\"}]}<\/script>\n<!-- \/ Yoast SEO plugin. -->","yoast_head_json":{"title":"Insegnamenti orali - Ostad Elahi","robots":{"index":"index","follow":"follow","max-snippet":"max-snippet:-1","max-image-preview":"max-image-preview:large","max-video-preview":"max-video-preview:-1"},"canonical":"https:\/\/ostadelahi.com\/philosophy\/oral-teachings\/","og_locale":"it_IT","og_type":"article","og_title":"Insegnamenti orali - Ostad Elahi","og_url":"https:\/\/ostadelahi.com\/philosophy\/oral-teachings\/","og_site_name":"Ostad Elahi","article_modified_time":"2018-04-29T19:56:21+00:00","twitter_card":"summary_large_image","twitter_misc":{"Tempo di lettura stimato":"5 minuti"},"schema":{"@context":"https:\/\/schema.org","@graph":[{"@type":"WebPage","@id":"https:\/\/ostadelahi.com\/philosophy\/oral-teachings\/","url":"https:\/\/ostadelahi.com\/philosophy\/oral-teachings\/","name":"Insegnamenti orali - Ostad Elahi","isPartOf":{"@id":"https:\/\/ostadelahi.com\/#website"},"datePublished":"2013-01-21T08:46:38+00:00","dateModified":"2018-04-29T19:56:21+00:00","breadcrumb":{"@id":"https:\/\/ostadelahi.com\/philosophy\/oral-teachings\/#breadcrumb"},"inLanguage":"it-IT","potentialAction":[{"@type":"ReadAction","target":["https:\/\/ostadelahi.com\/philosophy\/oral-teachings\/"]}]},{"@type":"BreadcrumbList","@id":"https:\/\/ostadelahi.com\/philosophy\/oral-teachings\/#breadcrumb","itemListElement":[{"@type":"ListItem","position":1,"name":"Home","item":"https:\/\/ostadelahi.com\/it\/"},{"@type":"ListItem","position":2,"name":"Il pensiero","item":"https:\/\/ostadelahi.com\/philosophy\/"},{"@type":"ListItem","position":3,"name":"Insegnamenti orali"}]},{"@type":"WebSite","@id":"https:\/\/ostadelahi.com\/#website","url":"https:\/\/ostadelahi.com\/","name":"Ostad Elahi","description":"The official website on the life, work, and music of Ostad Elahi (1895-1974).","potentialAction":[{"@type":"SearchAction","target":{"@type":"EntryPoint","urlTemplate":"https:\/\/ostadelahi.com\/?s={search_term_string}"},"query-input":"required name=search_term_string"}],"inLanguage":"it-IT"}]}},"_links":{"self":[{"href":"https:\/\/ostadelahi.com\/it\/wp-json\/wp\/v2\/pages\/6921","targetHints":{"allow":["GET"]}}],"collection":[{"href":"https:\/\/ostadelahi.com\/it\/wp-json\/wp\/v2\/pages"}],"about":[{"href":"https:\/\/ostadelahi.com\/it\/wp-json\/wp\/v2\/types\/page"}],"author":[{"embeddable":true,"href":"https:\/\/ostadelahi.com\/it\/wp-json\/wp\/v2\/users\/1"}],"replies":[{"embeddable":true,"href":"https:\/\/ostadelahi.com\/it\/wp-json\/wp\/v2\/comments?post=6921"}],"version-history":[{"count":0,"href":"https:\/\/ostadelahi.com\/it\/wp-json\/wp\/v2\/pages\/6921\/revisions"}],"up":[{"embeddable":true,"href":"https:\/\/ostadelahi.com\/it\/wp-json\/wp\/v2\/pages\/6815"}],"wp:attachment":[{"href":"https:\/\/ostadelahi.com\/it\/wp-json\/wp\/v2\/media?parent=6921"}],"curies":[{"name":"wp","href":"https:\/\/api.w.org\/{rel}","templated":true}]}}