{"id":6916,"date":"2016-08-06T11:36:57","date_gmt":"2016-08-06T16:36:57","guid":{"rendered":"https:\/\/ostadelahi.com\/il-pensiero\/la-spiritualita-naturale\/"},"modified":"2020-09-03T12:01:46","modified_gmt":"2020-09-03T17:01:46","slug":"la-spiritualita-naturale","status":"publish","type":"page","link":"https:\/\/ostadelahi.com\/it\/il-pensiero\/la-spiritualita-naturale\/","title":{"rendered":"La Spiritualit\u00e0 naturale"},"content":{"rendered":"<div class=\"fusion-fullwidth fullwidth-box fusion-builder-row-1 nonhundred-percent-fullwidth non-hundred-percent-height-scrolling\" style=\"--awb-border-radius-top-left:0px;--awb-border-radius-top-right:0px;--awb-border-radius-bottom-right:0px;--awb-border-radius-bottom-left:0px;\" ><div class=\"fusion-builder-row fusion-row\"><div class=\"fusion-layout-column fusion_builder_column fusion-builder-column-0 fusion_builder_column_1_2 1_2 fusion-one-half fusion-column-first\" style=\"--awb-bg-size:cover;--awb-margin-bottom:0px;width:48%; margin-right: 4%;\"><div class=\"fusion-column-wrapper fusion-flex-column-wrapper-legacy\"><div class=\"fusion-text fusion-text-1\"><p>Per identificare i principi e le verit\u00e0 che sono alla base del processo di perfezionamento spirituale, Ostad Elahi non si accontent\u00f2 di esaminare i principi-cardine delle religioni e delle tradizioni fondate sulla saggezza universale da una prospettiva teorica; al contrario, li sottopose a verifica nelle situazioni della vita reale e a diretto contatto con gli altri.<\/p>\n<p>Il metodo della \u201cspiritualit\u00e0 naturale\u201d che ne ricav\u00f2 ha la caratteristica distintiva di porre l\u2019accento sulla ragione anzich\u00e9 sull\u2019emozione come mezzo per comprendere i meccanismi su cui poggia la maturazione dell\u2019anima. Contrariamente a quanto generalmente si crede, la spiritualit\u00e0 non consiste nel raggiungere stati di alterazione della coscienza attraverso pratiche particolari (ascetiche, meditative o altre) o nell\u2019acquisire poteri straordinari. Secondo Ostad Elahi, la pratica della spiritualit\u00e0 naturale ci permette di sviluppare gradualmente un livello di attenzione superiore e una acuta consapevolezza delle nostre facolt\u00e0 nel contesto di una vita normale e produttiva in seno alla societ\u00e0.<\/p>\n<\/div><div class=\"fusion-clearfix\"><\/div><\/div><\/div><div class=\"fusion-layout-column fusion_builder_column fusion-builder-column-1 fusion_builder_column_1_2 1_2 fusion-one-half fusion-column-last\" style=\"--awb-bg-size:cover;width:48%;\"><div class=\"fusion-column-wrapper fusion-flex-column-wrapper-legacy\"><div class=\"fusion-column-content-centered\"><div class=\"fusion-column-content\"><div class=\"fusion-image-element fusion-image-align-center in-legacy-container\" style=\"text-align:center;--awb-max-width:450px;--awb-caption-title-size:var(--h2_typography-font-size);--awb-caption-title-transform:var(--h2_typography-text-transform);--awb-caption-title-line-height:var(--h2_typography-line-height);--awb-caption-title-letter-spacing:var(--h2_typography-letter-spacing);\"><div class=\"imageframe-align-center\"><span class=\" fusion-imageframe imageframe-none imageframe-1 hover-type-none img-border-20\"><img decoding=\"async\" width=\"1000\" height=\"1000\" title=\"Ostad Elahi 1965\" src=\"https:\/\/ostadelahi.com\/wp-content\/uploads\/ostadelahi-1965-e2.jpg\" alt class=\"img-responsive wp-image-9691\" srcset=\"https:\/\/ostadelahi.com\/wp-content\/uploads\/ostadelahi-1965-e2-200x200.jpg 200w, https:\/\/ostadelahi.com\/wp-content\/uploads\/ostadelahi-1965-e2-400x400.jpg 400w, https:\/\/ostadelahi.com\/wp-content\/uploads\/ostadelahi-1965-e2-600x600.jpg 600w, https:\/\/ostadelahi.com\/wp-content\/uploads\/ostadelahi-1965-e2-800x800.jpg 800w, https:\/\/ostadelahi.com\/wp-content\/uploads\/ostadelahi-1965-e2.jpg 1000w\" sizes=\"(max-width: 640px) 100vw, 600px\" \/><\/span><\/div><\/div><\/div><\/div><div class=\"fusion-clearfix\"><\/div><\/div><\/div><div class=\"fusion-layout-column fusion_builder_column fusion-builder-column-2 fusion_builder_column_1_1 1_1 fusion-one-full fusion-column-first fusion-column-last\" style=\"--awb-bg-size:cover;\"><div class=\"fusion-column-wrapper fusion-flex-column-wrapper-legacy\"><div class=\"fusion-text fusion-text-2\"><p>Questo approccio innovativo non si limita all\u2019esercizio di una introspezione psicologica; al contrario, si fonda saldamente sulla pratica e sull\u2019esperienza. Man mano che acquisiamo una maggiore conoscenza di noi stessi, trasformiamo gradualmente la nostra natura; cos\u00ec, mettendo in atto lo sforzo continuo necessario a questa trasformazione, accediamo a un grado pi\u00f9 alto della nostra conoscenza di s\u00e9. In questo modo, possiamo valutare meglio le diverse forme di resistenza che dobbiamo superare, sviluppando, al contempo, una comprensione profonda e precisa dei principi etici e spirituali su cui si basa la nostra pratica.<\/p>\n<blockquote>\n<p>L\u2019uomo, finch\u00e9 non si conosce, non pu\u00f2 conoscere Dio. Il primo passo da compiere nella conoscenza di s\u00e9 \u00e8 la lotta contro l\u2019egoismo e l\u2019egocentrismo.<\/p>\n<\/blockquote>\n<p>Tale spiritualit\u00e0, dunque, \u00e8 detta \u201cnaturale\u201d perch\u00e9 \u00e8 adatta alla natura profonda degli esseri umani. L\u2019anima \u00e8 simile a un organismo: deve nutrirsi con principi adeguati, che possano metterla in condizione di mantenersi sana e di favorire il suo sviluppo graduale ed equilibrato. \u00c8 in questo contesto che l\u2019interazione congiunta tra il nostro corpo, la vita sociale e l\u2019ambiente assume un\u2019importanza decisiva. Ed \u00e8 per questo che Ostad Elahi, opponendosi alle inclinazioni ascetiche incoraggiate dal misticismo classico, sostiene la necessit\u00e0 di attribuire ai diritti del corpo la stessa importanza di quelli dell\u2019anima.<\/p>\n<p>In sostanza, il processo di maturazione e di raggiungimento della consapevolezza di s\u00e9 richiede che si contrastino di continuo e ripetutamente gli impulsi e le sollecitazioni dell\u2019\u201cio imperioso\u201d, fonte di ogni resistenza al nostro progresso spirituale. Questa energia interna, allo stesso tempo impulsiva e astuta, \u00e8 prodotta dai nostri punti deboli, che a loro volta derivano da un&#8217;attivit\u00e0 incontrollata dei nostri tratti caratteriali di origine animale. In quanto energia psichica nociva, l\u2019io imperioso si manifesta soprattutto nella tendenza sistematica a violare ogni diritto \u2013 nostro o altrui. Per individuarne le differenti sfaccettature e le diverse modalit\u00e0 di azione, dobbiamo impegnarci in una pratica etica concreta \u2013 cio\u00e8, dobbiamo sforzarci di rispettare i diritti di ciascuno e di ogni cosa e di agire altruisticamente, cercando di opporci alle tendenze istintive della nostra animalit\u00e0 egoica. Durante questo processo, Ostad Elahi evidenzia l\u2019importanza di focalizzare la propria attenzione sulla meta finale e di nutrire un\u2019intenzione disinteressata, che sia orientata alla contentezza divina.<\/p>\n<p>Nell\u2019individuare le condizioni per lo sviluppo naturale dell\u2019anima, la spiritualit\u00e0 naturale assume i tratti di un curriculum di studi organizzato in livelli distinti, finalizzati alla nostra perfezione spirituale. Mentre le religioni autentiche sono rivolte a radicare in noi i fondamenti morali che costituiscono la base della vita spirituale, la fase \u201cuniversitaria\u201d del processo di perfezionamento \u00e8 un prolungamento di questi studi, rivolto al pieno sviluppo della propria umanit\u00e0. \u00c8 a questo livello che inizia il lavoro effettivo di conoscenza di s\u00e9, che si fonda su una continua lotta contro gli impulsi e i desideri incessanti dell\u2019io imperioso.<\/p>\n<p>Ostad Elahi stabilisce un\u2019analogia fra questo percorso di studi \u2013 in cui il nostro soggiorno terreno costituisce il livello propedeutico \u2013 e quello degli studi di Medicina. Cos\u00ec come nelle scienze mediche si apprendono le leggi oggettive e i processi causali che governano la salute e lo sviluppo del corpo, cos\u00ec bisogna apprendere anche le leggi oggettive e i processi causali che governano la salute e lo sviluppo dell\u2019anima nella spiritualit\u00e0 naturale. Poich\u00e9 tutti gli esseri umani condividono un\u2019identica natura di base, i principi di questa \u201cmedicina dell\u2019anima\u201d sono universali, come quelli che governano la scienza medica o qualsiasi altra scienza sperimentale. In quanto scienza sperimentale, la spiritualit\u00e0 naturale non \u00e8 radicata o legata a nessuna cultura, tempo o luogo particolari. Chiunque \u00e8 libero di adottarla e trarre beneficio dalla sua applicazione, purch\u00e9 vi si accosti con lo spirito di uno studente o di un ricercatore, senza alcuna aspettativa di gratificazione del proprio ego legata a stati di estasi o ad altre forme di rapimento o di pace mentale.<\/p>\n<p>Lo studio della medicina dell\u2019anima comporta l\u2019apprendimento e la messa in pratica delle verit\u00e0 divine autentiche che governano lo sviluppo del s\u00e9; nessuno pu\u00f2 apprendere e assimilare queste verit\u00e0 al posto nostro. Sulla base dell\u2019esperienza personale di tutta la sua vita, Ostad Elahi ha concluso che il rapporto maestro-discepolo, che esiste praticamente in tutte le forme del misticismo classico, non \u00e8 adatto per lo studio della spiritualit\u00e0 naturale. Questo richiede, invece, che ognuno di noi si accosti alla pratica spirituale con la ragione sana e cerchi di diventare il medico della propria anima. Un simile impegno non pu\u00f2 fondarsi sull\u2019obbedienza cieca o sulla coercizione, bens\u00ec deve essere intrapreso liberamente e volontariamente con piena capacit\u00e0 di intendere e libert\u00e0 di coscienza.<\/p>\n<\/div><div class=\"fusion-clearfix\"><\/div><\/div><\/div><\/div><\/div>\n","protected":false},"excerpt":{"rendered":"","protected":false},"author":1,"featured_media":0,"parent":6815,"menu_order":2,"comment_status":"closed","ping_status":"closed","template":"side-navigation.php","meta":{"footnotes":""},"class_list":["post-6916","page","type-page","status-publish","hentry"],"yoast_head":"<!-- This site is optimized with the Yoast SEO plugin v20.3 - https:\/\/yoast.com\/wordpress\/plugins\/seo\/ -->\n<title>La Spiritualit\u00e0 naturale - Ostad Elahi<\/title>\n<meta name=\"robots\" content=\"index, follow, max-snippet:-1, max-image-preview:large, max-video-preview:-1\" \/>\n<link rel=\"canonical\" href=\"https:\/\/ostadelahi.com\/philosophy\/natural-spirituality\/\" \/>\n<meta property=\"og:locale\" content=\"it_IT\" \/>\n<meta property=\"og:type\" content=\"article\" \/>\n<meta property=\"og:title\" content=\"La Spiritualit\u00e0 naturale - Ostad Elahi\" \/>\n<meta property=\"og:url\" content=\"https:\/\/ostadelahi.com\/philosophy\/natural-spirituality\/\" \/>\n<meta property=\"og:site_name\" content=\"Ostad Elahi\" \/>\n<meta property=\"article:modified_time\" content=\"2020-09-03T17:01:46+00:00\" \/>\n<meta name=\"twitter:card\" content=\"summary_large_image\" \/>\n<meta name=\"twitter:label1\" content=\"Tempo di lettura stimato\" \/>\n\t<meta name=\"twitter:data1\" content=\"7 minuti\" \/>\n<script type=\"application\/ld+json\" class=\"yoast-schema-graph\">{\"@context\":\"https:\/\/schema.org\",\"@graph\":[{\"@type\":\"WebPage\",\"@id\":\"https:\/\/ostadelahi.com\/philosophy\/natural-spirituality\/\",\"url\":\"https:\/\/ostadelahi.com\/philosophy\/natural-spirituality\/\",\"name\":\"La Spiritualit\u00e0 naturale - Ostad Elahi\",\"isPartOf\":{\"@id\":\"https:\/\/ostadelahi.com\/#website\"},\"datePublished\":\"2016-08-06T16:36:57+00:00\",\"dateModified\":\"2020-09-03T17:01:46+00:00\",\"breadcrumb\":{\"@id\":\"https:\/\/ostadelahi.com\/philosophy\/natural-spirituality\/#breadcrumb\"},\"inLanguage\":\"it-IT\",\"potentialAction\":[{\"@type\":\"ReadAction\",\"target\":[\"https:\/\/ostadelahi.com\/philosophy\/natural-spirituality\/\"]}]},{\"@type\":\"BreadcrumbList\",\"@id\":\"https:\/\/ostadelahi.com\/philosophy\/natural-spirituality\/#breadcrumb\",\"itemListElement\":[{\"@type\":\"ListItem\",\"position\":1,\"name\":\"Home\",\"item\":\"https:\/\/ostadelahi.com\/it\/\"},{\"@type\":\"ListItem\",\"position\":2,\"name\":\"Il pensiero\",\"item\":\"https:\/\/ostadelahi.com\/philosophy\/\"},{\"@type\":\"ListItem\",\"position\":3,\"name\":\"La Spiritualit\u00e0 naturale\"}]},{\"@type\":\"WebSite\",\"@id\":\"https:\/\/ostadelahi.com\/#website\",\"url\":\"https:\/\/ostadelahi.com\/\",\"name\":\"Ostad Elahi\",\"description\":\"The official website on the life, work, and music of Ostad Elahi (1895-1974).\",\"potentialAction\":[{\"@type\":\"SearchAction\",\"target\":{\"@type\":\"EntryPoint\",\"urlTemplate\":\"https:\/\/ostadelahi.com\/?s={search_term_string}\"},\"query-input\":\"required name=search_term_string\"}],\"inLanguage\":\"it-IT\"}]}<\/script>\n<!-- \/ Yoast SEO plugin. -->","yoast_head_json":{"title":"La Spiritualit\u00e0 naturale - Ostad Elahi","robots":{"index":"index","follow":"follow","max-snippet":"max-snippet:-1","max-image-preview":"max-image-preview:large","max-video-preview":"max-video-preview:-1"},"canonical":"https:\/\/ostadelahi.com\/philosophy\/natural-spirituality\/","og_locale":"it_IT","og_type":"article","og_title":"La Spiritualit\u00e0 naturale - Ostad Elahi","og_url":"https:\/\/ostadelahi.com\/philosophy\/natural-spirituality\/","og_site_name":"Ostad Elahi","article_modified_time":"2020-09-03T17:01:46+00:00","twitter_card":"summary_large_image","twitter_misc":{"Tempo di lettura stimato":"7 minuti"},"schema":{"@context":"https:\/\/schema.org","@graph":[{"@type":"WebPage","@id":"https:\/\/ostadelahi.com\/philosophy\/natural-spirituality\/","url":"https:\/\/ostadelahi.com\/philosophy\/natural-spirituality\/","name":"La Spiritualit\u00e0 naturale - Ostad Elahi","isPartOf":{"@id":"https:\/\/ostadelahi.com\/#website"},"datePublished":"2016-08-06T16:36:57+00:00","dateModified":"2020-09-03T17:01:46+00:00","breadcrumb":{"@id":"https:\/\/ostadelahi.com\/philosophy\/natural-spirituality\/#breadcrumb"},"inLanguage":"it-IT","potentialAction":[{"@type":"ReadAction","target":["https:\/\/ostadelahi.com\/philosophy\/natural-spirituality\/"]}]},{"@type":"BreadcrumbList","@id":"https:\/\/ostadelahi.com\/philosophy\/natural-spirituality\/#breadcrumb","itemListElement":[{"@type":"ListItem","position":1,"name":"Home","item":"https:\/\/ostadelahi.com\/it\/"},{"@type":"ListItem","position":2,"name":"Il pensiero","item":"https:\/\/ostadelahi.com\/philosophy\/"},{"@type":"ListItem","position":3,"name":"La Spiritualit\u00e0 naturale"}]},{"@type":"WebSite","@id":"https:\/\/ostadelahi.com\/#website","url":"https:\/\/ostadelahi.com\/","name":"Ostad Elahi","description":"The official website on the life, work, and music of Ostad Elahi (1895-1974).","potentialAction":[{"@type":"SearchAction","target":{"@type":"EntryPoint","urlTemplate":"https:\/\/ostadelahi.com\/?s={search_term_string}"},"query-input":"required name=search_term_string"}],"inLanguage":"it-IT"}]}},"_links":{"self":[{"href":"https:\/\/ostadelahi.com\/it\/wp-json\/wp\/v2\/pages\/6916","targetHints":{"allow":["GET"]}}],"collection":[{"href":"https:\/\/ostadelahi.com\/it\/wp-json\/wp\/v2\/pages"}],"about":[{"href":"https:\/\/ostadelahi.com\/it\/wp-json\/wp\/v2\/types\/page"}],"author":[{"embeddable":true,"href":"https:\/\/ostadelahi.com\/it\/wp-json\/wp\/v2\/users\/1"}],"replies":[{"embeddable":true,"href":"https:\/\/ostadelahi.com\/it\/wp-json\/wp\/v2\/comments?post=6916"}],"version-history":[{"count":2,"href":"https:\/\/ostadelahi.com\/it\/wp-json\/wp\/v2\/pages\/6916\/revisions"}],"predecessor-version":[{"id":9715,"href":"https:\/\/ostadelahi.com\/it\/wp-json\/wp\/v2\/pages\/6916\/revisions\/9715"}],"up":[{"embeddable":true,"href":"https:\/\/ostadelahi.com\/it\/wp-json\/wp\/v2\/pages\/6815"}],"wp:attachment":[{"href":"https:\/\/ostadelahi.com\/it\/wp-json\/wp\/v2\/media?parent=6916"}],"curies":[{"name":"wp","href":"https:\/\/api.w.org\/{rel}","templated":true}]}}