{"id":6912,"date":"2016-08-06T11:34:46","date_gmt":"2016-08-06T16:34:46","guid":{"rendered":"https:\/\/ostadelahi.com\/il-pensiero\/approccio-innovativo\/"},"modified":"2018-04-29T14:44:00","modified_gmt":"2018-04-29T19:44:00","slug":"approccio-innovativo","status":"publish","type":"page","link":"https:\/\/ostadelahi.com\/it\/il-pensiero\/approccio-innovativo\/","title":{"rendered":"Un approccio innovativo"},"content":{"rendered":"<div class=\"fusion-fullwidth fullwidth-box fusion-builder-row-1 nonhundred-percent-fullwidth non-hundred-percent-height-scrolling\" style=\"--awb-border-radius-top-left:0px;--awb-border-radius-top-right:0px;--awb-border-radius-bottom-right:0px;--awb-border-radius-bottom-left:0px;\" ><div class=\"fusion-builder-row fusion-row\"><div class=\"fusion-layout-column fusion_builder_column fusion-builder-column-0 fusion_builder_column_1_1 1_1 fusion-one-full fusion-column-first fusion-column-last\" style=\"--awb-bg-size:cover;--awb-margin-bottom:0px;\"><div class=\"fusion-column-wrapper fusion-flex-column-wrapper-legacy\"><div class=\"fusion-text fusion-text-1\"><p>Secondo Ostad Elahi, la natura degli esseri umani va al di l\u00e0 del corpo fisico dotato di intelligenza. Il nostro io reale, o \u201canima\u201d non si limita ad una esistenza biologica, e non termina con la morte del corpo. Questo \u201cio\u201d, dotato di ragione, volont\u00e0 e senso morale, ha una spiccata attitudine alla trasformazione per il raggiungimento di uno stato superiore, che Ostad Elahi considera il vero scopo della nostra esistenza e che egli chiama \u201cPerfezione\u201d.<\/p>\n<p>A partire dalla quintessenza delle religioni autentiche e dal patrimonio di saggezza tradizionale che queste hanno ispirato, Ostad Elahi ha elaborato un nuovo approccio concreto e sistematico, basato sulla pratica dell\u2019etica e sul perseguimento della conoscenza di s\u00e9. Ha descritto i processi cognitivi e spirituali necessari per il processo di perfezionamento spirituale al fine di realizzare appieno la nostra umanit\u00e0 e acquisire la qualit\u00e0 essenziale per tornare alla nostra Origine.<\/p>\n<blockquote>\n<p>Qualunque sia la nostra religione, ci\u00f2 che ci si aspetta da noi \u00e8 di essere veramente umani, vale a dire avere un fondo di bont\u00e0, integrit\u00e0 morale e una buona intenzione.<\/p>\n<\/blockquote>\n<p>Poich\u00e9 siamo esseri bidimensionali (corpo e anima), il dualismo a noi intrinseco si traduce in un conflitto interiore permanente che rappresenta la condizione necessaria per qualunque progresso etico e spirituale. Attraverso il confronto con questa tensione, l\u2019anima diviene consapevole delle facolt\u00e0 e delle forze predominanti al suo interno, e pu\u00f2 cos\u00ec apprendere come controllarle gradualmente. I differenti stadi di questo processo di apprendimento corrispondono ad un vero e proprio curriculum di studi, che Ostad Elahi ha denominato la \u00abnuova medicina dell\u2019anima\u00bb.<\/p>\n<p>Ci si pu\u00f2 accostare all\u2019impostazione generale del processo di perfezionamento attraverso una lettura metafisica, teologica e cosmologica. La componente metafisica che la sottende \u00e8 presentata a volte con un vocabolario ereditato dalla tradizione neo-platonica e da pensatori come Avicenna e Mulla Sadra Shirazi. Pi\u00f9 che essenze immutabili, gli esseri sono considerati in funzione dei loro diversi livelli di intensit\u00e0 e della loro costante tendenza alla trasformazione. Pertanto, a partire dall\u2019iniziale punto di apparizione e fino alla definitiva Perfezione, ogni sostanza attraversa i gradi dell\u2019essere che corrispondono ai differenti livelli della creazione (minerale, vegetale, animale e umano), grazie a un \u201cmovimento transubstanziale\u201d che la anima.<\/p>\n<p>La cosmologia dei mondi e degli inter-mondi spirituali \u00e8 collegata a una teologia che descrive le modalit\u00e0 della relazione tra gli esseri e un Creatore proattivo che non \u00e8 soltanto il garante dei diritti individuali, ma anche il regolatore di un sistema divino governato da leggi razionali in accordo con il principio di causalit\u00e0. Di conseguenza, la giustizia divina e l\u2019equit\u00e0 prevalgono sempre, cos\u00ec che niente possa essere ottenuto senza il corrispondente sforzo. Da questa proposizione consegue il concetto di un ciclo finito di vite successive, senza il quale la realizzazione del nostro Perfezionamento rimarrebbe solo un ideale remoto.<\/p>\n<\/div><div class=\"fusion-clearfix\"><\/div><\/div><\/div><\/div><\/div>\n","protected":false},"excerpt":{"rendered":"","protected":false},"author":1,"featured_media":0,"parent":6815,"menu_order":1,"comment_status":"closed","ping_status":"closed","template":"side-navigation.php","meta":{"footnotes":""},"class_list":["post-6912","page","type-page","status-publish","hentry"],"yoast_head":"<!-- This site is optimized with the Yoast SEO plugin v20.3 - https:\/\/yoast.com\/wordpress\/plugins\/seo\/ -->\n<title>Un approccio innovativo - Ostad Elahi<\/title>\n<meta name=\"robots\" content=\"index, follow, max-snippet:-1, max-image-preview:large, max-video-preview:-1\" \/>\n<link rel=\"canonical\" href=\"https:\/\/ostadelahi.com\/philosophy\/innovative-approach\/\" \/>\n<meta property=\"og:locale\" content=\"it_IT\" \/>\n<meta property=\"og:type\" content=\"article\" \/>\n<meta property=\"og:title\" content=\"Un approccio innovativo - Ostad Elahi\" \/>\n<meta property=\"og:url\" content=\"https:\/\/ostadelahi.com\/philosophy\/innovative-approach\/\" \/>\n<meta property=\"og:site_name\" content=\"Ostad Elahi\" \/>\n<meta property=\"article:modified_time\" content=\"2018-04-29T19:44:00+00:00\" \/>\n<meta name=\"twitter:card\" content=\"summary_large_image\" \/>\n<meta name=\"twitter:label1\" content=\"Tempo di lettura stimato\" \/>\n\t<meta name=\"twitter:data1\" content=\"3 minuti\" \/>\n<script type=\"application\/ld+json\" class=\"yoast-schema-graph\">{\"@context\":\"https:\/\/schema.org\",\"@graph\":[{\"@type\":\"WebPage\",\"@id\":\"https:\/\/ostadelahi.com\/philosophy\/innovative-approach\/\",\"url\":\"https:\/\/ostadelahi.com\/philosophy\/innovative-approach\/\",\"name\":\"Un approccio innovativo - Ostad Elahi\",\"isPartOf\":{\"@id\":\"https:\/\/ostadelahi.com\/#website\"},\"datePublished\":\"2016-08-06T16:34:46+00:00\",\"dateModified\":\"2018-04-29T19:44:00+00:00\",\"breadcrumb\":{\"@id\":\"https:\/\/ostadelahi.com\/philosophy\/innovative-approach\/#breadcrumb\"},\"inLanguage\":\"it-IT\",\"potentialAction\":[{\"@type\":\"ReadAction\",\"target\":[\"https:\/\/ostadelahi.com\/philosophy\/innovative-approach\/\"]}]},{\"@type\":\"BreadcrumbList\",\"@id\":\"https:\/\/ostadelahi.com\/philosophy\/innovative-approach\/#breadcrumb\",\"itemListElement\":[{\"@type\":\"ListItem\",\"position\":1,\"name\":\"Home\",\"item\":\"https:\/\/ostadelahi.com\/it\/\"},{\"@type\":\"ListItem\",\"position\":2,\"name\":\"Il pensiero\",\"item\":\"https:\/\/ostadelahi.com\/philosophy\/\"},{\"@type\":\"ListItem\",\"position\":3,\"name\":\"Un approccio innovativo\"}]},{\"@type\":\"WebSite\",\"@id\":\"https:\/\/ostadelahi.com\/#website\",\"url\":\"https:\/\/ostadelahi.com\/\",\"name\":\"Ostad Elahi\",\"description\":\"The official website on the life, work, and music of Ostad Elahi (1895-1974).\",\"potentialAction\":[{\"@type\":\"SearchAction\",\"target\":{\"@type\":\"EntryPoint\",\"urlTemplate\":\"https:\/\/ostadelahi.com\/?s={search_term_string}\"},\"query-input\":\"required name=search_term_string\"}],\"inLanguage\":\"it-IT\"}]}<\/script>\n<!-- \/ Yoast SEO plugin. -->","yoast_head_json":{"title":"Un approccio innovativo - Ostad Elahi","robots":{"index":"index","follow":"follow","max-snippet":"max-snippet:-1","max-image-preview":"max-image-preview:large","max-video-preview":"max-video-preview:-1"},"canonical":"https:\/\/ostadelahi.com\/philosophy\/innovative-approach\/","og_locale":"it_IT","og_type":"article","og_title":"Un approccio innovativo - Ostad Elahi","og_url":"https:\/\/ostadelahi.com\/philosophy\/innovative-approach\/","og_site_name":"Ostad Elahi","article_modified_time":"2018-04-29T19:44:00+00:00","twitter_card":"summary_large_image","twitter_misc":{"Tempo di lettura stimato":"3 minuti"},"schema":{"@context":"https:\/\/schema.org","@graph":[{"@type":"WebPage","@id":"https:\/\/ostadelahi.com\/philosophy\/innovative-approach\/","url":"https:\/\/ostadelahi.com\/philosophy\/innovative-approach\/","name":"Un approccio innovativo - Ostad Elahi","isPartOf":{"@id":"https:\/\/ostadelahi.com\/#website"},"datePublished":"2016-08-06T16:34:46+00:00","dateModified":"2018-04-29T19:44:00+00:00","breadcrumb":{"@id":"https:\/\/ostadelahi.com\/philosophy\/innovative-approach\/#breadcrumb"},"inLanguage":"it-IT","potentialAction":[{"@type":"ReadAction","target":["https:\/\/ostadelahi.com\/philosophy\/innovative-approach\/"]}]},{"@type":"BreadcrumbList","@id":"https:\/\/ostadelahi.com\/philosophy\/innovative-approach\/#breadcrumb","itemListElement":[{"@type":"ListItem","position":1,"name":"Home","item":"https:\/\/ostadelahi.com\/it\/"},{"@type":"ListItem","position":2,"name":"Il pensiero","item":"https:\/\/ostadelahi.com\/philosophy\/"},{"@type":"ListItem","position":3,"name":"Un approccio innovativo"}]},{"@type":"WebSite","@id":"https:\/\/ostadelahi.com\/#website","url":"https:\/\/ostadelahi.com\/","name":"Ostad Elahi","description":"The official website on the life, work, and music of Ostad Elahi (1895-1974).","potentialAction":[{"@type":"SearchAction","target":{"@type":"EntryPoint","urlTemplate":"https:\/\/ostadelahi.com\/?s={search_term_string}"},"query-input":"required name=search_term_string"}],"inLanguage":"it-IT"}]}},"_links":{"self":[{"href":"https:\/\/ostadelahi.com\/it\/wp-json\/wp\/v2\/pages\/6912","targetHints":{"allow":["GET"]}}],"collection":[{"href":"https:\/\/ostadelahi.com\/it\/wp-json\/wp\/v2\/pages"}],"about":[{"href":"https:\/\/ostadelahi.com\/it\/wp-json\/wp\/v2\/types\/page"}],"author":[{"embeddable":true,"href":"https:\/\/ostadelahi.com\/it\/wp-json\/wp\/v2\/users\/1"}],"replies":[{"embeddable":true,"href":"https:\/\/ostadelahi.com\/it\/wp-json\/wp\/v2\/comments?post=6912"}],"version-history":[{"count":0,"href":"https:\/\/ostadelahi.com\/it\/wp-json\/wp\/v2\/pages\/6912\/revisions"}],"up":[{"embeddable":true,"href":"https:\/\/ostadelahi.com\/it\/wp-json\/wp\/v2\/pages\/6815"}],"wp:attachment":[{"href":"https:\/\/ostadelahi.com\/it\/wp-json\/wp\/v2\/media?parent=6912"}],"curies":[{"name":"wp","href":"https:\/\/api.w.org\/{rel}","templated":true}]}}