{"id":6873,"date":"2013-01-21T03:27:52","date_gmt":"2013-01-21T08:27:52","guid":{"rendered":"https:\/\/ostadelahi.com\/la-vita\/biografia\/il-lascito-intellettuale-e-spirituale\/"},"modified":"2023-02-28T10:29:37","modified_gmt":"2023-02-28T15:29:37","slug":"il-lascito-intellettuale-e-spirituale","status":"publish","type":"page","link":"https:\/\/ostadelahi.com\/it\/la-vita\/biografia\/il-lascito-intellettuale-e-spirituale\/","title":{"rendered":"Il lascito intellettuale e spirituale"},"content":{"rendered":"<div class=\"fusion-fullwidth fullwidth-box fusion-builder-row-1 nonhundred-percent-fullwidth non-hundred-percent-height-scrolling\" style=\"--awb-border-radius-top-left:0px;--awb-border-radius-top-right:0px;--awb-border-radius-bottom-right:0px;--awb-border-radius-bottom-left:0px;\" ><div class=\"fusion-builder-row fusion-row\"><div class=\"fusion-layout-column fusion_builder_column fusion-builder-column-0 fusion_builder_column_1_1 1_1 fusion-one-full fusion-column-first fusion-column-last\" style=\"--awb-bg-size:cover;--awb-margin-bottom:0px;\"><div class=\"fusion-column-wrapper fusion-flex-column-wrapper-legacy\"><div class=\"fusion-text fusion-text-1\"><p>Nel 1957, dopo circa ventisette anni di pubblico servizio, Ostad Elahi scelse di andare in pensione e si stabil\u00ec a Teheran. Il maggior tempo libero lasciatogli dal suo pensionamento, gradualmente permise a pi\u00f9 persone di avvicinarsi maggiormente a lui. Da allora egli si dedic\u00f2 interamente alla stesura delle sue opere, all\u2019insegnamento e alla musica. Tale periodo ha prodotto, come risultato, la pubblicazione di due opere fondamentali, <em>Borhan ol-Haqq<\/em> (<em>Dimostrazione della Verit\u00e0<\/em>) (1963) e <em>Marefat ol-Ruh<\/em> (<em>Conoscenza dell\u2019Anima<\/em>) (1969), e di una postfazione sul significato recondito di alcune espressioni e terminologie contenute nel poema epico di suo padre, intitolata <em>Hashieh bar Haqq ol-Haqayeq<\/em> (<em>Commento al<\/em> <em>libro dei Re della Verit\u00e0<\/em>) (1967). Un altro aspetto saliente di questo periodo, furono le riunioni informali, per lo pi\u00f9 con la famiglia o con gli amici, in cui spesso esponeva alcuni argomenti etici, in risposta a domande o ad argomenti proposti. Allo stesso tempo, a volte riceveva la visita di studiosi ed orientalisti, alla ricerca di verit\u00e0 sull\u2019Oriente, rispondendo alle loro domande con un linguaggio semplice e non metaforico. Gli appunti trascritti da alcuni dei presenti nel corso di queste riunioni informali avrebbero in seguito costituito la base per la pubblicazione di due volumi postumi, intitolati <em>Asar ol-Haqq<\/em> (<em>Tracce di Verit\u00e0<\/em>), e che rappresentano la raccolta dei suoi insegnamenti orali.<\/p>\n<\/div><div class=\"fusion-clearfix\"><\/div><\/div><\/div><div class=\"fusion-layout-column fusion_builder_column fusion-builder-column-1 fusion_builder_column_2_5 2_5 fusion-two-fifth fusion-column-first\" style=\"--awb-bg-size:cover;width:40%;width:calc(40% - ( ( 4% ) * 0.4 ) );margin-right: 4%;\"><div class=\"fusion-column-wrapper fusion-flex-column-wrapper-legacy\"><div class=\"fusion-column-content-centered\"><div class=\"fusion-column-content\"><div class=\"fusion-image-element fusion-image-align-center in-legacy-container\" style=\"text-align:center;--awb-caption-title-size:var(--h2_typography-font-size);--awb-caption-title-transform:var(--h2_typography-text-transform);--awb-caption-title-line-height:var(--h2_typography-line-height);--awb-caption-title-letter-spacing:var(--h2_typography-letter-spacing);\"><div class=\"imageframe-align-center\"><span class=\" fusion-imageframe imageframe-none imageframe-1 hover-type-none img-border-20\"><img decoding=\"async\" width=\"287\" height=\"446\" title=\"Ostad Elahi 1969\" src=\"https:\/\/ostadelahi.com\/wp-content\/uploads\/ostadelahi-1969-1.jpg\" alt class=\"img-responsive wp-image-8342\" srcset=\"https:\/\/ostadelahi.com\/wp-content\/uploads\/ostadelahi-1969-1-200x311.jpg 200w, https:\/\/ostadelahi.com\/wp-content\/uploads\/ostadelahi-1969-1.jpg 287w\" sizes=\"(max-width: 640px) 100vw, 287px\" \/><\/span><\/div><\/div><\/div><\/div><div class=\"fusion-clearfix\"><\/div><\/div><\/div><div class=\"fusion-layout-column fusion_builder_column fusion-builder-column-2 fusion_builder_column_3_5 3_5 fusion-three-fifth fusion-column-last\" style=\"--awb-bg-size:cover;width:60%;width:calc(60% - ( ( 4% ) * 0.6 ) );\"><div class=\"fusion-column-wrapper fusion-flex-column-wrapper-legacy\"><div class=\"fusion-text fusion-text-2\"><p>Durante quello stesso periodo, la sua musica cominciava ad avere risonanze profonde tra molte persone. Oltre alle considerazioni sulla sua straordinaria maestria, gli effetti profondi della sua musica cominciarono a diffondersi di bocca in bocca, tanto che, contrariamente ai suoi desideri personali, la sua fama di maestro musicista e di sapiente spirituale, gradualmente oltrepass\u00f2 i confini del suo ambiente e indusse diversi ricercatori e musicologi provenienti da ogni parte del mondo ad andare a visitarlo. La loro ammirazione, ed il riconoscimento che ne deriv\u00f2, non influenzarono mai, comunque, la sua concentrazione interiore e la sua serenit\u00e0. Nonostante gli elogi di famosi musicisti, egli sfugg\u00ec ad ogni pretesa o ad ogni forma di notoriet\u00e0, tanto che rifiut\u00f2 di esibirsi in pubblico o di tenere conferenze sulla sua filosofia. Egli si limitava a guidare coloro che riteneva veramente alla ricerca della verit\u00e0. Fino al momento in cui ha abbandonato questo mondo, si \u00e8 impegnato nella pratica spirituale e nella realizzazione della sua alchimia interiore, un progetto di tutta una vita che lo ha condotto all\u2019unione con l\u2019oceano infinito del divino.<\/p>\n<\/div><div class=\"fusion-clearfix\"><\/div><\/div><\/div><div class=\"fusion-layout-column fusion_builder_column fusion-builder-column-3 fusion_builder_column_1_1 1_1 fusion-one-full fusion-column-first fusion-column-last\" style=\"--awb-bg-size:cover;\"><div class=\"fusion-column-wrapper fusion-flex-column-wrapper-legacy\"><div class=\"fusion-text fusion-text-3\"><blockquote>\n<p>Qui non ho pi\u00f9 alcun attaccamento, e sono pronto a rispondere alla Sua chiamata.<\/p>\n<\/blockquote>\n<\/div><div class=\"fusion-text fusion-text-4\"><p>La vita eccezionale di una persona, che dall\u2019et\u00e0 di cinque anni era stata destinata ad assimilare una spiritualit\u00e0 pura, ebbe fine in questa dimora terrena, il 19 ottobre 1974, per proseguire in dimensioni nelle quali credeva fermamente. Ostad Elahi ha lasciato serenamente questo mondo nella sua casa di Teheran all\u2019et\u00e0 di settantanove anni. Secondo quanto lui stesso aveva accennato in passato, il suo corpo fu sepolto nel paese di Hashtgerd, e sul luogo dove si trovava la sua tomba, fu eretta una semplice costruzione.<\/p>\n<p>Otto anni dopo, nel 1982, nel mezzo delle crescenti agitazioni e dell\u2019anarchia dei primi anni della Rivoluzione Islamica in Iran, gli eterni oppositori di Ostad ritennero che quella fosse l\u2019occasione perfetta per screditare definitivamente i suoi insegnamenti. Schierandosi con alcune fazioni che in ambito governativo agivano impunemente, essi si attivarono per dissacrare la tomba di Ostad Elahi, con l\u2019obiettivo di profanare il suo corpo. Tuttavia, in conformit\u00e0 a una delle Parole di Ostad \u2013 ovvero che i corpi di alcuni santi non rimangono sulla terra \u2013 quella gente non trov\u00f2 altro che una bara di legno vuota e il lenzuolo funebre nel quale era stato avvolto il suo corpo. Questo fenomeno sorprendente, che potrebbe essere considerato uno dei miracoli delle personalit\u00e0 spirituali di rango elevato, non suscit\u00f2 troppo stupore tra i suoi allievi, come avvenne invece tra gli altri. Per coloro che avevano acquisito familiarit\u00e0 con la sua personalit\u00e0 e la sua scuola di pensiero, infatti, non era che la verifica concreta di un altro dei suoi concetti spirituali. Dopo aver ottenuto un\u2019autorizzazione ufficiale, nello stesso luogo fu eretta un\u2019altra struttura. Attualmente il memoriale di Ostad Elahi \u00e8 come un santuario per coloro che sono alla ricerca di un ambiente spirituale appropriato per collegare il proprio cuore al loro vero Beneamato.<\/p>\n<\/div><div class=\"fusion-clearfix\"><\/div><\/div><\/div><\/div><\/div>\n","protected":false},"excerpt":{"rendered":"","protected":false},"author":1,"featured_media":0,"parent":6810,"menu_order":5,"comment_status":"closed","ping_status":"closed","template":"side-navigation.php","meta":{"footnotes":""},"class_list":["post-6873","page","type-page","status-publish","hentry"],"yoast_head":"<!-- This site is optimized with the Yoast SEO plugin v20.3 - https:\/\/yoast.com\/wordpress\/plugins\/seo\/ -->\n<title>Il lascito intellettuale e spirituale - Ostad Elahi<\/title>\n<meta name=\"robots\" content=\"index, follow, max-snippet:-1, max-image-preview:large, max-video-preview:-1\" \/>\n<link rel=\"canonical\" href=\"https:\/\/ostadelahi.com\/life\/biography\/research-authorship\/\" \/>\n<meta property=\"og:locale\" content=\"it_IT\" \/>\n<meta property=\"og:type\" content=\"article\" \/>\n<meta property=\"og:title\" content=\"Il lascito intellettuale e spirituale - Ostad Elahi\" \/>\n<meta property=\"og:url\" content=\"https:\/\/ostadelahi.com\/life\/biography\/research-authorship\/\" \/>\n<meta property=\"og:site_name\" content=\"Ostad Elahi\" \/>\n<meta property=\"article:modified_time\" content=\"2023-02-28T15:29:37+00:00\" \/>\n<meta name=\"twitter:card\" content=\"summary_large_image\" \/>\n<meta name=\"twitter:label1\" content=\"Tempo di lettura stimato\" \/>\n\t<meta name=\"twitter:data1\" content=\"5 minuti\" \/>\n<script type=\"application\/ld+json\" class=\"yoast-schema-graph\">{\"@context\":\"https:\/\/schema.org\",\"@graph\":[{\"@type\":\"WebPage\",\"@id\":\"https:\/\/ostadelahi.com\/life\/biography\/research-authorship\/\",\"url\":\"https:\/\/ostadelahi.com\/life\/biography\/research-authorship\/\",\"name\":\"Il lascito intellettuale e spirituale - Ostad Elahi\",\"isPartOf\":{\"@id\":\"https:\/\/ostadelahi.com\/#website\"},\"datePublished\":\"2013-01-21T08:27:52+00:00\",\"dateModified\":\"2023-02-28T15:29:37+00:00\",\"breadcrumb\":{\"@id\":\"https:\/\/ostadelahi.com\/life\/biography\/research-authorship\/#breadcrumb\"},\"inLanguage\":\"it-IT\",\"potentialAction\":[{\"@type\":\"ReadAction\",\"target\":[\"https:\/\/ostadelahi.com\/life\/biography\/research-authorship\/\"]}]},{\"@type\":\"BreadcrumbList\",\"@id\":\"https:\/\/ostadelahi.com\/life\/biography\/research-authorship\/#breadcrumb\",\"itemListElement\":[{\"@type\":\"ListItem\",\"position\":1,\"name\":\"Home\",\"item\":\"https:\/\/ostadelahi.com\/it\/\"},{\"@type\":\"ListItem\",\"position\":2,\"name\":\"La vita\",\"item\":\"https:\/\/ostadelahi.com\/life\/\"},{\"@type\":\"ListItem\",\"position\":3,\"name\":\"Biografia\",\"item\":\"https:\/\/ostadelahi.com\/life\/biography\/\"},{\"@type\":\"ListItem\",\"position\":4,\"name\":\"Il lascito intellettuale e spirituale\"}]},{\"@type\":\"WebSite\",\"@id\":\"https:\/\/ostadelahi.com\/#website\",\"url\":\"https:\/\/ostadelahi.com\/\",\"name\":\"Ostad Elahi\",\"description\":\"The official website on the life, work, and music of Ostad Elahi (1895-1974).\",\"potentialAction\":[{\"@type\":\"SearchAction\",\"target\":{\"@type\":\"EntryPoint\",\"urlTemplate\":\"https:\/\/ostadelahi.com\/?s={search_term_string}\"},\"query-input\":\"required name=search_term_string\"}],\"inLanguage\":\"it-IT\"}]}<\/script>\n<!-- \/ Yoast SEO plugin. -->","yoast_head_json":{"title":"Il lascito intellettuale e spirituale - Ostad Elahi","robots":{"index":"index","follow":"follow","max-snippet":"max-snippet:-1","max-image-preview":"max-image-preview:large","max-video-preview":"max-video-preview:-1"},"canonical":"https:\/\/ostadelahi.com\/life\/biography\/research-authorship\/","og_locale":"it_IT","og_type":"article","og_title":"Il lascito intellettuale e spirituale - Ostad Elahi","og_url":"https:\/\/ostadelahi.com\/life\/biography\/research-authorship\/","og_site_name":"Ostad Elahi","article_modified_time":"2023-02-28T15:29:37+00:00","twitter_card":"summary_large_image","twitter_misc":{"Tempo di lettura stimato":"5 minuti"},"schema":{"@context":"https:\/\/schema.org","@graph":[{"@type":"WebPage","@id":"https:\/\/ostadelahi.com\/life\/biography\/research-authorship\/","url":"https:\/\/ostadelahi.com\/life\/biography\/research-authorship\/","name":"Il lascito intellettuale e spirituale - Ostad Elahi","isPartOf":{"@id":"https:\/\/ostadelahi.com\/#website"},"datePublished":"2013-01-21T08:27:52+00:00","dateModified":"2023-02-28T15:29:37+00:00","breadcrumb":{"@id":"https:\/\/ostadelahi.com\/life\/biography\/research-authorship\/#breadcrumb"},"inLanguage":"it-IT","potentialAction":[{"@type":"ReadAction","target":["https:\/\/ostadelahi.com\/life\/biography\/research-authorship\/"]}]},{"@type":"BreadcrumbList","@id":"https:\/\/ostadelahi.com\/life\/biography\/research-authorship\/#breadcrumb","itemListElement":[{"@type":"ListItem","position":1,"name":"Home","item":"https:\/\/ostadelahi.com\/it\/"},{"@type":"ListItem","position":2,"name":"La vita","item":"https:\/\/ostadelahi.com\/life\/"},{"@type":"ListItem","position":3,"name":"Biografia","item":"https:\/\/ostadelahi.com\/life\/biography\/"},{"@type":"ListItem","position":4,"name":"Il lascito intellettuale e spirituale"}]},{"@type":"WebSite","@id":"https:\/\/ostadelahi.com\/#website","url":"https:\/\/ostadelahi.com\/","name":"Ostad Elahi","description":"The official website on the life, work, and music of Ostad Elahi (1895-1974).","potentialAction":[{"@type":"SearchAction","target":{"@type":"EntryPoint","urlTemplate":"https:\/\/ostadelahi.com\/?s={search_term_string}"},"query-input":"required name=search_term_string"}],"inLanguage":"it-IT"}]}},"_links":{"self":[{"href":"https:\/\/ostadelahi.com\/it\/wp-json\/wp\/v2\/pages\/6873","targetHints":{"allow":["GET"]}}],"collection":[{"href":"https:\/\/ostadelahi.com\/it\/wp-json\/wp\/v2\/pages"}],"about":[{"href":"https:\/\/ostadelahi.com\/it\/wp-json\/wp\/v2\/types\/page"}],"author":[{"embeddable":true,"href":"https:\/\/ostadelahi.com\/it\/wp-json\/wp\/v2\/users\/1"}],"replies":[{"embeddable":true,"href":"https:\/\/ostadelahi.com\/it\/wp-json\/wp\/v2\/comments?post=6873"}],"version-history":[{"count":6,"href":"https:\/\/ostadelahi.com\/it\/wp-json\/wp\/v2\/pages\/6873\/revisions"}],"predecessor-version":[{"id":12170,"href":"https:\/\/ostadelahi.com\/it\/wp-json\/wp\/v2\/pages\/6873\/revisions\/12170"}],"up":[{"embeddable":true,"href":"https:\/\/ostadelahi.com\/it\/wp-json\/wp\/v2\/pages\/6810"}],"wp:attachment":[{"href":"https:\/\/ostadelahi.com\/it\/wp-json\/wp\/v2\/media?parent=6873"}],"curies":[{"name":"wp","href":"https:\/\/api.w.org\/{rel}","templated":true}]}}