{"id":6859,"date":"2013-01-21T03:26:43","date_gmt":"2013-01-21T08:26:43","guid":{"rendered":"https:\/\/ostadelahi.com\/la-vita\/biografia\/un-nuovo-paradigma\/"},"modified":"2020-09-08T05:31:15","modified_gmt":"2020-09-08T10:31:15","slug":"un-nuovo-paradigma","status":"publish","type":"page","link":"https:\/\/ostadelahi.com\/it\/la-vita\/biografia\/un-nuovo-paradigma\/","title":{"rendered":"Un nuovo paradigma"},"content":{"rendered":"<div class=\"fusion-fullwidth fullwidth-box fusion-builder-row-1 nonhundred-percent-fullwidth non-hundred-percent-height-scrolling\" style=\"--awb-border-radius-top-left:0px;--awb-border-radius-top-right:0px;--awb-border-radius-bottom-right:0px;--awb-border-radius-bottom-left:0px;\" ><div class=\"fusion-builder-row fusion-row\"><div class=\"fusion-layout-column fusion_builder_column fusion-builder-column-0 fusion_builder_column_1_1 1_1 fusion-one-full fusion-column-first fusion-column-last\" style=\"--awb-bg-size:cover;--awb-margin-bottom:0px;\"><div class=\"fusion-column-wrapper fusion-flex-column-wrapper-legacy\"><div class=\"fusion-text fusion-text-1\"><p>Se in un primo periodo sembrava che la vita del giovane Nur Al\u00ec dovesse proseguire sulla scia della tradizione paterna, non \u00e8 cos\u00ec che in realt\u00e0 doveva essere. Come suo padre, egli era rispettato e addirittura venerato, e avrebbe potuto avvalersi di tutte le possibilit\u00e0 materiali che le terre di suo padre gli offrivano. Inoltre, secondo le usanze locali e le norme sociali, avrebbe potuto ricevere donazioni dai suoi devoti, come faceva la maggior parte delle guide spirituali, e vivere una vita confortevole; tuttavia, egli scelse di non agire in tal modo. Al contrario, proprio come suo padre prima di lui, non ha mai accettato di essere mantenuto dai suoi seguaci anche solo parzialmente, n\u00e9 ha mai permesso che gli interessi materiali si mescolassero con le questioni spirituali.<\/p>\n<p>Ad un certo punto, i cambiamenti del suo punto di vista e nel suo modo di pensare lo condussero ad abbandonare gli usi tradizionali del passato e ad adottare un metodo totalmente nuovo. Questo audace cambiamento lo port\u00f2 ad assumere uno stile di vita convenzionale in linea con i tempi, senza mostrare alcuna delle manifestazioni esteriori che caratterizzano un modo di vivere mistico. Con questa drastica svolta si impegn\u00f2 in seno alla societ\u00e0, come se non fosse diverso da tutti gli altri. Abol\u00ec l\u2019abito bianco da derviscio, i lunghi capelli e la barba del mistico, e li sostitu\u00ec con le apparenze e l\u2019abbigliamento di un rispettabile membro della societ\u00e0. Da allora in poi, Nur Ali cominci\u00f2 a condurre una vita ordinaria, anche se, di l\u00ec a poco, la ragione del suo ingresso in societ\u00e0 sarebbe divenuta evidente.<\/p>\n<\/div><div class=\"fusion-clearfix\"><\/div><\/div><\/div><div class=\"fusion-layout-column fusion_builder_column fusion-builder-column-1 fusion_builder_column_1_3 1_3 fusion-one-third fusion-column-first fusion-no-small-visibility\" style=\"--awb-bg-size:cover;width:33.333333333333%;width:calc(33.333333333333% - ( ( 4% + 4% ) * 0.33333333333333 ) );margin-right: 4%;\"><div class=\"fusion-column-wrapper fusion-flex-column-wrapper-legacy\"><div class=\"fusion-image-element fusion-image-align-center in-legacy-container\" style=\"text-align:center;--awb-caption-title-size:var(--h2_typography-font-size);--awb-caption-title-transform:var(--h2_typography-text-transform);--awb-caption-title-line-height:var(--h2_typography-line-height);--awb-caption-title-letter-spacing:var(--h2_typography-letter-spacing);\"><div class=\"imageframe-align-center\"><span class=\" fusion-imageframe imageframe-none imageframe-1 hover-type-none img-border-20\"><img decoding=\"async\" width=\"300\" height=\"435\" title=\"Ostad Elahi 1922\" src=\"https:\/\/ostadelahi.com\/wp-content\/uploads\/ostadelahi-1922-2.jpg\" alt class=\"img-responsive wp-image-8361\" srcset=\"https:\/\/ostadelahi.com\/wp-content\/uploads\/ostadelahi-1922-2-200x290.jpg 200w, https:\/\/ostadelahi.com\/wp-content\/uploads\/ostadelahi-1922-2.jpg 300w\" sizes=\"(max-width: 640px) 100vw, 300px\" \/><\/span><\/div><\/div><div class=\"fusion-clearfix\"><\/div><\/div><\/div><div class=\"fusion-layout-column fusion_builder_column fusion-builder-column-2 fusion_builder_column_1_3 1_3 fusion-one-third fusion-no-small-visibility\" style=\"--awb-bg-size:cover;width:33.333333333333%;width:calc(33.333333333333% - ( ( 4% + 4% ) * 0.33333333333333 ) );margin-right: 4%;\"><div class=\"fusion-column-wrapper fusion-flex-column-wrapper-legacy\"><div class=\"fusion-image-element fusion-image-align-center in-legacy-container\" style=\"text-align:center;--awb-caption-title-size:var(--h2_typography-font-size);--awb-caption-title-transform:var(--h2_typography-text-transform);--awb-caption-title-line-height:var(--h2_typography-line-height);--awb-caption-title-letter-spacing:var(--h2_typography-letter-spacing);\"><div class=\"imageframe-align-center\"><span class=\" fusion-imageframe imageframe-none imageframe-2 hover-type-none img-border-20\"><img decoding=\"async\" width=\"300\" height=\"435\" title=\"Ostad Elahi 1930\" src=\"https:\/\/ostadelahi.com\/wp-content\/uploads\/ostadelahi-1930-1.jpg\" alt class=\"img-responsive wp-image-8359\" srcset=\"https:\/\/ostadelahi.com\/wp-content\/uploads\/ostadelahi-1930-1-200x290.jpg 200w, https:\/\/ostadelahi.com\/wp-content\/uploads\/ostadelahi-1930-1.jpg 300w\" sizes=\"(max-width: 640px) 100vw, 300px\" \/><\/span><\/div><\/div><div class=\"fusion-clearfix\"><\/div><\/div><\/div><div class=\"fusion-layout-column fusion_builder_column fusion-builder-column-3 fusion_builder_column_1_3 1_3 fusion-one-third fusion-column-last fusion-no-small-visibility\" style=\"--awb-bg-size:cover;width:33.333333333333%;width:calc(33.333333333333% - ( ( 4% + 4% ) * 0.33333333333333 ) );\"><div class=\"fusion-column-wrapper fusion-flex-column-wrapper-legacy\"><div class=\"fusion-image-element fusion-image-align-center in-legacy-container\" style=\"text-align:center;--awb-caption-title-size:var(--h2_typography-font-size);--awb-caption-title-transform:var(--h2_typography-text-transform);--awb-caption-title-line-height:var(--h2_typography-line-height);--awb-caption-title-letter-spacing:var(--h2_typography-letter-spacing);\"><div class=\"imageframe-align-center\"><span class=\" fusion-imageframe imageframe-none imageframe-3 hover-type-none img-border-20\"><img decoding=\"async\" width=\"300\" height=\"435\" title=\"Ostad Elahi 1932\" src=\"https:\/\/ostadelahi.com\/wp-content\/uploads\/ostadelahi-1932-1.jpg\" alt class=\"img-responsive wp-image-8357\" srcset=\"https:\/\/ostadelahi.com\/wp-content\/uploads\/ostadelahi-1932-1-200x290.jpg 200w, https:\/\/ostadelahi.com\/wp-content\/uploads\/ostadelahi-1932-1.jpg 300w\" sizes=\"(max-width: 640px) 100vw, 300px\" \/><\/span><\/div><\/div><div class=\"fusion-clearfix\"><\/div><\/div><\/div><div class=\"fusion-layout-column fusion_builder_column fusion-builder-column-4 fusion_builder_column_1_1 1_1 fusion-one-full fusion-column-first fusion-column-last fusion-no-medium-visibility fusion-no-large-visibility\" style=\"--awb-bg-size:cover;\"><div class=\"fusion-column-wrapper fusion-flex-column-wrapper-legacy\"><div class=\"fusion-image-element in-legacy-container\" style=\"--awb-caption-title-size:var(--h2_typography-font-size);--awb-caption-title-transform:var(--h2_typography-text-transform);--awb-caption-title-line-height:var(--h2_typography-line-height);--awb-caption-title-letter-spacing:var(--h2_typography-letter-spacing);\"><span class=\" fusion-imageframe imageframe-none imageframe-4 hover-type-none img-border-20\"><img decoding=\"async\" width=\"750\" height=\"352\" src=\"https:\/\/ostadelahi.com\/wp-content\/uploads\/Paradigm-Shift@2x.jpg\" alt class=\"img-responsive wp-image-8176\" srcset=\"https:\/\/ostadelahi.com\/wp-content\/uploads\/Paradigm-Shift@2x-200x94.jpg 200w, https:\/\/ostadelahi.com\/wp-content\/uploads\/Paradigm-Shift@2x-400x188.jpg 400w, https:\/\/ostadelahi.com\/wp-content\/uploads\/Paradigm-Shift@2x-600x282.jpg 600w, https:\/\/ostadelahi.com\/wp-content\/uploads\/Paradigm-Shift@2x.jpg 750w\" sizes=\"(max-width: 640px) 100vw, 750px\" \/><\/span><\/div><div class=\"fusion-clearfix\"><\/div><\/div><\/div><div class=\"fusion-layout-column fusion_builder_column fusion-builder-column-5 fusion_builder_column_1_1 1_1 fusion-one-full fusion-column-first fusion-column-last\" style=\"--awb-bg-size:cover;\"><div class=\"fusion-column-wrapper fusion-flex-column-wrapper-legacy\"><div class=\"fusion-text fusion-text-2\"><p>Anni dopo, quando Ostad Elahi espose la sua concezione filosofica del processo di perfezionamento spirituale, fu evidente che una tale svolta nella vita e nel pensiero di una persona fosse un miracolo pi\u00f9 che un semplice cambio di stile di vita. Alcuni tra i suoi seguaci e conoscenti lo criticarono aspramente per non aver seguito il cammino del padre e per il fatto di mostrarsi pari agli altri in societ\u00e0; qualcuno addirittura si allontan\u00f2 da lui per questa ragione. Ma Ostad Elahi non venne meno al suo obiettivo e instaur\u00f2 definitivamente un approccio innovativo alla spiritualit\u00e0 che avrebbe facilitato quanti fossero alla ricerca della Verit\u00e0.<\/p>\n<blockquote>\n<p>Il mio approccio assomiglia ad un nuovo campo della medicina che si basa su anni di ascetismo, sperimentazione e ricerca; in verit\u00e0, \u00e8 la sintesi della mia esperienza personale.<\/p>\n<\/blockquote>\n<p>I suoi veri seguaci e amici ne seguirono l\u2019esempio e conformarono il loro approccio spirituale al suo \u2013 un approccio originale e senza precedenti. Infatti, attraverso le pagine della storia, possiamo constatare che i mistici devoti e pii hanno sempre seguito l\u2019esempio dei loro predecessori, senza mai perseguire una via diversa da quella seguita dal loro maestro. Mostrando un percorso che in effetti costituisce una scorciatoia nel mondo spirituale, Ostad Elahi ha aperto un nuovo capitolo, frutto di una spiritualit\u00e0 naturale e che presenta un nuovo approccio nell\u2019acquisire la conoscenza di se stessi e, di conseguenza, del divino.<\/p>\n<p>Mettendo da parte i diversi vincoli di natura sociale, etnica e tradizionale, Ostad Elahi \u00e8 stato un pensatore originale, il cui approccio innovativo permette di affrancarsi dai costumi elitari, onerosi e secolari del misticismo tradizionale. In sostanza, ha sottratto la spiritualit\u00e0 alla sfera d\u2019influenza dei mistici e, allo stesso modo, ai clich\u00e9 ripetitivi, mettendola invece a disposizione di tutta l\u2019umanit\u00e0: un\u2019impresa rivoluzionaria nel campo della scienza della spiritualit\u00e0.<\/p>\n<\/div><div class=\"fusion-clearfix\"><\/div><\/div><\/div><\/div><\/div>\n","protected":false},"excerpt":{"rendered":"","protected":false},"author":1,"featured_media":0,"parent":6810,"menu_order":3,"comment_status":"closed","ping_status":"closed","template":"side-navigation.php","meta":{"footnotes":""},"class_list":["post-6859","page","type-page","status-publish","hentry"],"yoast_head":"<!-- This site is optimized with the Yoast SEO plugin v20.3 - https:\/\/yoast.com\/wordpress\/plugins\/seo\/ -->\n<title>Un nuovo paradigma - Ostad Elahi<\/title>\n<meta name=\"robots\" content=\"index, follow, max-snippet:-1, max-image-preview:large, max-video-preview:-1\" \/>\n<link rel=\"canonical\" href=\"https:\/\/ostadelahi.com\/life\/biography\/a-paradigm-shift\/\" \/>\n<meta property=\"og:locale\" content=\"it_IT\" \/>\n<meta property=\"og:type\" content=\"article\" \/>\n<meta property=\"og:title\" content=\"Un nuovo paradigma - Ostad Elahi\" \/>\n<meta property=\"og:url\" content=\"https:\/\/ostadelahi.com\/life\/biography\/a-paradigm-shift\/\" \/>\n<meta property=\"og:site_name\" content=\"Ostad Elahi\" \/>\n<meta property=\"article:modified_time\" content=\"2020-09-08T10:31:15+00:00\" \/>\n<meta name=\"twitter:card\" content=\"summary_large_image\" \/>\n<meta name=\"twitter:label1\" content=\"Tempo di lettura stimato\" \/>\n\t<meta name=\"twitter:data1\" content=\"7 minuti\" \/>\n<script type=\"application\/ld+json\" class=\"yoast-schema-graph\">{\"@context\":\"https:\/\/schema.org\",\"@graph\":[{\"@type\":\"WebPage\",\"@id\":\"https:\/\/ostadelahi.com\/life\/biography\/a-paradigm-shift\/\",\"url\":\"https:\/\/ostadelahi.com\/life\/biography\/a-paradigm-shift\/\",\"name\":\"Un nuovo paradigma - Ostad Elahi\",\"isPartOf\":{\"@id\":\"https:\/\/ostadelahi.com\/#website\"},\"datePublished\":\"2013-01-21T08:26:43+00:00\",\"dateModified\":\"2020-09-08T10:31:15+00:00\",\"breadcrumb\":{\"@id\":\"https:\/\/ostadelahi.com\/life\/biography\/a-paradigm-shift\/#breadcrumb\"},\"inLanguage\":\"it-IT\",\"potentialAction\":[{\"@type\":\"ReadAction\",\"target\":[\"https:\/\/ostadelahi.com\/life\/biography\/a-paradigm-shift\/\"]}]},{\"@type\":\"BreadcrumbList\",\"@id\":\"https:\/\/ostadelahi.com\/life\/biography\/a-paradigm-shift\/#breadcrumb\",\"itemListElement\":[{\"@type\":\"ListItem\",\"position\":1,\"name\":\"Home\",\"item\":\"https:\/\/ostadelahi.com\/it\/\"},{\"@type\":\"ListItem\",\"position\":2,\"name\":\"La vita\",\"item\":\"https:\/\/ostadelahi.com\/life\/\"},{\"@type\":\"ListItem\",\"position\":3,\"name\":\"Biografia\",\"item\":\"https:\/\/ostadelahi.com\/life\/biography\/\"},{\"@type\":\"ListItem\",\"position\":4,\"name\":\"Un nuovo paradigma\"}]},{\"@type\":\"WebSite\",\"@id\":\"https:\/\/ostadelahi.com\/#website\",\"url\":\"https:\/\/ostadelahi.com\/\",\"name\":\"Ostad Elahi\",\"description\":\"The official website on the life, work, and music of Ostad Elahi (1895-1974).\",\"potentialAction\":[{\"@type\":\"SearchAction\",\"target\":{\"@type\":\"EntryPoint\",\"urlTemplate\":\"https:\/\/ostadelahi.com\/?s={search_term_string}\"},\"query-input\":\"required name=search_term_string\"}],\"inLanguage\":\"it-IT\"}]}<\/script>\n<!-- \/ Yoast SEO plugin. -->","yoast_head_json":{"title":"Un nuovo paradigma - Ostad Elahi","robots":{"index":"index","follow":"follow","max-snippet":"max-snippet:-1","max-image-preview":"max-image-preview:large","max-video-preview":"max-video-preview:-1"},"canonical":"https:\/\/ostadelahi.com\/life\/biography\/a-paradigm-shift\/","og_locale":"it_IT","og_type":"article","og_title":"Un nuovo paradigma - Ostad Elahi","og_url":"https:\/\/ostadelahi.com\/life\/biography\/a-paradigm-shift\/","og_site_name":"Ostad Elahi","article_modified_time":"2020-09-08T10:31:15+00:00","twitter_card":"summary_large_image","twitter_misc":{"Tempo di lettura stimato":"7 minuti"},"schema":{"@context":"https:\/\/schema.org","@graph":[{"@type":"WebPage","@id":"https:\/\/ostadelahi.com\/life\/biography\/a-paradigm-shift\/","url":"https:\/\/ostadelahi.com\/life\/biography\/a-paradigm-shift\/","name":"Un nuovo paradigma - Ostad Elahi","isPartOf":{"@id":"https:\/\/ostadelahi.com\/#website"},"datePublished":"2013-01-21T08:26:43+00:00","dateModified":"2020-09-08T10:31:15+00:00","breadcrumb":{"@id":"https:\/\/ostadelahi.com\/life\/biography\/a-paradigm-shift\/#breadcrumb"},"inLanguage":"it-IT","potentialAction":[{"@type":"ReadAction","target":["https:\/\/ostadelahi.com\/life\/biography\/a-paradigm-shift\/"]}]},{"@type":"BreadcrumbList","@id":"https:\/\/ostadelahi.com\/life\/biography\/a-paradigm-shift\/#breadcrumb","itemListElement":[{"@type":"ListItem","position":1,"name":"Home","item":"https:\/\/ostadelahi.com\/it\/"},{"@type":"ListItem","position":2,"name":"La vita","item":"https:\/\/ostadelahi.com\/life\/"},{"@type":"ListItem","position":3,"name":"Biografia","item":"https:\/\/ostadelahi.com\/life\/biography\/"},{"@type":"ListItem","position":4,"name":"Un nuovo paradigma"}]},{"@type":"WebSite","@id":"https:\/\/ostadelahi.com\/#website","url":"https:\/\/ostadelahi.com\/","name":"Ostad Elahi","description":"The official website on the life, work, and music of Ostad Elahi (1895-1974).","potentialAction":[{"@type":"SearchAction","target":{"@type":"EntryPoint","urlTemplate":"https:\/\/ostadelahi.com\/?s={search_term_string}"},"query-input":"required name=search_term_string"}],"inLanguage":"it-IT"}]}},"_links":{"self":[{"href":"https:\/\/ostadelahi.com\/it\/wp-json\/wp\/v2\/pages\/6859","targetHints":{"allow":["GET"]}}],"collection":[{"href":"https:\/\/ostadelahi.com\/it\/wp-json\/wp\/v2\/pages"}],"about":[{"href":"https:\/\/ostadelahi.com\/it\/wp-json\/wp\/v2\/types\/page"}],"author":[{"embeddable":true,"href":"https:\/\/ostadelahi.com\/it\/wp-json\/wp\/v2\/users\/1"}],"replies":[{"embeddable":true,"href":"https:\/\/ostadelahi.com\/it\/wp-json\/wp\/v2\/comments?post=6859"}],"version-history":[{"count":7,"href":"https:\/\/ostadelahi.com\/it\/wp-json\/wp\/v2\/pages\/6859\/revisions"}],"predecessor-version":[{"id":10095,"href":"https:\/\/ostadelahi.com\/it\/wp-json\/wp\/v2\/pages\/6859\/revisions\/10095"}],"up":[{"embeddable":true,"href":"https:\/\/ostadelahi.com\/it\/wp-json\/wp\/v2\/pages\/6810"}],"wp:attachment":[{"href":"https:\/\/ostadelahi.com\/it\/wp-json\/wp\/v2\/media?parent=6859"}],"curies":[{"name":"wp","href":"https:\/\/api.w.org\/{rel}","templated":true}]}}