{"id":6853,"date":"2013-01-21T03:26:12","date_gmt":"2013-01-21T08:26:12","guid":{"rendered":"https:\/\/ostadelahi.com\/la-vita\/biografia\/la-mistica-classica\/"},"modified":"2020-09-08T05:27:56","modified_gmt":"2020-09-08T10:27:56","slug":"la-mistica-classica","status":"publish","type":"page","link":"https:\/\/ostadelahi.com\/it\/la-vita\/biografia\/la-mistica-classica\/","title":{"rendered":"La mistica classica"},"content":{"rendered":"<div class=\"fusion-fullwidth fullwidth-box fusion-builder-row-1 nonhundred-percent-fullwidth non-hundred-percent-height-scrolling\" style=\"--awb-border-radius-top-left:0px;--awb-border-radius-top-right:0px;--awb-border-radius-bottom-right:0px;--awb-border-radius-bottom-left:0px;\" ><div class=\"fusion-builder-row fusion-row\"><div class=\"fusion-layout-column fusion_builder_column fusion-builder-column-0 fusion_builder_column_1_1 1_1 fusion-one-full fusion-column-first fusion-column-last\" style=\"--awb-bg-size:cover;--awb-margin-bottom:0px;\"><div class=\"fusion-column-wrapper fusion-flex-column-wrapper-legacy\"><div class=\"fusion-text fusion-text-1\"><p>Dopo la sua trasformazione spirituale e al termine di dodici anni consecutivi di digiuni e di ritiro ascetico, all\u2019et\u00e0 di ventun anni Ostad Elahi era, a detta di tutti, un saggio e un musicista senza pari. Durante l\u2019intero periodo del suo ritiro ascetico non aveva mai provato cosa significasse vivere fuori dalla propria casa, abituato piuttosto a vivere nell\u2019Eden della dimora di suo padre, con la sua atmosfera spirituale, priva di attrazioni materiali. Alla fine di questo periodo di ascetismo, rimase in quella stessa casa ancora per qualche tempo e continu\u00f2 il suo stile di vita mistico, inconsapevole di cosa accadesse nel mondo esterno. Fu questa stessa innocenza che in seguito gli avrebbe reso le cose alquanto difficili in societ\u00e0.<\/p>\n<blockquote>\n<p><i>La mia vita era trascorsa interamente fra le stesse quattro mura familiari<\/i> <i>e, alle mie orecchie, non erano giunte che parole divine. Non avevo alcuna forma di interazione con la societ\u00e0&#8230; e <\/i><i>nessuna<\/i><i> conoscenza del modo di vivere e di pensare della gente. Non potevo credere che qualcuno potesse mentire o ingannare; pensavo che in qualsiasi altro ambiente fosse come nella nostra casa.<\/i><\/p>\n<\/blockquote>\n<p>Anche se non vi \u00e8 alcuna testimonianza certa di quel periodo, i documenti esistenti e diversi resoconti confermano che, prima di entrare nella funzione pubblica, Ostad Elahi continu\u00f2 a mantenere lo stile di vita mistico di suo padre, conservando i suoi lunghi capelli, indossando gli abiti bianchi dei dervisci e rimanendo fedele ad una tradizione a cui era molto affezionato fin da quando aveva sei anni. Fu durante quel periodo che un astuto gioielliere, nel bazar di Teheran, osservando la personalit\u00e0 nobile e carismatica di Ostad Elahi, fu indotto a chiedergli insistentemente di insegnargli i segreti dell\u2019alchimia.<\/p>\n<\/div><div class=\"fusion-text fusion-text-2\"><blockquote>\n<p><em>Durante il mio<\/em><em> primo viaggio a Teheran avevo venticinque anni e vivevo in un quartiere chiamato Sangelaj. In quei giorni, a volte passavo dal bazar. Il mio stato di totale distacco da tutto aveva attirato l\u2019attenzione di un gioielliere locale, e lo aveva portato a credere che io possedessi il segreto dell\u2019alchimia. Un giorno, mi salut\u00f2 calorosamente e mi invit\u00f2 nel suo negozio; quando seppe che stavo digiunando la sua curiosit\u00e0 crebbe ulteriormente. Qualche giorno dopo, mi invit\u00f2 nuovamente all\u2019interno del suo negozio e disse: \u00abSignore, non vorrebbe accordarmi di condividere\u2026\u00bb \u2013 si riferiva all\u2019alchimia. Il suo ragionamento era il seguente: \u00abIl suo distacco e il suo portamento nobile mi spingono a credere che lei sia in possesso della pietra filosofale\u00bb. Era molto insistente; pertanto, alla fine, un giorno gli dissi: \u00abLe riveler\u00f2 il segreto dell\u2019alchimia a una sola condizione\u00bb. Ne fu felicissimo e disse: \u00abQualsiasi condizione lei ponga, l\u2019accetter\u00f2 con tutto il cuore\u00bb. Gli dissi che la condizione era questa: \u00abChe lei rinunci veramente a qualsiasi cosa il suo ego desideri. Fra qualche tempo la metter\u00f2 alla prova, e se lei sar\u00e0 capace di rispettare questa condizione, le riveler\u00f2 il segreto dell\u2019alchimia\u00bb. Ci pens\u00f2 un attimo e rispose, \u00abMa signore, se rinuncio ai miei desideri, perch\u00e9 mai dovrei voler conoscere il segreto dell\u2019alchimia?\u00bb Gli diedi allora alcuni consigli e gli spiegai che quanto si dice abitualmente \u00e8 ingannevole: \u00abLa chiave della vera alchimia \u00e8 nelle mani di Dio, e Lui la concede solo a coloro che non la useranno\u00bb. Quando una persona raggiunge il distacco e non cerca altro che la contentezza divina, avr\u00e0 tutto, perch\u00e9 Dio non lesina nulla a nessuno e d\u00e0 a ognuno ci\u00f2 che \u00e8 bene per lui.<\/em><\/p>\n<\/blockquote>\n<\/div><div class=\"fusion-clearfix\"><\/div><\/div><\/div><div class=\"fusion-layout-column fusion_builder_column fusion-builder-column-1 fusion_builder_column_2_3 2_3 fusion-two-third fusion-column-first\" style=\"--awb-bg-size:cover;width:66.666666666667%;width:calc(66.666666666667% - ( ( 4% ) * 0.66666666666667 ) );margin-right: 4%;\"><div class=\"fusion-column-wrapper fusion-flex-column-wrapper-legacy\"><div class=\"fusion-text fusion-text-3\"><blockquote>\n<p><em>La foto nella quale indosso un turbante risale a quando stavo entrando nel mio ventiseiesimo anno. Ero immerso in un mondo angelico, costantemente in stato di digiuno, che rompevo al tramonto con un solo pasto frugale, ogni ventiquattr\u2019ore.<\/em><\/p>\n<p><em>Quando guardo le foto della mia giovinezza sono sopraffatto da un sentimento particolare al ricordo dello stato interiore e di esaltazione spirituale in cui mi trovavo. Il mondo, e tutto ci\u00f2 che vi era in esso, non avevano alcun significato per me.<\/em><\/p>\n<\/blockquote>\n<\/div><div class=\"fusion-clearfix\"><\/div><\/div><\/div><div class=\"fusion-layout-column fusion_builder_column fusion-builder-column-2 fusion_builder_column_1_3 1_3 fusion-one-third fusion-column-last\" style=\"--awb-padding-top:0px;--awb-padding-right:0px;--awb-padding-bottom:0px;--awb-padding-left:0px;--awb-bg-size:cover;--awb-border-color:#d6d6d6;--awb-border-style:solid;width:33.333333333333%;width:calc(33.333333333333% - ( ( 4% ) * 0.33333333333333 ) );\"><div class=\"fusion-column-wrapper fusion-flex-column-wrapper-legacy\"><div class=\"fusion-column-content-centered\"><div class=\"fusion-column-content\"><div class=\"fusion-image-element fusion-image-align-center in-legacy-container\" style=\"text-align:center;--awb-caption-title-size:var(--h2_typography-font-size);--awb-caption-title-transform:var(--h2_typography-text-transform);--awb-caption-title-line-height:var(--h2_typography-line-height);--awb-caption-title-letter-spacing:var(--h2_typography-letter-spacing);\"><div class=\"imageframe-align-center\"><span class=\" fusion-imageframe imageframe-none imageframe-1 hover-type-none img-border-20\"><img decoding=\"async\" width=\"300\" height=\"435\" title=\"Ostad Elahi 1922\" src=\"https:\/\/ostadelahi.com\/wp-content\/uploads\/ostadelahi-1922-2.jpg\" alt class=\"img-responsive wp-image-8361\" srcset=\"https:\/\/ostadelahi.com\/wp-content\/uploads\/ostadelahi-1922-2-200x290.jpg 200w, https:\/\/ostadelahi.com\/wp-content\/uploads\/ostadelahi-1922-2.jpg 300w\" sizes=\"(max-width: 640px) 100vw, 300px\" \/><\/span><\/div><\/div><\/div><\/div><div class=\"fusion-clearfix\"><\/div><\/div><\/div><div class=\"fusion-layout-column fusion_builder_column fusion-builder-column-3 fusion_builder_column_1_1 1_1 fusion-one-full fusion-column-first fusion-column-last\" style=\"--awb-bg-size:cover;\"><div class=\"fusion-column-wrapper fusion-flex-column-wrapper-legacy\"><div class=\"fusion-text fusion-text-4\"><p>Il metodo di insegnamento di Hadj Nematollah privilegiava l\u2019educazione spirituale di suo figlio e non lasciava molto tempo per la sua educazione convenzionale. Tuttavia, la documentazione che resta dell\u2019infanzia e della giovent\u00f9 di Ostad Elahi rivela che aveva una buona padronanza della calligrafia, buone doti letterarie (soprattutto nella poesia), e una sufficiente padronanza della teologia, della filosofia e della storia religiosa. Prima della scomparsa di Hadj Nemat, nel 1920, il giovane Nur Ali passava spesso il suo tempo a trascrivere le opere di suo padre. Ostad ricorda che, verso la fine della sua vita, Hadj Nematollah recit\u00f2 il <em>Libro dei Re della Verit\u00e0<\/em> nel corso di quaranta giorni consecutivi, mentre lui rapidamente trascriveva le parole del padre. In quel periodo si manifest\u00f2 con chiarezza la profondit\u00e0 della sua conoscenza dei fondamenti della spiritualit\u00e0. In seguito, la stessa attitudine e la stessa perseveranza lo avrebbero aiutato a completare con successo, in soli sei mesi, i tre anni del corso di studi di giurisprudenza, nonostante la mancanza di un\u2019educazione convenzionale.<\/p>\n<p>Sulla base delle raccomandazioni di Hadj Nematollah, Ostad Elahi si spos\u00f2 alcuni anni prima della scomparsa di suo padre, e il suo primo figlio nacque due giorni dopo la sua dipartita. Dopo la morte del padre, oltre ad assumersi la responsabilit\u00e0 di sua madre, delle sue due sorelle pi\u00f9 giovani, di sua moglie e di suo figlio, nonch\u00e9 delle terre ereditate, dedic\u00f2 la maggior parte del tempo alla contemplazione, a occasionali ritiri ascetici e digiuni, alla scrittura, alla ricerca, a dare lezioni spirituali e a guidare coloro che erano alla ricerca; si recava anche in pellegrinaggio nei luoghi sacri dedicati ai santi pi\u00f9 eminenti degli <i>Ahl-e Haqq<\/i> e si dedicava alla trascrizione delle opere di suo padre, scrivendo anche dei commentari ad alcune di esse. Una delle opere di maggior valore di quel periodo \u00e8 il suo dettagliato resoconto in prosa della creazione che, come riferisce Ostad Elahi, fu il prodotto di una visione spirituale.<\/p>\n<p>Nei primi giorni successivi alla scomparsa di Hadj Nematollah, tutti i suoi seguaci videro la dipartita della loro guida come la fine dell\u2019illuminazione spirituale che egli aveva elargito, disperdendosi ed abbandonando a se stesso il giovane Nur Ali. I pi\u00f9 accaniti oppositori di suo padre, frustrati perch\u00e9, mentre egli era in vita, non avevano potuto approfittare della gente del luogo a vantaggio dei propri interessi materiali, cercarono di cogliere questa opportunit\u00e0 e decisero di eliminare Ostad per impedirgli di divenire un ostacolo come lo era stato suo padre. Convinto che la volont\u00e0 divina si sarebbe realizzata comunque, Ostad ignor\u00f2 le loro ripetute minacce e si rifiut\u00f2 di fuggire. Infatti, non pass\u00f2 molto tempo, che la pagina gir\u00f2 in tal modo che non solo i seguaci sinceri di Ostad tornarono e si strinsero nuovamente intorno a lui, ma anche i suoi oppositori, che avevano fallito nel cercare di realizzare i loro obiettivi, tornarono ad esprimergli il loro rimorso per quello che avevano fatto, nel tentativo di salvare almeno le apparenze.<\/p>\n<p>Da allora in poi i suoi seguaci e i suoi compagni avrebbero ancora una volta beneficiato della sua conoscenza e della sua saggezza spirituale, cos\u00ec come avevano fatto al tempo di Hadj Nematollah.<\/p>\n<\/div><div class=\"fusion-clearfix\"><\/div><\/div><\/div><\/div><\/div>\n","protected":false},"excerpt":{"rendered":"","protected":false},"author":1,"featured_media":0,"parent":6810,"menu_order":2,"comment_status":"closed","ping_status":"closed","template":"side-navigation.php","meta":{"footnotes":""},"class_list":["post-6853","page","type-page","status-publish","hentry"],"yoast_head":"<!-- This site is optimized with the Yoast SEO plugin v20.3 - https:\/\/yoast.com\/wordpress\/plugins\/seo\/ -->\n<title>La mistica classica - Ostad Elahi<\/title>\n<meta name=\"robots\" content=\"index, follow, max-snippet:-1, max-image-preview:large, max-video-preview:-1\" \/>\n<link rel=\"canonical\" href=\"https:\/\/ostadelahi.com\/life\/biography\/the-classic-mystic\/\" \/>\n<meta property=\"og:locale\" content=\"it_IT\" \/>\n<meta property=\"og:type\" content=\"article\" \/>\n<meta property=\"og:title\" content=\"La mistica classica - Ostad Elahi\" \/>\n<meta property=\"og:url\" content=\"https:\/\/ostadelahi.com\/life\/biography\/the-classic-mystic\/\" \/>\n<meta property=\"og:site_name\" content=\"Ostad Elahi\" \/>\n<meta property=\"article:modified_time\" content=\"2020-09-08T10:27:56+00:00\" \/>\n<meta name=\"twitter:card\" content=\"summary_large_image\" \/>\n<meta name=\"twitter:label1\" content=\"Tempo di lettura stimato\" \/>\n\t<meta name=\"twitter:data1\" content=\"9 minuti\" \/>\n<script type=\"application\/ld+json\" class=\"yoast-schema-graph\">{\"@context\":\"https:\/\/schema.org\",\"@graph\":[{\"@type\":\"WebPage\",\"@id\":\"https:\/\/ostadelahi.com\/life\/biography\/the-classic-mystic\/\",\"url\":\"https:\/\/ostadelahi.com\/life\/biography\/the-classic-mystic\/\",\"name\":\"La mistica classica - Ostad Elahi\",\"isPartOf\":{\"@id\":\"https:\/\/ostadelahi.com\/#website\"},\"datePublished\":\"2013-01-21T08:26:12+00:00\",\"dateModified\":\"2020-09-08T10:27:56+00:00\",\"breadcrumb\":{\"@id\":\"https:\/\/ostadelahi.com\/life\/biography\/the-classic-mystic\/#breadcrumb\"},\"inLanguage\":\"it-IT\",\"potentialAction\":[{\"@type\":\"ReadAction\",\"target\":[\"https:\/\/ostadelahi.com\/life\/biography\/the-classic-mystic\/\"]}]},{\"@type\":\"BreadcrumbList\",\"@id\":\"https:\/\/ostadelahi.com\/life\/biography\/the-classic-mystic\/#breadcrumb\",\"itemListElement\":[{\"@type\":\"ListItem\",\"position\":1,\"name\":\"Home\",\"item\":\"https:\/\/ostadelahi.com\/it\/\"},{\"@type\":\"ListItem\",\"position\":2,\"name\":\"La vita\",\"item\":\"https:\/\/ostadelahi.com\/life\/\"},{\"@type\":\"ListItem\",\"position\":3,\"name\":\"Biografia\",\"item\":\"https:\/\/ostadelahi.com\/life\/biography\/\"},{\"@type\":\"ListItem\",\"position\":4,\"name\":\"La mistica classica\"}]},{\"@type\":\"WebSite\",\"@id\":\"https:\/\/ostadelahi.com\/#website\",\"url\":\"https:\/\/ostadelahi.com\/\",\"name\":\"Ostad Elahi\",\"description\":\"The official website on the life, work, and music of Ostad Elahi (1895-1974).\",\"potentialAction\":[{\"@type\":\"SearchAction\",\"target\":{\"@type\":\"EntryPoint\",\"urlTemplate\":\"https:\/\/ostadelahi.com\/?s={search_term_string}\"},\"query-input\":\"required name=search_term_string\"}],\"inLanguage\":\"it-IT\"}]}<\/script>\n<!-- \/ Yoast SEO plugin. -->","yoast_head_json":{"title":"La mistica classica - Ostad Elahi","robots":{"index":"index","follow":"follow","max-snippet":"max-snippet:-1","max-image-preview":"max-image-preview:large","max-video-preview":"max-video-preview:-1"},"canonical":"https:\/\/ostadelahi.com\/life\/biography\/the-classic-mystic\/","og_locale":"it_IT","og_type":"article","og_title":"La mistica classica - Ostad Elahi","og_url":"https:\/\/ostadelahi.com\/life\/biography\/the-classic-mystic\/","og_site_name":"Ostad Elahi","article_modified_time":"2020-09-08T10:27:56+00:00","twitter_card":"summary_large_image","twitter_misc":{"Tempo di lettura stimato":"9 minuti"},"schema":{"@context":"https:\/\/schema.org","@graph":[{"@type":"WebPage","@id":"https:\/\/ostadelahi.com\/life\/biography\/the-classic-mystic\/","url":"https:\/\/ostadelahi.com\/life\/biography\/the-classic-mystic\/","name":"La mistica classica - Ostad Elahi","isPartOf":{"@id":"https:\/\/ostadelahi.com\/#website"},"datePublished":"2013-01-21T08:26:12+00:00","dateModified":"2020-09-08T10:27:56+00:00","breadcrumb":{"@id":"https:\/\/ostadelahi.com\/life\/biography\/the-classic-mystic\/#breadcrumb"},"inLanguage":"it-IT","potentialAction":[{"@type":"ReadAction","target":["https:\/\/ostadelahi.com\/life\/biography\/the-classic-mystic\/"]}]},{"@type":"BreadcrumbList","@id":"https:\/\/ostadelahi.com\/life\/biography\/the-classic-mystic\/#breadcrumb","itemListElement":[{"@type":"ListItem","position":1,"name":"Home","item":"https:\/\/ostadelahi.com\/it\/"},{"@type":"ListItem","position":2,"name":"La vita","item":"https:\/\/ostadelahi.com\/life\/"},{"@type":"ListItem","position":3,"name":"Biografia","item":"https:\/\/ostadelahi.com\/life\/biography\/"},{"@type":"ListItem","position":4,"name":"La mistica classica"}]},{"@type":"WebSite","@id":"https:\/\/ostadelahi.com\/#website","url":"https:\/\/ostadelahi.com\/","name":"Ostad Elahi","description":"The official website on the life, work, and music of Ostad Elahi (1895-1974).","potentialAction":[{"@type":"SearchAction","target":{"@type":"EntryPoint","urlTemplate":"https:\/\/ostadelahi.com\/?s={search_term_string}"},"query-input":"required name=search_term_string"}],"inLanguage":"it-IT"}]}},"_links":{"self":[{"href":"https:\/\/ostadelahi.com\/it\/wp-json\/wp\/v2\/pages\/6853","targetHints":{"allow":["GET"]}}],"collection":[{"href":"https:\/\/ostadelahi.com\/it\/wp-json\/wp\/v2\/pages"}],"about":[{"href":"https:\/\/ostadelahi.com\/it\/wp-json\/wp\/v2\/types\/page"}],"author":[{"embeddable":true,"href":"https:\/\/ostadelahi.com\/it\/wp-json\/wp\/v2\/users\/1"}],"replies":[{"embeddable":true,"href":"https:\/\/ostadelahi.com\/it\/wp-json\/wp\/v2\/comments?post=6853"}],"version-history":[{"count":8,"href":"https:\/\/ostadelahi.com\/it\/wp-json\/wp\/v2\/pages\/6853\/revisions"}],"predecessor-version":[{"id":10093,"href":"https:\/\/ostadelahi.com\/it\/wp-json\/wp\/v2\/pages\/6853\/revisions\/10093"}],"up":[{"embeddable":true,"href":"https:\/\/ostadelahi.com\/it\/wp-json\/wp\/v2\/pages\/6810"}],"wp:attachment":[{"href":"https:\/\/ostadelahi.com\/it\/wp-json\/wp\/v2\/media?parent=6853"}],"curies":[{"name":"wp","href":"https:\/\/api.w.org\/{rel}","templated":true}]}}