{"id":6824,"date":"2013-01-21T03:25:37","date_gmt":"2013-01-21T08:25:37","guid":{"rendered":"https:\/\/ostadelahi.com\/la-vita\/biografia\/i-primi-anni\/"},"modified":"2020-09-08T05:26:00","modified_gmt":"2020-09-08T10:26:00","slug":"i-primi-anni","status":"publish","type":"page","link":"https:\/\/ostadelahi.com\/it\/la-vita\/biografia\/i-primi-anni\/","title":{"rendered":"I primi anni"},"content":{"rendered":"<div class=\"fusion-fullwidth fullwidth-box fusion-builder-row-1 nonhundred-percent-fullwidth non-hundred-percent-height-scrolling\" style=\"--awb-border-radius-top-left:0px;--awb-border-radius-top-right:0px;--awb-border-radius-bottom-right:0px;--awb-border-radius-bottom-left:0px;\" ><div class=\"fusion-builder-row fusion-row\"><div class=\"fusion-layout-column fusion_builder_column fusion-builder-column-0 fusion_builder_column_1_2 1_2 fusion-one-half fusion-column-first\" style=\"--awb-bg-size:cover;--awb-margin-bottom:0px;width:48%; margin-right: 4%;\"><div class=\"fusion-column-wrapper fusion-flex-column-wrapper-legacy\"><div class=\"fusion-text fusion-text-1\"><p>Nur Al\u00ec Elahi, pi\u00f9 noto come Ostad Elahi per la sua saggezza e la sua padronanza della musica sacra, \u00e8 nato e cresciuto in un\u2019atmosfera permeata di pura spiritualit\u00e0. Il suo villaggio di origine, Jeyhunabad, si trova in una remota regione, nelle placide pianure dell\u2019Iran Occidentale, nella provincia di Kermanshah; nel corso dei secoli questo luogo ha dato i natali a molte eminenti personalit\u00e0 spirituali ed \u00e8 considerato uno dei centri mistici della regione. I suoi genitori, Nematollah Mokri Jeyhunabadi (Hadj Nematollah) e Sakineh Khanoum, si erano sposati in giovane et\u00e0, secondo il costume locale del tempo, e nutrirono l\u2019uno per l\u2019altra un affetto profondo e un grande rispetto. Figura autorevole nell\u2019ordine degli <span class=\"fusion-popover popover-1\" data-animation=\"1\" data-class=\"popover-1\" data-container=\"popover-1\" data-html-content=\"Letteralmente &#039;Ferventi della Verit\u00e0&#039;. Il padre di Ostad Elahi, Hadj Nematollah, fu una delle figure di spicco di questo ordine mistico e religioso.\" data-delay=\"50\" data-placement=\"top\" data-toggle=\"popover\" data-trigger=\"click\">Ahl-e Haqq<\/span>, Hadj Nematollah era una personalit\u00e0 spirituale che godeva di grande rispetto ed era riconosciuto per la sua fede eccezionale, la sua rettitudine e il suo coraggio. Era anche un maestro nell\u2019arte del <em>tanbur<\/em>, un antico liuto dal lungo manico riservato principalmente alla musica sacra.<\/p>\n<\/div><div class=\"fusion-clearfix\"><\/div><\/div><\/div><div class=\"fusion-layout-column fusion_builder_column fusion-builder-column-1 fusion_builder_column_1_2 1_2 fusion-one-half fusion-column-last\" style=\"--awb-bg-size:cover;width:48%;\"><div class=\"fusion-column-wrapper fusion-flex-column-wrapper-legacy\"><div class=\"fusion-column-content-centered\"><div class=\"fusion-column-content\"><div class=\"fusion-image-element fusion-image-align-center in-legacy-container\" style=\"text-align:center;--awb-caption-title-size:var(--h2_typography-font-size);--awb-caption-title-transform:var(--h2_typography-text-transform);--awb-caption-title-line-height:var(--h2_typography-line-height);--awb-caption-title-letter-spacing:var(--h2_typography-letter-spacing);\"><div class=\"imageframe-align-center\"><span class=\" fusion-imageframe imageframe-none imageframe-1 hover-type-none\"><img decoding=\"async\" width=\"960\" height=\"890\" alt=\"Map of Iran\" src=\"https:\/\/ostadelahi.com\/wp-content\/uploads\/map-iran-1895.jpg\" class=\"img-responsive wp-image-8364\" srcset=\"https:\/\/ostadelahi.com\/wp-content\/uploads\/map-iran-1895-200x185.jpg 200w, https:\/\/ostadelahi.com\/wp-content\/uploads\/map-iran-1895-400x371.jpg 400w, https:\/\/ostadelahi.com\/wp-content\/uploads\/map-iran-1895-600x556.jpg 600w, https:\/\/ostadelahi.com\/wp-content\/uploads\/map-iran-1895-800x742.jpg 800w, https:\/\/ostadelahi.com\/wp-content\/uploads\/map-iran-1895.jpg 960w\" sizes=\"(max-width: 640px) 100vw, 600px\" \/><\/span><\/div><\/div><\/div><\/div><div class=\"fusion-clearfix\"><\/div><\/div><\/div><div class=\"fusion-layout-column fusion_builder_column fusion-builder-column-2 fusion_builder_column_1_1 1_1 fusion-one-full fusion-column-first fusion-column-last\" style=\"--awb-bg-size:cover;\"><div class=\"fusion-column-wrapper fusion-flex-column-wrapper-legacy\"><div class=\"fusion-text fusion-text-2\"><p>Ostad Elahi aveva circa cinque-sei anni quando un\u2019esperienza mistica profonda trasform\u00f2 radicalmente Hadj Nematollah e lo port\u00f2 a rinunciare repentinamente a tutte le sue occupazioni materiali. Ritiratosi dalla societ\u00e0, adott\u00f2 uno stile di vita semplice, ascetico, caratterizzato dalla pratica della devozione permanente e da lunghi ritiri. Questi atti di devozione e questi ritiri erano accompagnati da periodi pi\u00f9 o meno consecutivi di quarantene di digiuno, di preghiera praticata in solitudine, di insegnamenti spirituali, di atti di carit\u00e0, di ricerca, di scrittura e, in rare occasioni, di preghiere di gruppo. Sua moglie, che lo accompagn\u00f2 pienamente nella sua vocazione, rinunci\u00f2 ugualmente a tutti i benefici materiali a cui era stata abituata fin dall\u2019infanzia e consacr\u00f2 totalmente se stessa e i mezzi materiali di cui disponeva alla via del marito.<\/p>\n<p>Sebbene Hadj Nematollah cercasse di fuggire la notoriet\u00e0, la sua reputazione si diffuse rapidamente per effetto dei suoi molteplici miracoli; in meno di due anni diverse migliaia di persone si radunarono intorno a lui nella speranza di trarre giovamento della sua presenza benefica. Tra questi, vi erano circa duemila seguaci giunti dalle aree circostanti, ma anche da lontano e addirittura dall\u2019estero. Cercando di emulare l\u2019esempio della loro guida, quei dervisci si impegnavano nell\u2019auto-purificazione, nella contemplazione e nella preghiera. \u00c8 risaputo che Hadj Nematollah era molto scrupoloso e prestava una speciale attenzione all\u2019autocontrollo dei suoi seguaci e ai dettagli della loro vita personale, fino al punto che alcune cose, ritenute normali per gli altri, a loro non erano permesse. Per esempio, era loro proibito fumare, bere t\u00e8, accumulare ricchezze e, in alcuni casi, persino procacciarsi i normali mezzi di sostentamento. Fintanto che si trovavano nel ritiro e negli ambienti in cui risiedeva Hadj Nematollah, dovevano indossare una sorta di uniforme, ed erano tenuti ad osservare costantemente i quattro pilastri degli <em>Ahl-e Haqq<\/em>: purezza, rettitudine, annullamento di s\u00e9 e abnegazione.<\/p>\n<\/div><div class=\"fusion-clearfix\"><\/div><\/div><\/div><div class=\"fusion-layout-column fusion_builder_column fusion-builder-column-3 fusion_builder_column_3_5 3_5 fusion-three-fifth fusion-column-first\" style=\"--awb-bg-size:cover;width:60%;width:calc(60% - ( ( 4% ) * 0.6 ) );margin-right: 4%;\"><div class=\"fusion-column-wrapper fusion-flex-column-wrapper-legacy\"><div class=\"fusion-text fusion-text-3\"><p>\u00c8 in questa pura atmosfera spirituale che Ostad Elahi inizi\u00f2 una nuova vita di preghiera e di contemplazione, accompagnata da un\u2019educazione spirituale.<\/p>\n<blockquote>\n<p>All\u2019inizio con mio padre c\u2019erano dodici dervisci e per un anno si riunirono in privato. Io partecipavo alle loro riunioni ed ero il punto di riferimento del loro amore spirituale. Quando iniziava lo <span class=\"fusion-popover popover-2\" data-animation=\"1\" data-class=\"popover-2\" data-container=\"popover-2\" data-html-content=\"La parola &#039;zekr&#039; significa letteralmente ricordo o rimembranza. In questo contesto, si fa riferimento a delle preghiere salmodiate o cantate ad alta voce.\" data-delay=\"50\" data-placement=\"top\" data-toggle=\"popover\" data-trigger=\"click\">zekr<\/span>, cominciavo a ruotare su me stesso come una trottola, e i miei lunghi capelli ondeggiavano\u2026 A volte lo zekr durava per ore e io continuavo a girare per tutto il tempo.<\/p>\n<\/blockquote>\n<\/div><div class=\"fusion-clearfix\"><\/div><\/div><\/div><div class=\"fusion-layout-column fusion_builder_column fusion-builder-column-4 fusion_builder_column_2_5 2_5 fusion-two-fifth fusion-column-last\" style=\"--awb-padding-top:0px;--awb-padding-right:0px;--awb-padding-bottom:0px;--awb-padding-left:0px;--awb-bg-size:cover;--awb-border-color:#d6d6d6;--awb-border-style:solid;width:40%;width:calc(40% - ( ( 4% ) * 0.4 ) );\"><div class=\"fusion-column-wrapper fusion-flex-column-wrapper-legacy\"><div class=\"fusion-column-content-centered\"><div class=\"fusion-column-content\"><div class=\"fusion-image-element fusion-image-align-center in-legacy-container\" style=\"text-align:center;--awb-caption-title-size:var(--h2_typography-font-size);--awb-caption-title-transform:var(--h2_typography-text-transform);--awb-caption-title-line-height:var(--h2_typography-line-height);--awb-caption-title-letter-spacing:var(--h2_typography-letter-spacing);\"><div class=\"imageframe-align-center\"><span class=\" fusion-imageframe imageframe-none imageframe-2 hover-type-none img-border-20\"><img decoding=\"async\" width=\"284\" height=\"465\" alt=\"Ostad Elahi 1921\" title=\"Ostad Elahi 1922\" src=\"https:\/\/ostadelahi.com\/wp-content\/uploads\/ostadelahi-1922-1.jpg\" class=\"img-responsive wp-image-8362\" srcset=\"https:\/\/ostadelahi.com\/wp-content\/uploads\/ostadelahi-1922-1-200x327.jpg 200w, https:\/\/ostadelahi.com\/wp-content\/uploads\/ostadelahi-1922-1.jpg 284w\" sizes=\"(max-width: 640px) 100vw, 284px\" \/><\/span><\/div><\/div><\/div><\/div><div class=\"fusion-clearfix\"><\/div><\/div><\/div><div class=\"fusion-layout-column fusion_builder_column fusion-builder-column-5 fusion_builder_column_1_1 1_1 fusion-one-full fusion-column-first fusion-column-last\" style=\"--awb-bg-size:cover;\"><div class=\"fusion-column-wrapper fusion-flex-column-wrapper-legacy\"><div class=\"fusion-text fusion-text-4\"><p>In quel periodo, la musica spirituale occupava un ruolo di rilievo nella sua vita. La sua pratica costante, che a volte lo teneva impegnato per tutta la notte, lo port\u00f2, in meno di tre anni, ad avere la piena padronanza del <em>tanbur<\/em>, al punto che pochi potevano suonare i pezzi che lui eseguiva con grande maestria. Forse \u00e8 stata l\u2019atmosfera di quelle notti cos\u00ec permeate di spiritualit\u00e0, o sono state le veglie notturne della sua infanzia e della sua giovent\u00f9 ad aprirgli nuove vie d\u2019accesso al mondo spirituale e a intensificare la sua passione per quella musica. Successivamente, dopo aver esplorato attraverso la musica diversi stati spirituali, egli ha concluso che la musica \u00e8 uno strumento efficace per attrarre l\u2019Amato e comunicare con Lui.<\/p>\n<p>Parallelamente alla sua educazione spirituale e musicale, Ostad Elahi ricevette anche l\u2019istruzione classica del suo tempo, anche se non con la stessa intensit\u00e0 delle lezioni spirituali. Suo padre era fermamente convinto che prima che l\u2019io imperioso si risvegliasse, la sua preparazione all\u2019autocontrollo dovesse essere completa; una volta ottenuto questo risultato, avrebbe potuto ricevere un\u2019educazione materiale. Ad ogni modo, questi insegnamenti venivano impartiti in maniera discontinua, a volte da un precettore a domicilio, a volte attraverso la frequenza di una scuola regolare. Ma la persona che indubbiamente ebbe l\u2019influenza maggiore nell\u2019istruzione di Ostad Elahi, e che in seguito egli elogi\u00f2 pi\u00f9 di chiunque altro, fu suo padre.<\/p>\n<p>Da mentore esperto, Hadj Nematollah seppe favorire pienamente lo sviluppo delle potenzialit\u00e0 di suo figlio, senza ricorrere ad alcuna costrizione. Tra i due vi era, infatti, qualcosa di pi\u00f9 di un semplice legame tra padre e figlio; esisteva una connessione costante che non venne mai meno.<\/p>\n<blockquote>\n<p><em>Non era soltanto mio padre e la mia guida, noi eravamo uniti anche da un legame spirituale unico.<\/em><\/p>\n<\/blockquote>\n<p>Ostad Elahi aveva appena nove anni quando cominci\u00f2 a seguire suo padre e sua madre nella pratica regolare del digiuno e della contemplazione.<\/p>\n<p>La prima volta che lo fece, si trovava nelle vicinanze della cittadina di Sahneh, dove insieme con i suoi genitori e cinque dervisci scelti, intraprese una quarantena di digiuno e di pratiche ascetiche. In seguito, tornato a Jeyhunabad, avrebbe ripetuto questa stessa pratica per undici anni consecutivi, nel ritiro conosciuto come \u201cla casa dell\u2019ascetismo\u201d.<\/p>\n<p>La casa dell\u2019ascetismo comprendeva una parte delle stanze private di Hadj Nematollah ed era formata da pochi ambienti e da un piccolo cortile. Questo era il luogo in cui Ostad Elahi trascorse la maggior parte dell\u2019infanzia e dell\u2019adolescenza accanto a suo padre, sua madre e a pochi dervisci privilegiati, in ritiri ascetici di quaranta giorni interrotti da brevi intervalli di 10-15 giorni. Durante questi intervalli, a volte accompagnava suo padre in pellegrinaggio sulle tombe dei santi spirituali della regione, andava a cavallo o si incontrava con altre persone o con i dervisci, per preghiere collettive. Di questo periodo egli ricorda:<\/p>\n<blockquote>\n<p><em>Che tempi furono quelli, che atmosfera gioiosa! Eravamo costantemente in preghiera, cantavamo inni sacri, e non avevamo la pi\u00f9 pallida idea di che cosa succedesse nel mondo esterno.<\/em><\/p>\n<\/blockquote>\n<p>Dopo due anni di ritiri ascetici vissuti in questa maniera, le cose cambiarono quando, all\u2019et\u00e0 di 11 anni, il piccolo bambino non fu pi\u00f9 Kuchek Ali. A seguito di un eccezionale evento spirituale presso la tomba di <span class=\"fusion-popover popover-3\" data-animation=\"1\" data-class=\"popover-3\" data-container=\"popover-3\" data-html-content=\"Il fondatore dell&#039;ordine Ahl-e Haqq, nel XIV secolo.\" data-delay=\"50\" data-placement=\"top\" data-toggle=\"popover\" data-trigger=\"click\">Soltan Eshaq<\/span>, egli ebbe una trasformazione spirituale, come se il corpo di un giovane fosse ora abitato da un saggio maturo; persino il suo nome fu cambiato da Fatollah (Kuchek Ali) in Nur Ali.<\/p>\n<\/div><div class=\"fusion-clearfix\"><\/div><\/div><\/div><\/div><\/div>\n","protected":false},"excerpt":{"rendered":"","protected":false},"author":1,"featured_media":0,"parent":6810,"menu_order":1,"comment_status":"closed","ping_status":"closed","template":"side-navigation.php","meta":{"footnotes":""},"class_list":["post-6824","page","type-page","status-publish","hentry"],"yoast_head":"<!-- This site is optimized with the Yoast SEO plugin v20.3 - https:\/\/yoast.com\/wordpress\/plugins\/seo\/ -->\n<title>I primi anni - Ostad Elahi<\/title>\n<meta name=\"robots\" content=\"index, follow, max-snippet:-1, max-image-preview:large, max-video-preview:-1\" \/>\n<link rel=\"canonical\" href=\"https:\/\/ostadelahi.com\/life\/biography\/the-early-years\/\" \/>\n<meta property=\"og:locale\" content=\"it_IT\" \/>\n<meta property=\"og:type\" content=\"article\" \/>\n<meta property=\"og:title\" content=\"I primi anni - Ostad Elahi\" \/>\n<meta property=\"og:url\" content=\"https:\/\/ostadelahi.com\/life\/biography\/the-early-years\/\" \/>\n<meta property=\"og:site_name\" content=\"Ostad Elahi\" \/>\n<meta property=\"article:modified_time\" content=\"2020-09-08T10:26:00+00:00\" \/>\n<meta name=\"twitter:card\" content=\"summary_large_image\" \/>\n<meta name=\"twitter:label1\" content=\"Tempo di lettura stimato\" \/>\n\t<meta name=\"twitter:data1\" content=\"10 minuti\" \/>\n<script type=\"application\/ld+json\" class=\"yoast-schema-graph\">{\"@context\":\"https:\/\/schema.org\",\"@graph\":[{\"@type\":\"WebPage\",\"@id\":\"https:\/\/ostadelahi.com\/life\/biography\/the-early-years\/\",\"url\":\"https:\/\/ostadelahi.com\/life\/biography\/the-early-years\/\",\"name\":\"I primi anni - Ostad Elahi\",\"isPartOf\":{\"@id\":\"https:\/\/ostadelahi.com\/#website\"},\"datePublished\":\"2013-01-21T08:25:37+00:00\",\"dateModified\":\"2020-09-08T10:26:00+00:00\",\"breadcrumb\":{\"@id\":\"https:\/\/ostadelahi.com\/life\/biography\/the-early-years\/#breadcrumb\"},\"inLanguage\":\"it-IT\",\"potentialAction\":[{\"@type\":\"ReadAction\",\"target\":[\"https:\/\/ostadelahi.com\/life\/biography\/the-early-years\/\"]}]},{\"@type\":\"BreadcrumbList\",\"@id\":\"https:\/\/ostadelahi.com\/life\/biography\/the-early-years\/#breadcrumb\",\"itemListElement\":[{\"@type\":\"ListItem\",\"position\":1,\"name\":\"Home\",\"item\":\"https:\/\/ostadelahi.com\/it\/\"},{\"@type\":\"ListItem\",\"position\":2,\"name\":\"La vita\",\"item\":\"https:\/\/ostadelahi.com\/life\/\"},{\"@type\":\"ListItem\",\"position\":3,\"name\":\"Biografia\",\"item\":\"https:\/\/ostadelahi.com\/life\/biography\/\"},{\"@type\":\"ListItem\",\"position\":4,\"name\":\"I primi anni\"}]},{\"@type\":\"WebSite\",\"@id\":\"https:\/\/ostadelahi.com\/#website\",\"url\":\"https:\/\/ostadelahi.com\/\",\"name\":\"Ostad Elahi\",\"description\":\"The official website on the life, work, and music of Ostad Elahi (1895-1974).\",\"potentialAction\":[{\"@type\":\"SearchAction\",\"target\":{\"@type\":\"EntryPoint\",\"urlTemplate\":\"https:\/\/ostadelahi.com\/?s={search_term_string}\"},\"query-input\":\"required name=search_term_string\"}],\"inLanguage\":\"it-IT\"}]}<\/script>\n<!-- \/ Yoast SEO plugin. -->","yoast_head_json":{"title":"I primi anni - Ostad Elahi","robots":{"index":"index","follow":"follow","max-snippet":"max-snippet:-1","max-image-preview":"max-image-preview:large","max-video-preview":"max-video-preview:-1"},"canonical":"https:\/\/ostadelahi.com\/life\/biography\/the-early-years\/","og_locale":"it_IT","og_type":"article","og_title":"I primi anni - Ostad Elahi","og_url":"https:\/\/ostadelahi.com\/life\/biography\/the-early-years\/","og_site_name":"Ostad Elahi","article_modified_time":"2020-09-08T10:26:00+00:00","twitter_card":"summary_large_image","twitter_misc":{"Tempo di lettura stimato":"10 minuti"},"schema":{"@context":"https:\/\/schema.org","@graph":[{"@type":"WebPage","@id":"https:\/\/ostadelahi.com\/life\/biography\/the-early-years\/","url":"https:\/\/ostadelahi.com\/life\/biography\/the-early-years\/","name":"I primi anni - Ostad Elahi","isPartOf":{"@id":"https:\/\/ostadelahi.com\/#website"},"datePublished":"2013-01-21T08:25:37+00:00","dateModified":"2020-09-08T10:26:00+00:00","breadcrumb":{"@id":"https:\/\/ostadelahi.com\/life\/biography\/the-early-years\/#breadcrumb"},"inLanguage":"it-IT","potentialAction":[{"@type":"ReadAction","target":["https:\/\/ostadelahi.com\/life\/biography\/the-early-years\/"]}]},{"@type":"BreadcrumbList","@id":"https:\/\/ostadelahi.com\/life\/biography\/the-early-years\/#breadcrumb","itemListElement":[{"@type":"ListItem","position":1,"name":"Home","item":"https:\/\/ostadelahi.com\/it\/"},{"@type":"ListItem","position":2,"name":"La vita","item":"https:\/\/ostadelahi.com\/life\/"},{"@type":"ListItem","position":3,"name":"Biografia","item":"https:\/\/ostadelahi.com\/life\/biography\/"},{"@type":"ListItem","position":4,"name":"I primi anni"}]},{"@type":"WebSite","@id":"https:\/\/ostadelahi.com\/#website","url":"https:\/\/ostadelahi.com\/","name":"Ostad Elahi","description":"The official website on the life, work, and music of Ostad Elahi (1895-1974).","potentialAction":[{"@type":"SearchAction","target":{"@type":"EntryPoint","urlTemplate":"https:\/\/ostadelahi.com\/?s={search_term_string}"},"query-input":"required name=search_term_string"}],"inLanguage":"it-IT"}]}},"_links":{"self":[{"href":"https:\/\/ostadelahi.com\/it\/wp-json\/wp\/v2\/pages\/6824","targetHints":{"allow":["GET"]}}],"collection":[{"href":"https:\/\/ostadelahi.com\/it\/wp-json\/wp\/v2\/pages"}],"about":[{"href":"https:\/\/ostadelahi.com\/it\/wp-json\/wp\/v2\/types\/page"}],"author":[{"embeddable":true,"href":"https:\/\/ostadelahi.com\/it\/wp-json\/wp\/v2\/users\/1"}],"replies":[{"embeddable":true,"href":"https:\/\/ostadelahi.com\/it\/wp-json\/wp\/v2\/comments?post=6824"}],"version-history":[{"count":5,"href":"https:\/\/ostadelahi.com\/it\/wp-json\/wp\/v2\/pages\/6824\/revisions"}],"predecessor-version":[{"id":10091,"href":"https:\/\/ostadelahi.com\/it\/wp-json\/wp\/v2\/pages\/6824\/revisions\/10091"}],"up":[{"embeddable":true,"href":"https:\/\/ostadelahi.com\/it\/wp-json\/wp\/v2\/pages\/6810"}],"wp:attachment":[{"href":"https:\/\/ostadelahi.com\/it\/wp-json\/wp\/v2\/media?parent=6824"}],"curies":[{"name":"wp","href":"https:\/\/api.w.org\/{rel}","templated":true}]}}