{"id":859,"date":"2013-01-21T03:27:52","date_gmt":"2013-01-21T08:27:52","guid":{"rendered":"https:\/\/ostadelahi.com\/the-early-years\/research-authorship\/"},"modified":"2023-03-19T17:01:18","modified_gmt":"2023-03-19T22:01:18","slug":"enseignement-et-ecrits","status":"publish","type":"page","link":"https:\/\/ostadelahi.com\/fr\/lhomme\/biographie\/enseignement-et-ecrits\/","title":{"rendered":"Enseignement et \u00e9crits"},"content":{"rendered":"<div class=\"fusion-fullwidth fullwidth-box fusion-builder-row-1 nonhundred-percent-fullwidth non-hundred-percent-height-scrolling\" style=\"--awb-border-radius-top-left:0px;--awb-border-radius-top-right:0px;--awb-border-radius-bottom-right:0px;--awb-border-radius-bottom-left:0px;\" ><div class=\"fusion-builder-row fusion-row\"><div class=\"fusion-layout-column fusion_builder_column fusion-builder-column-0 fusion_builder_column_1_1 1_1 fusion-one-full fusion-column-first fusion-column-last\" style=\"--awb-bg-size:cover;--awb-margin-bottom:0px;\"><div class=\"fusion-column-wrapper fusion-flex-column-wrapper-legacy\"><div class=\"fusion-text fusion-text-1\"><p>En 1957, Ostad Elahi d\u00e9cida de prendre sa retraite apr\u00e8s environ 27 ans au service de l\u2019\u00c9tat et s\u2019installa d\u00e9finitivement \u00e0 T\u00e9h\u00e9ran. \u00c0 compter de ce moment, sa vie fut enti\u00e8rement consacr\u00e9e \u00e0 l\u2019\u00e9criture, l\u2019enseignement et la musique.<\/p>\n<p>Il publia ainsi deux ouvrages de recherche,\u00a0<em>Borhan ol-Haqq (Preuve de V\u00e9rit\u00e9)<\/em>\u00a0en 1963 et\u00a0<em>Marefat ol-Ruh (Connaissance de l\u2019\u00e2me)<\/em> en 1969, ainsi que, en 1967, un commentaire du long po\u00e8me de son p\u00e8re\u00a0<em>Le Livre des Rois de V\u00e9rit\u00e9<\/em>.<\/p>\n<\/div><div class=\"fusion-clearfix\"><\/div><\/div><\/div><div class=\"fusion-layout-column fusion_builder_column fusion-builder-column-1 fusion_builder_column_2_5 2_5 fusion-two-fifth fusion-column-first\" style=\"--awb-bg-size:cover;width:40%;width:calc(40% - ( ( 4% ) * 0.4 ) );margin-right: 4%;\"><div class=\"fusion-column-wrapper fusion-flex-column-wrapper-legacy\"><div class=\"fusion-column-content-centered\"><div class=\"fusion-column-content\"><div class=\"fusion-image-element fusion-image-align-center in-legacy-container\" style=\"text-align:center;--awb-caption-title-size:var(--h2_typography-font-size);--awb-caption-title-transform:var(--h2_typography-text-transform);--awb-caption-title-line-height:var(--h2_typography-line-height);--awb-caption-title-letter-spacing:var(--h2_typography-letter-spacing);\"><div class=\"imageframe-align-center\"><span class=\" fusion-imageframe imageframe-none imageframe-1 hover-type-none img-border-20\"><img decoding=\"async\" width=\"287\" height=\"446\" title=\"Ostad Elahi 1969\" src=\"https:\/\/ostadelahi.com\/wp-content\/uploads\/ostadelahi-1969-1.jpg\" alt class=\"img-responsive wp-image-4470\" srcset=\"https:\/\/ostadelahi.com\/wp-content\/uploads\/ostadelahi-1969-1-200x311.jpg 200w, https:\/\/ostadelahi.com\/wp-content\/uploads\/ostadelahi-1969-1.jpg 287w\" sizes=\"(max-width: 640px) 100vw, 287px\" \/><\/span><\/div><\/div><\/div><\/div><div class=\"fusion-clearfix\"><\/div><\/div><\/div><div class=\"fusion-layout-column fusion_builder_column fusion-builder-column-2 fusion_builder_column_3_5 3_5 fusion-three-fifth fusion-column-last\" style=\"--awb-bg-size:cover;width:60%;width:calc(60% - ( ( 4% ) * 0.6 ) );\"><div class=\"fusion-column-wrapper fusion-flex-column-wrapper-legacy\"><div class=\"fusion-text fusion-text-2\"><p>Le temps dont il disposait d\u00e9sormais permit \u00e0 quelques-uns de mieux le conna\u00eetre. Il pouvait maintenant recevoir des amis et des membres de sa famille dans le cadre de r\u00e9unions informelles. Durant ces r\u00e9unions, il d\u00e9veloppait des points d\u2019ordre \u00e9thique ou spirituel en r\u00e9ponse \u00e0 des questions ou \u00e0 l\u2019occasion d\u2019une discussion. Il recevait \u00e9galement des chercheurs ou des orientalistes qui venaient l\u2019interroger sur ses ouvrages et r\u00e9pondait \u00e0 leurs questions dans un langage simple et concret. Parmi les participants \u00e0 ces r\u00e9unions informelles, certains prirent des notes qui furent publi\u00e9es sous la forme de deux volumes posthumes intitul\u00e9s\u00a0<em>Asar ol-Haqq<\/em>, constituant le recueil de son enseignement oral.<\/p>\n<p>Ces r\u00e9unions \u00e9taient \u00e9galement l\u2019occasion de l\u2019\u00e9couter jouer du tanbur. Ainsi, de nombreuses personnes purent t\u00e9moigner de l\u2019impression durable que cette musique laissait dans leur \u00e2me, de sorte que par un ph\u00e9nom\u00e8ne de bouche \u00e0 oreille, de plus en plus de visiteurs, parfois \u00e9trangers, vinrent \u00e0 sa rencontre afin d\u2019entendre sa musique et b\u00e9n\u00e9ficier de son enseignement spirituel. Toutefois, en d\u00e9pit des sollicitations dont il \u00e9tait l\u2019objet, notamment de la part de musiciens \u00e9minents, son humilit\u00e9 et sa discr\u00e9tion naturelles le conduisirent \u00e0 ne jamais donner de concert ni pr\u00e9senter sa pens\u00e9e dans un cadre formel tels une conf\u00e9rence ou un cours. Ce qui l\u2019int\u00e9ressait avant tout, c\u2019\u00e9tait de r\u00e9pondre \u00e0 ceux qui \u00e9taient en qu\u00eate de v\u00e9rit\u00e9. Durant toute sa vie sur terre, il n\u2019a eu de cesse de travailler spirituellement et de r\u00e9aliser l\u2019alchimie int\u00e9rieure qui lui permettrait d\u2019atteindre la proximit\u00e9 divine et de s\u2019unir \u00e0 l\u2019oc\u00e9an divin.<\/p>\n<\/div><div class=\"fusion-clearfix\"><\/div><\/div><\/div><div class=\"fusion-layout-column fusion_builder_column fusion-builder-column-3 fusion_builder_column_1_1 1_1 fusion-one-full fusion-column-first fusion-column-last\" style=\"--awb-bg-size:cover;\"><div class=\"fusion-column-wrapper fusion-flex-column-wrapper-legacy\"><div class=\"fusion-text fusion-text-3\"><blockquote>\n<p>Je n\u2019ai plus aucune attache dans ce monde et je suis pr\u00eat \u00e0 r\u00e9pondre \u00e0 l\u2019appel de Dieu.<\/p>\n<\/blockquote>\n<p>Ostad Elahi quitta ce monde le 19 octobre 1974 dans sa maison de T\u00e9h\u00e9ran. Conform\u00e9ment \u00e0 ce qu\u2019il avait souhait\u00e9, il fut enterr\u00e9 dans le village de Hashtgerd, non loin de T\u00e9h\u00e9ran. Un \u00e9difice tr\u00e8s simple fut \u00e9rig\u00e9 sur sa tombe.<\/p>\n<p>Huit ans plus tard, en 1982, pendant la p\u00e9riode troubl\u00e9e et chaotique des premi\u00e8res ann\u00e9es de la r\u00e9volution islamique en Iran, des opposants qui trouv\u00e8rent l\u00e0 une occasion pour montrer leur inimiti\u00e9, entreprirent, avec l\u2019appui de certaines autorit\u00e9s, de d\u00e9truire son tombeau dans le but de profaner sa d\u00e9pouille. Mais ils ne trouv\u00e8rent dans le cercueil rien d\u2019autre qu\u2019un linceul vide. Ce fait ne manqua pas de rappeler \u00e0 ceux qui connaissaient sa pens\u00e9e ce qu\u2019il avait dit \u00e0 propos des personnalit\u00e9s spirituelles de haut rang : apr\u00e8s leur mort, leur corps ne reste pas sur terre. Pour les \u00e9l\u00e8ves d\u2019Ostad, cet \u00e9v\u00e9nement qui semble relever du miracle, \u00e9tait ainsi la r\u00e9alisation d\u2019un des principes qu\u2019il avait \u00e9nonc\u00e9.<\/p>\n<p>Deux ans apr\u00e8s ces \u00e9v\u00e9nements, un \u00e9difice fut reconstruit au m\u00eame endroit apr\u00e8s obtention des autorisations officielles. Le m\u00e9morial d\u2019Ostad Elahi est aujourd\u2019hui un lieu de p\u00e8lerinage pour ceux qui sont en qu\u00eate d\u2019un moment de dialogue avec le Bien-Aim\u00e9.<\/p>\n<\/div><div class=\"fusion-clearfix\"><\/div><\/div><\/div><\/div><\/div>\n","protected":false},"excerpt":{"rendered":"","protected":false},"author":1,"featured_media":0,"parent":2029,"menu_order":5,"comment_status":"closed","ping_status":"closed","template":"side-navigation.php","meta":{"footnotes":""},"class_list":["post-859","page","type-page","status-publish","hentry"],"yoast_head":"<!-- This site is optimized with the Yoast SEO plugin v20.3 - https:\/\/yoast.com\/wordpress\/plugins\/seo\/ -->\n<title>Enseignement et \u00e9crits - Ostad Elahi<\/title>\n<meta name=\"robots\" content=\"index, follow, max-snippet:-1, max-image-preview:large, max-video-preview:-1\" \/>\n<link rel=\"canonical\" href=\"https:\/\/ostadelahi.com\/life\/biography\/research-authorship\/\" \/>\n<meta property=\"og:locale\" content=\"fr_FR\" \/>\n<meta property=\"og:type\" content=\"article\" \/>\n<meta property=\"og:title\" content=\"Enseignement et \u00e9crits - Ostad Elahi\" \/>\n<meta property=\"og:url\" content=\"https:\/\/ostadelahi.com\/life\/biography\/research-authorship\/\" \/>\n<meta property=\"og:site_name\" content=\"Ostad Elahi\" \/>\n<meta property=\"article:modified_time\" content=\"2023-03-19T22:01:18+00:00\" \/>\n<meta name=\"twitter:card\" content=\"summary_large_image\" \/>\n<meta name=\"twitter:label1\" content=\"Dur\u00e9e de lecture estim\u00e9e\" \/>\n\t<meta name=\"twitter:data1\" content=\"4 minutes\" \/>\n<script type=\"application\/ld+json\" class=\"yoast-schema-graph\">{\"@context\":\"https:\/\/schema.org\",\"@graph\":[{\"@type\":\"WebPage\",\"@id\":\"https:\/\/ostadelahi.com\/life\/biography\/research-authorship\/\",\"url\":\"https:\/\/ostadelahi.com\/life\/biography\/research-authorship\/\",\"name\":\"Enseignement et \u00e9crits - Ostad Elahi\",\"isPartOf\":{\"@id\":\"https:\/\/ostadelahi.com\/#website\"},\"datePublished\":\"2013-01-21T08:27:52+00:00\",\"dateModified\":\"2023-03-19T22:01:18+00:00\",\"breadcrumb\":{\"@id\":\"https:\/\/ostadelahi.com\/life\/biography\/research-authorship\/#breadcrumb\"},\"inLanguage\":\"fr-FR\",\"potentialAction\":[{\"@type\":\"ReadAction\",\"target\":[\"https:\/\/ostadelahi.com\/life\/biography\/research-authorship\/\"]}]},{\"@type\":\"BreadcrumbList\",\"@id\":\"https:\/\/ostadelahi.com\/life\/biography\/research-authorship\/#breadcrumb\",\"itemListElement\":[{\"@type\":\"ListItem\",\"position\":1,\"name\":\"Home\",\"item\":\"https:\/\/ostadelahi.com\/fr\/\"},{\"@type\":\"ListItem\",\"position\":2,\"name\":\"L&#8217;homme\",\"item\":\"https:\/\/ostadelahi.com\/life\/\"},{\"@type\":\"ListItem\",\"position\":3,\"name\":\"Biographie\",\"item\":\"https:\/\/ostadelahi.com\/life\/biography\/\"},{\"@type\":\"ListItem\",\"position\":4,\"name\":\"Enseignement et \u00e9crits\"}]},{\"@type\":\"WebSite\",\"@id\":\"https:\/\/ostadelahi.com\/#website\",\"url\":\"https:\/\/ostadelahi.com\/\",\"name\":\"Ostad Elahi\",\"description\":\"The official website on the life, work, and music of Ostad Elahi (1895-1974).\",\"potentialAction\":[{\"@type\":\"SearchAction\",\"target\":{\"@type\":\"EntryPoint\",\"urlTemplate\":\"https:\/\/ostadelahi.com\/?s={search_term_string}\"},\"query-input\":\"required name=search_term_string\"}],\"inLanguage\":\"fr-FR\"}]}<\/script>\n<!-- \/ Yoast SEO plugin. -->","yoast_head_json":{"title":"Enseignement et \u00e9crits - Ostad Elahi","robots":{"index":"index","follow":"follow","max-snippet":"max-snippet:-1","max-image-preview":"max-image-preview:large","max-video-preview":"max-video-preview:-1"},"canonical":"https:\/\/ostadelahi.com\/life\/biography\/research-authorship\/","og_locale":"fr_FR","og_type":"article","og_title":"Enseignement et \u00e9crits - Ostad Elahi","og_url":"https:\/\/ostadelahi.com\/life\/biography\/research-authorship\/","og_site_name":"Ostad Elahi","article_modified_time":"2023-03-19T22:01:18+00:00","twitter_card":"summary_large_image","twitter_misc":{"Dur\u00e9e de lecture estim\u00e9e":"4 minutes"},"schema":{"@context":"https:\/\/schema.org","@graph":[{"@type":"WebPage","@id":"https:\/\/ostadelahi.com\/life\/biography\/research-authorship\/","url":"https:\/\/ostadelahi.com\/life\/biography\/research-authorship\/","name":"Enseignement et \u00e9crits - Ostad Elahi","isPartOf":{"@id":"https:\/\/ostadelahi.com\/#website"},"datePublished":"2013-01-21T08:27:52+00:00","dateModified":"2023-03-19T22:01:18+00:00","breadcrumb":{"@id":"https:\/\/ostadelahi.com\/life\/biography\/research-authorship\/#breadcrumb"},"inLanguage":"fr-FR","potentialAction":[{"@type":"ReadAction","target":["https:\/\/ostadelahi.com\/life\/biography\/research-authorship\/"]}]},{"@type":"BreadcrumbList","@id":"https:\/\/ostadelahi.com\/life\/biography\/research-authorship\/#breadcrumb","itemListElement":[{"@type":"ListItem","position":1,"name":"Home","item":"https:\/\/ostadelahi.com\/fr\/"},{"@type":"ListItem","position":2,"name":"L&#8217;homme","item":"https:\/\/ostadelahi.com\/life\/"},{"@type":"ListItem","position":3,"name":"Biographie","item":"https:\/\/ostadelahi.com\/life\/biography\/"},{"@type":"ListItem","position":4,"name":"Enseignement et \u00e9crits"}]},{"@type":"WebSite","@id":"https:\/\/ostadelahi.com\/#website","url":"https:\/\/ostadelahi.com\/","name":"Ostad Elahi","description":"The official website on the life, work, and music of Ostad Elahi (1895-1974).","potentialAction":[{"@type":"SearchAction","target":{"@type":"EntryPoint","urlTemplate":"https:\/\/ostadelahi.com\/?s={search_term_string}"},"query-input":"required name=search_term_string"}],"inLanguage":"fr-FR"}]}},"_links":{"self":[{"href":"https:\/\/ostadelahi.com\/fr\/wp-json\/wp\/v2\/pages\/859","targetHints":{"allow":["GET"]}}],"collection":[{"href":"https:\/\/ostadelahi.com\/fr\/wp-json\/wp\/v2\/pages"}],"about":[{"href":"https:\/\/ostadelahi.com\/fr\/wp-json\/wp\/v2\/types\/page"}],"author":[{"embeddable":true,"href":"https:\/\/ostadelahi.com\/fr\/wp-json\/wp\/v2\/users\/1"}],"replies":[{"embeddable":true,"href":"https:\/\/ostadelahi.com\/fr\/wp-json\/wp\/v2\/comments?post=859"}],"version-history":[{"count":7,"href":"https:\/\/ostadelahi.com\/fr\/wp-json\/wp\/v2\/pages\/859\/revisions"}],"predecessor-version":[{"id":12496,"href":"https:\/\/ostadelahi.com\/fr\/wp-json\/wp\/v2\/pages\/859\/revisions\/12496"}],"up":[{"embeddable":true,"href":"https:\/\/ostadelahi.com\/fr\/wp-json\/wp\/v2\/pages\/2029"}],"wp:attachment":[{"href":"https:\/\/ostadelahi.com\/fr\/wp-json\/wp\/v2\/media?parent=859"}],"curies":[{"name":"wp","href":"https:\/\/api.w.org\/{rel}","templated":true}]}}