{"id":856,"date":"2013-01-21T03:27:10","date_gmt":"2013-01-21T08:27:10","guid":{"rendered":"https:\/\/ostadelahi.com\/the-early-years\/the-renouncement-of-renunciation\/"},"modified":"2022-03-07T22:25:02","modified_gmt":"2022-03-08T03:25:02","slug":"le-renoncement-au-renoncement","status":"publish","type":"page","link":"https:\/\/ostadelahi.com\/fr\/lhomme\/biographie\/le-renoncement-au-renoncement\/","title":{"rendered":"Le renoncement au renoncement"},"content":{"rendered":"<div class=\"fusion-fullwidth fullwidth-box fusion-builder-row-1 nonhundred-percent-fullwidth non-hundred-percent-height-scrolling\" style=\"--awb-border-radius-top-left:0px;--awb-border-radius-top-right:0px;--awb-border-radius-bottom-right:0px;--awb-border-radius-bottom-left:0px;\" ><div class=\"fusion-builder-row fusion-row\"><div class=\"fusion-layout-column fusion_builder_column fusion-builder-column-0 fusion_builder_column_3_5 3_5 fusion-three-fifth fusion-column-first\" style=\"--awb-bg-size:cover;width:60%;width:calc(60% - ( ( 4% ) * 0.6 ) );margin-right: 4%;\"><div class=\"fusion-column-wrapper fusion-flex-column-wrapper-legacy\"><div class=\"fusion-text fusion-text-1\"><p>Faisant radicalement \u00e9voluer le mode de vie qui avait \u00e9t\u00e9 le sien jusque-l\u00e0, Ostad Elahi quitta le jardin parfum\u00e9 de son p\u00e8re pour go\u00fbter aux \u00e9preuves de la vie en soci\u00e9t\u00e9, jetant ainsi les bases d\u2019une spiritualit\u00e9 nouvelle. Il entra dans la fonction publique o\u00f9 il exer\u00e7a la magistrature pendant pr\u00e8s de 30 ans, atteignant le rang le plus \u00e9lev\u00e9 de cette profession. Acte de renoncement d\u2019une profonde port\u00e9e symbolique et affective, il coupa, en entrant dans la fonction publique, sa longue chevelure et troqua d\u00e9finitivement le v\u00eatement blanc des derviches contre un complet veston. Ce geste \u00e9tait l\u2019aboutissement d\u2019un long processus de r\u00e9flexion, d\u2019inspiration spirituelle et de maturation.<\/p>\n<p>Pour Ostad Elahi, \u00ab entrer dans la soci\u00e9t\u00e9 \u00bb ne signifiait pas qu\u2019il allait cesser d\u2019orienter sa pens\u00e9e vers la dimension spirituelle de l\u2019existence avec la m\u00eame intensit\u00e9 que du temps de l\u2019ermitage. Il ne s\u2019agissait pas non plus de se laisser guider par les valeurs mat\u00e9rielles de la soci\u00e9t\u00e9. Il n\u2019a donc pas cess\u00e9 d\u2019observer pour lui-m\u00eame, et avec le plus grand s\u00e9rieux, les r\u00e8gles de conduite spirituelles, \u00e9thiques, et sociales, sa conduite \u00e9tant avant tout guid\u00e9e par la recherche du contentement divin et non le respect des conventions en elles-m\u00eames. C\u2019est ainsi qu\u2019il parvenait \u00e0 surmonter les \u00e9preuves de la vie sans se laisser affecter ni impressionner par les obstacles et les menaces, notamment celles qu\u2019il recevait lorsque ses d\u00e9cisions judiciaires allaient \u00e0 l\u2019encontre des int\u00e9r\u00eats de potentats locaux. Cette int\u00e9grit\u00e9 lui valut un certain nombre de mutations anticip\u00e9es durant sa carri\u00e8re.<\/p>\n<\/div><div class=\"fusion-clearfix\"><\/div><\/div><\/div><div class=\"fusion-layout-column fusion_builder_column fusion-builder-column-1 fusion_builder_column_2_5 2_5 fusion-two-fifth fusion-column-last\" style=\"--awb-bg-size:cover;width:40%;width:calc(40% - ( ( 4% ) * 0.4 ) );\"><div class=\"fusion-column-wrapper fusion-flex-column-wrapper-legacy\"><div class=\"fusion-image-element fusion-image-align-center in-legacy-container\" style=\"text-align:center;--awb-caption-title-size:var(--h2_typography-font-size);--awb-caption-title-transform:var(--h2_typography-text-transform);--awb-caption-title-line-height:var(--h2_typography-line-height);--awb-caption-title-letter-spacing:var(--h2_typography-letter-spacing);\"><div class=\"imageframe-align-center\"><span class=\" fusion-imageframe imageframe-none imageframe-1 hover-type-none img-border-20\"><img decoding=\"async\" width=\"243\" height=\"334\" alt=\"1931\" title=\"Ostad Elahi 1931\" src=\"https:\/\/ostadelahi.com\/wp-content\/uploads\/ostadelahi-1931-1.jpg\" class=\"img-responsive wp-image-4450\" srcset=\"https:\/\/ostadelahi.com\/wp-content\/uploads\/ostadelahi-1931-1-200x275.jpg 200w, https:\/\/ostadelahi.com\/wp-content\/uploads\/ostadelahi-1931-1.jpg 243w\" sizes=\"(max-width: 640px) 100vw, 243px\" \/><\/span><\/div><\/div><div class=\"fusion-clearfix\"><\/div><\/div><\/div><div class=\"fusion-layout-column fusion_builder_column fusion-builder-column-2 fusion_builder_column_1_1 1_1 fusion-one-full fusion-column-first fusion-column-last\" style=\"--awb-bg-size:cover;--awb-margin-bottom:0px;\"><div class=\"fusion-column-wrapper fusion-flex-column-wrapper-legacy\"><div class=\"fusion-text fusion-text-2\"><p>L\u2019exp\u00e9rience accumul\u00e9e durant ces ann\u00e9es confirma chez Ostad la conviction que la spiritualit\u00e9 ne devait plus \u00eatre fond\u00e9e sur l\u2019asc\u00e8se et la retraite ni r\u00e9serv\u00e9e \u00e0 une \u00e9lite comme elle l\u2019avait \u00e9t\u00e9 jusque-l\u00e0. Ses d\u00e9couvertes des v\u00e9rit\u00e9s spirituelles, issues certes de ses longues ann\u00e9es d\u2019asc\u00e8se et de contemplation, de ses recherches th\u00e9ologiques et philosophiques, mais surtout de sa r\u00e9flexion pratique et rationnelle, lui firent pressentir le contenu de sa mission : \u00e9laborer une nouvelle m\u00e9thode spirituelle qui soit accessible \u00e0 tous, sans consid\u00e9ration de race ou de genre et ind\u00e9pendamment de tout contexte culturel ; une spiritualit\u00e9 qui r\u00e9siste \u00e0 l\u2019\u00e9preuve du temps et qui, au-del\u00e0 des consid\u00e9rations religieuses ou rituelles, ne soit fond\u00e9e que sur la pure recherche de la V\u00e9rit\u00e9.<\/p>\n<blockquote>\n<p>La V\u00e9rit\u00e9 pour l\u2019homme consiste \u00e0 savoir ce qu\u2019il est, d\u2019o\u00f9 il vient, quels sont ses devoirs ici-bas et o\u00f9 il va. Quand il a fait de ces questions l\u2019objet de sa qu\u00eate, qu\u2019il est pass\u00e9 \u00e0 l\u2019action et qu\u2019il a compris, il a atteint la V\u00e9rit\u00e9.<\/p>\n<\/blockquote>\n<p>Cette qu\u00eate de la V\u00e9rit\u00e9 dont son p\u00e8re lui avait donn\u00e9 le go\u00fbt, Ostad l\u2019a r\u00e9alis\u00e9e \u00e0 travers les \u00e9preuves et les difficult\u00e9s propres \u00e0 la vie en soci\u00e9t\u00e9, en y exp\u00e9rimentant les situations les plus vari\u00e9es. C\u2019est ainsi qu\u2019il a pu fonder une nouvelle m\u00e9thode qu\u2019il a mise \u00e0 la disposition de tous ceux qui sont en qu\u00eate de v\u00e9rit\u00e9. Il s\u2019agit d\u2019une m\u00e9thode \u00e0 la fois facile et difficile : elle est facile dans la mesure o\u00f9 elle ne demande pas de se retirer du monde mais de mener une vie normale au sein de la soci\u00e9t\u00e9 ; elle est tr\u00e8s difficile en ce qu\u2019elle demande de ne pas se laisser influencer n\u00e9gativement par la soci\u00e9t\u00e9. L\u2019ayant lui-m\u00eame pratiqu\u00e9e jusqu\u2019\u00e0 son terme, il a pu dresser la carte de cette nouvelle spiritualit\u00e9 dans l\u2019ensemble de ses dires et de ses \u00e9crits.<\/p>\n<p>Lorsqu\u2019il a entam\u00e9 sa carri\u00e8re dans la fonction publique, il s\u2019\u00e9tait \u00e0 tel point d\u00e9fait des marques ext\u00e9rieures qui manifestaient son rang spirituel, qu\u2019en dehors de certains de ses proches qui lui gardaient un amour et un respect inconditionnels, personne ne pensait qu\u2019il \u00e9tait diff\u00e9rent des autres. On le connaissait comme un juge int\u00e8gre et juste, un p\u00e8re de famille bienveillant et respectable, un musicien hors pair, ou un ami sinc\u00e8re et chaleureux. Seules son humanit\u00e9 et sa probit\u00e9 sans faille laissaient deviner une personnalit\u00e9 remarquable. En r\u00e9alit\u00e9, plus il perfectionnait son \u00eatre int\u00e9rieur, plus il cachait sa dimension spirituelle. Durant toute sa vie, personne ne put prendre conscience de l\u2019\u00e9tendue de sa personnalit\u00e9 spirituelle hormis peut-\u00eatre quelques-uns de ses proches \u00e9l\u00e8ves.<\/p>\n<p>Ostad Elahi voyait l\u2019ensemble de la cr\u00e9ation comme une totalit\u00e9 harmonieuse dont l\u2019existence repose sur la justice et la bienveillance. C\u2019est dans la confrontation aux \u00e9preuves mat\u00e9rielles et spirituelles inh\u00e9rentes \u00e0 ce monde qu\u2019il d\u00e9veloppa une philosophie se situant au-del\u00e0 des diff\u00e9rences confessionnelles, culturelles ou ethniques et dont la mise en \u0153uvre, fond\u00e9e sur des m\u00e9thodes simples et praticables, est compatible avec la vie quotidienne de tout un chacun.<\/p>\n<\/div><div class=\"fusion-clearfix\"><\/div><\/div><\/div><\/div><\/div>\n","protected":false},"excerpt":{"rendered":"","protected":false},"author":1,"featured_media":0,"parent":2029,"menu_order":4,"comment_status":"closed","ping_status":"closed","template":"side-navigation.php","meta":{"footnotes":""},"class_list":["post-856","page","type-page","status-publish","hentry"],"yoast_head":"<!-- This site is optimized with the Yoast SEO plugin v20.3 - https:\/\/yoast.com\/wordpress\/plugins\/seo\/ -->\n<title>Le renoncement au renoncement - Ostad Elahi<\/title>\n<meta name=\"robots\" content=\"index, follow, max-snippet:-1, max-image-preview:large, max-video-preview:-1\" \/>\n<link rel=\"canonical\" href=\"https:\/\/ostadelahi.com\/life\/biography\/the-renouncement-of-renunciation\/\" \/>\n<meta property=\"og:locale\" content=\"fr_FR\" \/>\n<meta property=\"og:type\" content=\"article\" \/>\n<meta property=\"og:title\" content=\"Le renoncement au renoncement - Ostad Elahi\" \/>\n<meta property=\"og:url\" content=\"https:\/\/ostadelahi.com\/life\/biography\/the-renouncement-of-renunciation\/\" \/>\n<meta property=\"og:site_name\" content=\"Ostad Elahi\" \/>\n<meta property=\"article:modified_time\" content=\"2022-03-08T03:25:02+00:00\" \/>\n<meta name=\"twitter:card\" content=\"summary_large_image\" \/>\n<meta name=\"twitter:label1\" content=\"Dur\u00e9e de lecture estim\u00e9e\" \/>\n\t<meta name=\"twitter:data1\" content=\"6 minutes\" \/>\n<script type=\"application\/ld+json\" class=\"yoast-schema-graph\">{\"@context\":\"https:\/\/schema.org\",\"@graph\":[{\"@type\":\"WebPage\",\"@id\":\"https:\/\/ostadelahi.com\/life\/biography\/the-renouncement-of-renunciation\/\",\"url\":\"https:\/\/ostadelahi.com\/life\/biography\/the-renouncement-of-renunciation\/\",\"name\":\"Le renoncement au renoncement - Ostad Elahi\",\"isPartOf\":{\"@id\":\"https:\/\/ostadelahi.com\/#website\"},\"datePublished\":\"2013-01-21T08:27:10+00:00\",\"dateModified\":\"2022-03-08T03:25:02+00:00\",\"breadcrumb\":{\"@id\":\"https:\/\/ostadelahi.com\/life\/biography\/the-renouncement-of-renunciation\/#breadcrumb\"},\"inLanguage\":\"fr-FR\",\"potentialAction\":[{\"@type\":\"ReadAction\",\"target\":[\"https:\/\/ostadelahi.com\/life\/biography\/the-renouncement-of-renunciation\/\"]}]},{\"@type\":\"BreadcrumbList\",\"@id\":\"https:\/\/ostadelahi.com\/life\/biography\/the-renouncement-of-renunciation\/#breadcrumb\",\"itemListElement\":[{\"@type\":\"ListItem\",\"position\":1,\"name\":\"Home\",\"item\":\"https:\/\/ostadelahi.com\/fr\/\"},{\"@type\":\"ListItem\",\"position\":2,\"name\":\"L&#8217;homme\",\"item\":\"https:\/\/ostadelahi.com\/life\/\"},{\"@type\":\"ListItem\",\"position\":3,\"name\":\"Biographie\",\"item\":\"https:\/\/ostadelahi.com\/life\/biography\/\"},{\"@type\":\"ListItem\",\"position\":4,\"name\":\"Le renoncement au renoncement\"}]},{\"@type\":\"WebSite\",\"@id\":\"https:\/\/ostadelahi.com\/#website\",\"url\":\"https:\/\/ostadelahi.com\/\",\"name\":\"Ostad Elahi\",\"description\":\"The official website on the life, work, and music of Ostad Elahi (1895-1974).\",\"potentialAction\":[{\"@type\":\"SearchAction\",\"target\":{\"@type\":\"EntryPoint\",\"urlTemplate\":\"https:\/\/ostadelahi.com\/?s={search_term_string}\"},\"query-input\":\"required name=search_term_string\"}],\"inLanguage\":\"fr-FR\"}]}<\/script>\n<!-- \/ Yoast SEO plugin. -->","yoast_head_json":{"title":"Le renoncement au renoncement - Ostad Elahi","robots":{"index":"index","follow":"follow","max-snippet":"max-snippet:-1","max-image-preview":"max-image-preview:large","max-video-preview":"max-video-preview:-1"},"canonical":"https:\/\/ostadelahi.com\/life\/biography\/the-renouncement-of-renunciation\/","og_locale":"fr_FR","og_type":"article","og_title":"Le renoncement au renoncement - Ostad Elahi","og_url":"https:\/\/ostadelahi.com\/life\/biography\/the-renouncement-of-renunciation\/","og_site_name":"Ostad Elahi","article_modified_time":"2022-03-08T03:25:02+00:00","twitter_card":"summary_large_image","twitter_misc":{"Dur\u00e9e de lecture estim\u00e9e":"6 minutes"},"schema":{"@context":"https:\/\/schema.org","@graph":[{"@type":"WebPage","@id":"https:\/\/ostadelahi.com\/life\/biography\/the-renouncement-of-renunciation\/","url":"https:\/\/ostadelahi.com\/life\/biography\/the-renouncement-of-renunciation\/","name":"Le renoncement au renoncement - Ostad Elahi","isPartOf":{"@id":"https:\/\/ostadelahi.com\/#website"},"datePublished":"2013-01-21T08:27:10+00:00","dateModified":"2022-03-08T03:25:02+00:00","breadcrumb":{"@id":"https:\/\/ostadelahi.com\/life\/biography\/the-renouncement-of-renunciation\/#breadcrumb"},"inLanguage":"fr-FR","potentialAction":[{"@type":"ReadAction","target":["https:\/\/ostadelahi.com\/life\/biography\/the-renouncement-of-renunciation\/"]}]},{"@type":"BreadcrumbList","@id":"https:\/\/ostadelahi.com\/life\/biography\/the-renouncement-of-renunciation\/#breadcrumb","itemListElement":[{"@type":"ListItem","position":1,"name":"Home","item":"https:\/\/ostadelahi.com\/fr\/"},{"@type":"ListItem","position":2,"name":"L&#8217;homme","item":"https:\/\/ostadelahi.com\/life\/"},{"@type":"ListItem","position":3,"name":"Biographie","item":"https:\/\/ostadelahi.com\/life\/biography\/"},{"@type":"ListItem","position":4,"name":"Le renoncement au renoncement"}]},{"@type":"WebSite","@id":"https:\/\/ostadelahi.com\/#website","url":"https:\/\/ostadelahi.com\/","name":"Ostad Elahi","description":"The official website on the life, work, and music of Ostad Elahi (1895-1974).","potentialAction":[{"@type":"SearchAction","target":{"@type":"EntryPoint","urlTemplate":"https:\/\/ostadelahi.com\/?s={search_term_string}"},"query-input":"required name=search_term_string"}],"inLanguage":"fr-FR"}]}},"_links":{"self":[{"href":"https:\/\/ostadelahi.com\/fr\/wp-json\/wp\/v2\/pages\/856","targetHints":{"allow":["GET"]}}],"collection":[{"href":"https:\/\/ostadelahi.com\/fr\/wp-json\/wp\/v2\/pages"}],"about":[{"href":"https:\/\/ostadelahi.com\/fr\/wp-json\/wp\/v2\/types\/page"}],"author":[{"embeddable":true,"href":"https:\/\/ostadelahi.com\/fr\/wp-json\/wp\/v2\/users\/1"}],"replies":[{"embeddable":true,"href":"https:\/\/ostadelahi.com\/fr\/wp-json\/wp\/v2\/comments?post=856"}],"version-history":[{"count":8,"href":"https:\/\/ostadelahi.com\/fr\/wp-json\/wp\/v2\/pages\/856\/revisions"}],"predecessor-version":[{"id":11175,"href":"https:\/\/ostadelahi.com\/fr\/wp-json\/wp\/v2\/pages\/856\/revisions\/11175"}],"up":[{"embeddable":true,"href":"https:\/\/ostadelahi.com\/fr\/wp-json\/wp\/v2\/pages\/2029"}],"wp:attachment":[{"href":"https:\/\/ostadelahi.com\/fr\/wp-json\/wp\/v2\/media?parent=856"}],"curies":[{"name":"wp","href":"https:\/\/api.w.org\/{rel}","templated":true}]}}