{"id":850,"date":"2013-01-21T03:26:43","date_gmt":"2013-01-21T08:26:43","guid":{"rendered":"https:\/\/ostadelahi.com\/the-early-years\/a-paradigm-shift\/"},"modified":"2022-02-10T23:27:20","modified_gmt":"2022-02-11T04:27:20","slug":"le-tournant","status":"publish","type":"page","link":"https:\/\/ostadelahi.com\/fr\/lhomme\/biographie\/le-tournant\/","title":{"rendered":"Le tournant"},"content":{"rendered":"<div class=\"fusion-fullwidth fullwidth-box fusion-builder-row-1 nonhundred-percent-fullwidth non-hundred-percent-height-scrolling\" style=\"--awb-border-radius-top-left:0px;--awb-border-radius-top-right:0px;--awb-border-radius-bottom-right:0px;--awb-border-radius-bottom-left:0px;\" ><div class=\"fusion-builder-row fusion-row\"><div class=\"fusion-layout-column fusion_builder_column fusion-builder-column-0 fusion_builder_column_1_1 1_1 fusion-one-full fusion-column-first fusion-column-last\" style=\"--awb-bg-size:cover;--awb-margin-bottom:0px;\"><div class=\"fusion-column-wrapper fusion-flex-column-wrapper-legacy\"><div class=\"fusion-text fusion-text-1\"><p>Comme son p\u00e8re, le jeune Nour Ali jouissait de la consid\u00e9ration, voire de la v\u00e9n\u00e9ration d\u2019un grand nombre de disciples. Sa voie semblait donc toute trac\u00e9e dans la continuit\u00e9 de la tradition paternelle, celle de ma\u00eetre spirituel d\u2019une mystique classique principalement fond\u00e9e sur la vie asc\u00e9tique en retrait de la soci\u00e9t\u00e9. Il fit pourtant le choix d\u2019une autre voie qui le mena \u00e0 renouveler radicalement son approche de la spiritualit\u00e9.<\/p>\n<p>Cette transformation courageuse le conduira \u00e0 adopter une nouvelle vie au c\u0153ur de la soci\u00e9t\u00e9, une vie normale dans laquelle les signes ext\u00e9rieurs de spiritualit\u00e9 n\u2019ont plus leur place. Les longs cheveux, la longue barbe du mystique, la robe blanche du derviche, tout cela fut remplac\u00e9 par la coiffure et la tenue d\u2019un citoyen ordinaire. D\u00e9sormais, Nour Ali menait la vie de tout le monde sans que rien ne permette de deviner le terreau mystique et asc\u00e9tique dont il \u00e9tait issu. Quant \u00e0 la cause de son entr\u00e9e dans la soci\u00e9t\u00e9, elle devait \u00eatre r\u00e9v\u00e9l\u00e9e bien des ann\u00e9es plus tard, lorsqu\u2019il entama son enseignement sur le perfectionnement spirituel.<\/p>\n<\/div><div class=\"fusion-clearfix\"><\/div><\/div><\/div><div class=\"fusion-layout-column fusion_builder_column fusion-builder-column-1 fusion_builder_column_1_3 1_3 fusion-one-third fusion-column-first fusion-no-small-visibility\" style=\"--awb-bg-size:cover;width:33.333333333333%;width:calc(33.333333333333% - ( ( 4% + 4% ) * 0.33333333333333 ) );margin-right: 4%;\"><div class=\"fusion-column-wrapper fusion-flex-column-wrapper-legacy\"><div class=\"fusion-image-element fusion-image-align-center in-legacy-container\" style=\"text-align:center;--awb-caption-title-size:var(--h2_typography-font-size);--awb-caption-title-transform:var(--h2_typography-text-transform);--awb-caption-title-line-height:var(--h2_typography-line-height);--awb-caption-title-letter-spacing:var(--h2_typography-letter-spacing);\"><div class=\"imageframe-align-center\"><span class=\" fusion-imageframe imageframe-none imageframe-1 hover-type-none img-border-20\"><img decoding=\"async\" width=\"300\" height=\"435\" title=\"Ostad Elahi 1922\" src=\"https:\/\/ostadelahi.com\/wp-content\/uploads\/ostadelahi-1922-2.jpg\" alt class=\"img-responsive wp-image-4438\" srcset=\"https:\/\/ostadelahi.com\/wp-content\/uploads\/ostadelahi-1922-2-200x290.jpg 200w, https:\/\/ostadelahi.com\/wp-content\/uploads\/ostadelahi-1922-2.jpg 300w\" sizes=\"(max-width: 640px) 100vw, 300px\" \/><\/span><\/div><\/div><div class=\"fusion-clearfix\"><\/div><\/div><\/div><div class=\"fusion-layout-column fusion_builder_column fusion-builder-column-2 fusion_builder_column_1_3 1_3 fusion-one-third fusion-no-small-visibility\" style=\"--awb-bg-size:cover;width:33.333333333333%;width:calc(33.333333333333% - ( ( 4% + 4% ) * 0.33333333333333 ) );margin-right: 4%;\"><div class=\"fusion-column-wrapper fusion-flex-column-wrapper-legacy\"><div class=\"fusion-image-element fusion-image-align-center in-legacy-container\" style=\"text-align:center;--awb-caption-title-size:var(--h2_typography-font-size);--awb-caption-title-transform:var(--h2_typography-text-transform);--awb-caption-title-line-height:var(--h2_typography-line-height);--awb-caption-title-letter-spacing:var(--h2_typography-letter-spacing);\"><div class=\"imageframe-align-center\"><span class=\" fusion-imageframe imageframe-none imageframe-2 hover-type-none img-border-20\"><img decoding=\"async\" width=\"300\" height=\"435\" title=\"Ostad Elahi 1930\" src=\"https:\/\/ostadelahi.com\/wp-content\/uploads\/ostadelahi-1930-1.jpg\" alt class=\"img-responsive wp-image-4446\" srcset=\"https:\/\/ostadelahi.com\/wp-content\/uploads\/ostadelahi-1930-1-200x290.jpg 200w, https:\/\/ostadelahi.com\/wp-content\/uploads\/ostadelahi-1930-1.jpg 300w\" sizes=\"(max-width: 640px) 100vw, 300px\" \/><\/span><\/div><\/div><div class=\"fusion-clearfix\"><\/div><\/div><\/div><div class=\"fusion-layout-column fusion_builder_column fusion-builder-column-3 fusion_builder_column_1_3 1_3 fusion-one-third fusion-column-last fusion-no-small-visibility\" style=\"--awb-bg-size:cover;width:33.333333333333%;width:calc(33.333333333333% - ( ( 4% + 4% ) * 0.33333333333333 ) );\"><div class=\"fusion-column-wrapper fusion-flex-column-wrapper-legacy\"><div class=\"fusion-image-element fusion-image-align-center in-legacy-container\" style=\"text-align:center;--awb-caption-title-size:var(--h2_typography-font-size);--awb-caption-title-transform:var(--h2_typography-text-transform);--awb-caption-title-line-height:var(--h2_typography-line-height);--awb-caption-title-letter-spacing:var(--h2_typography-letter-spacing);\"><div class=\"imageframe-align-center\"><span class=\" fusion-imageframe imageframe-none imageframe-3 hover-type-none img-border-20\"><img decoding=\"async\" width=\"300\" height=\"435\" title=\"Ostad Elahi 1932\" src=\"https:\/\/ostadelahi.com\/wp-content\/uploads\/ostadelahi-1932-1.jpg\" alt class=\"img-responsive wp-image-4454\" srcset=\"https:\/\/ostadelahi.com\/wp-content\/uploads\/ostadelahi-1932-1-200x290.jpg 200w, https:\/\/ostadelahi.com\/wp-content\/uploads\/ostadelahi-1932-1.jpg 300w\" sizes=\"(max-width: 640px) 100vw, 300px\" \/><\/span><\/div><\/div><div class=\"fusion-clearfix\"><\/div><\/div><\/div><div class=\"fusion-layout-column fusion_builder_column fusion-builder-column-4 fusion_builder_column_1_1 1_1 fusion-one-full fusion-column-first fusion-column-last fusion-no-medium-visibility fusion-no-large-visibility\" style=\"--awb-bg-size:cover;\"><div class=\"fusion-column-wrapper fusion-flex-column-wrapper-legacy\"><div class=\"fusion-image-element in-legacy-container\" style=\"--awb-caption-title-size:var(--h2_typography-font-size);--awb-caption-title-transform:var(--h2_typography-text-transform);--awb-caption-title-line-height:var(--h2_typography-line-height);--awb-caption-title-letter-spacing:var(--h2_typography-letter-spacing);\"><span class=\" fusion-imageframe imageframe-none imageframe-4 hover-type-none img-border-20\"><img decoding=\"async\" width=\"750\" height=\"352\" src=\"https:\/\/ostadelahi.com\/wp-content\/uploads\/Paradigm-Shift@2x.jpg\" alt class=\"img-responsive wp-image-8175\" srcset=\"https:\/\/ostadelahi.com\/wp-content\/uploads\/Paradigm-Shift@2x-200x94.jpg 200w, https:\/\/ostadelahi.com\/wp-content\/uploads\/Paradigm-Shift@2x-400x188.jpg 400w, https:\/\/ostadelahi.com\/wp-content\/uploads\/Paradigm-Shift@2x-600x282.jpg 600w, https:\/\/ostadelahi.com\/wp-content\/uploads\/Paradigm-Shift@2x.jpg 750w\" sizes=\"(max-width: 640px) 100vw, 750px\" \/><\/span><\/div><div class=\"fusion-clearfix\"><\/div><\/div><\/div><div class=\"fusion-layout-column fusion_builder_column fusion-builder-column-5 fusion_builder_column_1_1 1_1 fusion-one-full fusion-column-first fusion-column-last\" style=\"--awb-bg-size:cover;\"><div class=\"fusion-column-wrapper fusion-flex-column-wrapper-legacy\"><div class=\"fusion-text fusion-text-2\"><p>Ce changement radical dans sa vie et sa pens\u00e9e exigeait une force d\u2019\u00e2me hors du commun et relevait \u00e0 vrai dire davantage du miracle que d\u2019une simple \u00e9volution de son mode de vie. Certains dans son entourage ou parmi les disciples le critiqu\u00e8rent vivement pour avoir abandonn\u00e9 la voie de son p\u00e8re et s\u2019\u00eatre mis au m\u00eame niveau que la soci\u00e9t\u00e9. Certains m\u00eame le quitt\u00e8rent pour cette raison. Mais Ostad ne renon\u00e7a pas. Il poursuivit ses efforts pour mettre une nouvelle forme de spiritualit\u00e9 \u00e0 la disposition de ceux qui recherchent la V\u00e9rit\u00e9.<\/p>\n<blockquote>\n<p>Mon \u00c9cole est comme une nouvelle m\u00e9decine de l\u2019\u00e2me que j\u2019ai mise au point \u00e0 la suite de nombreuses ann\u00e9es d\u2019asc\u00e8ses, d\u2019exp\u00e9riences et de recherches.<\/p>\n<\/blockquote>\n<p>En tra\u00e7ant comme un raccourci sur le chemin du perfectionnement spirituel, Ostad Elahi a ouvert un nouveau chapitre dans l\u2019histoire de la connaissance de soi et du Divin. S\u2019appuyant sur une connaissance spirituelle approfondie, il a pris, en toute conscience, la d\u00e9cision de se lib\u00e9rer des cha\u00eenes s\u00e9culaires de la mystique traditionnelle. Ce faisant, il a r\u00e9volutionn\u00e9 la spiritualit\u00e9, la soustrayant au monopole des seuls mystiques pour la mettre \u00e0 la disposition de tous.<\/p>\n<\/div><div class=\"fusion-clearfix\"><\/div><\/div><\/div><\/div><\/div>\n","protected":false},"excerpt":{"rendered":"","protected":false},"author":1,"featured_media":0,"parent":2029,"menu_order":3,"comment_status":"closed","ping_status":"closed","template":"side-navigation.php","meta":{"footnotes":""},"class_list":["post-850","page","type-page","status-publish","hentry"],"yoast_head":"<!-- This site is optimized with the Yoast SEO plugin v20.3 - https:\/\/yoast.com\/wordpress\/plugins\/seo\/ -->\n<title>Le tournant - Ostad Elahi<\/title>\n<meta name=\"robots\" content=\"index, follow, max-snippet:-1, max-image-preview:large, max-video-preview:-1\" \/>\n<link rel=\"canonical\" href=\"https:\/\/ostadelahi.com\/life\/biography\/a-paradigm-shift\/\" \/>\n<meta property=\"og:locale\" content=\"fr_FR\" \/>\n<meta property=\"og:type\" content=\"article\" \/>\n<meta property=\"og:title\" content=\"Le tournant - Ostad Elahi\" \/>\n<meta property=\"og:url\" content=\"https:\/\/ostadelahi.com\/life\/biography\/a-paradigm-shift\/\" \/>\n<meta property=\"og:site_name\" content=\"Ostad Elahi\" \/>\n<meta property=\"article:modified_time\" content=\"2022-02-11T04:27:20+00:00\" \/>\n<meta name=\"twitter:card\" content=\"summary_large_image\" \/>\n<meta name=\"twitter:label1\" content=\"Dur\u00e9e de lecture estim\u00e9e\" \/>\n\t<meta name=\"twitter:data1\" content=\"7 minutes\" \/>\n<script type=\"application\/ld+json\" class=\"yoast-schema-graph\">{\"@context\":\"https:\/\/schema.org\",\"@graph\":[{\"@type\":\"WebPage\",\"@id\":\"https:\/\/ostadelahi.com\/life\/biography\/a-paradigm-shift\/\",\"url\":\"https:\/\/ostadelahi.com\/life\/biography\/a-paradigm-shift\/\",\"name\":\"Le tournant - Ostad Elahi\",\"isPartOf\":{\"@id\":\"https:\/\/ostadelahi.com\/#website\"},\"datePublished\":\"2013-01-21T08:26:43+00:00\",\"dateModified\":\"2022-02-11T04:27:20+00:00\",\"breadcrumb\":{\"@id\":\"https:\/\/ostadelahi.com\/life\/biography\/a-paradigm-shift\/#breadcrumb\"},\"inLanguage\":\"fr-FR\",\"potentialAction\":[{\"@type\":\"ReadAction\",\"target\":[\"https:\/\/ostadelahi.com\/life\/biography\/a-paradigm-shift\/\"]}]},{\"@type\":\"BreadcrumbList\",\"@id\":\"https:\/\/ostadelahi.com\/life\/biography\/a-paradigm-shift\/#breadcrumb\",\"itemListElement\":[{\"@type\":\"ListItem\",\"position\":1,\"name\":\"Home\",\"item\":\"https:\/\/ostadelahi.com\/fr\/\"},{\"@type\":\"ListItem\",\"position\":2,\"name\":\"L&#8217;homme\",\"item\":\"https:\/\/ostadelahi.com\/life\/\"},{\"@type\":\"ListItem\",\"position\":3,\"name\":\"Biographie\",\"item\":\"https:\/\/ostadelahi.com\/life\/biography\/\"},{\"@type\":\"ListItem\",\"position\":4,\"name\":\"Le tournant\"}]},{\"@type\":\"WebSite\",\"@id\":\"https:\/\/ostadelahi.com\/#website\",\"url\":\"https:\/\/ostadelahi.com\/\",\"name\":\"Ostad Elahi\",\"description\":\"The official website on the life, work, and music of Ostad Elahi (1895-1974).\",\"potentialAction\":[{\"@type\":\"SearchAction\",\"target\":{\"@type\":\"EntryPoint\",\"urlTemplate\":\"https:\/\/ostadelahi.com\/?s={search_term_string}\"},\"query-input\":\"required name=search_term_string\"}],\"inLanguage\":\"fr-FR\"}]}<\/script>\n<!-- \/ Yoast SEO plugin. -->","yoast_head_json":{"title":"Le tournant - Ostad Elahi","robots":{"index":"index","follow":"follow","max-snippet":"max-snippet:-1","max-image-preview":"max-image-preview:large","max-video-preview":"max-video-preview:-1"},"canonical":"https:\/\/ostadelahi.com\/life\/biography\/a-paradigm-shift\/","og_locale":"fr_FR","og_type":"article","og_title":"Le tournant - Ostad Elahi","og_url":"https:\/\/ostadelahi.com\/life\/biography\/a-paradigm-shift\/","og_site_name":"Ostad Elahi","article_modified_time":"2022-02-11T04:27:20+00:00","twitter_card":"summary_large_image","twitter_misc":{"Dur\u00e9e de lecture estim\u00e9e":"7 minutes"},"schema":{"@context":"https:\/\/schema.org","@graph":[{"@type":"WebPage","@id":"https:\/\/ostadelahi.com\/life\/biography\/a-paradigm-shift\/","url":"https:\/\/ostadelahi.com\/life\/biography\/a-paradigm-shift\/","name":"Le tournant - Ostad Elahi","isPartOf":{"@id":"https:\/\/ostadelahi.com\/#website"},"datePublished":"2013-01-21T08:26:43+00:00","dateModified":"2022-02-11T04:27:20+00:00","breadcrumb":{"@id":"https:\/\/ostadelahi.com\/life\/biography\/a-paradigm-shift\/#breadcrumb"},"inLanguage":"fr-FR","potentialAction":[{"@type":"ReadAction","target":["https:\/\/ostadelahi.com\/life\/biography\/a-paradigm-shift\/"]}]},{"@type":"BreadcrumbList","@id":"https:\/\/ostadelahi.com\/life\/biography\/a-paradigm-shift\/#breadcrumb","itemListElement":[{"@type":"ListItem","position":1,"name":"Home","item":"https:\/\/ostadelahi.com\/fr\/"},{"@type":"ListItem","position":2,"name":"L&#8217;homme","item":"https:\/\/ostadelahi.com\/life\/"},{"@type":"ListItem","position":3,"name":"Biographie","item":"https:\/\/ostadelahi.com\/life\/biography\/"},{"@type":"ListItem","position":4,"name":"Le tournant"}]},{"@type":"WebSite","@id":"https:\/\/ostadelahi.com\/#website","url":"https:\/\/ostadelahi.com\/","name":"Ostad Elahi","description":"The official website on the life, work, and music of Ostad Elahi (1895-1974).","potentialAction":[{"@type":"SearchAction","target":{"@type":"EntryPoint","urlTemplate":"https:\/\/ostadelahi.com\/?s={search_term_string}"},"query-input":"required name=search_term_string"}],"inLanguage":"fr-FR"}]}},"_links":{"self":[{"href":"https:\/\/ostadelahi.com\/fr\/wp-json\/wp\/v2\/pages\/850","targetHints":{"allow":["GET"]}}],"collection":[{"href":"https:\/\/ostadelahi.com\/fr\/wp-json\/wp\/v2\/pages"}],"about":[{"href":"https:\/\/ostadelahi.com\/fr\/wp-json\/wp\/v2\/types\/page"}],"author":[{"embeddable":true,"href":"https:\/\/ostadelahi.com\/fr\/wp-json\/wp\/v2\/users\/1"}],"replies":[{"embeddable":true,"href":"https:\/\/ostadelahi.com\/fr\/wp-json\/wp\/v2\/comments?post=850"}],"version-history":[{"count":8,"href":"https:\/\/ostadelahi.com\/fr\/wp-json\/wp\/v2\/pages\/850\/revisions"}],"predecessor-version":[{"id":11095,"href":"https:\/\/ostadelahi.com\/fr\/wp-json\/wp\/v2\/pages\/850\/revisions\/11095"}],"up":[{"embeddable":true,"href":"https:\/\/ostadelahi.com\/fr\/wp-json\/wp\/v2\/pages\/2029"}],"wp:attachment":[{"href":"https:\/\/ostadelahi.com\/fr\/wp-json\/wp\/v2\/media?parent=850"}],"curies":[{"name":"wp","href":"https:\/\/api.w.org\/{rel}","templated":true}]}}