{"id":847,"date":"2013-01-21T03:26:12","date_gmt":"2013-01-21T08:26:12","guid":{"rendered":"https:\/\/ostadelahi.com\/the-early-years\/the-classic-mystic\/"},"modified":"2020-09-08T05:57:36","modified_gmt":"2020-09-08T10:57:36","slug":"le-mystique-classique","status":"publish","type":"page","link":"https:\/\/ostadelahi.com\/fr\/lhomme\/biographie\/le-mystique-classique\/","title":{"rendered":"Le mystique classique"},"content":{"rendered":"<div class=\"fusion-fullwidth fullwidth-box fusion-builder-row-1 nonhundred-percent-fullwidth non-hundred-percent-height-scrolling\" style=\"--awb-border-radius-top-left:0px;--awb-border-radius-top-right:0px;--awb-border-radius-bottom-right:0px;--awb-border-radius-bottom-left:0px;\" ><div class=\"fusion-builder-row fusion-row\"><div class=\"fusion-layout-column fusion_builder_column fusion-builder-column-0 fusion_builder_column_1_1 1_1 fusion-one-full fusion-column-first fusion-column-last\" style=\"--awb-bg-size:cover;--awb-margin-bottom:0px;\"><div class=\"fusion-column-wrapper fusion-flex-column-wrapper-legacy\"><div class=\"fusion-text fusion-text-1\"><p>Apr\u00e8s sa transformation int\u00e9rieure et au terme de sa retraite asc\u00e9tique de 12 ans, Ostad Elahi, \u00e0 21 ans, \u00e9tait reconnu comme un guide spirituel et un musicien hors pair. Il n\u2019avait jusque-l\u00e0 presque pas v\u00e9cu hors de l\u2019\u00c9den de la demeure paternelle, impr\u00e9gn\u00e9e d\u2019une atmosph\u00e8re spirituelle et d\u00e9gag\u00e9e de toute attraction mat\u00e9rielle. Il poursuivit ce style de vie mystique encore quelque temps sans vraiment entrer en contact avec le monde ext\u00e9rieur. Cette innocence dans laquelle il vivait devait plus tard lui causer quelques difficult\u00e9s.<\/p>\n<blockquote>\n<p>Ma vie \u00e9tait tout enti\u00e8re inscrite entre quatre murs, et seules des paroles de v\u00e9rit\u00e9 avaient atteint mes oreilles. Je n\u2019avais aucun contact avec la soci\u00e9t\u00e9. Je n\u2019avais aucune id\u00e9e de la vie des gens, de ce qu\u2019ils faisaient ni de ce qu\u2019ils pensaient. Je ne pouvais m\u00eame pas imaginer qu\u2019on puisse mentir ou tricher, et je pensais naturellement que le monde entier ressemblait \u00e0 notre maison.<\/p>\n<\/blockquote>\n<p>De cette p\u00e9riode, il reste peu de traces pr\u00e9cises, mais les \u00e9crits, les t\u00e9moignages et les indices concordent pour dire qu\u2019avant d\u2019entrer dans la fonction publique, Ostad Elahi a continu\u00e9 \u00e0 vivre selon la tradition mystique de son p\u00e8re. Il avait conserv\u00e9 ses cheveux longs et la robe blanche des derviches, perp\u00e9tuant ainsi un h\u00e9ritage auquel il \u00e9tait attach\u00e9 depuis l\u2019\u00e2ge de 6 ans. C\u2019est \u00e0 cette \u00e9poque qu\u2019un bijoutier du bazar de T\u00e9h\u00e9ran, impressionn\u00e9 par la noblesse d\u2019\u00e2me et le charisme qui se d\u00e9gageait de sa personne lui demande avec insistance le secret de la pierre philosophale.<\/p>\n<\/div><div class=\"fusion-text fusion-text-2\"><blockquote>\n<p>La premi\u00e8re fois que je suis venu \u00e0 T\u00e9h\u00e9ran, j\u2019avais 25 ans. Nous habitions \u00e0 Sanglaj et il m&rsquo;arrivait certains jours de traverser le bazar. J&rsquo;avais fini par attirer l&rsquo;attention d\u2019un des bijoutiers du bazar qui me trouvait l&rsquo;air d\u00e9tach\u00e9 de tout, ce qui l&rsquo;avait conduit \u00e0 penser que je d\u00e9tenais le secret de l\u2019alchimie. Un beau jour, il me salua chaleureusement, m\u2019invita dans son magasin et se montra tr\u00e8s avenant. Quand il apprit que j\u2019\u00e9tais en \u00e9tat de je\u00fbne, il fut encore plus intrigu\u00e9. Quelques jours plus tard, il me r\u00e9invita dans son magasin et me dit : \u00ab Monsieur, ce secret que vous d\u00e9tenez, vous ne voudriez pas m&rsquo;en faire un peu profiter aussi ? \u00bb Il voulait dire par l\u00e0 qu\u2019il voulait le secret de l\u2019alchimie ! Puis il m\u2019expliqua : \u00ab Votre air de s\u00e9r\u00e9nit\u00e9, de noblesse et de d\u00e9tachement me font penser que vous d\u00e9tenez le secret de l&rsquo;alchimie. \u00bb Bref, il ne voulait pas en d\u00e9mordre. Finalement, un jour, je lui dis : \u00ab Je vais te donner le secret de l\u2019alchimie, mais \u00e0 une condition. \u00bb Il \u00e9tait tout content et me dit qu\u2019il accepterait de tout c\u0153ur n\u2019importe quelle condition. Alors, je lui dis : \u00ab Voici la condition : tout ce que veut ton ego, refuse-le-lui du fond du c\u0153ur. Au bout de quelque temps, je t\u2019\u00e9prouverai et si tu as suivi ce commandement, je te donnerai la formule de l\u2019alchimie. \u00bb Apr\u00e8s un temps de r\u00e9flexion, il me r\u00e9pondit : \u00ab Mais Monsieur, si je renonce aux d\u00e9sirs de mon ego, \u00e0 quoi me servirait l\u2019alchimie ? \u00bb Alors, je lui ai donn\u00e9 quelques conseils, en lui expliquant que ce qu\u2019on dit habituellement de l\u2019alchimie est une imposture, que le secret de la v\u00e9ritable alchimie se trouve entre les mains du Seigneur et qu\u2019il ne le livre qu\u2019\u00e0 ceux qui ne s\u2019en servent pas. Quand l\u2019homme atteint le stade du d\u00e9tachement et qu\u2019il ne demande \u00e0 Dieu que Son contentement, il a tout. Dans Sa g\u00e9n\u00e9rosit\u00e9, Dieu ne refuse rien \u00e0 personne et donne \u00e0 chacun ce qui est bon pour lui.<\/p>\n<\/blockquote>\n<\/div><div class=\"fusion-clearfix\"><\/div><\/div><\/div><div class=\"fusion-layout-column fusion_builder_column fusion-builder-column-1 fusion_builder_column_2_3 2_3 fusion-two-third fusion-column-first\" style=\"--awb-bg-size:cover;width:66.666666666667%;width:calc(66.666666666667% - ( ( 4% ) * 0.66666666666667 ) );margin-right: 4%;\"><div class=\"fusion-column-wrapper fusion-flex-column-wrapper-legacy\"><div class=\"fusion-text fusion-text-3\"><blockquote>\n<p>La photo o\u00f9 je porte le turban remonte \u00e0 l\u2019\u00e9poque o\u00f9 j\u2019entrais dans ma vingt-sixi\u00e8me ann\u00e9e. J\u2019\u00e9tais plong\u00e9 dans un univers ang\u00e9lique, constamment en \u00e9tat d\u2019asc\u00e8se, ne mangeant en vingt-quatre heures qu\u2019un seul repas maigre que je prenais au cr\u00e9puscule, \u00e0 l\u2019heure de rompre le je\u00fbne.<\/p>\n<p>Quand je vois les photos de ma jeunesse, j\u2019\u00e9prouve une \u00e9motion particuli\u00e8re ; je me rappelle l\u2019\u00e9tat int\u00e9rieur dans lequel je me trouvais. Ce monde et tout ce qu\u2019il contient n\u2019\u00e9taient rien pour moi.<\/p>\n<\/blockquote>\n<\/div><div class=\"fusion-clearfix\"><\/div><\/div><\/div><div class=\"fusion-layout-column fusion_builder_column fusion-builder-column-2 fusion_builder_column_1_3 1_3 fusion-one-third fusion-column-last\" style=\"--awb-bg-size:cover;width:33.333333333333%;width:calc(33.333333333333% - ( ( 4% ) * 0.33333333333333 ) );\"><div class=\"fusion-column-wrapper fusion-flex-column-wrapper-legacy\"><div class=\"fusion-image-element fusion-image-align-center in-legacy-container\" style=\"text-align:center;--awb-caption-title-size:var(--h2_typography-font-size);--awb-caption-title-transform:var(--h2_typography-text-transform);--awb-caption-title-line-height:var(--h2_typography-line-height);--awb-caption-title-letter-spacing:var(--h2_typography-letter-spacing);\"><div class=\"imageframe-align-center\"><span class=\" fusion-imageframe imageframe-none imageframe-1 hover-type-none img-border-20\"><img decoding=\"async\" width=\"300\" height=\"435\" title=\"Ostad Elahi 1922\" src=\"https:\/\/ostadelahi.com\/wp-content\/uploads\/ostadelahi-1922-2.jpg\" alt class=\"img-responsive wp-image-4438\" srcset=\"https:\/\/ostadelahi.com\/wp-content\/uploads\/ostadelahi-1922-2-200x290.jpg 200w, https:\/\/ostadelahi.com\/wp-content\/uploads\/ostadelahi-1922-2.jpg 300w\" sizes=\"(max-width: 640px) 100vw, 300px\" \/><\/span><\/div><\/div><div class=\"fusion-clearfix\"><\/div><\/div><\/div><div class=\"fusion-layout-column fusion_builder_column fusion-builder-column-3 fusion_builder_column_1_1 1_1 fusion-one-full fusion-column-first fusion-column-last\" style=\"--awb-bg-size:cover;\"><div class=\"fusion-column-wrapper fusion-flex-column-wrapper-legacy\"><div class=\"fusion-text fusion-text-4\"><p>Hadj Nemat avait donn\u00e9 la priorit\u00e9 \u00e0 l\u2019\u00e9ducation spirituelle de son fils par rapport \u00e0 son instruction. Toutefois, les \u00e9crits qui restent de l\u2019adolescence et de la jeunesse d\u2019Ostad Elahi t\u00e9moignent d\u2019une calligraphie s\u00fbre et d\u2019une bonne formation litt\u00e9raire (surtout po\u00e9tique), ainsi que d\u2019une bonne ma\u00eetrise de la th\u00e9ologie, de la philosophie et de l\u2019histoire des religions. Le jeune Nour Ali passait notamment beaucoup de temps \u00e0 transcrire les \u0153uvres de son p\u00e8re. Ostad raconte ainsi que peu de temps avant le d\u00e9c\u00e8s de Hadj Nemat en 1920, il avait pass\u00e9 quarante jours \u00e0 transcrire sous sa dict\u00e9e les 15042 vers du Livre des Rois de V\u00e9rit\u00e9. On peut penser que ce sont ces m\u00eames bases intellectuelles, alli\u00e9es \u00e0 sa pers\u00e9v\u00e9rance et ses aptitudes naturelles qui, malgr\u00e9 l\u2019absence d\u2019instruction formelle, lui permirent plus tard d\u2019assimiler en 6 mois le programme de 3 ans de l\u2019\u00c9cole de magistrature.<\/p>\n<p>En 1917, Ostad Elahi se maria sur les conseils de son p\u00e8re qui d\u00e9c\u00e8dera quelques ann\u00e9es plus tard, deux jours avant la naissance de son premier enfant. Outre la charge de cet enfant et de son \u00e9pouse, il dut donc assumer celle de sa m\u00e8re et de ses deux jeunes s\u0153urs, ainsi que la gestion des terres paternelles. Ce surcro\u00eet de responsabilit\u00e9s ne l\u2019emp\u00eacha pas de vouer l\u2019essentiel de son temps \u00e0 la contemplation et aux pratiques spirituelles, parfois asc\u00e9tiques, mais \u00e9galement \u00e0 l\u2019enseignement spirituel, aux p\u00e8lerinages des tombeaux des grands saints Ahl-e Haqq, \u00e0 la compilation et au commentaire des \u0153uvres de son p\u00e8re, ainsi qu\u2019\u00e0 la recherche et \u00e0 l\u2019\u00e9criture. Un de ses textes les plus int\u00e9ressants datant de cette p\u00e9riode est le r\u00e9cit de la cr\u00e9ation de l\u2019Univers, transcription d\u2019une vision spirituelle d\u00e9taillant de fa\u00e7on originale la cr\u00e9ation de l&rsquo;homme et celle de l&rsquo;univers.<\/p>\n<p>Dans les premiers jours suivant le d\u00e9c\u00e8s de son p\u00e8re, les disciples se dispers\u00e8rent. Consid\u00e9rant que la lumi\u00e8re de la guidance s\u2019\u00e9tait \u00e9teinte, ils partirent en abandonnant le jeune Nour Ali. Profitant de l\u2019occasion, les opposants de son p\u00e8re qui voyaient dans sa vision d\u2019une spiritualit\u00e9 pure une menace pour leur position et leurs int\u00e9r\u00eats mat\u00e9riels, tent\u00e8rent en vain de l\u2019\u00e9liminer. Mais la situation devait tr\u00e8s vite s\u2019inverser puisque les disciples de Hadj Nemat revinrent pour la plupart aupr\u00e8s de lui et les opposants eux-m\u00eames tent\u00e8rent de sauver la face en faisant amende honorable.<\/p>\n<p>\u00c0 partir de ce moment, tous ceux qui souhaitaient b\u00e9n\u00e9ficier de sa connaissance spirituelle et de sa sagesse se rassembl\u00e8rent autour de lui, comme ils l&rsquo;avaient fait du temps de son p\u00e8re. Sa r\u00e9putation le pr\u00e9c\u00e9dait partout o\u00f9 il se rendait. Il \u00e9tait non seulement le fils de Hadj Nemat, mais son propre charisme parlait pour lui.<\/p>\n<\/div><div class=\"fusion-clearfix\"><\/div><\/div><\/div><\/div><\/div>\n","protected":false},"excerpt":{"rendered":"","protected":false},"author":1,"featured_media":0,"parent":2029,"menu_order":2,"comment_status":"closed","ping_status":"closed","template":"side-navigation.php","meta":{"footnotes":""},"class_list":["post-847","page","type-page","status-publish","hentry"],"yoast_head":"<!-- This site is optimized with the Yoast SEO plugin v20.3 - https:\/\/yoast.com\/wordpress\/plugins\/seo\/ -->\n<title>Le mystique classique - Ostad Elahi<\/title>\n<meta name=\"robots\" content=\"index, follow, max-snippet:-1, max-image-preview:large, max-video-preview:-1\" \/>\n<link rel=\"canonical\" href=\"https:\/\/ostadelahi.com\/life\/biography\/the-classic-mystic\/\" \/>\n<meta property=\"og:locale\" content=\"fr_FR\" \/>\n<meta property=\"og:type\" content=\"article\" \/>\n<meta property=\"og:title\" content=\"Le mystique classique - Ostad Elahi\" \/>\n<meta property=\"og:url\" content=\"https:\/\/ostadelahi.com\/life\/biography\/the-classic-mystic\/\" \/>\n<meta property=\"og:site_name\" content=\"Ostad Elahi\" \/>\n<meta property=\"article:modified_time\" content=\"2020-09-08T10:57:36+00:00\" \/>\n<meta name=\"twitter:card\" content=\"summary_large_image\" \/>\n<meta name=\"twitter:label1\" content=\"Dur\u00e9e de lecture estim\u00e9e\" \/>\n\t<meta name=\"twitter:data1\" content=\"9 minutes\" \/>\n<script type=\"application\/ld+json\" class=\"yoast-schema-graph\">{\"@context\":\"https:\/\/schema.org\",\"@graph\":[{\"@type\":\"WebPage\",\"@id\":\"https:\/\/ostadelahi.com\/life\/biography\/the-classic-mystic\/\",\"url\":\"https:\/\/ostadelahi.com\/life\/biography\/the-classic-mystic\/\",\"name\":\"Le mystique classique - Ostad Elahi\",\"isPartOf\":{\"@id\":\"https:\/\/ostadelahi.com\/#website\"},\"datePublished\":\"2013-01-21T08:26:12+00:00\",\"dateModified\":\"2020-09-08T10:57:36+00:00\",\"breadcrumb\":{\"@id\":\"https:\/\/ostadelahi.com\/life\/biography\/the-classic-mystic\/#breadcrumb\"},\"inLanguage\":\"fr-FR\",\"potentialAction\":[{\"@type\":\"ReadAction\",\"target\":[\"https:\/\/ostadelahi.com\/life\/biography\/the-classic-mystic\/\"]}]},{\"@type\":\"BreadcrumbList\",\"@id\":\"https:\/\/ostadelahi.com\/life\/biography\/the-classic-mystic\/#breadcrumb\",\"itemListElement\":[{\"@type\":\"ListItem\",\"position\":1,\"name\":\"Home\",\"item\":\"https:\/\/ostadelahi.com\/fr\/\"},{\"@type\":\"ListItem\",\"position\":2,\"name\":\"L&#8217;homme\",\"item\":\"https:\/\/ostadelahi.com\/life\/\"},{\"@type\":\"ListItem\",\"position\":3,\"name\":\"Biographie\",\"item\":\"https:\/\/ostadelahi.com\/life\/biography\/\"},{\"@type\":\"ListItem\",\"position\":4,\"name\":\"Le mystique classique\"}]},{\"@type\":\"WebSite\",\"@id\":\"https:\/\/ostadelahi.com\/#website\",\"url\":\"https:\/\/ostadelahi.com\/\",\"name\":\"Ostad Elahi\",\"description\":\"The official website on the life, work, and music of Ostad Elahi (1895-1974).\",\"potentialAction\":[{\"@type\":\"SearchAction\",\"target\":{\"@type\":\"EntryPoint\",\"urlTemplate\":\"https:\/\/ostadelahi.com\/?s={search_term_string}\"},\"query-input\":\"required name=search_term_string\"}],\"inLanguage\":\"fr-FR\"}]}<\/script>\n<!-- \/ Yoast SEO plugin. -->","yoast_head_json":{"title":"Le mystique classique - Ostad Elahi","robots":{"index":"index","follow":"follow","max-snippet":"max-snippet:-1","max-image-preview":"max-image-preview:large","max-video-preview":"max-video-preview:-1"},"canonical":"https:\/\/ostadelahi.com\/life\/biography\/the-classic-mystic\/","og_locale":"fr_FR","og_type":"article","og_title":"Le mystique classique - Ostad Elahi","og_url":"https:\/\/ostadelahi.com\/life\/biography\/the-classic-mystic\/","og_site_name":"Ostad Elahi","article_modified_time":"2020-09-08T10:57:36+00:00","twitter_card":"summary_large_image","twitter_misc":{"Dur\u00e9e de lecture estim\u00e9e":"9 minutes"},"schema":{"@context":"https:\/\/schema.org","@graph":[{"@type":"WebPage","@id":"https:\/\/ostadelahi.com\/life\/biography\/the-classic-mystic\/","url":"https:\/\/ostadelahi.com\/life\/biography\/the-classic-mystic\/","name":"Le mystique classique - Ostad Elahi","isPartOf":{"@id":"https:\/\/ostadelahi.com\/#website"},"datePublished":"2013-01-21T08:26:12+00:00","dateModified":"2020-09-08T10:57:36+00:00","breadcrumb":{"@id":"https:\/\/ostadelahi.com\/life\/biography\/the-classic-mystic\/#breadcrumb"},"inLanguage":"fr-FR","potentialAction":[{"@type":"ReadAction","target":["https:\/\/ostadelahi.com\/life\/biography\/the-classic-mystic\/"]}]},{"@type":"BreadcrumbList","@id":"https:\/\/ostadelahi.com\/life\/biography\/the-classic-mystic\/#breadcrumb","itemListElement":[{"@type":"ListItem","position":1,"name":"Home","item":"https:\/\/ostadelahi.com\/fr\/"},{"@type":"ListItem","position":2,"name":"L&#8217;homme","item":"https:\/\/ostadelahi.com\/life\/"},{"@type":"ListItem","position":3,"name":"Biographie","item":"https:\/\/ostadelahi.com\/life\/biography\/"},{"@type":"ListItem","position":4,"name":"Le mystique classique"}]},{"@type":"WebSite","@id":"https:\/\/ostadelahi.com\/#website","url":"https:\/\/ostadelahi.com\/","name":"Ostad Elahi","description":"The official website on the life, work, and music of Ostad Elahi (1895-1974).","potentialAction":[{"@type":"SearchAction","target":{"@type":"EntryPoint","urlTemplate":"https:\/\/ostadelahi.com\/?s={search_term_string}"},"query-input":"required name=search_term_string"}],"inLanguage":"fr-FR"}]}},"_links":{"self":[{"href":"https:\/\/ostadelahi.com\/fr\/wp-json\/wp\/v2\/pages\/847","targetHints":{"allow":["GET"]}}],"collection":[{"href":"https:\/\/ostadelahi.com\/fr\/wp-json\/wp\/v2\/pages"}],"about":[{"href":"https:\/\/ostadelahi.com\/fr\/wp-json\/wp\/v2\/types\/page"}],"author":[{"embeddable":true,"href":"https:\/\/ostadelahi.com\/fr\/wp-json\/wp\/v2\/users\/1"}],"replies":[{"embeddable":true,"href":"https:\/\/ostadelahi.com\/fr\/wp-json\/wp\/v2\/comments?post=847"}],"version-history":[{"count":8,"href":"https:\/\/ostadelahi.com\/fr\/wp-json\/wp\/v2\/pages\/847\/revisions"}],"predecessor-version":[{"id":10112,"href":"https:\/\/ostadelahi.com\/fr\/wp-json\/wp\/v2\/pages\/847\/revisions\/10112"}],"up":[{"embeddable":true,"href":"https:\/\/ostadelahi.com\/fr\/wp-json\/wp\/v2\/pages\/2029"}],"wp:attachment":[{"href":"https:\/\/ostadelahi.com\/fr\/wp-json\/wp\/v2\/media?parent=847"}],"curies":[{"name":"wp","href":"https:\/\/api.w.org\/{rel}","templated":true}]}}