{"id":600,"date":"2013-01-22T12:44:30","date_gmt":"2013-01-22T17:44:30","guid":{"rendered":"https:\/\/ostadelahi.com\/?page_id=600"},"modified":"2023-03-19T14:16:32","modified_gmt":"2023-03-19T19:16:32","slug":"preuves-de-verite","status":"publish","type":"page","link":"https:\/\/ostadelahi.com\/fr\/loeuvre\/publications\/preuves-de-verite\/","title":{"rendered":"Preuve de V\u00e9rit\u00e9"},"content":{"rendered":"<div class=\"fusion-fullwidth fullwidth-box fusion-builder-row-1 nonhundred-percent-fullwidth non-hundred-percent-height-scrolling\" style=\"--awb-border-radius-top-left:0px;--awb-border-radius-top-right:0px;--awb-border-radius-bottom-right:0px;--awb-border-radius-bottom-left:0px;\" ><div class=\"fusion-builder-row fusion-row\"><div class=\"fusion-layout-column fusion_builder_column fusion-builder-column-0 fusion_builder_column_1_1 1_1 fusion-one-full fusion-column-first fusion-column-last\" style=\"--awb-bg-size:cover;--awb-margin-bottom:0px;\"><div class=\"fusion-column-wrapper fusion-flex-column-wrapper-legacy\"><div class=\"fusion-text fusion-text-1\"><p>Les ouvrages d\u2019Ostad Elahi publi\u00e9s \u00e0 ce jour sont\u00a0: <em>Preuve de V\u00e9rit\u00e9<\/em> (<em>Borhan ol-Haqq<\/em>, 1963), <em>Commentaire du Livre des Rois de V\u00e9rit\u00e9<\/em> (<em>Hashieh bar Haqq ol-Haqayeq<\/em>, 1967), <em>Connaissance de l\u2019\u00e2me<\/em> <em>(Marefat ol-Ruh<\/em>, 1969). Son enseignement oral est \u00e9galement paru sous la forme de deux volumes intitul\u00e9s <em>Paroles de V\u00e9rit\u00e9<\/em> (<em>Asar ol-Haqq<\/em>, 1978\/1992) compil\u00e9s et \u00e9dit\u00e9s par son fils Bahram Elahi.<\/p>\n<h2>Preuve de V\u00e9rit\u00e9<\/h2>\n<\/div><div class=\"fusion-clearfix\"><\/div><\/div><\/div><div class=\"fusion-layout-column fusion_builder_column fusion-builder-column-1 fusion_builder_column_2_3 2_3 fusion-two-third fusion-column-first\" style=\"--awb-bg-size:cover;--awb-margin-bottom:0px;width:65.3333%; margin-right: 4%;\"><div class=\"fusion-column-wrapper fusion-flex-column-wrapper-legacy\"><div class=\"fusion-text fusion-text-2\"><p>Publi\u00e9 en 1963, <em>Preuve de V\u00e9rit\u00e9<\/em> (<em>Borhan ol-Haqq<\/em>) pr\u00e9sente pour la premi\u00e8re fois de fa\u00e7on document\u00e9e et exhaustive l\u2019histoire, les origines, les croyances, les rites et la doctrine de l\u2019ordre mystique des <em><span class=\"fusion-popover popover-1\" data-animation=\"1\" data-class=\"popover-1\" data-container=\"popover-1\" data-content=\"Litt\u00e9ralement \u00abFervents de V\u00e9rit\u00e9\u00bb. Le p\u00e8re d\u2019Ostad Elahi, Hadj Nemat, fait partie des figures importantes de cet ordre mystique.\" data-delay=\"50\" data-placement=\"top\" data-toggle=\"popover\" data-trigger=\"click\">Ahl-e Haqq<\/span><\/em>.<\/p>\n<p>Ce trait\u00e9 est con\u00e7u comme une enqu\u00eate \u00e0 l\u2019usage des chercheurs, orientalistes ou autres, int\u00e9ress\u00e9s par cette confr\u00e9rie. Il constitue \u00e9galement un guide destin\u00e9 aux Ahl-e Haqq eux-m\u00eames qui y trouvent une mise au point sur les principes fondamentaux et les rituels de leur confession.<\/p>\n<p>La publication de <em>Preuve de V\u00e9rit\u00e9<\/em> est un \u00e9v\u00e9nement capital dans l\u2019histoire des Ahl-e Haqq, dont la doctrine n\u2019avait jusqu\u2019alors fait l\u2019objet d\u2019aucun examen syst\u00e9matique. La communaut\u00e9 Ahl-e\u00a0Haqq est g\u00e9ographiquement dispers\u00e9e entre l\u2019Irak, la Syrie, la Turquie, l\u2019Azerba\u00efdjan et l\u2019Iran. Elle a subi au fil du temps de multiples transformations, ce dont t\u00e9moignent la grande vari\u00e9t\u00e9 de leurs pratiques rituelles ou m\u00eame les diff\u00e9rences que l\u2019on peut observer dans leurs croyances fondamentales. Ces discordances ont abouti \u00e0 un antagonisme entre diff\u00e9rents groupes se r\u00e9clamant tous de l\u2019enseignement originel. Par ailleurs, le caract\u00e8re secret d\u2019une partie de la tradition Ahl-e Haqq rend difficile toute tentative d\u2019unification doctrinale.<\/p>\n<\/div><div class=\"fusion-clearfix\"><\/div><\/div><\/div><div class=\"fusion-layout-column fusion_builder_column fusion-builder-column-2 fusion_builder_column_1_3 1_3 fusion-one-third fusion-column-last book-cover\" style=\"--awb-padding-top:20px;--awb-padding-right:20px;--awb-padding-bottom:10px;--awb-padding-left:20px;--awb-bg-size:cover;--awb-border-color:#d60000;--awb-border-top:0;--awb-border-right:0;--awb-border-bottom:0;--awb-border-left:0;--awb-border-style:solid;--awb-margin-bottom:10px;width:30.6666%;\"><div class=\"fusion-column-wrapper fusion-flex-column-wrapper-legacy\"><div class=\"fusion-image-element fusion-image-align-center in-legacy-container\" style=\"text-align:center;--awb-bottom-shadow-color:rgba(0,0,0,0.4);--awb-caption-title-size:var(--h2_typography-font-size);--awb-caption-title-transform:var(--h2_typography-text-transform);--awb-caption-title-line-height:var(--h2_typography-line-height);--awb-caption-title-letter-spacing:var(--h2_typography-letter-spacing);\"><div class=\"imageframe-align-center\"><div class=\"awb-image-frame awb-image-frame-1 fusion-image-frame-bottomshadow image-frame-shadow-1\"><span class=\" fusion-imageframe imageframe-bottomshadow imageframe-1 element-bottomshadow hover-type-none\"><img decoding=\"async\" width=\"300\" height=\"467\" title=\"borhan-ol-haqq-300\" src=\"https:\/\/ostadelahi.com\/wp-content\/uploads\/Borhan-ol-Haqq-300.jpg\" alt class=\"img-responsive wp-image-4778\" srcset=\"https:\/\/ostadelahi.com\/wp-content\/uploads\/Borhan-ol-Haqq-300-200x311.jpg 200w, https:\/\/ostadelahi.com\/wp-content\/uploads\/Borhan-ol-Haqq-300.jpg 300w\" sizes=\"(max-width: 640px) 100vw, 300px\" \/><\/span><\/div><\/div><\/div><div class=\"fusion-sep-clear\"><\/div><div class=\"fusion-separator fusion-full-width-sep\" style=\"margin-left: auto;margin-right: auto;margin-top:20px;width:100%;\"><\/div><div class=\"fusion-sep-clear\"><\/div><div class=\"fusion-text fusion-text-3\"><div class=\"book-electronic\">\n<h5 style=\"text-align: center;\">Electronic Editions<br \/>\n<a href=\"https:\/\/itunes.apple.com\/us\/book\/\u0628\u0631\u0647\u0627\u0646-\u0627\u0644\u062d\u0642\/id1384266718?mt=11\">Apple Books<\/a><\/h5>\n<\/div>\n<\/div><div class=\"fusion-text fusion-text-4\"><div class=\"book-print\">\n<h5 style=\"text-align: center;\">Print Editions<br \/>\n<a href=\"http:\/\/www.karoon.com\/borhan-ol-haqq-ostad-elahi\">Karoon<\/a><\/h5>\n<\/div>\n<\/div><div class=\"fusion-sep-clear\"><\/div><div class=\"fusion-separator fusion-full-width-sep\" style=\"margin-left: auto;margin-right: auto;margin-top:20px;width:100%;\"><\/div><div class=\"fusion-sep-clear\"><\/div><div class=\"fusion-aligncenter\"><a class=\"fusion-button button-flat button-large button-lightgray fusion-button-lightgray button-1 fusion-button-default-span fusion-button-default-type book-button\" target=\"_blank\" rel=\"noopener noreferrer\" href=\"\/media\/book-downloads\/Borhan-ol-Haqq.pdf\"><i class=\"fa-book fas button-icon-left\" aria-hidden=\"true\"><\/i><span class=\"fusion-button-text\">Download Book PDF Format \u2022 Free<\/span><\/a><\/div><div class=\"fusion-clearfix\"><\/div><\/div><\/div><div class=\"fusion-layout-column fusion_builder_column fusion-builder-column-3 fusion_builder_column_1_1 1_1 fusion-one-full fusion-column-first fusion-column-last\" style=\"--awb-bg-size:cover;--awb-margin-bottom:0px;\"><div class=\"fusion-column-wrapper fusion-flex-column-wrapper-legacy\"><div class=\"fusion-text fusion-text-5\"><p>Dans un tel contexte, il \u00e9tait urgent d\u2019entreprendre une enqu\u00eate rigoureuse et un travail de clarification. Ostad Elahi s\u2019appuie dans son \u00e9tude sur une connaissance approfondie des textes sacr\u00e9s de l\u2019ordre des Ahl-e Haqq (<em>Kalam<\/em>) et des diff\u00e9rentes traditions religieuses, en particulier l\u2019Islam, ainsi que sur une parfaite maitrise de l\u2019herm\u00e9neutique. L\u2019ouvrage expose en d\u00e9tail la terminologie sp\u00e9cifique aux Ahl-e Haqq et les arcanes de leur doctrine, en particulier les questions li\u00e9es \u00e0 l\u2019origine du monde, la manifestation divine, le salut et les fins derni\u00e8res ainsi que les degr\u00e9s du perfectionnement spirituel. En annexe sont consign\u00e9es les r\u00e9ponses d\u2019Ostad Elahi aux nombreuses questions qui lui ont \u00e9t\u00e9 pos\u00e9es par les lecteurs \u00e0 la suite de la premi\u00e8re \u00e9dition de l\u2019ouvrage.<\/p>\n<p>Le style de <em>Preuve de V\u00e9rit\u00e9 <\/em>se caract\u00e9rise par sa pr\u00e9cision et sa rigueur dans l\u2019examen critique de l\u2019ensemble des sources existantes. L\u2019ouvrage r\u00e9pertorie en outre les croyances des diff\u00e9rents groupes Ahl-e Haqq dont il reconstitue la chronologie. <em>Preuve de V\u00e9rit\u00e9<\/em> constitue ainsi un document unique, effectuant la synth\u00e8se critique d\u2019une tradition qui, sans cela, se serait progressivement perdue.<\/p>\n<p>De surcroit, au-del\u00e0 de l\u2019entreprise de clarification propre au contexte Ahl-e Haqq, l\u2019ouvrage constitue pour Ostad Elahi l\u2019occasion d\u2019exposer sa conception des diff\u00e9rentes \u00e9tapes de la Religion, en insistant tout particuli\u00e8rement sur les \u00e9tapes spirituelles et la dimension int\u00e9rieure de la relation au Divin. Il y pr\u00e9sente \u00e9galement, au d\u00e9tour d\u2019une phrase ou d\u2019une explication doctrinale, nombre d\u2019\u00e9claircissements de port\u00e9e plus g\u00e9n\u00e9rale concernant la pratique spirituelle. On y trouve ainsi des recommandations et points de m\u00e9thode permettant de mieux appr\u00e9hender le cheminement spirituel ind\u00e9pendamment de toute confession ou doctrine particuli\u00e8re.<\/p>\n<p><em>Preuve de V\u00e9rit\u00e9<\/em> a connu de nombreuses r\u00e9\u00e9ditions.<\/p>\n<\/div><div class=\"fusion-sep-clear\"><\/div><div class=\"fusion-separator fusion-full-width-sep\" style=\"margin-left: auto;margin-right: auto;margin-top:40px;margin-bottom:40px;width:100%;\"><div class=\"fusion-separator-border sep-shadow\" style=\"--awb-height:20px;--awb-amount:20px;background:radial-gradient(ellipse at 50% -50% , #e0dede 0px, rgba(255, 255, 255, 0) 80%) repeat scroll 0 0 rgba(0, 0, 0, 0);background:-webkit-radial-gradient(ellipse at 50% -50% , #e0dede 0px, rgba(255, 255, 255, 0) 80%) repeat scroll 0 0 rgba(0, 0, 0, 0);background:-moz-radial-gradient(ellipse at 50% -50% , #e0dede 0px, rgba(255, 255, 255, 0) 80%) repeat scroll 0 0 rgba(0, 0, 0, 0);background:-o-radial-gradient(ellipse at 50% -50% , #e0dede 0px, rgba(255, 255, 255, 0) 80%) repeat scroll 0 0 rgba(0, 0, 0, 0);\"><\/div><\/div><div class=\"fusion-sep-clear\"><\/div><div class=\"fusion-text fusion-text-6\"><h3>Extraits<\/h3>\n<blockquote>\n<p><strong>Chapitre 5<\/strong><\/p>\n<p>La voie Ahl-e Haqq repose sur quatre piliers [\u2026] : la puret\u00e9, la rectitude, l\u2019effacement et \u200el\u2019altruisme.\u200e<\/p>\n<ul>\n<li class=\"first-child alpha\">La puret\u00e9 est \u00e0 prendre ici au sens large et s\u2019applique \u00e0 tout ce qui est susceptible de puret\u00e9. \u200eAinsi, un Ahl-e Haqq doit \u00eatre pur sur tous les plans, aussi bien dans sa vie mat\u00e9rielle que dans \u200esa vie spirituelle. Ext\u00e9rieurement, son corps, ses v\u00eatements, sa demeure, son gagne-pain et sa \u200enourriture, et int\u00e9rieurement, ses pens\u00e9es, ses paroles, son comportement et ses actes doivent \u200e\u00eatre absolument purs, licites et transparents.\u200e<\/li>\n<li>La rectitude, c\u2019est suivre la voie droite, c\u2019est-\u00e0-dire observer les prescriptions et les \u200eproscriptions divines. En d\u2019autres termes, c\u2019est servir Dieu et se garder du mensonge et du \u200ep\u00e9ch\u00e9 [\u2026].\u200e<\/li>\n<li>L\u2019effacement de soi, c\u2019est effacer ou \u00e9liminer en soi l\u2019orgueil, la pr\u00e9somption, la suffisance, \u200el\u2019\u00e9go\u00efsme, les pulsions et d\u00e9sirs du soi imp\u00e9rieux, l\u2019exc\u00e8s de concupiscence ainsi que tous les \u200evices moraux ; c\u2019est aussi accepter pleinement tout ce qui nous arrive et ne rechercher rien \u200ed\u2019autre que le contentement divin. En d\u2019autres termes, c\u2019est perdre toute \u00e9go\u00eft\u00e9 et s\u2019annihiler \u200een Dieu. Dans le langage des mystiques et des philosophes, c\u2019est avoir parcouru l\u2019\u00e9tape de \u200el\u2019acceptation pour parvenir \u00e0 celle de l\u2019abandon en Dieu qui est l\u2019\u00e9tape ultime du cheminement \u200emystique.\u200e<\/li>\n<li class=\"last-child omega\">L\u2019altruisme, c\u2019est servir et aider les cr\u00e9atures, se d\u00e9vouer pour elles avec sinc\u00e9rit\u00e9. C\u2019est faire \u200esienne la devise : \u00ab\u00a0Prends sur toi afin de soulager les autres.\u00a0\u00bb<\/li>\n<\/ul>\n<\/blockquote>\n<\/div><div class=\"fusion-clearfix\"><\/div><\/div><\/div><\/div><\/div>\n","protected":false},"excerpt":{"rendered":"","protected":false},"author":1,"featured_media":0,"parent":2063,"menu_order":1,"comment_status":"closed","ping_status":"closed","template":"side-navigation.php","meta":{"footnotes":""},"class_list":["post-600","page","type-page","status-publish","hentry"],"yoast_head":"<!-- This site is optimized with the Yoast SEO plugin v20.3 - https:\/\/yoast.com\/wordpress\/plugins\/seo\/ -->\n<title>Preuve de V\u00e9rit\u00e9 - Ostad Elahi<\/title>\n<meta name=\"robots\" content=\"index, follow, max-snippet:-1, max-image-preview:large, max-video-preview:-1\" \/>\n<link rel=\"canonical\" href=\"https:\/\/ostadelahi.com\/works\/publications\/demonstration-of-the-truth\/\" \/>\n<meta property=\"og:locale\" content=\"fr_FR\" \/>\n<meta property=\"og:type\" content=\"article\" \/>\n<meta property=\"og:title\" content=\"Preuve de V\u00e9rit\u00e9 - Ostad Elahi\" \/>\n<meta property=\"og:url\" content=\"https:\/\/ostadelahi.com\/works\/publications\/demonstration-of-the-truth\/\" \/>\n<meta property=\"og:site_name\" content=\"Ostad Elahi\" \/>\n<meta property=\"article:modified_time\" content=\"2023-03-19T19:16:32+00:00\" \/>\n<meta name=\"twitter:card\" content=\"summary_large_image\" \/>\n<meta name=\"twitter:label1\" content=\"Dur\u00e9e de lecture estim\u00e9e\" \/>\n\t<meta name=\"twitter:data1\" content=\"5 minutes\" \/>\n<script type=\"application\/ld+json\" class=\"yoast-schema-graph\">{\"@context\":\"https:\/\/schema.org\",\"@graph\":[{\"@type\":\"WebPage\",\"@id\":\"https:\/\/ostadelahi.com\/works\/publications\/demonstration-of-the-truth\/\",\"url\":\"https:\/\/ostadelahi.com\/works\/publications\/demonstration-of-the-truth\/\",\"name\":\"Preuve de V\u00e9rit\u00e9 - Ostad Elahi\",\"isPartOf\":{\"@id\":\"https:\/\/ostadelahi.com\/#website\"},\"datePublished\":\"2013-01-22T17:44:30+00:00\",\"dateModified\":\"2023-03-19T19:16:32+00:00\",\"breadcrumb\":{\"@id\":\"https:\/\/ostadelahi.com\/works\/publications\/demonstration-of-the-truth\/#breadcrumb\"},\"inLanguage\":\"fr-FR\",\"potentialAction\":[{\"@type\":\"ReadAction\",\"target\":[\"https:\/\/ostadelahi.com\/works\/publications\/demonstration-of-the-truth\/\"]}]},{\"@type\":\"BreadcrumbList\",\"@id\":\"https:\/\/ostadelahi.com\/works\/publications\/demonstration-of-the-truth\/#breadcrumb\",\"itemListElement\":[{\"@type\":\"ListItem\",\"position\":1,\"name\":\"Home\",\"item\":\"https:\/\/ostadelahi.com\/fr\/\"},{\"@type\":\"ListItem\",\"position\":2,\"name\":\"L&#8217;\u0153uvre\",\"item\":\"https:\/\/ostadelahi.com\/works\/\"},{\"@type\":\"ListItem\",\"position\":3,\"name\":\"Publications\",\"item\":\"https:\/\/ostadelahi.com\/works\/publications\/\"},{\"@type\":\"ListItem\",\"position\":4,\"name\":\"Preuve de V\u00e9rit\u00e9\"}]},{\"@type\":\"WebSite\",\"@id\":\"https:\/\/ostadelahi.com\/#website\",\"url\":\"https:\/\/ostadelahi.com\/\",\"name\":\"Ostad Elahi\",\"description\":\"The official website on the life, work, and music of Ostad Elahi (1895-1974).\",\"potentialAction\":[{\"@type\":\"SearchAction\",\"target\":{\"@type\":\"EntryPoint\",\"urlTemplate\":\"https:\/\/ostadelahi.com\/?s={search_term_string}\"},\"query-input\":\"required name=search_term_string\"}],\"inLanguage\":\"fr-FR\"}]}<\/script>\n<!-- \/ Yoast SEO plugin. -->","yoast_head_json":{"title":"Preuve de V\u00e9rit\u00e9 - Ostad Elahi","robots":{"index":"index","follow":"follow","max-snippet":"max-snippet:-1","max-image-preview":"max-image-preview:large","max-video-preview":"max-video-preview:-1"},"canonical":"https:\/\/ostadelahi.com\/works\/publications\/demonstration-of-the-truth\/","og_locale":"fr_FR","og_type":"article","og_title":"Preuve de V\u00e9rit\u00e9 - Ostad Elahi","og_url":"https:\/\/ostadelahi.com\/works\/publications\/demonstration-of-the-truth\/","og_site_name":"Ostad Elahi","article_modified_time":"2023-03-19T19:16:32+00:00","twitter_card":"summary_large_image","twitter_misc":{"Dur\u00e9e de lecture estim\u00e9e":"5 minutes"},"schema":{"@context":"https:\/\/schema.org","@graph":[{"@type":"WebPage","@id":"https:\/\/ostadelahi.com\/works\/publications\/demonstration-of-the-truth\/","url":"https:\/\/ostadelahi.com\/works\/publications\/demonstration-of-the-truth\/","name":"Preuve de V\u00e9rit\u00e9 - Ostad Elahi","isPartOf":{"@id":"https:\/\/ostadelahi.com\/#website"},"datePublished":"2013-01-22T17:44:30+00:00","dateModified":"2023-03-19T19:16:32+00:00","breadcrumb":{"@id":"https:\/\/ostadelahi.com\/works\/publications\/demonstration-of-the-truth\/#breadcrumb"},"inLanguage":"fr-FR","potentialAction":[{"@type":"ReadAction","target":["https:\/\/ostadelahi.com\/works\/publications\/demonstration-of-the-truth\/"]}]},{"@type":"BreadcrumbList","@id":"https:\/\/ostadelahi.com\/works\/publications\/demonstration-of-the-truth\/#breadcrumb","itemListElement":[{"@type":"ListItem","position":1,"name":"Home","item":"https:\/\/ostadelahi.com\/fr\/"},{"@type":"ListItem","position":2,"name":"L&#8217;\u0153uvre","item":"https:\/\/ostadelahi.com\/works\/"},{"@type":"ListItem","position":3,"name":"Publications","item":"https:\/\/ostadelahi.com\/works\/publications\/"},{"@type":"ListItem","position":4,"name":"Preuve de V\u00e9rit\u00e9"}]},{"@type":"WebSite","@id":"https:\/\/ostadelahi.com\/#website","url":"https:\/\/ostadelahi.com\/","name":"Ostad Elahi","description":"The official website on the life, work, and music of Ostad Elahi (1895-1974).","potentialAction":[{"@type":"SearchAction","target":{"@type":"EntryPoint","urlTemplate":"https:\/\/ostadelahi.com\/?s={search_term_string}"},"query-input":"required name=search_term_string"}],"inLanguage":"fr-FR"}]}},"_links":{"self":[{"href":"https:\/\/ostadelahi.com\/fr\/wp-json\/wp\/v2\/pages\/600","targetHints":{"allow":["GET"]}}],"collection":[{"href":"https:\/\/ostadelahi.com\/fr\/wp-json\/wp\/v2\/pages"}],"about":[{"href":"https:\/\/ostadelahi.com\/fr\/wp-json\/wp\/v2\/types\/page"}],"author":[{"embeddable":true,"href":"https:\/\/ostadelahi.com\/fr\/wp-json\/wp\/v2\/users\/1"}],"replies":[{"embeddable":true,"href":"https:\/\/ostadelahi.com\/fr\/wp-json\/wp\/v2\/comments?post=600"}],"version-history":[{"count":3,"href":"https:\/\/ostadelahi.com\/fr\/wp-json\/wp\/v2\/pages\/600\/revisions"}],"predecessor-version":[{"id":12455,"href":"https:\/\/ostadelahi.com\/fr\/wp-json\/wp\/v2\/pages\/600\/revisions\/12455"}],"up":[{"embeddable":true,"href":"https:\/\/ostadelahi.com\/fr\/wp-json\/wp\/v2\/pages\/2063"}],"wp:attachment":[{"href":"https:\/\/ostadelahi.com\/fr\/wp-json\/wp\/v2\/media?parent=600"}],"curies":[{"name":"wp","href":"https:\/\/api.w.org\/{rel}","templated":true}]}}