{"id":3793,"date":"2016-08-06T11:36:57","date_gmt":"2016-08-06T16:36:57","guid":{"rendered":"https:\/\/ostadelahi.com\/?page_id=3793"},"modified":"2022-11-28T11:16:03","modified_gmt":"2022-11-28T16:16:03","slug":"la-spiritualite-naturelle","status":"publish","type":"page","link":"https:\/\/ostadelahi.com\/fr\/la-pensee\/la-spiritualite-naturelle\/","title":{"rendered":"La spiritualit\u00e9 naturelle"},"content":{"rendered":"<div class=\"fusion-fullwidth fullwidth-box fusion-builder-row-1 nonhundred-percent-fullwidth non-hundred-percent-height-scrolling\" style=\"--awb-border-radius-top-left:0px;--awb-border-radius-top-right:0px;--awb-border-radius-bottom-right:0px;--awb-border-radius-bottom-left:0px;\" ><div class=\"fusion-builder-row fusion-row\"><div class=\"fusion-layout-column fusion_builder_column fusion-builder-column-0 fusion_builder_column_1_2 1_2 fusion-one-half fusion-column-first\" style=\"--awb-bg-size:cover;--awb-margin-bottom:0px;width:48%; margin-right: 4%;\"><div class=\"fusion-column-wrapper fusion-flex-column-wrapper-legacy\"><div class=\"fusion-text fusion-text-1\"><p>Pour d\u00e9gager les v\u00e9rit\u00e9s relatives au processus de perfectionnement spirituel, Ostad Elahi ne s\u2019est pas content\u00e9 d\u2019examiner d\u2019un point de vue th\u00e9orique les principes des religions et des sagesses universelles ; il les a lui-m\u00eame exp\u00e9riment\u00e9s tout au long de sa vie dans des situations vari\u00e9es, et au contact des autres.<\/p>\n<p>La m\u00e9thode de la \u00ab spiritualit\u00e9 naturelle \u00bb se distingue par l\u2019importance qu\u2019elle accorde \u00e0 la raison (plut\u00f4t qu\u2019aux \u00e9motions) dans la mise au jour des m\u00e9canismes qui sous-tendent la maturation de l\u2019\u00e2me. Contrairement \u00e0 une id\u00e9e r\u00e9pandue au sujet de la spiritualit\u00e9, il ne s\u2019agit jamais ici d\u2019atteindre des \u00e9tats modifi\u00e9s de conscience par le moyen d\u2019exercices sp\u00e9ciaux (asc\u00e9tiques, m\u00e9ditatifs ou autres), ou encore d\u2019acqu\u00e9rir des pouvoirs extraordinaires, mais de d\u00e9velopper \u00e0 travers les situations les plus quotidiennes, et dans le cadre d\u2019une vie normale au sein de la soci\u00e9t\u00e9, une attention de plus en plus fine et une conscience de plus en plus aigu\u00eb des puissances qui r\u00e8gnent au sein de notre soi.<\/p>\n<\/div><div class=\"fusion-clearfix\"><\/div><\/div><\/div><div class=\"fusion-layout-column fusion_builder_column fusion-builder-column-1 fusion_builder_column_1_2 1_2 fusion-one-half fusion-column-last\" style=\"--awb-bg-size:cover;width:48%;\"><div class=\"fusion-column-wrapper fusion-flex-column-wrapper-legacy\"><div class=\"fusion-column-content-centered\"><div class=\"fusion-column-content\"><div class=\"fusion-image-element fusion-image-align-center in-legacy-container\" style=\"text-align:center;--awb-max-width:450px;--awb-caption-title-size:var(--h2_typography-font-size);--awb-caption-title-transform:var(--h2_typography-text-transform);--awb-caption-title-line-height:var(--h2_typography-line-height);--awb-caption-title-letter-spacing:var(--h2_typography-letter-spacing);\"><div class=\"imageframe-align-center\"><span class=\" fusion-imageframe imageframe-none imageframe-1 hover-type-none img-border-20\"><img decoding=\"async\" width=\"1000\" height=\"1000\" title=\"Ostad Elahi 1965\" src=\"https:\/\/ostadelahi.com\/wp-content\/uploads\/ostadelahi-1965-e2.jpg\" alt class=\"img-responsive wp-image-9690\" srcset=\"https:\/\/ostadelahi.com\/wp-content\/uploads\/ostadelahi-1965-e2-200x200.jpg 200w, https:\/\/ostadelahi.com\/wp-content\/uploads\/ostadelahi-1965-e2-400x400.jpg 400w, https:\/\/ostadelahi.com\/wp-content\/uploads\/ostadelahi-1965-e2-600x600.jpg 600w, https:\/\/ostadelahi.com\/wp-content\/uploads\/ostadelahi-1965-e2-800x800.jpg 800w, https:\/\/ostadelahi.com\/wp-content\/uploads\/ostadelahi-1965-e2.jpg 1000w\" sizes=\"(max-width: 640px) 100vw, 600px\" \/><\/span><\/div><\/div><\/div><\/div><div class=\"fusion-clearfix\"><\/div><\/div><\/div><div class=\"fusion-layout-column fusion_builder_column fusion-builder-column-2 fusion_builder_column_1_1 1_1 fusion-one-full fusion-column-first fusion-column-last\" style=\"--awb-bg-size:cover;\"><div class=\"fusion-column-wrapper fusion-flex-column-wrapper-legacy\"><div class=\"fusion-text fusion-text-2\"><p>Cette d\u00e9marche ne se limite pas \u00e0 un exercice d\u2019introspection psychologique ; elle est avant tout exp\u00e9rimentale et pratique. En se connaissant soi-m\u00eame, on se transforme ; et en produisant l\u2019effort pour se transformer, on parvient \u00e0 mieux se conna\u00eetre : on prend la mesure des r\u00e9sistances \u00e0 surmonter tout en d\u00e9veloppant une compr\u00e9hension plus juste et plus profonde des principes \u00e9thiques et spirituels sur lesquels se fondent la pratique.<\/p>\n<blockquote>\n<p>Tant que l\u2019homme ne se conna\u00eet pas, il ne peut pas conna\u00eetre Dieu. Le premier pas dans la connaissance de soi, c\u2019est la lutte contre l\u2019\u00e9go\u00efsme et l\u2019\u00e9gocentrisme.<\/p>\n<\/blockquote>\n<p>Si cette spiritualit\u00e9 est dite \u00ab naturelle \u00bb, c\u2019est aussi parce qu\u2019elle est adapt\u00e9e \u00e0 la nature de l\u2019\u00eatre humain. L\u2019\u00e2me est semblable \u00e0 un organisme, elle doit se nourrir de principes ad\u00e9quats afin de s\u2019assurer les conditions qui pr\u00e9serveront sa sant\u00e9 et lui permettront une croissance progressive et \u00e9quilibr\u00e9e. C\u2019est l\u00e0 que la matrice constitu\u00e9e par le corps, la vie sociale, et plus g\u00e9n\u00e9ralement le milieu terrestre, prend toute son importance. Contre la tendance asc\u00e9tique privil\u00e9gi\u00e9e par le mysticisme classique, Ostad Elahi insiste souvent sur la n\u00e9cessit\u00e9 d\u2019accorder aux droits du corps une importance \u00e9gale \u00e0 ceux de l\u2019\u00e2me.<\/p>\n<p>En pratique, le processus de maturation et de connaissance de soi passe par la confrontation concr\u00e8te et quotidienne avec le \u00ab soi imp\u00e9rieux \u00bb, qui est la source de toutes les r\u00e9sistances \u00e0 l\u2019\u00e9thique et au progr\u00e8s spirituel. Cette puissance int\u00e9rieure, \u00e0 la fois pulsionnelle et rus\u00e9e, r\u00e9sulte de nos points faibles. Ceux-ci sont eux-m\u00eames le produit de l\u2019activit\u00e9 non r\u00e9gul\u00e9e de certains traits de caract\u00e8re d\u2019origine animale. Le soi imp\u00e9rieux est une \u00e9nergie psychique nuisible, \u00e0 nous-m\u00eame comme aux autres, qui se manifeste en particulier par une tendance syst\u00e9matique \u00e0 transgresser les droits \u2013 les n\u00f4tres comme ceux des autres. Pour s\u2019efforcer d\u2019identifier ses diff\u00e9rents visages et modes op\u00e9ratoires, il faut pratiquer concr\u00e8tement l\u2019\u00e9thique : s\u2019efforcer de respecter le droit en toute chose et agir de mani\u00e8re altruiste, en allant \u00e0 l\u2019encontre des tendances de son animalit\u00e9 \u00e9go\u00efste. Ostad Elahi insiste sur la n\u00e9cessit\u00e9 de s\u2019appuyer, dans cette d\u00e9marche, sur une attention dirig\u00e9e vers le But, et de cultiver une intention d\u00e9sint\u00e9ress\u00e9e en s\u2019effor\u00e7ant de viser le contentement divin.<\/p>\n<p>Parce qu\u2019elle d\u00e9crit les conditions d\u2019une croissance naturelle de l\u2019\u00e2me, la spiritualit\u00e9 naturelle prend la forme d\u2019un cursus de perfectionnement organis\u00e9 selon des \u00e9tapes d\u00e9finies. Les religions authentiques inculquent aux hommes les bases de la morale, ainsi que les croyances qui constituent l\u2019arri\u00e8re-plan de la vie spirituelle. L\u2019\u00e9tape \u00ab universitaire \u00bb du perfectionnement spirituel consiste \u00e0 prolonger cette \u00e9ducation de pens\u00e9e pour d\u00e9velopper en soi les caract\u00e8res de l\u2019humanit\u00e9 : c\u2019est ici que commence le travail de connaissance de soi, dont le ressort est la lutte contre le soi imp\u00e9rieux.<\/p>\n<p>Ce cursus \u00e9ducatif, dont le s\u00e9jour terrestre constitue une \u00e9tape pr\u00e9paratoire, est comparable aux \u00e9tudes m\u00e9dicales. On y apprend en effet les lois objectives de la sant\u00e9 et du d\u00e9veloppement de l\u2019\u00e2me, qui sont des processus causaux au m\u00eame titre que ceux qui gouvernent, sur le plan biologique, la sant\u00e9 et le d\u00e9veloppement du corps. Les \u00eatres humains partagent une m\u00eame nature : les principes d\u2019une telle \u00ab\u00a0m\u00e9decine de l\u2019\u00e2me\u00a0\u00bb sont donc eux-m\u00eames universels, tout comme ceux de la m\u00e9decine du corps et des sciences exp\u00e9rimentales en g\u00e9n\u00e9ral. Autrement dit, ils ne doivent rien d\u2019essentiel \u00e0 la culture, au lieu ou au temps. Chacun peut se les approprier et les mettre en \u0153uvre avec profit pourvu qu\u2019il aborde la spiritualit\u00e9 avec l\u2019esprit d\u2019un \u00e9tudiant ou d\u2019un chercheur, sans s\u2019attendre \u00e0 y trouver des satisfactions pour son ego, que ce soit sous forme de ravissements extatiques ou de qui\u00e9tude psychique.<\/p>\n<p>Les mati\u00e8res d\u2019\u00e9tude de la m\u00e9decine de l\u2019\u00e2me sont les v\u00e9rit\u00e9s divines pr\u00e9sidant au d\u00e9veloppement du soi. Personne ne peut les assimiler \u00e0 notre place. Ostad Elahi consid\u00e8re de mani\u00e8re g\u00e9n\u00e9rale que la relation entre ma\u00eetre et disciple ne convient pas \u00e0 la forme universitaire du cursus spirituel ; il insiste sur la n\u00e9cessit\u00e9 pour chacun de devenir le m\u00e9decin de sa propre \u00e2me, et d\u2019aborder pour cela la spiritualit\u00e9 par le moyen de la raison, en mettant en \u0153uvre les processus cognitifs appropri\u00e9s. C\u2019est l\u00e0 un engagement volontaire dont la d\u00e9cision revient finalement \u00e0 chacun, en pleine libert\u00e9 de conscience.<\/p>\n<\/div><div class=\"fusion-clearfix\"><\/div><\/div><\/div><\/div><\/div>\n","protected":false},"excerpt":{"rendered":"","protected":false},"author":1,"featured_media":0,"parent":2057,"menu_order":2,"comment_status":"closed","ping_status":"closed","template":"side-navigation.php","meta":{"footnotes":""},"class_list":["post-3793","page","type-page","status-publish","hentry"],"yoast_head":"<!-- This site is optimized with the Yoast SEO plugin v20.3 - https:\/\/yoast.com\/wordpress\/plugins\/seo\/ -->\n<title>La spiritualit\u00e9 naturelle - Ostad Elahi<\/title>\n<meta name=\"robots\" content=\"index, follow, max-snippet:-1, max-image-preview:large, max-video-preview:-1\" \/>\n<link rel=\"canonical\" href=\"https:\/\/ostadelahi.com\/philosophy\/natural-spirituality\/\" \/>\n<meta property=\"og:locale\" content=\"fr_FR\" \/>\n<meta property=\"og:type\" content=\"article\" \/>\n<meta property=\"og:title\" content=\"La spiritualit\u00e9 naturelle - Ostad Elahi\" \/>\n<meta property=\"og:url\" content=\"https:\/\/ostadelahi.com\/philosophy\/natural-spirituality\/\" \/>\n<meta property=\"og:site_name\" content=\"Ostad Elahi\" \/>\n<meta property=\"article:modified_time\" content=\"2022-11-28T16:16:03+00:00\" \/>\n<meta name=\"twitter:card\" content=\"summary_large_image\" \/>\n<meta name=\"twitter:label1\" content=\"Dur\u00e9e de lecture estim\u00e9e\" \/>\n\t<meta name=\"twitter:data1\" content=\"7 minutes\" \/>\n<script type=\"application\/ld+json\" class=\"yoast-schema-graph\">{\"@context\":\"https:\/\/schema.org\",\"@graph\":[{\"@type\":\"WebPage\",\"@id\":\"https:\/\/ostadelahi.com\/philosophy\/natural-spirituality\/\",\"url\":\"https:\/\/ostadelahi.com\/philosophy\/natural-spirituality\/\",\"name\":\"La spiritualit\u00e9 naturelle - Ostad Elahi\",\"isPartOf\":{\"@id\":\"https:\/\/ostadelahi.com\/#website\"},\"datePublished\":\"2016-08-06T16:36:57+00:00\",\"dateModified\":\"2022-11-28T16:16:03+00:00\",\"breadcrumb\":{\"@id\":\"https:\/\/ostadelahi.com\/philosophy\/natural-spirituality\/#breadcrumb\"},\"inLanguage\":\"fr-FR\",\"potentialAction\":[{\"@type\":\"ReadAction\",\"target\":[\"https:\/\/ostadelahi.com\/philosophy\/natural-spirituality\/\"]}]},{\"@type\":\"BreadcrumbList\",\"@id\":\"https:\/\/ostadelahi.com\/philosophy\/natural-spirituality\/#breadcrumb\",\"itemListElement\":[{\"@type\":\"ListItem\",\"position\":1,\"name\":\"Home\",\"item\":\"https:\/\/ostadelahi.com\/fr\/\"},{\"@type\":\"ListItem\",\"position\":2,\"name\":\"La pens\u00e9e\",\"item\":\"https:\/\/ostadelahi.com\/philosophy\/\"},{\"@type\":\"ListItem\",\"position\":3,\"name\":\"La spiritualit\u00e9 naturelle\"}]},{\"@type\":\"WebSite\",\"@id\":\"https:\/\/ostadelahi.com\/#website\",\"url\":\"https:\/\/ostadelahi.com\/\",\"name\":\"Ostad Elahi\",\"description\":\"The official website on the life, work, and music of Ostad Elahi (1895-1974).\",\"potentialAction\":[{\"@type\":\"SearchAction\",\"target\":{\"@type\":\"EntryPoint\",\"urlTemplate\":\"https:\/\/ostadelahi.com\/?s={search_term_string}\"},\"query-input\":\"required name=search_term_string\"}],\"inLanguage\":\"fr-FR\"}]}<\/script>\n<!-- \/ Yoast SEO plugin. -->","yoast_head_json":{"title":"La spiritualit\u00e9 naturelle - Ostad Elahi","robots":{"index":"index","follow":"follow","max-snippet":"max-snippet:-1","max-image-preview":"max-image-preview:large","max-video-preview":"max-video-preview:-1"},"canonical":"https:\/\/ostadelahi.com\/philosophy\/natural-spirituality\/","og_locale":"fr_FR","og_type":"article","og_title":"La spiritualit\u00e9 naturelle - Ostad Elahi","og_url":"https:\/\/ostadelahi.com\/philosophy\/natural-spirituality\/","og_site_name":"Ostad Elahi","article_modified_time":"2022-11-28T16:16:03+00:00","twitter_card":"summary_large_image","twitter_misc":{"Dur\u00e9e de lecture estim\u00e9e":"7 minutes"},"schema":{"@context":"https:\/\/schema.org","@graph":[{"@type":"WebPage","@id":"https:\/\/ostadelahi.com\/philosophy\/natural-spirituality\/","url":"https:\/\/ostadelahi.com\/philosophy\/natural-spirituality\/","name":"La spiritualit\u00e9 naturelle - Ostad Elahi","isPartOf":{"@id":"https:\/\/ostadelahi.com\/#website"},"datePublished":"2016-08-06T16:36:57+00:00","dateModified":"2022-11-28T16:16:03+00:00","breadcrumb":{"@id":"https:\/\/ostadelahi.com\/philosophy\/natural-spirituality\/#breadcrumb"},"inLanguage":"fr-FR","potentialAction":[{"@type":"ReadAction","target":["https:\/\/ostadelahi.com\/philosophy\/natural-spirituality\/"]}]},{"@type":"BreadcrumbList","@id":"https:\/\/ostadelahi.com\/philosophy\/natural-spirituality\/#breadcrumb","itemListElement":[{"@type":"ListItem","position":1,"name":"Home","item":"https:\/\/ostadelahi.com\/fr\/"},{"@type":"ListItem","position":2,"name":"La pens\u00e9e","item":"https:\/\/ostadelahi.com\/philosophy\/"},{"@type":"ListItem","position":3,"name":"La spiritualit\u00e9 naturelle"}]},{"@type":"WebSite","@id":"https:\/\/ostadelahi.com\/#website","url":"https:\/\/ostadelahi.com\/","name":"Ostad Elahi","description":"The official website on the life, work, and music of Ostad Elahi (1895-1974).","potentialAction":[{"@type":"SearchAction","target":{"@type":"EntryPoint","urlTemplate":"https:\/\/ostadelahi.com\/?s={search_term_string}"},"query-input":"required name=search_term_string"}],"inLanguage":"fr-FR"}]}},"_links":{"self":[{"href":"https:\/\/ostadelahi.com\/fr\/wp-json\/wp\/v2\/pages\/3793","targetHints":{"allow":["GET"]}}],"collection":[{"href":"https:\/\/ostadelahi.com\/fr\/wp-json\/wp\/v2\/pages"}],"about":[{"href":"https:\/\/ostadelahi.com\/fr\/wp-json\/wp\/v2\/types\/page"}],"author":[{"embeddable":true,"href":"https:\/\/ostadelahi.com\/fr\/wp-json\/wp\/v2\/users\/1"}],"replies":[{"embeddable":true,"href":"https:\/\/ostadelahi.com\/fr\/wp-json\/wp\/v2\/comments?post=3793"}],"version-history":[{"count":6,"href":"https:\/\/ostadelahi.com\/fr\/wp-json\/wp\/v2\/pages\/3793\/revisions"}],"predecessor-version":[{"id":11844,"href":"https:\/\/ostadelahi.com\/fr\/wp-json\/wp\/v2\/pages\/3793\/revisions\/11844"}],"up":[{"embeddable":true,"href":"https:\/\/ostadelahi.com\/fr\/wp-json\/wp\/v2\/pages\/2057"}],"wp:attachment":[{"href":"https:\/\/ostadelahi.com\/fr\/wp-json\/wp\/v2\/media?parent=3793"}],"curies":[{"name":"wp","href":"https:\/\/api.w.org\/{rel}","templated":true}]}}