{"id":3786,"date":"2016-08-06T11:34:46","date_gmt":"2016-08-06T16:34:46","guid":{"rendered":"https:\/\/ostadelahi.com\/?page_id=3786"},"modified":"2022-10-26T08:54:34","modified_gmt":"2022-10-26T13:54:34","slug":"une-approche-innovante","status":"publish","type":"page","link":"https:\/\/ostadelahi.com\/fr\/la-pensee\/une-approche-innovante\/","title":{"rendered":"Une approche innovante"},"content":{"rendered":"<div class=\"fusion-fullwidth fullwidth-box fusion-builder-row-1 nonhundred-percent-fullwidth non-hundred-percent-height-scrolling\" style=\"--awb-border-radius-top-left:0px;--awb-border-radius-top-right:0px;--awb-border-radius-bottom-right:0px;--awb-border-radius-bottom-left:0px;\" ><div class=\"fusion-builder-row fusion-row\"><div class=\"fusion-layout-column fusion_builder_column fusion-builder-column-0 fusion_builder_column_1_1 1_1 fusion-one-full fusion-column-first fusion-column-last\" style=\"--awb-bg-size:cover;--awb-margin-bottom:0px;\"><div class=\"fusion-column-wrapper fusion-flex-column-wrapper-legacy\"><div class=\"fusion-text fusion-text-1\"><p>L\u2019\u00eatre humain est bien plus qu\u2019un corps physique dot\u00e9 d\u2019intelligence. Son moi r\u00e9el (ou \u00ab \u00e2me \u00bb) n\u2019est pas limit\u00e9 par l\u2019existence biologique et ne p\u00e9rit pas avec le corps. Ce moi est porteur de raison, de sens moral et de volont\u00e9. Mais il a en outre la capacit\u00e9 de se transformer pour atteindre un \u00e9tat sup\u00e9rieur qu\u2019Ostad Elahi appelle la \u00ab Perfection \u00bb, qui n&rsquo;est autre que le but ultime de notre existence.<\/p>\n<p>Ces propositions rejoignent les principes qui constituent la quintessence des religions authentiques et des grandes sagesses qui s\u2019en inspirent : existence d\u2019une \u00e2me immortelle, existence d\u2019un au-del\u00e0 (o\u00f9 notre situation d\u00e9pend de notre degr\u00e9 de r\u00e9alisation spirituelle), existence d\u2019un Dieu (d\u00e9sign\u00e9 sous diff\u00e9rents points de vue comme \u00ab l\u2019Un \u00bb, \u00ab le Point d\u2019Unicit\u00e9 \u00bb, \u00ab la Source \u00bb, \u00ab le Cr\u00e9ateur \u00bb). Ostad Elahi a voulu approfondir concr\u00e8tement le sens de ces principes dans le cadre d\u2019une pratique syst\u00e9matique de l\u2019\u00e9thique et de la connaissance de soi. Il a mis en lumi\u00e8re les processus cognitifs et spirituels qui conduisent l\u2019homme \u00e0 se conna\u00eetre et \u00e0 se perfectionner, c\u2019est-\u00e0-dire \u00e0 accomplir en lui-m\u00eame l\u2019humanit\u00e9 v\u00e9ritable et acqu\u00e9rir ainsi la qualit\u00e9 qui lui permettra de retourner \u00e0 son Origine.<\/p>\n<blockquote>\n<p>Nous ne nous m\u00ealons pas de la croyance des gens. Nous attendons d\u2019eux qu\u2019ils soient v\u00e9ritablement humains, c\u2019est-\u00e0-dire qu\u2019ils aient un bon fond, de bons principes et une bonne intention.<\/p>\n<\/blockquote>\n<p>Le principe g\u00e9n\u00e9rateur du processus de perfectionnement spirituel refl\u00e8te la situation fondamentale de l\u2019\u00eatre humain en ce monde : l\u2019homme est dot\u00e9 d\u2019une nature bidimensionnelle, il a une \u00e2me et un corps. De cette dualit\u00e9 r\u00e9sulte une tension constante qui est en m\u00eame temps la condition de toute dynamique de progr\u00e8s \u00e9thique et spirituel. C\u2019est en effet en \u00e9tant confront\u00e9e \u00e0 cette tension que l\u2019\u00e2me peut prendre conscience des puissances qui r\u00e8gnent en elles, et parvenir progressivement \u00e0 les ma\u00eetriser. Les \u00e9tapes de cet apprentissage correspondent \u00e0 un v\u00e9ritable cursus \u00e9ducatif, qu\u2019Ostad Elahi d\u00e9crit comme une \u00ab nouvelle m\u00e9decine de l\u2019\u00e2me \u00bb.<\/p>\n<p>Le cadre g\u00e9n\u00e9ral dans lequel s\u2019inscrit cette pens\u00e9e du perfectionnement peut \u00eatre abord\u00e9 dans ses dimensions m\u00e9taphysique, th\u00e9ologique et cosmologique. La m\u00e9taphysique sous-jacente s\u2019exprime parfois dans un vocabulaire philosophique h\u00e9rit\u00e9 de la tradition n\u00e9o-platonicienne, mais aussi d\u2019Avicenne et de Moll\u00e2 Sadr\u00e2 Shir\u00e2zi. Les \u00eatres sont appr\u00e9hend\u00e9s, non comme des essences immuables, mais du point de vue de leur plus ou moins grande intensit\u00e9 d\u2019existence, et dans leur tendance permanente \u00e0 se transformer. En vertu du \u00ab mouvement transsubstantiel \u00bb, chaque substance est amen\u00e9e \u00e0 parcourir les degr\u00e9s d\u2019\u00eatre correspondant aux diff\u00e9rents niveaux de la cr\u00e9ation (min\u00e9ral, v\u00e9g\u00e9tal, animal, humain), depuis son point d\u2019existentiation jusqu\u2019\u00e0 son point de perfection.<\/p>\n<p>La cosmologie des mondes et des intermondes spirituels se double d\u2019une th\u00e9ologie qui d\u00e9crit les modalit\u00e9s de la relation des cr\u00e9atures \u00e0 un Dieu agissant, g\u00e9n\u00e9reux et garant des droits, ainsi qu\u2019au syst\u00e8me divin en g\u00e9n\u00e9ral \u2013 un syst\u00e8me rationnel, gouvern\u00e9 par les notions de droit et de causalit\u00e9. Ainsi la justice et l\u2019\u00e9quit\u00e9 r\u00e8gnent en toute chose ; rien ne s\u2019obtient sans que soit fourni un effort appropri\u00e9. De cette consid\u00e9ration d\u00e9coule l\u2019id\u00e9e d\u2019un cycle (limit\u00e9) de vies successives, sans lequel la r\u00e9alisation de la perfection resterait pour l\u2019homme un simple id\u00e9al.<\/p>\n<\/div><div class=\"fusion-clearfix\"><\/div><\/div><\/div><\/div><\/div>\n","protected":false},"excerpt":{"rendered":"","protected":false},"author":1,"featured_media":0,"parent":2057,"menu_order":1,"comment_status":"closed","ping_status":"closed","template":"side-navigation.php","meta":{"footnotes":""},"class_list":["post-3786","page","type-page","status-publish","hentry"],"yoast_head":"<!-- This site is optimized with the Yoast SEO plugin v20.3 - https:\/\/yoast.com\/wordpress\/plugins\/seo\/ -->\n<title>Une approche innovante - Ostad Elahi<\/title>\n<meta name=\"robots\" content=\"index, follow, max-snippet:-1, max-image-preview:large, max-video-preview:-1\" \/>\n<link rel=\"canonical\" href=\"https:\/\/ostadelahi.com\/philosophy\/innovative-approach\/\" \/>\n<meta property=\"og:locale\" content=\"fr_FR\" \/>\n<meta property=\"og:type\" content=\"article\" \/>\n<meta property=\"og:title\" content=\"Une approche innovante - Ostad Elahi\" \/>\n<meta property=\"og:url\" content=\"https:\/\/ostadelahi.com\/philosophy\/innovative-approach\/\" \/>\n<meta property=\"og:site_name\" content=\"Ostad Elahi\" \/>\n<meta property=\"article:modified_time\" content=\"2022-10-26T13:54:34+00:00\" \/>\n<meta name=\"twitter:card\" content=\"summary_large_image\" \/>\n<meta name=\"twitter:label1\" content=\"Dur\u00e9e de lecture estim\u00e9e\" \/>\n\t<meta name=\"twitter:data1\" content=\"4 minutes\" \/>\n<script type=\"application\/ld+json\" class=\"yoast-schema-graph\">{\"@context\":\"https:\/\/schema.org\",\"@graph\":[{\"@type\":\"WebPage\",\"@id\":\"https:\/\/ostadelahi.com\/philosophy\/innovative-approach\/\",\"url\":\"https:\/\/ostadelahi.com\/philosophy\/innovative-approach\/\",\"name\":\"Une approche innovante - Ostad Elahi\",\"isPartOf\":{\"@id\":\"https:\/\/ostadelahi.com\/#website\"},\"datePublished\":\"2016-08-06T16:34:46+00:00\",\"dateModified\":\"2022-10-26T13:54:34+00:00\",\"breadcrumb\":{\"@id\":\"https:\/\/ostadelahi.com\/philosophy\/innovative-approach\/#breadcrumb\"},\"inLanguage\":\"fr-FR\",\"potentialAction\":[{\"@type\":\"ReadAction\",\"target\":[\"https:\/\/ostadelahi.com\/philosophy\/innovative-approach\/\"]}]},{\"@type\":\"BreadcrumbList\",\"@id\":\"https:\/\/ostadelahi.com\/philosophy\/innovative-approach\/#breadcrumb\",\"itemListElement\":[{\"@type\":\"ListItem\",\"position\":1,\"name\":\"Home\",\"item\":\"https:\/\/ostadelahi.com\/fr\/\"},{\"@type\":\"ListItem\",\"position\":2,\"name\":\"La pens\u00e9e\",\"item\":\"https:\/\/ostadelahi.com\/philosophy\/\"},{\"@type\":\"ListItem\",\"position\":3,\"name\":\"Une approche innovante\"}]},{\"@type\":\"WebSite\",\"@id\":\"https:\/\/ostadelahi.com\/#website\",\"url\":\"https:\/\/ostadelahi.com\/\",\"name\":\"Ostad Elahi\",\"description\":\"The official website on the life, work, and music of Ostad Elahi (1895-1974).\",\"potentialAction\":[{\"@type\":\"SearchAction\",\"target\":{\"@type\":\"EntryPoint\",\"urlTemplate\":\"https:\/\/ostadelahi.com\/?s={search_term_string}\"},\"query-input\":\"required name=search_term_string\"}],\"inLanguage\":\"fr-FR\"}]}<\/script>\n<!-- \/ Yoast SEO plugin. -->","yoast_head_json":{"title":"Une approche innovante - Ostad Elahi","robots":{"index":"index","follow":"follow","max-snippet":"max-snippet:-1","max-image-preview":"max-image-preview:large","max-video-preview":"max-video-preview:-1"},"canonical":"https:\/\/ostadelahi.com\/philosophy\/innovative-approach\/","og_locale":"fr_FR","og_type":"article","og_title":"Une approche innovante - Ostad Elahi","og_url":"https:\/\/ostadelahi.com\/philosophy\/innovative-approach\/","og_site_name":"Ostad Elahi","article_modified_time":"2022-10-26T13:54:34+00:00","twitter_card":"summary_large_image","twitter_misc":{"Dur\u00e9e de lecture estim\u00e9e":"4 minutes"},"schema":{"@context":"https:\/\/schema.org","@graph":[{"@type":"WebPage","@id":"https:\/\/ostadelahi.com\/philosophy\/innovative-approach\/","url":"https:\/\/ostadelahi.com\/philosophy\/innovative-approach\/","name":"Une approche innovante - Ostad Elahi","isPartOf":{"@id":"https:\/\/ostadelahi.com\/#website"},"datePublished":"2016-08-06T16:34:46+00:00","dateModified":"2022-10-26T13:54:34+00:00","breadcrumb":{"@id":"https:\/\/ostadelahi.com\/philosophy\/innovative-approach\/#breadcrumb"},"inLanguage":"fr-FR","potentialAction":[{"@type":"ReadAction","target":["https:\/\/ostadelahi.com\/philosophy\/innovative-approach\/"]}]},{"@type":"BreadcrumbList","@id":"https:\/\/ostadelahi.com\/philosophy\/innovative-approach\/#breadcrumb","itemListElement":[{"@type":"ListItem","position":1,"name":"Home","item":"https:\/\/ostadelahi.com\/fr\/"},{"@type":"ListItem","position":2,"name":"La pens\u00e9e","item":"https:\/\/ostadelahi.com\/philosophy\/"},{"@type":"ListItem","position":3,"name":"Une approche innovante"}]},{"@type":"WebSite","@id":"https:\/\/ostadelahi.com\/#website","url":"https:\/\/ostadelahi.com\/","name":"Ostad Elahi","description":"The official website on the life, work, and music of Ostad Elahi (1895-1974).","potentialAction":[{"@type":"SearchAction","target":{"@type":"EntryPoint","urlTemplate":"https:\/\/ostadelahi.com\/?s={search_term_string}"},"query-input":"required name=search_term_string"}],"inLanguage":"fr-FR"}]}},"_links":{"self":[{"href":"https:\/\/ostadelahi.com\/fr\/wp-json\/wp\/v2\/pages\/3786","targetHints":{"allow":["GET"]}}],"collection":[{"href":"https:\/\/ostadelahi.com\/fr\/wp-json\/wp\/v2\/pages"}],"about":[{"href":"https:\/\/ostadelahi.com\/fr\/wp-json\/wp\/v2\/types\/page"}],"author":[{"embeddable":true,"href":"https:\/\/ostadelahi.com\/fr\/wp-json\/wp\/v2\/users\/1"}],"replies":[{"embeddable":true,"href":"https:\/\/ostadelahi.com\/fr\/wp-json\/wp\/v2\/comments?post=3786"}],"version-history":[{"count":2,"href":"https:\/\/ostadelahi.com\/fr\/wp-json\/wp\/v2\/pages\/3786\/revisions"}],"predecessor-version":[{"id":11801,"href":"https:\/\/ostadelahi.com\/fr\/wp-json\/wp\/v2\/pages\/3786\/revisions\/11801"}],"up":[{"embeddable":true,"href":"https:\/\/ostadelahi.com\/fr\/wp-json\/wp\/v2\/pages\/2057"}],"wp:attachment":[{"href":"https:\/\/ostadelahi.com\/fr\/wp-json\/wp\/v2\/media?parent=3786"}],"curies":[{"name":"wp","href":"https:\/\/api.w.org\/{rel}","templated":true}]}}