{"id":216,"date":"2013-01-21T03:25:37","date_gmt":"2013-01-21T08:25:37","guid":{"rendered":"https:\/\/ostadelahi.com\/the-early-years-2\/"},"modified":"2022-02-10T23:23:11","modified_gmt":"2022-02-11T04:23:11","slug":"les-premieres-annees","status":"publish","type":"page","link":"https:\/\/ostadelahi.com\/fr\/lhomme\/biographie\/les-premieres-annees\/","title":{"rendered":"Les premi\u00e8res ann\u00e9es"},"content":{"rendered":"<div class=\"fusion-fullwidth fullwidth-box fusion-builder-row-1 nonhundred-percent-fullwidth non-hundred-percent-height-scrolling\" style=\"--awb-border-radius-top-left:0px;--awb-border-radius-top-right:0px;--awb-border-radius-bottom-right:0px;--awb-border-radius-bottom-left:0px;\" ><div class=\"fusion-builder-row fusion-row\"><div class=\"fusion-layout-column fusion_builder_column fusion-builder-column-0 fusion_builder_column_1_2 1_2 fusion-one-half fusion-column-first\" style=\"--awb-bg-size:cover;--awb-margin-bottom:0px;width:48%; margin-right: 4%;\"><div class=\"fusion-column-wrapper fusion-flex-column-wrapper-legacy\"><div class=\"fusion-text fusion-text-1\"><p>Nour Ali Elahi, connu plus tard sous le nom d\u2019Ostad Elahi, grandit dans une atmosph\u00e8re empreinte de spiritualit\u00e9 pure. Le village o\u00f9 il vit le jour, Jeyhounabad, isol\u00e9 dans les plaines tranquilles de la province de Kermanshah, avait abrit\u00e9 au cours du si\u00e8cle pr\u00e9c\u00e9dent de hautes personnalit\u00e9s spirituelles, devenant ainsi un foyer de mystique traditionnelle. Ses parents, Hadj Nematollah (dit Hadj Nemat) et Sakineh Khanoum, s\u2019\u00e9taient mari\u00e9s jeunes selon la coutume de l\u2019\u00e9poque et nourrissaient l\u2019un pour l\u2019autre une affection et un respect profonds. Personnalit\u00e9 de premier plan dans la tradition\u00a0<span class=\"fusion-popover popover-1\" data-animation=\"1\" data-class=\"popover-1\" data-container=\"popover-1\" data-content=\"Litt\u00e9ralement \u00abFervents de V\u00e9rit\u00e9\u00bb. Le p\u00e8re d\u2019Ostad Elahi, Hadj Nemat, fait partie des figures importantes de cet ordre mystique.\" data-delay=\"50\" data-placement=\"top\" data-toggle=\"popover\" data-trigger=\"click\">Ahl-e Haqq<\/span>, Hadj Nemat \u00e9tait r\u00e9put\u00e9 pour sa foi, son int\u00e9grit\u00e9 et son courage. C&rsquo;\u00e9tait aussi un ma\u00eetre du tanbur, luth r\u00e9serv\u00e9 chez les Ahl-e Haqq \u00e0 la musique sacr\u00e9e.<\/p>\n<\/div><div class=\"fusion-clearfix\"><\/div><\/div><\/div><div class=\"fusion-layout-column fusion_builder_column fusion-builder-column-1 fusion_builder_column_1_2 1_2 fusion-one-half fusion-column-last\" style=\"--awb-bg-size:cover;width:48%;\"><div class=\"fusion-column-wrapper fusion-flex-column-wrapper-legacy\"><div class=\"fusion-column-content-centered\"><div class=\"fusion-column-content\"><div class=\"fusion-image-element fusion-image-align-center in-legacy-container\" style=\"text-align:center;--awb-caption-title-size:var(--h2_typography-font-size);--awb-caption-title-transform:var(--h2_typography-text-transform);--awb-caption-title-line-height:var(--h2_typography-line-height);--awb-caption-title-letter-spacing:var(--h2_typography-letter-spacing);\"><div class=\"imageframe-align-center\"><span class=\" fusion-imageframe imageframe-none imageframe-1 hover-type-none\"><img decoding=\"async\" width=\"960\" height=\"890\" alt=\"Map of Iran\" title=\"map-iran-1895\" src=\"https:\/\/ostadelahi.com\/wp-content\/uploads\/map-iran-1895.jpg\" class=\"img-responsive wp-image-4426\" srcset=\"https:\/\/ostadelahi.com\/wp-content\/uploads\/map-iran-1895-200x185.jpg 200w, https:\/\/ostadelahi.com\/wp-content\/uploads\/map-iran-1895-400x371.jpg 400w, https:\/\/ostadelahi.com\/wp-content\/uploads\/map-iran-1895-600x556.jpg 600w, https:\/\/ostadelahi.com\/wp-content\/uploads\/map-iran-1895-800x742.jpg 800w, https:\/\/ostadelahi.com\/wp-content\/uploads\/map-iran-1895.jpg 960w\" sizes=\"(max-width: 640px) 100vw, 600px\" \/><\/span><\/div><\/div><\/div><\/div><div class=\"fusion-clearfix\"><\/div><\/div><\/div><div class=\"fusion-layout-column fusion_builder_column fusion-builder-column-2 fusion_builder_column_1_1 1_1 fusion-one-full fusion-column-first fusion-column-last\" style=\"--awb-bg-size:cover;\"><div class=\"fusion-column-wrapper fusion-flex-column-wrapper-legacy\"><div class=\"fusion-text fusion-text-2\"><p>Alors que Nour Ali n\u2019avait pas encore 6 ans, Hadj Nemat v\u00e9cut une exp\u00e9rience mystique qui le transforma radicalement : il renon\u00e7a enti\u00e8rement au monde, ne conservant des revenus de ses terres que ce qui \u00e9tait n\u00e9cessaire \u00e0 faire vivre sa famille. Il embrassa la vie frugale de derviche, faite d\u2019asc\u00e8ses, de d\u00e9votions et de retraites : quarantaines de je\u00fbnes, s\u00e9ances de pri\u00e8res solitaires et plus rarement en groupe, enseignements spirituels, pratique active de la charit\u00e9, sans oublier l\u2019\u00e9tude et l\u2019\u00e9criture. Son \u00e9pouse le soutint pleinement dans sa vocation. Elle renon\u00e7a au confort mat\u00e9riel auquel elle \u00e9tait pourtant habitu\u00e9e depuis l\u2019enfance et mit ses biens et son \u00e9nergie au service de l\u2019id\u00e9al spirituel de son \u00e9poux.<\/p>\n<p>Les nombreux charismes de Hadj Nemat ne tard\u00e8rent pas \u00e0 le faire conna\u00eetre, au point qu\u2019en moins de deux ans et sans qu\u2019il l\u2019ait recherch\u00e9, des milliers de personnes se rassembl\u00e8rent autour de lui dans l\u2019espoir de b\u00e9n\u00e9ficier de sa pr\u00e9sence. Parmi eux, quelque deux mille fid\u00e8les originaires de la r\u00e9gion ou de contr\u00e9es plus lointaines avaient \u00e9t\u00e9 accept\u00e9s par Hadj Nemat comme ses derviches. Ils avaient choisi de suivre son exemple en se consacrant \u00e0 la purification int\u00e9rieure, \u00e0 la contemplation et \u00e0 la pri\u00e8re. Hadj Nemat \u00e9tait connu pour \u00eatre tr\u00e8s exigeant envers ses derviches. Il leur demandait un degr\u00e9 \u00e9lev\u00e9 de renoncement et poussait son exigence jusque dans les moindres d\u00e9tails de leur vie. Ils devaient ainsi s&rsquo;abstenir de certaines pratiques tr\u00e8s courantes qui n&rsquo;avaient pourtant rien d&rsquo;illicite au regard de la coutume religieuse. Par exemple, ils ne devaient pas fumer, boire du th\u00e9, ou encore chercher \u00e0 s\u2019enrichir. Dans certains cas, ils devaient m\u00eame renoncer \u00e0 toute possession mat\u00e9rielle. Ils ne pouvaient p\u00e9n\u00e9trer dans l\u2019ermitage de Hadj Nemat qu\u2019apr\u00e8s avoir rev\u00eatu l\u2019habit simple des p\u00e8lerins. En toute circonstance, ils \u00e9taient tenus de respecter les quatre piliers de la doctrine Ahl-e Haqq : puret\u00e9, rectitude, effacement et altruisme.<\/p>\n<\/div><div class=\"fusion-clearfix\"><\/div><\/div><\/div><div class=\"fusion-layout-column fusion_builder_column fusion-builder-column-3 fusion_builder_column_3_5 3_5 fusion-three-fifth fusion-column-first\" style=\"--awb-bg-size:cover;width:60%;width:calc(60% - ( ( 4% ) * 0.6 ) );margin-right: 4%;\"><div class=\"fusion-column-wrapper fusion-flex-column-wrapper-legacy\"><div class=\"fusion-text fusion-text-3\"><p>C\u2019est dans cette atmosph\u00e8re de spiritualit\u00e9 pure que le jeune Nour Ali entama une vie de pri\u00e8res, de d\u00e9votions et de contemplation, compl\u00e9t\u00e9e par une solide \u00e9ducation spirituelle.<\/p>\n<blockquote>\n<p>Au moment de la transformation spirituelle de mon p\u00e8re, je devais avoir cinq ou six ans. Il \u00e9tait alors entour\u00e9 de douze derviches et leurs r\u00e9unions \u00e9taient tenues secr\u00e8tes. D\u00e8s cet \u00e2ge, j\u2019\u00e9tais pr\u00e9sent dans ce cercle et j\u2019\u00e9tais le point de concentration de leur amour spirituel. D\u00e8s le d\u00e9but du\u00a0<span class=\"fusion-popover popover-2\" data-animation=\"1\" data-class=\"popover-2\" data-container=\"popover-2\" data-content=\"Le mot zekr signifie litt\u00e9ralement rem\u00e9moration. Dans ce contexte, il renvoie \u00e0 une forme de d\u00e9votion rituelle fond\u00e9e sur le chant, la musique et la r\u00e9p\u00e9tition de litanies.\" data-delay=\"50\" data-placement=\"top\" data-toggle=\"popover\" data-trigger=\"click\">zekr<\/span>, avec ma longue chevelure\u200e, je tournais sur moi-m\u00eame comme une toupie\u2026 Parfois la s\u00e9ance durait des heures et durant tout ce temps, je continuais \u00e0 tourner.<\/p>\n<\/blockquote>\n<p>Le pr\u00e9nom que l\u2019enfant avait re\u00e7u de son p\u00e8re \u00e0 la naissance \u00e9tait Fathollah. Mais en raison de l&rsquo;amour particulier que Hadj Nemat portait \u00e0 Ali, il l\u2019avait surnomm\u00e9 Kutchek Ali (petit Ali). Kutchek Ali fut longtemps le seul enfant du foyer, mais, comme il le rapporte lui-m\u00eame, il ne connaissait pas l\u2019ennui. En plus de la pratique musicale, il s\u2019inventait toutes sortes de jeux, reflets de sa personnalit\u00e9 propre aussi bien qu\u2019inspir\u00e9s de son environnement spirituel. Utilisant le langage des mystiques, il menait des d\u00e9bats sur les points spirituels abord\u00e9s par son p\u00e8re lors de leurs veill\u00e9es nocturnes. Lorsque des ann\u00e9es plus tard on lui demanda s\u2019il avait souffert de la solitude et de l\u2019absence de compagnon de jeu pendant son enfance, il r\u00e9pondit : \u00ab Non, pas du tout. \u00bb<\/p>\n<\/div><div class=\"fusion-clearfix\"><\/div><\/div><\/div><div class=\"fusion-layout-column fusion_builder_column fusion-builder-column-4 fusion_builder_column_2_5 2_5 fusion-two-fifth fusion-column-last\" style=\"--awb-padding-top:0px;--awb-padding-right:0px;--awb-padding-bottom:0px;--awb-padding-left:0px;--awb-bg-size:cover;--awb-border-color:#d6d6d6;--awb-border-style:solid;width:40%;width:calc(40% - ( ( 4% ) * 0.4 ) );\"><div class=\"fusion-column-wrapper fusion-flex-column-wrapper-legacy\"><div class=\"fusion-column-content-centered\"><div class=\"fusion-column-content\"><div class=\"fusion-image-element fusion-image-align-center in-legacy-container\" style=\"text-align:center;--awb-caption-title-size:var(--h2_typography-font-size);--awb-caption-title-transform:var(--h2_typography-text-transform);--awb-caption-title-line-height:var(--h2_typography-line-height);--awb-caption-title-letter-spacing:var(--h2_typography-letter-spacing);\"><div class=\"imageframe-align-center\"><span class=\" fusion-imageframe imageframe-none imageframe-2 hover-type-none img-border-20\"><img decoding=\"async\" width=\"284\" height=\"465\" alt=\"Ostad Elahi 1921\" title=\"Ostad Elahi 1922\" src=\"https:\/\/ostadelahi.com\/wp-content\/uploads\/ostadelahi-1922-1.jpg\" class=\"img-responsive wp-image-4434\" srcset=\"https:\/\/ostadelahi.com\/wp-content\/uploads\/ostadelahi-1922-1-200x327.jpg 200w, https:\/\/ostadelahi.com\/wp-content\/uploads\/ostadelahi-1922-1.jpg 284w\" sizes=\"(max-width: 640px) 100vw, 284px\" \/><\/span><\/div><\/div><\/div><\/div><div class=\"fusion-clearfix\"><\/div><\/div><\/div><div class=\"fusion-layout-column fusion_builder_column fusion-builder-column-5 fusion_builder_column_1_1 1_1 fusion-one-full fusion-column-first fusion-column-last\" style=\"--awb-bg-size:cover;\"><div class=\"fusion-column-wrapper fusion-flex-column-wrapper-legacy\"><div class=\"fusion-text fusion-text-4\"><p>Pendant toute cette p\u00e9riode, la musique spirituelle occupait dans sa vie une place essentielle. Lorsqu\u2019il commen\u00e7a \u00e0 apprendre le tanbur, ses mains \u00e9taient encore trop petites pour qu\u2019il puisse les placer correctement sur les frettes. Son p\u00e8re lui fit donc fabriquer, \u00e0 partir d\u2019une louche en bois, un instrument \u00e0 sa taille. Passionn\u00e9 par cette musique, il consacrait de longues heures, parfois des nuits enti\u00e8res, \u00e0 pratiquer le tanbur, si bien qu\u2019en moins de trois ans, il parvint \u00e0 la ma\u00eetrise de l\u2019instrument, interpr\u00e9tant avec aisance des morceaux que peu savaient jouer. C\u2019est donc avec le tanbur, compagnon des veill\u00e9es nocturnes de son enfance et de son adolescence, que le jeune Nour Ali vit s\u2019ouvrir \u00e0 lui les portes du monde spirituel. Plus tard, lorsqu\u2019il explicitera les modalit\u00e9s du perfectionnement spirituel, il pr\u00e9sentera la musique comme un canal privil\u00e9gi\u00e9 de dialogue avec le Divin.<br \/>\nParfois, il accompagnait son p\u00e8re lors de ses d\u00e9placements dans les villes et villages de la r\u00e9gion. Exp\u00e9riences passionnantes pour le jeune enfant, ces voyages furent aussi l\u2019occasion pour lui d\u2019enrichir son r\u00e9pertoire en rencontrant d\u2019autres tanburistes. Parmi les sympathisants de Hadj Nemat qui venaient lui rendre visite \u2014 parfois de l\u2019\u00e9tranger \u2014 ceux qui \u00e9taient musiciens enseignaient quelque mode ou air de leur r\u00e9gion.<\/p>\n<p>Parall\u00e8lement \u00e0 son \u00e9ducation musicale, Ostad re\u00e7ut une \u00e9ducation classique conforme \u00e0 son \u00e9poque. Mais ce fut sur son \u00e9ducation spirituelle que Hadj Nemat mit avant tout l\u2019accent, la priorit\u00e9 \u00e9tant selon lui de consolider l\u2019\u00e2me avant le r\u00e9veil des passions ; une fois ce travail achev\u00e9, son fils pourrait se consacrer de mani\u00e8re plus approfondie aux \u00e9tudes mat\u00e9rielles. Quoiqu\u2019il en soit, l\u2019enfant re\u00e7ut une instruction classique, m\u00eame si ce fut de fa\u00e7on irr\u00e9guli\u00e8re, parfois par le biais de pr\u00e9cepteurs et parfois, lorsque cela \u00e9tait possible, en allant \u00e0 l\u2019\u00e9cole. Mais celui qui, selon ses propres dires, lui apporta le plus, fut incontestablement son p\u00e8re.<\/p>\n<p>Hadj Nemat fut un p\u00e8re d\u00e9vou\u00e9 et attentif aussi bien qu&rsquo;un \u00e9ducateur hors pair qui, sans jamais le contraindre, sut amener son fils \u00e0 d\u00e9velopper pleinement son potentiel. Au-del\u00e0 de l\u2019amour filial, il y avait entre le p\u00e8re et le fils un lien ind\u00e9fectible qui ne disparut jamais.<\/p>\n<blockquote>\n<p>Il \u00e9tait non seulement mon p\u00e8re et mon guide, mais nous \u00e9tions unis par un lien spirituel particulier.<\/p>\n<\/blockquote>\n<p>\u00c0 neuf ans, Nour Ali commen\u00e7a \u00e0 accompagner ses parents dans la pratique r\u00e9guli\u00e8re des d\u00e9votions et de la pri\u00e8re. Il fit l&rsquo;exp\u00e9rience de sa premi\u00e8re quarantaine de retraite asc\u00e9tique dans la petite ville de Sahneh en compagnie de ses parents et de cinq derviches parmi les plus proches. Apr\u00e8s son retour \u00e0 Jeyhounabad, il poursuivit r\u00e9guli\u00e8rement ces pratiques asc\u00e9tiques pendant encore 11 ans dans une d\u00e9pendance de la maison familiale, compos\u00e9e de plusieurs pi\u00e8ces et d&rsquo;une petite cour. Cette d\u00e9pendance, r\u00e9serv\u00e9e \u00e0 l\u2019isolement et \u00e0 l&rsquo;asc\u00e8se, \u00e9tait appel\u00e9e \u00ab la maison de l\u2019asc\u00e8se \u00bb. C&rsquo;est l\u00e0 qu\u2019Ostad passa la plus grande partie de son enfance et de son adolescence, ne fr\u00e9quentant gu\u00e8re que ses parents et les quelques derviches les plus proches. Les quarantaines de je\u00fbnes \u00e9taient s\u00e9par\u00e9es de courtes interruptions de dix \u00e0 quinze jours pendant lesquelles il lui arrivait de faire du cheval, de rencontrer les derviches ou d&rsquo;autres fid\u00e8les pour des s\u00e9ances de pri\u00e8res collectives, ou encore d\u2019accompagner son p\u00e8re en p\u00e8lerinage aupr\u00e8s des tombeaux des grands saints de la r\u00e9gion. Il dira de cette p\u00e9riode:<\/p>\n<blockquote>\n<p>Quelle heureuse \u00e9poque que cette \u00e9poque, quelle atmosph\u00e8re ! Nous \u00e9tions continuellement occup\u00e9s par la pri\u00e8re et les chants sacr\u00e9s et nous n\u2019avions aucune id\u00e9e de ce qui se passait \u00e0 l\u2019ext\u00e9rieur dans le monde.<\/p>\n<\/blockquote>\n<p>Deux ans apr\u00e8s le d\u00e9but de ce cycle d\u2019asc\u00e8ses, \u00e0 l\u2019\u00e2ge de 11 ans, l\u2019enfant conna\u00eet une transformation int\u00e9rieure radicale lors d\u2019un p\u00e8lerinage au tombeau de\u00a0<span class=\"fusion-popover popover-3\" data-animation=\"1\" data-class=\"popover-3\" data-container=\"popover-3\" data-content=\"Fondateur de l\u2019ordre mystique des Ahl-e Haqq.\" data-delay=\"50\" data-placement=\"top\" data-toggle=\"popover\" data-trigger=\"click\">Soltan Eshaq<\/span>. Apr\u00e8s cette exp\u00e9rience, il ne fut plus le m\u00eame, comme si son corps d\u2019enfant abritait maintenant l\u2019\u00e2me d\u2019un grand sage. C\u2019est \u00e0 la suite de cet \u00e9v\u00e9nement qu\u2019on ne l\u2019appellera plus Fathollah ni Kutchek Ali mais Nour Ali (\u00ab lumi\u00e8re de Ali \u00bb).<\/p>\n<\/div><div class=\"fusion-clearfix\"><\/div><\/div><\/div><\/div><\/div>\n","protected":false},"excerpt":{"rendered":"","protected":false},"author":1,"featured_media":0,"parent":2029,"menu_order":1,"comment_status":"closed","ping_status":"closed","template":"side-navigation.php","meta":{"footnotes":""},"class_list":["post-216","page","type-page","status-publish","hentry"],"yoast_head":"<!-- This site is optimized with the Yoast SEO plugin v20.3 - https:\/\/yoast.com\/wordpress\/plugins\/seo\/ -->\n<title>Les premi\u00e8res ann\u00e9es - Ostad Elahi<\/title>\n<meta name=\"robots\" content=\"index, follow, max-snippet:-1, max-image-preview:large, max-video-preview:-1\" \/>\n<link rel=\"canonical\" href=\"https:\/\/ostadelahi.com\/life\/biography\/the-early-years\/\" \/>\n<meta property=\"og:locale\" content=\"fr_FR\" \/>\n<meta property=\"og:type\" content=\"article\" \/>\n<meta property=\"og:title\" content=\"Les premi\u00e8res ann\u00e9es - Ostad Elahi\" \/>\n<meta property=\"og:url\" content=\"https:\/\/ostadelahi.com\/life\/biography\/the-early-years\/\" \/>\n<meta property=\"og:site_name\" content=\"Ostad Elahi\" \/>\n<meta property=\"article:modified_time\" content=\"2022-02-11T04:23:11+00:00\" \/>\n<meta name=\"twitter:card\" content=\"summary_large_image\" \/>\n<meta name=\"twitter:label1\" content=\"Dur\u00e9e de lecture estim\u00e9e\" \/>\n\t<meta name=\"twitter:data1\" content=\"12 minutes\" \/>\n<script type=\"application\/ld+json\" class=\"yoast-schema-graph\">{\"@context\":\"https:\/\/schema.org\",\"@graph\":[{\"@type\":\"WebPage\",\"@id\":\"https:\/\/ostadelahi.com\/life\/biography\/the-early-years\/\",\"url\":\"https:\/\/ostadelahi.com\/life\/biography\/the-early-years\/\",\"name\":\"Les premi\u00e8res ann\u00e9es - Ostad Elahi\",\"isPartOf\":{\"@id\":\"https:\/\/ostadelahi.com\/#website\"},\"datePublished\":\"2013-01-21T08:25:37+00:00\",\"dateModified\":\"2022-02-11T04:23:11+00:00\",\"breadcrumb\":{\"@id\":\"https:\/\/ostadelahi.com\/life\/biography\/the-early-years\/#breadcrumb\"},\"inLanguage\":\"fr-FR\",\"potentialAction\":[{\"@type\":\"ReadAction\",\"target\":[\"https:\/\/ostadelahi.com\/life\/biography\/the-early-years\/\"]}]},{\"@type\":\"BreadcrumbList\",\"@id\":\"https:\/\/ostadelahi.com\/life\/biography\/the-early-years\/#breadcrumb\",\"itemListElement\":[{\"@type\":\"ListItem\",\"position\":1,\"name\":\"Home\",\"item\":\"https:\/\/ostadelahi.com\/fr\/\"},{\"@type\":\"ListItem\",\"position\":2,\"name\":\"L&#8217;homme\",\"item\":\"https:\/\/ostadelahi.com\/life\/\"},{\"@type\":\"ListItem\",\"position\":3,\"name\":\"Biographie\",\"item\":\"https:\/\/ostadelahi.com\/life\/biography\/\"},{\"@type\":\"ListItem\",\"position\":4,\"name\":\"Les premi\u00e8res ann\u00e9es\"}]},{\"@type\":\"WebSite\",\"@id\":\"https:\/\/ostadelahi.com\/#website\",\"url\":\"https:\/\/ostadelahi.com\/\",\"name\":\"Ostad Elahi\",\"description\":\"The official website on the life, work, and music of Ostad Elahi (1895-1974).\",\"potentialAction\":[{\"@type\":\"SearchAction\",\"target\":{\"@type\":\"EntryPoint\",\"urlTemplate\":\"https:\/\/ostadelahi.com\/?s={search_term_string}\"},\"query-input\":\"required name=search_term_string\"}],\"inLanguage\":\"fr-FR\"}]}<\/script>\n<!-- \/ Yoast SEO plugin. -->","yoast_head_json":{"title":"Les premi\u00e8res ann\u00e9es - Ostad Elahi","robots":{"index":"index","follow":"follow","max-snippet":"max-snippet:-1","max-image-preview":"max-image-preview:large","max-video-preview":"max-video-preview:-1"},"canonical":"https:\/\/ostadelahi.com\/life\/biography\/the-early-years\/","og_locale":"fr_FR","og_type":"article","og_title":"Les premi\u00e8res ann\u00e9es - Ostad Elahi","og_url":"https:\/\/ostadelahi.com\/life\/biography\/the-early-years\/","og_site_name":"Ostad Elahi","article_modified_time":"2022-02-11T04:23:11+00:00","twitter_card":"summary_large_image","twitter_misc":{"Dur\u00e9e de lecture estim\u00e9e":"12 minutes"},"schema":{"@context":"https:\/\/schema.org","@graph":[{"@type":"WebPage","@id":"https:\/\/ostadelahi.com\/life\/biography\/the-early-years\/","url":"https:\/\/ostadelahi.com\/life\/biography\/the-early-years\/","name":"Les premi\u00e8res ann\u00e9es - Ostad Elahi","isPartOf":{"@id":"https:\/\/ostadelahi.com\/#website"},"datePublished":"2013-01-21T08:25:37+00:00","dateModified":"2022-02-11T04:23:11+00:00","breadcrumb":{"@id":"https:\/\/ostadelahi.com\/life\/biography\/the-early-years\/#breadcrumb"},"inLanguage":"fr-FR","potentialAction":[{"@type":"ReadAction","target":["https:\/\/ostadelahi.com\/life\/biography\/the-early-years\/"]}]},{"@type":"BreadcrumbList","@id":"https:\/\/ostadelahi.com\/life\/biography\/the-early-years\/#breadcrumb","itemListElement":[{"@type":"ListItem","position":1,"name":"Home","item":"https:\/\/ostadelahi.com\/fr\/"},{"@type":"ListItem","position":2,"name":"L&#8217;homme","item":"https:\/\/ostadelahi.com\/life\/"},{"@type":"ListItem","position":3,"name":"Biographie","item":"https:\/\/ostadelahi.com\/life\/biography\/"},{"@type":"ListItem","position":4,"name":"Les premi\u00e8res ann\u00e9es"}]},{"@type":"WebSite","@id":"https:\/\/ostadelahi.com\/#website","url":"https:\/\/ostadelahi.com\/","name":"Ostad Elahi","description":"The official website on the life, work, and music of Ostad Elahi (1895-1974).","potentialAction":[{"@type":"SearchAction","target":{"@type":"EntryPoint","urlTemplate":"https:\/\/ostadelahi.com\/?s={search_term_string}"},"query-input":"required name=search_term_string"}],"inLanguage":"fr-FR"}]}},"_links":{"self":[{"href":"https:\/\/ostadelahi.com\/fr\/wp-json\/wp\/v2\/pages\/216","targetHints":{"allow":["GET"]}}],"collection":[{"href":"https:\/\/ostadelahi.com\/fr\/wp-json\/wp\/v2\/pages"}],"about":[{"href":"https:\/\/ostadelahi.com\/fr\/wp-json\/wp\/v2\/types\/page"}],"author":[{"embeddable":true,"href":"https:\/\/ostadelahi.com\/fr\/wp-json\/wp\/v2\/users\/1"}],"replies":[{"embeddable":true,"href":"https:\/\/ostadelahi.com\/fr\/wp-json\/wp\/v2\/comments?post=216"}],"version-history":[{"count":6,"href":"https:\/\/ostadelahi.com\/fr\/wp-json\/wp\/v2\/pages\/216\/revisions"}],"predecessor-version":[{"id":11093,"href":"https:\/\/ostadelahi.com\/fr\/wp-json\/wp\/v2\/pages\/216\/revisions\/11093"}],"up":[{"embeddable":true,"href":"https:\/\/ostadelahi.com\/fr\/wp-json\/wp\/v2\/pages\/2029"}],"wp:attachment":[{"href":"https:\/\/ostadelahi.com\/fr\/wp-json\/wp\/v2\/media?parent=216"}],"curies":[{"name":"wp","href":"https:\/\/api.w.org\/{rel}","templated":true}]}}