{"id":2053,"date":"2014-12-01T12:56:22","date_gmt":"2014-12-01T17:56:22","guid":{"rendered":"https:\/\/ostadelahi.com\/?page_id=2053"},"modified":"2025-03-15T22:23:26","modified_gmt":"2025-03-16T03:23:26","slug":"the-sacred-lute-the-art-of-ostad-elahi","status":"publish","type":"page","link":"https:\/\/ostadelahi.com\/fr\/lhomme\/expositions\/the-sacred-lute-the-art-of-ostad-elahi\/","title":{"rendered":"Le luth sacr\u00e9 : l\u2019art d\u2019Ostad Elahi"},"content":{"rendered":"<div class=\"fusion-fullwidth fullwidth-box fusion-builder-row-1 hundred-percent-fullwidth non-hundred-percent-height-scrolling\" style=\"--awb-border-radius-top-left:0px;--awb-border-radius-top-right:0px;--awb-border-radius-bottom-right:0px;--awb-border-radius-bottom-left:0px;--awb-overflow:visible;\" ><div class=\"fusion-builder-row fusion-row\"><div class=\"fusion-layout-column fusion_builder_column fusion-builder-column-0 fusion_builder_column_1_1 1_1 fusion-one-full fusion-column-first fusion-column-last\" style=\"--awb-bg-size:cover;\"><div class=\"fusion-column-wrapper fusion-flex-column-wrapper-legacy\"><div class=\"fusion-text fusion-text-1\"><p class=\"p1\">Dans <a href=\"https:\/\/www.metmuseum.org\/exhibitions\/listings\/2014\/sacred-lute\" target=\"_blank\" rel=\"noopener noreferrer\"><i>Le luth sacr\u00e9 : l\u2019art d\u2019Ostad Elahi <\/i><\/a>(5 ao\u00fbt 2014 &#8211; 11 janvier 2015), certains aspects de la vie et de la musique d\u2019Ostad Elahi ont \u00e9t\u00e9 expos\u00e9s pour la premi\u00e8re fois au Metropolitan Museum of Art de New York (ou MET). Cette exposition a \u00e9t\u00e9 organis\u00e9e par le d\u00e9partement d\u00e9di\u00e9 aux instruments de musique du MET sous le patronage de l\u2019Unesco, et elle s\u2019est d\u00e9roul\u00e9e juste apr\u00e8s une reconstruction majeure de la fa\u00e7ade du MET donnant sur la 5<span class=\"s1\"><sup>\u00e8me<\/sup><\/span> avenue.<\/p>\n<p class=\"p3\">L\u2019exposition, qui a attir\u00e9 plus de 100 000 visiteurs venus du monde entier, faisait le parall\u00e8le dans la vie d\u2019Ostad Elahi entre sa recherche musicale et sa qu\u00eate de sens et de connaissance de soi. Pour mettre en lumi\u00e8re la relation intime qu\u2019Ostad avait avec ses instruments, pr\u00e8s de 40 objets y \u00e9taient expos\u00e9s, y compris des instruments rares et des objets d\u2019art issus aussi bien de la collection personnelle de la famille Elahi que du Mus\u00e9e de la Cit\u00e9 de la musique de Paris ou encore du MET. Des objets personnels d\u2019Ostad, tels que sa robe de magistrat, certains de ses manuscrits et d\u2019autres objets symboliques rappelaient divers aspects de sa personnalit\u00e9, \u00e0 l\u2019image de la discipline dont il faisait preuve.<\/p>\n<\/div><div class=\"fusion-clearfix\"><\/div><\/div><\/div><div class=\"fusion-layout-column fusion_builder_column fusion-builder-column-1 fusion_builder_column_1_1 1_1 fusion-one-full fusion-column-first fusion-column-last\" style=\"--awb-bg-size:cover;\"><div class=\"fusion-column-wrapper fusion-flex-column-wrapper-legacy\"><div class=\"fusion-image-element fusion-image-align-center in-legacy-container\" style=\"text-align:center;--awb-caption-title-size:var(--h2_typography-font-size);--awb-caption-title-transform:var(--h2_typography-text-transform);--awb-caption-title-line-height:var(--h2_typography-line-height);--awb-caption-title-letter-spacing:var(--h2_typography-letter-spacing);\"><div class=\"imageframe-align-center\"><span class=\" fusion-imageframe imageframe-none imageframe-1 hover-type-none\"><img decoding=\"async\" width=\"900\" height=\"500\" title=\"m1\" src=\"https:\/\/ostadelahi.com\/wp-content\/uploads\/m1.jpg\" alt class=\"img-responsive wp-image-4566\" srcset=\"https:\/\/ostadelahi.com\/wp-content\/uploads\/m1-200x111.jpg 200w, https:\/\/ostadelahi.com\/wp-content\/uploads\/m1-400x222.jpg 400w, https:\/\/ostadelahi.com\/wp-content\/uploads\/m1-600x333.jpg 600w, https:\/\/ostadelahi.com\/wp-content\/uploads\/m1-800x444.jpg 800w, https:\/\/ostadelahi.com\/wp-content\/uploads\/m1.jpg 900w\" sizes=\"(max-width: 640px) 100vw, 900px\" \/><\/span><\/div><\/div><div class=\"fusion-clearfix\"><\/div><\/div><\/div><div class=\"fusion-layout-column fusion_builder_column fusion-builder-column-2 fusion_builder_column_1_1 1_1 fusion-one-full fusion-column-first fusion-column-last\" style=\"--awb-bg-size:cover;\"><div class=\"fusion-column-wrapper fusion-flex-column-wrapper-legacy\"><div class=\"fusion-text fusion-text-2\"><p class=\"p1\">H\u00e9berg\u00e9e dans l\u2019\u00e9l\u00e9gante galerie Hagop Kevorkian du d\u00e9partement des arts islamiques du MET, l\u2019exposition proposait \u00e9galement la projection murale d\u2019une vid\u00e9o retra\u00e7ant les diff\u00e9rentes p\u00e9riodes de la vie d\u2019Ostad Elahi : sa jeunesse d\u00e9volue \u00e0 la mystique traditionnelle, sa carri\u00e8re judiciaire et sa retraite consacr\u00e9e \u00e0 l\u2019\u00e9criture et \u00e0 l\u2019enseignement. Des paroles issues de l\u2019enseignement oral d\u2019Ostad ponctuaient la narration de cette vid\u00e9o et son tanbur pouvait y \u00eatre entendu en continu, impr\u00e9gnant l\u2019ensemble de l\u2019exposition d\u2019une atmosph\u00e8re chaleureuse de s\u00e9r\u00e9nit\u00e9 contemplative.<\/p>\n<p class=\"p1\">Outre cette projection, deux postes multim\u00e9dia permettaient aux visiteurs de regarder un extrait d\u2019un documentaire sur la musique d\u2019Ostad Elahi qui \u00e9tait en cours de r\u00e9alisation. Cet extrait dont le narrateur \u00e9tait John Schaefer, producteur \u00e0 la New York Public Radio, pr\u00e9sentait une s\u00e9rie d\u2019interviews de musiciens, d\u2019ethnomusicologues et de sp\u00e9cialistes en neurosciences dans lesquels ces derniers d\u00e9crivaient la cr\u00e9ativit\u00e9 et l\u2019effet remarquables de la musique d\u2019Ostad. On pouvait \u00e9galement y voir le Dr. Chahrokh Elahi, fils cadet d\u2019Ostad Elahi et h\u00e9ritier de son art musical, montrer, instrument en main, quelques innovations et subtilit\u00e9s que son p\u00e8re avait introduites dans les techniques de jeu du tanbur.<\/p>\n<p class=\"p2\">Plusieurs \u00e9v\u00e9nements ont \u00e9t\u00e9 organis\u00e9s par le MET et la Nour Foundation en parall\u00e8le \u00e0 cette exposition afin d\u2019en mettre diff\u00e9rents aspects en avant. Parmi ces \u00e9v\u00e9nements qui ont connu un franc succ\u00e8s, on peut citer des performances musicales inspir\u00e9es du r\u00e9pertoire d\u2019Ostad Elahi, des interviews, une conf\u00e9rence, une table ronde, une lecture de po\u00e9sie et m\u00eame une masterclass de tanbur.<\/p>\n<\/div><div class=\"fusion-clearfix\"><\/div><\/div><\/div><div class=\"fusion-layout-column fusion_builder_column fusion-builder-column-3 fusion_builder_column_1_1 1_1 fusion-one-full fusion-column-first fusion-column-last\" style=\"--awb-padding-bottom:0px;--awb-bg-size:cover;--awb-border-color:#d6d6d6;--awb-border-top:0;--awb-border-right:0;--awb-border-bottom:0;--awb-border-left:0;--awb-border-style:solid;\"><div class=\"fusion-column-wrapper fusion-flex-column-wrapper-legacy\"><div class=\"fusion-image-element fusion-image-align-center in-legacy-container\" style=\"text-align:center;--awb-caption-title-size:var(--h2_typography-font-size);--awb-caption-title-transform:var(--h2_typography-text-transform);--awb-caption-title-line-height:var(--h2_typography-line-height);--awb-caption-title-letter-spacing:var(--h2_typography-letter-spacing);\"><div class=\"imageframe-align-center\"><span class=\" fusion-imageframe imageframe-none imageframe-2 hover-type-zoomin\"><a class=\"fusion-no-lightbox\" href=\"\/fr\/lhomme\/expositions\/evenements-autour-de-lexposition\/\" target=\"_self\" aria-label=\"events-around-the-sacred-lute-grid\"><img decoding=\"async\" width=\"842\" height=\"141\" src=\"https:\/\/ostadelahi.com\/wp-content\/uploads\/events-around-the-sacred-lute-grid.jpg\" alt class=\"img-responsive wp-image-4554\" srcset=\"https:\/\/ostadelahi.com\/wp-content\/uploads\/events-around-the-sacred-lute-grid-200x33.jpg 200w, https:\/\/ostadelahi.com\/wp-content\/uploads\/events-around-the-sacred-lute-grid-400x67.jpg 400w, https:\/\/ostadelahi.com\/wp-content\/uploads\/events-around-the-sacred-lute-grid-600x100.jpg 600w, https:\/\/ostadelahi.com\/wp-content\/uploads\/events-around-the-sacred-lute-grid-800x134.jpg 800w, https:\/\/ostadelahi.com\/wp-content\/uploads\/events-around-the-sacred-lute-grid.jpg 842w\" sizes=\"(max-width: 640px) 100vw, 842px\" \/><\/a><\/span><\/div><\/div><div class=\"fusion-sep-clear\"><\/div><div class=\"fusion-separator fusion-full-width-sep\" style=\"margin-left: auto;margin-right: auto;margin-top:10px;width:100%;\"><\/div><div class=\"fusion-sep-clear\"><\/div><div class=\"fusion-text fusion-text-3\"><p class=\"events\" style=\"text-align: center;\"><a href=\"\/fr\/lhomme\/expositions\/evenements-autour-de-lexposition\/\">\u00c9v\u00e9nements autour de l\u2019exposition<\/a><\/p>\n<\/div><div class=\"fusion-clearfix\"><\/div><\/div><\/div><div class=\"fusion-layout-column fusion_builder_column fusion-builder-column-4 fusion_builder_column_1_1 1_1 fusion-one-full fusion-column-first fusion-column-last\" style=\"--awb-bg-size:cover;\"><div class=\"fusion-column-wrapper fusion-flex-column-wrapper-legacy\"><div class=\"fusion-text fusion-text-4\"><p class=\"p1\">Bien qu\u2019elle ait eu lieu dans un cadre relativement restreint, l\u2019exposition a fait l\u2019objet d\u2019une certaine attention m\u00e9diatique. Ainsi, suite \u00e0 l\u2019avant-premi\u00e8re organis\u00e9e pour les m\u00e9dias, la cha\u00eene\u00a0<i>Voice of America<\/i>\u00a0a diffus\u00e9 un court reportage consacr\u00e9 \u00e0 l\u2019exposition. D\u2019autre part, le journal <i>New York Times<\/i> a publi\u00e9 une revue critique de l\u2019exposition, intitul\u00e9e \u00ab En l\u2019honneur d\u2019un instrument avec peu de cordes mais la force d\u2019une symphonie\u00a0\u00bb \u00a0(<a href=\"https:\/\/www.nytimes.com\/2014\/08\/30\/arts\/music\/ostad-elahi-a-tanbur-master-is-celebrated-at-met-museum.html\" target=\"_blank\" rel=\"noopener noreferrer\"><span class=\"s1\">Honoring an Instrument of Few Strings with the Strength of a Symphony<\/span><\/a>), o\u00f9 le timbre et la sonorit\u00e9 particuliers du tanbur d\u2019Ostad \u00e9taient mis en exergue. L\u2019exposition a \u00e9galement \u00e9t\u00e9 cit\u00e9e dans la rubrique \u00ab Coup de c\u0153ur \u00bb (<i>Curator\u2019s Choice Profile<\/i>) de l\u2019\u00e9mission\u200e NYC-Arts de la chaine <i>PBS<\/i>, apr\u00e8s qu\u2019une de ses productrices ait \u00e9t\u00e9 profond\u00e9ment touch\u00e9e par la beaut\u00e9 et l\u2019\u00e9nergie qui se d\u00e9gageaient de la musique d\u2019Ostad.<\/p>\n<\/div><div class=\"fusion-clearfix\"><\/div><\/div><\/div><div class=\"fusion-layout-column fusion_builder_column fusion-builder-column-5 fusion_builder_column_1_1 1_1 fusion-one-full fusion-column-first fusion-column-last\" style=\"--awb-bg-size:cover;\"><div class=\"fusion-column-wrapper fusion-flex-column-wrapper-legacy\"><div class=\"fusion-video fusion-vimeo\" style=\"--awb-max-width:1280px;--awb-max-height:720px;\"><div class=\"video-shortcode\"><div class=\"fluid-width-video-wrapper\" style=\"padding-top:56.25%;\" ><iframe title=\"Vimeo video player 1\" src=\"https:\/\/player.vimeo.com\/video\/127446525?autoplay=0&autopause=0\" width=\"1280\" height=\"720\" allowfullscreen allow=\"autoplay; fullscreen\"><\/iframe><\/div><\/div><\/div><div class=\"fusion-clearfix\"><\/div><\/div><\/div><div class=\"fusion-layout-column fusion_builder_column fusion-builder-column-6 fusion_builder_column_1_1 1_1 fusion-one-full fusion-column-first fusion-column-last\" style=\"--awb-bg-size:cover;\"><div class=\"fusion-column-wrapper fusion-flex-column-wrapper-legacy\"><div class=\"fusion-text fusion-text-5\"><p class=\"p1\">Des m\u00e9dias internationaux tels que les versions persanes de la\u00a0<i>BBC <\/i>et du\u00a0<i>Deutsche Welle<\/i>\u00a0 ont \u00e9galement fait r\u00e9f\u00e9rence \u00e0 l\u2019exposition sur leurs sites web respectifs. Enfin,\u00a0<span class=\"s1\">le blog du MET<\/span> a recueilli de nombreux commentaires enthousiastes de visiteurs venus du monde entier.<\/p>\n<p class=\"p1\">\u00c0 l\u2019occasion de l\u2019exposition, un livret-CD comm\u00e9moratif a \u00e9t\u00e9 coproduit par le MET et les \u00e9ditions <i>Le Chant du monde<\/i>. Le livret trilingue (anglais, fran\u00e7ais et italien) de ce coffret comm\u00e9moratif est accompagn\u00e9 de deux CDs comprenant des enregistrements de la musique d\u2019Ostad Elahi. Apr\u00e8s une introduction de Ken Moore, curateur \u00e9m\u00e9rite du d\u00e9partement d\u00e9di\u00e9 aux instruments de musique du MET, ce livret pr\u00e9sente une br\u00e8ve biographie d\u2019Ostad Elahi. On y trouve \u00e9galement une description de chacun des morceaux des deux CDs, des articles et t\u00e9moignages sur l\u2019\u00e9volution et l\u2019effet de la musique d\u2019Ostad Elahi, ainsi que des paroles extraites de son enseignement oral.<\/p>\n<p class=\"p2\">Le succ\u00e8s du <i>Luth sacr\u00e9<\/i> montre que la musique est universelle et peut rassembler des personnes d\u2019horizons et de cultures tr\u00e8s diverses. Ainsi, durant plusieurs mois, des visiteurs du monde entier ont pu non seulement d\u00e9couvrir ou approfondir leurs connaissances quant \u00e0 la musique d\u2019Ostad Elahi, mais \u00e9galement avoir un aper\u00e7u de la personnalit\u00e9 de ce dernier, qui a non seulement compos\u00e9 cette musique, mais l\u2019a \u00e9galement \u00e9lev\u00e9e au rang d\u2019un art savant.<span class=\"Apple-converted-space\">\u00a0<\/span><\/p>\n<p class=\"p2\">Ostad Elahi disait\u00a0: \u00ab La musique est li\u00e9e \u00e0 l\u2019\u00e2me et l\u2019\u00e2me \u00e0 Dieu. Si on joue dans cet esprit, la liaison \u200e\u00e0 la Source s\u2019\u00e9tablit \u00bb. L\u2019effet de sa musique est donc aussi li\u00e9 \u00e0 l\u2019importance qu\u2019il accordait \u00e0 la connaissance de soi dans sa qu\u00eate ultime de sens.<span class=\"Apple-converted-space\">\u00a0<\/span><\/p>\n<\/div><div class=\"fusion-clearfix\"><\/div><\/div><\/div><\/div><\/div>\n","protected":false},"excerpt":{"rendered":"","protected":false},"author":1,"featured_media":0,"parent":2051,"menu_order":1,"comment_status":"open","ping_status":"closed","template":"side-navigation.php","meta":{"footnotes":""},"class_list":["post-2053","page","type-page","status-publish","hentry"],"yoast_head":"<!-- This site is optimized with the Yoast SEO plugin v20.3 - https:\/\/yoast.com\/wordpress\/plugins\/seo\/ -->\n<title>Le luth sacr\u00e9 : l\u2019art d\u2019Ostad Elahi - Ostad Elahi<\/title>\n<meta name=\"robots\" content=\"index, follow, max-snippet:-1, max-image-preview:large, max-video-preview:-1\" \/>\n<link rel=\"canonical\" href=\"https:\/\/ostadelahi.com\/fr\/lhomme\/expositions\/the-sacred-lute-the-art-of-ostad-elahi\/\" \/>\n<meta property=\"og:locale\" content=\"fr_FR\" \/>\n<meta property=\"og:type\" content=\"article\" \/>\n<meta property=\"og:title\" content=\"Le luth sacr\u00e9 : l\u2019art d\u2019Ostad Elahi - Ostad Elahi\" \/>\n<meta property=\"og:url\" content=\"https:\/\/ostadelahi.com\/fr\/lhomme\/expositions\/the-sacred-lute-the-art-of-ostad-elahi\/\" \/>\n<meta property=\"og:site_name\" content=\"Ostad Elahi\" \/>\n<meta property=\"article:modified_time\" content=\"2025-03-16T03:23:26+00:00\" \/>\n<meta name=\"twitter:card\" content=\"summary_large_image\" \/>\n<meta name=\"twitter:label1\" content=\"Dur\u00e9e de lecture estim\u00e9e\" \/>\n\t<meta name=\"twitter:data1\" content=\"6 minutes\" \/>\n<script type=\"application\/ld+json\" class=\"yoast-schema-graph\">{\"@context\":\"https:\/\/schema.org\",\"@graph\":[{\"@type\":\"WebPage\",\"@id\":\"https:\/\/ostadelahi.com\/fr\/lhomme\/expositions\/the-sacred-lute-the-art-of-ostad-elahi\/\",\"url\":\"https:\/\/ostadelahi.com\/fr\/lhomme\/expositions\/the-sacred-lute-the-art-of-ostad-elahi\/\",\"name\":\"Le luth sacr\u00e9 : l\u2019art d\u2019Ostad Elahi - Ostad Elahi\",\"isPartOf\":{\"@id\":\"https:\/\/ostadelahi.com\/#website\"},\"datePublished\":\"2014-12-01T17:56:22+00:00\",\"dateModified\":\"2025-03-16T03:23:26+00:00\",\"breadcrumb\":{\"@id\":\"https:\/\/ostadelahi.com\/fr\/lhomme\/expositions\/the-sacred-lute-the-art-of-ostad-elahi\/#breadcrumb\"},\"inLanguage\":\"fr-FR\",\"potentialAction\":[{\"@type\":\"ReadAction\",\"target\":[\"https:\/\/ostadelahi.com\/fr\/lhomme\/expositions\/the-sacred-lute-the-art-of-ostad-elahi\/\"]}]},{\"@type\":\"BreadcrumbList\",\"@id\":\"https:\/\/ostadelahi.com\/fr\/lhomme\/expositions\/the-sacred-lute-the-art-of-ostad-elahi\/#breadcrumb\",\"itemListElement\":[{\"@type\":\"ListItem\",\"position\":1,\"name\":\"Home\",\"item\":\"https:\/\/ostadelahi.com\/fr\/\"},{\"@type\":\"ListItem\",\"position\":2,\"name\":\"L&#8217;homme\",\"item\":\"https:\/\/ostadelahi.com\/life\/\"},{\"@type\":\"ListItem\",\"position\":3,\"name\":\"Expositions\",\"item\":\"https:\/\/ostadelahi.com\/life\/exhibitions\/\"},{\"@type\":\"ListItem\",\"position\":4,\"name\":\"Le luth sacr\u00e9 : l\u2019art d\u2019Ostad Elahi\"}]},{\"@type\":\"WebSite\",\"@id\":\"https:\/\/ostadelahi.com\/#website\",\"url\":\"https:\/\/ostadelahi.com\/\",\"name\":\"Ostad Elahi\",\"description\":\"The official website on the life, work, and music of Ostad Elahi (1895-1974).\",\"potentialAction\":[{\"@type\":\"SearchAction\",\"target\":{\"@type\":\"EntryPoint\",\"urlTemplate\":\"https:\/\/ostadelahi.com\/?s={search_term_string}\"},\"query-input\":\"required name=search_term_string\"}],\"inLanguage\":\"fr-FR\"}]}<\/script>\n<!-- \/ Yoast SEO plugin. -->","yoast_head_json":{"title":"Le luth sacr\u00e9 : l\u2019art d\u2019Ostad Elahi - Ostad Elahi","robots":{"index":"index","follow":"follow","max-snippet":"max-snippet:-1","max-image-preview":"max-image-preview:large","max-video-preview":"max-video-preview:-1"},"canonical":"https:\/\/ostadelahi.com\/fr\/lhomme\/expositions\/the-sacred-lute-the-art-of-ostad-elahi\/","og_locale":"fr_FR","og_type":"article","og_title":"Le luth sacr\u00e9 : l\u2019art d\u2019Ostad Elahi - Ostad Elahi","og_url":"https:\/\/ostadelahi.com\/fr\/lhomme\/expositions\/the-sacred-lute-the-art-of-ostad-elahi\/","og_site_name":"Ostad Elahi","article_modified_time":"2025-03-16T03:23:26+00:00","twitter_card":"summary_large_image","twitter_misc":{"Dur\u00e9e de lecture estim\u00e9e":"6 minutes"},"schema":{"@context":"https:\/\/schema.org","@graph":[{"@type":"WebPage","@id":"https:\/\/ostadelahi.com\/fr\/lhomme\/expositions\/the-sacred-lute-the-art-of-ostad-elahi\/","url":"https:\/\/ostadelahi.com\/fr\/lhomme\/expositions\/the-sacred-lute-the-art-of-ostad-elahi\/","name":"Le luth sacr\u00e9 : l\u2019art d\u2019Ostad Elahi - Ostad Elahi","isPartOf":{"@id":"https:\/\/ostadelahi.com\/#website"},"datePublished":"2014-12-01T17:56:22+00:00","dateModified":"2025-03-16T03:23:26+00:00","breadcrumb":{"@id":"https:\/\/ostadelahi.com\/fr\/lhomme\/expositions\/the-sacred-lute-the-art-of-ostad-elahi\/#breadcrumb"},"inLanguage":"fr-FR","potentialAction":[{"@type":"ReadAction","target":["https:\/\/ostadelahi.com\/fr\/lhomme\/expositions\/the-sacred-lute-the-art-of-ostad-elahi\/"]}]},{"@type":"BreadcrumbList","@id":"https:\/\/ostadelahi.com\/fr\/lhomme\/expositions\/the-sacred-lute-the-art-of-ostad-elahi\/#breadcrumb","itemListElement":[{"@type":"ListItem","position":1,"name":"Home","item":"https:\/\/ostadelahi.com\/fr\/"},{"@type":"ListItem","position":2,"name":"L&#8217;homme","item":"https:\/\/ostadelahi.com\/life\/"},{"@type":"ListItem","position":3,"name":"Expositions","item":"https:\/\/ostadelahi.com\/life\/exhibitions\/"},{"@type":"ListItem","position":4,"name":"Le luth sacr\u00e9 : l\u2019art d\u2019Ostad Elahi"}]},{"@type":"WebSite","@id":"https:\/\/ostadelahi.com\/#website","url":"https:\/\/ostadelahi.com\/","name":"Ostad Elahi","description":"The official website on the life, work, and music of Ostad Elahi (1895-1974).","potentialAction":[{"@type":"SearchAction","target":{"@type":"EntryPoint","urlTemplate":"https:\/\/ostadelahi.com\/?s={search_term_string}"},"query-input":"required name=search_term_string"}],"inLanguage":"fr-FR"}]}},"_links":{"self":[{"href":"https:\/\/ostadelahi.com\/fr\/wp-json\/wp\/v2\/pages\/2053","targetHints":{"allow":["GET"]}}],"collection":[{"href":"https:\/\/ostadelahi.com\/fr\/wp-json\/wp\/v2\/pages"}],"about":[{"href":"https:\/\/ostadelahi.com\/fr\/wp-json\/wp\/v2\/types\/page"}],"author":[{"embeddable":true,"href":"https:\/\/ostadelahi.com\/fr\/wp-json\/wp\/v2\/users\/1"}],"replies":[{"embeddable":true,"href":"https:\/\/ostadelahi.com\/fr\/wp-json\/wp\/v2\/comments?post=2053"}],"version-history":[{"count":8,"href":"https:\/\/ostadelahi.com\/fr\/wp-json\/wp\/v2\/pages\/2053\/revisions"}],"predecessor-version":[{"id":17556,"href":"https:\/\/ostadelahi.com\/fr\/wp-json\/wp\/v2\/pages\/2053\/revisions\/17556"}],"up":[{"embeddable":true,"href":"https:\/\/ostadelahi.com\/fr\/wp-json\/wp\/v2\/pages\/2051"}],"wp:attachment":[{"href":"https:\/\/ostadelahi.com\/fr\/wp-json\/wp\/v2\/media?parent=2053"}],"curies":[{"name":"wp","href":"https:\/\/api.w.org\/{rel}","templated":true}]}}