{"id":1300,"date":"2013-01-22T12:58:28","date_gmt":"2013-01-22T17:58:28","guid":{"rendered":"https:\/\/ostadelahi.com\/?page_id=1300"},"modified":"2017-09-05T14:29:12","modified_gmt":"2017-09-05T19:29:12","slug":"lart-du-tanbur","status":"publish","type":"page","link":"https:\/\/ostadelahi.com\/fr\/la-musique\/lart-du-tanbur\/","title":{"rendered":"L\u2019art du tanbur"},"content":{"rendered":"<div class=\"fusion-fullwidth fullwidth-box fusion-builder-row-1 nonhundred-percent-fullwidth non-hundred-percent-height-scrolling\" style=\"--awb-border-radius-top-left:0px;--awb-border-radius-top-right:0px;--awb-border-radius-bottom-right:0px;--awb-border-radius-bottom-left:0px;\" ><div class=\"fusion-builder-row fusion-row\"><div class=\"fusion-layout-column fusion_builder_column fusion-builder-column-0 fusion_builder_column_1_1 1_1 fusion-one-full fusion-column-first fusion-column-last\" style=\"--awb-bg-size:cover;--awb-margin-bottom:0px;\"><div class=\"fusion-column-wrapper fusion-flex-column-wrapper-legacy\"><div class=\"fusion-text fusion-text-1\"><p>Le tanbur est un instrument dont l\u2019origine remonte \u00e0 l\u2019antiquit\u00e9. Tout au long des si\u00e8cles, d\u2019une r\u00e9gion \u00e0 l\u2019autre, il prend diverses formes et acquiert diff\u00e9rentes sonorit\u00e9s. Son timbre sobre, tant\u00f4t sec, tant\u00f4t plus doux, a quelque chose d\u2019immat\u00e9riel, d\u2019abstrait, voire d\u2019asc\u00e9tique, qui en fait un instrument privil\u00e9gi\u00e9 pour la musique spirituelle. En Iran, le tanbur faisait partie des instruments jou\u00e9s \u00e0 la cour des Sassanides. Plus tard, il fut adopt\u00e9 par certaines confr\u00e9ries religieuses kurdes comme instrument sacr\u00e9 pour accompagner leurs danses et leurs chants d\u00e9votionnels.<\/p>\n<blockquote>\n<p class=\"Citationpome\"><span lang=\"FR\">Le chant du tanbur et de quelques autres instruments<br \/>\nPorte en lui le souvenir des airs c\u00e9lestes.<br \/>\nDes cordes s\u00e8ches, du bois sec, de la peau s\u00e8che\u00a0:<br \/>\nD\u2019o\u00f9 peut bien venir ce son\u00a0? Il vient du Bien-aim\u00e9.<br \/>\nSi l\u2019oreille de l\u2019\u00e2me est \u00e9veill\u00e9e, elle d\u00e9c\u00e8le dans le son de ces instruments des secrets que ne peuvent percevoir ceux qui s\u2019arr\u00eatent aux apparences.<\/span><\/p>\n<\/blockquote>\n<p>Ostad Elahi apprit \u00e0 jouer le tanbur d\u00e8s son plus jeune \u00e2ge. Au sein de sa tradition d\u2019origine, et plus particuli\u00e8rement dans sa famille, le tanbur a toujours \u00e9t\u00e9 l\u2019instrument privil\u00e9gi\u00e9 pour accompagner les hymnes et les chants spirituels. Durant son enfance, ses aptitudes exceptionnelles lui permirent d\u2019assimiler le r\u00e9pertoire propre \u00e0 sa r\u00e9gion aussi bien que celui des r\u00e9gions avoisinantes. Plus tard, il \u00e9tendit le potentiel technique et musical de l\u2019instrument en lui ajoutant une troisi\u00e8me corde. Il \u00e9labora de nouvelles techniques de jeu dont l\u2019une des cons\u00e9quences les plus importantes est sans doute l\u2019utilisation des cinq doigts de la main droite. Il inventa en particulier la technique du \u00ab\u00a0shor\u00a0\u00bb (litt\u00e9ralement, \u00ab\u00a0cascade\u00a0\u00bb), un mouvement \u00ab\u00a0roul\u00e9\u00a0\u00bb des doigts de la main droite dont l\u2019usage s\u2019est aujourd\u2019hui largement r\u00e9pandu aupr\u00e8s des joueurs de tanbur.<\/p>\n<p>Parmi les autres contributions majeures d\u2019Ostad Elahi \u00e0 l\u2019\u00e9l\u00e9vation de l\u2019art du tanbur au rang de musique savante, il faut mentionner la constitution d\u2019un r\u00e9pertoire comprenant plus d\u2019une centaine de pi\u00e8ces. Prenant les airs tr\u00e8s simples et limit\u00e9s du r\u00e9pertoire ancien comme une rampe de lancement pour ses improvisations et compositions, Ostad construisit un r\u00e9pertoire dont la richesse m\u00e9lodique, la sophistication et les ornementations d\u00e9passent largement tout ce que l\u2019on avait connu jusqu\u2019alors.<\/p>\n<p>\u00c0 travers toutes ces innovations, Ostad Elahi a profond\u00e9ment raviv\u00e9 et m\u00eame transcend\u00e9 la tradition du tanbur qui a aujourd\u2019hui acquis sa place parmi les instruments classiques. Il a pour ainsi dire sauv\u00e9 cet art, en transformant une tradition populaire qui n\u2019avait pas \u00e9volu\u00e9 depuis des si\u00e8cles en une musique savante.<\/p>\n<p>Les musiciens et les musicologues qui ont entendu jouer Ostad Elahi \u00e9taient surtout frapp\u00e9s par le caract\u00e8re inimitable de ses improvisations. Chaque improvisation est comme une nouvelle pi\u00e8ce avec son atmosph\u00e8re propre. C\u2019est pourquoi on ne peut r\u00e9ellement apprendre cette musique qu\u2019\u00e0 travers une forme d\u2019\u00ab\u00a0osmose\u00a0\u00bb\u00a0: c\u2019est le terme employ\u00e9 par Chahrokh Elahi, fils d\u2019Ostad Elahi et seul d\u00e9positaire de son art musical. On comprend aussi pourquoi ceux qui ont tent\u00e9 de la retranscrire avec pr\u00e9cision ont \u00e9chou\u00e9 dans leur entreprise.<\/p>\n<p>Il ne convient pas ici d\u2019entrer dans le d\u00e9tail des aspects techniques et de la dimension spirituelle de la musique d\u2019Ostad Elahi. On s\u2019arr\u00eatera toutefois sur une question qui n\u2019a peut-\u00eatre pas toujours re\u00e7u toute l\u2019attention qu\u2019elle m\u00e9ritait, il s\u2019agit de la question des motifs d\u2019introduction jou\u00e9s au d\u00e9but de chaque pi\u00e8ce. Fid\u00e8le \u00e0 sa tradition musicale, Ostad Elahi introduit chaque m\u00e9lodie par un court pr\u00e9lude. \u00c0 chaque interpr\u00e9tation, ces introductions sont jou\u00e9es de fa\u00e7on diff\u00e9rente. Sans partition \u00e9crite, ni dessein pr\u00e9\u00e9tabli, elles sont improvis\u00e9es sous l\u2019inspiration du moment, dont elles traduisent en quelque sorte l\u2019atmosph\u00e8re spirituelle. Tout se passe comme si l\u2019\u00e9tat spirituel du moment r\u00e9sonnait secr\u00e8tement dans ces notes. La capacit\u00e9 de chacun \u00e0 d\u00e9coder ces pr\u00e9ludes n\u2019est pas sans rapport avec son degr\u00e9 de compr\u00e9hension de la musique.<\/p>\n<p>Dans sa dimension purement technique (virtuosit\u00e9, finesse du toucher, rapidit\u00e9, concentration etc.) le jeu d\u2019Ostad Elahi est exceptionnel. Comme pour toutes les grandes figures musicales, on trouve sur lui des t\u00e9moignages et des anecdotes qui semblent \u00e0 premi\u00e8re vue extraordinaires. Les ouvrages <em>Paroles de v\u00e9rit\u00e9<\/em> et <em>L\u2019\u00c2me des sons<\/em> en donnent quelques exemples qui permettront \u00e0 chacun de se faire une id\u00e9e sur le sujet.<\/p>\n<p>Les innovations qu\u2019Ostad Elahi a introduites dans la structure physique de l\u2019instrument ont \u00e9t\u00e9 tr\u00e8s bien accueillies et sont aujourd\u2019hui adopt\u00e9es par l\u2019ensemble des tanburistes. Originellement, le tanbur avait deux cordes. Ostad Elahi a ajout\u00e9 \u00e0 l\u2019instrument une troisi\u00e8me corde qui vient doubler la premi\u00e8re. De nos jours, cette innovation s\u2019est r\u00e9pandue \u00e0 tel point qu\u2019on ne trouve plus de tanbur \u00e0 deux cordes, l\u2019usage de l\u2019aigu\u00eb doubl\u00e9e s\u2019\u00e9tant impos\u00e9 progressivement apr\u00e8s lui. Pourtant, rares sont ceux qui connaissent l\u2019origine de cette troisi\u00e8me corde. Ostad a en outre d\u00e9fini les dimensions optimales de l\u2019instrument pour obtenir une bonne sonorit\u00e9, il a normalis\u00e9 le positionnement des frettes sur le manche ainsi que d\u2019autres caract\u00e9ristiques.<\/p>\n<p>Ostad Elahi a \u00e9galement cr\u00e9\u00e9 un nouvel accord, appel\u00e9 <em>farangi<\/em>, qui instaure un intervalle de seconde entre les cordes aig\u00fces et la corde grave. Ce nouvel accord offre \u00e0 l\u2019instrument une sonorit\u00e9 originale et ouvre pour l\u2019instrumentiste des voies jusque-l\u00e0 inexplor\u00e9es. Enfin, on doit \u00e0 Ostad Elahi l\u2019invention du tanbur \u00e0 5 cordes, croisement entre le tanbur et le <em>setar<\/em> classique persan qui, en autorisant une alliance de la musique classique persane avec la musique kurde, ouvre un vaste champ de nouvelles possibilit\u00e9s. Sur l\u2019ensemble des CD d\u2019Ostad Elahi publi\u00e9s \u00e0 ce jour, l\u2019un est enti\u00e8rement consacr\u00e9 \u00e0 cet instrument.<\/p>\n<p>Au-del\u00e0 de ses aspects esth\u00e9tiques et techniques, les effets spirituels de la musique d\u2019Ostad Elahi ont r\u00e9cemment fait l\u2019objet d\u2019une \u00e9tude approfondie, fond\u00e9e notamment sur les t\u00e9moignages de personnes qui ont directement entendu Ostad jouer. En s\u2019appuyant sur des analyses anthropologiques et musicologiques, le musicologue Jean During rend compte de cette \u00e9tude dans son ouvrage <em>L\u2019\u00c2me des sons<\/em>, paru aux \u00e9ditions du Reli\u00e9. Il est \u00e0 souhaiter que d\u2019autres travaux de cette envergure permettent de mieux comprendre la profondeur et l\u2019impact de la musique d\u2019Ostad Elahi.<\/p>\n<\/div><div class=\"fusion-clearfix\"><\/div><\/div><\/div><\/div><\/div>\n","protected":false},"excerpt":{"rendered":"","protected":false},"author":1,"featured_media":0,"parent":2069,"menu_order":53,"comment_status":"closed","ping_status":"closed","template":"side-navigation.php","meta":{"footnotes":""},"class_list":["post-1300","page","type-page","status-publish","hentry"],"yoast_head":"<!-- This site is optimized with the Yoast SEO plugin v20.3 - https:\/\/yoast.com\/wordpress\/plugins\/seo\/ -->\n<title>L\u2019art du tanbur - Ostad Elahi<\/title>\n<meta name=\"robots\" content=\"index, follow, max-snippet:-1, max-image-preview:large, max-video-preview:-1\" \/>\n<link rel=\"canonical\" href=\"https:\/\/ostadelahi.com\/music\/the-art-of-tanbur\/\" \/>\n<meta property=\"og:locale\" content=\"fr_FR\" \/>\n<meta property=\"og:type\" content=\"article\" \/>\n<meta property=\"og:title\" content=\"L\u2019art du tanbur - Ostad Elahi\" \/>\n<meta property=\"og:url\" content=\"https:\/\/ostadelahi.com\/music\/the-art-of-tanbur\/\" \/>\n<meta property=\"og:site_name\" content=\"Ostad Elahi\" \/>\n<meta property=\"article:modified_time\" content=\"2017-09-05T19:29:12+00:00\" \/>\n<meta name=\"twitter:card\" content=\"summary_large_image\" \/>\n<meta name=\"twitter:label1\" content=\"Dur\u00e9e de lecture estim\u00e9e\" \/>\n\t<meta name=\"twitter:data1\" content=\"6 minutes\" \/>\n<script type=\"application\/ld+json\" class=\"yoast-schema-graph\">{\"@context\":\"https:\/\/schema.org\",\"@graph\":[{\"@type\":\"WebPage\",\"@id\":\"https:\/\/ostadelahi.com\/music\/the-art-of-tanbur\/\",\"url\":\"https:\/\/ostadelahi.com\/music\/the-art-of-tanbur\/\",\"name\":\"L\u2019art du tanbur - Ostad Elahi\",\"isPartOf\":{\"@id\":\"https:\/\/ostadelahi.com\/#website\"},\"datePublished\":\"2013-01-22T17:58:28+00:00\",\"dateModified\":\"2017-09-05T19:29:12+00:00\",\"breadcrumb\":{\"@id\":\"https:\/\/ostadelahi.com\/music\/the-art-of-tanbur\/#breadcrumb\"},\"inLanguage\":\"fr-FR\",\"potentialAction\":[{\"@type\":\"ReadAction\",\"target\":[\"https:\/\/ostadelahi.com\/music\/the-art-of-tanbur\/\"]}]},{\"@type\":\"BreadcrumbList\",\"@id\":\"https:\/\/ostadelahi.com\/music\/the-art-of-tanbur\/#breadcrumb\",\"itemListElement\":[{\"@type\":\"ListItem\",\"position\":1,\"name\":\"Home\",\"item\":\"https:\/\/ostadelahi.com\/fr\/\"},{\"@type\":\"ListItem\",\"position\":2,\"name\":\"La musique\",\"item\":\"https:\/\/ostadelahi.com\/music\/\"},{\"@type\":\"ListItem\",\"position\":3,\"name\":\"L\u2019art du tanbur\"}]},{\"@type\":\"WebSite\",\"@id\":\"https:\/\/ostadelahi.com\/#website\",\"url\":\"https:\/\/ostadelahi.com\/\",\"name\":\"Ostad Elahi\",\"description\":\"The official website on the life, work, and music of Ostad Elahi (1895-1974).\",\"potentialAction\":[{\"@type\":\"SearchAction\",\"target\":{\"@type\":\"EntryPoint\",\"urlTemplate\":\"https:\/\/ostadelahi.com\/?s={search_term_string}\"},\"query-input\":\"required name=search_term_string\"}],\"inLanguage\":\"fr-FR\"}]}<\/script>\n<!-- \/ Yoast SEO plugin. -->","yoast_head_json":{"title":"L\u2019art du tanbur - Ostad Elahi","robots":{"index":"index","follow":"follow","max-snippet":"max-snippet:-1","max-image-preview":"max-image-preview:large","max-video-preview":"max-video-preview:-1"},"canonical":"https:\/\/ostadelahi.com\/music\/the-art-of-tanbur\/","og_locale":"fr_FR","og_type":"article","og_title":"L\u2019art du tanbur - Ostad Elahi","og_url":"https:\/\/ostadelahi.com\/music\/the-art-of-tanbur\/","og_site_name":"Ostad Elahi","article_modified_time":"2017-09-05T19:29:12+00:00","twitter_card":"summary_large_image","twitter_misc":{"Dur\u00e9e de lecture estim\u00e9e":"6 minutes"},"schema":{"@context":"https:\/\/schema.org","@graph":[{"@type":"WebPage","@id":"https:\/\/ostadelahi.com\/music\/the-art-of-tanbur\/","url":"https:\/\/ostadelahi.com\/music\/the-art-of-tanbur\/","name":"L\u2019art du tanbur - Ostad Elahi","isPartOf":{"@id":"https:\/\/ostadelahi.com\/#website"},"datePublished":"2013-01-22T17:58:28+00:00","dateModified":"2017-09-05T19:29:12+00:00","breadcrumb":{"@id":"https:\/\/ostadelahi.com\/music\/the-art-of-tanbur\/#breadcrumb"},"inLanguage":"fr-FR","potentialAction":[{"@type":"ReadAction","target":["https:\/\/ostadelahi.com\/music\/the-art-of-tanbur\/"]}]},{"@type":"BreadcrumbList","@id":"https:\/\/ostadelahi.com\/music\/the-art-of-tanbur\/#breadcrumb","itemListElement":[{"@type":"ListItem","position":1,"name":"Home","item":"https:\/\/ostadelahi.com\/fr\/"},{"@type":"ListItem","position":2,"name":"La musique","item":"https:\/\/ostadelahi.com\/music\/"},{"@type":"ListItem","position":3,"name":"L\u2019art du tanbur"}]},{"@type":"WebSite","@id":"https:\/\/ostadelahi.com\/#website","url":"https:\/\/ostadelahi.com\/","name":"Ostad Elahi","description":"The official website on the life, work, and music of Ostad Elahi (1895-1974).","potentialAction":[{"@type":"SearchAction","target":{"@type":"EntryPoint","urlTemplate":"https:\/\/ostadelahi.com\/?s={search_term_string}"},"query-input":"required name=search_term_string"}],"inLanguage":"fr-FR"}]}},"_links":{"self":[{"href":"https:\/\/ostadelahi.com\/fr\/wp-json\/wp\/v2\/pages\/1300","targetHints":{"allow":["GET"]}}],"collection":[{"href":"https:\/\/ostadelahi.com\/fr\/wp-json\/wp\/v2\/pages"}],"about":[{"href":"https:\/\/ostadelahi.com\/fr\/wp-json\/wp\/v2\/types\/page"}],"author":[{"embeddable":true,"href":"https:\/\/ostadelahi.com\/fr\/wp-json\/wp\/v2\/users\/1"}],"replies":[{"embeddable":true,"href":"https:\/\/ostadelahi.com\/fr\/wp-json\/wp\/v2\/comments?post=1300"}],"version-history":[{"count":0,"href":"https:\/\/ostadelahi.com\/fr\/wp-json\/wp\/v2\/pages\/1300\/revisions"}],"up":[{"embeddable":true,"href":"https:\/\/ostadelahi.com\/fr\/wp-json\/wp\/v2\/pages\/2069"}],"wp:attachment":[{"href":"https:\/\/ostadelahi.com\/fr\/wp-json\/wp\/v2\/media?parent=1300"}],"curies":[{"name":"wp","href":"https:\/\/api.w.org\/{rel}","templated":true}]}}