{"id":1288,"date":"2013-01-22T12:51:12","date_gmt":"2013-01-22T17:51:12","guid":{"rendered":"https:\/\/ostadelahi.com\/?page_id=1288"},"modified":"2023-03-21T12:27:04","modified_gmt":"2023-03-21T17:27:04","slug":"bibliographie","status":"publish","type":"page","link":"https:\/\/ostadelahi.com\/fr\/loeuvre\/ressources\/bibliographie\/","title":{"rendered":"Bibliographie"},"content":{"rendered":"<div class=\"fusion-fullwidth fullwidth-box fusion-builder-row-1 nonhundred-percent-fullwidth non-hundred-percent-height-scrolling\" style=\"--awb-border-radius-top-left:0px;--awb-border-radius-top-right:0px;--awb-border-radius-bottom-right:0px;--awb-border-radius-bottom-left:0px;\" ><div class=\"fusion-builder-row fusion-row\"><div class=\"fusion-layout-column fusion_builder_column fusion-builder-column-0 fusion_builder_column_1_1 1_1 fusion-one-full fusion-column-first fusion-column-last\" style=\"--awb-bg-size:cover;--awb-margin-bottom:0px;\"><div class=\"fusion-column-wrapper fusion-flex-column-wrapper-legacy\"><div class=\"fusion-text fusion-text-1\"><h2>\u0152uvres d\u2019Ostad Elahi<\/h2>\n<h4>Persan<\/h4>\n<ul>\n<li><em>Borhan-ol Haqq<\/em>\u00a0(en persan\u00a0:\u00a0<span class=\"persian\">\u0628\u0631\u0647\u0627\u0646 \u0627\u0644\u062d\u0642\u200e<\/span>) [<em>Preuve de V\u00e9rit\u00e9<\/em>] 1re \u00e9dition (Amir Kabir, 1963)<\/li>\n<li><em>Haqq-ol Haqqayeq<\/em>\u00a0(en persan\u00a0:\u00a0<span class=\"persian\">\u062d\u0642 \u0627\u0644\u062d\u0642\u0627\u064a\u0642\u200e<\/span>) [<em>Commentaire du Livre des Rois de V\u00e9rit\u00e9<\/em>] (Husseini, 1967)<\/li>\n<li><em>Ma\u2018refat-ol Ruh<\/em>\u00a0(en persan\u00a0:\u00a0<span class=\"persian\">\u0645\u0639\u0631\u0641\u062a \u0627\u0644\u0631\u0648\u062d\u200e<\/span>) [<em>Connaissance de l&rsquo;\u00e2me<\/em>] 1<sup>re<\/sup> \u00e9dition (Tahuri, 1969)<\/li>\n<li><em>Asar-ol Haqq<\/em>\u00a0(en persan\u00a0:\u00a0<span class=\"persian\">\u0622\u062b\u0627\u0631\u0627\u0644\u062d\u0642\u200e<\/span>) [<em>Paroles de V\u00e9rit\u00e9<\/em>] \u00e9dit\u00e9 par B. Elahi, vol.\u00a01 (Jeyhoun, 1978)<\/li>\n<li><em>Asar-ol Haqq<\/em>\u00a0(en persan\u00a0:\u00a0<span class=\"persian\">\u0622\u062b\u0627\u0631\u0627\u0644\u062d\u0642\u200e<\/span>) [<em>Paroles de V\u00e9rit\u00e9<\/em>] \u00e9dit\u00e9 par B. Elahi, vol.\u00a02 (Jeyhoun, 1992)<\/li>\n<li><em>Bargozideh<\/em> (en persan\u00a0: <span class=\"persian\">\u0628\u0631\u06af\u0632\u06cc\u062f\u0647\u200e<\/span>) [s\u00e9lection de <em>Paroles de V\u00e9rit\u00e9<\/em>] \u00e9dit\u00e9 par B. Elahi, (Nashr-e Panj, 2009)<\/li>\n<\/ul>\n<h4>Traductions fran\u00e7aises<\/h4>\n<ul>\n<li><em>100 Maximes de guidance<\/em>, Paris, Robert Laffont, 1995.<\/li>\n<li>Confidences\u00a0: pri\u00e8res d\u2019Ostad Elahi, Paris, Robert Laffont, 1995.<\/li>\n<li><em>Connaissance de l\u2019\u00e2me<\/em>, trad. C.\u00a0Deville, Paris, L\u2019Harmattan, coll. Ouverture philosophique, 2001.<\/li>\n<li><em>Paroles de V\u00e9rit\u00e9<\/em>, trad. et pr\u00e9face de L. Anvar, Paris, Albin Michel, coll. Spiritualit\u00e9s vivantes, 2014.<\/li>\n<li><em>Maximes de guidance\u00a0: principes de sagesse universelle<\/em>, trad.\u00a0et pr\u00e9face de B.\u00a0Elahi, Paris, Pocket, coll. Agora, 2015.<\/li>\n<\/ul>\n<h4>Traductions anglaises<\/h4>\n<ul>\n<li>Words of Faith: Prayers of Ostad Elahi, Paris, Robert Laffont, 1995.<\/li>\n<li><em>100 Maxims of Guidance<\/em>, Paris, Robert Laffont, 1995.<\/li>\n<li><em>Knowing the Spirit, <\/em> J. W. Morris, Albany, State University of New York Press, 2007.<\/li>\n<\/ul>\n<h4>Traduction italienne<\/h4>\n<ul>\n<li>Parole di Verit\u00e0, Mondadori, 2016.<\/li>\n<li>Pensieri di Luce, trad.\u00a0Mario Luzi, Milan, Mondadori, 2000.<\/li>\n<\/ul>\n<h4>Traduction allemand<\/h4>\n<ul>\n<li>100 Maximen der F\u00fchrung. Ibera, Wien, 2009.<\/li>\n<\/ul>\n<h4>Traduction turque<\/h4>\n<ul>\n<li>Hakikat S\u00f6zleri, Do\u011fan Kitap, 2017.<\/li>\n<\/ul>\n<h2><\/h2>\n<\/div><div class=\"fusion-sep-clear\"><\/div><div class=\"fusion-separator fusion-full-width-sep\" style=\"margin-left: auto;margin-right: auto;margin-top:40px;margin-bottom:40px;width:100%;\"><div class=\"fusion-separator-border sep-shadow\" style=\"--awb-height:20px;--awb-amount:20px;background:radial-gradient(ellipse at 50% -50% , #e0dede 0px, rgba(255, 255, 255, 0) 80%) repeat scroll 0 0 rgba(0, 0, 0, 0);background:-webkit-radial-gradient(ellipse at 50% -50% , #e0dede 0px, rgba(255, 255, 255, 0) 80%) repeat scroll 0 0 rgba(0, 0, 0, 0);background:-moz-radial-gradient(ellipse at 50% -50% , #e0dede 0px, rgba(255, 255, 255, 0) 80%) repeat scroll 0 0 rgba(0, 0, 0, 0);background:-o-radial-gradient(ellipse at 50% -50% , #e0dede 0px, rgba(255, 255, 255, 0) 80%) repeat scroll 0 0 rgba(0, 0, 0, 0);\"><\/div><\/div><div class=\"fusion-sep-clear\"><\/div><div class=\"fusion-text fusion-text-2\"><h2>S\u00e9lection d\u2019\u00e9tudes sur Ostad Elahi ou divers aspects de sa pens\u00e9e<\/h2>\n<h4>Fran\u00e7ais<\/h4>\n<ul>\n<li>ELAHI Bahram. <em>Fondamentaux du perfectionnement spirituel\u00a0: Le guide pratique<\/em>. Paris\u00a0: Dervy, 2019.<\/li>\n<li>ELAHI Bahram. <em>La Voie de la Perfection\u00a0: Introduction \u00e0 la pens\u00e9e d\u2019Ostad Elahi<\/em>. Paris\u00a0: Albin Michel, 2018.<\/li>\n<li>ANVAR Leili. De la \u00ab Quintessence des religions \u00bb. In\u00a0: Collectif. <em>Quelle sagesse pour notre temps\u00a0?<\/em> Paris\u00a0: L\u2019Harmattan, 2015. (Journ\u00e9es de la solidarit\u00e9 humaine). p. 127-156.<\/li>\n<li>ELAHI Bahram. Pr\u00e9face \u00e0 ELAHI Ostad. <em>Maximes de guidance\u00a0: principes de sagesse universelle<\/em>. Paris\u00a0: Pocket, 2015. (Agora). p. 9-13.<\/li>\n<li>MARIN Soudabeh. Le mal et la maladie de l\u2019\u00e2me chez les moralistes persans : la justice de l\u2019invisible, une th\u00e9rapeutique ? In\u00a0: Collectif. <em>Les Justices de l\u2019Invisible<\/em>. Paris\u00a0: L\u2019Harmattan, 2013. P. 107-144<\/li>\n<li>MARIN Soudabeh. <em>Droit, philosophie et mystique en Iran.<\/em> Volume 1. Ostad Elahi et la tradition. Bruxelles\u00a0: Safran, 2012. (CELO)<\/li>\n<li>MARIN Soudabeh. <em>Droit, philosophie et magistrature en Iran. <\/em>Volume 2. Ostad Elahi et la modernit\u00e9<em>.<\/em> Bruxelles\u00a0: Safran, 2012. (CELO)<\/li>\n<li>DURING \u00c9lie. Qu\u2019est-ce qu\u2019une spiritualit\u00e9 naturelle\u00a0? In\u00a0: Collectif. <em>Spirituel et Rationnel\u00a0: Les alliances paradoxales<\/em>. Paris\u00a0: L\u2019Harmattan, 2011. (Journ\u00e9es de la solidarit\u00e9 humaine). p. 127-155.<\/li>\n<li>ANVAR Leili. <em>Malek J\u00e2n Ne\u2019mati\u00a0: \u00ab La vie n\u2019est pas courte, mais le temps est compt\u00e9 \u00bb<\/em>. Paris\u00a0: Diane de Selliers, 2007.<\/li>\n<li>MARIN Soudabeh. Le proc\u00e8s dans l\u2019Iran moderne\u00a0: le juge entre tradition et modernit\u00e9. In\u00a0: Collectif, sous la direction de RUDE-ANTOINE Edwige. <em>Le proc\u00e8s, enjeu de droit, enjeu de v\u00e9rit\u00e9<\/em>. Presses Universitaires de France, 2007. p. 87-110.<\/li>\n<li>MARIN Soudabeh. <em>V\u00e9rit\u00e9 et jugement\u00a0: Ostad Elahi, juge et philosophe iranien<\/em> <em>(1895\u20131974)<\/em>. Th\u00e8se\u00a0: Histoire du droit et des institutions. Nanterre\u00a0: Universit\u00e9 de Paris-X Nanterre, 2006.<\/li>\n<li>MARIN Soudabeh. Les m\u00e9canismes et les effets de la m\u00e9disance selon Ostad Elahi. In\u00a0: MOUGIN Sylvie. <em>La M\u00e9disance<\/em>. Reims\u00a0: Presses Universitaires de Reims, 2006. p. 519-532.<\/li>\n<li>MARIN Soudabeh. Ostad Elahi et les droits de l\u2019homme : \u00e9thique et modernit\u00e9. In\u00a0: BERNARD Guillaume, CHABOT Jean-Luc, DIDIER Philippe, FERRAND J\u00e9rome. <em>Le Code civil et les droits de l\u2019homme<\/em>. Paris\u00a0: L\u2019Harmattan, 2005. p. 418\u2013434.<\/li>\n<li>MARIN Soudabeh. Une philosophie du droit en Islam ? Un exemple iranien. In\u00a0: <em>Journ\u00e9es de la recherche en th\u00e9orie et philosophie juridiques et politiques<\/em>, p. 23-44, 2005.<\/li>\n<li>MORRIS James Winston. L\u2019\u00e9veil de l\u2019intelligence spirituelle et les dimensions du processus \u00e9thique selon Ostad Elahi. In\u00a0: Collectif. <em>Dieu a-t-il sa place dans l\u2019\u00e9thique\u00a0?<\/em> Paris\u00a0: L\u2019Harmattan, 2002. (Logiques du Spirituel). p. 86-96.<\/li>\n<li>KELLER Carl-Albert. L\u2019enseignement \u00e9thique d\u2019un mystique\u00a0: Ostad Elahi (1895-1974). In\u00a0: Collectif. <em>La Mystique, une \u00e9thique paradoxale\u00a0?<\/em> Paris\u00a0: L\u2019Harmattan, 2002. (Logiques du spirituel). p. 123-132.<\/li>\n<li>MARIN Soudabeh, AMELI Fran\u00e7ois. Le r\u00f4le de la traduction et de l\u2019interpr\u00e9tation du droit en Iran dans la premi\u00e8re moiti\u00e9 du XXe si\u00e8cle : l\u2019exemple d\u2019Ostad Elahi (1895\u20131974). <em>Droit et Cultures<\/em>, 2002, n\u00b044. p. 183\u2013201.<\/li>\n<li>DURING Jean. <em>L\u2019\u00e2me des sons : l\u2019art unique d\u2019Ostad Elahi (1895-1974)<\/em>. Gordes\u00a0: Le Reli\u00e9, 2001.<\/li>\n<li>DURING \u00c9lie. Descartes et Ostad Elahi\u00a0: spiritualit\u00e9 et m\u00e9decine de l\u2019\u00e2me. In <em>L\u2019Esprit cart\u00e9sien (XXVIe Congr\u00e8s de l\u2019Association des Soci\u00e9t\u00e9s de Philosophie de Langue Fran\u00e7aise), vol. 2<\/em>. Paris\u00a0: Vrin, 2000. p. 538-542.<\/li>\n<li>ELAHI Bahram. <em>M\u00e9decine de l\u2019\u00e2me\u00a0: ou l\u2019\u00e9thique originelle<\/em>. Paris\u00a0: Dervy, 2000.<\/li>\n<li>ELAHI Bahram. <em>La spiritualit\u00e9 est une science\u00a0: fondements de la spiritualit\u00e9 naturelle<\/em>. Paris\u00a0: Dervy, 1997.<\/li>\n<li>ELAHI Bahram. <em>Fondements de la Spiritualit\u00e9 Naturelle\u00a0: Contribution \u00e0 l\u2019\u00e9tude des droits et devoirs m\u00e9taphysiques de l\u2019homme<\/em>. Paris\u00a0: Dervy, 1996.<\/li>\n<li>ELAHI Bahram. Le spirituel dans la pens\u00e9e d\u2019Ostad Elahi. In\u00a0: <em>Le Spirituel\u00a0: Pluralit\u00e9 et Unit\u00e9<\/em>. Paris\u00a0: Cahiers d\u2019anthropologie religieuse, n\u00b05, sous la direction de MESLIN Michel, Presses de l\u2019Universit\u00e9 Paris-Sorbonne, 1996. p. 128-133.<\/li>\n<li>CHOURAQUI Andr\u00e9. De l\u2019unit\u00e9 des religions et Conclusion. In\u00a0: <em>Le Spirituel\u00a0: Pluralit\u00e9 et Unit\u00e9<\/em>. Paris\u00a0: Cahiers d\u2019anthropologie religieuse, n\u00b05, sous la direction de MESLIN Michel, Presses de l\u2019Universit\u00e9 Paris-Sorbonne, 1996. p. 25-33, 187-188.<\/li>\n<li>DURING Jean. La musique d\u2019Ostad Elahi. In\u00a0: <em>Le Spirituel\u00a0: Pluralit\u00e9 et Unit\u00e9<\/em>. Paris\u00a0: Cahiers d\u2019anthropologie religieuse, n\u00b05, sous la direction de MESLIN Michel, Presses de l\u2019Universit\u00e9 Paris-Sorbonne, 1996. p. 147-155.<\/li>\n<li>MORRIS James Winston. La pens\u00e9e d\u2019Ostad Elahi. In\u00a0: <em>Le Spirituel\u00a0: Pluralit\u00e9 et Unit\u00e9<\/em>. Paris\u00a0: Cahiers d\u2019anthropologie religieuse, n\u00b05, sous la direction de MESLIN Michel, Presses de l\u2019Universit\u00e9 Paris-Sorbonne, 1996. p. 137-146.<\/li>\n<li>CHAZOULE Olivier. \u00c9thique professionnelle d\u2019Ostad Elahi. In\u00a0: <em>Le Spirituel\u00a0: Pluralit\u00e9 et Unit\u00e9<\/em>. Paris\u00a0: Cahiers d\u2019anthropologie religieuse, n\u00b05, sous la direction de MESLIN Michel, Presses de l\u2019Universit\u00e9 Paris-Sorbonne, 1996. p. 156-160.<\/li>\n<li>DURING Jean. <em>Musique et mystique dans les traditions de l\u2019Iran<\/em>. T\u00e9h\u00e9ran\/Louvain\u00a0: Institut fran\u00e7ais de recherche en Iran\/Peeters, 1989.<\/li>\n<li>ELAHI Bahram. <em>Le Chemin de la lumi\u00e8re\u00a0: La voie de Nur\u2019 Ali El\u00e2hi<\/em>. Paris\u00a0: Albin Michel, 1985.<\/li>\n<\/ul>\n<h4>Anglais<\/h4>\n<ul>\n<li><i>Fundamentals of the Process of Spiritual Perfection: A Practical Guide<\/i>. By Bahram Elahi, MD. (New York: Monkfish Book Publishing Company, 2022). ISBN 978-1-948626-61-3<\/li>\n<li><em>Malak Jan Nemati: Life Isn\u2019t Short, but Time Is Limited<\/em>. By Leili Anvar. (New York: Arpeggio Press, 2012).\u00a0ISBN 978-0-9834320-2-9<\/li>\n<li><em>Self-knowledge and the practice of ethics: Ostad Elahi\u2019s concept of the \u201cimperious self\u201d<\/em>. During, E. (2011). Annals of the New York Academy of Sciences, 1234: 149\u2013157. doi: 10.1111\/j.1749-6632.2011.06203.x<\/li>\n<li><em>Shifting Perspectives: Changing Your Outlook for Positive Results<\/em>. By Olivier Brizevac and Emmanuel Comte, translated by Benjamin Ivry. (New York: Paraview, 2007)\u00a0ISBN 978-0-9764986-5-0<\/li>\n<li><em>Unicity: A <\/em><em>Collection of Photographs of Ostad Elahi 1895-1974<\/em> [Centennial Commemoration Volume], Paris: Robert Laffont, 1995.<\/li>\n<li>Algar, H. , Morris, J. W., et During, J., \u00ab\u00a0El\u00e2h\u012b, H\u0101jj N\u016br \u2019Ali\u00a0\u00bb, dans <em>Encyclop\u00e6dia Iranica<\/em>, vol. 8(3), 1998, p. 297-301.<\/li>\n<li>Anvar, Leili, <em>Malak Jan Nemati: Life Isn\u2019t Short, but Time Is Limited<\/em>, New York, Arpeggio Press, 2012.<\/li>\n<li>During, \u00c9lie, \u00ab\u00a0Self-knowledge and the practice of ethics: Ostad Elahi\u2019s concept of the \u00ab\u00a0imperious self\u00a0\u00bb\u00a0\u00bb, <em>Annals of the New-York Academy of Sciences<\/em>, vol. 1234, 2011, p. 149-157.<\/li>\n<li>During, Jean, <em>The Spirit of Sounds: The Unique Art of Ostad Elahi (1895-1974)<\/em>, trad.\u00a0Albert Gastaldi, New York, Cornwall Books, 2003.<\/li>\n<li>Elahi, Bahram, <em>The Way of Light<\/em>, Dorset, Element Books, 1993.<\/li>\n<li><em>Foundations of Natural Spirituality: A Scientific Approach to the Nature of the Spiritual Self<\/em>, Dorset, Element Books, 1998.<\/li>\n<li><em>Spirituality is a Science: Foundations of Natural Spirituality<\/em>, New York, Cornwall Books, 1999.<\/li>\n<li><em>Medicine of the Soul: Foundations of Natural Spirituality, <\/em>New York, Cornwall Books, 2001.<\/li>\n<li><em>The Path of Perfection<\/em>, New York, Paraview, 2005.<\/li>\n<li>Morris, James, Orientations: Islamic Thought in a World Civilization, London, Archetype, 2004.<\/li>\n<li>\u00ab\u00a0Ostad Elahi and Hajji Ni\u2018mat: Master and Disciple, Father and Son\u00a0\u00bb, dans <em>Tales of God\u2019s Friends: Islamic Hagiography in Translation<\/em>, J. Renard dir., Berkeley, University of California Press, 2009, p. 100-114.<\/li>\n<li><em>Ostad Elahi on spirituality in everyday life<\/em>, Kuala Lumpur, Centre for Civilisational Dialogue, Univeristy of Malaya, 2009.<\/li>\n<li>Weightman, Simon C.\u00a0R., \u00ab\u00a0The significance of Kitab Burhan al-Haqq\u00a0\u00bb, <em>Journal of the British Institute of Persian Studies<\/em>, vol. 2, 1964, p.\u00a083-103.<\/li>\n<\/ul>\n<h4>Allemand<\/h4>\n<ul>\n<li>Grundlagen Nat\u00fcrlicher Spiritualit\u00e4t, Wien, Ibera Verlag, 1999.<\/li>\n<li>Spiritualit\u00e4t ist eine Wissenschaft, Wien, Ibera Verlag, 2001.<\/li>\n<li>Malek Jan Nemati, Das Leben ist nicht kurz, nur unsere Tage sind gez\u00e4hlt. Leili Anvar. Ibera, Wien, 2007<\/li>\n<\/ul>\n<h4>Italien<\/h4>\n<ul>\n<li><i>La Via della Perfezione.\u00a0Introduzione al pensiero di Ostad Elahi.<\/i>\u00a0Di Bahram Elahi. (Mondadori, 2020) ISBN 978-88-91829-01-6<\/li>\n<li><em>Malek Jan Ne\u2019mati: La vita non \u00e8 breve ma il nostro tempo \u00e8 limitato<\/em>. Di Leili Anvar. (Empir\u00eca, Roma 2010). ISBN 978-88-96218-09-9<\/li>\n<li>During, Elie \u00ab\u00a0In che cosa consiste una pratica etica?\u00a0\u00bb, in S. Sangalli (dir.),\u00a0<em>Dialoghi di Pratica Etica<\/em>, Rome, Universit\u00e0 LUISS, 2014, p.\u00a013-41.<\/li>\n<li>\u00ab\u00a0Unit\u00e0 e pluralit\u00e0 dei principi etici universali: \u201cNon fare agli altri\u2026\u201d\u00a0\u00bb, in S. Sangalli (dir.),\u00a0<em>Dialoghi di Pratica Etica<\/em>, vol.\u00a02, Rome, Universit\u00e0 LUISS, 2014.<\/li>\n<li>Elahi Bahram, <em>La Via della Perfezione<\/em>, trad. Paola Ricciulli, Roma, Astrolabio Ubaldini, 2004.<\/li>\n<\/ul>\n<h4>Polonais<\/h4>\n<ul>\n<li>Elahi Bahram, <em>Droga do doskona\u0142o\u015bci<\/em>, Warszawa, Nowe Wydawnictwo Polskie, 1991.<\/li>\n<\/ul>\n<h4>Grec<\/h4>\n<ul>\n<li>Elahi Bahram, <em>\u0389<\/em> <em>\u1f41<\/em><em>\u03b4<\/em><em>\u1f78<\/em><em>\u03c2<\/em> <em>\u03c4<\/em><em>\u1fc6<\/em><em>\u03c2<\/em> <em>\u03c4\u03b5\u03bb\u03b5\u03b9\u03cc\u03c4\u03b7\u03c4\u03b1\u03c2<\/em>, Ath\u00e8nes, \u0395\u03ba\u03ac\u03c4\u03b7, 1994.<\/li>\n<\/ul>\n<\/div><div class=\"fusion-clearfix\"><\/div><\/div><\/div><\/div><\/div>\n","protected":false},"excerpt":{"rendered":"","protected":false},"author":1,"featured_media":0,"parent":2067,"menu_order":2,"comment_status":"closed","ping_status":"closed","template":"side-navigation.php","meta":{"footnotes":""},"class_list":["post-1288","page","type-page","status-publish","hentry"],"yoast_head":"<!-- This site is optimized with the Yoast SEO plugin v20.3 - https:\/\/yoast.com\/wordpress\/plugins\/seo\/ -->\n<title>Bibliographie - Ostad Elahi<\/title>\n<meta name=\"robots\" content=\"index, follow, max-snippet:-1, max-image-preview:large, max-video-preview:-1\" \/>\n<link rel=\"canonical\" href=\"https:\/\/ostadelahi.com\/fr\/loeuvre\/ressources\/bibliographie\/\" \/>\n<meta property=\"og:locale\" content=\"fr_FR\" \/>\n<meta property=\"og:type\" content=\"article\" \/>\n<meta property=\"og:title\" content=\"Bibliographie - Ostad Elahi\" \/>\n<meta property=\"og:url\" content=\"https:\/\/ostadelahi.com\/fr\/loeuvre\/ressources\/bibliographie\/\" \/>\n<meta property=\"og:site_name\" content=\"Ostad Elahi\" \/>\n<meta property=\"article:modified_time\" content=\"2023-03-21T17:27:04+00:00\" \/>\n<meta name=\"twitter:card\" content=\"summary_large_image\" \/>\n<meta name=\"twitter:label1\" content=\"Dur\u00e9e de lecture estim\u00e9e\" \/>\n\t<meta name=\"twitter:data1\" content=\"7 minutes\" \/>\n<script type=\"application\/ld+json\" class=\"yoast-schema-graph\">{\"@context\":\"https:\/\/schema.org\",\"@graph\":[{\"@type\":\"WebPage\",\"@id\":\"https:\/\/ostadelahi.com\/fr\/loeuvre\/ressources\/bibliographie\/\",\"url\":\"https:\/\/ostadelahi.com\/fr\/loeuvre\/ressources\/bibliographie\/\",\"name\":\"Bibliographie - Ostad Elahi\",\"isPartOf\":{\"@id\":\"https:\/\/ostadelahi.com\/#website\"},\"datePublished\":\"2013-01-22T17:51:12+00:00\",\"dateModified\":\"2023-03-21T17:27:04+00:00\",\"breadcrumb\":{\"@id\":\"https:\/\/ostadelahi.com\/fr\/loeuvre\/ressources\/bibliographie\/#breadcrumb\"},\"inLanguage\":\"fr-FR\",\"potentialAction\":[{\"@type\":\"ReadAction\",\"target\":[\"https:\/\/ostadelahi.com\/fr\/loeuvre\/ressources\/bibliographie\/\"]}]},{\"@type\":\"BreadcrumbList\",\"@id\":\"https:\/\/ostadelahi.com\/fr\/loeuvre\/ressources\/bibliographie\/#breadcrumb\",\"itemListElement\":[{\"@type\":\"ListItem\",\"position\":1,\"name\":\"Home\",\"item\":\"https:\/\/ostadelahi.com\/fr\/\"},{\"@type\":\"ListItem\",\"position\":2,\"name\":\"L&#8217;\u0153uvre\",\"item\":\"https:\/\/ostadelahi.com\/works\/\"},{\"@type\":\"ListItem\",\"position\":3,\"name\":\"Ressources\",\"item\":\"https:\/\/ostadelahi.com\/works\/resources\/\"},{\"@type\":\"ListItem\",\"position\":4,\"name\":\"Bibliographie\"}]},{\"@type\":\"WebSite\",\"@id\":\"https:\/\/ostadelahi.com\/#website\",\"url\":\"https:\/\/ostadelahi.com\/\",\"name\":\"Ostad Elahi\",\"description\":\"The official website on the life, work, and music of Ostad Elahi (1895-1974).\",\"potentialAction\":[{\"@type\":\"SearchAction\",\"target\":{\"@type\":\"EntryPoint\",\"urlTemplate\":\"https:\/\/ostadelahi.com\/?s={search_term_string}\"},\"query-input\":\"required name=search_term_string\"}],\"inLanguage\":\"fr-FR\"}]}<\/script>\n<!-- \/ Yoast SEO plugin. -->","yoast_head_json":{"title":"Bibliographie - Ostad Elahi","robots":{"index":"index","follow":"follow","max-snippet":"max-snippet:-1","max-image-preview":"max-image-preview:large","max-video-preview":"max-video-preview:-1"},"canonical":"https:\/\/ostadelahi.com\/fr\/loeuvre\/ressources\/bibliographie\/","og_locale":"fr_FR","og_type":"article","og_title":"Bibliographie - Ostad Elahi","og_url":"https:\/\/ostadelahi.com\/fr\/loeuvre\/ressources\/bibliographie\/","og_site_name":"Ostad Elahi","article_modified_time":"2023-03-21T17:27:04+00:00","twitter_card":"summary_large_image","twitter_misc":{"Dur\u00e9e de lecture estim\u00e9e":"7 minutes"},"schema":{"@context":"https:\/\/schema.org","@graph":[{"@type":"WebPage","@id":"https:\/\/ostadelahi.com\/fr\/loeuvre\/ressources\/bibliographie\/","url":"https:\/\/ostadelahi.com\/fr\/loeuvre\/ressources\/bibliographie\/","name":"Bibliographie - Ostad Elahi","isPartOf":{"@id":"https:\/\/ostadelahi.com\/#website"},"datePublished":"2013-01-22T17:51:12+00:00","dateModified":"2023-03-21T17:27:04+00:00","breadcrumb":{"@id":"https:\/\/ostadelahi.com\/fr\/loeuvre\/ressources\/bibliographie\/#breadcrumb"},"inLanguage":"fr-FR","potentialAction":[{"@type":"ReadAction","target":["https:\/\/ostadelahi.com\/fr\/loeuvre\/ressources\/bibliographie\/"]}]},{"@type":"BreadcrumbList","@id":"https:\/\/ostadelahi.com\/fr\/loeuvre\/ressources\/bibliographie\/#breadcrumb","itemListElement":[{"@type":"ListItem","position":1,"name":"Home","item":"https:\/\/ostadelahi.com\/fr\/"},{"@type":"ListItem","position":2,"name":"L&#8217;\u0153uvre","item":"https:\/\/ostadelahi.com\/works\/"},{"@type":"ListItem","position":3,"name":"Ressources","item":"https:\/\/ostadelahi.com\/works\/resources\/"},{"@type":"ListItem","position":4,"name":"Bibliographie"}]},{"@type":"WebSite","@id":"https:\/\/ostadelahi.com\/#website","url":"https:\/\/ostadelahi.com\/","name":"Ostad Elahi","description":"The official website on the life, work, and music of Ostad Elahi (1895-1974).","potentialAction":[{"@type":"SearchAction","target":{"@type":"EntryPoint","urlTemplate":"https:\/\/ostadelahi.com\/?s={search_term_string}"},"query-input":"required name=search_term_string"}],"inLanguage":"fr-FR"}]}},"_links":{"self":[{"href":"https:\/\/ostadelahi.com\/fr\/wp-json\/wp\/v2\/pages\/1288","targetHints":{"allow":["GET"]}}],"collection":[{"href":"https:\/\/ostadelahi.com\/fr\/wp-json\/wp\/v2\/pages"}],"about":[{"href":"https:\/\/ostadelahi.com\/fr\/wp-json\/wp\/v2\/types\/page"}],"author":[{"embeddable":true,"href":"https:\/\/ostadelahi.com\/fr\/wp-json\/wp\/v2\/users\/1"}],"replies":[{"embeddable":true,"href":"https:\/\/ostadelahi.com\/fr\/wp-json\/wp\/v2\/comments?post=1288"}],"version-history":[{"count":8,"href":"https:\/\/ostadelahi.com\/fr\/wp-json\/wp\/v2\/pages\/1288\/revisions"}],"predecessor-version":[{"id":12724,"href":"https:\/\/ostadelahi.com\/fr\/wp-json\/wp\/v2\/pages\/1288\/revisions\/12724"}],"up":[{"embeddable":true,"href":"https:\/\/ostadelahi.com\/fr\/wp-json\/wp\/v2\/pages\/2067"}],"wp:attachment":[{"href":"https:\/\/ostadelahi.com\/fr\/wp-json\/wp\/v2\/media?parent=1288"}],"curies":[{"name":"wp","href":"https:\/\/api.w.org\/{rel}","templated":true}]}}