{"id":1225,"date":"2013-01-21T03:47:35","date_gmt":"2013-01-21T08:47:35","guid":{"rendered":"https:\/\/ostadelahi.com\/?page_id=1225"},"modified":"2017-09-05T14:16:54","modified_gmt":"2017-09-05T19:16:54","slug":"interview-du-pr-bahram-elahi","status":"publish","type":"page","link":"https:\/\/ostadelahi.com\/fr\/la-pensee\/articles-et-entretiens\/interview-du-pr-bahram-elahi\/","title":{"rendered":"Interview du Pr. Bahram Elahi"},"content":{"rendered":"<div class=\"fusion-fullwidth fullwidth-box fusion-builder-row-1 nonhundred-percent-fullwidth non-hundred-percent-height-scrolling\" style=\"--awb-border-radius-top-left:0px;--awb-border-radius-top-right:0px;--awb-border-radius-bottom-right:0px;--awb-border-radius-bottom-left:0px;\" ><div class=\"fusion-builder-row fusion-row\"><div class=\"fusion-layout-column fusion_builder_column fusion-builder-column-0 fusion_builder_column_1_1 1_1 fusion-one-full fusion-column-first fusion-column-last\" style=\"--awb-bg-size:cover;--awb-margin-bottom:0px;\"><div class=\"fusion-column-wrapper fusion-flex-column-wrapper-legacy\"><div class=\"fusion-text fusion-text-1\"><div class=\"the-content cf\">\n<p>Interview du Professeur Bahram Elahi, fils d\u2019Ostad Elahi, \u00e0 l\u2019occasion de la parution de son ouvrage intitul\u00e9 <em>Fondements de la spiritualit\u00e9 naturelle<\/em> (paru dans <em>L\u2019\u00catre et l\u2019esprit<\/em>, d\u00e9cembre 1997).<\/p>\n<p><strong><em>Bahram Elahi, vous exprimez dans votre ouvrage Fondements de la spiritualit\u00e9 naturelle une approche r\u00e9volutionnaire de la spiritualit\u00e9 par rapport \u00e0 la fa\u00e7on dont elle est souvent per\u00e7ue aujourd\u2019hui. Pourriez-vous r\u00e9sumer ce en quoi consiste la spiritualit\u00e9 pour vous\u00a0?<\/em><\/strong><\/p>\n<p>La spiritualit\u00e9 est la connaissance qui permet \u00e0 l\u2019homme d\u2019atteindre sa perfection, c\u2019est-\u00e0-dire cet \u00e9tat o\u00f9 se trouve accomplie sa nature primordiale. Il s\u2019agit en quelque sorte d\u2019une science exp\u00e9rimentale compl\u00e8te qui peut nous conduire \u00e0 la juste connaissance de nos droits et devoirs, qui selon moi, est la cl\u00e9 de toute spiritualit\u00e9 authentique. Dans cette optique, c\u2019est avec un \u00e9tat d\u2019esprit scientifique que la spiritualit\u00e9 doit \u00eatre abord\u00e9e\u00a0; comme dans toute science exp\u00e9rimentale, il s\u2019agit donc d\u2019apprendre pas \u00e0 pas, de comprendre, pratiquer, passer des \u00e9preuves, \u00ab\u00a0absorber\u200e\u00a0\u00bb, \u00ab\u00a0assimiler\u200e\u00a0\u00bb et progresser ainsi jusqu\u2019\u00e0 la connaissance totale de notre \u00ab\u00a0soi\u200e\u00a0\u00bb et des lois qui d\u00e9terminent son devenir. Bien \u00e9videmment, ce cheminement ne s\u2019arr\u00eate pas \u00e0 la mort du corps physique qui n\u2019est qu\u2019un outil provisoire, mais absolument n\u00e9cessaire, pour construire les fondations de notre d\u00e9veloppement.<\/p>\n<p>Si nous parlons de spiritualit\u00e9 naturelle, c\u2019est parce que la spiritualit\u00e9 ne peut conduire \u00e0 l\u2019accomplissement de l\u2019humain qu\u2019\u00e0 la condition d\u2019\u00eatre adapt\u00e9e \u00e0 la nature r\u00e9elle de l\u2019homme ainsi qu\u2019\u00e0 ses besoins spirituels authentiques. Comme le corps, l\u2019\u00e2me humaine a besoin de nourriture. Mais de m\u00eame qu\u2019il existe des nourritures nocives pour le corps, il existe des nourritures spirituelles empoisonn\u00e9es. Par exemple, si nous mettons en pratique un principe divin falsifi\u00e9 ou si nous croyons en un principe qui n\u2019est pas d\u2019origine divine, nous empoisonnons notre moi m\u00e9taphysique. Ce qu\u2019il importe de conna\u00eetre, c\u2019est donc une spiritualit\u00e9 apte \u00e0 nourrir sainement l\u2019esprit des hommes afin d\u2019assurer \u00e0 cet esprit une maturation progressive et une croissance naturelle. Et c\u2019est \u00e0 ce besoin que r\u00e9pond la spiritualit\u00e9 naturelle, en nous instruisant des principes divins originels adapt\u00e9s \u00e0 la nature de notre moi r\u00e9el.<\/p>\n<p>Ces principes peuvent se r\u00e9sumer en quelques r\u00e8gles apparemment tr\u00e8s simples et qui n\u2019impliquent l\u2019adh\u00e9sion \u00e0 aucune doctrine spirituelle ou religieuse en particulier. Lutter contre nos points faibles jusqu\u2019\u00e0 ce que nous parvenions \u00e0 \u00e9tablir un \u00e9quilibre parfait entre l\u2019exc\u00e8s et le d\u00e9faut (la perfection). Avoir constamment le Cr\u00e9ateur (bienveillant et \u00e9ducateur) pr\u00e9sent \u00e0 l\u2019esprit et vouloir en toute chose \u00eatre en accord avec Lui. Vouloir dire et agir en bien envers les autres, ce qui implique le respect des droits d\u2019autrui. Appliquer les principes fondamentaux de l\u2019\u00e9thique et de la religion, car ce sont eux qui engendrent l\u2019ordre et la paix des soci\u00e9t\u00e9s. \u00c9tablir un \u00e9quilibre entre notre vie spirituelle et notre vie mat\u00e9rielle, ce qui implique vivre dans la soci\u00e9t\u00e9 et avec la soci\u00e9t\u00e9 et \u00e0 cette fin, assumer soi-m\u00eame, par son propre travail, sa vie mat\u00e9rielle.<\/p>\n<p><strong><em>Dans ce processus de perfectionnement, quelle est l\u2019utilit\u00e9 de la foi en Dieu\u00a0?<\/em><\/strong><\/p>\n<p>Nous venons de dire que la spiritualit\u00e9 a pour fonction de d\u00e9velopper harmonieusement l\u2019esprit de l\u2019homme afin qu\u2019il puisse accomplir sa nature primordiale et parvenir \u00e0 sa perfection.<\/p>\n<p>Dans ce processus, la foi est d\u2019abord indispensable pour nous donner la motivation de nous d\u00e9velopper. En effet, la foi peut se d\u00e9finir comme une attraction vers la transcendance, vers le divin. En ce sens, plus nous avons la foi, plus nous sommes attir\u00e9s par cette transcendance et plus nous avons le d\u00e9sir de nous d\u00e9velopper. Toutefois, \u00e9tant d\u2019origine m\u00e9taphysique, seule l\u2019\u00e9nergie m\u00e9taphysique d\u00e9gag\u00e9e par Dieu vrai peut favoriser ce d\u00e9veloppement. Et pour capter cette \u00e9nergie m\u00e9taphysique, il nous faut pratiquer une m\u00e9ditation naturelle, c\u2019est-\u00e0-dire consid\u00e9rer \u00e0 tout instant que Dieu est pr\u00e9sent et nous efforcer en permanence d\u2019agir conform\u00e9ment \u00e0 son contentement. C\u2019est la connaissance des principes de base, puis de leur application aux innombrables situations et cas complexes auxquels la vie nous confronte qui nous donnera peu \u00e0 peu l\u2019exp\u00e9rience de ce qui, en toute chose, contente Dieu.<\/p>\n<p>En spiritualit\u00e9, la foi est \u00e9galement n\u00e9cessaire afin que nous puissions trouver l\u2019enseignement adapt\u00e9 \u00e0 un d\u00e9veloppement harmonieux de notre dimension spirituelle. Car si le Cr\u00e9ateur s\u2019est fait un devoir de toujours tendre une corde de guidance sur la terre, il existe \u00e9galement des forces tentatrices qui tendent elles aussi leur corde. Comment allons-nous distinguer la vraie corde des fausses\u00a0? L\u00e0 encore, seule la foi peut nous permettre de saisir la bonne corde, celle qui nous permettra de sortir du \u00ab\u00a0ravin\u200e\u00a0\u00bb dans lequel nous sommes actuellement pour nous conduire \u00e0 la perfection. Mais attention quand nous parlons ici de foi, nous parlons de foi pure et sinc\u00e8re en Dieu vrai \u2013 c\u2019est-\u00e0-dire Dieu tel qu\u2019il est vraiment et non tel que nous L\u2019imaginons. En effet, si notre foi n\u2019est pas sinc\u00e8re ou si nous avons foi en un faux Dieu, nous perdons en r\u00e9alit\u00e9 les b\u00e9n\u00e9fices de la foi.<\/p>\n<p>Ainsi, pour cro\u00eetre et se d\u00e9velopper, l\u2019\u00eatre humain a besoin de ce qu\u2019on a appel\u00e9 la lumi\u00e8re et la chaleur divine. La lumi\u00e8re divine est le savoir divin, c\u2019est-\u00e0-dire les prescriptions d\u2019origine divine dont la compr\u00e9hension et l\u2019assimilation par la mise en pratique dans la vie de tous les jours sont indispensables au d\u00e9veloppement de l\u2019homme. La chaleur est l\u2019amour que nous avons pour notre cr\u00e9ateur et qui cr\u00e9e en nous la motivation n\u00e9cessaire pour pratiquer ces prescriptions jusqu\u2019\u00e0 nous en nourrir. Or, pour capter naturellement, c\u2019est-\u00e0-dire dans les bonnes proportions, ni trop, ni trop peu, la lumi\u00e8re et la chaleur divines, il est indispensable d\u2019avoir la foi en Dieu.<\/p>\n<p>En r\u00e9alit\u00e9, la foi en Dieu est indispensable \u00e0 toutes les \u00e9tapes du cheminement et du travail spirituel. Elle constitue une barri\u00e8re solide contre les \u00e9l\u00e9ments pathog\u00e8nes qui menacent \u00e0 tout instant d\u2019attaquer l\u2019\u00e2me et de l\u2019affaiblir. Elle intervient aussi massivement dans le processus qui conduit l\u2019homme \u00e0 la ma\u00eetrise de ses points faibles. Elle permet en effet de neutraliser les effets secondaires (comme par exemple la cr\u00e9ation de complexes) engendr\u00e9s par la lutte contre un point faible\u00a0; c\u2019est \u00e9galement elle qui attire l\u2019aide divine sans laquelle il est impossible de ma\u00eetriser durablement un point faible, voire de le gommer d\u00e9finitivement. Ainsi, la foi sinc\u00e8re en Dieu vrai se pr\u00e9sente comme le v\u00e9ritable pilier du perfectionnement spirituel.<\/p>\n<p><strong><em>Vous semblez ainsi accorder une importance toute particuli\u00e8re \u00e0 une pratique au quotidien de la spiritualit\u00e9. Concr\u00e8tement, qu\u2019est-ce que cela signifie\u00a0?<\/em><\/strong><\/p>\n<p>Traditionnellement, la spiritualit\u00e9 a souvent \u00e9t\u00e9 per\u00e7ue comme une activit\u00e9 s\u2019effectuant en marge de la soci\u00e9t\u00e9. Mais en fait, il n\u2019y a pas de contradiction entre spiritualit\u00e9 et vie sociale. Car si la spiritualit\u00e9 a pour but le perfectionnement de l\u2019\u00e2me, o\u00f9 peut-on mieux d\u00e9velopper en soi les qualit\u00e9s positives de l\u2019humain que dans la confrontation perp\u00e9tuelle \u00e0 ses semblables, c\u2019est-\u00e0-dire en menant une vie active dans et avec la soci\u00e9t\u00e9\u00a0? De ce point de vue, tout devient spirituel et on n\u2019a plus besoin de consacrer \u00e0 la spiritualit\u00e9 un lieu et un temps particulier pourvu qu\u2019en toutes choses et en tous lieux, on consid\u00e8re le point de vue spirituel et qu\u2019on s\u2019efforce, au quotidien, de penser et d\u2019agir selon les principes spirituels naturels.<\/p>\n<p>La spiritualit\u00e9 au quotidien, c\u2019est d\u2019abord ne se savoir jamais seul, ne jamais se sentir abandonn\u00e9 \u00e0 soi-m\u00eame, avoir constamment le Cr\u00e9ateur pr\u00e9sent \u00e0 l\u2019esprit, et vouloir \u00eatre en toute chose en accord avec Lui. Cette m\u00e9ditation naturelle qui doit accompagner tous les actes de la vie, cr\u00e9e en nous une \u00e9nergie positive, motivante et mobilisatrice. Elle d\u00e9veloppe une attention \u00e0 soi et aux autres, une confiance en soi et en Dieu, et nous procure une assurance et une s\u00e9r\u00e9nit\u00e9 int\u00e9rieures. Elle \u00e9largit et approfondit notre champ de conscience et nous am\u00e8ne peu \u00e0 peu \u00e0 la compr\u00e9hension de nos questions.<\/p>\n<p>La spiritualit\u00e9 au quotidien, c\u2019est \u00e9galement s\u2019efforcer \u00e0 tout instant, que ce soit au travail, au sein de sa famille, et avec toute personne en g\u00e9n\u00e9ral, \u00e0 respecter les droits de l\u2019autre, c\u2019est-\u00e0-dire vouloir pour autrui ce que l\u2019on veut pour soi, tout en sachant par ailleurs d\u00e9fendre ses propres droits quand il le faut.<\/p>\n<p>La spiritualit\u00e9 au quotidien, c\u2019est comprendre que le mal n\u2019est pas cr\u00e9ationnel et que son existence est due au dysfonctionnement des \u00eatres responsables, tel l\u2019homme. \u00c0 partir de l\u00e0, on comprend qu\u2019il est de notre devoir de lutter contre le mal, mais qu\u2019il n\u2019est pas juste de voir les hommes en mal et de leur vouloir du mal. C\u2019est alors que le pardon peut prendre un sens, qu\u2019on apprend la tol\u00e9rance et la compassion.<\/p>\n<p>La spiritualit\u00e9 au quotidien, c\u2019est en r\u00e9alit\u00e9 toute la spiritualit\u00e9, car c\u2019est au quotidien qu\u2019on peut la pratiquer et l\u2019assimiler, par une attention constante \u00e0 soi, aux autres et au Cr\u00e9ateur.<\/p>\n<\/div>\n<\/div><div class=\"fusion-clearfix\"><\/div><\/div><\/div><\/div><\/div>\n","protected":false},"excerpt":{"rendered":"","protected":false},"author":1,"featured_media":0,"parent":2059,"menu_order":1,"comment_status":"open","ping_status":"closed","template":"side-navigation.php","meta":{"footnotes":""},"class_list":["post-1225","page","type-page","status-publish","hentry"],"yoast_head":"<!-- This site is optimized with the Yoast SEO plugin v20.3 - https:\/\/yoast.com\/wordpress\/plugins\/seo\/ -->\n<title>Interview du Pr. Bahram Elahi - Ostad Elahi<\/title>\n<meta name=\"robots\" content=\"index, follow, max-snippet:-1, max-image-preview:large, max-video-preview:-1\" \/>\n<link rel=\"canonical\" href=\"https:\/\/ostadelahi.com\/philosophy\/articles-interviews\/interview-with-bahram-elahi-md\/\" \/>\n<meta property=\"og:locale\" content=\"fr_FR\" \/>\n<meta property=\"og:type\" content=\"article\" \/>\n<meta property=\"og:title\" content=\"Interview du Pr. Bahram Elahi - Ostad Elahi\" \/>\n<meta property=\"og:url\" content=\"https:\/\/ostadelahi.com\/philosophy\/articles-interviews\/interview-with-bahram-elahi-md\/\" \/>\n<meta property=\"og:site_name\" content=\"Ostad Elahi\" \/>\n<meta property=\"article:modified_time\" content=\"2017-09-05T19:16:54+00:00\" \/>\n<meta name=\"twitter:card\" content=\"summary_large_image\" \/>\n<meta name=\"twitter:label1\" content=\"Dur\u00e9e de lecture estim\u00e9e\" \/>\n\t<meta name=\"twitter:data1\" content=\"9 minutes\" \/>\n<script type=\"application\/ld+json\" class=\"yoast-schema-graph\">{\"@context\":\"https:\/\/schema.org\",\"@graph\":[{\"@type\":\"WebPage\",\"@id\":\"https:\/\/ostadelahi.com\/philosophy\/articles-interviews\/interview-with-bahram-elahi-md\/\",\"url\":\"https:\/\/ostadelahi.com\/philosophy\/articles-interviews\/interview-with-bahram-elahi-md\/\",\"name\":\"Interview du Pr. Bahram Elahi - Ostad Elahi\",\"isPartOf\":{\"@id\":\"https:\/\/ostadelahi.com\/#website\"},\"datePublished\":\"2013-01-21T08:47:35+00:00\",\"dateModified\":\"2017-09-05T19:16:54+00:00\",\"breadcrumb\":{\"@id\":\"https:\/\/ostadelahi.com\/philosophy\/articles-interviews\/interview-with-bahram-elahi-md\/#breadcrumb\"},\"inLanguage\":\"fr-FR\",\"potentialAction\":[{\"@type\":\"ReadAction\",\"target\":[\"https:\/\/ostadelahi.com\/philosophy\/articles-interviews\/interview-with-bahram-elahi-md\/\"]}]},{\"@type\":\"BreadcrumbList\",\"@id\":\"https:\/\/ostadelahi.com\/philosophy\/articles-interviews\/interview-with-bahram-elahi-md\/#breadcrumb\",\"itemListElement\":[{\"@type\":\"ListItem\",\"position\":1,\"name\":\"Home\",\"item\":\"https:\/\/ostadelahi.com\/fr\/\"},{\"@type\":\"ListItem\",\"position\":2,\"name\":\"La pens\u00e9e\",\"item\":\"https:\/\/ostadelahi.com\/philosophy\/\"},{\"@type\":\"ListItem\",\"position\":3,\"name\":\"Articles\",\"item\":\"https:\/\/ostadelahi.com\/philosophy\/articles-interviews\/\"},{\"@type\":\"ListItem\",\"position\":4,\"name\":\"Interview du Pr. Bahram Elahi\"}]},{\"@type\":\"WebSite\",\"@id\":\"https:\/\/ostadelahi.com\/#website\",\"url\":\"https:\/\/ostadelahi.com\/\",\"name\":\"Ostad Elahi\",\"description\":\"The official website on the life, work, and music of Ostad Elahi (1895-1974).\",\"potentialAction\":[{\"@type\":\"SearchAction\",\"target\":{\"@type\":\"EntryPoint\",\"urlTemplate\":\"https:\/\/ostadelahi.com\/?s={search_term_string}\"},\"query-input\":\"required name=search_term_string\"}],\"inLanguage\":\"fr-FR\"}]}<\/script>\n<!-- \/ Yoast SEO plugin. -->","yoast_head_json":{"title":"Interview du Pr. Bahram Elahi - Ostad Elahi","robots":{"index":"index","follow":"follow","max-snippet":"max-snippet:-1","max-image-preview":"max-image-preview:large","max-video-preview":"max-video-preview:-1"},"canonical":"https:\/\/ostadelahi.com\/philosophy\/articles-interviews\/interview-with-bahram-elahi-md\/","og_locale":"fr_FR","og_type":"article","og_title":"Interview du Pr. Bahram Elahi - Ostad Elahi","og_url":"https:\/\/ostadelahi.com\/philosophy\/articles-interviews\/interview-with-bahram-elahi-md\/","og_site_name":"Ostad Elahi","article_modified_time":"2017-09-05T19:16:54+00:00","twitter_card":"summary_large_image","twitter_misc":{"Dur\u00e9e de lecture estim\u00e9e":"9 minutes"},"schema":{"@context":"https:\/\/schema.org","@graph":[{"@type":"WebPage","@id":"https:\/\/ostadelahi.com\/philosophy\/articles-interviews\/interview-with-bahram-elahi-md\/","url":"https:\/\/ostadelahi.com\/philosophy\/articles-interviews\/interview-with-bahram-elahi-md\/","name":"Interview du Pr. Bahram Elahi - Ostad Elahi","isPartOf":{"@id":"https:\/\/ostadelahi.com\/#website"},"datePublished":"2013-01-21T08:47:35+00:00","dateModified":"2017-09-05T19:16:54+00:00","breadcrumb":{"@id":"https:\/\/ostadelahi.com\/philosophy\/articles-interviews\/interview-with-bahram-elahi-md\/#breadcrumb"},"inLanguage":"fr-FR","potentialAction":[{"@type":"ReadAction","target":["https:\/\/ostadelahi.com\/philosophy\/articles-interviews\/interview-with-bahram-elahi-md\/"]}]},{"@type":"BreadcrumbList","@id":"https:\/\/ostadelahi.com\/philosophy\/articles-interviews\/interview-with-bahram-elahi-md\/#breadcrumb","itemListElement":[{"@type":"ListItem","position":1,"name":"Home","item":"https:\/\/ostadelahi.com\/fr\/"},{"@type":"ListItem","position":2,"name":"La pens\u00e9e","item":"https:\/\/ostadelahi.com\/philosophy\/"},{"@type":"ListItem","position":3,"name":"Articles","item":"https:\/\/ostadelahi.com\/philosophy\/articles-interviews\/"},{"@type":"ListItem","position":4,"name":"Interview du Pr. Bahram Elahi"}]},{"@type":"WebSite","@id":"https:\/\/ostadelahi.com\/#website","url":"https:\/\/ostadelahi.com\/","name":"Ostad Elahi","description":"The official website on the life, work, and music of Ostad Elahi (1895-1974).","potentialAction":[{"@type":"SearchAction","target":{"@type":"EntryPoint","urlTemplate":"https:\/\/ostadelahi.com\/?s={search_term_string}"},"query-input":"required name=search_term_string"}],"inLanguage":"fr-FR"}]}},"_links":{"self":[{"href":"https:\/\/ostadelahi.com\/fr\/wp-json\/wp\/v2\/pages\/1225","targetHints":{"allow":["GET"]}}],"collection":[{"href":"https:\/\/ostadelahi.com\/fr\/wp-json\/wp\/v2\/pages"}],"about":[{"href":"https:\/\/ostadelahi.com\/fr\/wp-json\/wp\/v2\/types\/page"}],"author":[{"embeddable":true,"href":"https:\/\/ostadelahi.com\/fr\/wp-json\/wp\/v2\/users\/1"}],"replies":[{"embeddable":true,"href":"https:\/\/ostadelahi.com\/fr\/wp-json\/wp\/v2\/comments?post=1225"}],"version-history":[{"count":0,"href":"https:\/\/ostadelahi.com\/fr\/wp-json\/wp\/v2\/pages\/1225\/revisions"}],"up":[{"embeddable":true,"href":"https:\/\/ostadelahi.com\/fr\/wp-json\/wp\/v2\/pages\/2059"}],"wp:attachment":[{"href":"https:\/\/ostadelahi.com\/fr\/wp-json\/wp\/v2\/media?parent=1225"}],"curies":[{"name":"wp","href":"https:\/\/api.w.org\/{rel}","templated":true}]}}