{"id":1140,"date":"2013-01-21T03:28:09","date_gmt":"2013-01-21T08:28:09","guid":{"rendered":"https:\/\/ostadelahi.com\/?page_id=1140"},"modified":"2023-02-28T14:39:03","modified_gmt":"2023-02-28T19:39:03","slug":"carriere-dans-la-magistrature","status":"publish","type":"page","link":"https:\/\/ostadelahi.com\/fr\/lhomme\/magistrature\/carriere-dans-la-magistrature\/","title":{"rendered":"Carri\u00e8re dans la magistrature"},"content":{"rendered":"<div class=\"fusion-fullwidth fullwidth-box fusion-builder-row-1 nonhundred-percent-fullwidth non-hundred-percent-height-scrolling\" style=\"--awb-border-radius-top-left:0px;--awb-border-radius-top-right:0px;--awb-border-radius-bottom-right:0px;--awb-border-radius-bottom-left:0px;\" ><div class=\"fusion-builder-row fusion-row\"><div class=\"fusion-layout-column fusion_builder_column fusion-builder-column-0 fusion_builder_column_3_5 3_5 fusion-three-fifth fusion-column-first\" style=\"--awb-bg-size:cover;width:60%;width:calc(60% - ( ( 4% ) * 0.6 ) );margin-right: 4%;\"><div class=\"fusion-column-wrapper fusion-flex-column-wrapper-legacy\"><div class=\"fusion-text fusion-text-1\"><p>Alors que la plupart des mystiques se sont retir\u00e9s du monde et de la vie sociale pour mener une vie \u200econtemplative, Ostad Elahi a suivi le chemin inverse. Il a renonc\u00e9 \u00e0 une vie trac\u00e9e d\u200e\u2019\u200eavance, \u200etoute enti\u00e8re d\u00e9di\u00e9e \u00e0 l\u200e\u2019\u200easc\u00e8se et au recueillement, pour exp\u00e9rimenter une nouvelle forme de \u200espiritualit\u00e9 : une spiritualit\u00e9 dont l\u200e\u2019\u200eenjeu principal est de \u200emaintenir une attention permanente \u00e0 la Source, tout en vivant une vie normale au sein de la soci\u00e9t\u00e9. En entrant dans la fonction publique en 1930, Ostad Elahi ne rompt pas seulement avec \u200eun mode de vie fond\u00e9 sur la retraite asc\u00e9tique, mais encore avec la conception \u200etraditionnelle de la mystique. Ce milieu nouveau lui offre un terrain d\u200e\u2019\u200e\u00e9preuves privil\u00e9gi\u00e9 qui lui \u200epermettra d\u200e\u2019\u200eaffiner sa r\u00e9flexion spirituelle et de tester les principes \u00e9thiques qui en d\u00e9coulent.\u200e<\/p>\n<\/div><div class=\"fusion-clearfix\"><\/div><\/div><\/div><div class=\"fusion-layout-column fusion_builder_column fusion-builder-column-1 fusion_builder_column_2_5 2_5 fusion-two-fifth fusion-column-last\" style=\"--awb-bg-size:cover;width:40%;width:calc(40% - ( ( 4% ) * 0.4 ) );\"><div class=\"fusion-column-wrapper fusion-flex-column-wrapper-legacy\"><div class=\"fusion-column-content-centered\"><div class=\"fusion-column-content\"><div class=\"fusion-image-element fusion-image-align-center in-legacy-container\" style=\"text-align:center;--awb-caption-title-size:var(--h2_typography-font-size);--awb-caption-title-transform:var(--h2_typography-text-transform);--awb-caption-title-line-height:var(--h2_typography-line-height);--awb-caption-title-letter-spacing:var(--h2_typography-letter-spacing);\"><div class=\"imageframe-align-center\"><span class=\" fusion-imageframe imageframe-none imageframe-1 hover-type-zoomin img-border-20\"><a href=\"https:\/\/ostadelahi.com\/wp-content\/uploads\/certificate-1319-n.jpg\" class=\"fusion-lightbox\" data-rel=\"iLightbox[2d6fd7d7c0d8f5bfded]\"><img decoding=\"async\" width=\"741\" height=\"920\" src=\"https:\/\/ostadelahi.com\/wp-content\/uploads\/certificate-1319-n.jpg\" alt class=\"img-responsive wp-image-9794\" srcset=\"https:\/\/ostadelahi.com\/wp-content\/uploads\/certificate-1319-n-200x248.jpg 200w, https:\/\/ostadelahi.com\/wp-content\/uploads\/certificate-1319-n-400x497.jpg 400w, https:\/\/ostadelahi.com\/wp-content\/uploads\/certificate-1319-n-600x745.jpg 600w, https:\/\/ostadelahi.com\/wp-content\/uploads\/certificate-1319-n.jpg 741w\" sizes=\"(max-width: 640px) 100vw, 600px\" \/><\/a><\/span><\/div><\/div><\/div><\/div><div class=\"fusion-clearfix\"><\/div><\/div><\/div><div class=\"fusion-layout-column fusion_builder_column fusion-builder-column-2 fusion_builder_column_1_1 1_1 fusion-one-full fusion-column-first fusion-column-last\" style=\"--awb-bg-size:cover;--awb-margin-bottom:0px;\"><div class=\"fusion-column-wrapper fusion-flex-column-wrapper-legacy\"><div class=\"fusion-text fusion-text-2\"><blockquote>\n<p>Ce que j\u200e\u2019\u200eai acquis spirituellement durant mes douze ann\u00e9es d\u200e\u2019\u200easc\u00e8ses avant \u200ed\u200e\u2019\u200eentrer dans la fonction publique ne vaut pas ce que j\u200e\u2019\u200eai acquis en une \u200eseule ann\u00e9e pass\u00e9e dans la vie active.<\/p>\n<\/blockquote>\n<\/div><div class=\"fusion-text fusion-text-3\"><p>En 1895, lorsque na\u00eet Ostad Elahi, l\u200e\u2019\u200eIran est dirig\u00e9 par les souverains de la dynastie Qadjar \u200equi r\u00e8gnent depuis environ un si\u00e8cle. Quelque trente ans plus tard, Reza Khan destitue les Qadjar et s\u200e\u2019\u200einstalle sur le tr\u00f4ne. Son projet principal est alors la modernisation \u200eacc\u00e9l\u00e9r\u00e9e du pays. C\u200e\u2019\u200eest dans ce cadre qu\u2019\u200eil r\u00e9organise la fonction publique sur le mod\u00e8le \u200eoccidental et pose les fondements d\u200e\u2019\u200eun nouveau syst\u00e8me judiciaire. Il faudra toutefois du temps \u200epour que ces changements transforment en profondeur les m\u0153urs de la soci\u00e9t\u00e9 h\u00e9rit\u00e9e des \u200eQadjar. \u00c0 l\u200e\u2019\u200e\u00e9poque o\u00f9 Ostad Elahi entre dans la magistrature, le pays conserve dans les faits une structure quasi-f\u00e9odale dans laquelle les chefs des familles \u200einfluentes maintiennent leur r\u00f4le de seigneurs. Les petites villes sont dirig\u00e9es par des clans \u00e0 la \u200et\u00eate desquels se trouvent de riches n\u00e9gociants ou des grands propri\u00e9taires terriens qui contr\u00f4lent \u200ede fait le syst\u00e8me administratif et juridique par le biais de la corruption ou d\u200e\u2019\u200eautres moyens de \u200epression.\u200e<\/p>\n<blockquote>\n<p>\u00c0 \u200el\u200e\u2019\u200e\u00e9poque o\u00f9 \u200eje pr\u00e9sidais les tribunaux de la province de Kerman, il y avait deux grandes \u200efamilles tr\u00e8s influentes, les D. et les Z. Pour provoquer les Z., les D. firent arracher et br\u00fbler \u200eles arbres d\u200e\u2019\u200eun des vergers des Z. Une plainte fut d\u00e9pos\u00e9e. Les D. vers\u00e8rent un pot-de-vin de 24000 tomans au juge d\u200e\u2019\u200einstruction pour qu\u2019\u200eil donne tort aux Z. et celui-ci pronon\u00e7a une \u200eordonnance de \u200enon-lieu en invoquant une pr\u00e9tendue insuffisance de preuve. Les Z. \u200efirent \u200eappel et leur dossier se \u200eretrouva sur mon bureau. En le consultant, je constatai que \u200eles preuves \u00e9taient \u00e9videntes ; je fis \u200eaussit\u00f4t annuler l\u200e\u2019\u200eordonnance du juge d\u200e\u2019\u200einstruction et \u200erouvrir le dossier.\u200e Le jour de l\u200e\u2019\u200eaudience, le palais fut envahi par les partisans des deux \u200eclans ; \u200eils \u00e9taient si nombreux que mes adjoints avaient peur de prendre le dossier en charge. Je \u200ed\u00e9cidai donc de mener moi-m\u00eame les \u200ed\u00e9bats. \u00c0 l\u200e\u2019\u200eissue de l\u200e\u2019\u200eaudience, consid\u00e9rant que \u200el\u200e\u2019\u200eatmosph\u00e8re n\u200e\u2019\u200e\u00e9tait gu\u00e8re \u200epropice, je mis le jugement en d\u00e9lib\u00e9r\u00e9 pour le lendemain.\u200e<\/p>\n<p>Le soir m\u00eame, un certain Hadji Ch. vint me trouver et me d\u00e9clara\u200f \u200f\u200e: \u00ab Les D. m\u200e\u2019\u200eont envoy\u00e9 \u200evous dire qu\u2019\u200eils \u200eont \u200evers\u00e9 24000 tomans au juge d\u200e\u2019\u200einstruction et qu\u2019\u200eils sont pr\u00eats \u00e0 verser le \u200edouble \u00e0 \u200evotre Honneur afin qu\u2019\u200eil confirme la pr\u00e9c\u00e9dente ordonnance. Ils ajoutent que si \u200ecela ne devait pas se faire, ils ont des relations haut plac\u00e9es aupr\u00e8s de l\u200e\u2019\u200eadministration \u200ecentrale et qu\u2019\u200eils ne sont pas non plus d\u00e9nu\u00e9s de moyens de persuasion au niveau local. \u00bb. \u200eJe r\u00e9pondis : \u00ab Dis-leur que je ne crains ni le Minist\u00e8re, ni eux, qu\u2019\u200eils fassent ce qu\u2019\u200eils ont \u00e0 \u200efaire. Pour ma part je rendrai le \u200ejugement que j\u200e\u2019\u200eestime \u00eatre juste \u00bb. Apr\u00e8s que Hadji Ch. fut \u200eparti, on vint me dire de la part des Z. : \u00ab Nous avons appris ce que vous avez \u200er\u00e9pondu aux \u200eD. Nous vous offrons encore plus pour que vous rendiez un jugement juste \u00bb. \u00c0 leur tour, je \u200eles cong\u00e9diai. Craignant pour ma s\u00e9curit\u00e9, la police fit surveiller toute la nuit et sans que je le sache les abords de ma maison.\u200e<\/p>\n<p>Le lendemain, lorsque j\u200e\u2019\u200earrivai au tribunal, il y avait une foule immense en soutien de l\u200e\u2019\u200eun ou l\u200e\u2019\u200eautre des deux camps. Je rendis mon jugement, j\u200e\u2019annulai l\u200e\u2019\u200eordonnance du juge d\u200e\u2019\u200einstruction et personne ne put rien y faire. Ils ne \u200efirent que \u200ed\u00e9shonorer le juge d\u200e\u2019\u200einstruction en lui r\u00e9clamant \u200ele remboursement \u200edu pot-de-vin qu\u2019\u200eils lui avaient vers\u00e9. Je le convoquai et le r\u00e9primandai s\u00e9v\u00e8rement.<\/p>\n<\/blockquote>\n<p>C\u200e\u2019\u200eest dans un tel contexte qu\u2019\u200eOstad Elahi exer\u00e7a sa profession, de 1933 \u00e0 1957. Son souci d\u200e\u2019\u200eappliquer la \u200ejustice sans tenir compte des pressions lui valut de subir de nombreuses mutations, soit \u00e0 l\u200e\u2019\u200einstigation \u200ede notables \u200elocaux qui se heurtaient \u00e0 son int\u00e9grit\u00e9, soit \u00e0 l\u200e\u2019\u200einitiative de sa propre \u200ehi\u00e9rarchie, \u200elorsqu\u2019\u200eil refusait de se laisser imposer des d\u00e9cisions contraires \u00e0 l\u200e\u2019\u00e9thique. Ces \u200emutations r\u00e9p\u00e9t\u00e9es tout au long de sa carri\u00e8re oblig\u00e8rent Ostad Elahi \u200e\u00e0 se \u200es\u00e9parer fr\u00e9quemment de sa famille ou \u00e0 l\u200e\u2019\u200eemmener avec lui dans des r\u00e9gions \u200eparfois \u200erecul\u00e9es et peu accueillantes.<\/p>\n<\/div><div class=\"fusion-clearfix\"><\/div><\/div><\/div><div class=\"fusion-layout-column fusion_builder_column fusion-builder-column-3 fusion_builder_column_3_5 3_5 fusion-three-fifth fusion-column-first\" style=\"--awb-bg-size:cover;width:60%;width:calc(60% - ( ( 4% ) * 0.6 ) );margin-right: 4%;\"><div class=\"fusion-column-wrapper fusion-flex-column-wrapper-legacy\"><div class=\"fusion-text fusion-text-4\"><blockquote>\n<p>Lorsque j\u200e\u2019\u200e\u00e9tais procureur \u00e0 Khorramabad, il y avait deux fr\u00e8res, tous deux n\u00e9gociants et tr\u00e8s riches. \u200eL\u200e\u2019\u200eun d\u200e\u2019\u200eentre eux mourut, laissant derri\u00e8re lui une veuve et cinq enfants (quatre filles et un fils). \u200eL\u200e\u2019\u200eautre fr\u00e8re maria les deux filles a\u00een\u00e9es \u00e0 ses fils et prit la veuve pour \u00e9pouse. Il restait donc deux \u200efilles et un fils mineurs et sans protection.\u200e<\/p>\n<\/blockquote>\n<\/div><div class=\"fusion-clearfix\"><\/div><\/div><\/div><div class=\"fusion-layout-column fusion_builder_column fusion-builder-column-4 fusion_builder_column_2_5 2_5 fusion-two-fifth fusion-column-last\" style=\"--awb-bg-size:cover;width:40%;width:calc(40% - ( ( 4% ) * 0.4 ) );\"><div class=\"fusion-column-wrapper fusion-flex-column-wrapper-legacy\"><div class=\"fusion-column-content-centered\"><div class=\"fusion-column-content\"><div class=\"fusion-image-element fusion-image-align-center in-legacy-container\" style=\"text-align:center;--awb-caption-title-size:var(--h2_typography-font-size);--awb-caption-title-transform:var(--h2_typography-text-transform);--awb-caption-title-line-height:var(--h2_typography-line-height);--awb-caption-title-letter-spacing:var(--h2_typography-letter-spacing);\"><div class=\"imageframe-align-center\"><span class=\" fusion-imageframe imageframe-none imageframe-2 hover-type-none img-border-20\"><img decoding=\"async\" width=\"244\" height=\"334\" title=\"Ostad Elahi 1938\" src=\"https:\/\/ostadelahi.com\/wp-content\/uploads\/ostadelahi-1938-1.jpg\" alt class=\"img-responsive wp-image-4458\" srcset=\"https:\/\/ostadelahi.com\/wp-content\/uploads\/ostadelahi-1938-1-200x274.jpg 200w, https:\/\/ostadelahi.com\/wp-content\/uploads\/ostadelahi-1938-1.jpg 244w\" sizes=\"(max-width: 640px) 100vw, 244px\" \/><\/span><\/div><\/div><\/div><\/div><div class=\"fusion-clearfix\"><\/div><\/div><\/div><div class=\"fusion-layout-column fusion_builder_column fusion-builder-column-5 fusion_builder_column_1_1 1_1 fusion-one-full fusion-column-first fusion-column-last\" style=\"--awb-bg-size:cover;\"><div class=\"fusion-column-wrapper fusion-flex-column-wrapper-legacy\"><div class=\"fusion-text fusion-text-5\"><blockquote>\n<p>Chaque fois que j\u200e\u2019\u200e\u00e9tais mut\u00e9 \u00e0 un nouveau poste, je traitais en priorit\u00e9 les affaires concernant les mineurs. En examinant ce dossier, je remarquai que mes pr\u00e9d\u00e9cesseurs l\u2019avaient \u00e9galement demand\u00e9 mais n\u200e\u2019\u200ey avaient jamais donn\u00e9 suite. Je rouvris le \u200edossier et convoquai le n\u00e9gociant, qui \u00e9tait par ailleurs tr\u00e8s influent. Il vint me voir, tout en \u200eflatteries et en formules mielleuses du genre \u00ab Je suis votre humble serviteur, votre ami sinc\u00e8re et \u200ed\u00e9vou\u00e9, etc. \u00bb Il se montra donc tr\u00e8s chaleureux et dit : \u00ab Votre honneur, ce n\u200e\u2019\u200eest pas la peine \u200ede faire tout cela, il n\u200e\u2019\u200ey a rien \u00e0 redire \u00e0 la tutelle de votre serviteur \u00bb\u200e. \u200e\u00ab Cela fait douze ans que vous n\u200e\u2019\u200eavez pas fait \u00e9tat des comptes des mineurs qui sont sous votre \u200etutelle \u00bb lui dis-je \u00e0 mon tour.\u200e \u200e\u00ab Mais c\u200e\u2019\u200eest inutile, m\u2019assura-t-il, la veuve de mon fr\u00e8re est maintenant ma femme et deux de ses \u200efilles sont mes brus ; les autres sont comme mes propres enfants. Mais soit, je vais ob\u00e9ir \u00e0 vos \u200eordres et je vous apporterai les comptes demain \u00bb.\u200e Le lendemain, il revint avec une grande enveloppe \u200epleine de billets de banque.\u200e \u200e\u00ab Qu\u2019est-ce que cela ? \u00bb, demandai-je. Il courba la t\u00eate et dit : \u00ab Votre honneur, ce n\u200e\u2019\u200eest qu\u2019\u200eun modeste pr\u00e9sent\u2026 et il n\u200e\u2019\u200ey a personne ici \u200e\u00e0 part vous et moi \u00bb. \u200e\u00ab Vous faites erreur, lui r\u00e9pondis-je, il y a quelqu\u2019un d\u200e\u2019\u200eautre, et c\u200e\u2019\u200eest Dieu \u00bb. Je compris alors pourquoi ce dossier \u00e9tait rest\u00e9 si longtemps au fond d\u2019\u200eun tiroir.<\/p>\n<p>Le n\u00e9gociant frappa \u00e0 \u200etoutes les portes, je re\u00e7us m\u00eame un message du minist\u00e8re me demandant de ne pas insister, mais je demeurai inflexible et \u200econtinuai \u00e0 exiger l\u200e\u2019\u200e\u00e9tat des comptes des mineurs. Finalement, je l\u200e\u2019\u200eavertis que s\u200e\u2019\u200eil ne \u200es\u200e\u2019\u200eex\u00e9cutait pas dans les vingt-quatre heures, je le ferais jeter en prison. Lorsqu\u2019\u200eil comprit qu\u2019il n\u200e\u2019\u200eavait \u200epas d\u2019\u200eautre issue, il demanda qu\u2019on lui envoie des experts pour effectuer les \u200ecomptes. J\u2019\u200eenvoyai quatre clercs dignes de confiance. Il leur fallut un mois pour faire l\u2019\u00e9tat des \u200ecomptes. Le montant de la fortune qu\u2019\u200eil s\u200e\u2019\u200e\u00e9tait constitu\u00e9 avec l\u200e\u2019\u200eh\u00e9ritage de ces orphelins \u00e9tait \u200eastronomique, et encore, il ne s\u2019agissait que de ce qui avait pu \u00eatre \u200ecomptabilis\u00e9. Je lui retirai sur le champ la tutelle et restituai leurs biens aux mineurs. Mais Dieu seul sait la part qui avait \u00e9t\u00e9 d\u00e9j\u00e0 engloutie !<\/p>\n<p>\u00c0 mon sens, le responsable qui accepte un pot-de-vin pour enterrer un dossier commet une \u200efaute plus grave que celui qui donne le pot-de-vin.<\/p>\n<\/blockquote>\n<p>Malgr\u00e9 ces difficult\u00e9s, Ostad Elahi poursuivit l\u2019exercice de sa profession pendant pr\u00e8s de trente ans, gravissant \u200eprogressivement les \u00e9chelons qui s\u00e9parent la fonction de juge de paix de celle de pr\u00e9sident de \u200eCour d\u200e\u2019\u200eappel. Ostad a plus d\u2019une fois soulign\u00e9 l\u2019importance qu\u2019a eue toute cette p\u00e9riode pour son parcours spirituel. De nombreuses paroles contenues dans les deux recueils publi\u00e9s de son enseignement oral retracent ses \u200eexp\u00e9riences v\u00e9cues durant les ann\u00e9es o\u00f9 il exer\u00e7a son m\u00e9tier. Il y raconte dans \u200equelles circonstances il entra dans la magistrature, quel \u00e9tait son rapport \u00e0 son m\u00e9tier et comment en particulier il fondait ses d\u00e9cisions sur des principes spirituels tels que la recherche du contentement divin. On comprend ainsi que l\u2019engagement d\u2019Ostad Elahi dans la magistrature est l\u2019un des moyens principaux par lesquels il a exp\u00e9riment\u00e9 sa vision spirituelle dans le cadre de la vie en soci\u00e9t\u00e9.\u200e<\/p>\n<\/div><div class=\"fusion-clearfix\"><\/div><\/div><\/div><\/div><\/div>\n","protected":false},"excerpt":{"rendered":"","protected":false},"author":1,"featured_media":0,"parent":2049,"menu_order":1,"comment_status":"open","ping_status":"closed","template":"side-navigation.php","meta":{"footnotes":""},"class_list":["post-1140","page","type-page","status-publish","hentry"],"yoast_head":"<!-- This site is optimized with the Yoast SEO plugin v20.3 - https:\/\/yoast.com\/wordpress\/plugins\/seo\/ -->\n<title>Carri\u00e8re dans la magistrature - Ostad Elahi<\/title>\n<meta name=\"robots\" content=\"index, follow, max-snippet:-1, max-image-preview:large, max-video-preview:-1\" \/>\n<link rel=\"canonical\" href=\"https:\/\/ostadelahi.com\/life\/judiciary\/judicial-career\/\" \/>\n<meta property=\"og:locale\" content=\"fr_FR\" \/>\n<meta property=\"og:type\" content=\"article\" \/>\n<meta property=\"og:title\" content=\"Carri\u00e8re dans la magistrature - Ostad Elahi\" \/>\n<meta property=\"og:url\" content=\"https:\/\/ostadelahi.com\/life\/judiciary\/judicial-career\/\" \/>\n<meta property=\"og:site_name\" content=\"Ostad Elahi\" \/>\n<meta property=\"article:modified_time\" content=\"2023-02-28T19:39:03+00:00\" \/>\n<meta name=\"twitter:card\" content=\"summary_large_image\" \/>\n<meta name=\"twitter:label1\" content=\"Dur\u00e9e de lecture estim\u00e9e\" \/>\n\t<meta name=\"twitter:data1\" content=\"9 minutes\" \/>\n<script type=\"application\/ld+json\" class=\"yoast-schema-graph\">{\"@context\":\"https:\/\/schema.org\",\"@graph\":[{\"@type\":\"WebPage\",\"@id\":\"https:\/\/ostadelahi.com\/life\/judiciary\/judicial-career\/\",\"url\":\"https:\/\/ostadelahi.com\/life\/judiciary\/judicial-career\/\",\"name\":\"Carri\u00e8re dans la magistrature - Ostad Elahi\",\"isPartOf\":{\"@id\":\"https:\/\/ostadelahi.com\/#website\"},\"datePublished\":\"2013-01-21T08:28:09+00:00\",\"dateModified\":\"2023-02-28T19:39:03+00:00\",\"breadcrumb\":{\"@id\":\"https:\/\/ostadelahi.com\/life\/judiciary\/judicial-career\/#breadcrumb\"},\"inLanguage\":\"fr-FR\",\"potentialAction\":[{\"@type\":\"ReadAction\",\"target\":[\"https:\/\/ostadelahi.com\/life\/judiciary\/judicial-career\/\"]}]},{\"@type\":\"BreadcrumbList\",\"@id\":\"https:\/\/ostadelahi.com\/life\/judiciary\/judicial-career\/#breadcrumb\",\"itemListElement\":[{\"@type\":\"ListItem\",\"position\":1,\"name\":\"Home\",\"item\":\"https:\/\/ostadelahi.com\/fr\/\"},{\"@type\":\"ListItem\",\"position\":2,\"name\":\"L&#8217;homme\",\"item\":\"https:\/\/ostadelahi.com\/life\/\"},{\"@type\":\"ListItem\",\"position\":3,\"name\":\"Magistrature\",\"item\":\"https:\/\/ostadelahi.com\/life\/judiciary\/\"},{\"@type\":\"ListItem\",\"position\":4,\"name\":\"Carri\u00e8re dans la magistrature\"}]},{\"@type\":\"WebSite\",\"@id\":\"https:\/\/ostadelahi.com\/#website\",\"url\":\"https:\/\/ostadelahi.com\/\",\"name\":\"Ostad Elahi\",\"description\":\"The official website on the life, work, and music of Ostad Elahi (1895-1974).\",\"potentialAction\":[{\"@type\":\"SearchAction\",\"target\":{\"@type\":\"EntryPoint\",\"urlTemplate\":\"https:\/\/ostadelahi.com\/?s={search_term_string}\"},\"query-input\":\"required name=search_term_string\"}],\"inLanguage\":\"fr-FR\"}]}<\/script>\n<!-- \/ Yoast SEO plugin. -->","yoast_head_json":{"title":"Carri\u00e8re dans la magistrature - Ostad Elahi","robots":{"index":"index","follow":"follow","max-snippet":"max-snippet:-1","max-image-preview":"max-image-preview:large","max-video-preview":"max-video-preview:-1"},"canonical":"https:\/\/ostadelahi.com\/life\/judiciary\/judicial-career\/","og_locale":"fr_FR","og_type":"article","og_title":"Carri\u00e8re dans la magistrature - Ostad Elahi","og_url":"https:\/\/ostadelahi.com\/life\/judiciary\/judicial-career\/","og_site_name":"Ostad Elahi","article_modified_time":"2023-02-28T19:39:03+00:00","twitter_card":"summary_large_image","twitter_misc":{"Dur\u00e9e de lecture estim\u00e9e":"9 minutes"},"schema":{"@context":"https:\/\/schema.org","@graph":[{"@type":"WebPage","@id":"https:\/\/ostadelahi.com\/life\/judiciary\/judicial-career\/","url":"https:\/\/ostadelahi.com\/life\/judiciary\/judicial-career\/","name":"Carri\u00e8re dans la magistrature - Ostad Elahi","isPartOf":{"@id":"https:\/\/ostadelahi.com\/#website"},"datePublished":"2013-01-21T08:28:09+00:00","dateModified":"2023-02-28T19:39:03+00:00","breadcrumb":{"@id":"https:\/\/ostadelahi.com\/life\/judiciary\/judicial-career\/#breadcrumb"},"inLanguage":"fr-FR","potentialAction":[{"@type":"ReadAction","target":["https:\/\/ostadelahi.com\/life\/judiciary\/judicial-career\/"]}]},{"@type":"BreadcrumbList","@id":"https:\/\/ostadelahi.com\/life\/judiciary\/judicial-career\/#breadcrumb","itemListElement":[{"@type":"ListItem","position":1,"name":"Home","item":"https:\/\/ostadelahi.com\/fr\/"},{"@type":"ListItem","position":2,"name":"L&#8217;homme","item":"https:\/\/ostadelahi.com\/life\/"},{"@type":"ListItem","position":3,"name":"Magistrature","item":"https:\/\/ostadelahi.com\/life\/judiciary\/"},{"@type":"ListItem","position":4,"name":"Carri\u00e8re dans la magistrature"}]},{"@type":"WebSite","@id":"https:\/\/ostadelahi.com\/#website","url":"https:\/\/ostadelahi.com\/","name":"Ostad Elahi","description":"The official website on the life, work, and music of Ostad Elahi (1895-1974).","potentialAction":[{"@type":"SearchAction","target":{"@type":"EntryPoint","urlTemplate":"https:\/\/ostadelahi.com\/?s={search_term_string}"},"query-input":"required name=search_term_string"}],"inLanguage":"fr-FR"}]}},"_links":{"self":[{"href":"https:\/\/ostadelahi.com\/fr\/wp-json\/wp\/v2\/pages\/1140","targetHints":{"allow":["GET"]}}],"collection":[{"href":"https:\/\/ostadelahi.com\/fr\/wp-json\/wp\/v2\/pages"}],"about":[{"href":"https:\/\/ostadelahi.com\/fr\/wp-json\/wp\/v2\/types\/page"}],"author":[{"embeddable":true,"href":"https:\/\/ostadelahi.com\/fr\/wp-json\/wp\/v2\/users\/1"}],"replies":[{"embeddable":true,"href":"https:\/\/ostadelahi.com\/fr\/wp-json\/wp\/v2\/comments?post=1140"}],"version-history":[{"count":12,"href":"https:\/\/ostadelahi.com\/fr\/wp-json\/wp\/v2\/pages\/1140\/revisions"}],"predecessor-version":[{"id":12186,"href":"https:\/\/ostadelahi.com\/fr\/wp-json\/wp\/v2\/pages\/1140\/revisions\/12186"}],"up":[{"embeddable":true,"href":"https:\/\/ostadelahi.com\/fr\/wp-json\/wp\/v2\/pages\/2049"}],"wp:attachment":[{"href":"https:\/\/ostadelahi.com\/fr\/wp-json\/wp\/v2\/media?parent=1140"}],"curies":[{"name":"wp","href":"https:\/\/api.w.org\/{rel}","templated":true}]}}