{"id":1123,"date":"2013-01-22T12:53:03","date_gmt":"2013-01-22T17:53:03","guid":{"rendered":"https:\/\/ostadelahi.com\/?page_id=1123"},"modified":"2020-09-11T12:44:27","modified_gmt":"2020-09-11T17:44:27","slug":"lenfant-prodige","status":"publish","type":"page","link":"https:\/\/ostadelahi.com\/fr\/la-musique\/lenfant-prodige\/","title":{"rendered":"L\u2019enfant prodige"},"content":{"rendered":"<div class=\"fusion-fullwidth fullwidth-box fusion-builder-row-1 nonhundred-percent-fullwidth non-hundred-percent-height-scrolling\" style=\"--awb-border-radius-top-left:0px;--awb-border-radius-top-right:0px;--awb-border-radius-bottom-right:0px;--awb-border-radius-bottom-left:0px;\" ><div class=\"fusion-builder-row fusion-row\"><div class=\"fusion-layout-column fusion_builder_column fusion-builder-column-0 fusion_builder_column_1_1 1_1 fusion-one-full fusion-column-first fusion-column-last\" style=\"--awb-bg-size:cover;--awb-margin-bottom:0px;\"><div class=\"fusion-column-wrapper fusion-flex-column-wrapper-legacy\"><div class=\"fusion-text fusion-text-1\"><p>La musique d\u2019Ostad Elahi s\u2019enracine dans une tradition demeur\u00e9e secr\u00e8te pendant des si\u00e8cles. Jusqu\u2019\u00e0 r\u00e9cemment, cette musique n\u2019\u00e9tait jou\u00e9e que dans le cadre de r\u00e9unions consacr\u00e9es aux d\u00e9votions et \u00e0 la contemplation. Ostad Elahi ne jouait lui-m\u00eame jamais en public\u00a0: il ne jouait que dans un but d\u00e9votionnel, seul ou au sein du cercle familial ou encore entour\u00e9 de quelques amis. Les enregistrements qui nous restent de sa musique ont \u00e9t\u00e9 effectu\u00e9s essentiellement durant la derni\u00e8re partie de sa vie par des membres de sa famille avec du mat\u00e9riel amateur. Ces enregistrements comprennent une quarantaine d\u2019heures sur bandes magn\u00e9tiques dont une partie a \u00e9t\u00e9 num\u00e9ris\u00e9e et publi\u00e9e. Sa musique a profond\u00e9ment marqu\u00e9 ceux qui l\u2019ont entendue notamment des musiciens et musicologues renomm\u00e9s.<\/p>\n<p>Ostad Elahi a profond\u00e9ment transform\u00e9 le tanbur, aussi bien l\u2019instrument lui-m\u00eame que son r\u00e9pertoire ou sa technique de jeu, \u00e9levant cette tradition musicale ancienne au rang d\u2019un art savant. Cet apport remarquable a \u00e9t\u00e9 c\u00e9l\u00e9br\u00e9 au Metropolitan Museum of Art de New-York \u00e0 travers une exposition <a href=\"\/fr\/lhomme\/expositions\/the-sacred-lute-the-art-of-ostad-elahi\/\">exceptionnelle consacr\u00e9e \u00e0 l\u2019art d\u2019Ostad Elahi<\/a>.<\/p>\n<p><span style=\"font-size: 22px; margin: 0 0 10px; display: block;\">L\u2019enfant prodige<\/span><\/p>\n<p>Ostad Elahi vit le jour dans un milieu o\u00f9, depuis des si\u00e8cles, la pratique de la musique sacr\u00e9e \u200efaisait partie de la vie quotidienne. D\u00e8s l\u2019enfance, il manifesta un go\u00fbt prononc\u00e9 pour cet art ainsi que des \u200edons musicaux exceptionnels, en particulier pour le luth kurde appel\u00e9 \u00ab\u00a0tanbur\u00a0\u00bb, instrument privil\u00e9gi\u00e9 de la \u200etradition dont il fut l\u2019h\u00e9ritier. Son p\u00e8re, Hadj Nemat, qui fut lui-m\u00eame un des plus grands joueurs de son temps, s\u2019occupa personnellement de son apprentissage musical. Lorsque le petit Nour Ali commen\u00e7a l\u2019apprentissage du tanbur, ses bras et ses mains d\u2019enfant ne pouvaient atteindre l\u2019ensemble des frettes d\u2019un instrument normal, aussi son \u200ep\u00e8re lui fit-il fabriquer un tanbur \u00e0 sa taille \u00e0 partir d\u2019une louche en bois. \u200e<\/p>\n<p>Parmi les visiteurs qui venaient des diff\u00e9rentes r\u00e9gions de l\u2019Iran ou des pays limitrophes pour \u200erencontrer Hadj Nemat, certains \u00e9taient d\u2019excellents musiciens. L\u2019enfant passait beaucoup de \u200etemps en compagnie de ces ma\u00eetres de musique, Hadj Nemat leur ayant demand\u00e9 d\u2019initier son fils aux secrets de leur \u200eart. De m\u00eame, quand il accompagnait son p\u00e8re lors de ses voyages, les instrumentistes des \u200elocalit\u00e9s visit\u00e9es transmettaient volontiers \u00e0 cet enfant prodige leurs connaissances \u200emusicales.<\/p>\n<p>Ainsi, d\u00e8s son plus jeune \u00e2ge, Ostad Elahi se familiarisa avec les subtilit\u00e9s techniques \u200edes traditions musicales kurde, lore, persane, turque, arabe, et m\u00eame indienne. Son \u200eaptitude pour la musique \u00e9tait telle qu\u2019\u00e0 six ans, son jeu et sa connaissance du r\u00e9pertoire \u200esuscitaient d\u00e9j\u00e0 l\u2019admiration ; \u00e0 neuf ans, les ma\u00eetres de musique lui signifiaient leur respect en ne se permettant plus de jouer en sa pr\u00e9sence. Le cycle \u200ed\u2019asc\u00e8ses qu\u2019il entama \u00e0 cet \u00e2ge et qui allait durer douze ans, lui permit d\u2019approfondir son lien \u200eavec l\u2019instrument, et d\u2019explorer des champs in\u00e9dits du r\u00e9pertoire sacr\u00e9. Il passait ainsi \u200ede nombreuses nuits en pri\u00e8res, jouant du tanbur jusqu\u2019\u00e0 l\u2019aube, en \u00e9tat de d\u00e9votion et habit\u00e9 par des visions spirituelles. Selon ses propres\u00a0mots, au cours de ces nuits, \u00ab\u00a0les voiles se levaient \u00bb et \u00ab le monde \u200einvisible se r\u00e9v\u00e9lait \u00bb \u00e0 lui. Ce sont probablement ces \u00e9tats int\u00e9rieurs qui approfondirent ses liens avec la \u200emusique sacr\u00e9e, en particulier avec le tanbur, de sorte que la pratique de l\u2019instrument fit toujours partie de ses activit\u00e9s quotidiennes.<\/p>\n<blockquote>\n<p>Lorsque j\u2019\u00e9tais jeune, nous avions une maison qui \u00e9tait pratique \u00e0 tous points de vue\u2026 \u200eJ\u2019avais une chambre pour moi et certains soirs, je prenais mon tanbur et je commen\u00e7ais \u200e\u00e0 jouer&#8230; Parfois, ce n&rsquo;est qu&rsquo;en voyant les rayons de soleil p\u00e9n\u00e9trer dans la pi\u00e8ce que je \u200em\u2019apercevais qu&rsquo;il faisait jour et que j\u2019avais pass\u00e9 toute la nuit \u00e0 jouer et \u00e0 prier en \u200emusique.<\/p>\n<p>On m&rsquo;apporta un jour une perdrix. Elle adorait le son de mon tanbur. \u200eD\u00e8s que je prenais mon instrument, elle se posait tout pr\u00e8s de moi et peu apr\u00e8s, enivr\u00e9e par la \u200emusique, elle se mettait \u00e0 chanter, elle me griffait la main et la picotait de son bec ; cette ivresse \u200ela mettait dans tous ses \u00e9tats.\u200e La nuit, elle dormait sur une \u00e9tag\u00e8re de ma chambre. Un matin de bonne heure, alors que je \u200evoulais dormir, elle se mit \u00e0 chanter. Je la grondai pour la faire taire. Elle baissa la \u200et\u00eate imm\u00e9diatement, et se tut. Par la suite, lorsqu&rsquo;elle se r\u00e9veillait le matin t\u00f4t, elle se posait au bout de \u200emon lit, tirait l\u00e9g\u00e8rement la couverture de c\u00f4t\u00e9 et p\u00e9piait un peu. Si je ne r\u00e9agissais pas, au bout \u200ede deux ou trois tentatives elle comprenait que je dormais et s&rsquo;en allait. Mais si je lui disais \u00ab\u00a0Mmmh, quelle jolie voix ! \u00bb, elle se mettait \u00e0 chanter.<\/p>\n<\/blockquote>\n<p>M\u00eame durant sa vie professionnelle, la musique continua \u00e0 occuper\u200e une place importante dans la vie d\u2019Ostad. Il jouait pour se relier au Divin \u200emais il consacrait \u00e9galement beaucoup de temps \u00e0 la recherche musicale. Ses multiples \u200eaffectations professionnelles lui permirent de nouer des liens avec les plus grands ma\u00eetres de musique et de \u200ecompl\u00e9ter ses connaissances musicales. \u00c0 T\u00e9h\u00e9ran, il eut ainsi l&rsquo;occasion de fr\u00e9quenter \u200edes musiciens de renom tels que Darvish Kh\u00e2n (1872-1926), ou Abolhassan Sab\u00e2 (1902-1957). Outre le tanbur, Ostad jouait du tar, du setar et du violon. Ses d\u00e9placements professionnels lui \u200efournirent \u00e9galement l\u2019occasion de se familiariser avec les traditions musicales de l\u2019Azerba\u00efdjan et \u200edu Khorassan.<\/p>\n<blockquote>\n<p>Il y a deux choses pour lesquelles je n\u2019ai jamais \u00e9pargn\u00e9 mon temps : le tanbur et le \u200eperfectionnement spirituel.<\/p>\n<\/blockquote>\n<p>Ostad utilisait la musique dans un but de m\u00e9ditation et de pri\u00e8re, aussi jouait-il souvent seul, et \u200eparfois dans le cercle restreint de sa famille et de ses amis.<\/p>\n<\/div><div class=\"fusion-clearfix\"><\/div><\/div><\/div><\/div><\/div>\n","protected":false},"excerpt":{"rendered":"","protected":false},"author":1,"featured_media":0,"parent":2069,"menu_order":47,"comment_status":"closed","ping_status":"closed","template":"side-navigation.php","meta":{"footnotes":""},"class_list":["post-1123","page","type-page","status-publish","hentry"],"yoast_head":"<!-- This site is optimized with the Yoast SEO plugin v20.3 - https:\/\/yoast.com\/wordpress\/plugins\/seo\/ -->\n<title>L\u2019enfant prodige - Ostad Elahi<\/title>\n<meta name=\"robots\" content=\"index, follow, max-snippet:-1, max-image-preview:large, max-video-preview:-1\" \/>\n<link rel=\"canonical\" href=\"https:\/\/ostadelahi.com\/music\/child-prodigy\/\" \/>\n<meta property=\"og:locale\" content=\"fr_FR\" \/>\n<meta property=\"og:type\" content=\"article\" \/>\n<meta property=\"og:title\" content=\"L\u2019enfant prodige - Ostad Elahi\" \/>\n<meta property=\"og:url\" content=\"https:\/\/ostadelahi.com\/music\/child-prodigy\/\" \/>\n<meta property=\"og:site_name\" content=\"Ostad Elahi\" \/>\n<meta property=\"article:modified_time\" content=\"2020-09-11T17:44:27+00:00\" \/>\n<meta name=\"twitter:card\" content=\"summary_large_image\" \/>\n<meta name=\"twitter:label1\" content=\"Dur\u00e9e de lecture estim\u00e9e\" \/>\n\t<meta name=\"twitter:data1\" content=\"6 minutes\" \/>\n<script type=\"application\/ld+json\" class=\"yoast-schema-graph\">{\"@context\":\"https:\/\/schema.org\",\"@graph\":[{\"@type\":\"WebPage\",\"@id\":\"https:\/\/ostadelahi.com\/music\/child-prodigy\/\",\"url\":\"https:\/\/ostadelahi.com\/music\/child-prodigy\/\",\"name\":\"L\u2019enfant prodige - Ostad Elahi\",\"isPartOf\":{\"@id\":\"https:\/\/ostadelahi.com\/#website\"},\"datePublished\":\"2013-01-22T17:53:03+00:00\",\"dateModified\":\"2020-09-11T17:44:27+00:00\",\"breadcrumb\":{\"@id\":\"https:\/\/ostadelahi.com\/music\/child-prodigy\/#breadcrumb\"},\"inLanguage\":\"fr-FR\",\"potentialAction\":[{\"@type\":\"ReadAction\",\"target\":[\"https:\/\/ostadelahi.com\/music\/child-prodigy\/\"]}]},{\"@type\":\"BreadcrumbList\",\"@id\":\"https:\/\/ostadelahi.com\/music\/child-prodigy\/#breadcrumb\",\"itemListElement\":[{\"@type\":\"ListItem\",\"position\":1,\"name\":\"Home\",\"item\":\"https:\/\/ostadelahi.com\/fr\/\"},{\"@type\":\"ListItem\",\"position\":2,\"name\":\"La musique\",\"item\":\"https:\/\/ostadelahi.com\/music\/\"},{\"@type\":\"ListItem\",\"position\":3,\"name\":\"L\u2019enfant prodige\"}]},{\"@type\":\"WebSite\",\"@id\":\"https:\/\/ostadelahi.com\/#website\",\"url\":\"https:\/\/ostadelahi.com\/\",\"name\":\"Ostad Elahi\",\"description\":\"The official website on the life, work, and music of Ostad Elahi (1895-1974).\",\"potentialAction\":[{\"@type\":\"SearchAction\",\"target\":{\"@type\":\"EntryPoint\",\"urlTemplate\":\"https:\/\/ostadelahi.com\/?s={search_term_string}\"},\"query-input\":\"required name=search_term_string\"}],\"inLanguage\":\"fr-FR\"}]}<\/script>\n<!-- \/ Yoast SEO plugin. -->","yoast_head_json":{"title":"L\u2019enfant prodige - Ostad Elahi","robots":{"index":"index","follow":"follow","max-snippet":"max-snippet:-1","max-image-preview":"max-image-preview:large","max-video-preview":"max-video-preview:-1"},"canonical":"https:\/\/ostadelahi.com\/music\/child-prodigy\/","og_locale":"fr_FR","og_type":"article","og_title":"L\u2019enfant prodige - Ostad Elahi","og_url":"https:\/\/ostadelahi.com\/music\/child-prodigy\/","og_site_name":"Ostad Elahi","article_modified_time":"2020-09-11T17:44:27+00:00","twitter_card":"summary_large_image","twitter_misc":{"Dur\u00e9e de lecture estim\u00e9e":"6 minutes"},"schema":{"@context":"https:\/\/schema.org","@graph":[{"@type":"WebPage","@id":"https:\/\/ostadelahi.com\/music\/child-prodigy\/","url":"https:\/\/ostadelahi.com\/music\/child-prodigy\/","name":"L\u2019enfant prodige - Ostad Elahi","isPartOf":{"@id":"https:\/\/ostadelahi.com\/#website"},"datePublished":"2013-01-22T17:53:03+00:00","dateModified":"2020-09-11T17:44:27+00:00","breadcrumb":{"@id":"https:\/\/ostadelahi.com\/music\/child-prodigy\/#breadcrumb"},"inLanguage":"fr-FR","potentialAction":[{"@type":"ReadAction","target":["https:\/\/ostadelahi.com\/music\/child-prodigy\/"]}]},{"@type":"BreadcrumbList","@id":"https:\/\/ostadelahi.com\/music\/child-prodigy\/#breadcrumb","itemListElement":[{"@type":"ListItem","position":1,"name":"Home","item":"https:\/\/ostadelahi.com\/fr\/"},{"@type":"ListItem","position":2,"name":"La musique","item":"https:\/\/ostadelahi.com\/music\/"},{"@type":"ListItem","position":3,"name":"L\u2019enfant prodige"}]},{"@type":"WebSite","@id":"https:\/\/ostadelahi.com\/#website","url":"https:\/\/ostadelahi.com\/","name":"Ostad Elahi","description":"The official website on the life, work, and music of Ostad Elahi (1895-1974).","potentialAction":[{"@type":"SearchAction","target":{"@type":"EntryPoint","urlTemplate":"https:\/\/ostadelahi.com\/?s={search_term_string}"},"query-input":"required name=search_term_string"}],"inLanguage":"fr-FR"}]}},"_links":{"self":[{"href":"https:\/\/ostadelahi.com\/fr\/wp-json\/wp\/v2\/pages\/1123","targetHints":{"allow":["GET"]}}],"collection":[{"href":"https:\/\/ostadelahi.com\/fr\/wp-json\/wp\/v2\/pages"}],"about":[{"href":"https:\/\/ostadelahi.com\/fr\/wp-json\/wp\/v2\/types\/page"}],"author":[{"embeddable":true,"href":"https:\/\/ostadelahi.com\/fr\/wp-json\/wp\/v2\/users\/1"}],"replies":[{"embeddable":true,"href":"https:\/\/ostadelahi.com\/fr\/wp-json\/wp\/v2\/comments?post=1123"}],"version-history":[{"count":1,"href":"https:\/\/ostadelahi.com\/fr\/wp-json\/wp\/v2\/pages\/1123\/revisions"}],"predecessor-version":[{"id":10240,"href":"https:\/\/ostadelahi.com\/fr\/wp-json\/wp\/v2\/pages\/1123\/revisions\/10240"}],"up":[{"embeddable":true,"href":"https:\/\/ostadelahi.com\/fr\/wp-json\/wp\/v2\/pages\/2069"}],"wp:attachment":[{"href":"https:\/\/ostadelahi.com\/fr\/wp-json\/wp\/v2\/media?parent=1123"}],"curies":[{"name":"wp","href":"https:\/\/api.w.org\/{rel}","templated":true}]}}