{"id":1290,"date":"2013-01-22T12:51:12","date_gmt":"2013-01-22T17:51:12","guid":{"rendered":"https:\/\/ostadelahi.com\/?page_id=1290"},"modified":"2026-01-01T22:59:10","modified_gmt":"2026-01-02T03:59:10","slug":"bibliography","status":"publish","type":"page","link":"https:\/\/ostadelahi.com\/fa\/works-fa\/resources\/bibliography\/","title":{"rendered":"\u06a9\u062a\u0627\u0628\u200c\u0634\u0646\u0627\u0633\u06cc"},"content":{"rendered":"<div class=\"fusion-fullwidth fullwidth-box fusion-builder-row-1 nonhundred-percent-fullwidth non-hundred-percent-height-scrolling\" style=\"--awb-border-radius-top-left:0px;--awb-border-radius-top-right:0px;--awb-border-radius-bottom-right:0px;--awb-border-radius-bottom-left:0px;\" ><div class=\"fusion-builder-row fusion-row\"><div class=\"fusion-layout-column fusion_builder_column fusion-builder-column-0 fusion_builder_column_1_1 1_1 fusion-one-full fusion-column-first fusion-column-last\" style=\"--awb-bg-size:cover;--awb-margin-bottom:0px;\"><div class=\"fusion-column-wrapper fusion-flex-column-wrapper-legacy\"><div class=\"fusion-text fusion-text-1\"><h3>\u0641\u0627\u0631\u0633\u06cc<\/h3>\n<ul>\n<li><em>\u0628\u0631\u0647\u0627\u0646\u200c\u0627\u0644\u062d\u0642\u060c\u00a0<\/em>\u0645\u0624\u0644\u0641 \u0646\u0648\u0631\u0639\u0644\u06cc \u0627\u0644\u0647\u06cc\u060c \u06f1\u06f3\u06f7\u06f3\u060c \u0686\u0627\u067e \u0647\u0634\u062a\u0645<\/li>\n<li><em>\u062d\u0627\u0634\u06cc\u0647 \u0628\u0631\u200c \u062d\u0642\u200c\u0627\u0644\u062d\u0642\u0627\u06cc\u0642\u060c <\/em>\u0645\u0624\u0644\u0641 \u0646\u0648\u0631\u0639\u0644\u06cc \u0627\u0644\u0647\u06cc\u060c \u06f1\u06f3\u06f7\u06f3\u060c \u0686\u0627\u067e \u062f\u0648\u0645<\/li>\n<li><em>\u0645\u0639\u0631\u0641\u062a\u200c\u0627\u0644\u0631\u0648\u062d\u060c <\/em>\u0645\u0624\u0644\u0641 \u0646\u0648\u0631\u0639\u0644\u06cc \u0627\u0644\u0647\u06cc\u060c \u06f1\u06f3\u06f8\u06f9\u060c \u0686\u0627\u067e \u0634\u0634\u0645<\/li>\n<li><em>\u0622\u062b\u0627\u0631\u0627\u0644\u062d\u0642 (\u062c\u0644\u062f \u0627\u0648\u0644)\u060c <\/em>\u06af\u0631\u062f\u0622\u0648\u0631\u06cc \u062f\u06a9\u062a\u0631 \u0628\u0647\u0631\u0627\u0645 \u0627\u0644\u0647\u06cc\u060c \u06f1\u06f3\u06f8\u06f6\u060c \u0686\u0627\u067e \u067e\u0646\u062c\u0645<\/li>\n<li><em>\u0622\u062b\u0627\u0631\u0627\u0644\u062d\u0642 (\u062c\u0644\u062f \u062f\u0648\u0645)\u060c <\/em>\u06af\u0631\u062f\u0622\u0648\u0631\u06cc \u062f\u06a9\u062a\u0631 \u0628\u0647\u0631\u0627\u0645 \u0627\u0644\u0647\u06cc\u060c \u06f1\u06f3\u06f7\u06f3\u060c \u0686\u0627\u067e \u062f\u0648\u0645<\/li>\n<li><em>\u0628\u0631\u06af\u0632\u06cc\u062f\u0647 (\u0622\u062b\u0627\u0631\u0627\u0644\u062d\u0642)\u060c <\/em>\u06af\u0631\u062f\u0622\u0648\u0631\u06cc \u062f\u06a9\u062a\u0631 \u0628\u0647\u0631\u0627\u0645 \u0627\u0644\u0647\u06cc\u060c \u06f1\u06f3\u06f8\u06f7\u060c \u0686\u0627\u067e \u0627\u0648\u0644<\/li>\n<li><em>\u06f1\u06f0\u06f0 \u06af\u0641\u062a\u0627\u0631\u060c <\/em>\u06af\u0631\u062f\u0622\u0648\u0631\u06cc \u062f\u06a9\u062a\u0631 \u0628\u0647\u0631\u0627\u0645 \u0627\u0644\u0647\u06cc\u060c \u0686\u0627\u067e \u0627\u0648\u0644\u060c\u200c \u06f1\u06f3\u06f7\u06f9<\/li>\n<\/ul>\n<h3>\u0627\u0646\u06af\u0644\u06cc\u0633\u06cc<\/h3>\n<div style=\"direction: ltr;\">\n<ul>\n<li><em>Knowing the Spirit<\/em>. Translated and with an introduction by James Winston Morris. (Albany: SUNY Press, 2007) ISBN 978-0-7914-6858-6<\/li>\n<li><em>Words of Faith: Prayers of Ostad Elahi<\/em> (Paris: Robert Laffont, 1995) ISBN 978-2-911331-02-2<\/li>\n<li><em>100 Maxims of Guidance<\/em>. Introduction by Bahram Elahi. (Paris: Robert Laffont, 1995) ISBN 978-2-911331-00-8<\/li>\n<\/ul>\n<\/div>\n<h3>\u0641\u0631\u0627\u0646\u0633\u0647<\/h3>\n<div style=\"direction: ltr;\">\n<ul>\n<li><em>Maximes de Guidance: Principes de sagesse universelle<\/em>. (Pocket Agora, 2015)\u00a0ISBN 978-2266227773<\/li>\n<li><em>Paroles de V\u00e9rit\u00e9<\/em>. Translated by Leili Anvar. (Albin Michel, 2014) ISBN 978-2-226-253910<\/li>\n<li><em>Connaissance de l&#8217;\u00e2me<\/em>. Translated by Clara Deville. (L&#8217;Harmattan, 2001) ISBN 2-7475-0452-2<\/li>\n<li><em>Confidences<\/em><em>:<\/em><em> Pri\u00e8res d&#8217;Ostad Elahi<\/em> (Robert Laffont, 1995) ISBN 978-2-221-08205-8<\/li>\n<li><em>100 maximes de guidance<\/em>. (Paris: Robert Laffont, 1995) ISBN 978-2221082065<\/li>\n<\/ul>\n<\/div>\n<h3>\u0627\u06cc\u062a\u0627\u0644\u06cc\u0627\u06cc\u06cc<\/h3>\n<div style=\"direction: ltr;\">\n<ul>\n<li><em> Parole di Verit\u00e0<\/em>. (Mondadori, 2016) ISBN 978-8891809100<\/li>\n<li><em>Pensieri di Luce<\/em>. (Mondadori, 2000) ISBN 978-8804448105<\/li>\n<\/ul>\n<\/div>\n<h3>\u0622\u0644\u0645\u0627\u0646\u06cc<\/h3>\n<div style=\"direction: ltr;\">\n<ul>\n<li><em>100 Maximen der F\u00fchrung<\/em>. (Ibera, Wien, 2009) ISBN 978-3850522748<\/li>\n<\/ul>\n<\/div>\n<h3>\u062a\u0631\u06a9\u06cc<\/h3>\n<div style=\"direction: ltr;\">\n<ul>\n<li><em>Hakikat S\u00f6zleri<\/em>. (Do\u011fan Kitap, 2017) ISBN: 978-605-09-4008-4<\/li>\n<\/ul>\n<\/div>\n<\/div><div class=\"fusion-sep-clear\"><\/div><div class=\"fusion-separator fusion-full-width-sep\" style=\"margin-left: auto;margin-right: auto;margin-top:40px;margin-bottom:40px;width:100%;\"><div class=\"fusion-separator-border sep-shadow\" style=\"--awb-height:20px;--awb-amount:20px;background:radial-gradient(ellipse at 50% -50% , #e0dede 0px, rgba(255, 255, 255, 0) 80%) repeat scroll 0 0 rgba(0, 0, 0, 0);background:-webkit-radial-gradient(ellipse at 50% -50% , #e0dede 0px, rgba(255, 255, 255, 0) 80%) repeat scroll 0 0 rgba(0, 0, 0, 0);background:-moz-radial-gradient(ellipse at 50% -50% , #e0dede 0px, rgba(255, 255, 255, 0) 80%) repeat scroll 0 0 rgba(0, 0, 0, 0);background:-o-radial-gradient(ellipse at 50% -50% , #e0dede 0px, rgba(255, 255, 255, 0) 80%) repeat scroll 0 0 rgba(0, 0, 0, 0);\"><\/div><\/div><div class=\"fusion-sep-clear\"><\/div><div class=\"fusion-text fusion-text-2\"><h2 style=\"text-align: center;\">\u0622\u062b\u0627\u0631 \u0645\u0646\u062a\u0634\u0631 \u0634\u062f\u0647 \u062f\u0631 \u0645\u0648\u0631\u062f \u0632\u0646\u062f\u06af\u06cc \u0648 \u0645\u0634\u06cc \u0641\u06a9\u0631\u06cc \u0627\u0633\u062a\u0627\u062f \u0627\u0644\u0647\u06cc<\/h2>\n<h3>\u0641\u0627\u0631\u0633\u06cc<\/h3>\n<ul>\n<li>\u067e\u0627<em>\u06cc\u0647\u200c\u0647\u0627\u06cc \u0633\u06cc\u0631 \u06a9\u0645\u0627\u0644 \u0631\u0648\u062d\u06cc \u0627\u0646\u0633\u0627\u0646: \u0631\u0627\u0647\u0646\u0645\u0627\u06cc \u0639\u0645\u0644\u06cc<\/em>\u060c \u0645\u0624\u0644\u0641 \u062f\u06a9\u062a\u0631 \u0628\u0647\u0631\u0627\u0645 \u0627\u0644\u0647\u06cc\u060c \u06f1\u06f3\u06f9\u06f8 \u0686\u0627\u067e \u0627\u0648\u0644<\/li>\n<li><em>\u0645\u0644\u06a9\u200c\u062c\u0627\u0646 \u0646\u0639\u0645\u062a\u06cc: \u0639\u0645\u0631 \u0628\u0634\u0631 \u06a9\u0648\u062a\u0627\u0647 \u0646\u06cc\u0633\u062a\u060c \u0648\u0644\u06cc \u0648\u0642\u062a \u0628\u0634\u0631 \u0645\u0648\u0642\u062a \u0627\u0633\u062a\u060c <\/em>\u0645\u0624\u0644\u0641 \u0644\u06cc\u0644\u06cc \u0627\u0646\u0648\u0631\u060c \u06f1\u06f3\u06f8\u06f8 \u0686\u0627\u067e \u0627\u0648\u0644<\/li>\n<li><em>\u0631\u0627\u0647 \u06a9\u0645\u0627\u0644\u060c <\/em>\u0645\u0624\u0644\u0641 \u062f\u06a9\u062a\u0631 \u0628\u0647\u0631\u0627\u0645 \u0627\u0644\u0647\u06cc\u060c \u0686\u0627\u067e \u0646\u0647\u0645\u060c\u200c\u06f1\u06f3\u06f8\u06f2<\/li>\n<li><em>\u0645\u0639\u0646\u0648\u06cc\u062a \u06cc\u06a9 \u0639\u0644\u0645 \u0627\u0633\u062a\u060c <\/em>\u0645\u0624\u0644\u0641 \u062f\u06a9\u062a\u0631 \u0628\u0647\u0631\u0627\u0645 \u0627\u0644\u0647\u06cc\u060c \u0686\u0627\u067e \u0686\u0647\u0627\u0631\u0645\u060c \u06f1\u06f3\u06f8\u06f4<\/li>\n<li><em>\u0637\u0628 \u0631\u0648\u062d\u060c <\/em>\u0645\u0624\u0644\u0641 \u062f\u06a9\u062a\u0631 \u0628\u0647\u0631\u0627\u0645 \u0627\u0644\u0647\u06cc\u060c \u0686\u0627\u067e \u0647\u0641\u062a\u0645\u060c \u06f1\u06f3\u06f8\u06f3<\/li>\n<li><em>\u0645\u0628\u0627\u0646\u06cc \u0645\u0639\u0646\u0648\u06cc\u062a \u0641\u0637\u0631\u06cc\u060c <\/em>\u0645\u0624\u0644\u0641 \u062f\u06a9\u062a\u0631 \u0628\u0647\u0631\u0627\u0645 \u0627\u0644\u0647\u06cc\u060c \u0686\u0627\u067e \u0686\u0647\u0627\u0631\u0645\u060c \u06f1\u06f3\u06f8\u06f2<\/li>\n<li><em>\u0631\u0648\u062d \u0646\u063a\u0645\u0627\u062a\u060c\u200c <\/em>\u0645\u0624\u0644\u0641 \u0698\u0627\u0646 \u062f\u0648\u0631\u06cc\u0646\u06af\u060c \u0686\u0627\u067e \u067e\u0646\u062c\u0645\u060c \u06f1\u06f3\u06f8\u06f2<\/li>\n<\/ul>\n<h3>\u0627\u0646\u06af\u0644\u06cc\u0633\u06cc<\/h3>\n<div style=\"direction: ltr;\">\n<ul>\n<li><i>Fundamentals of the Process of Spiritual Perfection: A Practical Guide<\/i>. By Bahram Elahi, MD. (New York: Monkfish Book Publishing Company, 2022). ISBN 978-1-948626-61-3<\/li>\n<li><em>Malak Jan Nemati: Life Isn&#8217;t Short, but Time Is Limited<\/em>. By Leili Anvar. (New York: Arpeggio Press, 2012). ISBN 978-0-9834320-2-9<\/li>\n<li><em>Self-knowledge and the practice of ethics: Ostad Elahi&#8217;s concept of the \u201cimperious self\u201d<\/em>. During, E. (2011). Annals of the New York Academy of Sciences, 1234: 149\u2013157. doi: 10.1111\/j.1749-6632.2011.06203.x<\/li>\n<li><em>Shifting Perspectives: Changing Your Outlook for Positive Results<\/em>. By Olivier Brizevac and Emmanuel Comte, translated by Benjamin Ivry. (New York: Paraview, 2007) ISBN 978-0-9764986-5-0<\/li>\n<li><em>Ostad Elahi on Spirituality in Everyday Life<\/em>. By James W. Morris. (Public Lecture presented at University of California at Santa Barbara, Department of Religion, May 2, 2007)<\/li>\n<li><em>Overcoming Jealousy<\/em>. By Beatrice Guernier and Agnes Rousseau, translated by Benjamin Ivry. (New York, Paraview, 2006) ISBN 978-0-9764986-4-3<\/li>\n<li><em>The Path of Perfection<\/em>. By Bahram Elahi. (New York: Paraview, 2005) ISBN 978-0-9764986-0-5<\/li>\n<li><em>Orientations: Islamic Thought in a World Civilization<\/em>. By James Winston Morris. (Archetype, 2004) ISBN 978-1-901383-10-2<\/li>\n<li><em>The Spirit of Sounds: The Unique Art of Ostad Elahi<\/em>. By Jean During. (New York: Cornwall Books, 2003) ISBN 978-0-8453-4884-0<\/li>\n<li><em>Medicine of the Soul: Foundations of Natural Spirituality<\/em>. By Bahram Elahi. (New York: Cornwall Books, 2001) ISBN 978-0-8453-4875-8<\/li>\n<li><em>Spirituality is a Science: Foundations of Natural Spirituality<\/em>. By Bahram Elahi. (New York: Cornwall Books, 1999) ISBN 978-0-8453-4868-0<\/li>\n<li><em>Foundations of Natural Spirituality: A Scientific Approach to the Nature of the Spiritual Self<\/em>. By Bahram Elahi (Dorset: Element Books, 1998) ISBN 978-1-86204-238-4<\/li>\n<li>&#8220;Symposium on Spirituality Celebrates the Centennial of Ostad Elahi.&#8221; In UNESCO News, Vol. 2, No. 6, (November 10, 1995)<\/li>\n<li><em>The Life and Work of Ostad Elahi<\/em>. Directed by Marion Sarraut. (A video published on the occasion of his centenary in 1995)<\/li>\n<li><em>&#8220;Unicity&#8221; A Collection of Photographs of Ostad Elahi 1895-1974<\/em>. [Centennial Commemoration Volume] (Paris: Robert Laffont, 1995) ISBN 978-2-911331-01-5<\/li>\n<li><em>The Way of Light<\/em>. By Bahram Elahi. (Dorset: Element Books, 1993) ISBN 978-1-85230-381-5<\/li>\n<\/ul>\n<\/div>\n<h3>\u0641\u0631\u0627\u0646\u0633\u0647<\/h3>\n<div style=\"direction: ltr;\">\n<ul>\n<li>\n<div><i>Fondamentaux du perfectionnement spirituel: Le guide pratique<\/i>. Bahram Elahi (Paris: \u00c9ditions Dervy, 2019) ISBN 979-10-242-0544-1<\/div>\n<\/li>\n<li><em>La Voie de la Perfection: Introduction \u00e1 la pens\u00e9e d\u2019Ostad Elahi<\/em>. Bahram Elahi (Paris: Albin Michel, 2018) ISBN 978-2-226-40050-5<\/li>\n<li><em>Ostad Elahi et la Tradition: Droit, philosophie et mystique en Iran &#8211; Vol I<\/em>. S. Marin (Bruxelles: \u00e9ditions Safran, 2011) ISBN 978-2-87457-037-7<\/li>\n<li><em>Ostad Elahi et la modernit\u00e9. Droit, philosophie et magistrature en Iran &#8211; Vol II<\/em>. S. Marin (Bruxelles: \u00e9ditions Safran, 2011) ISBN 978-2-87457-038-4<\/li>\n<li><em>V\u00e9rit\u00e9 et jugement: Ostad Elahi, juge et philosophe iranien (1895\u20131974)<\/em>. S. Marin. Th\u00e8se de l&#8217;Universit\u00e9 de Paris-X, Nanterre (2006)<\/li>\n<li><em>Ostad Elahi et les droits de l&#8217;homme: Ethique et modernit\u00e9<\/em>, in Le Code civil et les droits de l&#8217;homme, textes r\u00e9unis et publi\u00e9s par Jean-Luc Chabot, Philippe Didier, J\u00e9r\u00f4me Ferrand, (Paris: L&#8217;Harmattan, 2005) pp. 418\u2013434. ISBN 2-7475-8893-9<\/li>\n<li><em>Une philosophie du droit en Islam? Un exemple iranien<\/em>, Journ\u00e9es de la recherche en th\u00e9orie et philosophie juridiques et politiques, p. 23<\/li>\n<li><em>La Voie de la Perfection<\/em>. Bahram Elahi. (Paris: Albin Michel, 2002) ISBN 978-2-226-13260-4<\/li>\n<li><em>L&#8217;\u00e9veil de l&#8217;intelligence spirituelle et les dimensions du processus \u00e9thique selon Ostad Elahi<\/em>. By James Winston Morris. In Dieu a-t-il sa place dans la ethique?, ed. E. During, 86-99. (Paris: L&#8217;Harmattan, 2002) ISBN 2-7475-2168-0<\/li>\n<li><em>L&#8217;\u00e2me des sons<\/em>. Jean During. (Gordes: Editions du Reli\u00e9, 2001) ISBN 978-2-909698-71-7<\/li>\n<li><em>Le r\u00f4le de la traduction et de l&#8217;interpr\u00e9tation du droit en Iran dans la premi\u00e8re moiti\u00e9 du XX\u00e8me si\u00e8cle: l&#8217;exemple d&#8217;Ostad Elahi (1895\u20131974)<\/em>, S. Marin and F. Ameli. Droit et Cultures, Revue trimestrielle d&#8217;anthropologie et d&#8217;histoire, publi\u00e9e avec le concours du CNRS, 44\/2001, pp. 183\u2013201.<\/li>\n<li><em>M\u00e9decine de l&#8217;\u00e2me<\/em>. Bahram Elahi. (Paris: Editions Dervy, 2000) ISBN 978-2-84454-023-2<\/li>\n<li><em>La spiritualit\u00e9 est une science<\/em>. Bahram Elahi. (Paris: Editions Dervy, 1997) ISBN 978-2-85076-927-6<\/li>\n<li><em>Fondements de la Spiritualit\u00e9 Naturelle<\/em>. Bahram Elahi. (Paris: Editions Dervy, 1996) ISBN 978-2-85076-860-6<\/li>\n<li><em>Le Spirituel: Pluralit\u00e9 et Unit\u00e9<\/em> [<em>The Acta of the Symposium, &#8220;Spirituality: Plurality and Unity&#8221;<\/em>] (Presses de l&#8217;Universit\u00e9 de Paris-Sorbonne, 1996)<\/li>\n<li><em>La Pens\u00e9e d&#8217;Ostad Elahi<\/em>. In Le Spirituel: pluralit\u00e9 et unit\u00e9, actes du symposium (Cahiers d&#8217;Anthropologie Religieuse, ed. M. Meslin, volume 5), 137-147 (Presses de l&#8217;Univesit\u00e9, 1996)<\/li>\n<li><em>De l&#8217;unit\u00e9 des religions<\/em> et <em>Conclusion<\/em>. Andrei Chouraqui. Cahiers d&#8217;Anthropologie Religieuse, n\u00b0 5, under the direction of Professor Michel Meslin, University of Paris-Sorbonne Press, 1996, pp. 25\u201333, 187-88<\/li>\n<li><em>Ethique et droit<\/em>. F. Terre, Symposium in French Supreme Court (Sept. 1995), in Cahiers d&#8217;Anthropologie Religieuse, n\u00b0 5, under the direction of Professor Michel Meslin, University of Paris-Sorbonne Press, 1996, pp. 179\u2013186.<\/li>\n<li><em>Musique Et Mystique Dans Les Traditions de L&#8217;Iran<\/em>. By Jean During. (Paris: Institut fran\u00e7ais de recherche en Iran, 1989) ISBN 978-90-6831-191-4<\/li>\n<li><em>Le Chemin de la Lumi\u00e8re<\/em>. Bahram Elahi. (Paris: Albin Michel, 1985) ISBN 978-2-226-02467-1<\/li>\n<\/ul>\n<\/div>\n<h3>\u0622\u0644\u0645\u0627\u0646\u06cc<\/h3>\n<div style=\"direction: ltr;\">\n<ul>\n<li><em>Malek Jan Nemati, Das Leben ist nicht kurz, nur unsere Tage sind gez\u00e4hlt<\/em>. Leili Anvar. (Ibera, Wien, 2007)\u00a0ISBN 978-3850523011<\/li>\n<li><em>Spiritualit\u00e4t ist eine Wissenschaft<\/em>. Bahram Elahi. (Wien: Ibera Verlag, 2001) ISBN 978-3-85052-112-3<\/li>\n<li><em>Grundlagen Nat\u00fcrlicher Spiritualit\u00e4t<\/em>. Bahram Elahi. (Wien: Ibera Verlag, 1999) ISBN 978-3-900436-85-8<\/li>\n<\/ul>\n<\/div>\n<h3>\u0627\u06cc\u062a\u0627\u0644\u06cc\u0627\u06cc\u06cc<\/h3>\n<div style=\"direction: ltr;\">\n<ul>\n<li><i>La Via della Perfezione.\u00a0Introduzione al pensiero di Ostad Elahi.<\/i>\u00a0Di Bahram Elahi. (Mondadori, 2020) ISBN 978-88-91829-01-6<\/li>\n<li><em>Malek Jan Ne\u2019mati: La vita non \u00e8 breve ma il nostro tempo \u00e8 limitato<\/em>. Di Leili Anvar. (Empir\u00eca, Roma 2010). ISBN 978-88-96218-09-9<\/li>\n<li><em>L\u2019anima dei suoni<\/em>. Di Jean During. (Chemins de tr@verse, 2011) ISBN 978-2-313-00297-1<\/li>\n<li><i>La Via della Perfezione<\/i>. Di Bahram Elahi. (Astrolabio Ubaldini, 2004) ISBN 978-88-340-0699-3<\/li>\n<\/ul>\n<\/div>\n<h3>\u0644\u0647\u0633\u062a\u0627\u0646\u06cc<\/h3>\n<div style=\"direction: ltr;\">\n<ul>\n<li><em>Droga do doskona\u0142o\u015bci<\/em>. Bahram Elahi. (Warszawa: Nowe Wydawnictwo Polskie, 1991) ISBN 978-83-85135-07-4<\/li>\n<\/ul>\n<\/div>\n<h3>\u06cc\u0648\u0646\u0627\u0646\u06cc<\/h3>\n<div style=\"direction: ltr;\">\n<ul>\n<li><em>\u0389 \u1f41\u03b4\u1f78\u03c2 \u03c4\u1fc6\u03c2 \u03c4\u03b5\u03bb\u03b5\u03b9\u03cc\u03c4\u03b7\u03c4\u03b1\u03c2<\/em>. Bahram Elahi. (\u0395\u03ba\u03ac\u03c4\u03b7, 1994)<\/li>\n<\/ul>\n<\/div>\n<\/div><div class=\"fusion-clearfix\"><\/div><\/div><\/div><\/div><\/div>\n","protected":false},"excerpt":{"rendered":"","protected":false},"author":1,"featured_media":0,"parent":2131,"menu_order":2,"comment_status":"closed","ping_status":"closed","template":"side-navigation.php","meta":{"footnotes":""},"class_list":["post-1290","page","type-page","status-publish","hentry"],"yoast_head":"<!-- This site is optimized with the Yoast SEO plugin v20.3 - https:\/\/yoast.com\/wordpress\/plugins\/seo\/ -->\n<title>\u06a9\u062a\u0627\u0628\u200c\u0634\u0646\u0627\u0633\u06cc - Ostad Elahi<\/title>\n<meta name=\"robots\" content=\"index, follow, max-snippet:-1, max-image-preview:large, max-video-preview:-1\" \/>\n<link rel=\"canonical\" href=\"https:\/\/ostadelahi.com\/fa\/works-fa\/resources\/bibliography\/\" \/>\n<meta property=\"og:locale\" content=\"fa_IR\" \/>\n<meta property=\"og:type\" content=\"article\" \/>\n<meta property=\"og:title\" content=\"\u06a9\u062a\u0627\u0628\u200c\u0634\u0646\u0627\u0633\u06cc - Ostad Elahi\" \/>\n<meta property=\"og:url\" content=\"https:\/\/ostadelahi.com\/fa\/works-fa\/resources\/bibliography\/\" \/>\n<meta property=\"og:site_name\" content=\"Ostad Elahi\" \/>\n<meta property=\"article:modified_time\" content=\"2026-01-02T03:59:10+00:00\" \/>\n<meta name=\"twitter:card\" content=\"summary_large_image\" \/>\n<meta name=\"twitter:label1\" content=\"\u0632\u0645\u0627\u0646 \u062a\u0642\u0631\u06cc\u0628\u06cc \u0628\u0631\u0627\u06cc \u062e\u0648\u0627\u0646\u062f\u0646\" \/>\n\t<meta name=\"twitter:data1\" content=\"6 \u062f\u0642\u06cc\u0642\u0647\" \/>\n<script type=\"application\/ld+json\" class=\"yoast-schema-graph\">{\"@context\":\"https:\/\/schema.org\",\"@graph\":[{\"@type\":\"WebPage\",\"@id\":\"https:\/\/ostadelahi.com\/fa\/works-fa\/resources\/bibliography\/\",\"url\":\"https:\/\/ostadelahi.com\/fa\/works-fa\/resources\/bibliography\/\",\"name\":\"\u06a9\u062a\u0627\u0628\u200c\u0634\u0646\u0627\u0633\u06cc - Ostad Elahi\",\"isPartOf\":{\"@id\":\"https:\/\/ostadelahi.com\/#website\"},\"datePublished\":\"2013-01-22T17:51:12+00:00\",\"dateModified\":\"2026-01-02T03:59:10+00:00\",\"breadcrumb\":{\"@id\":\"https:\/\/ostadelahi.com\/fa\/works-fa\/resources\/bibliography\/#breadcrumb\"},\"inLanguage\":\"fa-IR\",\"potentialAction\":[{\"@type\":\"ReadAction\",\"target\":[\"https:\/\/ostadelahi.com\/fa\/works-fa\/resources\/bibliography\/\"]}]},{\"@type\":\"BreadcrumbList\",\"@id\":\"https:\/\/ostadelahi.com\/fa\/works-fa\/resources\/bibliography\/#breadcrumb\",\"itemListElement\":[{\"@type\":\"ListItem\",\"position\":1,\"name\":\"Home\",\"item\":\"https:\/\/ostadelahi.com\/fa\/\"},{\"@type\":\"ListItem\",\"position\":2,\"name\":\"\u0622\u062b\u0627\u0631\",\"item\":\"https:\/\/ostadelahi.com\/works\/\"},{\"@type\":\"ListItem\",\"position\":3,\"name\":\"\u0645\u0646\u0627\u0628\u0639\",\"item\":\"https:\/\/ostadelahi.com\/works\/resources\/\"},{\"@type\":\"ListItem\",\"position\":4,\"name\":\"\u06a9\u062a\u0627\u0628\u200c\u0634\u0646\u0627\u0633\u06cc\"}]},{\"@type\":\"WebSite\",\"@id\":\"https:\/\/ostadelahi.com\/#website\",\"url\":\"https:\/\/ostadelahi.com\/\",\"name\":\"Ostad Elahi\",\"description\":\"The official website on the life, work, and music of Ostad Elahi (1895-1974).\",\"potentialAction\":[{\"@type\":\"SearchAction\",\"target\":{\"@type\":\"EntryPoint\",\"urlTemplate\":\"https:\/\/ostadelahi.com\/?s={search_term_string}\"},\"query-input\":\"required name=search_term_string\"}],\"inLanguage\":\"fa-IR\"}]}<\/script>\n<!-- \/ Yoast SEO plugin. -->","yoast_head_json":{"title":"\u06a9\u062a\u0627\u0628\u200c\u0634\u0646\u0627\u0633\u06cc - Ostad Elahi","robots":{"index":"index","follow":"follow","max-snippet":"max-snippet:-1","max-image-preview":"max-image-preview:large","max-video-preview":"max-video-preview:-1"},"canonical":"https:\/\/ostadelahi.com\/fa\/works-fa\/resources\/bibliography\/","og_locale":"fa_IR","og_type":"article","og_title":"\u06a9\u062a\u0627\u0628\u200c\u0634\u0646\u0627\u0633\u06cc - Ostad Elahi","og_url":"https:\/\/ostadelahi.com\/fa\/works-fa\/resources\/bibliography\/","og_site_name":"Ostad Elahi","article_modified_time":"2026-01-02T03:59:10+00:00","twitter_card":"summary_large_image","twitter_misc":{"\u0632\u0645\u0627\u0646 \u062a\u0642\u0631\u06cc\u0628\u06cc \u0628\u0631\u0627\u06cc \u062e\u0648\u0627\u0646\u062f\u0646":"6 \u062f\u0642\u06cc\u0642\u0647"},"schema":{"@context":"https:\/\/schema.org","@graph":[{"@type":"WebPage","@id":"https:\/\/ostadelahi.com\/fa\/works-fa\/resources\/bibliography\/","url":"https:\/\/ostadelahi.com\/fa\/works-fa\/resources\/bibliography\/","name":"\u06a9\u062a\u0627\u0628\u200c\u0634\u0646\u0627\u0633\u06cc - Ostad Elahi","isPartOf":{"@id":"https:\/\/ostadelahi.com\/#website"},"datePublished":"2013-01-22T17:51:12+00:00","dateModified":"2026-01-02T03:59:10+00:00","breadcrumb":{"@id":"https:\/\/ostadelahi.com\/fa\/works-fa\/resources\/bibliography\/#breadcrumb"},"inLanguage":"fa-IR","potentialAction":[{"@type":"ReadAction","target":["https:\/\/ostadelahi.com\/fa\/works-fa\/resources\/bibliography\/"]}]},{"@type":"BreadcrumbList","@id":"https:\/\/ostadelahi.com\/fa\/works-fa\/resources\/bibliography\/#breadcrumb","itemListElement":[{"@type":"ListItem","position":1,"name":"Home","item":"https:\/\/ostadelahi.com\/fa\/"},{"@type":"ListItem","position":2,"name":"\u0622\u062b\u0627\u0631","item":"https:\/\/ostadelahi.com\/works\/"},{"@type":"ListItem","position":3,"name":"\u0645\u0646\u0627\u0628\u0639","item":"https:\/\/ostadelahi.com\/works\/resources\/"},{"@type":"ListItem","position":4,"name":"\u06a9\u062a\u0627\u0628\u200c\u0634\u0646\u0627\u0633\u06cc"}]},{"@type":"WebSite","@id":"https:\/\/ostadelahi.com\/#website","url":"https:\/\/ostadelahi.com\/","name":"Ostad Elahi","description":"The official website on the life, work, and music of Ostad Elahi (1895-1974).","potentialAction":[{"@type":"SearchAction","target":{"@type":"EntryPoint","urlTemplate":"https:\/\/ostadelahi.com\/?s={search_term_string}"},"query-input":"required name=search_term_string"}],"inLanguage":"fa-IR"}]}},"_links":{"self":[{"href":"https:\/\/ostadelahi.com\/fa\/wp-json\/wp\/v2\/pages\/1290","targetHints":{"allow":["GET"]}}],"collection":[{"href":"https:\/\/ostadelahi.com\/fa\/wp-json\/wp\/v2\/pages"}],"about":[{"href":"https:\/\/ostadelahi.com\/fa\/wp-json\/wp\/v2\/types\/page"}],"author":[{"embeddable":true,"href":"https:\/\/ostadelahi.com\/fa\/wp-json\/wp\/v2\/users\/1"}],"replies":[{"embeddable":true,"href":"https:\/\/ostadelahi.com\/fa\/wp-json\/wp\/v2\/comments?post=1290"}],"version-history":[{"count":7,"href":"https:\/\/ostadelahi.com\/fa\/wp-json\/wp\/v2\/pages\/1290\/revisions"}],"predecessor-version":[{"id":17571,"href":"https:\/\/ostadelahi.com\/fa\/wp-json\/wp\/v2\/pages\/1290\/revisions\/17571"}],"up":[{"embeddable":true,"href":"https:\/\/ostadelahi.com\/fa\/wp-json\/wp\/v2\/pages\/2131"}],"wp:attachment":[{"href":"https:\/\/ostadelahi.com\/fa\/wp-json\/wp\/v2\/media?parent=1290"}],"curies":[{"name":"wp","href":"https:\/\/api.w.org\/{rel}","templated":true}]}}