{"id":722,"date":"2013-01-22T12:44:30","date_gmt":"2013-01-22T17:44:30","guid":{"rendered":"https:\/\/ostadelahi.com\/demonstration-of-the-truth-2\/"},"modified":"2023-08-09T13:59:12","modified_gmt":"2023-08-09T18:59:12","slug":"beweis-der-wahrheit","status":"publish","type":"page","link":"https:\/\/ostadelahi.com\/de\/werk\/publikationen\/beweis-der-wahrheit\/","title":{"rendered":"Beweis der Wahrheit"},"content":{"rendered":"<div class=\"fusion-fullwidth fullwidth-box fusion-builder-row-1 nonhundred-percent-fullwidth non-hundred-percent-height-scrolling\" style=\"--awb-border-radius-top-left:0px;--awb-border-radius-top-right:0px;--awb-border-radius-bottom-right:0px;--awb-border-radius-bottom-left:0px;\" ><div class=\"fusion-builder-row fusion-row\"><div class=\"fusion-layout-column fusion_builder_column fusion-builder-column-0 fusion_builder_column_1_1 1_1 fusion-one-full fusion-column-first fusion-column-last\" style=\"--awb-bg-size:cover;--awb-margin-bottom:0px;\"><div class=\"fusion-column-wrapper fusion-flex-column-wrapper-legacy\"><div class=\"fusion-text fusion-text-1\"><p>Die Werke von Ostad Elahi, die bislang in ver\u00f6ffentlichter Form vorliegen, sind <em>Beweis der Wahrheit <\/em>(Borhan ol-Haqq, 1963), <em>Kommentar zum Buch der K\u00f6nige der Wahrheit<\/em> (Haschieh bar Haqq ol-Haqayeq, 1967), und\u00a0<em>Erkenntnis der Seele<\/em> (Marefat ol-Ruh, 1969).\u00a0Hinzu kommen zwei B\u00e4nde m\u00fcndlicher Unterweisungen mit dem Titel <em>Asar ol-Haqq<\/em>, die von seinem Sohn Bahram Elahi zusammengestellt und herausgegeben wurden (Spuren der Wahrheit, Band 1, 1978 und Band 2, 1992).<\/p>\n<h2>Beweis der Wahrheit<\/h2>\n<\/div><div class=\"fusion-clearfix\"><\/div><\/div><\/div><div class=\"fusion-layout-column fusion_builder_column fusion-builder-column-1 fusion_builder_column_2_3 2_3 fusion-two-third fusion-column-first\" style=\"--awb-bg-size:cover;--awb-margin-bottom:0px;width:65.3333%; margin-right: 4%;\"><div class=\"fusion-column-wrapper fusion-flex-column-wrapper-legacy\"><div class=\"fusion-text fusion-text-2\"><p><em>Beweis der Wahrheit<\/em> (Borhan ol-Haqq) wurde 1963 ver\u00f6ffentlicht und stellt die erste zuverl\u00e4ssig recherchierte und umfassende Abhandlung \u00fcber die Geschichte, Wurzeln, Glaubens\u00fcberzeugungen, Riten und Lehren der mystischen Ahl-e-Haqq-Gemeinschaft dar.<\/p>\n<p>Diese Forschungsarbeit dient zum einen als Referenz f\u00fcr Wissenschaftler, insbesondere Orientalisten, die die Lehren der Ahl-e Haqq studieren m\u00f6chten, zum anderen als Richtlinie f\u00fcr die Mitglieder der Ahl-e-Haqq-Gemeinschaft selbst, um ein besseres Verst\u00e4ndnis der Grundprinzipien und Rituale ihres Ordens gewinnen zu k\u00f6nnen.<\/p>\n<p>Die Ver\u00f6ffentlichung dieser Abhandlung wird als wichtiger Meilenstein in der Geschichte der Ahl-e Haqq betrachtet, deren Lehren und Prinzipien bis dato noch nie Gegenstand systematischer Studien waren. Im Lauf der Geschichte durchlief die Ahl-e-Haqq-Gemeinschaft, die sich geographisch \u00fcber die L\u00e4nder Irak, Syrien, T\u00fcrkei, Aserbeidschan und Iran verteilt, zahlreiche Ver\u00e4nderungen, wovon die starken Abweichungen in der Anwendung der rituellen Praktiken, zuweilen sogar in den Grundannahmen ihres Glaubens, zeugen. Diese Situation zog eine Zersplitterung der Gemeinschaft in verschiedene Untergruppen nach sich, von denen jede f\u00fcr sich ungeachtet dieser Uneinigkeit reklamierte, der urspr\u00fcnglichen Lehre treu geblieben zu sein. Ber\u00fccksichtigt man zudem den geheimen Charakter ihrer Br\u00e4uche und Rituale, erscheint jeder Versuch, zu einer einheitlichen Glaubenslehre zu gelangen, ein schwieriges Unterfangen zu sein.<\/p>\n<\/div><div class=\"fusion-clearfix\"><\/div><\/div><\/div><div class=\"fusion-layout-column fusion_builder_column fusion-builder-column-2 fusion_builder_column_1_3 1_3 fusion-one-third fusion-column-last book-cover\" style=\"--awb-padding-top:20px;--awb-padding-right:20px;--awb-padding-bottom:10px;--awb-padding-left:20px;--awb-bg-size:cover;--awb-border-color:#d60000;--awb-border-top:0;--awb-border-right:0;--awb-border-bottom:0;--awb-border-left:0;--awb-border-style:solid;--awb-margin-bottom:10px;width:30.6666%;\"><div class=\"fusion-column-wrapper fusion-flex-column-wrapper-legacy\"><div class=\"fusion-image-element fusion-image-align-center in-legacy-container\" style=\"text-align:center;--awb-bottom-shadow-color:rgba(0,0,0,0.4);--awb-caption-title-size:var(--h2_typography-font-size);--awb-caption-title-transform:var(--h2_typography-text-transform);--awb-caption-title-line-height:var(--h2_typography-line-height);--awb-caption-title-letter-spacing:var(--h2_typography-letter-spacing);\"><div class=\"imageframe-align-center\"><div class=\"awb-image-frame awb-image-frame-1 fusion-image-frame-bottomshadow image-frame-shadow-1\"><span class=\" fusion-imageframe imageframe-bottomshadow imageframe-1 element-bottomshadow hover-type-none\"><img decoding=\"async\" width=\"300\" height=\"467\" title=\"borhan-ol-haqq-300\" src=\"https:\/\/ostadelahi.com\/wp-content\/uploads\/Borhan-ol-Haqq-300.jpg\" alt class=\"img-responsive wp-image-4779\" srcset=\"https:\/\/ostadelahi.com\/wp-content\/uploads\/Borhan-ol-Haqq-300-200x311.jpg 200w, https:\/\/ostadelahi.com\/wp-content\/uploads\/Borhan-ol-Haqq-300.jpg 300w\" sizes=\"(max-width: 640px) 100vw, 300px\" \/><\/span><\/div><\/div><\/div><div class=\"fusion-sep-clear\"><\/div><div class=\"fusion-separator fusion-full-width-sep\" style=\"margin-left: auto;margin-right: auto;margin-top:20px;width:100%;\"><\/div><div class=\"fusion-sep-clear\"><\/div><div class=\"fusion-text fusion-text-3\"><div class=\"book-electronic\">\n<h5 style=\"text-align: center;\">Electronic Editions<br \/>\n<a href=\"https:\/\/itunes.apple.com\/us\/book\/\u0628\u0631\u0647\u0627\u0646-\u0627\u0644\u062d\u0642\/id1384266718?mt=11\">Apple Books<\/a><\/h5>\n<\/div>\n<\/div><div class=\"fusion-text fusion-text-4\"><div class=\"book-print\">\n<h5 style=\"text-align: center;\">Print Editions<br \/>\n<a href=\"http:\/\/www.karoon.com\/borhan-ol-haqq-ostad-elahi\">Karoon<\/a><\/h5>\n<\/div>\n<\/div><div class=\"fusion-sep-clear\"><\/div><div class=\"fusion-separator fusion-full-width-sep\" style=\"margin-left: auto;margin-right: auto;margin-top:20px;width:100%;\"><\/div><div class=\"fusion-sep-clear\"><\/div><div class=\"fusion-aligncenter\"><a class=\"fusion-button button-flat button-large button-lightgray fusion-button-lightgray button-1 fusion-button-default-span fusion-button-default-type book-button\" target=\"_blank\" rel=\"noopener noreferrer\" href=\"\/media\/book-downloads\/Borhan-ol-Haqq.pdf\"><i class=\"fa-book fas button-icon-left\" aria-hidden=\"true\"><\/i><span class=\"fusion-button-text\">Buch als PDF kostenlos herunterladen<\/span><\/a><\/div><div class=\"fusion-clearfix\"><\/div><\/div><\/div><div class=\"fusion-layout-column fusion_builder_column fusion-builder-column-3 fusion_builder_column_1_1 1_1 fusion-one-full fusion-column-first fusion-column-last\" style=\"--awb-bg-size:cover;--awb-margin-bottom:0px;\"><div class=\"fusion-column-wrapper fusion-flex-column-wrapper-legacy\"><div class=\"fusion-text fusion-text-5\"><p>Angesichts der internen Differenzen zwischen den Ahl-e-Haqq-Gemeinschaften und dem unzureichenden Verst\u00e4ndnis der Mitglieder bez\u00fcglich der Hauptprinzipien ihres Ordens erschien es folglich dringend notwendig, eine pr\u00e4zise Untersuchung \u00fcber die Lehren der Ahl-e Haqq durchzuf\u00fchren, insbesondere, da die Arbeiten ausl\u00e4ndischer Wissenschaftler die Verwirrung noch zus\u00e4tzlich mehrten. Ostad Elahi schreibt hierzu: \u201eDas, was sie [die Ahl-e Haqq] als sorgsam geh\u00fctetes Geheimnis bewahrt haben oder was sie aufgrund ihres Mangels an Bildung oder ihrer Unwissenheit anderen nicht erkl\u00e4ren konnten, wurde auf entw\u00fcrdigende und herablassende Weise von fremden [Forschern] ver\u00f6ffentlicht, teilweise sogar mit grundlosen Beleidigungen.\u201c<\/p>\n<p>Die Untersuchungen, die Ostad Elahi hierzu durchf\u00fchrte, basierten einerseits auf einem fundierten Verst\u00e4ndnis der Heiligen Schriften der Ahl-e Haqq (den <em>Kalam<\/em>) und auch anderer Religionen (vor allem des Islam), andererseits auf umfassenden Kenntnissen in der Kunst der Auslegung und der Interpretation. Das Buch erl\u00e4utert ausf\u00fchrlich die spezifische Terminologie der Ahl-e Haqq und die Geheimnisse ihrer Lehren, insbesondere Fragen wie der Ursprung der Welt, die g\u00f6ttliche Manifestation, die Erl\u00f6sung, die letzten Ziele oder auch die Stufen der spirituellen Vervollkommnung. Im Anhang gibt er Antwort auf eine Vielzahl von Fragen, die von den Lesern im Nachgang zur ersten Ausgabe gestellt worden waren.<\/p>\n<p>Der Stil, in dem <em>Beweis der Wahrheit<\/em> verfasst wurde, ist sorgf\u00e4ltig und pr\u00e4zise. Ostad Elahis wissenschaftliche Herangehensweise bedingt, dass er alle verf\u00fcgbaren Quellen einer kritischen Pr\u00fcfung unterzieht. Dar\u00fcberhinaus zeigt das Buch die Glaubenslehren der verschiedenen Ahl-e-Haqq-Gruppen im Zeitverlauf auf.<\/p>\n<p>Diese Abhandlung liefert demzufolge eine verl\u00e4ssliche und gr\u00fcndliche Dokumentation einer Tradition, deren Grundlagen und authentische Prinzipien im Lauf der Jahre verloren gegangen w\u00e4ren, wenn Ostad Elahi sie nicht in der vorliegenden Form bewahrt h\u00e4tte. Er hat in diesem Werk nicht nur den Kontext des Ahl-e-Haqq-Ordens neu eingeordnet, sondern auch die Gelegenheit ergriffen, seine Auffassung von den verschiedenen Stufen der Religion zu erl\u00e4utern, mit besonderem Schwerpunkt auf den spirituellen Stufen und der inneren Dimension der Beziehung zum G\u00f6ttlichen. Dar\u00fcber hinaus bietet er, ausgehend von einem bestimmten Satz oder einer bestimmten Erkl\u00e4rung zu einem Lehrprinzip, eine Reihe allgemeinerer Erl\u00e4uterungen zur spirituellen Praxis. So finden sich etwa auch Empfehlungen und Methoden, die dem Leser erlauben, den spirituellen Weg unabh\u00e4ngig von einer bestimmten Konfession oder Glaubenslehre besser zu verstehen.<\/p>\n<p><em>Beweis der Wahrheit <\/em>ist in zahlreichen Nachdrucken erschienen.<\/p>\n<\/div><div class=\"fusion-sep-clear\"><\/div><div class=\"fusion-separator fusion-full-width-sep\" style=\"margin-left: auto;margin-right: auto;margin-top:40px;margin-bottom:40px;width:100%;\"><div class=\"fusion-separator-border sep-shadow\" style=\"--awb-height:20px;--awb-amount:20px;background:radial-gradient(ellipse at 50% -50% , #e0dede 0px, rgba(255, 255, 255, 0) 80%) repeat scroll 0 0 rgba(0, 0, 0, 0);background:-webkit-radial-gradient(ellipse at 50% -50% , #e0dede 0px, rgba(255, 255, 255, 0) 80%) repeat scroll 0 0 rgba(0, 0, 0, 0);background:-moz-radial-gradient(ellipse at 50% -50% , #e0dede 0px, rgba(255, 255, 255, 0) 80%) repeat scroll 0 0 rgba(0, 0, 0, 0);background:-o-radial-gradient(ellipse at 50% -50% , #e0dede 0px, rgba(255, 255, 255, 0) 80%) repeat scroll 0 0 rgba(0, 0, 0, 0);\"><\/div><\/div><div class=\"fusion-sep-clear\"><\/div><div class=\"fusion-text fusion-text-6\"><h3>Ausz\u00fcge<\/h3>\n<blockquote>\n<p><strong>Kapitel 5<\/strong><\/p>\n<p>Der Glaube der Ahl-e Haqq ruht auf vier S\u00e4ulen \u2013 Reinheit, Rechtschaffenheit, Demut und Wohlt\u00e4tigkeit \u2013, die im Folgenden n\u00e4her beschrieben werden:<\/p>\n<ul>\n<li>Reinheit im umfassendsten Sinne des Wortes, also in Hinblick auf alles, was das Potential in sich tr\u00e4gt, rein zu sein: Der Ahl-e Haqq sollte diese Reinheit auf allen Ebenen sowohl in seinem materiellen Leben als auch in seinem spirituellen Leben anstreben. \u00c4u\u00dferlich gesehen sollten sein K\u00f6rper, seine Kleidung, seine Wohnr\u00e4ume, sein Lebensunterhalt, sein Essen sowie innerlich seine Gedanken, seine Worte, sein Verhalten und seine Taten vollkommen rein, erlaubt und aufrichtig sein.<\/li>\n<li>Rechtschaffenheit: Dem rechten Weg folgen, das hei\u00dft, Gottes Gebote befolgen und Gottes Verbote unterlassen, mit anderen Worten, Gott dienen, nicht l\u00fcgen und keine schlechten Taten begehen [\u2026] \u2013 das ist der rechte Weg.<\/li>\n<li>Demut: Hochmut, Selbstgef\u00e4lligkeit und Egoismus in sich ausl\u00f6schen sowie die Triebkr\u00e4fte und W\u00fcnsche des Herrschs\u00fcchtigen Selbst, leidenschaftliche Ausbr\u00fcche und alle moralischen Laster in sich tilgen. Und sich vollkommen seinem Schicksal ergeben und nichts als die g\u00f6ttliche Zufriedenheit w\u00fcnschen \u2013 was bedeutet, sich von aller Egoit\u00e4t zu befreien und sich in Gott aufzul\u00f6sen. In der Sprache der Mystiker und Philosophen bedeutet es, die Stufe der Zufriedenheit zu durchlaufen und die Stufe der Ergebenheit erreicht zu haben, die die letzte Stufe der Mystik darstellt.<\/li>\n<li>Wohlt\u00e4tigkeit: Gottes Gesch\u00f6pfen dienen und helfen und sich aufrichtig und hingebungsvoll f\u00fcr sie einsetzen, das hei\u00dft, \u201adie Last der anderen auf seine eigenen Schultern laden\u2019. [Ostad Elahi arbeitet an dieser Stelle die genauere Bedeutung dieser vierten S\u00e4ule aus: Der spirituelle Student muss eine Stufe erreichen, auf der er \u201adie Verk\u00f6rperung des G\u00f6ttlichen Willens und Handelns wird\u2018.]<\/li>\n<\/ul>\n<\/blockquote>\n<\/div><div class=\"fusion-clearfix\"><\/div><\/div><\/div><\/div><\/div>\n","protected":false},"excerpt":{"rendered":"","protected":false},"author":1,"featured_media":0,"parent":2090,"menu_order":1,"comment_status":"closed","ping_status":"closed","template":"side-navigation.php","meta":{"footnotes":""},"class_list":["post-722","page","type-page","status-publish","hentry"],"yoast_head":"<!-- This site is optimized with the Yoast SEO plugin v20.3 - https:\/\/yoast.com\/wordpress\/plugins\/seo\/ -->\n<title>Beweis der Wahrheit - Ostad Elahi<\/title>\n<meta name=\"robots\" content=\"index, follow, max-snippet:-1, max-image-preview:large, max-video-preview:-1\" \/>\n<link rel=\"canonical\" href=\"https:\/\/ostadelahi.com\/de\/werk\/publikationen\/beweis-der-wahrheit\/\" \/>\n<meta property=\"og:locale\" content=\"de_DE\" \/>\n<meta property=\"og:type\" content=\"article\" \/>\n<meta property=\"og:title\" content=\"Beweis der Wahrheit - Ostad Elahi\" \/>\n<meta property=\"og:url\" content=\"https:\/\/ostadelahi.com\/de\/werk\/publikationen\/beweis-der-wahrheit\/\" \/>\n<meta property=\"og:site_name\" content=\"Ostad Elahi\" \/>\n<meta property=\"article:modified_time\" content=\"2023-08-09T18:59:12+00:00\" \/>\n<meta name=\"twitter:card\" content=\"summary_large_image\" \/>\n<meta name=\"twitter:label1\" content=\"Gesch\u00e4tzte Lesezeit\" \/>\n\t<meta name=\"twitter:data1\" content=\"6\u00a0Minuten\" \/>\n<script type=\"application\/ld+json\" class=\"yoast-schema-graph\">{\"@context\":\"https:\/\/schema.org\",\"@graph\":[{\"@type\":\"WebPage\",\"@id\":\"https:\/\/ostadelahi.com\/de\/werk\/publikationen\/beweis-der-wahrheit\/\",\"url\":\"https:\/\/ostadelahi.com\/de\/werk\/publikationen\/beweis-der-wahrheit\/\",\"name\":\"Beweis der Wahrheit - Ostad Elahi\",\"isPartOf\":{\"@id\":\"https:\/\/ostadelahi.com\/#website\"},\"datePublished\":\"2013-01-22T17:44:30+00:00\",\"dateModified\":\"2023-08-09T18:59:12+00:00\",\"breadcrumb\":{\"@id\":\"https:\/\/ostadelahi.com\/de\/werk\/publikationen\/beweis-der-wahrheit\/#breadcrumb\"},\"inLanguage\":\"de\",\"potentialAction\":[{\"@type\":\"ReadAction\",\"target\":[\"https:\/\/ostadelahi.com\/de\/werk\/publikationen\/beweis-der-wahrheit\/\"]}]},{\"@type\":\"BreadcrumbList\",\"@id\":\"https:\/\/ostadelahi.com\/de\/werk\/publikationen\/beweis-der-wahrheit\/#breadcrumb\",\"itemListElement\":[{\"@type\":\"ListItem\",\"position\":1,\"name\":\"Home\",\"item\":\"https:\/\/ostadelahi.com\/de\/\"},{\"@type\":\"ListItem\",\"position\":2,\"name\":\"Werk\",\"item\":\"https:\/\/ostadelahi.com\/works\/\"},{\"@type\":\"ListItem\",\"position\":3,\"name\":\"Publikationen\",\"item\":\"https:\/\/ostadelahi.com\/works\/publications\/\"},{\"@type\":\"ListItem\",\"position\":4,\"name\":\"Beweis der Wahrheit\"}]},{\"@type\":\"WebSite\",\"@id\":\"https:\/\/ostadelahi.com\/#website\",\"url\":\"https:\/\/ostadelahi.com\/\",\"name\":\"Ostad Elahi\",\"description\":\"The official website on the life, work, and music of Ostad Elahi (1895-1974).\",\"potentialAction\":[{\"@type\":\"SearchAction\",\"target\":{\"@type\":\"EntryPoint\",\"urlTemplate\":\"https:\/\/ostadelahi.com\/?s={search_term_string}\"},\"query-input\":\"required name=search_term_string\"}],\"inLanguage\":\"de\"}]}<\/script>\n<!-- \/ Yoast SEO plugin. -->","yoast_head_json":{"title":"Beweis der Wahrheit - Ostad Elahi","robots":{"index":"index","follow":"follow","max-snippet":"max-snippet:-1","max-image-preview":"max-image-preview:large","max-video-preview":"max-video-preview:-1"},"canonical":"https:\/\/ostadelahi.com\/de\/werk\/publikationen\/beweis-der-wahrheit\/","og_locale":"de_DE","og_type":"article","og_title":"Beweis der Wahrheit - Ostad Elahi","og_url":"https:\/\/ostadelahi.com\/de\/werk\/publikationen\/beweis-der-wahrheit\/","og_site_name":"Ostad Elahi","article_modified_time":"2023-08-09T18:59:12+00:00","twitter_card":"summary_large_image","twitter_misc":{"Gesch\u00e4tzte Lesezeit":"6\u00a0Minuten"},"schema":{"@context":"https:\/\/schema.org","@graph":[{"@type":"WebPage","@id":"https:\/\/ostadelahi.com\/de\/werk\/publikationen\/beweis-der-wahrheit\/","url":"https:\/\/ostadelahi.com\/de\/werk\/publikationen\/beweis-der-wahrheit\/","name":"Beweis der Wahrheit - Ostad Elahi","isPartOf":{"@id":"https:\/\/ostadelahi.com\/#website"},"datePublished":"2013-01-22T17:44:30+00:00","dateModified":"2023-08-09T18:59:12+00:00","breadcrumb":{"@id":"https:\/\/ostadelahi.com\/de\/werk\/publikationen\/beweis-der-wahrheit\/#breadcrumb"},"inLanguage":"de","potentialAction":[{"@type":"ReadAction","target":["https:\/\/ostadelahi.com\/de\/werk\/publikationen\/beweis-der-wahrheit\/"]}]},{"@type":"BreadcrumbList","@id":"https:\/\/ostadelahi.com\/de\/werk\/publikationen\/beweis-der-wahrheit\/#breadcrumb","itemListElement":[{"@type":"ListItem","position":1,"name":"Home","item":"https:\/\/ostadelahi.com\/de\/"},{"@type":"ListItem","position":2,"name":"Werk","item":"https:\/\/ostadelahi.com\/works\/"},{"@type":"ListItem","position":3,"name":"Publikationen","item":"https:\/\/ostadelahi.com\/works\/publications\/"},{"@type":"ListItem","position":4,"name":"Beweis der Wahrheit"}]},{"@type":"WebSite","@id":"https:\/\/ostadelahi.com\/#website","url":"https:\/\/ostadelahi.com\/","name":"Ostad Elahi","description":"The official website on the life, work, and music of Ostad Elahi (1895-1974).","potentialAction":[{"@type":"SearchAction","target":{"@type":"EntryPoint","urlTemplate":"https:\/\/ostadelahi.com\/?s={search_term_string}"},"query-input":"required name=search_term_string"}],"inLanguage":"de"}]}},"_links":{"self":[{"href":"https:\/\/ostadelahi.com\/de\/wp-json\/wp\/v2\/pages\/722","targetHints":{"allow":["GET"]}}],"collection":[{"href":"https:\/\/ostadelahi.com\/de\/wp-json\/wp\/v2\/pages"}],"about":[{"href":"https:\/\/ostadelahi.com\/de\/wp-json\/wp\/v2\/types\/page"}],"author":[{"embeddable":true,"href":"https:\/\/ostadelahi.com\/de\/wp-json\/wp\/v2\/users\/1"}],"replies":[{"embeddable":true,"href":"https:\/\/ostadelahi.com\/de\/wp-json\/wp\/v2\/comments?post=722"}],"version-history":[{"count":9,"href":"https:\/\/ostadelahi.com\/de\/wp-json\/wp\/v2\/pages\/722\/revisions"}],"predecessor-version":[{"id":17362,"href":"https:\/\/ostadelahi.com\/de\/wp-json\/wp\/v2\/pages\/722\/revisions\/17362"}],"up":[{"embeddable":true,"href":"https:\/\/ostadelahi.com\/de\/wp-json\/wp\/v2\/pages\/2090"}],"wp:attachment":[{"href":"https:\/\/ostadelahi.com\/de\/wp-json\/wp\/v2\/media?parent=722"}],"curies":[{"name":"wp","href":"https:\/\/api.w.org\/{rel}","templated":true}]}}