{"id":3919,"date":"2016-08-06T11:36:57","date_gmt":"2016-08-06T16:36:57","guid":{"rendered":"https:\/\/ostadelahi.com\/?page_id=3919"},"modified":"2023-03-18T14:48:19","modified_gmt":"2023-03-18T19:48:19","slug":"natuerliche-spiritualitaet","status":"publish","type":"page","link":"https:\/\/ostadelahi.com\/de\/philosophie\/natuerliche-spiritualitaet\/","title":{"rendered":"Nat\u00fcrliche Spiritualit\u00e4t"},"content":{"rendered":"<div class=\"fusion-fullwidth fullwidth-box fusion-builder-row-1 nonhundred-percent-fullwidth non-hundred-percent-height-scrolling\" style=\"--awb-border-radius-top-left:0px;--awb-border-radius-top-right:0px;--awb-border-radius-bottom-right:0px;--awb-border-radius-bottom-left:0px;\" ><div class=\"fusion-builder-row fusion-row\"><div class=\"fusion-layout-column fusion_builder_column fusion-builder-column-0 fusion_builder_column_1_2 1_2 fusion-one-half fusion-column-first\" style=\"--awb-bg-size:cover;--awb-margin-bottom:0px;width:48%; margin-right: 4%;\"><div class=\"fusion-column-wrapper fusion-flex-column-wrapper-legacy\"><div class=\"fusion-text fusion-text-1\"><p>Um die Wahrheiten aufzudecken, die der spirituellen Vervollkommnung zugrundeliegen, gab sich Ostad Elahi nicht damit zufrieden, die Prinzipien der Religionen und der universalen Weisheitslehren aus theoretischer Sicht zu untersuchen. Vielmehr hat er diese w\u00e4hrend seines ganzen Lebens in verschiedenen Situationen und in der Interaktion mit anderen Menschen experimentell \u00fcberpr\u00fcft.<\/p>\n<p>Die Methode der \u201aNat\u00fcrlichen Spiritualit\u00e4t\u2019 zeichnet sich dadurch aus, dass sie besonderen Wert auf die Vernunft legt (mehr als auf die Emotionen), um die Mechanismen zu erkennen, die der Reifung der Seele zugrundeliegen. Im Gegensatz zu einer weitverbreiteten Sichtweise der Spiritualit\u00e4t geht es hier auf keinen Fall darum, mittels spezieller \u00dcbungen (asketischer, meditativer oder anderer Art) ver\u00e4nderte Bewusstseinszust\u00e4nde hervorzurufen oder au\u00dfergew\u00f6hnliche F\u00e4higkeiten zu erwerben. Vielmehr sollten wir mithilfe ganz allt\u00e4glicher Ereignisse und im Zuge eines normalen Lebens inmitten der Gesellschaft ein immer h\u00f6heres Niveau an Aufmerksamkeit und Bewusstsein f\u00fcr die Kr\u00e4fte entwickeln, die unser Selbst regieren.<\/p>\n<\/div><div class=\"fusion-clearfix\"><\/div><\/div><\/div><div class=\"fusion-layout-column fusion_builder_column fusion-builder-column-1 fusion_builder_column_1_2 1_2 fusion-one-half fusion-column-last\" style=\"--awb-bg-size:cover;width:48%;\"><div class=\"fusion-column-wrapper fusion-flex-column-wrapper-legacy\"><div class=\"fusion-column-content-centered\"><div class=\"fusion-column-content\"><div class=\"fusion-image-element fusion-image-align-center in-legacy-container\" style=\"text-align:center;--awb-max-width:450px;--awb-caption-title-size:var(--h2_typography-font-size);--awb-caption-title-transform:var(--h2_typography-text-transform);--awb-caption-title-line-height:var(--h2_typography-line-height);--awb-caption-title-letter-spacing:var(--h2_typography-letter-spacing);\"><div class=\"imageframe-align-center\"><span class=\" fusion-imageframe imageframe-none imageframe-1 hover-type-none img-border-20\"><img decoding=\"async\" width=\"1000\" height=\"1000\" title=\"Ostad Elahi 1965\" src=\"https:\/\/ostadelahi.com\/wp-content\/uploads\/ostadelahi-1965-e2.jpg\" alt class=\"img-responsive wp-image-12234\" srcset=\"https:\/\/ostadelahi.com\/wp-content\/uploads\/ostadelahi-1965-e2-200x200.jpg 200w, https:\/\/ostadelahi.com\/wp-content\/uploads\/ostadelahi-1965-e2-400x400.jpg 400w, https:\/\/ostadelahi.com\/wp-content\/uploads\/ostadelahi-1965-e2-600x600.jpg 600w, https:\/\/ostadelahi.com\/wp-content\/uploads\/ostadelahi-1965-e2-800x800.jpg 800w, https:\/\/ostadelahi.com\/wp-content\/uploads\/ostadelahi-1965-e2.jpg 1000w\" sizes=\"(max-width: 640px) 100vw, 600px\" \/><\/span><\/div><\/div><\/div><\/div><div class=\"fusion-clearfix\"><\/div><\/div><\/div><div class=\"fusion-layout-column fusion_builder_column fusion-builder-column-2 fusion_builder_column_1_1 1_1 fusion-one-full fusion-column-first fusion-column-last\" style=\"--awb-bg-size:cover;\"><div class=\"fusion-column-wrapper fusion-flex-column-wrapper-legacy\"><div class=\"fusion-text fusion-text-2\"><p>Dieser Ansatz beschr\u00e4nkt sich nicht auf eine \u00dcbung in psychologischer Innenschau, denn er ist vor allem experimentell und praxisbezogen. Indem man sich selbst kennenlernt, ver\u00e4ndert man sich, und indem man Anstrengungen leistet, um sich zu ver\u00e4ndern, lernt man sich selbst wiederum besser kennen. So kann man die Widerst\u00e4nde, die es zu \u00fcberwinden gilt, genauer einsch\u00e4tzen und entwickelt zugleich ein besseres und tieferes Verst\u00e4ndnis in Hinblick auf die ethischen und spirituellen Prinzipien, auf die sich die spirituelle Praxis gr\u00fcndet.<\/p>\n<blockquote>\n<p>Solange der Mensch sich nicht selbst erkennt, kann er Gott nicht erkennen. Der erste Schritt zur Selbsterkenntnis ist der Kampf gegen Selbstsucht und Ichbezogenheit.<\/p>\n<\/blockquote>\n<p>Wenn diese Spiritualit\u00e4t als \u201anat\u00fcrlich\u2019 bezeichnet wird, dann deshalb, weil sie an die Natur des Menschen angepasst ist. Die Seele ist vergleichbar mit einem Organismus, das hei\u00dft, sie muss sich von geeigneten Prinzipien ern\u00e4hren, um ihre Gesundheit erhalten und ein sukzessives und ausgeglichenes Wachstum sichern zu k\u00f6nnen. Daraus leitet sich die Bedeutung der Matrix K\u00f6rper, soziales Leben und irdische Umgebung ab. Anders als die klassische Mystik mit ihrem Hang zur Askese vertritt Ostad Elahi die Ansicht, dass den Rechten des K\u00f6rpers dieselbe Bedeutung zukommt wie den Rechten der Seele.<\/p>\n<p>Praktisch gesehen findet der Reifungs- und Erkenntnisprozess des Selbst in der konkreten und t\u00e4glichen Konfrontation mit dem \u201aHerrschs\u00fcchtigen Selbst\u2019 statt, das die Quelle aller Widerst\u00e4nde gegen Ethik und spirituellen Fortschritt ist. Diese innere Kraft, zugleich impulsiv und verschlagen, resultiert aus unseren Schwachpunkten. Diese wiederum sind das Ergebnis einer unkontrollierten Aktivit\u00e4t bestimmter Charaktereigenschaften animalischen Ursprungs. Das Herrschs\u00fcchtige Selbst ist eine psychische Energie, die uns und anderen schadet und die sich insbesondere darin \u00e4u\u00dfert, dass wir unsere eigenen Rechte und die der Anderen verletzen. Wenn man versuchen m\u00f6chte, seine verschiedenen Facetten und Vorgehensweisen zu identifizieren, muss man die Ethik tats\u00e4chlich praktizieren, das bedeutet, die Rechte der Dinge zu respektieren und auf selbstlose Weise zu handeln, indem man gegen die Tendenzen der eigenen egoistischen Animalit\u00e4t vorgeht. Ostad Elahi betont, wie wichtig es ist, dabei die Aufmerksamkeit auf das spirituelle Ziel zu lenken und eine uneigenn\u00fctzige Intention zu entwickeln, die auf die g\u00f6ttliche Zufriedenheit gerichtet ist.<\/p>\n<p>Da die Nat\u00fcrliche Spiritualit\u00e4t die Bedingungen f\u00fcr ein nat\u00fcrliches Wachstum der Seele aufzeigt, nimmt sie die Form eines Curriculums an, dessen genau definierte Stufen nacheinander durchlaufen werden m\u00fcssen, will man die Vollkommenheit erreichen. Die authentischen Religionen bringen dem Menschen die moralischen Grundlagen und Glaubens\u00fcberzeugungen bei, die das Fundament des spirituellen Lebens ausmachen. Die \u201auniversit\u00e4re\u2018 Stufe der spirituellen Vervollkommnung besteht darin, diese Gedankenschulung zu vertiefen, um in sich die Charakterz\u00fcge der Menschlichkeit zu entwickeln: Dort f\u00e4ngt die eigentliche Arbeit an der Selbsterkenntnis an, deren Triebfeder der Kampf gegen das Herrschs\u00fcchtige Selbst ist.<\/p>\n<p>Diese Ausbildung, in deren Rahmen der Aufenthalt auf Erden eine vorbereitende Stufe darstellt, kann mit einem Medizinstudium verglichen werden. Genauso wie man im biologischen Bereich die objektiven Gesetzm\u00e4\u00dfigkeiten und die kausalen Prozesse f\u00fcr Gesundung und Entwicklung des K\u00f6rpers erlernt, erwirbt man im spirituellen Bereich die objektiven Gesetzm\u00e4\u00dfigkeiten und die kausalen Prozesse zur Gesundung und Entwicklung der Seele. Die Menschen sind alle von gleicher Natur: die Prinzipien einer solchen \u201aMedizin der Seele\u2018 sind also per se universal, genauso wie jene der Medizin des K\u00f6rpers und der experimentellen Wissenschaften. Anders gesagt, die Nat\u00fcrliche Spiritualit\u00e4t ist nicht gebunden an eine bestimmte Kultur, einen bestimmten Ort oder eine bestimmte Zeit. Jeder kann sie sich aneignen und in die Tat umsetzen, vorausgesetzt, dass er an die Spiritualit\u00e4t mit der Geisteshaltung eines Studenten oder eines Forschers herangeht, ohne die Erwartung, dort die W\u00fcnsche seines Egos befriedigen zu k\u00f6nnen, ob nun in Form ekstatischer Hochgef\u00fchle oder mentalen Friedens.<\/p>\n<p>Die Studienf\u00e4cher der Medizin der Seele sind die g\u00f6ttlichen Wahrheiten, die die Entwicklung des Selbst steuern. Diese Wahrheiten zu verinnerlichen kann uns niemand abnehmen. Ostad Elahi geht davon aus, dass die Meister-Sch\u00fcler-Beziehung angesichts der universit\u00e4ren Form der spirituellen Ausbildung nicht angebracht ist. Seiner Meinung nach ist es unabdingbar, dass jeder von uns Arzt seiner eigenen Seele wird; der Spiritualit\u00e4t muss man sich dabei mithilfe der Vernunft und durch geeignete kognitive Prozesse n\u00e4hern. Die Entscheidung, sich auf die Spiritualit\u00e4t einzulassen, ist eine Entscheidung, die der eigenen Gewissensfreiheit obliegt, das hei\u00dft, es handelt sich um eine rein freiwillige Angelegenheit.<\/p>\n<\/div><div class=\"fusion-clearfix\"><\/div><\/div><\/div><\/div><\/div>\n","protected":false},"excerpt":{"rendered":"","protected":false},"author":1,"featured_media":0,"parent":2084,"menu_order":2,"comment_status":"closed","ping_status":"closed","template":"side-navigation.php","meta":{"footnotes":""},"class_list":["post-3919","page","type-page","status-publish","hentry"],"yoast_head":"<!-- This site is optimized with the Yoast SEO plugin v20.3 - https:\/\/yoast.com\/wordpress\/plugins\/seo\/ -->\n<title>Nat\u00fcrliche Spiritualit\u00e4t - Ostad Elahi<\/title>\n<meta name=\"robots\" content=\"index, follow, max-snippet:-1, max-image-preview:large, max-video-preview:-1\" \/>\n<link rel=\"canonical\" href=\"https:\/\/ostadelahi.com\/philosophy\/natural-spirituality\/\" \/>\n<meta property=\"og:locale\" content=\"de_DE\" \/>\n<meta property=\"og:type\" content=\"article\" \/>\n<meta property=\"og:title\" content=\"Nat\u00fcrliche Spiritualit\u00e4t - Ostad Elahi\" \/>\n<meta property=\"og:url\" content=\"https:\/\/ostadelahi.com\/philosophy\/natural-spirituality\/\" \/>\n<meta property=\"og:site_name\" content=\"Ostad Elahi\" \/>\n<meta property=\"article:modified_time\" content=\"2023-03-18T19:48:19+00:00\" \/>\n<meta name=\"twitter:card\" content=\"summary_large_image\" \/>\n<meta name=\"twitter:label1\" content=\"Gesch\u00e4tzte Lesezeit\" \/>\n\t<meta name=\"twitter:data1\" content=\"5\u00a0Minuten\" \/>\n<script type=\"application\/ld+json\" class=\"yoast-schema-graph\">{\"@context\":\"https:\/\/schema.org\",\"@graph\":[{\"@type\":\"WebPage\",\"@id\":\"https:\/\/ostadelahi.com\/philosophy\/natural-spirituality\/\",\"url\":\"https:\/\/ostadelahi.com\/philosophy\/natural-spirituality\/\",\"name\":\"Nat\u00fcrliche Spiritualit\u00e4t - Ostad Elahi\",\"isPartOf\":{\"@id\":\"https:\/\/ostadelahi.com\/#website\"},\"datePublished\":\"2016-08-06T16:36:57+00:00\",\"dateModified\":\"2023-03-18T19:48:19+00:00\",\"breadcrumb\":{\"@id\":\"https:\/\/ostadelahi.com\/philosophy\/natural-spirituality\/#breadcrumb\"},\"inLanguage\":\"de\",\"potentialAction\":[{\"@type\":\"ReadAction\",\"target\":[\"https:\/\/ostadelahi.com\/philosophy\/natural-spirituality\/\"]}]},{\"@type\":\"BreadcrumbList\",\"@id\":\"https:\/\/ostadelahi.com\/philosophy\/natural-spirituality\/#breadcrumb\",\"itemListElement\":[{\"@type\":\"ListItem\",\"position\":1,\"name\":\"Home\",\"item\":\"https:\/\/ostadelahi.com\/de\/\"},{\"@type\":\"ListItem\",\"position\":2,\"name\":\"Philosophie\",\"item\":\"https:\/\/ostadelahi.com\/philosophy\/\"},{\"@type\":\"ListItem\",\"position\":3,\"name\":\"Nat\u00fcrliche Spiritualit\u00e4t\"}]},{\"@type\":\"WebSite\",\"@id\":\"https:\/\/ostadelahi.com\/#website\",\"url\":\"https:\/\/ostadelahi.com\/\",\"name\":\"Ostad Elahi\",\"description\":\"The official website on the life, work, and music of Ostad Elahi (1895-1974).\",\"potentialAction\":[{\"@type\":\"SearchAction\",\"target\":{\"@type\":\"EntryPoint\",\"urlTemplate\":\"https:\/\/ostadelahi.com\/?s={search_term_string}\"},\"query-input\":\"required name=search_term_string\"}],\"inLanguage\":\"de\"}]}<\/script>\n<!-- \/ Yoast SEO plugin. -->","yoast_head_json":{"title":"Nat\u00fcrliche Spiritualit\u00e4t - Ostad Elahi","robots":{"index":"index","follow":"follow","max-snippet":"max-snippet:-1","max-image-preview":"max-image-preview:large","max-video-preview":"max-video-preview:-1"},"canonical":"https:\/\/ostadelahi.com\/philosophy\/natural-spirituality\/","og_locale":"de_DE","og_type":"article","og_title":"Nat\u00fcrliche Spiritualit\u00e4t - Ostad Elahi","og_url":"https:\/\/ostadelahi.com\/philosophy\/natural-spirituality\/","og_site_name":"Ostad Elahi","article_modified_time":"2023-03-18T19:48:19+00:00","twitter_card":"summary_large_image","twitter_misc":{"Gesch\u00e4tzte Lesezeit":"5\u00a0Minuten"},"schema":{"@context":"https:\/\/schema.org","@graph":[{"@type":"WebPage","@id":"https:\/\/ostadelahi.com\/philosophy\/natural-spirituality\/","url":"https:\/\/ostadelahi.com\/philosophy\/natural-spirituality\/","name":"Nat\u00fcrliche Spiritualit\u00e4t - Ostad Elahi","isPartOf":{"@id":"https:\/\/ostadelahi.com\/#website"},"datePublished":"2016-08-06T16:36:57+00:00","dateModified":"2023-03-18T19:48:19+00:00","breadcrumb":{"@id":"https:\/\/ostadelahi.com\/philosophy\/natural-spirituality\/#breadcrumb"},"inLanguage":"de","potentialAction":[{"@type":"ReadAction","target":["https:\/\/ostadelahi.com\/philosophy\/natural-spirituality\/"]}]},{"@type":"BreadcrumbList","@id":"https:\/\/ostadelahi.com\/philosophy\/natural-spirituality\/#breadcrumb","itemListElement":[{"@type":"ListItem","position":1,"name":"Home","item":"https:\/\/ostadelahi.com\/de\/"},{"@type":"ListItem","position":2,"name":"Philosophie","item":"https:\/\/ostadelahi.com\/philosophy\/"},{"@type":"ListItem","position":3,"name":"Nat\u00fcrliche Spiritualit\u00e4t"}]},{"@type":"WebSite","@id":"https:\/\/ostadelahi.com\/#website","url":"https:\/\/ostadelahi.com\/","name":"Ostad Elahi","description":"The official website on the life, work, and music of Ostad Elahi (1895-1974).","potentialAction":[{"@type":"SearchAction","target":{"@type":"EntryPoint","urlTemplate":"https:\/\/ostadelahi.com\/?s={search_term_string}"},"query-input":"required name=search_term_string"}],"inLanguage":"de"}]}},"_links":{"self":[{"href":"https:\/\/ostadelahi.com\/de\/wp-json\/wp\/v2\/pages\/3919","targetHints":{"allow":["GET"]}}],"collection":[{"href":"https:\/\/ostadelahi.com\/de\/wp-json\/wp\/v2\/pages"}],"about":[{"href":"https:\/\/ostadelahi.com\/de\/wp-json\/wp\/v2\/types\/page"}],"author":[{"embeddable":true,"href":"https:\/\/ostadelahi.com\/de\/wp-json\/wp\/v2\/users\/1"}],"replies":[{"embeddable":true,"href":"https:\/\/ostadelahi.com\/de\/wp-json\/wp\/v2\/comments?post=3919"}],"version-history":[{"count":7,"href":"https:\/\/ostadelahi.com\/de\/wp-json\/wp\/v2\/pages\/3919\/revisions"}],"predecessor-version":[{"id":12244,"href":"https:\/\/ostadelahi.com\/de\/wp-json\/wp\/v2\/pages\/3919\/revisions\/12244"}],"up":[{"embeddable":true,"href":"https:\/\/ostadelahi.com\/de\/wp-json\/wp\/v2\/pages\/2084"}],"wp:attachment":[{"href":"https:\/\/ostadelahi.com\/de\/wp-json\/wp\/v2\/media?parent=3919"}],"curies":[{"name":"wp","href":"https:\/\/api.w.org\/{rel}","templated":true}]}}