{"id":3917,"date":"2016-08-06T11:34:46","date_gmt":"2016-08-06T16:34:46","guid":{"rendered":"https:\/\/ostadelahi.com\/?page_id=3917"},"modified":"2023-03-18T14:41:48","modified_gmt":"2023-03-18T19:41:48","slug":"ein-innovativer-ansatz","status":"publish","type":"page","link":"https:\/\/ostadelahi.com\/de\/philosophie\/ein-innovativer-ansatz\/","title":{"rendered":"Ein innovativer Ansatz"},"content":{"rendered":"<div class=\"fusion-fullwidth fullwidth-box fusion-builder-row-1 nonhundred-percent-fullwidth non-hundred-percent-height-scrolling\" style=\"--awb-border-radius-top-left:0px;--awb-border-radius-top-right:0px;--awb-border-radius-bottom-right:0px;--awb-border-radius-bottom-left:0px;\" ><div class=\"fusion-builder-row fusion-row\"><div class=\"fusion-layout-column fusion_builder_column fusion-builder-column-0 fusion_builder_column_1_1 1_1 fusion-one-full fusion-column-first fusion-column-last\" style=\"--awb-bg-size:cover;--awb-margin-bottom:0px;\"><div class=\"fusion-column-wrapper fusion-flex-column-wrapper-legacy\"><div class=\"fusion-text fusion-text-1\"><p>Der Mensch ist mehr als ein animalischer K\u00f6rper, der mit Intelligenz ausgestattet ist. Sein wahres Ich (oder \u201aSeele\u2018) ist nicht auf die biologische Existenz beschr\u00e4nkt und vergeht nicht mit dem K\u00f6rper. Dieses Ich ist Tr\u00e4ger der Vernunft, des moralischen Unterscheidungsverm\u00f6gens und der Willenskraft. Es hat au\u00dferdem die Kapazit\u00e4t, sich zu transformieren, um einen h\u00f6heren Zustand zu erlangen, den Ostad Elahi \u201aVollkommenheit\u2018 nennt.<\/p>\n<p>Diese Begrifflichkeiten stehen f\u00fcr Prinzipien, die die Quintessenz der authentischen Religionen bilden und von denen sich die gro\u00dfen Weisen inspirieren haben lassen. Ostad Elahi wollte den konkreten Sinn dieser Prinzipien im Rahmen einer systematischen Praxis der Ethik und der Selbsterkenntnis ergr\u00fcnden. Er deckte die kognitiven und spirituellen Prozesse auf, die zu Selbsterkenntnis und Vollkommenheit f\u00fchren; das bedeutet, dass der Mensch in sich wahre Menschlichkeit entwickelt und auf diese Weise jene innere Qualit\u00e4t erwirbt, die ihm erlaubt, sich mit seinem Ursprung zu vereinen.<\/p>\n<blockquote>\n<p>Was die Glaubens\u00fcberzeugungen der Leute betrifft, mischen wir uns nicht ein. Das, was z\u00e4hlt, ist, dass sie sich wie wahre Menschen verhalten, also einen guten Kern, gute Prinzipien und gute Intentionen haben.<\/p>\n<\/blockquote>\n<p>Das Grundprinzip der spirituellen Vervollkommnung spiegelt die Situation des Menschen in dieser Welt wider: Der Mensch ist mit einer zweidimensionalen Natur ausgestattet, er hat eine Seele und einen K\u00f6rper. Aus dieser Dualit\u00e4t resultiert eine st\u00e4ndige Spannung, die aber zugleich die Voraussetzung f\u00fcr die gesamte Dynamik des ethischen und spirituellen Fortschritts darstellt. Erst in der Konfrontation mit dieser Spannung kann die Seele sich der in ihr vorherrschenden Kr\u00e4fte bewusst werden und schrittweise dahin gelangen, diese Kr\u00e4fte zu meistern. Die Etappen dieses Lernprozesses entsprechen tats\u00e4chlich einem Ausbildungsprogramm, das Ostad Elahi als \u201aneue Medizin der Seele\u2018 bezeichnet.<\/p>\n<p>Das allgemeine Rahmenwerk, in das dieser Prozess der Vervollkommnung eingebettet ist, kann in seiner metaphysischen, theologischen und kosmologischen Dimension betrachtet werden. Die zugrundeliegende Metaphysik dr\u00fcckt sich zuweilen in einem philosophischen Vokabular aus, das aus der neuplatonischen Tradition stammt, aber auch bei Avicenna und Mulla Sadra Schirasi zu finden ist. Die Wesen werden nicht als unver\u00e4nderbare Essenzen begriffen; der Blickwinkel richtet sich vielmehr auf ihre mehr oder weniger gro\u00dfe Intensit\u00e4t der Existenz und ihre Neigung zur st\u00e4ndigen Wandlung. Mithilfe der \u201atranssubstantiellen Bewegung\u2018 wird jede Substanz dazu gebracht, unterschiedliche Ebenen des Seins zu durchlaufen, die den unterschiedlichen Ebenen der Sch\u00f6pfung (Mineral, Pflanze, Tier, Mensch) entsprechen \u2013 vom Punkt ihrer Entstehung bis zum Punkt ihrer Vollkommenheit.<\/p>\n<p>Die Kosmologie der spirituellen Welten und Zwischenwelten ist verkn\u00fcpft mit einer Theologie, die zum einen n\u00e4her beschreibt, wie sich die Beziehung der Gesch\u00f6pfe zu Gott gestaltet \u2013 einem handelnden Gott, der gro\u00dfz\u00fcgig ist und f\u00fcr ihre Rechte b\u00fcrgt \u2013 und zum anderen, wie es sich mit der Beziehung zwischen den Gesch\u00f6pfen und dem g\u00f6ttlichen System im Allgemeinen verh\u00e4lt; dabei handelt es sich um ein vernunftbasiertes System, das durch Begriffe wie Recht und Kausalit\u00e4t gepr\u00e4gt ist. Daher ist Gerechtigkeit und Rechtm\u00e4\u00dfigkeit in allen Dingen gegenw\u00e4rtig: nichts wird erlangt, ohne dass eine entsprechende Bem\u00fchung aufgewandt wurde. Aus dieser \u00dcberlegung heraus leitet sich die Vorstellung eines (begrenzten) Zyklus an aufeinanderfolgenden Leben ab, ohne die die Verwirklichung seiner Vollkommenheit f\u00fcr den Menschen letztlich nur ein abstraktes Ideal bleibt.<\/p>\n<\/div><div class=\"fusion-clearfix\"><\/div><\/div><\/div><\/div><\/div>\n","protected":false},"excerpt":{"rendered":"","protected":false},"author":1,"featured_media":0,"parent":2084,"menu_order":1,"comment_status":"closed","ping_status":"closed","template":"side-navigation.php","meta":{"footnotes":""},"class_list":["post-3917","page","type-page","status-publish","hentry"],"yoast_head":"<!-- This site is optimized with the Yoast SEO plugin v20.3 - https:\/\/yoast.com\/wordpress\/plugins\/seo\/ -->\n<title>Ein innovativer Ansatz - Ostad Elahi<\/title>\n<meta name=\"robots\" content=\"index, follow, max-snippet:-1, max-image-preview:large, max-video-preview:-1\" \/>\n<link rel=\"canonical\" href=\"https:\/\/ostadelahi.com\/philosophy\/innovative-approach\/\" \/>\n<meta property=\"og:locale\" content=\"de_DE\" \/>\n<meta property=\"og:type\" content=\"article\" \/>\n<meta property=\"og:title\" content=\"Ein innovativer Ansatz - Ostad Elahi\" \/>\n<meta property=\"og:url\" content=\"https:\/\/ostadelahi.com\/philosophy\/innovative-approach\/\" \/>\n<meta property=\"og:site_name\" content=\"Ostad Elahi\" \/>\n<meta property=\"article:modified_time\" content=\"2023-03-18T19:41:48+00:00\" \/>\n<meta name=\"twitter:card\" content=\"summary_large_image\" \/>\n<meta name=\"twitter:label1\" content=\"Gesch\u00e4tzte Lesezeit\" \/>\n\t<meta name=\"twitter:data1\" content=\"3\u00a0Minuten\" \/>\n<script type=\"application\/ld+json\" class=\"yoast-schema-graph\">{\"@context\":\"https:\/\/schema.org\",\"@graph\":[{\"@type\":\"WebPage\",\"@id\":\"https:\/\/ostadelahi.com\/philosophy\/innovative-approach\/\",\"url\":\"https:\/\/ostadelahi.com\/philosophy\/innovative-approach\/\",\"name\":\"Ein innovativer Ansatz - Ostad Elahi\",\"isPartOf\":{\"@id\":\"https:\/\/ostadelahi.com\/#website\"},\"datePublished\":\"2016-08-06T16:34:46+00:00\",\"dateModified\":\"2023-03-18T19:41:48+00:00\",\"breadcrumb\":{\"@id\":\"https:\/\/ostadelahi.com\/philosophy\/innovative-approach\/#breadcrumb\"},\"inLanguage\":\"de\",\"potentialAction\":[{\"@type\":\"ReadAction\",\"target\":[\"https:\/\/ostadelahi.com\/philosophy\/innovative-approach\/\"]}]},{\"@type\":\"BreadcrumbList\",\"@id\":\"https:\/\/ostadelahi.com\/philosophy\/innovative-approach\/#breadcrumb\",\"itemListElement\":[{\"@type\":\"ListItem\",\"position\":1,\"name\":\"Home\",\"item\":\"https:\/\/ostadelahi.com\/de\/\"},{\"@type\":\"ListItem\",\"position\":2,\"name\":\"Philosophie\",\"item\":\"https:\/\/ostadelahi.com\/philosophy\/\"},{\"@type\":\"ListItem\",\"position\":3,\"name\":\"Ein innovativer Ansatz\"}]},{\"@type\":\"WebSite\",\"@id\":\"https:\/\/ostadelahi.com\/#website\",\"url\":\"https:\/\/ostadelahi.com\/\",\"name\":\"Ostad Elahi\",\"description\":\"The official website on the life, work, and music of Ostad Elahi (1895-1974).\",\"potentialAction\":[{\"@type\":\"SearchAction\",\"target\":{\"@type\":\"EntryPoint\",\"urlTemplate\":\"https:\/\/ostadelahi.com\/?s={search_term_string}\"},\"query-input\":\"required name=search_term_string\"}],\"inLanguage\":\"de\"}]}<\/script>\n<!-- \/ Yoast SEO plugin. -->","yoast_head_json":{"title":"Ein innovativer Ansatz - Ostad Elahi","robots":{"index":"index","follow":"follow","max-snippet":"max-snippet:-1","max-image-preview":"max-image-preview:large","max-video-preview":"max-video-preview:-1"},"canonical":"https:\/\/ostadelahi.com\/philosophy\/innovative-approach\/","og_locale":"de_DE","og_type":"article","og_title":"Ein innovativer Ansatz - Ostad Elahi","og_url":"https:\/\/ostadelahi.com\/philosophy\/innovative-approach\/","og_site_name":"Ostad Elahi","article_modified_time":"2023-03-18T19:41:48+00:00","twitter_card":"summary_large_image","twitter_misc":{"Gesch\u00e4tzte Lesezeit":"3\u00a0Minuten"},"schema":{"@context":"https:\/\/schema.org","@graph":[{"@type":"WebPage","@id":"https:\/\/ostadelahi.com\/philosophy\/innovative-approach\/","url":"https:\/\/ostadelahi.com\/philosophy\/innovative-approach\/","name":"Ein innovativer Ansatz - Ostad Elahi","isPartOf":{"@id":"https:\/\/ostadelahi.com\/#website"},"datePublished":"2016-08-06T16:34:46+00:00","dateModified":"2023-03-18T19:41:48+00:00","breadcrumb":{"@id":"https:\/\/ostadelahi.com\/philosophy\/innovative-approach\/#breadcrumb"},"inLanguage":"de","potentialAction":[{"@type":"ReadAction","target":["https:\/\/ostadelahi.com\/philosophy\/innovative-approach\/"]}]},{"@type":"BreadcrumbList","@id":"https:\/\/ostadelahi.com\/philosophy\/innovative-approach\/#breadcrumb","itemListElement":[{"@type":"ListItem","position":1,"name":"Home","item":"https:\/\/ostadelahi.com\/de\/"},{"@type":"ListItem","position":2,"name":"Philosophie","item":"https:\/\/ostadelahi.com\/philosophy\/"},{"@type":"ListItem","position":3,"name":"Ein innovativer Ansatz"}]},{"@type":"WebSite","@id":"https:\/\/ostadelahi.com\/#website","url":"https:\/\/ostadelahi.com\/","name":"Ostad Elahi","description":"The official website on the life, work, and music of Ostad Elahi (1895-1974).","potentialAction":[{"@type":"SearchAction","target":{"@type":"EntryPoint","urlTemplate":"https:\/\/ostadelahi.com\/?s={search_term_string}"},"query-input":"required name=search_term_string"}],"inLanguage":"de"}]}},"_links":{"self":[{"href":"https:\/\/ostadelahi.com\/de\/wp-json\/wp\/v2\/pages\/3917","targetHints":{"allow":["GET"]}}],"collection":[{"href":"https:\/\/ostadelahi.com\/de\/wp-json\/wp\/v2\/pages"}],"about":[{"href":"https:\/\/ostadelahi.com\/de\/wp-json\/wp\/v2\/types\/page"}],"author":[{"embeddable":true,"href":"https:\/\/ostadelahi.com\/de\/wp-json\/wp\/v2\/users\/1"}],"replies":[{"embeddable":true,"href":"https:\/\/ostadelahi.com\/de\/wp-json\/wp\/v2\/comments?post=3917"}],"version-history":[{"count":6,"href":"https:\/\/ostadelahi.com\/de\/wp-json\/wp\/v2\/pages\/3917\/revisions"}],"predecessor-version":[{"id":12392,"href":"https:\/\/ostadelahi.com\/de\/wp-json\/wp\/v2\/pages\/3917\/revisions\/12392"}],"up":[{"embeddable":true,"href":"https:\/\/ostadelahi.com\/de\/wp-json\/wp\/v2\/pages\/2084"}],"wp:attachment":[{"href":"https:\/\/ostadelahi.com\/de\/wp-json\/wp\/v2\/media?parent=3917"}],"curies":[{"name":"wp","href":"https:\/\/api.w.org\/{rel}","templated":true}]}}