{"id":2080,"date":"2014-12-01T12:56:22","date_gmt":"2014-12-01T17:56:22","guid":{"rendered":"https:\/\/ostadelahi.com\/?page_id=2080"},"modified":"2025-03-15T22:24:34","modified_gmt":"2025-03-16T03:24:34","slug":"the-sacred-lute","status":"publish","type":"page","link":"https:\/\/ostadelahi.com\/de\/leben\/ausstellungen\/the-sacred-lute\/","title":{"rendered":"The Sacred Lute: The Art of Ostad Elahi"},"content":{"rendered":"<div class=\"fusion-fullwidth fullwidth-box fusion-builder-row-1 hundred-percent-fullwidth non-hundred-percent-height-scrolling\" style=\"--awb-border-radius-top-left:0px;--awb-border-radius-top-right:0px;--awb-border-radius-bottom-right:0px;--awb-border-radius-bottom-left:0px;--awb-overflow:visible;\" ><div class=\"fusion-builder-row fusion-row\"><div class=\"fusion-layout-column fusion_builder_column fusion-builder-column-0 fusion_builder_column_1_1 1_1 fusion-one-full fusion-column-first fusion-column-last\" style=\"--awb-bg-size:cover;\"><div class=\"fusion-column-wrapper fusion-flex-column-wrapper-legacy\"><div class=\"fusion-text fusion-text-1\"><p><a href=\"https:\/\/www.metmuseum.org\/exhibitions\/listings\/2014\/sacred-lute\" target=\"_blank\" rel=\"noopener\">\u201eDie sakrale Laute: Die Kunst von Ostad Elahi\u201c<\/a> (5. August 2014 \u2013 11. Januar 2015) ist die erste Ausstellung im amerikanischen Raum, die das Leben und die Musik des bekannten persischen Philosophen, Richters und Meistermusikers im historischen Metropolitan Museum of Art in New York zeigt. Zur selben Zeit, als die neue David H. Koch Plaza nach einer umfangreichen Renovierung der Fassade des Metropolitan Museum of Art an der Fifth Avenue feierlich er\u00f6ffnet wurde, wurde diese bemerkenswerte Ausstellung von der Abteilung f\u00fcr Musikinstrumente unter der Schirmherrschaft der UNESCO organisiert.<\/p>\n<p>Die Ausstellung \u201aDie sakrale Laute\u2018, die \u00fcber 100 000 Besucher aus aller Welt anzog, erz\u00e4hlte die faszinierende Geschichte eines Mannes, dessen lebenslanges Streben nach Sinn und Selbsterkenntnis parallel zur Entwicklung und Entfaltung seiner musikalischen Kunst stattfand. Mit dem Ziel, die transformative Beziehung zwischen Spieler und Instrument zu dokumentieren, zeigte die Ausstellung etwa 40 seltene Instrumente und Kunstwerke aus Ostad Elahis pers\u00f6nlicher Sammlung sowie aus dem Besitz des Pariser Museums der Musik (Mus\u00e9e de la Musique) und des Metropolitan Museums; daneben gab es eine Reihe pers\u00f6nlicher Gegenst\u00e4nde von Ostad Elahi, wie etwa seine Richterrobe und mehrere Manuskripte sowie einige weitere Objekte aus seinem privaten Besitz, die seine disziplinierte Lebensweise und seinen Wissensdrang symbolisieren.<\/p>\n<\/div><div class=\"fusion-clearfix\"><\/div><\/div><\/div><div class=\"fusion-layout-column fusion_builder_column fusion-builder-column-1 fusion_builder_column_1_1 1_1 fusion-one-full fusion-column-first fusion-column-last\" style=\"--awb-bg-size:cover;\"><div class=\"fusion-column-wrapper fusion-flex-column-wrapper-legacy\"><div class=\"fusion-image-element fusion-image-align-center in-legacy-container\" style=\"text-align:center;--awb-caption-title-size:var(--h2_typography-font-size);--awb-caption-title-transform:var(--h2_typography-text-transform);--awb-caption-title-line-height:var(--h2_typography-line-height);--awb-caption-title-letter-spacing:var(--h2_typography-letter-spacing);\"><div class=\"imageframe-align-center\"><span class=\" fusion-imageframe imageframe-none imageframe-1 hover-type-none\"><img decoding=\"async\" width=\"900\" height=\"500\" title=\"m1\" src=\"https:\/\/ostadelahi.com\/wp-content\/uploads\/m1.jpg\" alt class=\"img-responsive wp-image-4567\" srcset=\"https:\/\/ostadelahi.com\/wp-content\/uploads\/m1-200x111.jpg 200w, https:\/\/ostadelahi.com\/wp-content\/uploads\/m1-400x222.jpg 400w, https:\/\/ostadelahi.com\/wp-content\/uploads\/m1-600x333.jpg 600w, https:\/\/ostadelahi.com\/wp-content\/uploads\/m1-800x444.jpg 800w, https:\/\/ostadelahi.com\/wp-content\/uploads\/m1.jpg 900w\" sizes=\"(max-width: 640px) 100vw, 900px\" \/><\/span><\/div><\/div><div class=\"fusion-clearfix\"><\/div><\/div><\/div><div class=\"fusion-layout-column fusion_builder_column fusion-builder-column-2 fusion_builder_column_1_1 1_1 fusion-one-full fusion-column-first fusion-column-last\" style=\"--awb-bg-size:cover;\"><div class=\"fusion-column-wrapper fusion-flex-column-wrapper-legacy\"><div class=\"fusion-text fusion-text-2\"><p>Die Ausstellung war in der eleganten Hagop Kevorkian Fund Special Exhibitions Galerie in der Abteilung f\u00fcr Islamische Kunst untergebracht und von einer Videoprojektion begleitet, die die verschiedenen Zeitabschnitte in Ostad Elahis Leben zeigte \u2013 von den fr\u00fchen Jahren als klassischer Mystiker bis hin zu seiner beruflichen Laufbahn als Richter und in die sp\u00e4teren Jahre hinein, die der Schriftstellerei und der Musik gewidmet waren. Die Bilder waren von Zitaten aus Ostads m\u00fcndlichen Unterweisungen unterlegt sowie von den Kl\u00e4ngen seiner Tanbur \u2013 was die Atmosph\u00e4re des Ausstellungsraums mit kontemplativer Ruhe und W\u00e4rme erf\u00fcllte.<\/p>\n<p>Neben der Videoprojektion wurde auf zwei gro\u00dfen Monitoren ein kurzer Film mit Ausschnitten aus einer Dokumentation \u00fcber die Musik von Ostad Elahi gezeigt. John Schaefer von WNYC pr\u00e4sentiert darin eine Reihe von Interviews mit bekannten Musikern, Ethnomusikologen und Neurowissenschaftlern, die \u00fcber die ungew\u00f6hnliche Kreativit\u00e4t und Wirkung von Ostads Musik sprechen. Es gibt auch einen Abschnitt mit seinem j\u00fcngsten Sohn und Erben seiner Kunst, Dr. Shahrokh Elahi, der die Innovationen und besonderen Feinheiten demonstriert, die Ostad in das Tanburspiel eingef\u00fchrt hat.<\/p>\n<p>Einen besonderen H\u00f6hepunkt unter den verschiedenen Facetten der Ausstellung bildeten erg\u00e4nzende Programme, die gemeinsam von MET und Nour Foundation (einem der Sponsoren der Ausstellung) veranstaltet wurden. Diese sehr erfolgreichen und gut besuchten Veranstaltungen deckten eine Reihe von musikalischen Darbietungen mit verschiedenartigen kulturellen Hintergr\u00fcnden ab, die von Ostad Elahis Repertoire inspiriert wurden; im Weiteren gab es Interviews, Lesungen, Podiumsdiskussionen, Gedichtrezitationen und sogar eine Tanbur-Meisterklasse.<\/p>\n<\/div><div class=\"fusion-clearfix\"><\/div><\/div><\/div><div class=\"fusion-layout-column fusion_builder_column fusion-builder-column-3 fusion_builder_column_1_1 1_1 fusion-one-full fusion-column-first fusion-column-last\" style=\"--awb-padding-bottom:0px;--awb-bg-size:cover;--awb-border-color:#d6d6d6;--awb-border-top:0;--awb-border-right:0;--awb-border-bottom:0;--awb-border-left:0;--awb-border-style:solid;\"><div class=\"fusion-column-wrapper fusion-flex-column-wrapper-legacy\"><div class=\"fusion-image-element fusion-image-align-center in-legacy-container\" style=\"text-align:center;--awb-caption-title-size:var(--h2_typography-font-size);--awb-caption-title-transform:var(--h2_typography-text-transform);--awb-caption-title-line-height:var(--h2_typography-line-height);--awb-caption-title-letter-spacing:var(--h2_typography-letter-spacing);\"><div class=\"imageframe-align-center\"><span class=\" fusion-imageframe imageframe-none imageframe-2 hover-type-zoomin\"><a class=\"fusion-no-lightbox\" href=\"https:\/\/ostadelahi.com\/de\/zur-person\/ausstellungen\/veranstaltungen-rund-um-the-sacred-lute\/\" target=\"_self\" aria-label=\"events-around-the-sacred-lute-grid\"><img decoding=\"async\" width=\"842\" height=\"141\" src=\"https:\/\/ostadelahi.com\/wp-content\/uploads\/events-around-the-sacred-lute-grid.jpg\" alt class=\"img-responsive wp-image-4555\" srcset=\"https:\/\/ostadelahi.com\/wp-content\/uploads\/events-around-the-sacred-lute-grid-200x33.jpg 200w, https:\/\/ostadelahi.com\/wp-content\/uploads\/events-around-the-sacred-lute-grid-400x67.jpg 400w, https:\/\/ostadelahi.com\/wp-content\/uploads\/events-around-the-sacred-lute-grid-600x100.jpg 600w, https:\/\/ostadelahi.com\/wp-content\/uploads\/events-around-the-sacred-lute-grid-800x134.jpg 800w, https:\/\/ostadelahi.com\/wp-content\/uploads\/events-around-the-sacred-lute-grid.jpg 842w\" sizes=\"(max-width: 640px) 100vw, 842px\" \/><\/a><\/span><\/div><\/div><div class=\"fusion-sep-clear\"><\/div><div class=\"fusion-separator fusion-full-width-sep\" style=\"margin-left: auto;margin-right: auto;margin-top:10px;width:100%;\"><\/div><div class=\"fusion-sep-clear\"><\/div><div class=\"fusion-text fusion-text-3\"><p class=\"events\" style=\"text-align: center;\"><a href=\"https:\/\/ostadelahi.com\/de\/zur-person\/ausstellungen\/veranstaltungen-rund-um-the-sacred-lute\/\">Veranstaltungen rund um die Ausstellung zu \u201aThe Sacred Lute\u2018<\/a><\/p>\n<\/div><div class=\"fusion-clearfix\"><\/div><\/div><\/div><div class=\"fusion-layout-column fusion_builder_column fusion-builder-column-4 fusion_builder_column_1_1 1_1 fusion-one-full fusion-column-first fusion-column-last\" style=\"--awb-bg-size:cover;\"><div class=\"fusion-column-wrapper fusion-flex-column-wrapper-legacy\"><div class=\"fusion-text fusion-text-4\"><p>Diese doch relativ kleine Ausstellung war wider Erwarten von einer gewissen Aufmerksamkeit in den Medien begleitet. Neben einer gutbesuchten Vorschau produzierte Voice of America ein 10-min\u00fctiges Video \u00fcber \u201aThe Sacred Lute\u2018. Zugleich ver\u00f6ffentlichte die New York Times eine ausf\u00fchrliche Besprechung der Ausstellung mit dem Titel \u201a<a href=\"https:\/\/www.nytimes.com\/2014\/08\/30\/arts\/music\/ostad-elahi-a-tanbur-master-is-celebrated-at-met-museum.html\" target=\"_blank\" rel=\"noopener\">Honoring an Instrument of Few Strings with the Strength of a Symphony<\/a>\u2018 \u2013 gewiss eine treffende Beschreibung f\u00fcr die besondere Klangf\u00fclle der Tanbur.<\/p>\n<p>Die Medienberichte waren jedoch nicht nur auf die Presse begrenzt, \u00fcber die Ausstellung wurde auch in einem Fernsehbeitrag im Rahmen der w\u00f6chentlichen Serie NYC-ARTS (PBS) berichtet, nachdem eine der Produzentinnen der Sendung tief ber\u00fchrt war von der wundersch\u00f6nen Musik und der starken Energie, die sie bei der Er\u00f6ffnungsveranstaltung erleben durfte.<\/p>\n<\/div><div class=\"fusion-clearfix\"><\/div><\/div><\/div><div class=\"fusion-layout-column fusion_builder_column fusion-builder-column-5 fusion_builder_column_1_1 1_1 fusion-one-full fusion-column-first fusion-column-last\" style=\"--awb-bg-size:cover;\"><div class=\"fusion-column-wrapper fusion-flex-column-wrapper-legacy\"><div class=\"fusion-video fusion-vimeo\" style=\"--awb-max-width:1280px;--awb-max-height:720px;\"><div class=\"video-shortcode\"><div class=\"fluid-width-video-wrapper\" style=\"padding-top:56.25%;\" ><iframe title=\"Vimeo video player 1\" src=\"https:\/\/player.vimeo.com\/video\/127446525?autoplay=0&autopause=0\" width=\"1280\" height=\"720\" allowfullscreen allow=\"autoplay; fullscreen\"><\/iframe><\/div><\/div><\/div><div class=\"fusion-clearfix\"><\/div><\/div><\/div><div class=\"fusion-layout-column fusion_builder_column fusion-builder-column-6 fusion_builder_column_1_1 1_1 fusion-one-full fusion-column-first fusion-column-last\" style=\"--awb-bg-size:cover;\"><div class=\"fusion-column-wrapper fusion-flex-column-wrapper-legacy\"><div class=\"fusion-text fusion-text-5\"><p>Auch die internationalen Medien zeigten besonderes Interesse an der Ausstellung: Auf den persischen Webseiten von BBC und Deutsche Welle erschienen ausf\u00fchrliche Berichte. Sogar im Musik-Blog der MET (Of Note) fanden sich zahlreiche Eintr\u00e4ge von lokalen oder internationalen Besuchern, die ihre Begeisterung und ihre positiven Erfahrungen zu dieser bemerkenswerten Ausstellung, die sie gesehen hatten, teilen wollten.<\/p>\n<p>Eine Form, in der das Verm\u00e4chtnis dieser intim wirkenden Ausstellung bewahrt wurde, ist das Erscheinen einer von der MET und Le Chant du Monde koproduzierten Gedenk-CD. Das CD-B\u00fcchlein enth\u00e4lt zwei Disks mit Ostad Elahis Musik sowie einen dreisprachigen Begleittext (Englisch, Franz\u00f6sisch und Italienisch). Der Begleittext beginnt mit einer Einf\u00fchrung von Ken Moore, dem f\u00fcr die Abteilung f\u00fcr Musikinstrumente verantwortlichen Frederick P. Rose Kurator; daran schlie\u00dfen sich eine kurze Biografie von Ostad Elahi an, Beschreibungen der einzelnen Musikst\u00fccke, bebilderte Artikel und Zeugenberichte zu Entwicklung und Wirkung seiner Musik sowie einige ausgew\u00e4hlte Zitate seiner m\u00fcndlichen Unterweisungen.<\/p>\n<p>Der bemerkenswerte Erfolg dieser Ausstellung ist ein Zeugnis f\u00fcr die verbindende Kraft der Musik, die Menschen aus den unterschiedlichsten Kulturen zusammenbringen kann. Mehrere Monate lang konnten Besucher aus aller Welt Ostad Elahis au\u00dfergew\u00f6hnliche musikalische Kunst entdecken und einen Einblick in seine strahlende Pers\u00f6nlichkeit erhalten. Denn die tiefe Wirkung seiner Musik ist Ausdruck der spirituellen Tiefe in seinem Denken und seinem Leben.<\/p>\n<p>\u201eDie Musik ist mit der Seele verbunden und die Seele mit Gott. Wenn man die Musik in ihrer spirituellen Dimension spielt\u201c, so Ostad Elahi, \u201eentsteht eine Verbindung mit der Quelle.\u201d<\/p>\n<\/div><div class=\"fusion-clearfix\"><\/div><\/div><\/div><\/div><\/div>\n","protected":false},"excerpt":{"rendered":"","protected":false},"author":1,"featured_media":0,"parent":2078,"menu_order":1,"comment_status":"open","ping_status":"closed","template":"side-navigation.php","meta":{"footnotes":""},"class_list":["post-2080","page","type-page","status-publish","hentry"],"yoast_head":"<!-- This site is optimized with the Yoast SEO plugin v20.3 - https:\/\/yoast.com\/wordpress\/plugins\/seo\/ -->\n<title>The Sacred Lute: The Art of Ostad Elahi - Ostad Elahi<\/title>\n<meta name=\"robots\" content=\"index, follow, max-snippet:-1, max-image-preview:large, max-video-preview:-1\" \/>\n<link rel=\"canonical\" href=\"https:\/\/ostadelahi.com\/de\/leben\/ausstellungen\/the-sacred-lute\/\" \/>\n<meta property=\"og:locale\" content=\"de_DE\" \/>\n<meta property=\"og:type\" content=\"article\" \/>\n<meta property=\"og:title\" content=\"The Sacred Lute: The Art of Ostad Elahi - Ostad Elahi\" \/>\n<meta property=\"og:url\" content=\"https:\/\/ostadelahi.com\/de\/leben\/ausstellungen\/the-sacred-lute\/\" \/>\n<meta property=\"og:site_name\" content=\"Ostad Elahi\" \/>\n<meta property=\"article:modified_time\" content=\"2025-03-16T03:24:34+00:00\" \/>\n<meta name=\"twitter:card\" content=\"summary_large_image\" \/>\n<meta name=\"twitter:label1\" content=\"Gesch\u00e4tzte Lesezeit\" \/>\n\t<meta name=\"twitter:data1\" content=\"6\u00a0Minuten\" \/>\n<script type=\"application\/ld+json\" class=\"yoast-schema-graph\">{\"@context\":\"https:\/\/schema.org\",\"@graph\":[{\"@type\":\"WebPage\",\"@id\":\"https:\/\/ostadelahi.com\/de\/leben\/ausstellungen\/the-sacred-lute\/\",\"url\":\"https:\/\/ostadelahi.com\/de\/leben\/ausstellungen\/the-sacred-lute\/\",\"name\":\"The Sacred Lute: The Art of Ostad Elahi - Ostad Elahi\",\"isPartOf\":{\"@id\":\"https:\/\/ostadelahi.com\/#website\"},\"datePublished\":\"2014-12-01T17:56:22+00:00\",\"dateModified\":\"2025-03-16T03:24:34+00:00\",\"breadcrumb\":{\"@id\":\"https:\/\/ostadelahi.com\/de\/leben\/ausstellungen\/the-sacred-lute\/#breadcrumb\"},\"inLanguage\":\"de\",\"potentialAction\":[{\"@type\":\"ReadAction\",\"target\":[\"https:\/\/ostadelahi.com\/de\/leben\/ausstellungen\/the-sacred-lute\/\"]}]},{\"@type\":\"BreadcrumbList\",\"@id\":\"https:\/\/ostadelahi.com\/de\/leben\/ausstellungen\/the-sacred-lute\/#breadcrumb\",\"itemListElement\":[{\"@type\":\"ListItem\",\"position\":1,\"name\":\"Home\",\"item\":\"https:\/\/ostadelahi.com\/de\/\"},{\"@type\":\"ListItem\",\"position\":2,\"name\":\"Leben\",\"item\":\"https:\/\/ostadelahi.com\/life\/\"},{\"@type\":\"ListItem\",\"position\":3,\"name\":\"Ausstellungen\",\"item\":\"https:\/\/ostadelahi.com\/life\/exhibitions\/\"},{\"@type\":\"ListItem\",\"position\":4,\"name\":\"The Sacred Lute: The Art of Ostad Elahi\"}]},{\"@type\":\"WebSite\",\"@id\":\"https:\/\/ostadelahi.com\/#website\",\"url\":\"https:\/\/ostadelahi.com\/\",\"name\":\"Ostad Elahi\",\"description\":\"The official website on the life, work, and music of Ostad Elahi (1895-1974).\",\"potentialAction\":[{\"@type\":\"SearchAction\",\"target\":{\"@type\":\"EntryPoint\",\"urlTemplate\":\"https:\/\/ostadelahi.com\/?s={search_term_string}\"},\"query-input\":\"required name=search_term_string\"}],\"inLanguage\":\"de\"}]}<\/script>\n<!-- \/ Yoast SEO plugin. -->","yoast_head_json":{"title":"The Sacred Lute: The Art of Ostad Elahi - Ostad Elahi","robots":{"index":"index","follow":"follow","max-snippet":"max-snippet:-1","max-image-preview":"max-image-preview:large","max-video-preview":"max-video-preview:-1"},"canonical":"https:\/\/ostadelahi.com\/de\/leben\/ausstellungen\/the-sacred-lute\/","og_locale":"de_DE","og_type":"article","og_title":"The Sacred Lute: The Art of Ostad Elahi - Ostad Elahi","og_url":"https:\/\/ostadelahi.com\/de\/leben\/ausstellungen\/the-sacred-lute\/","og_site_name":"Ostad Elahi","article_modified_time":"2025-03-16T03:24:34+00:00","twitter_card":"summary_large_image","twitter_misc":{"Gesch\u00e4tzte Lesezeit":"6\u00a0Minuten"},"schema":{"@context":"https:\/\/schema.org","@graph":[{"@type":"WebPage","@id":"https:\/\/ostadelahi.com\/de\/leben\/ausstellungen\/the-sacred-lute\/","url":"https:\/\/ostadelahi.com\/de\/leben\/ausstellungen\/the-sacred-lute\/","name":"The Sacred Lute: The Art of Ostad Elahi - Ostad Elahi","isPartOf":{"@id":"https:\/\/ostadelahi.com\/#website"},"datePublished":"2014-12-01T17:56:22+00:00","dateModified":"2025-03-16T03:24:34+00:00","breadcrumb":{"@id":"https:\/\/ostadelahi.com\/de\/leben\/ausstellungen\/the-sacred-lute\/#breadcrumb"},"inLanguage":"de","potentialAction":[{"@type":"ReadAction","target":["https:\/\/ostadelahi.com\/de\/leben\/ausstellungen\/the-sacred-lute\/"]}]},{"@type":"BreadcrumbList","@id":"https:\/\/ostadelahi.com\/de\/leben\/ausstellungen\/the-sacred-lute\/#breadcrumb","itemListElement":[{"@type":"ListItem","position":1,"name":"Home","item":"https:\/\/ostadelahi.com\/de\/"},{"@type":"ListItem","position":2,"name":"Leben","item":"https:\/\/ostadelahi.com\/life\/"},{"@type":"ListItem","position":3,"name":"Ausstellungen","item":"https:\/\/ostadelahi.com\/life\/exhibitions\/"},{"@type":"ListItem","position":4,"name":"The Sacred Lute: The Art of Ostad Elahi"}]},{"@type":"WebSite","@id":"https:\/\/ostadelahi.com\/#website","url":"https:\/\/ostadelahi.com\/","name":"Ostad Elahi","description":"The official website on the life, work, and music of Ostad Elahi (1895-1974).","potentialAction":[{"@type":"SearchAction","target":{"@type":"EntryPoint","urlTemplate":"https:\/\/ostadelahi.com\/?s={search_term_string}"},"query-input":"required name=search_term_string"}],"inLanguage":"de"}]}},"_links":{"self":[{"href":"https:\/\/ostadelahi.com\/de\/wp-json\/wp\/v2\/pages\/2080","targetHints":{"allow":["GET"]}}],"collection":[{"href":"https:\/\/ostadelahi.com\/de\/wp-json\/wp\/v2\/pages"}],"about":[{"href":"https:\/\/ostadelahi.com\/de\/wp-json\/wp\/v2\/types\/page"}],"author":[{"embeddable":true,"href":"https:\/\/ostadelahi.com\/de\/wp-json\/wp\/v2\/users\/1"}],"replies":[{"embeddable":true,"href":"https:\/\/ostadelahi.com\/de\/wp-json\/wp\/v2\/comments?post=2080"}],"version-history":[{"count":12,"href":"https:\/\/ostadelahi.com\/de\/wp-json\/wp\/v2\/pages\/2080\/revisions"}],"predecessor-version":[{"id":17558,"href":"https:\/\/ostadelahi.com\/de\/wp-json\/wp\/v2\/pages\/2080\/revisions\/17558"}],"up":[{"embeddable":true,"href":"https:\/\/ostadelahi.com\/de\/wp-json\/wp\/v2\/pages\/2078"}],"wp:attachment":[{"href":"https:\/\/ostadelahi.com\/de\/wp-json\/wp\/v2\/media?parent=2080"}],"curies":[{"name":"wp","href":"https:\/\/api.w.org\/{rel}","templated":true}]}}