{"id":1588,"date":"2013-01-22T12:54:22","date_gmt":"2013-01-22T17:54:22","guid":{"rendered":"https:\/\/ostadelahi.com\/?page_id=1588"},"modified":"2023-03-17T15:58:00","modified_gmt":"2023-03-17T20:58:00","slug":"maximen","status":"publish","type":"page","link":"https:\/\/ostadelahi.com\/de\/gallerie\/maximen\/","title":{"rendered":"Maximen"},"content":{"rendered":"<div class=\"fusion-fullwidth fullwidth-box fusion-builder-row-1 hundred-percent-fullwidth non-hundred-percent-height-scrolling\" style=\"--awb-border-radius-top-left:0px;--awb-border-radius-top-right:0px;--awb-border-radius-bottom-right:0px;--awb-border-radius-bottom-left:0px;--awb-overflow:visible;\" ><div class=\"fusion-builder-row fusion-row\"><div class=\"fusion-layout-column fusion_builder_column fusion-builder-column-0 fusion_builder_column_1_1 1_1 fusion-one-full fusion-column-first fusion-column-last\" style=\"--awb-bg-size:cover;\"><div class=\"fusion-column-wrapper fusion-flex-column-wrapper-legacy\"><div class=\"fusion-text fusion-text-1\"><p>Anders als seine wissenschaftlichen Schriften sind Ostad Elahis m\u00fcndlich weitergegebene Lehren stets von einer einfachen, leicht zug\u00e4nglichen und f\u00fcr jedermann verst\u00e4ndlichen Sprache gekennzeichnet. Diese m\u00fcndlichen Unterweisungen wurden von seinem Sohn Bahram Elahi in zwei B\u00e4nden unter dem Titel <em>Asar ol-Haqq<\/em> (Spuren der Wahrheit) zusammengestellt und posthum herausgegeben. Ostad Elahi antwortet hierin auf Fragen, die ihm Mitglieder seiner Familie, Freunde oder Besucher aus allen Lebensbereichen stellten. Dementsprechend weitl\u00e4ufig sind die Themen \u2013 sie reichen von der Sehnsucht nach Transzendenz \u00fcber die Stufen der Selbsterkenntnis bis hin zur Rolle der kontemplativen Praxis und dem Prozess der Vervollkommnung. Eine Auswahl aus diesen Texten bietet der kleine Band <em>Paroles de V\u00e9rit\u00e9<\/em> (Worte der Wahrheit), der 2014 in franz\u00f6sischer Sprache erschienen ist. Im Folgenden wurden einige dieser Zitate nach Themenbereichen gruppiert.<\/p>\n<\/div><div class=\"fusion-clearfix\"><\/div><\/div><\/div><div class=\"fusion-layout-column fusion_builder_column fusion-builder-column-1 fusion_builder_column_2_3 2_3 fusion-two-third fusion-column-first\" style=\"--awb-bg-size:cover;width:65.3333%; margin-right: 4%;\"><div class=\"fusion-column-wrapper fusion-flex-column-wrapper-legacy\"><div class=\"fusion-text fusion-text-2\"><h2>\u00dcber die Ethik<\/h2>\n<blockquote>\n<p>Der Grundpfeiler des Lebens in dieser Welt ist, das Recht des Anderen zu respektieren.<\/p>\n<p>Ein wahrer Mensch ist jemand, der sich am Gl\u00fcck anderer erfreut und ihr Leid mit ihnen teilt.<\/p>\n<p>Ein wahrer Mensch stellt stets die Interessen anderer vor seine eigenen, anders als gew\u00f6hnliche Sterbliche, die zuallererst ihr eigenes Interesse verfolgen und nur dann an andere denken, wenn sich die Gelegenheit ergibt.<\/p>\n<p>Das Gute sollte man aus Pflicht und mit der Intention der g\u00f6ttlichen Zufriedenheit tun. Wenn ihr Gutes tun m\u00f6chtet, schaut nicht auf die Person, denkt nur an eure Pflicht und an die g\u00f6ttliche Zufriedenheit. Unter dieser Bedingung wird euch der Gewinn aus euren Taten bleiben.<\/p>\n<p>Wer menschlich ist und Glauben hat, der hat ein empfindsames, mitf\u00fchlendes und gro\u00dfz\u00fcgiges Herz und nimmt Anteil am Leid des Anderen. Das ist ein Zeichen, dass er das g\u00f6ttliche Licht in seinem Herzen tr\u00e4gt. Umgekehrt gilt, wer ein hartes Herz hat und kein Mitgef\u00fchl empfindet, der hat dieses Licht nicht in seinem Herzen.<\/p>\n<\/blockquote>\n<\/div><div class=\"fusion-clearfix\"><\/div><\/div><\/div><div class=\"fusion-layout-column fusion_builder_column fusion-builder-column-2 fusion_builder_column_1_3 1_3 fusion-one-third fusion-column-last\" style=\"--awb-bg-size:cover;width:30.6666%;\"><div class=\"fusion-column-wrapper fusion-flex-column-wrapper-legacy\"><div class=\"fusion-image-element fusion-image-align-center in-legacy-container\" style=\"text-align:center;--awb-caption-title-size:var(--h2_typography-font-size);--awb-caption-title-transform:var(--h2_typography-text-transform);--awb-caption-title-line-height:var(--h2_typography-line-height);--awb-caption-title-letter-spacing:var(--h2_typography-letter-spacing);\"><div class=\"imageframe-align-center\"><span class=\" fusion-imageframe imageframe-none imageframe-1 hover-type-none\" style=\"border-radius:500px;\"><img decoding=\"async\" width=\"250\" height=\"250\" title=\"maxims-1\" src=\"https:\/\/ostadelahi.com\/wp-content\/uploads\/maxims-1.jpg\" alt class=\"img-responsive wp-image-4251\" srcset=\"https:\/\/ostadelahi.com\/wp-content\/uploads\/maxims-1-200x200.jpg 200w, https:\/\/ostadelahi.com\/wp-content\/uploads\/maxims-1.jpg 250w\" sizes=\"(max-width: 640px) 100vw, 250px\" \/><\/span><\/div><\/div><div class=\"fusion-clearfix\"><\/div><\/div><\/div><div class=\"fusion-layout-column fusion_builder_column fusion-builder-column-3 fusion_builder_column_1_1 1_1 fusion-one-full fusion-column-first fusion-column-last\" style=\"--awb-bg-size:cover;\"><div class=\"fusion-column-wrapper fusion-flex-column-wrapper-legacy\"><div class=\"fusion-sep-clear\"><\/div><div class=\"fusion-separator fusion-full-width-sep\" style=\"margin-left: auto;margin-right: auto;margin-top:40px;margin-bottom:40px;width:100%;\"><div class=\"fusion-separator-border sep-shadow\" style=\"--awb-height:20px;--awb-amount:20px;background:radial-gradient(ellipse at 50% -50% , #e0dede 0px, rgba(255, 255, 255, 0) 80%) repeat scroll 0 0 rgba(0, 0, 0, 0);background:-webkit-radial-gradient(ellipse at 50% -50% , #e0dede 0px, rgba(255, 255, 255, 0) 80%) repeat scroll 0 0 rgba(0, 0, 0, 0);background:-moz-radial-gradient(ellipse at 50% -50% , #e0dede 0px, rgba(255, 255, 255, 0) 80%) repeat scroll 0 0 rgba(0, 0, 0, 0);background:-o-radial-gradient(ellipse at 50% -50% , #e0dede 0px, rgba(255, 255, 255, 0) 80%) repeat scroll 0 0 rgba(0, 0, 0, 0);\"><\/div><\/div><div class=\"fusion-sep-clear\"><\/div><div class=\"fusion-clearfix\"><\/div><\/div><\/div><div class=\"fusion-layout-column fusion_builder_column fusion-builder-column-4 fusion_builder_column_1_3 1_3 fusion-one-third fusion-column-first\" style=\"--awb-bg-size:cover;width:30.6666%; margin-right: 4%;\"><div class=\"fusion-column-wrapper fusion-flex-column-wrapper-legacy\"><div class=\"fusion-image-element fusion-image-align-center in-legacy-container\" style=\"text-align:center;--awb-caption-title-size:var(--h2_typography-font-size);--awb-caption-title-transform:var(--h2_typography-text-transform);--awb-caption-title-line-height:var(--h2_typography-line-height);--awb-caption-title-letter-spacing:var(--h2_typography-letter-spacing);\"><div class=\"imageframe-align-center\"><span class=\" fusion-imageframe imageframe-none imageframe-2 hover-type-none\" style=\"border-radius:500px;\"><img decoding=\"async\" width=\"250\" height=\"250\" title=\"maxims-2\" src=\"https:\/\/ostadelahi.com\/wp-content\/uploads\/maxims-2.jpg\" alt class=\"img-responsive wp-image-4255\" srcset=\"https:\/\/ostadelahi.com\/wp-content\/uploads\/maxims-2-200x200.jpg 200w, https:\/\/ostadelahi.com\/wp-content\/uploads\/maxims-2.jpg 250w\" sizes=\"(max-width: 640px) 100vw, 250px\" \/><\/span><\/div><\/div><div class=\"fusion-clearfix\"><\/div><\/div><\/div><div class=\"fusion-layout-column fusion_builder_column fusion-builder-column-5 fusion_builder_column_2_3 2_3 fusion-two-third fusion-column-last\" style=\"--awb-bg-size:cover;width:65.3333%;\"><div class=\"fusion-column-wrapper fusion-flex-column-wrapper-legacy\"><div class=\"fusion-text fusion-text-3\"><h2>\u00dcber die Selbsterkenntnis<\/h2>\n<blockquote>\n<p>Wer sich auf den Weg zur Vollkommenheit begeben m\u00f6chte, sollte zuallererst seine Intention pr\u00fcfen. Ist seine Intention, g\u00f6ttliche Zufriedenheit und N\u00e4he zu erlangen, wird er am Ziel ankommen. Wenn nicht, fehlt ihm die entscheidende Grundlage.<\/p>\n<p>Die Wahrheit besteht f\u00fcr den Menschen darin zu wissen, was er ist, woher er kommt, was seine Pflichten hier sind und wohin er geht. Wenn er diese Fragen zum Gegenstand seiner Suche gemacht, sie praktisch umgesetzt und verstanden hat, hat er die Wahrheit erreicht.<\/p>\n<p>Der Schl\u00fcssel zur Selbsterkenntnis ist sich selbst zu ergr\u00fcnden, mit anderen Worten, Gott in sich selbst zu suchen. Die F\u00e4higkeit zur Selbsterkenntnis ist in jedem Menschen angelegt, aber man muss ihr R\u00e4tsel erst entschl\u00fcsseln.<\/p>\n<p>Solange der Mensch sich nicht selbst erkennt, kann er Gott nicht erkennen. Der erste Schritt zur Selbsterkenntnis ist der Kampf gegen Selbstsucht und Ichbezogenheit.<\/p>\n<p>Der Schl\u00fcssel, der alle spirituellen T\u00fcren \u00f6ffnet, ist Willenskraft. Wenn der Mensch mit der Kraft seines Willens sein Ego meistert, kann er mit der spirituellen Welt in Verbindung treten.<\/p>\n<\/blockquote>\n<\/div><div class=\"fusion-clearfix\"><\/div><\/div><\/div><div class=\"fusion-layout-column fusion_builder_column fusion-builder-column-6 fusion_builder_column_1_1 1_1 fusion-one-full fusion-column-first fusion-column-last\" style=\"--awb-bg-size:cover;\"><div class=\"fusion-column-wrapper fusion-flex-column-wrapper-legacy\"><div class=\"fusion-sep-clear\"><\/div><div class=\"fusion-separator fusion-full-width-sep\" style=\"margin-left: auto;margin-right: auto;margin-top:40px;margin-bottom:40px;width:100%;\"><div class=\"fusion-separator-border sep-shadow\" style=\"--awb-height:20px;--awb-amount:20px;background:radial-gradient(ellipse at 50% -50% , #e0dede 0px, rgba(255, 255, 255, 0) 80%) repeat scroll 0 0 rgba(0, 0, 0, 0);background:-webkit-radial-gradient(ellipse at 50% -50% , #e0dede 0px, rgba(255, 255, 255, 0) 80%) repeat scroll 0 0 rgba(0, 0, 0, 0);background:-moz-radial-gradient(ellipse at 50% -50% , #e0dede 0px, rgba(255, 255, 255, 0) 80%) repeat scroll 0 0 rgba(0, 0, 0, 0);background:-o-radial-gradient(ellipse at 50% -50% , #e0dede 0px, rgba(255, 255, 255, 0) 80%) repeat scroll 0 0 rgba(0, 0, 0, 0);\"><\/div><\/div><div class=\"fusion-sep-clear\"><\/div><div class=\"fusion-clearfix\"><\/div><\/div><\/div><div class=\"fusion-layout-column fusion_builder_column fusion-builder-column-7 fusion_builder_column_2_3 2_3 fusion-two-third fusion-column-first\" style=\"--awb-bg-size:cover;width:65.3333%; margin-right: 4%;\"><div class=\"fusion-column-wrapper fusion-flex-column-wrapper-legacy\"><div class=\"fusion-text fusion-text-4\"><h2>\u00dcber das Leben in Gesellschaft<\/h2>\n<blockquote>\n<p>Meine Denkschule ist wie eine neue Medizin [der Seele], die ich nach vielen Jahren der Askese, der Erfahrungen und der Forschungen entwickelt habe \u2013 in der Tat Erfahrungen, die ich am eigenen Leib durchlebt habe.<\/p>\n<p>Solange ich nicht in den Staatsdienst eingetreten war, wusste ich nicht, dass die zw\u00f6lf Jahre der Askese und der Meditation, die ich regelgem\u00e4\u00df durchlief, genauso viel wert waren wie ein einziges Jahr Arbeit in der Verwaltung. Mein Beruf und die damit verbundenen heiklen Situationen haben mich mit allen Arten von Versuchungen in Ber\u00fchrung gebracht, und doch bin ich nicht erlegen \u2013 jedes einzelne dieser Jahre hatte daher genauso viel Wert wie meine zw\u00f6lf Jahre der Askese.<\/p>\n<p>Dieser Weg\u2026 ist kein Weg der Worte, sondern ein Weg der Taten \u2013 nur durch Taten kommen wir voran.<\/p>\n<p>Man darf sich nicht von der Gesellschaft zur\u00fcckziehen, um in Abgeschiedenheit und Gebet zu leben \u2013 wie die Mystiker der Vergangenheit. Ihr m\u00fcsst in Gesellschaft leben und dabei stets mit eurer Aufmerksamkeit bei der Quelle sein.<\/p>\n<p>Es gibt nichts Besseres f\u00fcr einen spirituellen Studenten, als stets sein Ziel vor Augen zu haben, wie jemand, der an einen bestimmten Ort gelangen m\u00f6chte: er sollte lieber nicht in Schaufenster blicken oder sich sonstwie ablenken lassen, sondern mit gro\u00dfen Schritten auf sein Ziel zugehen.<\/p>\n<\/blockquote>\n<\/div><div class=\"fusion-clearfix\"><\/div><\/div><\/div><div class=\"fusion-layout-column fusion_builder_column fusion-builder-column-8 fusion_builder_column_1_3 1_3 fusion-one-third fusion-column-last\" style=\"--awb-bg-size:cover;width:30.6666%;\"><div class=\"fusion-column-wrapper fusion-flex-column-wrapper-legacy\"><div class=\"fusion-image-element fusion-image-align-center in-legacy-container\" style=\"text-align:center;--awb-caption-title-size:var(--h2_typography-font-size);--awb-caption-title-transform:var(--h2_typography-text-transform);--awb-caption-title-line-height:var(--h2_typography-line-height);--awb-caption-title-letter-spacing:var(--h2_typography-letter-spacing);\"><div class=\"imageframe-align-center\"><span class=\" fusion-imageframe imageframe-none imageframe-3 hover-type-none\" style=\"border-radius:500px;\"><img decoding=\"async\" width=\"250\" height=\"250\" title=\"maxims-3\" src=\"https:\/\/ostadelahi.com\/wp-content\/uploads\/maxims-3.jpg\" alt class=\"img-responsive wp-image-4259\" srcset=\"https:\/\/ostadelahi.com\/wp-content\/uploads\/maxims-3-200x200.jpg 200w, https:\/\/ostadelahi.com\/wp-content\/uploads\/maxims-3.jpg 250w\" sizes=\"(max-width: 640px) 100vw, 250px\" \/><\/span><\/div><\/div><div class=\"fusion-clearfix\"><\/div><\/div><\/div><div class=\"fusion-layout-column fusion_builder_column fusion-builder-column-9 fusion_builder_column_1_1 1_1 fusion-one-full fusion-column-first fusion-column-last\" style=\"--awb-bg-size:cover;\"><div class=\"fusion-column-wrapper fusion-flex-column-wrapper-legacy\"><div class=\"fusion-sep-clear\"><\/div><div class=\"fusion-separator fusion-full-width-sep\" style=\"margin-left: auto;margin-right: auto;margin-top:40px;margin-bottom:40px;width:100%;\"><div class=\"fusion-separator-border sep-shadow\" style=\"--awb-height:20px;--awb-amount:20px;background:radial-gradient(ellipse at 50% -50% , #e0dede 0px, rgba(255, 255, 255, 0) 80%) repeat scroll 0 0 rgba(0, 0, 0, 0);background:-webkit-radial-gradient(ellipse at 50% -50% , #e0dede 0px, rgba(255, 255, 255, 0) 80%) repeat scroll 0 0 rgba(0, 0, 0, 0);background:-moz-radial-gradient(ellipse at 50% -50% , #e0dede 0px, rgba(255, 255, 255, 0) 80%) repeat scroll 0 0 rgba(0, 0, 0, 0);background:-o-radial-gradient(ellipse at 50% -50% , #e0dede 0px, rgba(255, 255, 255, 0) 80%) repeat scroll 0 0 rgba(0, 0, 0, 0);\"><\/div><\/div><div class=\"fusion-sep-clear\"><\/div><div class=\"fusion-clearfix\"><\/div><\/div><\/div><div class=\"fusion-layout-column fusion_builder_column fusion-builder-column-10 fusion_builder_column_1_3 1_3 fusion-one-third fusion-column-first\" style=\"--awb-bg-size:cover;width:30.6666%; margin-right: 4%;\"><div class=\"fusion-column-wrapper fusion-flex-column-wrapper-legacy\"><div class=\"fusion-image-element fusion-image-align-center in-legacy-container\" style=\"text-align:center;--awb-caption-title-size:var(--h2_typography-font-size);--awb-caption-title-transform:var(--h2_typography-text-transform);--awb-caption-title-line-height:var(--h2_typography-line-height);--awb-caption-title-letter-spacing:var(--h2_typography-letter-spacing);\"><div class=\"imageframe-align-center\"><span class=\" fusion-imageframe imageframe-none imageframe-4 hover-type-none\" style=\"border-radius:500px;\"><img decoding=\"async\" width=\"250\" height=\"250\" title=\"maxims-4\" src=\"https:\/\/ostadelahi.com\/wp-content\/uploads\/maxims-4.jpg\" alt class=\"img-responsive wp-image-4263\" srcset=\"https:\/\/ostadelahi.com\/wp-content\/uploads\/maxims-4-200x200.jpg 200w, https:\/\/ostadelahi.com\/wp-content\/uploads\/maxims-4.jpg 250w\" sizes=\"(max-width: 640px) 100vw, 250px\" \/><\/span><\/div><\/div><div class=\"fusion-clearfix\"><\/div><\/div><\/div><div class=\"fusion-layout-column fusion_builder_column fusion-builder-column-11 fusion_builder_column_2_3 2_3 fusion-two-third fusion-column-last\" style=\"--awb-bg-size:cover;width:65.3333%;\"><div class=\"fusion-column-wrapper fusion-flex-column-wrapper-legacy\"><div class=\"fusion-text fusion-text-5\"><h2>\u00dcber Religion und Gebet<\/h2>\n<blockquote>\n<p>Religion bedeutet, Gott zu erkennen und so zu handeln, wie Er es m\u00f6chte. Und was Er von uns m\u00f6chte, m\u00f6chte Er mit dem Ziel, das friedliche Zusammensein der Gesch\u00f6pfe zu gew\u00e4hren.<\/p>\n<p>Es sind die Sekund\u00e4rvorschriften, in denen sich die Religionen voneinander unterscheiden \u2013 was aber ihre Grundprinzipien und ihr Ziel anbelangt, sind sie eins.<\/p>\n<p>Was die Glaubens\u00fcberzeugungen der Leute betrifft, mischen wir uns nicht ein. Das, was z\u00e4hlt, ist, dass sie sich wie wahre Menschen verhalten, also einen guten Kern, gute Prinzipien und gute Intentionen haben.<\/p>\n<p>F\u00fcr Gott z\u00e4hlt das Herz, nicht Wort oder Sprache. Ob ihr nun auf Arabisch, Persisch oder in irgendeiner anderen Sprache sprecht oder auch gar nichts sagt \u2013 f\u00fcr ihn z\u00e4hlt nur das Herz.<\/p>\n<p>Gott akzeptiert jedes pers\u00f6nliche und intime Gebet, unabh\u00e4ngig von Zeit, Ort, Situation und Form \u2013 vorausgesetzt, dass die Aufmerksamkeit auf die Quelle gerichtet ist.<\/p>\n<\/blockquote>\n<\/div><div class=\"fusion-clearfix\"><\/div><\/div><\/div><\/div><\/div>\n","protected":false},"excerpt":{"rendered":"","protected":false},"author":1,"featured_media":0,"parent":2098,"menu_order":3,"comment_status":"closed","ping_status":"closed","template":"side-navigation.php","meta":{"footnotes":""},"class_list":["post-1588","page","type-page","status-publish","hentry"],"yoast_head":"<!-- This site is optimized with the Yoast SEO plugin v20.3 - https:\/\/yoast.com\/wordpress\/plugins\/seo\/ -->\n<title>Maximen - Ostad Elahi<\/title>\n<meta name=\"robots\" content=\"index, follow, max-snippet:-1, max-image-preview:large, max-video-preview:-1\" \/>\n<link rel=\"canonical\" href=\"https:\/\/ostadelahi.com\/gallery\/maxims\/\" \/>\n<meta property=\"og:locale\" content=\"de_DE\" \/>\n<meta property=\"og:type\" content=\"article\" \/>\n<meta property=\"og:title\" content=\"Maximen - Ostad Elahi\" \/>\n<meta property=\"og:url\" content=\"https:\/\/ostadelahi.com\/gallery\/maxims\/\" \/>\n<meta property=\"og:site_name\" content=\"Ostad Elahi\" \/>\n<meta property=\"article:modified_time\" content=\"2023-03-17T20:58:00+00:00\" \/>\n<meta name=\"twitter:card\" content=\"summary_large_image\" \/>\n<meta name=\"twitter:label1\" content=\"Gesch\u00e4tzte Lesezeit\" \/>\n\t<meta name=\"twitter:data1\" content=\"10\u00a0Minuten\" \/>\n<script type=\"application\/ld+json\" class=\"yoast-schema-graph\">{\"@context\":\"https:\/\/schema.org\",\"@graph\":[{\"@type\":\"WebPage\",\"@id\":\"https:\/\/ostadelahi.com\/gallery\/maxims\/\",\"url\":\"https:\/\/ostadelahi.com\/gallery\/maxims\/\",\"name\":\"Maximen - Ostad Elahi\",\"isPartOf\":{\"@id\":\"https:\/\/ostadelahi.com\/#website\"},\"datePublished\":\"2013-01-22T17:54:22+00:00\",\"dateModified\":\"2023-03-17T20:58:00+00:00\",\"breadcrumb\":{\"@id\":\"https:\/\/ostadelahi.com\/gallery\/maxims\/#breadcrumb\"},\"inLanguage\":\"de\",\"potentialAction\":[{\"@type\":\"ReadAction\",\"target\":[\"https:\/\/ostadelahi.com\/gallery\/maxims\/\"]}]},{\"@type\":\"BreadcrumbList\",\"@id\":\"https:\/\/ostadelahi.com\/gallery\/maxims\/#breadcrumb\",\"itemListElement\":[{\"@type\":\"ListItem\",\"position\":1,\"name\":\"Home\",\"item\":\"https:\/\/ostadelahi.com\/de\/\"},{\"@type\":\"ListItem\",\"position\":2,\"name\":\"Galerie\",\"item\":\"https:\/\/ostadelahi.com\/gallery\/\"},{\"@type\":\"ListItem\",\"position\":3,\"name\":\"Maximen\"}]},{\"@type\":\"WebSite\",\"@id\":\"https:\/\/ostadelahi.com\/#website\",\"url\":\"https:\/\/ostadelahi.com\/\",\"name\":\"Ostad Elahi\",\"description\":\"The official website on the life, work, and music of Ostad Elahi (1895-1974).\",\"potentialAction\":[{\"@type\":\"SearchAction\",\"target\":{\"@type\":\"EntryPoint\",\"urlTemplate\":\"https:\/\/ostadelahi.com\/?s={search_term_string}\"},\"query-input\":\"required name=search_term_string\"}],\"inLanguage\":\"de\"}]}<\/script>\n<!-- \/ Yoast SEO plugin. -->","yoast_head_json":{"title":"Maximen - Ostad Elahi","robots":{"index":"index","follow":"follow","max-snippet":"max-snippet:-1","max-image-preview":"max-image-preview:large","max-video-preview":"max-video-preview:-1"},"canonical":"https:\/\/ostadelahi.com\/gallery\/maxims\/","og_locale":"de_DE","og_type":"article","og_title":"Maximen - Ostad Elahi","og_url":"https:\/\/ostadelahi.com\/gallery\/maxims\/","og_site_name":"Ostad Elahi","article_modified_time":"2023-03-17T20:58:00+00:00","twitter_card":"summary_large_image","twitter_misc":{"Gesch\u00e4tzte Lesezeit":"10\u00a0Minuten"},"schema":{"@context":"https:\/\/schema.org","@graph":[{"@type":"WebPage","@id":"https:\/\/ostadelahi.com\/gallery\/maxims\/","url":"https:\/\/ostadelahi.com\/gallery\/maxims\/","name":"Maximen - Ostad Elahi","isPartOf":{"@id":"https:\/\/ostadelahi.com\/#website"},"datePublished":"2013-01-22T17:54:22+00:00","dateModified":"2023-03-17T20:58:00+00:00","breadcrumb":{"@id":"https:\/\/ostadelahi.com\/gallery\/maxims\/#breadcrumb"},"inLanguage":"de","potentialAction":[{"@type":"ReadAction","target":["https:\/\/ostadelahi.com\/gallery\/maxims\/"]}]},{"@type":"BreadcrumbList","@id":"https:\/\/ostadelahi.com\/gallery\/maxims\/#breadcrumb","itemListElement":[{"@type":"ListItem","position":1,"name":"Home","item":"https:\/\/ostadelahi.com\/de\/"},{"@type":"ListItem","position":2,"name":"Galerie","item":"https:\/\/ostadelahi.com\/gallery\/"},{"@type":"ListItem","position":3,"name":"Maximen"}]},{"@type":"WebSite","@id":"https:\/\/ostadelahi.com\/#website","url":"https:\/\/ostadelahi.com\/","name":"Ostad Elahi","description":"The official website on the life, work, and music of Ostad Elahi (1895-1974).","potentialAction":[{"@type":"SearchAction","target":{"@type":"EntryPoint","urlTemplate":"https:\/\/ostadelahi.com\/?s={search_term_string}"},"query-input":"required name=search_term_string"}],"inLanguage":"de"}]}},"_links":{"self":[{"href":"https:\/\/ostadelahi.com\/de\/wp-json\/wp\/v2\/pages\/1588","targetHints":{"allow":["GET"]}}],"collection":[{"href":"https:\/\/ostadelahi.com\/de\/wp-json\/wp\/v2\/pages"}],"about":[{"href":"https:\/\/ostadelahi.com\/de\/wp-json\/wp\/v2\/types\/page"}],"author":[{"embeddable":true,"href":"https:\/\/ostadelahi.com\/de\/wp-json\/wp\/v2\/users\/1"}],"replies":[{"embeddable":true,"href":"https:\/\/ostadelahi.com\/de\/wp-json\/wp\/v2\/comments?post=1588"}],"version-history":[{"count":4,"href":"https:\/\/ostadelahi.com\/de\/wp-json\/wp\/v2\/pages\/1588\/revisions"}],"predecessor-version":[{"id":12338,"href":"https:\/\/ostadelahi.com\/de\/wp-json\/wp\/v2\/pages\/1588\/revisions\/12338"}],"up":[{"embeddable":true,"href":"https:\/\/ostadelahi.com\/de\/wp-json\/wp\/v2\/pages\/2098"}],"wp:attachment":[{"href":"https:\/\/ostadelahi.com\/de\/wp-json\/wp\/v2\/media?parent=1588"}],"curies":[{"name":"wp","href":"https:\/\/api.w.org\/{rel}","templated":true}]}}