{"id":1574,"date":"2013-01-22T12:51:12","date_gmt":"2013-01-22T17:51:12","guid":{"rendered":"https:\/\/ostadelahi.com\/?page_id=1574"},"modified":"2023-03-26T16:58:22","modified_gmt":"2023-03-26T21:58:22","slug":"bibliografie","status":"publish","type":"page","link":"https:\/\/ostadelahi.com\/de\/werk\/ressourcen\/bibliografie\/","title":{"rendered":"Bibliografie"},"content":{"rendered":"<div class=\"fusion-fullwidth fullwidth-box fusion-builder-row-1 nonhundred-percent-fullwidth non-hundred-percent-height-scrolling\" style=\"--awb-border-radius-top-left:0px;--awb-border-radius-top-right:0px;--awb-border-radius-bottom-right:0px;--awb-border-radius-bottom-left:0px;\" ><div class=\"fusion-builder-row fusion-row\"><div class=\"fusion-layout-column fusion_builder_column fusion-builder-column-0 fusion_builder_column_1_1 1_1 fusion-one-full fusion-column-first fusion-column-last\" style=\"--awb-bg-size:cover;--awb-margin-bottom:0px;\"><div class=\"fusion-column-wrapper fusion-flex-column-wrapper-legacy\"><div class=\"fusion-text fusion-text-1\"><h2>Arbeiten von Ostad Elahi<\/h2>\n<h4>Deutsch<\/h4>\n<ul>\n<li><em>100 Maximen der F\u00fchrung. Einf\u00fchrung von Bahram Elahi<\/em> (Ibera, 2009)\u00a0ISBN 978-3850522748<\/li>\n<\/ul>\n<h4>Englisch<\/h4>\n<ul>\n<li><em>Knowing the Spirit<\/em>. \u00dcbersetzung und Einf\u00fchrung von James Winston Morris (SUNY Press, 2007)\u00a0ISBN 978-0-7914-6858-6<\/li>\n<\/ul>\n<ul>\n<li><em>Words of Faith: Prayers of Ostad Elahi<\/em>\u00a0(Robert Laffont, 1995) ISBN 978-2-911331-02-2<\/li>\n<li><em>100 Maxims of Guidance<\/em> (Robert Laffont, 1995)\u00a0ISBN 978-2-911331-00-8<\/li>\n<\/ul>\n<h4>Franz\u00f6sisch<\/h4>\n<ul>\n<li><em>Maximes de Guidance: Principes de sagesse universelle<\/em> (Paris, Pocket Agora, 2015)\u00a0ISBN 978-2266227773<\/li>\n<li><em>Paroles de V\u00e9rit\u00e9<\/em> (Albin Michel, 2014) ISBN 978-2-226-253910<\/li>\n<li><em>Connaissance de l\u2019\u00c2me<\/em> (L\u2019Harmattan, 2001)\u00a0ISBN 2-7475-0452-2<\/li>\n<li><em>Confidences: Pri\u00e8res d\u2019Ostad Elahi<\/em>\u00a0(Robert Laffont, 1995)\u00a0ISBN 978-2-221-08205-8<\/li>\n<\/ul>\n<ul>\n<li><em>100 Maximes de guidance<\/em> (Robert Laffont, 1995)<\/li>\n<\/ul>\n<h4>Italienisch<\/h4>\n<ul>\n<li><em>Parole di Verit\u00e0<\/em> (Mondadori, 2016) ISBN 978-8891809100<\/li>\n<li><em>Pensieri di Luce<\/em> (Mondadori, 2000) ISBN 978-8804448105<\/li>\n<\/ul>\n<h4>Persisch<\/h4>\n<ul>\n<li><em>Borhan-ol Haqq<\/em>\u00a0(Persian:\u00a0\u0628\u0631\u0647\u0627\u0646 \u0627\u0644\u062d\u0642\u200e) [<em>Beweis der Wahrheit<\/em>] 1. Auflage (Amir Kabir, 1963)<\/li>\n<li><em>Haqq-ol Haqqayeq<\/em>\u00a0(Persian:\u00a0\u062d\u0642 \u0627\u0644\u062d\u0642\u0627\u064a\u0642\u200e) [<em>Kommentar zu Shahnameh Haqiqat (Buch der K\u00f6nige der Wahrheit)<\/em>] (Husseini, 1967)<\/li>\n<li><em>Ma\u2019refat-ol Ruh<\/em>\u00a0(Persian:\u00a0\u0645\u0639\u0631\u0641\u062a \u0627\u0644\u0631\u0648\u062d\u200e) [<em>Erkenntnis der Seele<\/em>] 1. Auflage (Tahuri, 1969)<\/li>\n<li><em>Asar-ol Haqq<\/em>\u00a0(Persian:\u00a0\u0622\u062b\u0627\u0631\u0627\u0644\u062d\u0642\u200e) [Spuren der Wahrheit] Hrsg. Bahram Elahi. Band 1 (Jeyhoun, 1978)<\/li>\n<li><em>Asar-ol Haqq<\/em>\u00a0(Persian:\u00a0\u0622\u062b\u0627\u0631\u0627\u0644\u062d\u0642\u200e) [<em>Spuren der Wahrheit<\/em>] Hrsg. Bahram Elahi. Band 2 (Jeyhoun, 1992)<\/li>\n<li><em>Bargozideh<\/em> (Persian: \u0628\u0631\u06af\u0632\u06cc\u062f\u0647\u200e) [<em>Worte der Wahrheit<\/em>] Hrsg. Bahram Elahi (Nashr-e Panj, 2009)<\/li>\n<\/ul>\n<h4>T\u00fcrkisch<\/h4>\n<ul>\n<li><em>Hakikat S\u00f6zleri<\/em> (Do\u011fan Kitap, 2017) ISBN: 978-605-09-4008-4<\/li>\n<\/ul>\n<\/div><div class=\"fusion-sep-clear\"><\/div><div class=\"fusion-separator fusion-full-width-sep\" style=\"margin-left: auto;margin-right: auto;margin-top:40px;margin-bottom:40px;width:100%;\"><div class=\"fusion-separator-border sep-shadow\" style=\"--awb-height:20px;--awb-amount:20px;background:radial-gradient(ellipse at 50% -50% , #e0dede 0px, rgba(255, 255, 255, 0) 80%) repeat scroll 0 0 rgba(0, 0, 0, 0);background:-webkit-radial-gradient(ellipse at 50% -50% , #e0dede 0px, rgba(255, 255, 255, 0) 80%) repeat scroll 0 0 rgba(0, 0, 0, 0);background:-moz-radial-gradient(ellipse at 50% -50% , #e0dede 0px, rgba(255, 255, 255, 0) 80%) repeat scroll 0 0 rgba(0, 0, 0, 0);background:-o-radial-gradient(ellipse at 50% -50% , #e0dede 0px, rgba(255, 255, 255, 0) 80%) repeat scroll 0 0 rgba(0, 0, 0, 0);\"><\/div><\/div><div class=\"fusion-sep-clear\"><\/div><div class=\"fusion-text fusion-text-2\"><h2>Ausgew\u00e4hlte Arbeiten zu Ostad Elahis Leben und Philosophie<\/h2>\n<h4>Deutsch<\/h4>\n<ul>\n<li><em>Malak Jan Nemati. Das Leben ist nicht kurz, nur unsere Tage sind gez\u00e4hlt<\/em>. Von Leili Anvar (Ibera, 2007)\u00a0ISBN 978-3850523011<\/li>\n<li><em>Spiritualit\u00e4t ist eine Wissenschaft<\/em>. Von Bahram Elahi (Ibera Verlag, 2001)\u00a0ISBN 978-3-85052-112-3<\/li>\n<li><em>Grundlagen Nat\u00fcrlicher Spiritualit\u00e4t<\/em>. Von Bahram Elahi (Ibera Verlag, 1999)\u00a0ISBN 978-3-900436-85-8<\/li>\n<\/ul>\n<h4>Englisch<\/h4>\n<ul>\n<li><i><span lang=\"EN-US\">Fundamentals of the Process of Spiritual Perfection: A Practical Guide.\u00a0<\/span><\/i><span lang=\"EN-US\">Von\u00a0<\/span><span lang=\"EN-US\">Bahram Elahi (Monkfish Book Publishing Company, 2022) ISBN 978-1-948626-61-3<\/span><\/li>\n<\/ul>\n<ul>\n<li><em>Malak Jan Nemati: Life Isn\u2019t Short, but Time Is Limited<\/em>. Von Leili Anvar (Arpeggio Press, 2012)\u00a0ISBN 978-0-9834320-2-9<\/li>\n<li><em>Self-knowledge and the practice of ethics: Ostad Elahi\u2019s concept of the \u201cimperious self\u201d<\/em>. Von During, E. (2011). Annals of the New York Academy of Sciences, 1234: 149\u2013157. doi: 10.1111\/j.1749-6632.2011.06203.x<\/li>\n<li><em>Shifting Perspectives: Changing Your Outlook for Positive Results<\/em>. Von Olivier Brizevac and Emmanuel Comte, \u00dcbersetzung von Benjamin Ivry (Paraview, 2007)\u00a0ISBN 978-0-9764986-5-0<\/li>\n<li><em>Ostad Elahi on Spirituality in Everyday Life<\/em>. Von James W. Morris (Public Lecture presented at University of California at Santa Barbara, Department of Religion, May 2, 2007)<\/li>\n<li><em>Overcoming Jealousy<\/em>. Von Beatrice Guernier and Agnes Rousseau, \u00dcbersetzung von Benjamin Ivry (Paraview, 2006)\u00a0ISBN 978-0-9764986-4-3<\/li>\n<li><em>The Path of Perfection<\/em>. Von Bahram Elahi (Paraview, 2005)\u00a0ISBN 978-0-9764986-0-5<\/li>\n<li><em>Orientations: Islamic Thought in a World Civilization<\/em>. Von James Winston Morris (Archetype, 2004)\u00a0ISBN 978-1-901383-10-2<\/li>\n<li><em>The Spirit of Sounds: The Unique Art of Ostad Elahi<\/em>. Von Jean During (Cornwall Books, 2003)\u00a0ISBN 978-0-8453-4884-0<\/li>\n<li><em>Medicine of the Soul: Foundations of Natural Spirituality<\/em>. Von Bahram Elahi (Cornwall Books, 2001)\u00a0ISBN 978-0-8453-4875-8<\/li>\n<li><em>Spirituality is a Science: Foundations of Natural Spirituality<\/em>. Von Bahram Elahi (Cornwall Books, 1999)\u00a0ISBN 978-0-8453-4868-0<\/li>\n<li><em>Foundations of Natural Spirituality: A Scientific Approach to the Nature of the Spiritual Self<\/em>. Von Bahram Elahi (Element Books, 1998)\u00a0ISBN 978-1-86204-238-4<\/li>\n<li><em>Symposium on Spirituality Celebrates the Centennial of Ostad Elahi<\/em>. In UNESCO News, Vol. 2, No. 6, (November 10, 1995)<\/li>\n<li><em>The Life and Work of Ostad Elahi<\/em>. Film von Marion Sarraut [Video anl\u00e4sslich der Hundertjahrfeier von Ostad Elahi im Jahr 1995]<\/li>\n<li><em>Unicity. A Collection of Photographs of Ostad Elahi 1895-1974<\/em> [erschienen anl\u00e4sslich der Hundertjahrfeier von Ostad Elahi] (Robert Laffont, 1995)\u00a0ISBN 978-2-911331-01-5<\/li>\n<li><em>The Way of Light<\/em>. Von Bahram Elahi (Element Books, 1993)\u00a0ISBN 978-1-85230-381-5<\/li>\n<\/ul>\n<h4>Franz\u00f6sisch<\/h4>\n<ul>\n<li><em>Fondamentaux du perfectionnement spirituel : Le guide pratique<\/em>. Von Bahram Elahi (\u00c9ditions Dervy, 2019) ISBN 979-10-242-0544-1<\/li>\n<li><em>La Voie de la Perfection :<\/em> Introduction \u00e1 la pens\u00e9e d\u2019Ostad Elahi. Von Bahram Elahi (Albin Michel, coll. Spiritualit\u00e9s vivantes, 2018)<\/li>\n<li><em>Ostad Elahi et la Tradition : Droit, philosophie et mystique en Iran \u2013 Vol I<\/em>. Von Soudabeh Marin (\u00c9ditions Safran, 2011)\u00a0ISBN 978-2-87457-037-7<\/li>\n<li><em>Ostad Elahi et la Modernit\u00e9. Droit, philosophie et magistrature en Iran \u2013 Vol II<\/em>. Von Soudabeh Marin (\u00c9ditions Safran, 2011)\u00a0ISBN 978-2-87457-038-4<\/li>\n<li><em>V\u00e9rit\u00e9 et jugement : Ostad Elahi, juge et philosophe iranien (1895\u20131974)<\/em>. Soudabeh Marin Doktorarbeit an der Universit\u00e9 de Paris-X, Nanterre (2006)<\/li>\n<li><em>Ostad Elahi et les droits de l\u2019homme : Ethique et modernit\u00e9<\/em>, in: Le Code civil et les droits de l\u2019homme, textes r\u00e9unis et publi\u00e9s par Jean-Luc Chabot, Philippe Didier, J\u00e9r\u00f4me Ferrand (L\u2019Harmattan, 2005) pp.\u00a0418\u2013434.\u00a0ISBN 2-7475-8893-9<\/li>\n<li><em>Une philosophie du droit en Islam ? Un exemple iranien<\/em>, Journ\u00e9es de la recherche en th\u00e9orie et philosophie juridiques et politiques, p.\u00a023<\/li>\n<li><em>La Voie de la Perfection<\/em>. Von Bahram Elahi (Albin Michel, 2002)\u00a0ISBN 978-2-226-13260-4<\/li>\n<li><em>L\u2019\u00e9veil de l\u2019intelligence spirituelle et les dimensions du processus \u00e9thique selon Ostad Elahi<\/em>. Von James Winston Morris. In: <em>Dieu a-t-il sa place dans la \u00e9thique ?<\/em>, Hrsg. E. During, 86-99 (L\u2019Harmattan, 2002)\u00a0ISBN 2-7475-2168-0<\/li>\n<li><em>L\u2019\u00e2me des sons<\/em>. Jean During (Editions du Reli\u00e9, 2001)\u00a0ISBN 978-2-909698-71-7<\/li>\n<li><em>Le r\u00f4le de la traduction et de l\u2019interpr\u00e9tation du droit en Iran dans la premi\u00e8re moiti\u00e9 du XX\u00e8me si\u00e8cle : l\u2019exemple d\u2019Ostad Elahi (1895\u20131974)<\/em>, Von Soudabeh Marin and Fran\u00e7ois Ameli. Droit et Cultures, Revue trimestrielle d\u2019anthropologie et d\u2019histoire, publi\u00e9e avec le concours du CNRS, 44\/2001, pp.\u00a0183\u2013201.<\/li>\n<li><em>M\u00e9decine de l\u2019\u00e2me<\/em>. Von Bahram Elahi (\u00c9ditions Dervy, 2000)\u00a0ISBN 978-2-84454-023-2<\/li>\n<li><em>La spiritualit\u00e9 est une science<\/em>. Von Bahram Elahi (\u00c9ditions Dervy, 1997)\u00a0ISBN 978-2-85076-927-6<\/li>\n<li><em>Fondements de la spiritualit\u00e9 naturelle<\/em>. Von Bahram Elahi (\u00c9ditions Dervy, 1996)\u00a0ISBN 978-2-85076-860-6<\/li>\n<li><em>Le Spirituel : Pluralit\u00e9 et Unit\u00e9<\/em>\u00a0[<em>Ver\u00f6ffentlichung zum Symposium Das Spirituelle: Pluralit\u00e4t und Einheit<\/em>] (Presses de l\u2019Universit\u00e9 de Paris-Sorbonne, 1996)<\/li>\n<li><em>La Pens\u00e9e d\u2019Ostad Elahi<\/em>. [<em>Ver\u00f6ffentlichung zum Symposium Das Spirituelle: Pluralit\u00e4t und Einheit<\/em>] (Cahiers d\u2019Anthropologie Religieuse, Hrsg. M. Meslin, volume 5), 137-147 (Presses de l\u2019Universit\u00e9, 1996)<\/li>\n<li><em>De l\u2019Unit\u00e9 des Religions<\/em>\u00a0et\u00a0<em>Conclusion<\/em>. Von Andrei Chouraqui. Cahiers d\u2019Anthropologie Religieuse, n\u00b0 5, unter der Leitung von Professor Michel Meslin, University of Paris-Sorbonne Press, 1996, pp.\u00a025\u201333, 187-88<\/li>\n<li><em>Ethique et Droit<\/em>. Von F. Terre, Symposium in French Supreme Court (Sept. 1995), in Cahiers d\u2019Anthropologie Religieuse, n\u00b0 5, unter der Leitung von Professor Michel Meslin, University of Paris-Sorbonne Press, 1996, pp.\u00a0179\u2013186.<\/li>\n<li><em>Musique et Mystique dans les Traditions de l\u2019Iran<\/em>. Von Jean During (Institut fran\u00e7ais de recherche en Iran, 1989)\u00a0ISBN 978-90-6831-191-4<\/li>\n<li><em>Le Chemin de la lumi\u00e8re<\/em>. Von Bahram Elahi. (Albin Michel, 1985)\u00a0ISBN 978-2-226-02467-1<\/li>\n<\/ul>\n<h4>Italienisch<\/h4>\n<ul>\n<li><em>I fondamentali del perfezionamento spirituale. Guida pratica. <\/em>Von Bahram Elahi (Mondadori Electa, 2021) ASIN \u200fB094YP3PZK<\/li>\n<li><em>La Via della Perfezione. <\/em>Von Bahram Elahi (Astrolabio Ubaldini, 2004)\u00a0ISBN 978-88-340-0699-3<\/li>\n<li><em>Malak Jan Ne\u2019mati: La vita non \u00e8 breve ma il nostro tempo \u00e8 limitato<\/em>. Von Leili Anvar (Empiria, 2010) ISBN 978-88-96218-09-9<\/li>\n<li><em>L\u2019anima dei suoni<\/em>. Von Jean During (Chemins de tr@verse, 2011) ISBN 978-2-313-00297-1<\/li>\n<li><em>La Via della Perfezione<\/em>. Von Bahram Elahi (Astrolabio Ubaldini, 2004) ISBN 978-88-340-0699-3<\/li>\n<\/ul>\n<h4>Polnisch<\/h4>\n<ul>\n<li><em>Droga do doskona\u0142o\u015bci<\/em>. Von Bahram Elahi (Nowe Wydawnictwo Polskie, 1991)\u00a0ISBN 978-83-85135-07-4<\/li>\n<\/ul>\n<h4>Griechisch<\/h4>\n<ul>\n<li><em>\u0389 <\/em><em>\u1f41<\/em><em>\u03b4<\/em><em>\u1f78<\/em><em>\u03c2 \u03c4<\/em><em>\u1fc6<\/em><em>\u03c2 \u03c4\u03b5\u03bb\u03b5\u03b9\u03cc\u03c4\u03b7\u03c4\u03b1\u03c2<\/em>. Von Bahram Elahi (\u0395\u03ba\u03ac\u03c4\u03b7, 1994)<\/li>\n<\/ul>\n<\/div><div class=\"fusion-clearfix\"><\/div><\/div><\/div><\/div><\/div>\n","protected":false},"excerpt":{"rendered":"","protected":false},"author":1,"featured_media":0,"parent":2094,"menu_order":2,"comment_status":"closed","ping_status":"closed","template":"side-navigation.php","meta":{"footnotes":""},"class_list":["post-1574","page","type-page","status-publish","hentry"],"yoast_head":"<!-- This site is optimized with the Yoast SEO plugin v20.3 - https:\/\/yoast.com\/wordpress\/plugins\/seo\/ -->\n<title>Bibliografie - Ostad Elahi<\/title>\n<meta name=\"robots\" content=\"index, follow, max-snippet:-1, max-image-preview:large, max-video-preview:-1\" \/>\n<link rel=\"canonical\" href=\"https:\/\/ostadelahi.com\/de\/werk\/ressourcen\/bibliografie\/\" \/>\n<meta property=\"og:locale\" content=\"de_DE\" \/>\n<meta property=\"og:type\" content=\"article\" \/>\n<meta property=\"og:title\" content=\"Bibliografie - Ostad Elahi\" \/>\n<meta property=\"og:url\" content=\"https:\/\/ostadelahi.com\/de\/werk\/ressourcen\/bibliografie\/\" \/>\n<meta property=\"og:site_name\" content=\"Ostad Elahi\" \/>\n<meta property=\"article:modified_time\" content=\"2023-03-26T21:58:22+00:00\" \/>\n<meta name=\"twitter:card\" content=\"summary_large_image\" \/>\n<meta name=\"twitter:label1\" content=\"Gesch\u00e4tzte Lesezeit\" \/>\n\t<meta name=\"twitter:data1\" content=\"6\u00a0Minuten\" \/>\n<script type=\"application\/ld+json\" class=\"yoast-schema-graph\">{\"@context\":\"https:\/\/schema.org\",\"@graph\":[{\"@type\":\"WebPage\",\"@id\":\"https:\/\/ostadelahi.com\/de\/werk\/ressourcen\/bibliografie\/\",\"url\":\"https:\/\/ostadelahi.com\/de\/werk\/ressourcen\/bibliografie\/\",\"name\":\"Bibliografie - Ostad Elahi\",\"isPartOf\":{\"@id\":\"https:\/\/ostadelahi.com\/#website\"},\"datePublished\":\"2013-01-22T17:51:12+00:00\",\"dateModified\":\"2023-03-26T21:58:22+00:00\",\"breadcrumb\":{\"@id\":\"https:\/\/ostadelahi.com\/de\/werk\/ressourcen\/bibliografie\/#breadcrumb\"},\"inLanguage\":\"de\",\"potentialAction\":[{\"@type\":\"ReadAction\",\"target\":[\"https:\/\/ostadelahi.com\/de\/werk\/ressourcen\/bibliografie\/\"]}]},{\"@type\":\"BreadcrumbList\",\"@id\":\"https:\/\/ostadelahi.com\/de\/werk\/ressourcen\/bibliografie\/#breadcrumb\",\"itemListElement\":[{\"@type\":\"ListItem\",\"position\":1,\"name\":\"Home\",\"item\":\"https:\/\/ostadelahi.com\/de\/\"},{\"@type\":\"ListItem\",\"position\":2,\"name\":\"Werk\",\"item\":\"https:\/\/ostadelahi.com\/works\/\"},{\"@type\":\"ListItem\",\"position\":3,\"name\":\"Ressourcen\",\"item\":\"https:\/\/ostadelahi.com\/works\/resources\/\"},{\"@type\":\"ListItem\",\"position\":4,\"name\":\"Bibliografie\"}]},{\"@type\":\"WebSite\",\"@id\":\"https:\/\/ostadelahi.com\/#website\",\"url\":\"https:\/\/ostadelahi.com\/\",\"name\":\"Ostad Elahi\",\"description\":\"The official website on the life, work, and music of Ostad Elahi (1895-1974).\",\"potentialAction\":[{\"@type\":\"SearchAction\",\"target\":{\"@type\":\"EntryPoint\",\"urlTemplate\":\"https:\/\/ostadelahi.com\/?s={search_term_string}\"},\"query-input\":\"required name=search_term_string\"}],\"inLanguage\":\"de\"}]}<\/script>\n<!-- \/ Yoast SEO plugin. -->","yoast_head_json":{"title":"Bibliografie - Ostad Elahi","robots":{"index":"index","follow":"follow","max-snippet":"max-snippet:-1","max-image-preview":"max-image-preview:large","max-video-preview":"max-video-preview:-1"},"canonical":"https:\/\/ostadelahi.com\/de\/werk\/ressourcen\/bibliografie\/","og_locale":"de_DE","og_type":"article","og_title":"Bibliografie - Ostad Elahi","og_url":"https:\/\/ostadelahi.com\/de\/werk\/ressourcen\/bibliografie\/","og_site_name":"Ostad Elahi","article_modified_time":"2023-03-26T21:58:22+00:00","twitter_card":"summary_large_image","twitter_misc":{"Gesch\u00e4tzte Lesezeit":"6\u00a0Minuten"},"schema":{"@context":"https:\/\/schema.org","@graph":[{"@type":"WebPage","@id":"https:\/\/ostadelahi.com\/de\/werk\/ressourcen\/bibliografie\/","url":"https:\/\/ostadelahi.com\/de\/werk\/ressourcen\/bibliografie\/","name":"Bibliografie - Ostad Elahi","isPartOf":{"@id":"https:\/\/ostadelahi.com\/#website"},"datePublished":"2013-01-22T17:51:12+00:00","dateModified":"2023-03-26T21:58:22+00:00","breadcrumb":{"@id":"https:\/\/ostadelahi.com\/de\/werk\/ressourcen\/bibliografie\/#breadcrumb"},"inLanguage":"de","potentialAction":[{"@type":"ReadAction","target":["https:\/\/ostadelahi.com\/de\/werk\/ressourcen\/bibliografie\/"]}]},{"@type":"BreadcrumbList","@id":"https:\/\/ostadelahi.com\/de\/werk\/ressourcen\/bibliografie\/#breadcrumb","itemListElement":[{"@type":"ListItem","position":1,"name":"Home","item":"https:\/\/ostadelahi.com\/de\/"},{"@type":"ListItem","position":2,"name":"Werk","item":"https:\/\/ostadelahi.com\/works\/"},{"@type":"ListItem","position":3,"name":"Ressourcen","item":"https:\/\/ostadelahi.com\/works\/resources\/"},{"@type":"ListItem","position":4,"name":"Bibliografie"}]},{"@type":"WebSite","@id":"https:\/\/ostadelahi.com\/#website","url":"https:\/\/ostadelahi.com\/","name":"Ostad Elahi","description":"The official website on the life, work, and music of Ostad Elahi (1895-1974).","potentialAction":[{"@type":"SearchAction","target":{"@type":"EntryPoint","urlTemplate":"https:\/\/ostadelahi.com\/?s={search_term_string}"},"query-input":"required name=search_term_string"}],"inLanguage":"de"}]}},"_links":{"self":[{"href":"https:\/\/ostadelahi.com\/de\/wp-json\/wp\/v2\/pages\/1574","targetHints":{"allow":["GET"]}}],"collection":[{"href":"https:\/\/ostadelahi.com\/de\/wp-json\/wp\/v2\/pages"}],"about":[{"href":"https:\/\/ostadelahi.com\/de\/wp-json\/wp\/v2\/types\/page"}],"author":[{"embeddable":true,"href":"https:\/\/ostadelahi.com\/de\/wp-json\/wp\/v2\/users\/1"}],"replies":[{"embeddable":true,"href":"https:\/\/ostadelahi.com\/de\/wp-json\/wp\/v2\/comments?post=1574"}],"version-history":[{"count":19,"href":"https:\/\/ostadelahi.com\/de\/wp-json\/wp\/v2\/pages\/1574\/revisions"}],"predecessor-version":[{"id":12952,"href":"https:\/\/ostadelahi.com\/de\/wp-json\/wp\/v2\/pages\/1574\/revisions\/12952"}],"up":[{"embeddable":true,"href":"https:\/\/ostadelahi.com\/de\/wp-json\/wp\/v2\/pages\/2094"}],"wp:attachment":[{"href":"https:\/\/ostadelahi.com\/de\/wp-json\/wp\/v2\/media?parent=1574"}],"curies":[{"name":"wp","href":"https:\/\/api.w.org\/{rel}","templated":true}]}}