{"id":1555,"date":"2013-01-22T12:48:58","date_gmt":"2013-01-22T17:48:58","guid":{"rendered":"https:\/\/ostadelahi.com\/?page_id=1555"},"modified":"2023-08-09T14:01:52","modified_gmt":"2023-08-09T19:01:52","slug":"kommentar-zum-buch-der-konige-der-wahrheit","status":"publish","type":"page","link":"https:\/\/ostadelahi.com\/de\/werk\/publikationen\/kommentar-zum-buch-der-konige-der-wahrheit\/","title":{"rendered":"Kommentar zum Buch der K\u00f6nige der Wahrheit"},"content":{"rendered":"<div class=\"fusion-fullwidth fullwidth-box fusion-builder-row-1 nonhundred-percent-fullwidth non-hundred-percent-height-scrolling\" style=\"--awb-border-radius-top-left:0px;--awb-border-radius-top-right:0px;--awb-border-radius-bottom-right:0px;--awb-border-radius-bottom-left:0px;\" ><div class=\"fusion-builder-row fusion-row\"><div class=\"fusion-layout-column fusion_builder_column fusion-builder-column-0 fusion_builder_column_2_3 2_3 fusion-two-third fusion-column-first\" style=\"--awb-bg-size:cover;--awb-margin-bottom:0px;width:65.3333%; margin-right: 4%;\"><div class=\"fusion-column-wrapper fusion-flex-column-wrapper-legacy\"><div class=\"fusion-text fusion-text-1\"><p>Die Abhandlung <em>Kommentar zum Buch der K\u00f6nige der Wahrheit<\/em> (Haschieh bar Haqq ol-Haqayeq, 1967) enth\u00e4lt Begriffskl\u00e4rungen und Erl\u00e4uterungen, wie sie im epischen Werk seines Vaters Hadj Nematollah Mokri Dscheyhunabadi, dem <em>Buch der K\u00f6nige der Wahrheit <\/em>(Schahname-ye Haqiqat), verwendet werden. Ostad Elahi erz\u00e4hlt, wie sein Vater an 40 aufeinanderfolgenden Tagen im Raum auf- und abging und ihm die 15.000 Verse diktierte, die er im selben Atemzug niederschrieb.<\/p>\n<p>Das Werk <em>Buch der K\u00f6nige der Wahrheit<\/em> behandelt die spirituelle Geschichte der Welt aus Sicht von Hadj Nemat: Biografie und spiritueller Rang von Propheten und Heiligen sowie von bedeutenden Pers\u00f6nlichkeiten der Menschheitsgeschichte und deren Einbettung in den Kontext der universalen spirituellen Vervollkommnung. Die Dichtung beschreibt die aufeinanderfolgenden Manifestationen der g\u00f6ttlichen Essenz und der g\u00f6ttlichen Repr\u00e4sentanten, die in jedem Zeitalter in Erscheinung treten, um die Menschheit zu f\u00fchren. Im letzten Teil des Gedichts gibt Hadj Nemat Hinweise zu seiner eigenen spirituellen Berufung.<\/p>\n<\/div><div class=\"fusion-clearfix\"><\/div><\/div><\/div><div class=\"fusion-layout-column fusion_builder_column fusion-builder-column-1 fusion_builder_column_1_3 1_3 fusion-one-third fusion-column-last book-cover\" style=\"--awb-padding-top:20px;--awb-padding-right:20px;--awb-padding-bottom:10px;--awb-padding-left:20px;--awb-bg-size:cover;--awb-border-color:#d60000;--awb-border-top:0;--awb-border-right:0;--awb-border-bottom:0;--awb-border-left:0;--awb-border-style:solid;--awb-margin-bottom:10px;width:30.6666%;\"><div class=\"fusion-column-wrapper fusion-flex-column-wrapper-legacy\"><div class=\"fusion-image-element fusion-image-align-center in-legacy-container\" style=\"text-align:center;--awb-bottom-shadow-color:rgba(0,0,0,0.4);--awb-caption-title-size:var(--h2_typography-font-size);--awb-caption-title-transform:var(--h2_typography-text-transform);--awb-caption-title-line-height:var(--h2_typography-line-height);--awb-caption-title-letter-spacing:var(--h2_typography-letter-spacing);\"><div class=\"imageframe-align-center\"><div class=\"awb-image-frame awb-image-frame-1 fusion-image-frame-bottomshadow image-frame-shadow-1\"><span class=\" fusion-imageframe imageframe-bottomshadow imageframe-1 element-bottomshadow hover-type-none\"><img decoding=\"async\" width=\"300\" height=\"454\" title=\"hashieh-bar-haqq-ol-haqqayeq-300\" src=\"https:\/\/ostadelahi.com\/wp-content\/uploads\/Hashieh-bar-Haqq-ol-Haqqayeq-300.jpg\" alt class=\"img-responsive wp-image-4727\" srcset=\"https:\/\/ostadelahi.com\/wp-content\/uploads\/Hashieh-bar-Haqq-ol-Haqqayeq-300-200x303.jpg 200w, https:\/\/ostadelahi.com\/wp-content\/uploads\/Hashieh-bar-Haqq-ol-Haqqayeq-300.jpg 300w\" sizes=\"(max-width: 640px) 100vw, 300px\" \/><\/span><\/div><\/div><\/div><div class=\"fusion-sep-clear\"><\/div><div class=\"fusion-separator fusion-full-width-sep\" style=\"margin-left: auto;margin-right: auto;margin-top:20px;width:100%;\"><\/div><div class=\"fusion-sep-clear\"><\/div><div class=\"fusion-text fusion-text-2\"><div class=\"book-print\">\n<h5 style=\"text-align: center;\"><span class=\"HwtZe\" lang=\"de\"><span class=\"jCAhz ChMk0b\"><span class=\"ryNqvb\">Druckausgaben<\/span><\/span><\/span><br \/>\n<a href=\"http:\/\/www.karoon.com\/books\/religion-spirituality\/shahnameh-haghighat-haj-ne-mat\" rel=\"noopener\">Karoon<\/a><\/h5>\n<\/div>\n<\/div><div class=\"fusion-sep-clear\"><\/div><div class=\"fusion-separator fusion-full-width-sep\" style=\"margin-left: auto;margin-right: auto;margin-top:20px;width:100%;\"><\/div><div class=\"fusion-sep-clear\"><\/div><div class=\"fusion-aligncenter\"><a class=\"fusion-button button-flat button-large button-lightgray fusion-button-lightgray button-1 fusion-button-default-span fusion-button-default-type book-button\" target=\"_blank\" rel=\"noopener noreferrer\" href=\"\/media\/book-downloads\/Shahnameh-Haqqiqat.pdf\"><i class=\"fa-book fas button-icon-left\" aria-hidden=\"true\"><\/i><span class=\"fusion-button-text\">Buch als PDF kostenlos herunterladen<\/span><\/a><\/div><div class=\"fusion-clearfix\"><\/div><\/div><\/div><div class=\"fusion-layout-column fusion_builder_column fusion-builder-column-2 fusion_builder_column_1_1 1_1 fusion-one-full fusion-column-first fusion-column-last\" style=\"--awb-bg-size:cover;--awb-margin-bottom:0px;\"><div class=\"fusion-column-wrapper fusion-flex-column-wrapper-legacy\"><div class=\"fusion-text fusion-text-3\"><p>Ostad Elahis Kommentar beleuchtet die Dichtung seines Vaters, indem er auf die vielschichtige Terminologie und die Bedeutung poetischer Ausdr\u00fccke eingeht. Im Fokus steht u.a. die Unterscheidung zwischen spiritueller und zeitlicher Geschichtlichkeit, das Konzept der g\u00f6ttlichen Manifestation und ganz allgemein Widerspr\u00fcche, die an einigen Stellen im Text auf den ersten Blick aufzutauchen scheinen. Alles in allem verdeutlicht sein <em>Kommentar<\/em>, dass das <em>Buch der K\u00f6nige der Wahrheit<\/em> nicht eine Zusammenstellung von Legenden und Mythen, sondern vielmehr ein fundierter Bericht allegorischer spiritueller Wirklichkeiten ist.<\/p>\n<\/div><div class=\"fusion-sep-clear\"><\/div><div class=\"fusion-separator fusion-full-width-sep\" style=\"margin-left: auto;margin-right: auto;margin-top:40px;margin-bottom:40px;width:100%;\"><div class=\"fusion-separator-border sep-shadow\" style=\"--awb-height:20px;--awb-amount:20px;background:radial-gradient(ellipse at 50% -50% , #e0dede 0px, rgba(255, 255, 255, 0) 80%) repeat scroll 0 0 rgba(0, 0, 0, 0);background:-webkit-radial-gradient(ellipse at 50% -50% , #e0dede 0px, rgba(255, 255, 255, 0) 80%) repeat scroll 0 0 rgba(0, 0, 0, 0);background:-moz-radial-gradient(ellipse at 50% -50% , #e0dede 0px, rgba(255, 255, 255, 0) 80%) repeat scroll 0 0 rgba(0, 0, 0, 0);background:-o-radial-gradient(ellipse at 50% -50% , #e0dede 0px, rgba(255, 255, 255, 0) 80%) repeat scroll 0 0 rgba(0, 0, 0, 0);\"><\/div><\/div><div class=\"fusion-sep-clear\"><\/div><div class=\"fusion-text fusion-text-4\"><h2>Ausz\u00fcge<\/h2>\n<blockquote>\n<p><strong>Zur Frage der Gleichheit in der Sch\u00f6pfung aus Perspektive des Sch\u00f6pfers<\/strong><\/p>\n<p>[Die Verse 1129 bis 1149 des Buchs der K\u00f6nige der Wahrheit erl\u00e4utern die Erschaffung verschiedener Arten von Seelen, die als licht, finster und feurig bezeichnet werden. In diesem Ausschnitt widerlegt Ostad Elahi die rein deterministische Interpretation dieser Verse wie folgt:]<\/p>\n<p>Von der g\u00f6ttlichen Sch\u00f6pfung her gesehen sind die verschiedenen Ebenen der Sch\u00f6pfung mit Farben zu vergleichen. Egal, ob wei\u00df, schwarz, gr\u00fcn, rot, blau, gelb usw. \u2013 jede dieser Farben hat denselben Wert und denselben Rang. Aber die Art, wie diese Farben in einem Gem\u00e4lde komponiert und zueinander angeordnet sind, verleiht diesem eine einzigartige Qualit\u00e4t und hinterl\u00e4sst beim Betrachter einen besonderen Eindruck [&#8230;]<\/p>\n<p>Genauso mag ein Patient finden, dass ein bestimmtes Medikament bitter schmeckt, w\u00e4hrend ihm z.B. ein t\u00f6dliches Gift s\u00fc\u00df und wohlschmeckend erscheint. [Es ist jedoch offensichtlich,] dass sich nicht auf der Grundlage von Erscheinungen oder des Geschmacks des Patienten beurteilen l\u00e4sst, was der wahre Wert des Medikaments und des Gifts ist. Auch kann den Dingen, entsprechend dem jeweiligen [\u00e4sthetischen] Empfinden der Menschen und den jeweiligen Konventionen ein hoher Wert zugeschrieben werden (z.B. Gold, Silber, Kupfer und Eisen oder auch ein Edelstein im Vergleich zu einem gew\u00f6hnlichen Stein). Aber von ihrer Sch\u00f6pfung und ihrer urspr\u00fcnglichen Beschaffenheit her sind diese Wesen alle gleich. Im \u00dcbrigen ist es so, dass man je nach Gebrauch aus Eisen, Kupfer und gew\u00f6hnlichen Steinen Dinge schaffen kann, die man mit Gold oder Edelsteinen nicht zustande br\u00e4chte. Das gilt ebenso f\u00fcr alle anderen Wesen.<\/p>\n<p>Faktoren wie Erbanlagen, Wirkung von Nahrung, Erziehung und Umfeld sowie Ursachen wie Affekte und Triebe oder auch Umst\u00e4nde von Zeit und Ort usw. k\u00f6nnen jemanden dazu bringen, eine Tat oder Taten zu begehen, die den Vorschriften von Religion und Ethik, dem Diktat des Gewissens, den sozialen Normen sowie der Vernunft entgegengerichtet sind. Auf seine wahre Essenz bzw. seine [von Gott] erschaffene Urnatur ist die Tat nicht zur\u00fcckzuf\u00fchren, so dass sich die Frage nach Determinismus und Freiem Willen hier gar nicht stellt. Genauer gesagt, der Allerh\u00f6chste, der Sch\u00f6pfer aller Gesch\u00f6pfe, der Baumeister alles Erbauten, der Existenzgebende alles Existierenden, hat in seiner Sch\u00f6pfung niemals etwas Schlechtes erschaffen \u2013 schlechte Taten k\u00f6nnen daher nicht auf die Essenz oder Urnatur des Gesch\u00f6pfs zur\u00fcckgef\u00fchrt werden. Auf der Grundlage dieses Prinzips sollte die Ursache f\u00fcr jedwede schlechte Handlung, die von einer Person ausgeht, nicht im g\u00f6ttlichen Willen oder in ihrer urspr\u00fcnglichen Beschaffenheit gesucht werden, sondern vielmehr in den bereits erw\u00e4hnten Faktoren oder Umst\u00e4nden bzw. in der Tatsache, dass sich die Person von den W\u00fcnschen ihres Herrschs\u00fcchtigen Selbst hat verleiten lassen.<\/p>\n<p>Wenn demnach die Partikel, die [\u2026] von ihrer Sch\u00f6pfung her als finster, feurig usw. bezeichnet werden, zu dem Zweck gebraucht werden, f\u00fcr den sie erschaffen wurden, wird kein Schaden entstehen. Ein scharfes Werkzeug kann zu legitimen Zwecken ben\u00fctzt werden (z.B. von einem Chirurgen, um ein erkranktes Organ zu behandeln oder abgestorbenes Gewebe an einem K\u00f6rperglied des Patienten zu entfernen). Wenn es aber dazu verwendet wird, ein unschuldiges Wesen mutwillig zu ermorden, ist das eine schlechte Tat. In beiden F\u00e4llen ist das Handeln des Akteurs nicht auf den g\u00f6ttlichen Baumeister zur\u00fcckzuf\u00fchren.<\/p>\n<p><strong>Die Erschaffung des Menschen aus Lehm<\/strong><\/p>\n<p>[Die Verse 1533 bis 1627 des Buchs der K\u00f6nige der Wahrheit bezieht sich auf die Erschaffung des Menschen aus \u201agelbem und schwarzem Lehm\u2019. Ostad Elahi erl\u00e4utert dieses Bild in folgendem Ausschnitt:]<\/p>\n<p>Es wurde des \u00d6fteren erw\u00e4hnt, dass die Funktionsweise des Universums und die Erschaffung aller Gesch\u00f6pfe auf dem Prinzip der Kausalit\u00e4t beruhen. Die Wissenschaft zeigt uns zudem, dass die Dingheit jedes Dinges oder die Wesenheit jedes Wesens nur durch die Kombination eines negativen Pols mit einem positiven Pol oder durch das Zusammenspiel gegens\u00e4tzlicher Naturen Form annehmen kann. [\u2026] In \u00dcbereinstimmung mit der Weisheit der Naturgesetze wurde der Mensch aus einem positiven und einem negativen Pol wie Licht und Dunkelheit erschaffen, in anderen Worten aus \u201agelbem und schwarzem Lehm\u2019. Solange man keine Kontrastfarbe verwendet, also z.B. einen schwarzen Stift auf wei\u00dfem Papier, kann man keine Zeichnung erstellen; solange man keinen positiv und negativ geladenen Pol miteinander verbindet, kann man keine Elektrizit\u00e4t erzeugen; solange die Seele, die transparent und subtil ist, nicht mit dem K\u00f6rper verschmilzt, der tr\u00fcb und von hoher Dichte ist, kann es f\u00fcr sie weder Leben noch Wahrnehmung geben. Daher symbolisiert der \u201agelbe Lehm\u2018 die immaterielle Seele, die himmlischen Ursprungs ist [\u2026], und der schwarze Lehm das triebhafte Herrschs\u00fcchtige Selbst, das der physischen Welt von Materie und Form entstammt. Die Verschmelzung von beidem ist nicht nur der Ursprung von Leben und Wahrnehmung, sondern auch der Ursprung aller guten oder schlechten Taten des Menschen.<\/p>\n<\/blockquote>\n<\/div><div class=\"fusion-clearfix\"><\/div><\/div><\/div><\/div><\/div>\n","protected":false},"excerpt":{"rendered":"","protected":false},"author":1,"featured_media":0,"parent":2090,"menu_order":3,"comment_status":"closed","ping_status":"closed","template":"side-navigation.php","meta":{"footnotes":""},"class_list":["post-1555","page","type-page","status-publish","hentry"],"yoast_head":"<!-- This site is optimized with the Yoast SEO plugin v20.3 - https:\/\/yoast.com\/wordpress\/plugins\/seo\/ -->\n<title>Kommentar zum Buch der K\u00f6nige der Wahrheit - Ostad Elahi<\/title>\n<meta name=\"robots\" content=\"index, follow, max-snippet:-1, max-image-preview:large, max-video-preview:-1\" \/>\n<link rel=\"canonical\" href=\"https:\/\/ostadelahi.com\/de\/werk\/publikationen\/kommentar-zum-buch-der-konige-der-wahrheit\/\" \/>\n<meta property=\"og:locale\" content=\"de_DE\" \/>\n<meta property=\"og:type\" content=\"article\" \/>\n<meta property=\"og:title\" content=\"Kommentar zum Buch der K\u00f6nige der Wahrheit - Ostad Elahi\" \/>\n<meta property=\"og:url\" content=\"https:\/\/ostadelahi.com\/de\/werk\/publikationen\/kommentar-zum-buch-der-konige-der-wahrheit\/\" \/>\n<meta property=\"og:site_name\" content=\"Ostad Elahi\" \/>\n<meta property=\"article:modified_time\" content=\"2023-08-09T19:01:52+00:00\" \/>\n<meta name=\"twitter:card\" content=\"summary_large_image\" \/>\n<meta name=\"twitter:label1\" content=\"Gesch\u00e4tzte Lesezeit\" \/>\n\t<meta name=\"twitter:data1\" content=\"5\u00a0Minuten\" \/>\n<script type=\"application\/ld+json\" class=\"yoast-schema-graph\">{\"@context\":\"https:\/\/schema.org\",\"@graph\":[{\"@type\":\"WebPage\",\"@id\":\"https:\/\/ostadelahi.com\/de\/werk\/publikationen\/kommentar-zum-buch-der-konige-der-wahrheit\/\",\"url\":\"https:\/\/ostadelahi.com\/de\/werk\/publikationen\/kommentar-zum-buch-der-konige-der-wahrheit\/\",\"name\":\"Kommentar zum Buch der K\u00f6nige der Wahrheit - Ostad Elahi\",\"isPartOf\":{\"@id\":\"https:\/\/ostadelahi.com\/#website\"},\"datePublished\":\"2013-01-22T17:48:58+00:00\",\"dateModified\":\"2023-08-09T19:01:52+00:00\",\"breadcrumb\":{\"@id\":\"https:\/\/ostadelahi.com\/de\/werk\/publikationen\/kommentar-zum-buch-der-konige-der-wahrheit\/#breadcrumb\"},\"inLanguage\":\"de\",\"potentialAction\":[{\"@type\":\"ReadAction\",\"target\":[\"https:\/\/ostadelahi.com\/de\/werk\/publikationen\/kommentar-zum-buch-der-konige-der-wahrheit\/\"]}]},{\"@type\":\"BreadcrumbList\",\"@id\":\"https:\/\/ostadelahi.com\/de\/werk\/publikationen\/kommentar-zum-buch-der-konige-der-wahrheit\/#breadcrumb\",\"itemListElement\":[{\"@type\":\"ListItem\",\"position\":1,\"name\":\"Home\",\"item\":\"https:\/\/ostadelahi.com\/de\/\"},{\"@type\":\"ListItem\",\"position\":2,\"name\":\"Werk\",\"item\":\"https:\/\/ostadelahi.com\/works\/\"},{\"@type\":\"ListItem\",\"position\":3,\"name\":\"Publikationen\",\"item\":\"https:\/\/ostadelahi.com\/works\/publications\/\"},{\"@type\":\"ListItem\",\"position\":4,\"name\":\"Kommentar zum Buch der K\u00f6nige der Wahrheit\"}]},{\"@type\":\"WebSite\",\"@id\":\"https:\/\/ostadelahi.com\/#website\",\"url\":\"https:\/\/ostadelahi.com\/\",\"name\":\"Ostad Elahi\",\"description\":\"The official website on the life, work, and music of Ostad Elahi (1895-1974).\",\"potentialAction\":[{\"@type\":\"SearchAction\",\"target\":{\"@type\":\"EntryPoint\",\"urlTemplate\":\"https:\/\/ostadelahi.com\/?s={search_term_string}\"},\"query-input\":\"required name=search_term_string\"}],\"inLanguage\":\"de\"}]}<\/script>\n<!-- \/ Yoast SEO plugin. -->","yoast_head_json":{"title":"Kommentar zum Buch der K\u00f6nige der Wahrheit - Ostad Elahi","robots":{"index":"index","follow":"follow","max-snippet":"max-snippet:-1","max-image-preview":"max-image-preview:large","max-video-preview":"max-video-preview:-1"},"canonical":"https:\/\/ostadelahi.com\/de\/werk\/publikationen\/kommentar-zum-buch-der-konige-der-wahrheit\/","og_locale":"de_DE","og_type":"article","og_title":"Kommentar zum Buch der K\u00f6nige der Wahrheit - Ostad Elahi","og_url":"https:\/\/ostadelahi.com\/de\/werk\/publikationen\/kommentar-zum-buch-der-konige-der-wahrheit\/","og_site_name":"Ostad Elahi","article_modified_time":"2023-08-09T19:01:52+00:00","twitter_card":"summary_large_image","twitter_misc":{"Gesch\u00e4tzte Lesezeit":"5\u00a0Minuten"},"schema":{"@context":"https:\/\/schema.org","@graph":[{"@type":"WebPage","@id":"https:\/\/ostadelahi.com\/de\/werk\/publikationen\/kommentar-zum-buch-der-konige-der-wahrheit\/","url":"https:\/\/ostadelahi.com\/de\/werk\/publikationen\/kommentar-zum-buch-der-konige-der-wahrheit\/","name":"Kommentar zum Buch der K\u00f6nige der Wahrheit - Ostad Elahi","isPartOf":{"@id":"https:\/\/ostadelahi.com\/#website"},"datePublished":"2013-01-22T17:48:58+00:00","dateModified":"2023-08-09T19:01:52+00:00","breadcrumb":{"@id":"https:\/\/ostadelahi.com\/de\/werk\/publikationen\/kommentar-zum-buch-der-konige-der-wahrheit\/#breadcrumb"},"inLanguage":"de","potentialAction":[{"@type":"ReadAction","target":["https:\/\/ostadelahi.com\/de\/werk\/publikationen\/kommentar-zum-buch-der-konige-der-wahrheit\/"]}]},{"@type":"BreadcrumbList","@id":"https:\/\/ostadelahi.com\/de\/werk\/publikationen\/kommentar-zum-buch-der-konige-der-wahrheit\/#breadcrumb","itemListElement":[{"@type":"ListItem","position":1,"name":"Home","item":"https:\/\/ostadelahi.com\/de\/"},{"@type":"ListItem","position":2,"name":"Werk","item":"https:\/\/ostadelahi.com\/works\/"},{"@type":"ListItem","position":3,"name":"Publikationen","item":"https:\/\/ostadelahi.com\/works\/publications\/"},{"@type":"ListItem","position":4,"name":"Kommentar zum Buch der K\u00f6nige der Wahrheit"}]},{"@type":"WebSite","@id":"https:\/\/ostadelahi.com\/#website","url":"https:\/\/ostadelahi.com\/","name":"Ostad Elahi","description":"The official website on the life, work, and music of Ostad Elahi (1895-1974).","potentialAction":[{"@type":"SearchAction","target":{"@type":"EntryPoint","urlTemplate":"https:\/\/ostadelahi.com\/?s={search_term_string}"},"query-input":"required name=search_term_string"}],"inLanguage":"de"}]}},"_links":{"self":[{"href":"https:\/\/ostadelahi.com\/de\/wp-json\/wp\/v2\/pages\/1555","targetHints":{"allow":["GET"]}}],"collection":[{"href":"https:\/\/ostadelahi.com\/de\/wp-json\/wp\/v2\/pages"}],"about":[{"href":"https:\/\/ostadelahi.com\/de\/wp-json\/wp\/v2\/types\/page"}],"author":[{"embeddable":true,"href":"https:\/\/ostadelahi.com\/de\/wp-json\/wp\/v2\/users\/1"}],"replies":[{"embeddable":true,"href":"https:\/\/ostadelahi.com\/de\/wp-json\/wp\/v2\/comments?post=1555"}],"version-history":[{"count":8,"href":"https:\/\/ostadelahi.com\/de\/wp-json\/wp\/v2\/pages\/1555\/revisions"}],"predecessor-version":[{"id":17363,"href":"https:\/\/ostadelahi.com\/de\/wp-json\/wp\/v2\/pages\/1555\/revisions\/17363"}],"up":[{"embeddable":true,"href":"https:\/\/ostadelahi.com\/de\/wp-json\/wp\/v2\/pages\/2090"}],"wp:attachment":[{"href":"https:\/\/ostadelahi.com\/de\/wp-json\/wp\/v2\/media?parent=1555"}],"curies":[{"name":"wp","href":"https:\/\/api.w.org\/{rel}","templated":true}]}}