{"id":1553,"date":"2013-01-22T12:48:13","date_gmt":"2013-01-22T17:48:13","guid":{"rendered":"https:\/\/ostadelahi.com\/?page_id=1553"},"modified":"2023-03-19T14:19:01","modified_gmt":"2023-03-19T19:19:01","slug":"erkenntnis-der-seele","status":"publish","type":"page","link":"https:\/\/ostadelahi.com\/de\/werk\/publikationen\/erkenntnis-der-seele\/","title":{"rendered":"Erkenntnis der Seele"},"content":{"rendered":"<p><div class=\"fusion-fullwidth fullwidth-box fusion-builder-row-1 nonhundred-percent-fullwidth non-hundred-percent-height-scrolling\" style=\"--awb-border-radius-top-left:0px;--awb-border-radius-top-right:0px;--awb-border-radius-bottom-right:0px;--awb-border-radius-bottom-left:0px;\" ><div class=\"fusion-builder-row fusion-row\"><div class=\"fusion-layout-column fusion_builder_column fusion-builder-column-0 fusion_builder_column_1_1 1_1 fusion-one-full fusion-column-first fusion-column-last\" style=\"--awb-bg-size:cover;--awb-margin-bottom:0px;\"><div class=\"fusion-column-wrapper fusion-flex-column-wrapper-legacy\"><div class=\"fusion-text fusion-text-1\"><p>Das Buch <em>Erkenntnis der Seele<\/em> (Marefat ol-Ruh) erschien im Jahre 1969. Es ist das Ergebnis von Ostad Elahis ausf\u00fchrlichen theologischen und philosophischen Recherchen sowie der inneren Erforschung der verschiedenen Dimensionen der Seele. Als eine der wenigen rein theoretischen Arbeiten Ostad Elahis k\u00f6nnte das Buch als Beitrag gewertet werden, der ausgehend vom Zeitpunkt der Publikation in der zweiten H\u00e4lfte des 20. Jahrhunderts die philosophisch-theologische Diskurstradition wiederbelebt. Auf den zweiten Blick aber zeigt sich, dass das Ziel des Buchs weitaus komplexer ist. Indem Ostad Elahi im vorliegenden Werk die logischen Argumentationen und die herk\u00f6mmlichen Methoden der metaphysischen Tradition verwendet, mit der er vollauf vertraut ist, und zugleich eine Verbindung herstellt zwischen dem Neuplatonismus und Philosophen wie Avicenna und Mulla Sadra Schirasi, legt er darauf aufbauend die Ergebnisse seiner eigenen Forschungen und Entdeckungen dar. Indem er Beweise, Widerlegungen und Gegenwiderlegungen anf\u00fchrt, ist sein Ziel, das einzigartige Zeugnis einer gelebten Erkenntnis zu entschl\u00fcsseln, einer <em>de-visu<\/em>-Erkenntnis, die ebenso unwiderlegbar ist wie philosophische Argumente; man bezeichnet dies in der islamischen Tradition als \u201aEnth\u00fcllung\u2018 (<em>Kaschf<\/em>), also die konkrete Wahrnehmung von spirituellen oder unsichtbaren Wirklichkeiten. Es gibt daher so etwas wie ein doppeltes Leseschema, das die Originalit\u00e4t dieses Buchs ausmacht, einerseits die argumentative und analytische Linie der philosophischen Positionen, andererseits die Linie der Offenbarung und spirituellen Erkenntnis. In der ersten Lesart weist das vom Autor gesponnene Netz von Argumenten implizit auf die Grenzen eines philosophischen Diskurses mit rein theoretischem Charakter hin (die Positionen widerlegen sich gegenseitig), w\u00e4hrend zweitere diesen begrenzten Diskurs zu einem breiteren spirituellen Horizont hin \u00f6ffnet, der sich auf die tats\u00e4chliche Vervollkommnung der Seele bezieht.<\/p>\n<\/div><div class=\"fusion-clearfix\"><\/div><\/div><\/div><\/div><\/div><div class=\"fusion-fullwidth fullwidth-box fusion-builder-row-2 nonhundred-percent-fullwidth non-hundred-percent-height-scrolling fusion-equal-height-columns\" style=\"--awb-border-radius-top-left:0px;--awb-border-radius-top-right:0px;--awb-border-radius-bottom-right:0px;--awb-border-radius-bottom-left:0px;--awb-margin-bottom:40px;\" ><div class=\"fusion-builder-row fusion-row\"><div class=\"fusion-layout-column fusion_builder_column fusion-builder-column-1 fusion_builder_column_1_3 1_3 fusion-one-third fusion-column-first book-cover\" style=\"--awb-padding-top:20px;--awb-padding-right:20px;--awb-padding-bottom:10px;--awb-padding-left:20px;--awb-bg-size:cover;--awb-border-color:#d60000;--awb-border-top:0;--awb-border-right:0;--awb-border-bottom:0;--awb-border-left:0;--awb-border-style:solid;--awb-margin-bottom:10px;width:30.6666%; margin-right: 4%;\"><div class=\"fusion-column-wrapper fusion-flex-column-wrapper-legacy\"><div class=\"fusion-image-element fusion-image-align-center in-legacy-container\" style=\"text-align:center;--awb-bottom-shadow-color:rgba(0,0,0,0.4);--awb-caption-title-size:var(--h2_typography-font-size);--awb-caption-title-transform:var(--h2_typography-text-transform);--awb-caption-title-line-height:var(--h2_typography-line-height);--awb-caption-title-letter-spacing:var(--h2_typography-letter-spacing);\"><div class=\"imageframe-align-center\"><div class=\"awb-image-frame awb-image-frame-1 fusion-image-frame-bottomshadow image-frame-shadow-1\"><span class=\" fusion-imageframe imageframe-bottomshadow imageframe-1 element-bottomshadow hover-type-none\"><img decoding=\"async\" width=\"240\" height=\"373\" title=\"knowing-the-spirit-240\" src=\"https:\/\/ostadelahi.com\/wp-content\/uploads\/knowing-the-spirit-240.jpg\" alt class=\"img-responsive wp-image-4635\" srcset=\"https:\/\/ostadelahi.com\/wp-content\/uploads\/knowing-the-spirit-240-200x311.jpg 200w, https:\/\/ostadelahi.com\/wp-content\/uploads\/knowing-the-spirit-240.jpg 240w\" sizes=\"(max-width: 640px) 100vw, 240px\" \/><\/span><\/div><\/div><\/div><div class=\"fusion-sep-clear\"><\/div><div class=\"fusion-separator fusion-full-width-sep\" style=\"margin-left: auto;margin-right: auto;margin-top:20px;width:100%;\"><\/div><div class=\"fusion-sep-clear\"><\/div><div class=\"fusion-text fusion-text-2\"><div class=\"book-electronic\">\n<h5 style=\"text-align: center;\">Elektronische Ausgaben<br \/>\n<a href=\"https:\/\/play.google.com\/store\/books\/details?id=RqN2qPmVT5sC\">Google Book<\/a> \u2022\u00a0<a href=\"http:\/\/www.barnesandnoble.com\/w\/knowing-the-spirit-ostad-elahi\/1100304109?ean=9780791481202\">NOOK<\/a><\/h5>\n<\/div>\n<\/div><div class=\"fusion-text fusion-text-3\"><div class=\"book-print\">\n<h5 style=\"text-align: center;\">Druckausgaben<br \/>\n<a href=\"http:\/\/www.amazon.com\/Knowing-Spirit-Ostad-Elahi\/dp\/0791468585\/\">Amazon<\/a>\u00a0\u2022\u00a0<a href=\"http:\/\/www.barnesandnoble.com\/w\/knowing-the-spirit-ostad-elahi\/1100304109?ean=9780791468586\">Barnes &amp; Noble<\/a>\u00a0\u2022\u00a0<a href=\"http:\/\/www.karoon.com\/knowing-the-spirit-ostad-elahi-1068\">Karoon<\/a><\/h5>\n<\/div>\n<\/div><div class=\"fusion-clearfix\"><\/div><\/div><\/div><div class=\"fusion-layout-column fusion_builder_column fusion-builder-column-2 fusion_builder_column_1_3 1_3 fusion-one-third book-cover\" style=\"--awb-padding-top:20px;--awb-padding-right:20px;--awb-padding-bottom:10px;--awb-padding-left:20px;--awb-bg-size:cover;--awb-border-color:#d60000;--awb-border-top:0;--awb-border-right:0;--awb-border-bottom:0;--awb-border-left:0;--awb-border-style:solid;--awb-margin-bottom:10px;width:30.6666%; margin-right: 4%;\"><div class=\"fusion-column-wrapper fusion-flex-column-wrapper-legacy\"><div class=\"fusion-image-element fusion-image-align-center in-legacy-container\" style=\"text-align:center;--awb-bottom-shadow-color:rgba(0,0,0,0.4);--awb-caption-title-size:var(--h2_typography-font-size);--awb-caption-title-transform:var(--h2_typography-text-transform);--awb-caption-title-line-height:var(--h2_typography-line-height);--awb-caption-title-letter-spacing:var(--h2_typography-letter-spacing);\"><div class=\"imageframe-align-center\"><div class=\"awb-image-frame awb-image-frame-2 fusion-image-frame-bottomshadow image-frame-shadow-2\"><span class=\" fusion-imageframe imageframe-bottomshadow imageframe-2 element-bottomshadow hover-type-none\"><img decoding=\"async\" width=\"239\" height=\"373\" title=\"connaissance-de-l-ame-240\" src=\"https:\/\/ostadelahi.com\/wp-content\/uploads\/connaissance-de-l-ame-240.jpg\" alt class=\"img-responsive wp-image-4795\" srcset=\"https:\/\/ostadelahi.com\/wp-content\/uploads\/connaissance-de-l-ame-240-200x312.jpg 200w, https:\/\/ostadelahi.com\/wp-content\/uploads\/connaissance-de-l-ame-240.jpg 239w\" sizes=\"(max-width: 640px) 100vw, 239px\" \/><\/span><\/div><\/div><\/div><div class=\"fusion-sep-clear\"><\/div><div class=\"fusion-separator fusion-full-width-sep\" style=\"margin-left: auto;margin-right: auto;margin-top:20px;width:100%;\"><\/div><div class=\"fusion-sep-clear\"><\/div><div class=\"fusion-text fusion-text-4\"><div class=\"book-electronic\">\n<h5 style=\"text-align: center;\">Elektronische Ausgaben<br \/>\n<a href=\"https:\/\/play.google.com\/store\/books\/details?id=ntcM8UQmJ6wC\">Google Book<\/a><\/h5>\n<\/div>\n<\/div><div class=\"fusion-text fusion-text-5\"><div class=\"book-print\">\n<h5 style=\"text-align: center;\">Druckausgaben<br \/>\n<a href=\"http:\/\/www.amazon.com\/Connaissance-lame-Ostad-Elahi\/dp\/2747504522\/\">Amazon<\/a> \u2022 <a href=\"http:\/\/livre.fnac.com\/a1185293\/Ostad-Elahi-Connaissance-de-l-ame\">Fnac<\/a> \u2022 <a href=\"http:\/\/www.karoon.com\/connaissance-de-l-ame-ostad-elahi\">Karoon<\/a><\/h5>\n<\/div>\n<\/div><div class=\"fusion-clearfix\"><\/div><\/div><\/div><div class=\"fusion-layout-column fusion_builder_column fusion-builder-column-3 fusion_builder_column_1_3 1_3 fusion-one-third fusion-column-last book-cover\" style=\"--awb-padding-top:20px;--awb-padding-right:20px;--awb-padding-bottom:10px;--awb-padding-left:20px;--awb-bg-size:cover;--awb-border-color:#d60000;--awb-border-top:0;--awb-border-right:0;--awb-border-bottom:0;--awb-border-left:0;--awb-border-style:solid;--awb-margin-bottom:10px;width:30.6666%;\"><div class=\"fusion-column-wrapper fusion-flex-column-wrapper-legacy\"><div class=\"fusion-image-element fusion-image-align-center in-legacy-container\" style=\"text-align:center;--awb-bottom-shadow-color:rgba(0,0,0,0.4);--awb-caption-title-size:var(--h2_typography-font-size);--awb-caption-title-transform:var(--h2_typography-text-transform);--awb-caption-title-line-height:var(--h2_typography-line-height);--awb-caption-title-letter-spacing:var(--h2_typography-letter-spacing);\"><div class=\"imageframe-align-center\"><div class=\"awb-image-frame awb-image-frame-3 fusion-image-frame-bottomshadow image-frame-shadow-3\"><span class=\" fusion-imageframe imageframe-bottomshadow imageframe-3 element-bottomshadow hover-type-none\"><img decoding=\"async\" width=\"240\" height=\"373\" title=\"marefat-ol-rouh-240\" src=\"https:\/\/ostadelahi.com\/wp-content\/uploads\/marefat-ol-rouh-240.jpg\" alt class=\"img-responsive wp-image-4747\" srcset=\"https:\/\/ostadelahi.com\/wp-content\/uploads\/marefat-ol-rouh-240-200x311.jpg 200w, https:\/\/ostadelahi.com\/wp-content\/uploads\/marefat-ol-rouh-240.jpg 240w\" sizes=\"(max-width: 640px) 100vw, 240px\" \/><\/span><\/div><\/div><\/div><div class=\"fusion-sep-clear\"><\/div><div class=\"fusion-separator fusion-full-width-sep\" style=\"margin-left: auto;margin-right: auto;margin-top:20px;width:100%;\"><\/div><div class=\"fusion-sep-clear\"><\/div><div class=\"fusion-text fusion-text-6\"><div class=\"book-electronic\">\n<h5 style=\"text-align: center;\">Elektronische Ausgaben<br \/>\n<a href=\"https:\/\/itunes.apple.com\/us\/book\/\u0645\u0639\u0631\u0641\u062a-\u0627\u0644\u0631\u0648\u062d\/id1384352958?mt=11\">Apple Books<\/a><\/h5>\n<\/div>\n<\/div><div class=\"fusion-text fusion-text-7\"><div class=\"book-print\">\n<h5 style=\"text-align: center;\">Druckausgaben<br \/>\n<a href=\"http:\/\/www.karoon.com\/marefat-ol-rouh\">Karoon<\/a><\/h5>\n<\/div>\n<\/div><div class=\"fusion-sep-clear\"><\/div><div class=\"fusion-separator fusion-full-width-sep\" style=\"margin-left: auto;margin-right: auto;margin-top:20px;width:100%;\"><\/div><div class=\"fusion-sep-clear\"><\/div><div class=\"fusion-aligncenter\"><a class=\"fusion-button button-flat button-large button-lightgray fusion-button-lightgray button-1 fusion-button-default-span fusion-button-default-type book-button\" target=\"_blank\" rel=\"noopener noreferrer\" href=\"\/media\/book-downloads\/Marefat-ol-Rouh.pdf\"><i class=\"fa-book fas button-icon-left\" aria-hidden=\"true\"><\/i><span class=\"fusion-button-text\">Buch als PDF kostenlos herunterladen <\/span><\/a><\/div><div class=\"fusion-clearfix\"><\/div><\/div><\/div><\/div><\/div><div class=\"fusion-fullwidth fullwidth-box fusion-builder-row-3 nonhundred-percent-fullwidth non-hundred-percent-height-scrolling\" style=\"--awb-border-radius-top-left:0px;--awb-border-radius-top-right:0px;--awb-border-radius-bottom-right:0px;--awb-border-radius-bottom-left:0px;\" ><div class=\"fusion-builder-row fusion-row\"><div class=\"fusion-layout-column fusion_builder_column fusion-builder-column-4 fusion_builder_column_1_1 1_1 fusion-one-full fusion-column-first fusion-column-last\" style=\"--awb-bg-size:cover;--awb-margin-bottom:0px;\"><div class=\"fusion-column-wrapper fusion-flex-column-wrapper-legacy\"><div class=\"fusion-text fusion-text-8\"><p>Wie der Titel bereits sagt, befasst sich <em>Erkenntnis der Seele<\/em> mit Fragestellungen rund um die Seele, wie dem Beweis f\u00fcr die Existenz der Seele und ihre Unsterblichkeit, sowie mit den verschiedenen Stufen, die die Seele w\u00e4hrend ihres Wegs in aufsteigend aufeinanderfolgenden Leben durchschreiten muss, um schlie\u00dflich ihre endg\u00fcltige Bestimmung (die Vollkommenheit) erreichen zu k\u00f6nnen. Dar\u00fcber hinaus werden Themen ber\u00fchrt wie die Existenz Gottes, die Zwischenwelt sowie Wiederauferstehung von K\u00f6rper und Seele usw. Ostad Elahi liefert eine ersch\u00f6pfende Darstellung der unterschiedlichen Positionen und Argumente zu diesen eschatologischen Fragestellungen. F\u00fcr einige Ans\u00e4tze liefert er auch Gegenargumente, um diese zu widerlegen, darunter vor allem die Theorie der Seelenwanderung.<\/p>\n<p>Das siebte Kapitel des Buchs verdient besonderes Augenmerk, da es das Herzst\u00fcck der vorliegenden Arbeit bildet. Es enth\u00e4lt eine genaue Beschreibung des Konzepts der Vollkommenheit und der verschiedenen Modalit\u00e4ten des Prozesses, in dessen Verlauf die Seele sich vervollkommnet. Es liefert au\u00dferdem eine neuartige Beschreibung der Zwischenwelt und der Modalit\u00e4ten der Existenz der Seele in diesem spirituellen Zwischenraum. Ostad Elahi erl\u00e4utert in diesem Kapitel die Regeln f\u00fcr die Vervollkommnung der Seele w\u00e4hrend ihrer himmlischen und irdischen Aufenthalte und geht dabei insbesondere auf den Zyklus der aufsteigend aufeinanderfolgenden Leben ein.<\/p>\n<p>Im Lauf der Darstellung des Prinzips der aufsteigend aufeinanderfolgenden Leben legt Ostad Elahi dieses als ein weiteres zentrales Element seines Gedankensystems dar \u2013 zentral, weil auf Grundlage dieses Prinzips die Frage nach der Gerechtigkeit des g\u00f6ttlichen Systems gel\u00f6st wird. Das Prinzip der aufeinanderfolgenden Leben stellt eine besondere Herausforderung dar, zum einen, weil es von der religi\u00f6sen Orthodoxie nicht anerkannt wird, zum anderen, weil es mit Theorien der Seelenwanderung gleichgesetzt wurde, die jedoch mit der Philosophie der Vervollkommnung nicht vereinbar sind.<\/p>\n<p>Ostad Elahi liefert weiterhin eine Ausarbeitung der metaphysischen Struktur des Menschen und verdeutlicht die Rolle von irdischer und himmlischer Seele innerhalb des Prozesses der Vervollkommnung sowie die Natur der Beziehung, die diese beiden Pole miteinander unterhalten.<\/p>\n<p>Durch seine gesamte Arbeit hindurch verwendet Ostad Elahi Argumente aus den Bereichen Vernunft, Tradition und Offenbarung. Sie f\u00fchren zu einem rationalen Diskurs, wie er in der Philosophie seit den Griechen \u00fcblich ist; zugleich stellt er eine enge R\u00fcckbindung zum spirituellen Diskurs her, der aus der religi\u00f6sen Tradition herr\u00fchrt. Eines der Ziele von <em>Erkenntnis der Seele<\/em> ist zu zeigen, dass der Prozess der Vervollkommnung nicht nur mit den Prinzipien der Offenbarungsreligionen vereinbar ist, sondern auch als logische Folge gerade dieser Prinzipien gesehen werden kann.<\/p>\n<\/div><div class=\"fusion-sep-clear\"><\/div><div class=\"fusion-separator fusion-full-width-sep\" style=\"margin-left: auto;margin-right: auto;margin-top:40px;margin-bottom:40px;width:100%;\"><div class=\"fusion-separator-border sep-shadow\" style=\"--awb-height:20px;--awb-amount:20px;background:radial-gradient(ellipse at 50% -50% , #e0dede 0px, rgba(255, 255, 255, 0) 80%) repeat scroll 0 0 rgba(0, 0, 0, 0);background:-webkit-radial-gradient(ellipse at 50% -50% , #e0dede 0px, rgba(255, 255, 255, 0) 80%) repeat scroll 0 0 rgba(0, 0, 0, 0);background:-moz-radial-gradient(ellipse at 50% -50% , #e0dede 0px, rgba(255, 255, 255, 0) 80%) repeat scroll 0 0 rgba(0, 0, 0, 0);background:-o-radial-gradient(ellipse at 50% -50% , #e0dede 0px, rgba(255, 255, 255, 0) 80%) repeat scroll 0 0 rgba(0, 0, 0, 0);\"><\/div><\/div><div class=\"fusion-sep-clear\"><\/div><div class=\"fusion-text fusion-text-9\"><h2>Ausz\u00fcge<\/h2>\n<blockquote>\n<p><strong>Kapitel 7<\/strong><\/p>\n<p>Nachdem die Zwischenwelt soeben erw\u00e4hnt wurde, bietet uns dies die Gelegenheit, die besonderen Merkmale dieser Welt n\u00e4her zu beschreiben, um zur Erhellung jener beizutragen, die sie genauer verstehen m\u00f6chten.<\/p>\n<p>Die Zwischenwelt ist eine Welt, die zwischen dieser materiellen Welt und der ewigen Welt liegt. Es gibt dort keine r\u00e4umliche und zeitliche Dimension [im irdischen Sinne]. In Hinblick auf ihre Ausdehnung ist die Zwischenwelt unbegrenzt, so dass, wenn jedes Gesch\u00f6pf des Universums, vom ersten bis zum letzten, sich dort einf\u00e4nde, sich der Platz, den diese Gesch\u00f6pfe einnehmen, in keiner Weise auf ihre Ausdehnung und ihr relatives r\u00e4umliches Fassungsverm\u00f6gen auswirken w\u00fcrde \u2013 ebensowenig, wie all die Gedanken und Erinnerungen, die das menschliche Gehirn sogar \u00fcber das Vorstellbare hinaus aufnehmen kann, die Ausdehnung und das relative r\u00e4umliche Fassungsverm\u00f6gen des Gehirns ver\u00e4ndern. Was die Zeitlichkeit anbetrifft, so gibt es f\u00fcr alle existierenden Wesen eine individuelle Wahrnehmung der Dauer, die je nach Schicksal und Verdienst der Taten eines jeden variiert. Demzufolge ist es m\u00f6glich, dass ein Jahr in der Zwischenwelt nicht der Dauer eines irdischen Sonnenjahres entspricht. So kann beispielsweise ein Jahr in der Zwischenwelt einer Sekunde der auf der Erde verbrachten Zeit entsprechen und umgekehrt.<\/p>\n<p>Es w\u00e4re nun falsch anzunehmen, diese Zeitlichkeit der Zwischenwelt (sei es, dass eine einzige Sekunde dort einem irdischen Sonnenjahr gleichkommt oder sei es, dass der umgekehrte Fall gilt) w\u00e4re auf Einbildung oder Illusion zur\u00fcckzuf\u00fchren. Es ist nicht wie mit der fiktiven Welt unserer Tr\u00e4ume, wo wir zum Beispiel einen unvorstellbar gro\u00dfen Raum sehen, in dem sich eine riesige Menge an Menschen \u00fcber einen unbegreiflich langen Zeitraum aufh\u00e4lt. Aber sobald die Person erwacht, bleibt keinerlei faktische Wirklichkeit von all dem zur\u00fcck. Denn in der Zwischenwelt, die die imaginale Welt ist, beruht die Wahrnehmung von Zeit und Raum auf \u201aquintessentiellen Wahrnehmungen\u2018 (<em>nascha&#8217;at<\/em>) und nicht auf Vorstellungen von Dimension, Ma\u00df und Dauer der irdischen Welt. In anderen Worten ausgedr\u00fcckt hei\u00dft das: Was auch immer die Seele in der Zwischenwelt durch diese quintessentielle Wahrnehmung erf\u00e4hrt, ist die eigentliche Realit\u00e4t und die unumst\u00f6\u00dfliche Wahrheit.<\/p>\n<p>Die Zwischenwelt wird auch deshalb als eine Art \u201aimaginale Welt\u2019 [oder Replik] bezeichnet, weil jedes Wesen der irdischen Welt nach seinem Tod in der Zwischenwelt genau in der Statur, Form und Gestalt erscheint, die es auf der Erde hatte \u2013 ohne qualitative oder quantitative Ver\u00e4nderung. Au\u00dferdem wird ihm, solange es n\u00f6tig ist, ein Umfeld bereitet und projiziert, das in allen Aspekten der irdischen Umgebung gleicht, das ihm auf der Erde zur Vollendung seiner Vervollkommnung fehlte.<\/p>\n<p>Um eine Vorstellung davon zu vermitteln, wie gro\u00df der Unterschied zwischen der materiellen Welt und dem h\u00f6heren Bereich der Zwischenwelt ist, kann man ihn auch mit dem Unterschied zwischen der Geb\u00e4rmutterumgebung f\u00fcr den F\u00f6tus und der freien Luft f\u00fcr das Neugeborene vergleichen \u2013 oder mit dem Unterschied zwischen D\u00fcsternis und Licht.<\/p>\n<\/blockquote>\n<\/div><div class=\"fusion-clearfix\"><\/div><\/div><\/div><\/div><\/div><\/p>\n","protected":false},"excerpt":{"rendered":"","protected":false},"author":1,"featured_media":0,"parent":2090,"menu_order":2,"comment_status":"closed","ping_status":"closed","template":"side-navigation.php","meta":{"footnotes":""},"class_list":["post-1553","page","type-page","status-publish","hentry"],"yoast_head":"<!-- This site is optimized with the Yoast SEO plugin v20.3 - https:\/\/yoast.com\/wordpress\/plugins\/seo\/ -->\n<title>Erkenntnis der Seele - Ostad Elahi<\/title>\n<meta name=\"robots\" content=\"index, follow, max-snippet:-1, max-image-preview:large, max-video-preview:-1\" \/>\n<link rel=\"canonical\" href=\"https:\/\/ostadelahi.com\/works\/publications\/knowing-the-spirit\/\" \/>\n<meta property=\"og:locale\" content=\"de_DE\" \/>\n<meta property=\"og:type\" content=\"article\" \/>\n<meta property=\"og:title\" content=\"Erkenntnis der Seele - Ostad Elahi\" \/>\n<meta property=\"og:url\" content=\"https:\/\/ostadelahi.com\/works\/publications\/knowing-the-spirit\/\" \/>\n<meta property=\"og:site_name\" content=\"Ostad Elahi\" \/>\n<meta property=\"article:modified_time\" content=\"2023-03-19T19:19:01+00:00\" \/>\n<meta name=\"twitter:card\" content=\"summary_large_image\" \/>\n<meta name=\"twitter:label1\" content=\"Gesch\u00e4tzte Lesezeit\" \/>\n\t<meta name=\"twitter:data1\" content=\"8\u00a0Minuten\" \/>\n<script type=\"application\/ld+json\" class=\"yoast-schema-graph\">{\"@context\":\"https:\/\/schema.org\",\"@graph\":[{\"@type\":\"WebPage\",\"@id\":\"https:\/\/ostadelahi.com\/works\/publications\/knowing-the-spirit\/\",\"url\":\"https:\/\/ostadelahi.com\/works\/publications\/knowing-the-spirit\/\",\"name\":\"Erkenntnis der Seele - Ostad Elahi\",\"isPartOf\":{\"@id\":\"https:\/\/ostadelahi.com\/#website\"},\"datePublished\":\"2013-01-22T17:48:13+00:00\",\"dateModified\":\"2023-03-19T19:19:01+00:00\",\"breadcrumb\":{\"@id\":\"https:\/\/ostadelahi.com\/works\/publications\/knowing-the-spirit\/#breadcrumb\"},\"inLanguage\":\"de\",\"potentialAction\":[{\"@type\":\"ReadAction\",\"target\":[\"https:\/\/ostadelahi.com\/works\/publications\/knowing-the-spirit\/\"]}]},{\"@type\":\"BreadcrumbList\",\"@id\":\"https:\/\/ostadelahi.com\/works\/publications\/knowing-the-spirit\/#breadcrumb\",\"itemListElement\":[{\"@type\":\"ListItem\",\"position\":1,\"name\":\"Home\",\"item\":\"https:\/\/ostadelahi.com\/de\/\"},{\"@type\":\"ListItem\",\"position\":2,\"name\":\"Werk\",\"item\":\"https:\/\/ostadelahi.com\/works\/\"},{\"@type\":\"ListItem\",\"position\":3,\"name\":\"Publikationen\",\"item\":\"https:\/\/ostadelahi.com\/works\/publications\/\"},{\"@type\":\"ListItem\",\"position\":4,\"name\":\"Erkenntnis der Seele\"}]},{\"@type\":\"WebSite\",\"@id\":\"https:\/\/ostadelahi.com\/#website\",\"url\":\"https:\/\/ostadelahi.com\/\",\"name\":\"Ostad Elahi\",\"description\":\"The official website on the life, work, and music of Ostad Elahi (1895-1974).\",\"potentialAction\":[{\"@type\":\"SearchAction\",\"target\":{\"@type\":\"EntryPoint\",\"urlTemplate\":\"https:\/\/ostadelahi.com\/?s={search_term_string}\"},\"query-input\":\"required name=search_term_string\"}],\"inLanguage\":\"de\"}]}<\/script>\n<!-- \/ Yoast SEO plugin. -->","yoast_head_json":{"title":"Erkenntnis der Seele - Ostad Elahi","robots":{"index":"index","follow":"follow","max-snippet":"max-snippet:-1","max-image-preview":"max-image-preview:large","max-video-preview":"max-video-preview:-1"},"canonical":"https:\/\/ostadelahi.com\/works\/publications\/knowing-the-spirit\/","og_locale":"de_DE","og_type":"article","og_title":"Erkenntnis der Seele - Ostad Elahi","og_url":"https:\/\/ostadelahi.com\/works\/publications\/knowing-the-spirit\/","og_site_name":"Ostad Elahi","article_modified_time":"2023-03-19T19:19:01+00:00","twitter_card":"summary_large_image","twitter_misc":{"Gesch\u00e4tzte Lesezeit":"8\u00a0Minuten"},"schema":{"@context":"https:\/\/schema.org","@graph":[{"@type":"WebPage","@id":"https:\/\/ostadelahi.com\/works\/publications\/knowing-the-spirit\/","url":"https:\/\/ostadelahi.com\/works\/publications\/knowing-the-spirit\/","name":"Erkenntnis der Seele - Ostad Elahi","isPartOf":{"@id":"https:\/\/ostadelahi.com\/#website"},"datePublished":"2013-01-22T17:48:13+00:00","dateModified":"2023-03-19T19:19:01+00:00","breadcrumb":{"@id":"https:\/\/ostadelahi.com\/works\/publications\/knowing-the-spirit\/#breadcrumb"},"inLanguage":"de","potentialAction":[{"@type":"ReadAction","target":["https:\/\/ostadelahi.com\/works\/publications\/knowing-the-spirit\/"]}]},{"@type":"BreadcrumbList","@id":"https:\/\/ostadelahi.com\/works\/publications\/knowing-the-spirit\/#breadcrumb","itemListElement":[{"@type":"ListItem","position":1,"name":"Home","item":"https:\/\/ostadelahi.com\/de\/"},{"@type":"ListItem","position":2,"name":"Werk","item":"https:\/\/ostadelahi.com\/works\/"},{"@type":"ListItem","position":3,"name":"Publikationen","item":"https:\/\/ostadelahi.com\/works\/publications\/"},{"@type":"ListItem","position":4,"name":"Erkenntnis der Seele"}]},{"@type":"WebSite","@id":"https:\/\/ostadelahi.com\/#website","url":"https:\/\/ostadelahi.com\/","name":"Ostad Elahi","description":"The official website on the life, work, and music of Ostad Elahi (1895-1974).","potentialAction":[{"@type":"SearchAction","target":{"@type":"EntryPoint","urlTemplate":"https:\/\/ostadelahi.com\/?s={search_term_string}"},"query-input":"required name=search_term_string"}],"inLanguage":"de"}]}},"_links":{"self":[{"href":"https:\/\/ostadelahi.com\/de\/wp-json\/wp\/v2\/pages\/1553","targetHints":{"allow":["GET"]}}],"collection":[{"href":"https:\/\/ostadelahi.com\/de\/wp-json\/wp\/v2\/pages"}],"about":[{"href":"https:\/\/ostadelahi.com\/de\/wp-json\/wp\/v2\/types\/page"}],"author":[{"embeddable":true,"href":"https:\/\/ostadelahi.com\/de\/wp-json\/wp\/v2\/users\/1"}],"replies":[{"embeddable":true,"href":"https:\/\/ostadelahi.com\/de\/wp-json\/wp\/v2\/comments?post=1553"}],"version-history":[{"count":8,"href":"https:\/\/ostadelahi.com\/de\/wp-json\/wp\/v2\/pages\/1553\/revisions"}],"predecessor-version":[{"id":12460,"href":"https:\/\/ostadelahi.com\/de\/wp-json\/wp\/v2\/pages\/1553\/revisions\/12460"}],"up":[{"embeddable":true,"href":"https:\/\/ostadelahi.com\/de\/wp-json\/wp\/v2\/pages\/2090"}],"wp:attachment":[{"href":"https:\/\/ostadelahi.com\/de\/wp-json\/wp\/v2\/media?parent=1553"}],"curies":[{"name":"wp","href":"https:\/\/api.w.org\/{rel}","templated":true}]}}