{"id":1545,"date":"2013-01-21T03:46:38","date_gmt":"2013-01-21T08:46:38","guid":{"rendered":"https:\/\/ostadelahi.com\/?page_id=1545"},"modified":"2023-03-01T13:26:48","modified_gmt":"2023-03-01T18:26:48","slug":"muendliche-unterweisungen","status":"publish","type":"page","link":"https:\/\/ostadelahi.com\/de\/philosophie\/muendliche-unterweisungen\/","title":{"rendered":"M\u00fcndliche Unterweisungen"},"content":{"rendered":"<div class=\"fusion-fullwidth fullwidth-box fusion-builder-row-1 nonhundred-percent-fullwidth non-hundred-percent-height-scrolling\" style=\"--awb-border-radius-top-left:0px;--awb-border-radius-top-right:0px;--awb-border-radius-bottom-right:0px;--awb-border-radius-bottom-left:0px;\" ><div class=\"fusion-builder-row fusion-row\"><div class=\"fusion-layout-column fusion_builder_column fusion-builder-column-0 fusion_builder_column_1_1 1_1 fusion-one-full fusion-column-first fusion-column-last\" style=\"--awb-bg-size:cover;--awb-margin-bottom:0px;\"><div class=\"fusion-column-wrapper fusion-flex-column-wrapper-legacy\"><div class=\"fusion-text fusion-text-1\"><p>Um die Tiefe des Gedankenguts von Ostad Elahi und seinen pragmatischen Ansatz der Spiritualit\u00e4t besser zu verstehen, sollte man nicht nur seine Schriften heranziehen, sondern auch seine m\u00fcndlichen Unterweisungen. Diese wurden zu gr\u00f6\u00dften Teilen transkribiert und posthum in zwei Zitateb\u00e4nden ver\u00f6ffentlicht. Ob es sich nun um Erz\u00e4hlungen aus seinem Leben handelt oder um allgemeine Ausf\u00fchrungen \u2013 stets ist sein Sprachstil einfach und direkt. Seine Zitate geben dem aufmerksamen Leser die M\u00f6glichkeit, schrittweise zu begreifen, worum es sich bei dieser Wissenschaft der spirituellen Vervollkommnung handelt: Ostad Elahi zufolge ist sie die neue Medizin der Seele und sie hat zum Ziel, die Menschlichkeit in uns zur Entfaltung zu bringen, indem wir die korrekten ethischen und g\u00f6ttlichen Prinzipien in die Praxis umsetzen.<\/p>\n<p>Nach seiner Pensionierung lie\u00df sich Ostad Elahi in Teheran nieder und empfing bei sich zuhause Besucher aller Couleur. Einige verehrten ihn wie einen Heiligen und kamen zu ihm, um seinen Segen zu erbitten. Andere kamen, um seine Musik zu h\u00f6ren oder ihm Fragen zur Mystik oder zur Philosophie zu stellen, darunter auch einige Orientalisten oder K\u00fcnstler aus dem Westen.<\/p>\n<p>Aus der Mitte dieses Kreises an Bekanntschaften formte sich allm\u00e4hlich ein kleiner Kern an Sch\u00fclern heraus, die Ostad als seine spirituellen Freunde oder spirituellen Kinder bezeichnete. Diese kleine Gruppe von Wahrheitssuchern trachtete in erster Linie danach, ihre Seele zu erh\u00f6hen und spirituelle Vollkommenheit zu erlangen. Auch heute noch erinnern sich die Teilnehmer dieser Treffen sehr lebendig an das au\u00dferordentliche Wohlwollen, das seiner Person entstr\u00f6mte.<\/p>\n<p>Gleich ob er seine pers\u00f6nlichen Erfahrungen einbrachte oder eine philosophische Argumentationskette spann, ob er eine Geschichte erz\u00e4hlte oder einen Ratschlag gab \u2013 stets w\u00e4hlte er Worte, die der Geistesverfassung und der Mentalit\u00e4t seiner Zuh\u00f6rer entsprachen. Dem Gelehrten gegen\u00fcber w\u00e4hlte er die Sprache der Gelehrten, und dem Ungebildeten gegen\u00fcber sprach er mit einfacheren, aber nicht weniger tiefgr\u00fcndigen Worten. Seine Worte beruhten auf gelebter Erfahrung und umfassender ethischer und spiritueller Praxis und so gelang es ihm, noch die komplexesten philosophischen und moralischen Zusammenh\u00e4nge auf verst\u00e4ndliche Weise zu erkl\u00e4ren.<\/p>\n<p>Die Lehren von Ostad Elahi beziehen sich auf den Begriff der \u201aQuintessenz der Religionen\u2018. Das verdeutlicht, dass sie nicht auf eine bestimmte Religion oder Glaubensrichtung reduzierbar sind. Er sieht den Menschen vielmehr jenseits von geschlechtlichen, kulturellen oder religi\u00f6sen Unterschieden. Wer spirituelle Vollkommenheit sucht, dem empfiehlt er, seinen Glauben an Prinzipien auszurichten, die nicht im Widerspruch zu den Grundprinzipien der g\u00f6ttlichen Religionen stehen.<\/p>\n<p>F\u00fcr Ostad Elahi \u00e4hnelt die spirituelle Vervollkommnung einem universit\u00e4ren Ausbildungsprogramm, das einen freiwilligen, bewussten Einsatz erfordert. Die Module, die in diesem Programm erlernt werden m\u00fcssen, sind die g\u00f6ttlichen Wahrheiten, und das Hauptziel ist, uns auf die Stufe der Selbsterkenntnis zu f\u00fchren \u2013 und von dort zur Vollkommenheit. Um Fortschritte machen zu k\u00f6nnen, ist es notwendig, mit der Geisteshaltung eines ernsthaften und beharrlichen Studenten vorzugehen. Ostad Elahi betont insbesondere die Tatsache, dass die spirituelle Vervollkommnung in erster Linie eine praktische Lernerfahrung ist und nicht allein auf theoretischen \u00dcberlegungen gr\u00fcnden darf:<\/p>\n<blockquote>\n<p>Dieser Weg ist kein Weg der Worte, sondern ein Weg der Taten \u2013 nur durch Taten kommen wir voran.<\/p>\n<\/blockquote>\n<p>Unter den Sch\u00fclern von Ostad Elahi war es seine Schwester Malek Jan (1906-1993), die zu den ersten geh\u00f6rte, die seine spirituelle Pers\u00f6nlichkeit erkannten und in vollem Ma\u00df von seiner Lehre profitieren konnten. Es ist dem Engagement dieser au\u00dfergew\u00f6hnlichen Frau zu verdanken, dass die Lehren von Ostad Elahi fortbestehen und einem gr\u00f6\u00dferen Publikum zug\u00e4nglich gemacht werden konnten.<\/p>\n<\/div><div class=\"fusion-clearfix\"><\/div><\/div><\/div><\/div><\/div>\n","protected":false},"excerpt":{"rendered":"","protected":false},"author":1,"featured_media":0,"parent":2084,"menu_order":3,"comment_status":"open","ping_status":"closed","template":"side-navigation.php","meta":{"footnotes":""},"class_list":["post-1545","page","type-page","status-publish","hentry"],"yoast_head":"<!-- This site is optimized with the Yoast SEO plugin v20.3 - https:\/\/yoast.com\/wordpress\/plugins\/seo\/ -->\n<title>M\u00fcndliche Unterweisungen - Ostad Elahi<\/title>\n<meta name=\"robots\" content=\"index, follow, max-snippet:-1, max-image-preview:large, max-video-preview:-1\" \/>\n<link rel=\"canonical\" href=\"https:\/\/ostadelahi.com\/philosophy\/oral-teachings\/\" \/>\n<meta property=\"og:locale\" content=\"de_DE\" \/>\n<meta property=\"og:type\" content=\"article\" \/>\n<meta property=\"og:title\" content=\"M\u00fcndliche Unterweisungen - Ostad Elahi\" \/>\n<meta property=\"og:url\" content=\"https:\/\/ostadelahi.com\/philosophy\/oral-teachings\/\" \/>\n<meta property=\"og:site_name\" content=\"Ostad Elahi\" \/>\n<meta property=\"article:modified_time\" content=\"2023-03-01T18:26:48+00:00\" \/>\n<meta name=\"twitter:card\" content=\"summary_large_image\" \/>\n<meta name=\"twitter:label1\" content=\"Gesch\u00e4tzte Lesezeit\" \/>\n\t<meta name=\"twitter:data1\" content=\"4\u00a0Minuten\" \/>\n<script type=\"application\/ld+json\" class=\"yoast-schema-graph\">{\"@context\":\"https:\/\/schema.org\",\"@graph\":[{\"@type\":\"WebPage\",\"@id\":\"https:\/\/ostadelahi.com\/philosophy\/oral-teachings\/\",\"url\":\"https:\/\/ostadelahi.com\/philosophy\/oral-teachings\/\",\"name\":\"M\u00fcndliche Unterweisungen - Ostad Elahi\",\"isPartOf\":{\"@id\":\"https:\/\/ostadelahi.com\/#website\"},\"datePublished\":\"2013-01-21T08:46:38+00:00\",\"dateModified\":\"2023-03-01T18:26:48+00:00\",\"breadcrumb\":{\"@id\":\"https:\/\/ostadelahi.com\/philosophy\/oral-teachings\/#breadcrumb\"},\"inLanguage\":\"de\",\"potentialAction\":[{\"@type\":\"ReadAction\",\"target\":[\"https:\/\/ostadelahi.com\/philosophy\/oral-teachings\/\"]}]},{\"@type\":\"BreadcrumbList\",\"@id\":\"https:\/\/ostadelahi.com\/philosophy\/oral-teachings\/#breadcrumb\",\"itemListElement\":[{\"@type\":\"ListItem\",\"position\":1,\"name\":\"Home\",\"item\":\"https:\/\/ostadelahi.com\/de\/\"},{\"@type\":\"ListItem\",\"position\":2,\"name\":\"Philosophie\",\"item\":\"https:\/\/ostadelahi.com\/philosophy\/\"},{\"@type\":\"ListItem\",\"position\":3,\"name\":\"M\u00fcndliche Unterweisungen\"}]},{\"@type\":\"WebSite\",\"@id\":\"https:\/\/ostadelahi.com\/#website\",\"url\":\"https:\/\/ostadelahi.com\/\",\"name\":\"Ostad Elahi\",\"description\":\"The official website on the life, work, and music of Ostad Elahi (1895-1974).\",\"potentialAction\":[{\"@type\":\"SearchAction\",\"target\":{\"@type\":\"EntryPoint\",\"urlTemplate\":\"https:\/\/ostadelahi.com\/?s={search_term_string}\"},\"query-input\":\"required name=search_term_string\"}],\"inLanguage\":\"de\"}]}<\/script>\n<!-- \/ Yoast SEO plugin. -->","yoast_head_json":{"title":"M\u00fcndliche Unterweisungen - Ostad Elahi","robots":{"index":"index","follow":"follow","max-snippet":"max-snippet:-1","max-image-preview":"max-image-preview:large","max-video-preview":"max-video-preview:-1"},"canonical":"https:\/\/ostadelahi.com\/philosophy\/oral-teachings\/","og_locale":"de_DE","og_type":"article","og_title":"M\u00fcndliche Unterweisungen - Ostad Elahi","og_url":"https:\/\/ostadelahi.com\/philosophy\/oral-teachings\/","og_site_name":"Ostad Elahi","article_modified_time":"2023-03-01T18:26:48+00:00","twitter_card":"summary_large_image","twitter_misc":{"Gesch\u00e4tzte Lesezeit":"4\u00a0Minuten"},"schema":{"@context":"https:\/\/schema.org","@graph":[{"@type":"WebPage","@id":"https:\/\/ostadelahi.com\/philosophy\/oral-teachings\/","url":"https:\/\/ostadelahi.com\/philosophy\/oral-teachings\/","name":"M\u00fcndliche Unterweisungen - Ostad Elahi","isPartOf":{"@id":"https:\/\/ostadelahi.com\/#website"},"datePublished":"2013-01-21T08:46:38+00:00","dateModified":"2023-03-01T18:26:48+00:00","breadcrumb":{"@id":"https:\/\/ostadelahi.com\/philosophy\/oral-teachings\/#breadcrumb"},"inLanguage":"de","potentialAction":[{"@type":"ReadAction","target":["https:\/\/ostadelahi.com\/philosophy\/oral-teachings\/"]}]},{"@type":"BreadcrumbList","@id":"https:\/\/ostadelahi.com\/philosophy\/oral-teachings\/#breadcrumb","itemListElement":[{"@type":"ListItem","position":1,"name":"Home","item":"https:\/\/ostadelahi.com\/de\/"},{"@type":"ListItem","position":2,"name":"Philosophie","item":"https:\/\/ostadelahi.com\/philosophy\/"},{"@type":"ListItem","position":3,"name":"M\u00fcndliche Unterweisungen"}]},{"@type":"WebSite","@id":"https:\/\/ostadelahi.com\/#website","url":"https:\/\/ostadelahi.com\/","name":"Ostad Elahi","description":"The official website on the life, work, and music of Ostad Elahi (1895-1974).","potentialAction":[{"@type":"SearchAction","target":{"@type":"EntryPoint","urlTemplate":"https:\/\/ostadelahi.com\/?s={search_term_string}"},"query-input":"required name=search_term_string"}],"inLanguage":"de"}]}},"_links":{"self":[{"href":"https:\/\/ostadelahi.com\/de\/wp-json\/wp\/v2\/pages\/1545","targetHints":{"allow":["GET"]}}],"collection":[{"href":"https:\/\/ostadelahi.com\/de\/wp-json\/wp\/v2\/pages"}],"about":[{"href":"https:\/\/ostadelahi.com\/de\/wp-json\/wp\/v2\/types\/page"}],"author":[{"embeddable":true,"href":"https:\/\/ostadelahi.com\/de\/wp-json\/wp\/v2\/users\/1"}],"replies":[{"embeddable":true,"href":"https:\/\/ostadelahi.com\/de\/wp-json\/wp\/v2\/comments?post=1545"}],"version-history":[{"count":3,"href":"https:\/\/ostadelahi.com\/de\/wp-json\/wp\/v2\/pages\/1545\/revisions"}],"predecessor-version":[{"id":12246,"href":"https:\/\/ostadelahi.com\/de\/wp-json\/wp\/v2\/pages\/1545\/revisions\/12246"}],"up":[{"embeddable":true,"href":"https:\/\/ostadelahi.com\/de\/wp-json\/wp\/v2\/pages\/2084"}],"wp:attachment":[{"href":"https:\/\/ostadelahi.com\/de\/wp-json\/wp\/v2\/media?parent=1545"}],"curies":[{"name":"wp","href":"https:\/\/api.w.org\/{rel}","templated":true}]}}