{"id":1532,"date":"2013-01-21T03:27:52","date_gmt":"2013-01-21T08:27:52","guid":{"rendered":"https:\/\/ostadelahi.com\/?page_id=1532"},"modified":"2023-03-19T15:33:36","modified_gmt":"2023-03-19T20:33:36","slug":"lehren-und-schriften","status":"publish","type":"page","link":"https:\/\/ostadelahi.com\/de\/leben\/biografie\/lehren-und-schriften\/","title":{"rendered":"Lehren und Schriften"},"content":{"rendered":"<div class=\"fusion-fullwidth fullwidth-box fusion-builder-row-1 nonhundred-percent-fullwidth non-hundred-percent-height-scrolling\" style=\"--awb-border-radius-top-left:0px;--awb-border-radius-top-right:0px;--awb-border-radius-bottom-right:0px;--awb-border-radius-bottom-left:0px;\" ><div class=\"fusion-builder-row fusion-row\"><div class=\"fusion-layout-column fusion_builder_column fusion-builder-column-0 fusion_builder_column_1_1 1_1 fusion-one-full fusion-column-first fusion-column-last\" style=\"--awb-bg-size:cover;--awb-margin-bottom:0px;\"><div class=\"fusion-column-wrapper fusion-flex-column-wrapper-legacy\"><div class=\"fusion-text fusion-text-1\"><p>Im Jahre 1957, nach fast 27 Jahren Staatsdienst, entschloss sich Ostad Elahi, in den Ruhestand zu gehen und sich in Teheran anzusiedeln. Von da an widmete er sein Leben vollst\u00e4ndig dem Schreiben, Lehren und Musizieren. Aus dieser Periode stammen zwei wissenschaftliche Abhandlungen: Beweis der Wahrheit (Borhan ol-Haqq, 1963) und Erkenntnis der Seele (Marefat ol-Ruh, 1969), sowie ein Postskriptum zu Begriffen und Definitionen im epischen Werk seines Vaters, dem Buch der K\u00f6nige der Wahrheit (Haschieh bar Haqq-ol Haqayeq, 1967). Durch seine Pensionierung und die dadurch gewonnene Zeit wurde es einem kleinen Kreis an Personen m\u00f6glich, ihn n\u00e4her kennenzulernen. In dieser Zeit begann er au\u00dferdem, informelle Zusammenk\u00fcnfte mit Familienmitgliedern und Freunden abzuhalten, in denen er, ausgel\u00f6st durch Fragen oder Diskussionen, h\u00e4ufig ausf\u00fchrlicher \u00fcber ethische Themen sprach. Auch traf er sich zu dieser Zeit hin und wieder mit Gelehrten und Orientalisten, die ihn unbedingt sehen wollten, weil sie mehr \u00fcber seine Werke wissen wollten, wobei er ihre Fragen in einer einfachen, nicht-metaphorischen Sprache beantwortete. Die Notizen, die von einigen der Anwesenden bei diesen Versammlungen gemacht wurden, wurden posthum unter dem Titel Asar ol-Haqq (Spuren der Wahrheit) in zwei B\u00e4nden ver\u00f6ffentlicht, die eine Sammlung seiner m\u00fcndlichen Unterweisungen darstellen.<\/p>\n<\/div><div class=\"fusion-clearfix\"><\/div><\/div><\/div><div class=\"fusion-layout-column fusion_builder_column fusion-builder-column-1 fusion_builder_column_2_5 2_5 fusion-two-fifth fusion-column-first\" style=\"--awb-bg-size:cover;width:40%;width:calc(40% - ( ( 4% ) * 0.4 ) );margin-right: 4%;\"><div class=\"fusion-column-wrapper fusion-flex-column-wrapper-legacy\"><div class=\"fusion-column-content-centered\"><div class=\"fusion-column-content\"><div class=\"fusion-image-element fusion-image-align-center in-legacy-container\" style=\"text-align:center;--awb-caption-title-size:var(--h2_typography-font-size);--awb-caption-title-transform:var(--h2_typography-text-transform);--awb-caption-title-line-height:var(--h2_typography-line-height);--awb-caption-title-letter-spacing:var(--h2_typography-letter-spacing);\"><div class=\"imageframe-align-center\"><span class=\" fusion-imageframe imageframe-none imageframe-1 hover-type-none img-border-20\"><img decoding=\"async\" width=\"287\" height=\"446\" title=\"Ostad Elahi 1969\" src=\"https:\/\/ostadelahi.com\/wp-content\/uploads\/ostadelahi-1969-1.jpg\" alt class=\"img-responsive wp-image-4471\" srcset=\"https:\/\/ostadelahi.com\/wp-content\/uploads\/ostadelahi-1969-1-200x311.jpg 200w, https:\/\/ostadelahi.com\/wp-content\/uploads\/ostadelahi-1969-1.jpg 287w\" sizes=\"(max-width: 640px) 100vw, 287px\" \/><\/span><\/div><\/div><\/div><\/div><div class=\"fusion-clearfix\"><\/div><\/div><\/div><div class=\"fusion-layout-column fusion_builder_column fusion-builder-column-2 fusion_builder_column_3_5 3_5 fusion-three-fifth fusion-column-last\" style=\"--awb-bg-size:cover;width:60%;width:calc(60% - ( ( 4% ) * 0.6 ) );\"><div class=\"fusion-column-wrapper fusion-flex-column-wrapper-legacy\"><div class=\"fusion-text fusion-text-2\"><p>Diese Treffen boten auch die Gelegenheit sein Tanburspiel zu h\u00f6ren. Viele Menschen berichteten von dem bleibenden Eindruck, den diese Musik in ihren Seelen hinterlie\u00df, und durch Mundpropaganda kamen immer mehr Besucher, auch aus dem Ausland, zu ihm, um seine Musik zu h\u00f6ren und aus seinen spirituellen Lehren Nutzen zu ziehen. Trotz der vielen Anfragen, die er insbesondere von bedeutenden Musikern erhielt, war er von Natur aus bescheiden und diskret; nie gab er ein Konzert oder pr\u00e4sentierte sein Gedankengut in einem formellen Rahmen, wie einem Vortrag oder einer Vorlesung. Sein wichtigstes Anliegen war, den Menschen, die auf der Suche nach der Wahrheit waren, weiterzuhelfen. W\u00e4hrend seines gesamten Lebens auf der Erde war er mit seiner spirituellen Praxis besch\u00e4ftigt und dem Streben nach der inneren Alchimie, was ihm erlauben w\u00fcrde, schlie\u00dflich die g\u00f6ttliche N\u00e4he zu erlangen und sich mit dem g\u00f6ttlichen Ozean zu vereinen.<\/p>\n<\/div><div class=\"fusion-clearfix\"><\/div><\/div><\/div><div class=\"fusion-layout-column fusion_builder_column fusion-builder-column-3 fusion_builder_column_1_1 1_1 fusion-one-full fusion-column-first fusion-column-last\" style=\"--awb-bg-size:cover;\"><div class=\"fusion-column-wrapper fusion-flex-column-wrapper-legacy\"><div class=\"fusion-text fusion-text-3\"><blockquote>\n<p>Es gibt nichts mehr in dieser Welt, woran mein Herz h\u00e4ngt, und ich bin bereit, Gottes Ruf zu folgen.<\/p>\n<\/blockquote>\n<\/div><div class=\"fusion-text fusion-text-4\"><p>Ostad Elahi verlie\u00df diese Welt am 19. Oktober 1974 in seinem Haus in Teheran. Entsprechend seinem Wunsch wurde er im Dorf Haschtgerd, nicht weit von Teheran entfernt, beigesetzt. \u00dcber seinem Grab wurde ein einfaches Mausoleum errichtet.<\/p>\n<p>Acht Jahre sp\u00e4ter, das war 1982, in den gesetzlosen und aufr\u00fchrerischen fr\u00fchen Jahren der islamischen Revolution im Iran, sahen seine Widersacher dies als eine perfekte Gelegenheit an, das Gedankengut von Ostad Elahi zu diskreditieren. Mit der Unterst\u00fctzung von gewissenlosen Kr\u00e4ften innerhalb der Regierung machten sie sich daran, das Grab von Ostad Elahi zu zerst\u00f6ren und den Leichnam zu entweihen. Alles, was sie jedoch fanden, war ein leerer Holzsarg und das Totenhemd, in das man den K\u00f6rper geh\u00fcllt hatte. Wer mit seinem Gedankengut vertraut war, f\u00fcr den war dieses Ereignis eine Reminiszenz an seine Aussagen bez\u00fcglich hochstehender spiritueller Pers\u00f6nlichkeiten: Nach ihrem Tod bleibt ihr K\u00f6rper nicht auf der Erde. F\u00fcr Ostads Sch\u00fcler war das, was ein Wunder zu sein schien, folglich nichts anderes als die Verwirklichung eines von ihm formulierten Prinzips.<\/p>\n<p>Nachdem die offizielle Erlaubnis eingeholt worden war, errichtete man zwei Jahre sp\u00e4ter an derselben Stelle ein neues Geb\u00e4ude. Heutzutage wird das Mausoleum von Ostad Elahi von all jenen aufgesucht, die eine spirituelle Atmosph\u00e4re suchen, um in einen inneren Dialog mit dem g\u00f6ttlichen Geliebten zu treten.<\/p>\n<\/div><div class=\"fusion-clearfix\"><\/div><\/div><\/div><\/div><\/div>\n","protected":false},"excerpt":{"rendered":"","protected":false},"author":1,"featured_media":0,"parent":2041,"menu_order":5,"comment_status":"closed","ping_status":"closed","template":"side-navigation.php","meta":{"footnotes":""},"class_list":["post-1532","page","type-page","status-publish","hentry"],"yoast_head":"<!-- This site is optimized with the Yoast SEO plugin v20.3 - https:\/\/yoast.com\/wordpress\/plugins\/seo\/ -->\n<title>Lehren und Schriften - Ostad Elahi<\/title>\n<meta name=\"robots\" content=\"index, follow, max-snippet:-1, max-image-preview:large, max-video-preview:-1\" \/>\n<link rel=\"canonical\" href=\"https:\/\/ostadelahi.com\/life\/biography\/research-authorship\/\" \/>\n<meta property=\"og:locale\" content=\"de_DE\" \/>\n<meta property=\"og:type\" content=\"article\" \/>\n<meta property=\"og:title\" content=\"Lehren und Schriften - Ostad Elahi\" \/>\n<meta property=\"og:url\" content=\"https:\/\/ostadelahi.com\/life\/biography\/research-authorship\/\" \/>\n<meta property=\"og:site_name\" content=\"Ostad Elahi\" \/>\n<meta property=\"article:modified_time\" content=\"2023-03-19T20:33:36+00:00\" \/>\n<meta name=\"twitter:card\" content=\"summary_large_image\" \/>\n<meta name=\"twitter:label1\" content=\"Gesch\u00e4tzte Lesezeit\" \/>\n\t<meta name=\"twitter:data1\" content=\"5\u00a0Minuten\" \/>\n<script type=\"application\/ld+json\" class=\"yoast-schema-graph\">{\"@context\":\"https:\/\/schema.org\",\"@graph\":[{\"@type\":\"WebPage\",\"@id\":\"https:\/\/ostadelahi.com\/life\/biography\/research-authorship\/\",\"url\":\"https:\/\/ostadelahi.com\/life\/biography\/research-authorship\/\",\"name\":\"Lehren und Schriften - Ostad Elahi\",\"isPartOf\":{\"@id\":\"https:\/\/ostadelahi.com\/#website\"},\"datePublished\":\"2013-01-21T08:27:52+00:00\",\"dateModified\":\"2023-03-19T20:33:36+00:00\",\"breadcrumb\":{\"@id\":\"https:\/\/ostadelahi.com\/life\/biography\/research-authorship\/#breadcrumb\"},\"inLanguage\":\"de\",\"potentialAction\":[{\"@type\":\"ReadAction\",\"target\":[\"https:\/\/ostadelahi.com\/life\/biography\/research-authorship\/\"]}]},{\"@type\":\"BreadcrumbList\",\"@id\":\"https:\/\/ostadelahi.com\/life\/biography\/research-authorship\/#breadcrumb\",\"itemListElement\":[{\"@type\":\"ListItem\",\"position\":1,\"name\":\"Home\",\"item\":\"https:\/\/ostadelahi.com\/de\/\"},{\"@type\":\"ListItem\",\"position\":2,\"name\":\"Leben\",\"item\":\"https:\/\/ostadelahi.com\/life\/\"},{\"@type\":\"ListItem\",\"position\":3,\"name\":\"Biografie\",\"item\":\"https:\/\/ostadelahi.com\/life\/biography\/\"},{\"@type\":\"ListItem\",\"position\":4,\"name\":\"Lehren und Schriften\"}]},{\"@type\":\"WebSite\",\"@id\":\"https:\/\/ostadelahi.com\/#website\",\"url\":\"https:\/\/ostadelahi.com\/\",\"name\":\"Ostad Elahi\",\"description\":\"The official website on the life, work, and music of Ostad Elahi (1895-1974).\",\"potentialAction\":[{\"@type\":\"SearchAction\",\"target\":{\"@type\":\"EntryPoint\",\"urlTemplate\":\"https:\/\/ostadelahi.com\/?s={search_term_string}\"},\"query-input\":\"required name=search_term_string\"}],\"inLanguage\":\"de\"}]}<\/script>\n<!-- \/ Yoast SEO plugin. -->","yoast_head_json":{"title":"Lehren und Schriften - Ostad Elahi","robots":{"index":"index","follow":"follow","max-snippet":"max-snippet:-1","max-image-preview":"max-image-preview:large","max-video-preview":"max-video-preview:-1"},"canonical":"https:\/\/ostadelahi.com\/life\/biography\/research-authorship\/","og_locale":"de_DE","og_type":"article","og_title":"Lehren und Schriften - Ostad Elahi","og_url":"https:\/\/ostadelahi.com\/life\/biography\/research-authorship\/","og_site_name":"Ostad Elahi","article_modified_time":"2023-03-19T20:33:36+00:00","twitter_card":"summary_large_image","twitter_misc":{"Gesch\u00e4tzte Lesezeit":"5\u00a0Minuten"},"schema":{"@context":"https:\/\/schema.org","@graph":[{"@type":"WebPage","@id":"https:\/\/ostadelahi.com\/life\/biography\/research-authorship\/","url":"https:\/\/ostadelahi.com\/life\/biography\/research-authorship\/","name":"Lehren und Schriften - Ostad Elahi","isPartOf":{"@id":"https:\/\/ostadelahi.com\/#website"},"datePublished":"2013-01-21T08:27:52+00:00","dateModified":"2023-03-19T20:33:36+00:00","breadcrumb":{"@id":"https:\/\/ostadelahi.com\/life\/biography\/research-authorship\/#breadcrumb"},"inLanguage":"de","potentialAction":[{"@type":"ReadAction","target":["https:\/\/ostadelahi.com\/life\/biography\/research-authorship\/"]}]},{"@type":"BreadcrumbList","@id":"https:\/\/ostadelahi.com\/life\/biography\/research-authorship\/#breadcrumb","itemListElement":[{"@type":"ListItem","position":1,"name":"Home","item":"https:\/\/ostadelahi.com\/de\/"},{"@type":"ListItem","position":2,"name":"Leben","item":"https:\/\/ostadelahi.com\/life\/"},{"@type":"ListItem","position":3,"name":"Biografie","item":"https:\/\/ostadelahi.com\/life\/biography\/"},{"@type":"ListItem","position":4,"name":"Lehren und Schriften"}]},{"@type":"WebSite","@id":"https:\/\/ostadelahi.com\/#website","url":"https:\/\/ostadelahi.com\/","name":"Ostad Elahi","description":"The official website on the life, work, and music of Ostad Elahi (1895-1974).","potentialAction":[{"@type":"SearchAction","target":{"@type":"EntryPoint","urlTemplate":"https:\/\/ostadelahi.com\/?s={search_term_string}"},"query-input":"required name=search_term_string"}],"inLanguage":"de"}]}},"_links":{"self":[{"href":"https:\/\/ostadelahi.com\/de\/wp-json\/wp\/v2\/pages\/1532","targetHints":{"allow":["GET"]}}],"collection":[{"href":"https:\/\/ostadelahi.com\/de\/wp-json\/wp\/v2\/pages"}],"about":[{"href":"https:\/\/ostadelahi.com\/de\/wp-json\/wp\/v2\/types\/page"}],"author":[{"embeddable":true,"href":"https:\/\/ostadelahi.com\/de\/wp-json\/wp\/v2\/users\/1"}],"replies":[{"embeddable":true,"href":"https:\/\/ostadelahi.com\/de\/wp-json\/wp\/v2\/comments?post=1532"}],"version-history":[{"count":9,"href":"https:\/\/ostadelahi.com\/de\/wp-json\/wp\/v2\/pages\/1532\/revisions"}],"predecessor-version":[{"id":12481,"href":"https:\/\/ostadelahi.com\/de\/wp-json\/wp\/v2\/pages\/1532\/revisions\/12481"}],"up":[{"embeddable":true,"href":"https:\/\/ostadelahi.com\/de\/wp-json\/wp\/v2\/pages\/2041"}],"wp:attachment":[{"href":"https:\/\/ostadelahi.com\/de\/wp-json\/wp\/v2\/media?parent=1532"}],"curies":[{"name":"wp","href":"https:\/\/api.w.org\/{rel}","templated":true}]}}