{"id":1530,"date":"2013-01-21T03:27:10","date_gmt":"2013-01-21T08:27:10","guid":{"rendered":"https:\/\/ostadelahi.com\/?page_id=1530"},"modified":"2023-02-28T10:19:05","modified_gmt":"2023-02-28T15:19:05","slug":"der-entsagung-entsagen","status":"publish","type":"page","link":"https:\/\/ostadelahi.com\/de\/leben\/biografie\/der-entsagung-entsagen\/","title":{"rendered":"Der Entsagung entsagen"},"content":{"rendered":"<div class=\"fusion-fullwidth fullwidth-box fusion-builder-row-1 nonhundred-percent-fullwidth non-hundred-percent-height-scrolling\" style=\"--awb-border-radius-top-left:0px;--awb-border-radius-top-right:0px;--awb-border-radius-bottom-right:0px;--awb-border-radius-bottom-left:0px;\" ><div class=\"fusion-builder-row fusion-row\"><div class=\"fusion-layout-column fusion_builder_column fusion-builder-column-0 fusion_builder_column_3_5 3_5 fusion-three-fifth fusion-column-first\" style=\"--awb-bg-size:cover;width:60%;width:calc(60% - ( ( 4% ) * 0.6 ) );margin-right: 4%;\"><div class=\"fusion-column-wrapper fusion-flex-column-wrapper-legacy\"><div class=\"fusion-text fusion-text-1\"><p>Der radikale Wandel in seiner Denk- und Lebensweise veranlasste Ostad Elahi seine gewohnten Bahnen aufzugeben, den wundersch\u00f6nen Garten seines Vaters zu verlassen und ein Leben inmitten der Gesellschaft zu w\u00e4hlen, um die Grundlagen f\u00fcr sein sp\u00e4teres Gedankengut, f\u00fcr eine neue Form der Spiritualit\u00e4t, zu legen. Er trat in den Staatsdienst ein und arbeitete f\u00fcr knapp 30 Jahre im Justizministerium, wo er schlie\u00dflich den h\u00f6chstm\u00f6glichen Rang im Rechtswesen erreichte. Als er beschlossen hatte, einen Regierungsposten anzunehmen, schnitt er sein langes Haar ab, Symbol f\u00fcr das Leben als Derwisch, und tauschte sein wei\u00dfes Gewand gegen einen Anzug und eine Krawatte ein. Dieser Entschluss, der das Ergebnis eines langen Prozesses der Reflexion, der Reifung und der spirituellen Eingebungen war, hatte eine enorme symbolische und emotionale Tragweite.<\/p>\n<\/div><div class=\"fusion-clearfix\"><\/div><\/div><\/div><div class=\"fusion-layout-column fusion_builder_column fusion-builder-column-1 fusion_builder_column_2_5 2_5 fusion-two-fifth fusion-column-last\" style=\"--awb-bg-size:cover;width:40%;width:calc(40% - ( ( 4% ) * 0.4 ) );\"><div class=\"fusion-column-wrapper fusion-flex-column-wrapper-legacy\"><div class=\"fusion-image-element fusion-image-align-center in-legacy-container\" style=\"text-align:center;--awb-caption-title-size:var(--h2_typography-font-size);--awb-caption-title-transform:var(--h2_typography-text-transform);--awb-caption-title-line-height:var(--h2_typography-line-height);--awb-caption-title-letter-spacing:var(--h2_typography-letter-spacing);\"><div class=\"imageframe-align-center\"><span class=\" fusion-imageframe imageframe-none imageframe-1 hover-type-none img-border-20\"><img decoding=\"async\" width=\"243\" height=\"334\" alt=\"1931\" title=\"Ostad Elahi 1931\" src=\"https:\/\/ostadelahi.com\/wp-content\/uploads\/ostadelahi-1931-1.jpg\" class=\"img-responsive wp-image-4451\" srcset=\"https:\/\/ostadelahi.com\/wp-content\/uploads\/ostadelahi-1931-1-200x275.jpg 200w, https:\/\/ostadelahi.com\/wp-content\/uploads\/ostadelahi-1931-1.jpg 243w\" sizes=\"(max-width: 640px) 100vw, 243px\" \/><\/span><\/div><\/div><div class=\"fusion-clearfix\"><\/div><\/div><\/div><div class=\"fusion-layout-column fusion_builder_column fusion-builder-column-2 fusion_builder_column_1_1 1_1 fusion-one-full fusion-column-first fusion-column-last\" style=\"--awb-bg-size:cover;--awb-margin-bottom:0px;\"><div class=\"fusion-column-wrapper fusion-flex-column-wrapper-legacy\"><div class=\"fusion-text fusion-text-2\"><p>Sieht man sich Ostad Elahis Leben und seinen \u201aEintritt in die Gesellschaft\u2018 genauer an, so stellt man fest, dass sein Denken nach wie vor auf die spirituelle Dimension des Lebens gerichtet war \u2013 so wie er es auch in seiner Einsiedelei gehalten hatte. Auch von den materiellen Werten seines Umfelds lie\u00df er sich nicht beeinflussen. Die spirituellen, ethischen und sozialen Verhaltensregeln setzte er mit Gewissenhaftigkeit um, wobei sein Verhalten in erster Linie von der Suche nach g\u00f6ttlicher Zufriedenheit und nicht von der Einhaltung von Konventionen geleitet war. Auf diese Weise gelang es ihm, die Pr\u00fcfungen des Lebens zu meistern, ohne sich von Hindernissen und Drohungen \u2013 bedingt durch gewisse richterliche Urteile, die den Lokalgr\u00f6\u00dfen ein Dorn im Auge waren \u2013 beeinflussen oder beeindrucken zu lassen. Es war gerade diese Integrit\u00e4t, die zur Folge hatte, dass er im Laufe seiner Karriere wiederholt vorzeitig auf andere Posten versetzt wurde.<\/p>\n<\/div><div class=\"fusion-text fusion-text-3\"><p>Die in diesen Jahren gesammelten Erfahrungen best\u00e4rkten Ostad Elahi in seiner \u00dcberzeugung, dass die Spiritualit\u00e4t nicht wie bisher auf Askese und Zur\u00fcckgezogenheit basieren und einer Elite vorbehalten sein sollte. Seine Entdeckungen der spirituellen Wahrheiten, die aus vielen Jahren der Askese und Kontemplation, der theologischen und philosophischen Forschung, aber vor allem aus seinem praktischen und rationalen Denken hervorgingen, lie\u00dfen ihn den Inhalt seiner Mission erahnen: eine neue spirituelle Methode zu entwickeln, die f\u00fcr alle zug\u00e4nglich ist, ohne R\u00fccksicht auf Hautfarbe oder Geschlecht und unabh\u00e4ngig vom kulturellen Hintergrund; eine Spiritualit\u00e4t, die den Test der Zeit besteht und die jenseits religi\u00f6ser oder ritueller Erw\u00e4gungen einzig auf die Suche nach Wahrheit ausgerichtet ist.<\/p>\n<blockquote>\n<p>Die Wahrheit besteht f\u00fcr den Menschen darin zu wissen, was er ist, woher er kommt, was seine Pflichten hier sind und wohin er geht. Wenn er diese Fragen zum Gegenstand seiner Suche gemacht, sie praktisch umgesetzt und verstanden hat, hat er die Wahrheit erreicht.<\/p>\n<\/blockquote>\n<p>F\u00fcr diese Suche nach Wahrheit hatte ihn schon sein Vater in den Zeiten der Klausur, die er als Kind und Jugendlicher verbracht hatte, empf\u00e4nglich gemacht. Mit der Zeit kristallisierte sich diese Suche nach Wahrheit dadurch weiter heraus, dass Ostad Elahi herausfordernde Erfahrungen machte, zahlreiche heikle Situationen durchstand und viele H\u00f6hen und Tiefen durchlebte. Sein innovativer Ansatz ist einfach und schwierig zugleich: Einfach insofern, als der Suchende ein normales und aktives Leben in Gesellschaft f\u00fchren kann; schwierig insofern, als er sich nicht negativ von ihr beeinflussen lassen darf. Nachdem Ostad Elahi diese Methode in all ihren Facetten praktiziert hatte, war er in der Lage, in seinen Werken einen detaillierten \u201aWegweiser\u2018 mit allen zugeh\u00f6rigen Kurven und Steigungen aufzuzeichnen.<\/p>\n<p>Als er seine Stelle als Regierungsbeamter antrat, hatte er auf Zeichen verzichtet, die seinen spirituellen Rang offenlegen w\u00fcrden, so dass niemand \u2013 au\u00dfer einigen seiner engen Freunde, die ihm von Herzen zugetan waren und ihn bedingungslos liebten und respektierten \u2013 annahm, dass er anders war als die Anderen. Die meisten kannten ihn als ehrlichen und rechtschaffenen Richter, als liebevollen und ehrbaren Familienvater, als erfahrenen Musiker, als w\u00fcrdevollen Menschen oder aufrichtigen und engen Freund. In Wahrheit verh\u00fcllte er seine spirituelle Dimension umso mehr, je mehr er sein inneres Wesen in Richtung der Vollkommenheit entfaltete. Daher gab es zu seinen Lebzeiten niemanden, der in ihm die volle Wirklichkeit seiner spirituellen Dimension erkennen konnte, abgesehen vielleicht von einigen seiner engsten Sch\u00fcler.<\/p>\n<p>Ostad Elahi betrachtete die gesamte Sch\u00f6pfung als eine zusammenh\u00e4ngende Einheit, der auf der Grundlage von Wohlwollen und Gerechtigkeit Existenz verliehen wurde. Seine pers\u00f6nlichen Erfahrungen und Beobachtungen f\u00fchrten ihn zu einer Philosophie mit universaler Ausrichtung, die unabh\u00e4ngig ist von bestimmten Glaubens\u00fcberzeugungen, Kultur, Abstammung oder Nationalit\u00e4t. Die Methoden, auf die diese Philosophie baut, sind zudem einfach und praktisch, so dass sie sich in das Leben der Menschen in aller Welt einf\u00fcgen lassen.<\/p>\n<\/div><div class=\"fusion-clearfix\"><\/div><\/div><\/div><\/div><\/div>\n","protected":false},"excerpt":{"rendered":"","protected":false},"author":1,"featured_media":0,"parent":2041,"menu_order":4,"comment_status":"closed","ping_status":"closed","template":"side-navigation.php","meta":{"footnotes":""},"class_list":["post-1530","page","type-page","status-publish","hentry"],"yoast_head":"<!-- This site is optimized with the Yoast SEO plugin v20.3 - https:\/\/yoast.com\/wordpress\/plugins\/seo\/ -->\n<title>Der Entsagung entsagen - Ostad Elahi<\/title>\n<meta name=\"robots\" content=\"index, follow, max-snippet:-1, max-image-preview:large, max-video-preview:-1\" \/>\n<link rel=\"canonical\" href=\"https:\/\/ostadelahi.com\/life\/biography\/the-renouncement-of-renunciation\/\" \/>\n<meta property=\"og:locale\" content=\"de_DE\" \/>\n<meta property=\"og:type\" content=\"article\" \/>\n<meta property=\"og:title\" content=\"Der Entsagung entsagen - Ostad Elahi\" \/>\n<meta property=\"og:url\" content=\"https:\/\/ostadelahi.com\/life\/biography\/the-renouncement-of-renunciation\/\" \/>\n<meta property=\"og:site_name\" content=\"Ostad Elahi\" \/>\n<meta property=\"article:modified_time\" content=\"2023-02-28T15:19:05+00:00\" \/>\n<meta name=\"twitter:card\" content=\"summary_large_image\" \/>\n<meta name=\"twitter:label1\" content=\"Gesch\u00e4tzte Lesezeit\" \/>\n\t<meta name=\"twitter:data1\" content=\"5\u00a0Minuten\" \/>\n<script type=\"application\/ld+json\" class=\"yoast-schema-graph\">{\"@context\":\"https:\/\/schema.org\",\"@graph\":[{\"@type\":\"WebPage\",\"@id\":\"https:\/\/ostadelahi.com\/life\/biography\/the-renouncement-of-renunciation\/\",\"url\":\"https:\/\/ostadelahi.com\/life\/biography\/the-renouncement-of-renunciation\/\",\"name\":\"Der Entsagung entsagen - Ostad Elahi\",\"isPartOf\":{\"@id\":\"https:\/\/ostadelahi.com\/#website\"},\"datePublished\":\"2013-01-21T08:27:10+00:00\",\"dateModified\":\"2023-02-28T15:19:05+00:00\",\"breadcrumb\":{\"@id\":\"https:\/\/ostadelahi.com\/life\/biography\/the-renouncement-of-renunciation\/#breadcrumb\"},\"inLanguage\":\"de\",\"potentialAction\":[{\"@type\":\"ReadAction\",\"target\":[\"https:\/\/ostadelahi.com\/life\/biography\/the-renouncement-of-renunciation\/\"]}]},{\"@type\":\"BreadcrumbList\",\"@id\":\"https:\/\/ostadelahi.com\/life\/biography\/the-renouncement-of-renunciation\/#breadcrumb\",\"itemListElement\":[{\"@type\":\"ListItem\",\"position\":1,\"name\":\"Home\",\"item\":\"https:\/\/ostadelahi.com\/de\/\"},{\"@type\":\"ListItem\",\"position\":2,\"name\":\"Leben\",\"item\":\"https:\/\/ostadelahi.com\/life\/\"},{\"@type\":\"ListItem\",\"position\":3,\"name\":\"Biografie\",\"item\":\"https:\/\/ostadelahi.com\/life\/biography\/\"},{\"@type\":\"ListItem\",\"position\":4,\"name\":\"Der Entsagung entsagen\"}]},{\"@type\":\"WebSite\",\"@id\":\"https:\/\/ostadelahi.com\/#website\",\"url\":\"https:\/\/ostadelahi.com\/\",\"name\":\"Ostad Elahi\",\"description\":\"The official website on the life, work, and music of Ostad Elahi (1895-1974).\",\"potentialAction\":[{\"@type\":\"SearchAction\",\"target\":{\"@type\":\"EntryPoint\",\"urlTemplate\":\"https:\/\/ostadelahi.com\/?s={search_term_string}\"},\"query-input\":\"required name=search_term_string\"}],\"inLanguage\":\"de\"}]}<\/script>\n<!-- \/ Yoast SEO plugin. -->","yoast_head_json":{"title":"Der Entsagung entsagen - Ostad Elahi","robots":{"index":"index","follow":"follow","max-snippet":"max-snippet:-1","max-image-preview":"max-image-preview:large","max-video-preview":"max-video-preview:-1"},"canonical":"https:\/\/ostadelahi.com\/life\/biography\/the-renouncement-of-renunciation\/","og_locale":"de_DE","og_type":"article","og_title":"Der Entsagung entsagen - Ostad Elahi","og_url":"https:\/\/ostadelahi.com\/life\/biography\/the-renouncement-of-renunciation\/","og_site_name":"Ostad Elahi","article_modified_time":"2023-02-28T15:19:05+00:00","twitter_card":"summary_large_image","twitter_misc":{"Gesch\u00e4tzte Lesezeit":"5\u00a0Minuten"},"schema":{"@context":"https:\/\/schema.org","@graph":[{"@type":"WebPage","@id":"https:\/\/ostadelahi.com\/life\/biography\/the-renouncement-of-renunciation\/","url":"https:\/\/ostadelahi.com\/life\/biography\/the-renouncement-of-renunciation\/","name":"Der Entsagung entsagen - Ostad Elahi","isPartOf":{"@id":"https:\/\/ostadelahi.com\/#website"},"datePublished":"2013-01-21T08:27:10+00:00","dateModified":"2023-02-28T15:19:05+00:00","breadcrumb":{"@id":"https:\/\/ostadelahi.com\/life\/biography\/the-renouncement-of-renunciation\/#breadcrumb"},"inLanguage":"de","potentialAction":[{"@type":"ReadAction","target":["https:\/\/ostadelahi.com\/life\/biography\/the-renouncement-of-renunciation\/"]}]},{"@type":"BreadcrumbList","@id":"https:\/\/ostadelahi.com\/life\/biography\/the-renouncement-of-renunciation\/#breadcrumb","itemListElement":[{"@type":"ListItem","position":1,"name":"Home","item":"https:\/\/ostadelahi.com\/de\/"},{"@type":"ListItem","position":2,"name":"Leben","item":"https:\/\/ostadelahi.com\/life\/"},{"@type":"ListItem","position":3,"name":"Biografie","item":"https:\/\/ostadelahi.com\/life\/biography\/"},{"@type":"ListItem","position":4,"name":"Der Entsagung entsagen"}]},{"@type":"WebSite","@id":"https:\/\/ostadelahi.com\/#website","url":"https:\/\/ostadelahi.com\/","name":"Ostad Elahi","description":"The official website on the life, work, and music of Ostad Elahi (1895-1974).","potentialAction":[{"@type":"SearchAction","target":{"@type":"EntryPoint","urlTemplate":"https:\/\/ostadelahi.com\/?s={search_term_string}"},"query-input":"required name=search_term_string"}],"inLanguage":"de"}]}},"_links":{"self":[{"href":"https:\/\/ostadelahi.com\/de\/wp-json\/wp\/v2\/pages\/1530","targetHints":{"allow":["GET"]}}],"collection":[{"href":"https:\/\/ostadelahi.com\/de\/wp-json\/wp\/v2\/pages"}],"about":[{"href":"https:\/\/ostadelahi.com\/de\/wp-json\/wp\/v2\/types\/page"}],"author":[{"embeddable":true,"href":"https:\/\/ostadelahi.com\/de\/wp-json\/wp\/v2\/users\/1"}],"replies":[{"embeddable":true,"href":"https:\/\/ostadelahi.com\/de\/wp-json\/wp\/v2\/comments?post=1530"}],"version-history":[{"count":6,"href":"https:\/\/ostadelahi.com\/de\/wp-json\/wp\/v2\/pages\/1530\/revisions"}],"predecessor-version":[{"id":12167,"href":"https:\/\/ostadelahi.com\/de\/wp-json\/wp\/v2\/pages\/1530\/revisions\/12167"}],"up":[{"embeddable":true,"href":"https:\/\/ostadelahi.com\/de\/wp-json\/wp\/v2\/pages\/2041"}],"wp:attachment":[{"href":"https:\/\/ostadelahi.com\/de\/wp-json\/wp\/v2\/media?parent=1530"}],"curies":[{"name":"wp","href":"https:\/\/api.w.org\/{rel}","templated":true}]}}