{"id":1528,"date":"2013-01-21T03:26:43","date_gmt":"2013-01-21T08:26:43","guid":{"rendered":"https:\/\/ostadelahi.com\/?page_id=1528"},"modified":"2023-02-28T09:28:45","modified_gmt":"2023-02-28T14:28:45","slug":"paradigmenwechsel","status":"publish","type":"page","link":"https:\/\/ostadelahi.com\/de\/leben\/biografie\/paradigmenwechsel\/","title":{"rendered":"Paradigmenwechsel"},"content":{"rendered":"<div class=\"fusion-fullwidth fullwidth-box fusion-builder-row-1 nonhundred-percent-fullwidth non-hundred-percent-height-scrolling\" style=\"--awb-border-radius-top-left:0px;--awb-border-radius-top-right:0px;--awb-border-radius-bottom-right:0px;--awb-border-radius-bottom-left:0px;\" ><div class=\"fusion-builder-row fusion-row\"><div class=\"fusion-layout-column fusion_builder_column fusion-builder-column-0 fusion_builder_column_1_1 1_1 fusion-one-full fusion-column-first fusion-column-last\" style=\"--awb-bg-size:cover;--awb-margin-bottom:0px;\"><div class=\"fusion-column-wrapper fusion-flex-column-wrapper-legacy\"><div class=\"fusion-text fusion-text-1\"><p>Wie schon seinem Vater wurde auch dem jungen Nur Ali die Bewunderung und sogar Verehrung einer gro\u00dfen Zahl von Anh\u00e4ngern zuteil. Sein Weg schien also als Fortsetzung der v\u00e4terlichen Tradition vorgezeichnet zu sein \u2013 der Weg eines spirituellen Meisters, der f\u00fcr eine klassische Mystik stand, die in erster Linie auf einem asketischen Leben fernab der Gesellschaft beruhte. Er aber entschied sich f\u00fcr einen anderen Weg \u2013 einen Weg, der ihn dazu brachte, seine Herangehensweise an die Spiritualit\u00e4t umfassend zu revolutionieren.<\/p>\n<p>Gewichtige \u00c4nderungen in seiner Denkweise f\u00fchrten ihn schlie\u00dflich an einen Punkt, an dem er die althergebrachten Br\u00e4uche der Vergangenheit hinter sich lie\u00df und eine v\u00f6llig neue Methode entwickelte. Aufgrund dieser mutigen Wandlung w\u00e4hlte er einen ganz gew\u00f6hnlichen Lebensstil, ohne die \u00e4u\u00dferen Insignien einer mystischen Lebensweise, und nahm fortan am gesellschaftlichen Leben teil, als ob nichts ihn unterschiede von anderen Menschen. Das wei\u00dfe Gewand der Derwische und das lange Haar, der Bart des Mystikers \u2013 sie alle wurden ersetzt durch das Erscheinungsbild eines gew\u00f6hnlichen B\u00fcrgers. Nur Ali f\u00fchrte nun ein normales Leben und erst viel sp\u00e4ter sollte enth\u00fcllt werden, was der wahre Grund f\u00fcr diesen Schritt in die Gesellschaft war.<\/p>\n<\/div><div class=\"fusion-clearfix\"><\/div><\/div><\/div><div class=\"fusion-layout-column fusion_builder_column fusion-builder-column-1 fusion_builder_column_1_3 1_3 fusion-one-third fusion-column-first fusion-no-small-visibility\" style=\"--awb-bg-size:cover;width:33.333333333333%;width:calc(33.333333333333% - ( ( 4% + 4% ) * 0.33333333333333 ) );margin-right: 4%;\"><div class=\"fusion-column-wrapper fusion-flex-column-wrapper-legacy\"><div class=\"fusion-image-element fusion-image-align-center in-legacy-container\" style=\"text-align:center;--awb-caption-title-size:var(--h2_typography-font-size);--awb-caption-title-transform:var(--h2_typography-text-transform);--awb-caption-title-line-height:var(--h2_typography-line-height);--awb-caption-title-letter-spacing:var(--h2_typography-letter-spacing);\"><div class=\"imageframe-align-center\"><span class=\" fusion-imageframe imageframe-none imageframe-1 hover-type-none img-border-20\"><img decoding=\"async\" width=\"300\" height=\"435\" title=\"Ostad Elahi 1922\" src=\"https:\/\/ostadelahi.com\/wp-content\/uploads\/ostadelahi-1922-2.jpg\" alt class=\"img-responsive wp-image-4439\" srcset=\"https:\/\/ostadelahi.com\/wp-content\/uploads\/ostadelahi-1922-2-200x290.jpg 200w, https:\/\/ostadelahi.com\/wp-content\/uploads\/ostadelahi-1922-2.jpg 300w\" sizes=\"(max-width: 640px) 100vw, 300px\" \/><\/span><\/div><\/div><div class=\"fusion-clearfix\"><\/div><\/div><\/div><div class=\"fusion-layout-column fusion_builder_column fusion-builder-column-2 fusion_builder_column_1_3 1_3 fusion-one-third fusion-no-small-visibility\" style=\"--awb-bg-size:cover;width:33.333333333333%;width:calc(33.333333333333% - ( ( 4% + 4% ) * 0.33333333333333 ) );margin-right: 4%;\"><div class=\"fusion-column-wrapper fusion-flex-column-wrapper-legacy\"><div class=\"fusion-image-element fusion-image-align-center in-legacy-container\" style=\"text-align:center;--awb-caption-title-size:var(--h2_typography-font-size);--awb-caption-title-transform:var(--h2_typography-text-transform);--awb-caption-title-line-height:var(--h2_typography-line-height);--awb-caption-title-letter-spacing:var(--h2_typography-letter-spacing);\"><div class=\"imageframe-align-center\"><span class=\" fusion-imageframe imageframe-none imageframe-2 hover-type-none img-border-20\"><img decoding=\"async\" width=\"300\" height=\"435\" title=\"Ostad Elahi 1930\" src=\"https:\/\/ostadelahi.com\/wp-content\/uploads\/ostadelahi-1930-1.jpg\" alt class=\"img-responsive wp-image-4447\" srcset=\"https:\/\/ostadelahi.com\/wp-content\/uploads\/ostadelahi-1930-1-200x290.jpg 200w, https:\/\/ostadelahi.com\/wp-content\/uploads\/ostadelahi-1930-1.jpg 300w\" sizes=\"(max-width: 640px) 100vw, 300px\" \/><\/span><\/div><\/div><div class=\"fusion-clearfix\"><\/div><\/div><\/div><div class=\"fusion-layout-column fusion_builder_column fusion-builder-column-3 fusion_builder_column_1_3 1_3 fusion-one-third fusion-column-last fusion-no-small-visibility\" style=\"--awb-bg-size:cover;width:33.333333333333%;width:calc(33.333333333333% - ( ( 4% + 4% ) * 0.33333333333333 ) );\"><div class=\"fusion-column-wrapper fusion-flex-column-wrapper-legacy\"><div class=\"fusion-image-element fusion-image-align-center in-legacy-container\" style=\"text-align:center;--awb-caption-title-size:var(--h2_typography-font-size);--awb-caption-title-transform:var(--h2_typography-text-transform);--awb-caption-title-line-height:var(--h2_typography-line-height);--awb-caption-title-letter-spacing:var(--h2_typography-letter-spacing);\"><div class=\"imageframe-align-center\"><span class=\" fusion-imageframe imageframe-none imageframe-3 hover-type-none img-border-20\"><img decoding=\"async\" width=\"300\" height=\"435\" title=\"Ostad Elahi 1932\" src=\"https:\/\/ostadelahi.com\/wp-content\/uploads\/ostadelahi-1932-1.jpg\" alt class=\"img-responsive wp-image-4455\" srcset=\"https:\/\/ostadelahi.com\/wp-content\/uploads\/ostadelahi-1932-1-200x290.jpg 200w, https:\/\/ostadelahi.com\/wp-content\/uploads\/ostadelahi-1932-1.jpg 300w\" sizes=\"(max-width: 640px) 100vw, 300px\" \/><\/span><\/div><\/div><div class=\"fusion-clearfix\"><\/div><\/div><\/div><div class=\"fusion-layout-column fusion_builder_column fusion-builder-column-4 fusion_builder_column_1_1 1_1 fusion-one-full fusion-column-first fusion-column-last fusion-no-medium-visibility fusion-no-large-visibility\" style=\"--awb-bg-size:cover;\"><div class=\"fusion-column-wrapper fusion-flex-column-wrapper-legacy\"><div class=\"fusion-image-element in-legacy-container\" style=\"--awb-caption-title-size:var(--h2_typography-font-size);--awb-caption-title-transform:var(--h2_typography-text-transform);--awb-caption-title-line-height:var(--h2_typography-line-height);--awb-caption-title-letter-spacing:var(--h2_typography-letter-spacing);\"><span class=\" fusion-imageframe imageframe-none imageframe-4 hover-type-none img-border-20\"><img decoding=\"async\" width=\"750\" height=\"352\" src=\"https:\/\/ostadelahi.com\/wp-content\/uploads\/Paradigm-Shift@2x.jpg\" alt class=\"img-responsive wp-image-6682\" srcset=\"https:\/\/ostadelahi.com\/wp-content\/uploads\/Paradigm-Shift@2x-200x94.jpg 200w, https:\/\/ostadelahi.com\/wp-content\/uploads\/Paradigm-Shift@2x-400x188.jpg 400w, https:\/\/ostadelahi.com\/wp-content\/uploads\/Paradigm-Shift@2x-600x282.jpg 600w, https:\/\/ostadelahi.com\/wp-content\/uploads\/Paradigm-Shift@2x.jpg 750w\" sizes=\"(max-width: 640px) 100vw, 750px\" \/><\/span><\/div><div class=\"fusion-clearfix\"><\/div><\/div><\/div><div class=\"fusion-layout-column fusion_builder_column fusion-builder-column-5 fusion_builder_column_1_1 1_1 fusion-one-full fusion-column-first fusion-column-last\" style=\"--awb-bg-size:cover;\"><div class=\"fusion-column-wrapper fusion-flex-column-wrapper-legacy\"><div class=\"fusion-text fusion-text-2\"><p>Viele Jahre danach, als er seine Philosophie zur spirituellen Vervollkommnung vorstellt, wird deutlich werden, dass dieser fundamentale Wandel im Leben und Denken eher als ein Wunder anmutet denn eine \u00c4nderung der Lebensgewohnheiten. Einige seiner Anh\u00e4nger und Vertrauten kritisierten ihn hart, weil er nicht dem Weg seines Vaters gefolgt war und weil er sich \u00e4u\u00dferlich an die Gesellschaft anpasste. Es gab sogar einige, die sich aus diesem Grund von ihm abwandten. Ostad Elahi aber hielt unbeirrt an seinem Ziel fest und konzipierte schlie\u00dflich eine neuartige Herangehensweise an die Spiritualit\u00e4t, die all jenen eine Hilfe sein sollte, die auf der Suche nach der Wahrheit sind.<\/p>\n<blockquote>\n<p>Meine Denkschule ist wie eine neue Medizin [der Seele], die ich nach vielen Jahren der Askese, der Erfahrungen und der Forschungen konzipiert habe \u2013 allesamt Erfahrungen, die ich am eigenen Leib durchlebt habe.<\/p>\n<\/blockquote>\n<p>Indem er den Weg zur spirituellen Vervollkommnung als Abk\u00fcrzung beschrieb, schlug Ostad Elahi ein neues Kapitel in der Geschichte der Selbst- und der Gotteserkenntnis auf. Gest\u00fctzt auf sein umfassendes spirituelles Wissen traf er bewusst die Entscheidung, sich von den jahrhundertealten Fesseln der traditionellen Mystik zu befreien. Indem er das tat, revolutionierte er die Spiritualit\u00e4t: Er entzog sie dem Monopol der Mystiker und machte sie allen Menschen zug\u00e4nglich.<\/p>\n<\/div><div class=\"fusion-clearfix\"><\/div><\/div><\/div><\/div><\/div>\n","protected":false},"excerpt":{"rendered":"","protected":false},"author":1,"featured_media":0,"parent":2041,"menu_order":3,"comment_status":"closed","ping_status":"closed","template":"side-navigation.php","meta":{"footnotes":""},"class_list":["post-1528","page","type-page","status-publish","hentry"],"yoast_head":"<!-- This site is optimized with the Yoast SEO plugin v20.3 - https:\/\/yoast.com\/wordpress\/plugins\/seo\/ -->\n<title>Paradigmenwechsel - Ostad Elahi<\/title>\n<meta name=\"robots\" content=\"index, follow, max-snippet:-1, max-image-preview:large, max-video-preview:-1\" \/>\n<link rel=\"canonical\" href=\"https:\/\/ostadelahi.com\/life\/biography\/a-paradigm-shift\/\" \/>\n<meta property=\"og:locale\" content=\"de_DE\" \/>\n<meta property=\"og:type\" content=\"article\" \/>\n<meta property=\"og:title\" content=\"Paradigmenwechsel - Ostad Elahi\" \/>\n<meta property=\"og:url\" content=\"https:\/\/ostadelahi.com\/life\/biography\/a-paradigm-shift\/\" \/>\n<meta property=\"og:site_name\" content=\"Ostad Elahi\" \/>\n<meta property=\"article:modified_time\" content=\"2023-02-28T14:28:45+00:00\" \/>\n<meta name=\"twitter:card\" content=\"summary_large_image\" \/>\n<meta name=\"twitter:label1\" content=\"Gesch\u00e4tzte Lesezeit\" \/>\n\t<meta name=\"twitter:data1\" content=\"4\u00a0Minuten\" \/>\n<script type=\"application\/ld+json\" class=\"yoast-schema-graph\">{\"@context\":\"https:\/\/schema.org\",\"@graph\":[{\"@type\":\"WebPage\",\"@id\":\"https:\/\/ostadelahi.com\/life\/biography\/a-paradigm-shift\/\",\"url\":\"https:\/\/ostadelahi.com\/life\/biography\/a-paradigm-shift\/\",\"name\":\"Paradigmenwechsel - Ostad Elahi\",\"isPartOf\":{\"@id\":\"https:\/\/ostadelahi.com\/#website\"},\"datePublished\":\"2013-01-21T08:26:43+00:00\",\"dateModified\":\"2023-02-28T14:28:45+00:00\",\"breadcrumb\":{\"@id\":\"https:\/\/ostadelahi.com\/life\/biography\/a-paradigm-shift\/#breadcrumb\"},\"inLanguage\":\"de\",\"potentialAction\":[{\"@type\":\"ReadAction\",\"target\":[\"https:\/\/ostadelahi.com\/life\/biography\/a-paradigm-shift\/\"]}]},{\"@type\":\"BreadcrumbList\",\"@id\":\"https:\/\/ostadelahi.com\/life\/biography\/a-paradigm-shift\/#breadcrumb\",\"itemListElement\":[{\"@type\":\"ListItem\",\"position\":1,\"name\":\"Home\",\"item\":\"https:\/\/ostadelahi.com\/de\/\"},{\"@type\":\"ListItem\",\"position\":2,\"name\":\"Leben\",\"item\":\"https:\/\/ostadelahi.com\/life\/\"},{\"@type\":\"ListItem\",\"position\":3,\"name\":\"Biografie\",\"item\":\"https:\/\/ostadelahi.com\/life\/biography\/\"},{\"@type\":\"ListItem\",\"position\":4,\"name\":\"Paradigmenwechsel\"}]},{\"@type\":\"WebSite\",\"@id\":\"https:\/\/ostadelahi.com\/#website\",\"url\":\"https:\/\/ostadelahi.com\/\",\"name\":\"Ostad Elahi\",\"description\":\"The official website on the life, work, and music of Ostad Elahi (1895-1974).\",\"potentialAction\":[{\"@type\":\"SearchAction\",\"target\":{\"@type\":\"EntryPoint\",\"urlTemplate\":\"https:\/\/ostadelahi.com\/?s={search_term_string}\"},\"query-input\":\"required name=search_term_string\"}],\"inLanguage\":\"de\"}]}<\/script>\n<!-- \/ Yoast SEO plugin. -->","yoast_head_json":{"title":"Paradigmenwechsel - Ostad Elahi","robots":{"index":"index","follow":"follow","max-snippet":"max-snippet:-1","max-image-preview":"max-image-preview:large","max-video-preview":"max-video-preview:-1"},"canonical":"https:\/\/ostadelahi.com\/life\/biography\/a-paradigm-shift\/","og_locale":"de_DE","og_type":"article","og_title":"Paradigmenwechsel - Ostad Elahi","og_url":"https:\/\/ostadelahi.com\/life\/biography\/a-paradigm-shift\/","og_site_name":"Ostad Elahi","article_modified_time":"2023-02-28T14:28:45+00:00","twitter_card":"summary_large_image","twitter_misc":{"Gesch\u00e4tzte Lesezeit":"4\u00a0Minuten"},"schema":{"@context":"https:\/\/schema.org","@graph":[{"@type":"WebPage","@id":"https:\/\/ostadelahi.com\/life\/biography\/a-paradigm-shift\/","url":"https:\/\/ostadelahi.com\/life\/biography\/a-paradigm-shift\/","name":"Paradigmenwechsel - Ostad Elahi","isPartOf":{"@id":"https:\/\/ostadelahi.com\/#website"},"datePublished":"2013-01-21T08:26:43+00:00","dateModified":"2023-02-28T14:28:45+00:00","breadcrumb":{"@id":"https:\/\/ostadelahi.com\/life\/biography\/a-paradigm-shift\/#breadcrumb"},"inLanguage":"de","potentialAction":[{"@type":"ReadAction","target":["https:\/\/ostadelahi.com\/life\/biography\/a-paradigm-shift\/"]}]},{"@type":"BreadcrumbList","@id":"https:\/\/ostadelahi.com\/life\/biography\/a-paradigm-shift\/#breadcrumb","itemListElement":[{"@type":"ListItem","position":1,"name":"Home","item":"https:\/\/ostadelahi.com\/de\/"},{"@type":"ListItem","position":2,"name":"Leben","item":"https:\/\/ostadelahi.com\/life\/"},{"@type":"ListItem","position":3,"name":"Biografie","item":"https:\/\/ostadelahi.com\/life\/biography\/"},{"@type":"ListItem","position":4,"name":"Paradigmenwechsel"}]},{"@type":"WebSite","@id":"https:\/\/ostadelahi.com\/#website","url":"https:\/\/ostadelahi.com\/","name":"Ostad Elahi","description":"The official website on the life, work, and music of Ostad Elahi (1895-1974).","potentialAction":[{"@type":"SearchAction","target":{"@type":"EntryPoint","urlTemplate":"https:\/\/ostadelahi.com\/?s={search_term_string}"},"query-input":"required name=search_term_string"}],"inLanguage":"de"}]}},"_links":{"self":[{"href":"https:\/\/ostadelahi.com\/de\/wp-json\/wp\/v2\/pages\/1528","targetHints":{"allow":["GET"]}}],"collection":[{"href":"https:\/\/ostadelahi.com\/de\/wp-json\/wp\/v2\/pages"}],"about":[{"href":"https:\/\/ostadelahi.com\/de\/wp-json\/wp\/v2\/types\/page"}],"author":[{"embeddable":true,"href":"https:\/\/ostadelahi.com\/de\/wp-json\/wp\/v2\/users\/1"}],"replies":[{"embeddable":true,"href":"https:\/\/ostadelahi.com\/de\/wp-json\/wp\/v2\/comments?post=1528"}],"version-history":[{"count":6,"href":"https:\/\/ostadelahi.com\/de\/wp-json\/wp\/v2\/pages\/1528\/revisions"}],"predecessor-version":[{"id":12161,"href":"https:\/\/ostadelahi.com\/de\/wp-json\/wp\/v2\/pages\/1528\/revisions\/12161"}],"up":[{"embeddable":true,"href":"https:\/\/ostadelahi.com\/de\/wp-json\/wp\/v2\/pages\/2041"}],"wp:attachment":[{"href":"https:\/\/ostadelahi.com\/de\/wp-json\/wp\/v2\/media?parent=1528"}],"curies":[{"name":"wp","href":"https:\/\/api.w.org\/{rel}","templated":true}]}}