{"id":1478,"date":"2013-01-21T03:25:37","date_gmt":"2013-01-21T08:25:37","guid":{"rendered":"https:\/\/ostadelahi.com\/?page_id=1478"},"modified":"2023-02-28T09:00:26","modified_gmt":"2023-02-28T14:00:26","slug":"die-ersten-jahre","status":"publish","type":"page","link":"https:\/\/ostadelahi.com\/de\/leben\/biografie\/die-ersten-jahre\/","title":{"rendered":"Die ersten Jahre"},"content":{"rendered":"<div class=\"fusion-fullwidth fullwidth-box fusion-builder-row-1 nonhundred-percent-fullwidth non-hundred-percent-height-scrolling\" style=\"--awb-border-radius-top-left:0px;--awb-border-radius-top-right:0px;--awb-border-radius-bottom-right:0px;--awb-border-radius-bottom-left:0px;\" ><div class=\"fusion-builder-row fusion-row\"><div class=\"fusion-layout-column fusion_builder_column fusion-builder-column-0 fusion_builder_column_1_2 1_2 fusion-one-half fusion-column-first\" style=\"--awb-bg-size:cover;--awb-margin-bottom:0px;width:48%; margin-right: 4%;\"><div class=\"fusion-column-wrapper fusion-flex-column-wrapper-legacy\"><div class=\"fusion-text fusion-text-1\"><p>Nur Ali Elahi \u2013 aufgrund seiner Meisterschaft auf dem Gebiet des spirituellen Wissens und der sakralen Musik auch als Ostad Elahi bekannt \u2013 wuchs in einer Atmosph\u00e4re auf, die von reiner Spiritualit\u00e4t durchdrungen war. Er ist geboren in Dscheyhunabad, einem entlegenen Dorf, das in den stillen Ebenen der Provinz Kermanschah liegt. \u00dcber ein Jahrhundert lang hatte dieser Ort bedeutende spirituelle Pers\u00f6nlichkeiten hervorgebracht und sich zu einem Zentrum der traditionellen Mystik entwickelt. Seine Eltern, \u201aNematollah Mokri Jeyhunabadi\u2018 (oder Nematollah Mokri Dscheyhunabadi, kurz Hadj Nemat) und Sakineh Chanom, hatten dem Brauch dieser Zeit entsprechend fr\u00fch geheiratet und empfanden tiefe Zuneigung und Respekt f\u00fcreinander. Hadj Nemat, eine bedeutende Pers\u00f6nlichkeit der <span class=\"fusion-popover popover-1\" data-animation=\"1\" data-class=\"popover-1\" data-container=\"popover-1\" data-html-content=\"Das bedeutet w\u00f6rtlich \u00fcbersetzt &#039;Anh\u00e4nger der Wahrheit&#039;; zu den wichtigen Pers\u00f6nlichkeiten dieses mystischen Ordens geh\u00f6rte Ostad Elahis Vater, Hadj Nemat.\" data-delay=\"50\" data-placement=\"top\" data-toggle=\"popover\" data-trigger=\"click\">Ahl-e-Haqq-Tradition <\/span>, war f\u00fcr seinen Glauben, seine Integrit\u00e4t und seinen Mut bekannt. Auch war er ein Meister der Tanbur, einer Laute, die bei den Ahl-e Haqq der sakralen Musik vorbehalten war.<\/p>\n<\/div><div class=\"fusion-clearfix\"><\/div><\/div><\/div><div class=\"fusion-layout-column fusion_builder_column fusion-builder-column-1 fusion_builder_column_1_2 1_2 fusion-one-half fusion-column-last\" style=\"--awb-bg-size:cover;width:48%;\"><div class=\"fusion-column-wrapper fusion-flex-column-wrapper-legacy\"><div class=\"fusion-column-content-centered\"><div class=\"fusion-column-content\"><div class=\"fusion-image-element fusion-image-align-center in-legacy-container\" style=\"text-align:center;--awb-caption-title-size:var(--h2_typography-font-size);--awb-caption-title-transform:var(--h2_typography-text-transform);--awb-caption-title-line-height:var(--h2_typography-line-height);--awb-caption-title-letter-spacing:var(--h2_typography-letter-spacing);\"><div class=\"imageframe-align-center\"><span class=\" fusion-imageframe imageframe-none imageframe-1 hover-type-none\"><img decoding=\"async\" width=\"960\" height=\"890\" alt=\"Karte des Iran\" title=\"map-iran-1895\" src=\"https:\/\/ostadelahi.com\/wp-content\/uploads\/map-iran-1895.jpg\" class=\"img-responsive wp-image-4427\" srcset=\"https:\/\/ostadelahi.com\/wp-content\/uploads\/map-iran-1895-200x185.jpg 200w, https:\/\/ostadelahi.com\/wp-content\/uploads\/map-iran-1895-400x371.jpg 400w, https:\/\/ostadelahi.com\/wp-content\/uploads\/map-iran-1895-600x556.jpg 600w, https:\/\/ostadelahi.com\/wp-content\/uploads\/map-iran-1895-800x742.jpg 800w, https:\/\/ostadelahi.com\/wp-content\/uploads\/map-iran-1895.jpg 960w\" sizes=\"(max-width: 640px) 100vw, 600px\" \/><\/span><\/div><\/div><\/div><\/div><div class=\"fusion-clearfix\"><\/div><\/div><\/div><div class=\"fusion-layout-column fusion_builder_column fusion-builder-column-2 fusion_builder_column_1_1 1_1 fusion-one-full fusion-column-first fusion-column-last\" style=\"--awb-bg-size:cover;\"><div class=\"fusion-column-wrapper fusion-flex-column-wrapper-legacy\"><div class=\"fusion-text fusion-text-2\"><p>Ostad Elahi war noch nicht einmal sechs Jahre alt, als Hadj Nemat eine mystische Erfahrung durchlebte, die ihn vollkommen verwandelte. Sie brachte ihn dazu, sich v\u00f6llig von der Gesellschaft zur\u00fcckzuziehen und lediglich das aus dem Ertrag seiner L\u00e4ndereien f\u00fcr sich zu verwenden, was f\u00fcr ihn und seine Familie notwendig war. Mit dem R\u00fcckzug aus der Gesellschaft begann er ein einfaches, asketisches Leben: Gebete und Klausuren waren von knapp aufeinanderfolgenden vierzigt\u00e4gigen Fasten- und Askeseperioden begleitet, von individuellen und, seltener, Gruppengebeten, von spirituellen Unterweisungen, karitativen Taten und von Forschung und Schriftstellerei. Seine Ehefrau unterst\u00fctzte ihn mit ganzen Kr\u00e4ften in seiner Berufung. Sie verzichtete auf all die materiellen Vorteile, an die sie von Kindheit an gew\u00f6hnt war, und folgte mit ganzem Herzen und allen Mitteln, die ihr zur Verf\u00fcgung standen, dem Weg ihres Mannes.<\/p>\n<p>Ungeachtet der Tatsache, dass Hadj Nemat die \u00d6ffentlichkeit scheute, brachten ihm seine vielen Wunder sehr schnell gro\u00dfe Bekanntheit ein, und in weniger als zwei Jahren hatten sich mehrere Tausend Menschen um ihn versammelt, in der Hoffnung, aus seiner segensreichen Anwesenheit Nutzen zu ziehen. Unter ihnen befanden sich auch zweitausend Anh\u00e4nger, die von nah und fern gekommen waren, teilweise sogar aus dem Ausland. Diese Derwische strebten danach seinem Vorbild zu folgen, indem sie innere Reinigung suchten sowie Kontemplation und Gebet praktizierten. Es ist bekannt, dass Hadj Nemat von seinen Anh\u00e4ngern viel erwartete und au\u00dferordentlich gro\u00dfen Wert darauf legte, dass sie sich in Selbstbeherrschung \u00fcbten, bis hinein in die kleinsten Details ihres Lebens. Das ging so weit, dass ihnen nicht erlaubt war, Dinge zu tun, die f\u00fcr andere zu dieser Zeit ganz selbstverst\u00e4ndlich erschienen, wie z.B. der Genuss von Tabak in jeglicher Form oder Schwarztee. Sie durften keine Reicht\u00fcmer anh\u00e4ufen und in besonderen Einzelf\u00e4llen nicht einmal in \u00fcblicher Weise ein materielles Leben f\u00fchren. So lange sie sich in der Eremitage und auf Hadj Nemats Anwesen aufhielten, wurde von ihnen erwartet, dass sie eine einheitliche Tracht trugen. Unabdingbar war f\u00fcr sie, die vier S\u00e4ulen der Ahl-e Haqq zu beachten: Reinheit, Rechtschaffenheit, Demut und Wohlt\u00e4tigkeit.<\/p>\n<\/div><div class=\"fusion-clearfix\"><\/div><\/div><\/div><div class=\"fusion-layout-column fusion_builder_column fusion-builder-column-3 fusion_builder_column_3_5 3_5 fusion-three-fifth fusion-column-first\" style=\"--awb-bg-size:cover;width:60%;width:calc(60% - ( ( 4% ) * 0.6 ) );margin-right: 4%;\"><div class=\"fusion-column-wrapper fusion-flex-column-wrapper-legacy\"><div class=\"fusion-text fusion-text-3\"><p>In dieser Atmosph\u00e4re reiner Spiritualit\u00e4t begann Ostad Elahi ein Leben, das von Gebet und Kontemplation gepr\u00e4gt war und in dem seine spirituelle Erziehung eine zentrale Rolle spielte.<\/p>\n<blockquote>\n<p>Am Anfang hatte mein Vater zw\u00f6lf Derwische und sie trafen sich ein Jahr lang im privaten Rahmen. Ich wohnte ihren Versammlungen bei und diente als Brennpunkt ihrer spirituellen Liebe. Sowie die ersten T\u00f6ne des <span class=\"fusion-popover popover-2\" data-animation=\"1\" data-class=\"popover-2\" data-container=\"popover-2\" data-content=\"Der Begriff \u201aZekr\u2018 bedeutet w\u00f6rtlich \u201aGedenken\u2018. Im vorliegenden Kontext bezieht sich der Begriff auf eine Form der rituellen Andacht, die auf Gesang, Musik und der Wiederholung von Bittgebeten beruht.\" data-delay=\"50\" data-placement=\"top\" data-toggle=\"popover\" data-trigger=\"click\">Zekr<\/span> erklangen, fing ich an, mich wie ein Kreisel um meine eigene Achse zu drehen und meine langen Haare flogen nur so\u2026. Dies konnte mitunter Stunden dauern \u2013 und diese ganze Zeit drehte und drehte ich mich.<\/p>\n<\/blockquote>\n<\/div><div class=\"fusion-clearfix\"><\/div><\/div><\/div><div class=\"fusion-layout-column fusion_builder_column fusion-builder-column-4 fusion_builder_column_2_5 2_5 fusion-two-fifth fusion-column-last\" style=\"--awb-padding-top:0px;--awb-padding-right:0px;--awb-padding-bottom:0px;--awb-padding-left:0px;--awb-bg-size:cover;--awb-border-color:#d6d6d6;--awb-border-top:0;--awb-border-right:0;--awb-border-bottom:0;--awb-border-left:0;--awb-border-style:solid;width:40%;width:calc(40% - ( ( 4% ) * 0.4 ) );\"><div class=\"fusion-column-wrapper fusion-flex-column-wrapper-legacy\"><div class=\"fusion-column-content-centered\"><div class=\"fusion-column-content\"><div class=\"fusion-image-element fusion-image-align-center in-legacy-container\" style=\"text-align:center;--awb-caption-title-size:var(--h2_typography-font-size);--awb-caption-title-transform:var(--h2_typography-text-transform);--awb-caption-title-line-height:var(--h2_typography-line-height);--awb-caption-title-letter-spacing:var(--h2_typography-letter-spacing);\"><div class=\"imageframe-align-center\"><span class=\" fusion-imageframe imageframe-none imageframe-2 hover-type-none img-border-20\"><img decoding=\"async\" width=\"284\" height=\"465\" alt=\"Ostad Elahi 1921\" title=\"Ostad Elahi 1922\" src=\"https:\/\/ostadelahi.com\/wp-content\/uploads\/ostadelahi-1922-1.jpg\" class=\"img-responsive wp-image-4435\" srcset=\"https:\/\/ostadelahi.com\/wp-content\/uploads\/ostadelahi-1922-1-200x327.jpg 200w, https:\/\/ostadelahi.com\/wp-content\/uploads\/ostadelahi-1922-1.jpg 284w\" sizes=\"(max-width: 640px) 100vw, 284px\" \/><\/span><\/div><\/div><\/div><\/div><div class=\"fusion-clearfix\"><\/div><\/div><\/div><div class=\"fusion-layout-column fusion_builder_column fusion-builder-column-5 fusion_builder_column_1_1 1_1 fusion-one-full fusion-column-first fusion-column-last\" style=\"--awb-bg-size:cover;\"><div class=\"fusion-column-wrapper fusion-flex-column-wrapper-legacy\"><div class=\"fusion-text fusion-text-4\"><p>Sein Vater hatte ihn als Kind \u201aFathollah\u2019 genannt\u201a doch sp\u00e4ter rief er ihn aufgrund seiner Liebe und Verehrung, die er f\u00fcr Ali empfand, \u201aKutschek Ali\u2019 (kleiner Ali). Obwohl Kutschek Ali \u00fcber Jahre das einzige Kind im Haus war, erz\u00e4hlte Ostad Elahi sp\u00e4ter, dass er nie Langeweile empfand. Er musizierte und erfand alle m\u00f6glichen Arten von Spielen, die von der spirituellen Atmosph\u00e4re und Umgebung inspiriert waren, in der er aufwuchs, und die zugleich seine Pers\u00f6nlichkeit widerspiegelten. Als man ihn Jahre sp\u00e4ter fragte, ob er nicht darunter gelitten habe, in seiner Kindheit keine Spielkameraden zu haben, sagte er: \u201eNein, \u00fcberhaupt nicht.\u201c<\/p>\n<\/div><div class=\"fusion-text fusion-text-5\"><p>W\u00e4hrend dieser Zeit spielte die spirituelle Musik in seinem Leben eine zentrale Rolle. Als er anfing, Tanbur zu lernen, waren seine H\u00e4nde noch zu klein, um sie richtig auf den B\u00fcnden zu platzieren. Sein Vater lie\u00df ihm daher aus einer Holzkelle ein Instrument in seiner Gr\u00f6\u00dfe bauen. Weil er diese Musik leidenschaftlich liebte, spielte er oftmals \u00fcber Stunden oder sogar n\u00e4chtelang und erreichte in weniger als drei Jahren die Meisterschaft \u00fcber dieses Instrument, so dass nur wenige in der Lage waren die St\u00fccke zu spielen, die er so kunstfertig wiederzugeben verstand. Mit der Tanbur, die er als Kind und Jugendlicher bei seinen Nachtwachen spielte, \u00f6ffnete sich f\u00fcr den jungen Nur Ali die T\u00fcr zur spirituellen Welt. Sp\u00e4ter, als er die Grundprinzipien der spirituellen Vervollkommnung darlegte, wies er auch darauf hin, dass die Musik ein geeignetes Werkzeug sei, um mit dem G\u00f6ttlichen in Dialog zu treten.<\/p>\n<p>Parallel zu seiner spirituellen und musikalischen Ausbildung erhielt er eine klassische Erziehung, wie sie zu dieser Zeit \u00fcblich war, wenngleich nicht \u00e4hnlich intensiv wie die spirituelle Schulung. Sein Vater war fest davon \u00fcberzeugt, dass die Wege, durch die das Herrschs\u00fcchtige Selbst eindringen kann, geschlossen werden m\u00fcssen, bevor selbiges in ihm erwacht. Danach k\u00f6nne man sich um seine formale Ausbildung k\u00fcmmern. Diese materiellen Studien fanden teilweise durch Hauslehrer statt, teilweise durch den Besuch der \u00f6rtlichen Schule. Aber die Person, die die bedeutendste Rolle in Ostad Elahis Erziehung und Ausbildung spielte, und der er w\u00e4hrend seines gesamten Lebens die gr\u00f6\u00dfte Ehrerbietung erwies, war und blieb zweifelsohne sein Vater. Als erfahrener Mentor brachte er seinen Sohn dazu, die gesamte F\u00fclle seiner Gaben zu entwickeln, ohne jemals Druck auf ihn auszu\u00fcben. Es gab etwas zwischen ihnen, das weit \u00fcber die \u00fcbliche Vater-Sohn-Beziehung hinausging, eine unverbr\u00fcchliche innere Verbindung, die niemals nachlassen sollte.<\/p>\n<blockquote>\n<p>Er war nicht nur mein Vater und mein F\u00fchrer, sondern wir waren durch ein besonderes spirituelles Band vereint.<\/p>\n<\/blockquote>\n<p>Der junge Nur Ali war fast neun Jahre alt, als er sich seinem Vater und seiner Mutter in ihrer regelm\u00e4\u00dfigen Praxis des Fastens und der Kontemplation anschloss. Das erste Mal tat er dies in der nahegelegenen Stadt Sahneh, als er zusammen mit seinen Eltern und f\u00fcnf auserw\u00e4hlten Derwischen eine 40-Tage-Periode in Fasten und Askese verbrachte. Als er nach einem Jahr wieder nach Dscheyhunabad zur\u00fcckgekehrt war, f\u00fchrte er diese \u00dcbung in einem Zeitraum von elf aufeinanderfolgenden Jahren in der Abgeschiedenheit des so genannten \u201aHauses der Askese\u2019 wiederholt fort.<\/p>\n<p>Das Haus der Askese war ein Teil des Wohnhauses von Hadj Nemat und bestand aus einigen wenigen R\u00e4umen und einem kleinen Innenhof. Dort verbrachte Ostad Elahi als Kind und Jugendlicher den gr\u00f6\u00dften Teil seiner Zeit. In Gegenwart seines Vaters, seiner Mutter und einigen auserw\u00e4hlten Derwischen widmete er sich in regelm\u00e4\u00dfigen Abst\u00e4nden von 10 bis 15 Tagen f\u00fcr jeweils 40 Tage der Askese und Klausur. W\u00e4hrend der kurzen Unterbrechungen begleitete er seinen Vater bei Pilgerfahrten zu den Grabm\u00e4lern der gro\u00dfen spirituellen Pers\u00f6nlichkeiten der Region, unternahm Ausritte oder traf sich mit Derwischen oder anderen Personen zum gemeinsamen Gebet. \u00dcber diesen Zeitabschnitt berichtet er sp\u00e4ter:<\/p>\n<blockquote>\n<p>Welch gl\u00fcckliche Zeit! Welche Atmosph\u00e4re! Wir waren st\u00e4ndig ins Gebet und in heilige Ges\u00e4nge vertieft und hatten keine Ahnung, was sich in der Welt ereignete.<\/p>\n<\/blockquote>\n<p>Nachdem er zwei Jahre lang diese Art von R\u00fcckzug praktiziert hatte, vollzog sich im Alter von elf Jahren ein Wandel in seinem Leben \u2013 den kleinen \u201aKutschek Ali\u2019 gab es von da an nicht mehr. Aufgrund eines au\u00dfergew\u00f6hnlichen spirituellen Ereignisses am Grabmal von <span class=\"fusion-popover popover-3\" data-animation=\"1\" data-class=\"popover-3\" data-container=\"popover-3\" data-content=\"Gr\u00fcnder des mystischen Ordens der Ahl-e Haqq\" data-delay=\"50\" data-placement=\"top\" data-toggle=\"popover\" data-trigger=\"click\">Soltan Sahak<\/span> widerfuhr ihm eine spirituelle Transformation \u2013 als ob der K\u00f6rper eines Kindes den Geist eines weisen Erwachsenen in sich geborgen h\u00e4tte. Sogar sein Name wurde von Fathollah (oder Kutschek Ali) zu Nur Ali (\u201aAlis Licht\u2018).<\/p>\n<\/div><div class=\"fusion-clearfix\"><\/div><\/div><\/div><\/div><\/div>\n","protected":false},"excerpt":{"rendered":"","protected":false},"author":1,"featured_media":0,"parent":2041,"menu_order":1,"comment_status":"closed","ping_status":"closed","template":"side-navigation.php","meta":{"footnotes":""},"class_list":["post-1478","page","type-page","status-publish","hentry"],"yoast_head":"<!-- This site is optimized with the Yoast SEO plugin v20.3 - https:\/\/yoast.com\/wordpress\/plugins\/seo\/ -->\n<title>Die ersten Jahre - Ostad Elahi<\/title>\n<meta name=\"robots\" content=\"index, follow, max-snippet:-1, max-image-preview:large, max-video-preview:-1\" \/>\n<link rel=\"canonical\" href=\"https:\/\/ostadelahi.com\/life\/biography\/the-early-years\/\" \/>\n<meta property=\"og:locale\" content=\"de_DE\" \/>\n<meta property=\"og:type\" content=\"article\" \/>\n<meta property=\"og:title\" content=\"Die ersten Jahre - Ostad Elahi\" \/>\n<meta property=\"og:url\" content=\"https:\/\/ostadelahi.com\/life\/biography\/the-early-years\/\" \/>\n<meta property=\"og:site_name\" content=\"Ostad Elahi\" \/>\n<meta property=\"article:modified_time\" content=\"2023-02-28T14:00:26+00:00\" \/>\n<meta name=\"twitter:card\" content=\"summary_large_image\" \/>\n<meta name=\"twitter:label1\" content=\"Gesch\u00e4tzte Lesezeit\" \/>\n\t<meta name=\"twitter:data1\" content=\"9\u00a0Minuten\" \/>\n<script type=\"application\/ld+json\" class=\"yoast-schema-graph\">{\"@context\":\"https:\/\/schema.org\",\"@graph\":[{\"@type\":\"WebPage\",\"@id\":\"https:\/\/ostadelahi.com\/life\/biography\/the-early-years\/\",\"url\":\"https:\/\/ostadelahi.com\/life\/biography\/the-early-years\/\",\"name\":\"Die ersten Jahre - Ostad Elahi\",\"isPartOf\":{\"@id\":\"https:\/\/ostadelahi.com\/#website\"},\"datePublished\":\"2013-01-21T08:25:37+00:00\",\"dateModified\":\"2023-02-28T14:00:26+00:00\",\"breadcrumb\":{\"@id\":\"https:\/\/ostadelahi.com\/life\/biography\/the-early-years\/#breadcrumb\"},\"inLanguage\":\"de\",\"potentialAction\":[{\"@type\":\"ReadAction\",\"target\":[\"https:\/\/ostadelahi.com\/life\/biography\/the-early-years\/\"]}]},{\"@type\":\"BreadcrumbList\",\"@id\":\"https:\/\/ostadelahi.com\/life\/biography\/the-early-years\/#breadcrumb\",\"itemListElement\":[{\"@type\":\"ListItem\",\"position\":1,\"name\":\"Home\",\"item\":\"https:\/\/ostadelahi.com\/de\/\"},{\"@type\":\"ListItem\",\"position\":2,\"name\":\"Leben\",\"item\":\"https:\/\/ostadelahi.com\/life\/\"},{\"@type\":\"ListItem\",\"position\":3,\"name\":\"Biografie\",\"item\":\"https:\/\/ostadelahi.com\/life\/biography\/\"},{\"@type\":\"ListItem\",\"position\":4,\"name\":\"Die ersten Jahre\"}]},{\"@type\":\"WebSite\",\"@id\":\"https:\/\/ostadelahi.com\/#website\",\"url\":\"https:\/\/ostadelahi.com\/\",\"name\":\"Ostad Elahi\",\"description\":\"The official website on the life, work, and music of Ostad Elahi (1895-1974).\",\"potentialAction\":[{\"@type\":\"SearchAction\",\"target\":{\"@type\":\"EntryPoint\",\"urlTemplate\":\"https:\/\/ostadelahi.com\/?s={search_term_string}\"},\"query-input\":\"required name=search_term_string\"}],\"inLanguage\":\"de\"}]}<\/script>\n<!-- \/ Yoast SEO plugin. -->","yoast_head_json":{"title":"Die ersten Jahre - Ostad Elahi","robots":{"index":"index","follow":"follow","max-snippet":"max-snippet:-1","max-image-preview":"max-image-preview:large","max-video-preview":"max-video-preview:-1"},"canonical":"https:\/\/ostadelahi.com\/life\/biography\/the-early-years\/","og_locale":"de_DE","og_type":"article","og_title":"Die ersten Jahre - Ostad Elahi","og_url":"https:\/\/ostadelahi.com\/life\/biography\/the-early-years\/","og_site_name":"Ostad Elahi","article_modified_time":"2023-02-28T14:00:26+00:00","twitter_card":"summary_large_image","twitter_misc":{"Gesch\u00e4tzte Lesezeit":"9\u00a0Minuten"},"schema":{"@context":"https:\/\/schema.org","@graph":[{"@type":"WebPage","@id":"https:\/\/ostadelahi.com\/life\/biography\/the-early-years\/","url":"https:\/\/ostadelahi.com\/life\/biography\/the-early-years\/","name":"Die ersten Jahre - Ostad Elahi","isPartOf":{"@id":"https:\/\/ostadelahi.com\/#website"},"datePublished":"2013-01-21T08:25:37+00:00","dateModified":"2023-02-28T14:00:26+00:00","breadcrumb":{"@id":"https:\/\/ostadelahi.com\/life\/biography\/the-early-years\/#breadcrumb"},"inLanguage":"de","potentialAction":[{"@type":"ReadAction","target":["https:\/\/ostadelahi.com\/life\/biography\/the-early-years\/"]}]},{"@type":"BreadcrumbList","@id":"https:\/\/ostadelahi.com\/life\/biography\/the-early-years\/#breadcrumb","itemListElement":[{"@type":"ListItem","position":1,"name":"Home","item":"https:\/\/ostadelahi.com\/de\/"},{"@type":"ListItem","position":2,"name":"Leben","item":"https:\/\/ostadelahi.com\/life\/"},{"@type":"ListItem","position":3,"name":"Biografie","item":"https:\/\/ostadelahi.com\/life\/biography\/"},{"@type":"ListItem","position":4,"name":"Die ersten Jahre"}]},{"@type":"WebSite","@id":"https:\/\/ostadelahi.com\/#website","url":"https:\/\/ostadelahi.com\/","name":"Ostad Elahi","description":"The official website on the life, work, and music of Ostad Elahi (1895-1974).","potentialAction":[{"@type":"SearchAction","target":{"@type":"EntryPoint","urlTemplate":"https:\/\/ostadelahi.com\/?s={search_term_string}"},"query-input":"required name=search_term_string"}],"inLanguage":"de"}]}},"_links":{"self":[{"href":"https:\/\/ostadelahi.com\/de\/wp-json\/wp\/v2\/pages\/1478","targetHints":{"allow":["GET"]}}],"collection":[{"href":"https:\/\/ostadelahi.com\/de\/wp-json\/wp\/v2\/pages"}],"about":[{"href":"https:\/\/ostadelahi.com\/de\/wp-json\/wp\/v2\/types\/page"}],"author":[{"embeddable":true,"href":"https:\/\/ostadelahi.com\/de\/wp-json\/wp\/v2\/users\/1"}],"replies":[{"embeddable":true,"href":"https:\/\/ostadelahi.com\/de\/wp-json\/wp\/v2\/comments?post=1478"}],"version-history":[{"count":7,"href":"https:\/\/ostadelahi.com\/de\/wp-json\/wp\/v2\/pages\/1478\/revisions"}],"predecessor-version":[{"id":12149,"href":"https:\/\/ostadelahi.com\/de\/wp-json\/wp\/v2\/pages\/1478\/revisions\/12149"}],"up":[{"embeddable":true,"href":"https:\/\/ostadelahi.com\/de\/wp-json\/wp\/v2\/pages\/2041"}],"wp:attachment":[{"href":"https:\/\/ostadelahi.com\/de\/wp-json\/wp\/v2\/media?parent=1478"}],"curies":[{"name":"wp","href":"https:\/\/api.w.org\/{rel}","templated":true}]}}